{"id":180124,"date":"2023-01-10T03:35:48","date_gmt":"2023-01-10T02:35:48","guid":{"rendered":"https:\/\/marktxxl.de\/markt\/produkt\/xyladecor-garden-flairs-25l-graphit-grau-holzoel-impraegnierung-metalleffektoel\/"},"modified":"2023-04-11T05:10:29","modified_gmt":"2023-04-11T03:10:29","slug":"xyladecor-garden-flairs-25l-graphit-grau-holzoel-impraegnierung-metalleffektoel","status":"publish","type":"product","link":"https:\/\/marktxxl.de\/markt\/produkt\/xyladecor-garden-flairs-25l-graphit-grau-holzoel-impraegnierung-metalleffektoel\/","title":{"rendered":"Xyladecor Garden Flairs 2,5L graphit grau Holz\u00f6l Impr\u00e4gnierung Metalleffekt\u00f6l"},"content":{"rendered":"<p>Schaffen Sie ihre eigene elegante und entspannende Gartenwohnwelt in welcher schmucklose Plastikm\u00f6bel und langweilige Holzkohlegrills keinen Platz mehr haben. Zu dieser individuellen Wohnwelt passt die neue Produktlinie GardenFlairs perfekt.<br \/>\nImpr\u00e4gnierendes Holz\u00f6l f\u00fcr eine silbergraue nat\u00fcrliche Optik. Dekorativer Metalleffekt durch spezielle Aluminium-Pigmentierung \u2013 simuliert eine nat\u00fcrlich gealterte, gleichm\u00e4\u00dfige seidig-graue Holzoptik.<br \/>\nzum Schutz, zur Auffrischung und zur farbigen Gestaltung von unbehandeltem Gartenholz wie z.B. Gartenparkett, Holzdecks, Holzterrassen, Pergolen, Sichtblenden, Z\u00e4unen, Verbretterungen, Carports, Gartenh\u00f6lzer ohne Erdkontakt, sonstige, nicht ma\u00dfhaltige Holzbauteile, au\u00dfer Gartenm\u00f6bel.<br \/>\nDie leicht zu verarbeitenden, schnell trocknenden und geruchsarmen \u00d6le dringen tief ein und sch\u00fctzen alle Holzarten im Au\u00dfenbereich wirksam vor Witterungseffekten.<br \/>\nVerbrauch: 2.5 litre reichen aus f\u00fcr ca. 15-19 m\u00b2<br \/>\n<div class=\"main-cross-sell\" data-asin=\"B07JNK7MD6\">\n\n\t<div class=\"WooZone-cross-sell-loader\">\n\t\t<div>\n\t\t\t<div id=\"floatingBarsG\">\n\t\t\t\t<div class=\"blockG\" id=\"rotateG_01\"><\/div>\n\t\t\t\t<div class=\"blockG\" id=\"rotateG_02\"><\/div>\n\t\t\t\t<div class=\"blockG\" id=\"rotateG_03\"><\/div>\n\t\t\t\t<div class=\"blockG\" id=\"rotateG_04\"><\/div>\n\t\t\t\t<div class=\"blockG\" id=\"rotateG_05\"><\/div>\n\t\t\t\t<div class=\"blockG\" id=\"rotateG_06\"><\/div>\n\t\t\t\t<div class=\"blockG\" id=\"rotateG_07\"><\/div>\n\t\t\t\t<div class=\"blockG\" id=\"rotateG_08\"><\/div>\n\t\t\t<\/div>\n\t\t\t<div class=\"WooZone-cross-sell-loader-text\"><\/div>\n\t\t<\/div>\n\t<\/div>\n\n\t\t\n<\/div>\n<div style=\"clear:both;\"><\/div><\/p>\n","protected":false},"excerpt":{"rendered":"<p>Schaffen Sie ihre eigene elegante und entspannende Gartenwohnwelt in welcher schmucklose Plastikm\u00f6bel und langweilige Holzkohlegrills keinen Platz mehr haben. Zu dieser individuellen Wohnwelt passt die neue Produktlinie GardenFlairs perfekt.<br \/>\nImpr\u00e4gnierendes Holz\u00f6l f\u00fcr eine silbergraue nat\u00fcrliche Optik. Dekorativer Metalleffekt durch spezielle Aluminium-Pigmentierung \u2013 simuliert eine nat\u00fcrlich gealterte, gleichm\u00e4\u00dfige seidig-graue Holzoptik.<br \/>\nzum Schutz, zur Auffrischung und zur farbigen Gestaltung von unbehandeltem Gartenholz wie z.B. Gartenparkett, Holzdecks, Holzterrassen, Pergolen, Sichtblenden, Z\u00e4unen, Verbretterungen, Carports, Gartenh\u00f6lzer ohne Erdkontakt, sonstige, nicht ma\u00dfhaltige Holzbauteile, au\u00dfer Gartenm\u00f6bel.<\/p>\n","protected":false},"featured_media":180125,"comment_status":"open","ping_status":"closed","template":"","meta":[],"product_brand":[],"product_cat":[1983,11212],"product_tag":[],"class_list":{"0":"post-180124","1":"product","2":"type-product","3":"status-publish","4":"has-post-thumbnail","6":"product_cat-baumarkt","7":"product_cat-malerbedarf-werkzeuge-tapeten","8":"pa_binding-werkzeug","9":"pa_brand-xyladecor","10":"pa_color-graphit-grau","11":"pa_height-8-6614-zoll","12":"pa_length-5-39369-zoll","13":"pa_manufacturer-akzo-nobel-de","14":"pa_model-47236","15":"pa_width-7-95274-zoll","17":"first","18":"instock","19":"shipping-taxable","20":"purchasable","21":"product-type-simple","22":"customify-col","23":"product-has-gallery"},"yoast_head":"<!-- This site is optimized with the Yoast SEO plugin v27.3 - https:\/\/yoast.com\/product\/yoast-seo-wordpress\/ -->\n<title>Xyladecor Garden Flairs 2,5L graphit grau Holz\u00f6l Impr\u00e4gnierung Metalleffekt\u00f6l - Markt-XXL<\/title>\n<meta name=\"description\" content=\"Markt-XXL Xyladecor Garden Flairs 2,5L graphit grau Holz\u00f6l Impr\u00e4gnierung Metalleffekt\u00f6l\" \/>\n<meta name=\"robots\" content=\"index, follow, max-snippet:-1, max-image-preview:large, max-video-preview:-1\" \/>\n<link rel=\"canonical\" href=\"https:\/\/marktxxl.de\/markt\/produkt\/xyladecor-garden-flairs-25l-graphit-grau-holzoel-impraegnierung-metalleffektoel\/\" \/>\n<meta property=\"og:locale\" content=\"de_DE\" \/>\n<meta property=\"og:type\" content=\"article\" \/>\n<meta property=\"og:title\" content=\"Xyladecor Garden Flairs 2,5L graphit grau Holz\u00f6l Impr\u00e4gnierung Metalleffekt\u00f6l - Markt-XXL\" \/>\n<meta property=\"og:description\" content=\"Markt-XXL Xyladecor Garden Flairs 2,5L graphit grau Holz\u00f6l Impr\u00e4gnierung Metalleffekt\u00f6l\" \/>\n<meta property=\"og:url\" content=\"https:\/\/marktxxl.de\/markt\/produkt\/xyladecor-garden-flairs-25l-graphit-grau-holzoel-impraegnierung-metalleffektoel\/\" \/>\n<meta property=\"og:site_name\" content=\"Markt-XXL\" \/>\n<meta property=\"article:modified_time\" content=\"2023-04-11T03:10:29+00:00\" \/>\n<meta property=\"og:image\" content=\"https:\/\/m.media-amazon.com\/images\/I\/51oxUcFWwLL._SL500_.jpg\" \/>\n\t<meta property=\"og:image:width\" content=\"500\" \/>\n\t<meta property=\"og:image:height\" content=\"500\" \/>\n\t<meta property=\"og:image:type\" content=\"image\/jpeg\" \/>\n<meta name=\"twitter:card\" content=\"summary_large_image\" \/>\n<meta name=\"twitter:label1\" content=\"Gesch\u00e4tzte Lesezeit\" \/>\n\t<meta name=\"twitter:data1\" content=\"1\u00a0Minute\" \/>\n<script type=\"application\/ld+json\" class=\"yoast-schema-graph\">{\"@context\":\"https:\\\/\\\/schema.org\",\"@graph\":[{\"@type\":\"WebPage\",\"@id\":\"https:\\\/\\\/marktxxl.de\\\/markt\\\/produkt\\\/xyladecor-garden-flairs-25l-graphit-grau-holzoel-impraegnierung-metalleffektoel\\\/\",\"url\":\"https:\\\/\\\/marktxxl.de\\\/markt\\\/produkt\\\/xyladecor-garden-flairs-25l-graphit-grau-holzoel-impraegnierung-metalleffektoel\\\/\",\"name\":\"Xyladecor Garden Flairs 2,5L graphit grau Holz\u00f6l Impr\u00e4gnierung Metalleffekt\u00f6l - Markt-XXL\",\"isPartOf\":{\"@id\":\"https:\\\/\\\/marktxxl.de\\\/markt\\\/#website\"},\"primaryImageOfPage\":{\"@id\":\"https:\\\/\\\/marktxxl.de\\\/markt\\\/produkt\\\/xyladecor-garden-flairs-25l-graphit-grau-holzoel-impraegnierung-metalleffektoel\\\/#primaryimage\"},\"image\":{\"@id\":\"https:\\\/\\\/marktxxl.de\\\/markt\\\/produkt\\\/xyladecor-garden-flairs-25l-graphit-grau-holzoel-impraegnierung-metalleffektoel\\\/#primaryimage\"},\"thumbnailUrl\":\"https:\\\/\\\/m.media-amazon.com\\\/images\\\/I\\\/51oxUcFWwLL._SL500_.jpg\",\"datePublished\":\"2023-01-10T02:35:48+00:00\",\"dateModified\":\"2023-04-11T03:10:29+00:00\",\"description\":\"Markt-XXL Xyladecor Garden Flairs 2,5L graphit grau Holz\u00f6l Impr\u00e4gnierung Metalleffekt\u00f6l\",\"breadcrumb\":{\"@id\":\"https:\\\/\\\/marktxxl.de\\\/markt\\\/produkt\\\/xyladecor-garden-flairs-25l-graphit-grau-holzoel-impraegnierung-metalleffektoel\\\/#breadcrumb\"},\"inLanguage\":\"de\",\"potentialAction\":[{\"@type\":\"ReadAction\",\"target\":[\"https:\\\/\\\/marktxxl.de\\\/markt\\\/produkt\\\/xyladecor-garden-flairs-25l-graphit-grau-holzoel-impraegnierung-metalleffektoel\\\/\"]}]},{\"@type\":\"ImageObject\",\"inLanguage\":\"de\",\"@id\":\"https:\\\/\\\/marktxxl.de\\\/markt\\\/produkt\\\/xyladecor-garden-flairs-25l-graphit-grau-holzoel-impraegnierung-metalleffektoel\\\/#primaryimage\",\"url\":\"https:\\\/\\\/m.media-amazon.com\\\/images\\\/I\\\/51oxUcFWwLL._SL500_.jpg\",\"contentUrl\":\"https:\\\/\\\/m.media-amazon.com\\\/images\\\/I\\\/51oxUcFWwLL._SL500_.jpg\",\"width\":500,\"height\":500},{\"@type\":\"BreadcrumbList\",\"@id\":\"https:\\\/\\\/marktxxl.de\\\/markt\\\/produkt\\\/xyladecor-garden-flairs-25l-graphit-grau-holzoel-impraegnierung-metalleffektoel\\\/#breadcrumb\",\"itemListElement\":[{\"@type\":\"ListItem\",\"position\":1,\"name\":\"Startseite\",\"item\":\"https:\\\/\\\/marktxxl.de\\\/markt\\\/\"},{\"@type\":\"ListItem\",\"position\":2,\"name\":\"Markt\",\"item\":\"https:\\\/\\\/marktxxl.de\\\/markt\\\/\"},{\"@type\":\"ListItem\",\"position\":3,\"name\":\"Xyladecor Garden Flairs 2,5L graphit grau Holz\u00f6l Impr\u00e4gnierung Metalleffekt\u00f6l\"}]},{\"@type\":\"WebSite\",\"@id\":\"https:\\\/\\\/marktxxl.de\\\/markt\\\/#website\",\"url\":\"https:\\\/\\\/marktxxl.de\\\/markt\\\/\",\"name\":\"Markt-XXL\",\"description\":\"Ihr Markt Online\",\"publisher\":{\"@id\":\"https:\\\/\\\/marktxxl.de\\\/markt\\\/#organization\"},\"potentialAction\":[{\"@type\":\"SearchAction\",\"target\":{\"@type\":\"EntryPoint\",\"urlTemplate\":\"https:\\\/\\\/marktxxl.de\\\/markt\\\/?s={search_term_string}\"},\"query-input\":{\"@type\":\"PropertyValueSpecification\",\"valueRequired\":true,\"valueName\":\"search_term_string\"}}],\"inLanguage\":\"de\"},{\"@type\":\"Organization\",\"@id\":\"https:\\\/\\\/marktxxl.de\\\/markt\\\/#organization\",\"name\":\"Markt-XXL\",\"url\":\"https:\\\/\\\/marktxxl.de\\\/markt\\\/\",\"logo\":{\"@type\":\"ImageObject\",\"inLanguage\":\"de\",\"@id\":\"https:\\\/\\\/marktxxl.de\\\/markt\\\/#\\\/schema\\\/logo\\\/image\\\/\",\"url\":\"https:\\\/\\\/marktxxl.de\\\/markt\\\/wp-content\\\/uploads\\\/sites\\\/3\\\/2020\\\/12\\\/logo.png\",\"contentUrl\":\"https:\\\/\\\/marktxxl.de\\\/markt\\\/wp-content\\\/uploads\\\/sites\\\/3\\\/2020\\\/12\\\/logo.png\",\"width\":200,\"height\":70,\"caption\":\"Markt-XXL\"},\"image\":{\"@id\":\"https:\\\/\\\/marktxxl.de\\\/markt\\\/#\\\/schema\\\/logo\\\/image\\\/\"}}]}<\/script>\n<!-- \/ Yoast SEO plugin. -->","yoast_head_json":{"title":"Xyladecor Garden Flairs 2,5L graphit grau Holz\u00f6l Impr\u00e4gnierung Metalleffekt\u00f6l - Markt-XXL","description":"Markt-XXL Xyladecor Garden Flairs 2,5L graphit grau Holz\u00f6l Impr\u00e4gnierung Metalleffekt\u00f6l","robots":{"index":"index","follow":"follow","max-snippet":"max-snippet:-1","max-image-preview":"max-image-preview:large","max-video-preview":"max-video-preview:-1"},"canonical":"https:\/\/marktxxl.de\/markt\/produkt\/xyladecor-garden-flairs-25l-graphit-grau-holzoel-impraegnierung-metalleffektoel\/","og_locale":"de_DE","og_type":"article","og_title":"Xyladecor Garden Flairs 2,5L graphit grau Holz\u00f6l Impr\u00e4gnierung Metalleffekt\u00f6l - Markt-XXL","og_description":"Markt-XXL Xyladecor Garden Flairs 2,5L graphit grau Holz\u00f6l Impr\u00e4gnierung Metalleffekt\u00f6l","og_url":"https:\/\/marktxxl.de\/markt\/produkt\/xyladecor-garden-flairs-25l-graphit-grau-holzoel-impraegnierung-metalleffektoel\/","og_site_name":"Markt-XXL","article_modified_time":"2023-04-11T03:10:29+00:00","og_image":[{"width":500,"height":500,"url":"https:\/\/m.media-amazon.com\/images\/I\/51oxUcFWwLL._SL500_.jpg","type":"image\/jpeg"}],"twitter_card":"summary_large_image","twitter_misc":{"Gesch\u00e4tzte Lesezeit":"1\u00a0Minute"},"schema":{"@context":"https:\/\/schema.org","@graph":[{"@type":"WebPage","@id":"https:\/\/marktxxl.de\/markt\/produkt\/xyladecor-garden-flairs-25l-graphit-grau-holzoel-impraegnierung-metalleffektoel\/","url":"https:\/\/marktxxl.de\/markt\/produkt\/xyladecor-garden-flairs-25l-graphit-grau-holzoel-impraegnierung-metalleffektoel\/","name":"Xyladecor Garden Flairs 2,5L graphit grau Holz\u00f6l Impr\u00e4gnierung Metalleffekt\u00f6l - Markt-XXL","isPartOf":{"@id":"https:\/\/marktxxl.de\/markt\/#website"},"primaryImageOfPage":{"@id":"https:\/\/marktxxl.de\/markt\/produkt\/xyladecor-garden-flairs-25l-graphit-grau-holzoel-impraegnierung-metalleffektoel\/#primaryimage"},"image":{"@id":"https:\/\/marktxxl.de\/markt\/produkt\/xyladecor-garden-flairs-25l-graphit-grau-holzoel-impraegnierung-metalleffektoel\/#primaryimage"},"thumbnailUrl":"https:\/\/m.media-amazon.com\/images\/I\/51oxUcFWwLL._SL500_.jpg","datePublished":"2023-01-10T02:35:48+00:00","dateModified":"2023-04-11T03:10:29+00:00","description":"Markt-XXL Xyladecor Garden Flairs 2,5L graphit grau Holz\u00f6l Impr\u00e4gnierung Metalleffekt\u00f6l","breadcrumb":{"@id":"https:\/\/marktxxl.de\/markt\/produkt\/xyladecor-garden-flairs-25l-graphit-grau-holzoel-impraegnierung-metalleffektoel\/#breadcrumb"},"inLanguage":"de","potentialAction":[{"@type":"ReadAction","target":["https:\/\/marktxxl.de\/markt\/produkt\/xyladecor-garden-flairs-25l-graphit-grau-holzoel-impraegnierung-metalleffektoel\/"]}]},{"@type":"ImageObject","inLanguage":"de","@id":"https:\/\/marktxxl.de\/markt\/produkt\/xyladecor-garden-flairs-25l-graphit-grau-holzoel-impraegnierung-metalleffektoel\/#primaryimage","url":"https:\/\/m.media-amazon.com\/images\/I\/51oxUcFWwLL._SL500_.jpg","contentUrl":"https:\/\/m.media-amazon.com\/images\/I\/51oxUcFWwLL._SL500_.jpg","width":500,"height":500},{"@type":"BreadcrumbList","@id":"https:\/\/marktxxl.de\/markt\/produkt\/xyladecor-garden-flairs-25l-graphit-grau-holzoel-impraegnierung-metalleffektoel\/#breadcrumb","itemListElement":[{"@type":"ListItem","position":1,"name":"Startseite","item":"https:\/\/marktxxl.de\/markt\/"},{"@type":"ListItem","position":2,"name":"Markt","item":"https:\/\/marktxxl.de\/markt\/"},{"@type":"ListItem","position":3,"name":"Xyladecor Garden Flairs 2,5L graphit grau Holz\u00f6l Impr\u00e4gnierung Metalleffekt\u00f6l"}]},{"@type":"WebSite","@id":"https:\/\/marktxxl.de\/markt\/#website","url":"https:\/\/marktxxl.de\/markt\/","name":"Markt-XXL","description":"Ihr Markt Online","publisher":{"@id":"https:\/\/marktxxl.de\/markt\/#organization"},"potentialAction":[{"@type":"SearchAction","target":{"@type":"EntryPoint","urlTemplate":"https:\/\/marktxxl.de\/markt\/?s={search_term_string}"},"query-input":{"@type":"PropertyValueSpecification","valueRequired":true,"valueName":"search_term_string"}}],"inLanguage":"de"},{"@type":"Organization","@id":"https:\/\/marktxxl.de\/markt\/#organization","name":"Markt-XXL","url":"https:\/\/marktxxl.de\/markt\/","logo":{"@type":"ImageObject","inLanguage":"de","@id":"https:\/\/marktxxl.de\/markt\/#\/schema\/logo\/image\/","url":"https:\/\/marktxxl.de\/markt\/wp-content\/uploads\/sites\/3\/2020\/12\/logo.png","contentUrl":"https:\/\/marktxxl.de\/markt\/wp-content\/uploads\/sites\/3\/2020\/12\/logo.png","width":200,"height":70,"caption":"Markt-XXL"},"image":{"@id":"https:\/\/marktxxl.de\/markt\/#\/schema\/logo\/image\/"}}]}},"_links":{"self":[{"href":"https:\/\/marktxxl.de\/markt\/wp-json\/wp\/v2\/product\/180124","targetHints":{"allow":["GET"]}}],"collection":[{"href":"https:\/\/marktxxl.de\/markt\/wp-json\/wp\/v2\/product"}],"about":[{"href":"https:\/\/marktxxl.de\/markt\/wp-json\/wp\/v2\/types\/product"}],"replies":[{"embeddable":true,"href":"https:\/\/marktxxl.de\/markt\/wp-json\/wp\/v2\/comments?post=180124"}],"wp:featuredmedia":[{"embeddable":true,"href":"https:\/\/marktxxl.de\/markt\/wp-json\/wp\/v2\/media\/180125"}],"wp:attachment":[{"href":"https:\/\/marktxxl.de\/markt\/wp-json\/wp\/v2\/media?parent=180124"}],"wp:term":[{"taxonomy":"product_brand","embeddable":true,"href":"https:\/\/marktxxl.de\/markt\/wp-json\/wp\/v2\/product_brand?post=180124"},{"taxonomy":"product_cat","embeddable":true,"href":"https:\/\/marktxxl.de\/markt\/wp-json\/wp\/v2\/product_cat?post=180124"},{"taxonomy":"product_tag","embeddable":true,"href":"https:\/\/marktxxl.de\/markt\/wp-json\/wp\/v2\/product_tag?post=180124"}],"curies":[{"name":"wp","href":"https:\/\/api.w.org\/{rel}","templated":true}]}}