{"id":180038,"date":"2023-01-10T03:01:50","date_gmt":"2023-01-10T02:01:50","guid":{"rendered":"https:\/\/marktxxl.de\/markt\/produkt\/geschenke-fuer-frauen-strickkleid-damen-damen-casual-kleid-v-ausschnitt-einfarbig-patchwork-langarm-kleid-jugendweihe-kleider-herbstkleider\/"},"modified":"2023-04-11T05:10:28","modified_gmt":"2023-04-11T03:10:28","slug":"geschenke-fuer-frauen-strickkleid-damen-damen-casual-kleid-v-ausschnitt-einfarbig-patchwork-langarm-kleid-jugendweihe-kleider-herbstkleider","status":"publish","type":"product","link":"https:\/\/marktxxl.de\/markt\/produkt\/geschenke-fuer-frauen-strickkleid-damen-damen-casual-kleid-v-ausschnitt-einfarbig-patchwork-langarm-kleid-jugendweihe-kleider-herbstkleider\/","title":{"rendered":"Sommerkleid Damen Kurz, Langarm U-Ausschnitt Wickelkleid Elegant Sexy Etuikleid Minikleid Damen, Leicht Einfarbig Casual\u2026"},"content":{"rendered":"<p>Es ist aus hochwertigen Materialien gefertigt, langlebig genug f\u00fcr. Damen Kleid sind weich und bequem, atmungsaktiv, elastisch, undurchsichtig und lassen sich nicht leicht. Verformen.einfach und gro\u00dfz\u00fcgig, locker und bequem! Dieses spezielle Design wird Ihr Herz stehlen! Schick und bequem, mit diesem erstaunlich s\u00fc\u00dfen Modell k\u00f6nnen Sie nichts falsch machen!<br \/>\nBasic f\u00fcr verschinene Gelegenheiten, wenn Sie zu Hause chillen, Einkaufen gehen, abholen, Freunden treffen, oder im B\u00fcro arbeiten, ist dieses eine gute Wahl. Der Material l\u00e4sst sich gut dehnen und bietet Ihnen einen hohen Tragekomfort. Angepasstes und dehnbares Design erm\u00f6glicht es Ihnen, sich w\u00e4hrend des Trainings leichter zu bewegen.Kann bei kaltem Wetter auch als Unterhemd verwendet werden. ich bin sicher, es wird Ihnen gefallen!<br \/>\nHochzeitskleider Gast Kleid Damen Herbst Strickkleid Damen Cocktailkleid Damen Kleider Reduziert Blazer Mit Leinenkleid Wei\u00df Fr\u00fchlingskleider 2022 Hochzeitskleid Umstandsmode Frauen R\u00f6cke Kleid Mit Taschen Maxikleid Mit Schlitz Herbst Kleider Langarm Wollrock Maxi Abendkleider Ballkleid Wei\u00df Prinzessin Kleid Damen 70Er Jahre Kleider Schwarzes Enges Kleid Satin Maxirock Kleider Midi Carmen Kleid Neo Noir Kleid Brautmutter 2022 Damen Kleider Cordrock Blau Festlicher Hosenrock<br \/>\nAbendkleid Kurz Standesamt Kleider Maxikleid Langarm T\u00fcllrock Damen Rich Royal Kleid Kleid Mit Corsage Peek Und Cloppenburg Kleider F\u00fcr Hochzeit Damenrock Knielang Wish Kleider Kleid Mit Plisseerock Midi Abendkleider Curve Kleider Frotteekleid Damen Strickkleider Herbst 2022 Langes Kleid Mit \u00c4rmel Kaftankleid Cordkleid Damen Maxikleider Blusenkleid Blau Roter Jeansrock Wei\u00dfes Kleid Herbst Vintage Schwarzer Midirock Mit Schlitz Burlesque Kleidung Strandkleid Frottee Damen Brautrock<br \/>\nSwing Kleider Plisseekleider Kleider Damen Herbst Festliches Kleid Damen Abendkleider Kurz Lederrock Vintage Kleider Damen Kleid Babybauch Shooting Etuikleid Wei\u00df Wei\u00dfes Langes Kleid Tenniskleid Wildleder Wickelkleider Damen Satin Abendkleid Festliche Kleider F\u00fcr Hochzeit Kleider F\u00fcr Geburtstag Maxi Herbstkleider Damen Hemdblusenkleid Midi Gelbes Kleid Damen T\u00fcllrock Regenbogen Langer Jeansrock Mit Schlitz Hochzeitskleid Rosa Herbstkleid Mit \u00c4rmel Hochzeitskleid Rosa Pinkkola Kleider<br \/>\n<div class=\"main-cross-sell\" data-asin=\"B0BN6JWQCR\">\n\n\t<div class=\"WooZone-cross-sell-loader\">\n\t\t<div>\n\t\t\t<div id=\"floatingBarsG\">\n\t\t\t\t<div class=\"blockG\" id=\"rotateG_01\"><\/div>\n\t\t\t\t<div class=\"blockG\" id=\"rotateG_02\"><\/div>\n\t\t\t\t<div class=\"blockG\" id=\"rotateG_03\"><\/div>\n\t\t\t\t<div class=\"blockG\" id=\"rotateG_04\"><\/div>\n\t\t\t\t<div class=\"blockG\" id=\"rotateG_05\"><\/div>\n\t\t\t\t<div class=\"blockG\" id=\"rotateG_06\"><\/div>\n\t\t\t\t<div class=\"blockG\" id=\"rotateG_07\"><\/div>\n\t\t\t\t<div class=\"blockG\" id=\"rotateG_08\"><\/div>\n\t\t\t<\/div>\n\t\t\t<div class=\"WooZone-cross-sell-loader-text\"><\/div>\n\t\t<\/div>\n\t<\/div>\n\n\t\t\n<\/div>\n<div style=\"clear:both;\"><\/div><\/p>\n","protected":false},"excerpt":{"rendered":"<p>Es ist aus hochwertigen Materialien gefertigt, langlebig genug f\u00fcr. Damen Kleid sind weich und bequem, atmungsaktiv, elastisch, undurchsichtig und lassen sich nicht leicht. Verformen.einfach und gro\u00dfz\u00fcgig, locker und bequem! Dieses spezielle Design wird Ihr Herz stehlen! Schick und bequem, mit diesem erstaunlich s\u00fc\u00dfen Modell k\u00f6nnen Sie nichts falsch machen!<br \/>\nBasic f\u00fcr verschinene Gelegenheiten, wenn Sie zu Hause chillen, Einkaufen gehen, abholen, Freunden treffen, oder im B\u00fcro arbeiten, ist dieses eine gute Wahl. Der Material l\u00e4sst sich gut dehnen und bietet Ihnen einen hohen Tragekomfort. Angepasstes und dehnbares Design erm\u00f6glicht es Ihnen, sich w\u00e4hrend des Trainings leichter zu bewegen.Kann bei kaltem Wetter auch als Unterhemd verwendet werden. ich bin sicher, es wird Ihnen gefallen!<br \/>\nHochzeitskleider Gast Kleid Damen Herbst Strickkleid Damen Cocktailkleid Damen Kleider Reduziert Blazer Mit Leinenkleid Wei\u00df Fr\u00fchlingskleider 2022 Hochzeitskleid Umstandsmode Frauen R\u00f6cke Kleid Mit Taschen Maxikleid Mit Schlitz Herbst Kleider Langarm Wollrock Maxi Abendkleider Ballkleid Wei\u00df Prinzessin Kleid Damen 70Er Jahre Kleider Schwarzes Enges Kleid Satin Maxirock Kleider Midi Carmen Kleid Neo Noir Kleid Brautmutter 2022 Damen Kleider Cordrock Blau Festlicher Hosenrock<\/p>\n","protected":false},"featured_media":180039,"comment_status":"open","ping_status":"closed","template":"","meta":[],"product_brand":[],"product_cat":[21,9478],"product_tag":[],"class_list":{"0":"post-180038","1":"product","2":"type-product","3":"status-publish","4":"has-post-thumbnail","6":"product_cat-baby","7":"product_cat-umstandskleidung-baby","8":"pa_binding-textilien","9":"pa_brand-generic","10":"pa_height-27-55905509-zoll","11":"pa_length-27-55905509-zoll","12":"pa_manufacturer-lzjds","13":"pa_model-tshirt-damen","14":"pa_weight-0-5070632026-pfund","15":"pa_width-23-62204722-zoll","17":"first","18":"instock","19":"shipping-taxable","20":"purchasable","21":"product-type-simple","22":"customify-col","23":"product-has-gallery"},"yoast_head":"<!-- This site is optimized with the Yoast SEO plugin v27.3 - https:\/\/yoast.com\/product\/yoast-seo-wordpress\/ -->\n<title>Sommerkleid Damen Kurz, Langarm U-Ausschnitt Wickelkleid Elegant Sexy Etuikleid Minikleid Damen, Leicht Einfarbig Casual\u2026 - Markt-XXL<\/title>\n<meta name=\"description\" content=\"Markt-XXL Sommerkleid Damen Kurz, Langarm U-Ausschnitt Wickelkleid Elegant Sexy Etuikleid Minikleid Damen, Leicht Einfarbig Casual\u2026\" \/>\n<meta name=\"robots\" content=\"index, follow, max-snippet:-1, max-image-preview:large, max-video-preview:-1\" \/>\n<link rel=\"canonical\" href=\"https:\/\/marktxxl.de\/markt\/produkt\/geschenke-fuer-frauen-strickkleid-damen-damen-casual-kleid-v-ausschnitt-einfarbig-patchwork-langarm-kleid-jugendweihe-kleider-herbstkleider\/\" \/>\n<meta property=\"og:locale\" content=\"de_DE\" \/>\n<meta property=\"og:type\" content=\"article\" \/>\n<meta property=\"og:title\" content=\"Sommerkleid Damen Kurz, Langarm U-Ausschnitt Wickelkleid Elegant Sexy Etuikleid Minikleid Damen, Leicht Einfarbig Casual\u2026 - Markt-XXL\" \/>\n<meta property=\"og:description\" content=\"Markt-XXL Sommerkleid Damen Kurz, Langarm U-Ausschnitt Wickelkleid Elegant Sexy Etuikleid Minikleid Damen, Leicht Einfarbig Casual\u2026\" \/>\n<meta property=\"og:url\" content=\"https:\/\/marktxxl.de\/markt\/produkt\/geschenke-fuer-frauen-strickkleid-damen-damen-casual-kleid-v-ausschnitt-einfarbig-patchwork-langarm-kleid-jugendweihe-kleider-herbstkleider\/\" \/>\n<meta property=\"og:site_name\" content=\"Markt-XXL\" \/>\n<meta property=\"article:modified_time\" content=\"2023-04-11T03:10:28+00:00\" \/>\n<meta property=\"og:image\" content=\"https:\/\/m.media-amazon.com\/images\/I\/41vdLurGZJL._SL500_.jpg\" \/>\n\t<meta property=\"og:image:width\" content=\"500\" \/>\n\t<meta property=\"og:image:height\" content=\"500\" \/>\n\t<meta property=\"og:image:type\" content=\"image\/jpeg\" \/>\n<meta name=\"twitter:card\" content=\"summary_large_image\" \/>\n<meta name=\"twitter:label1\" content=\"Gesch\u00e4tzte Lesezeit\" \/>\n\t<meta name=\"twitter:data1\" content=\"2\u00a0Minuten\" \/>\n<script type=\"application\/ld+json\" class=\"yoast-schema-graph\">{\"@context\":\"https:\\\/\\\/schema.org\",\"@graph\":[{\"@type\":\"WebPage\",\"@id\":\"https:\\\/\\\/marktxxl.de\\\/markt\\\/produkt\\\/geschenke-fuer-frauen-strickkleid-damen-damen-casual-kleid-v-ausschnitt-einfarbig-patchwork-langarm-kleid-jugendweihe-kleider-herbstkleider\\\/\",\"url\":\"https:\\\/\\\/marktxxl.de\\\/markt\\\/produkt\\\/geschenke-fuer-frauen-strickkleid-damen-damen-casual-kleid-v-ausschnitt-einfarbig-patchwork-langarm-kleid-jugendweihe-kleider-herbstkleider\\\/\",\"name\":\"Sommerkleid Damen Kurz, Langarm U-Ausschnitt Wickelkleid Elegant Sexy Etuikleid Minikleid Damen, Leicht Einfarbig Casual\u2026 - Markt-XXL\",\"isPartOf\":{\"@id\":\"https:\\\/\\\/marktxxl.de\\\/markt\\\/#website\"},\"primaryImageOfPage\":{\"@id\":\"https:\\\/\\\/marktxxl.de\\\/markt\\\/produkt\\\/geschenke-fuer-frauen-strickkleid-damen-damen-casual-kleid-v-ausschnitt-einfarbig-patchwork-langarm-kleid-jugendweihe-kleider-herbstkleider\\\/#primaryimage\"},\"image\":{\"@id\":\"https:\\\/\\\/marktxxl.de\\\/markt\\\/produkt\\\/geschenke-fuer-frauen-strickkleid-damen-damen-casual-kleid-v-ausschnitt-einfarbig-patchwork-langarm-kleid-jugendweihe-kleider-herbstkleider\\\/#primaryimage\"},\"thumbnailUrl\":\"https:\\\/\\\/m.media-amazon.com\\\/images\\\/I\\\/41vdLurGZJL._SL500_.jpg\",\"datePublished\":\"2023-01-10T02:01:50+00:00\",\"dateModified\":\"2023-04-11T03:10:28+00:00\",\"description\":\"Markt-XXL Sommerkleid Damen Kurz, Langarm U-Ausschnitt Wickelkleid Elegant Sexy Etuikleid Minikleid Damen, Leicht Einfarbig Casual\u2026\",\"breadcrumb\":{\"@id\":\"https:\\\/\\\/marktxxl.de\\\/markt\\\/produkt\\\/geschenke-fuer-frauen-strickkleid-damen-damen-casual-kleid-v-ausschnitt-einfarbig-patchwork-langarm-kleid-jugendweihe-kleider-herbstkleider\\\/#breadcrumb\"},\"inLanguage\":\"de\",\"potentialAction\":[{\"@type\":\"ReadAction\",\"target\":[\"https:\\\/\\\/marktxxl.de\\\/markt\\\/produkt\\\/geschenke-fuer-frauen-strickkleid-damen-damen-casual-kleid-v-ausschnitt-einfarbig-patchwork-langarm-kleid-jugendweihe-kleider-herbstkleider\\\/\"]}]},{\"@type\":\"ImageObject\",\"inLanguage\":\"de\",\"@id\":\"https:\\\/\\\/marktxxl.de\\\/markt\\\/produkt\\\/geschenke-fuer-frauen-strickkleid-damen-damen-casual-kleid-v-ausschnitt-einfarbig-patchwork-langarm-kleid-jugendweihe-kleider-herbstkleider\\\/#primaryimage\",\"url\":\"https:\\\/\\\/m.media-amazon.com\\\/images\\\/I\\\/41vdLurGZJL._SL500_.jpg\",\"contentUrl\":\"https:\\\/\\\/m.media-amazon.com\\\/images\\\/I\\\/41vdLurGZJL._SL500_.jpg\",\"width\":500,\"height\":500},{\"@type\":\"BreadcrumbList\",\"@id\":\"https:\\\/\\\/marktxxl.de\\\/markt\\\/produkt\\\/geschenke-fuer-frauen-strickkleid-damen-damen-casual-kleid-v-ausschnitt-einfarbig-patchwork-langarm-kleid-jugendweihe-kleider-herbstkleider\\\/#breadcrumb\",\"itemListElement\":[{\"@type\":\"ListItem\",\"position\":1,\"name\":\"Startseite\",\"item\":\"https:\\\/\\\/marktxxl.de\\\/markt\\\/\"},{\"@type\":\"ListItem\",\"position\":2,\"name\":\"Markt\",\"item\":\"https:\\\/\\\/marktxxl.de\\\/markt\\\/\"},{\"@type\":\"ListItem\",\"position\":3,\"name\":\"Sommerkleid Damen Kurz, Langarm U-Ausschnitt Wickelkleid Elegant Sexy Etuikleid Minikleid Damen, Leicht Einfarbig Casual\u2026\"}]},{\"@type\":\"WebSite\",\"@id\":\"https:\\\/\\\/marktxxl.de\\\/markt\\\/#website\",\"url\":\"https:\\\/\\\/marktxxl.de\\\/markt\\\/\",\"name\":\"Markt-XXL\",\"description\":\"Ihr Markt Online\",\"publisher\":{\"@id\":\"https:\\\/\\\/marktxxl.de\\\/markt\\\/#organization\"},\"potentialAction\":[{\"@type\":\"SearchAction\",\"target\":{\"@type\":\"EntryPoint\",\"urlTemplate\":\"https:\\\/\\\/marktxxl.de\\\/markt\\\/?s={search_term_string}\"},\"query-input\":{\"@type\":\"PropertyValueSpecification\",\"valueRequired\":true,\"valueName\":\"search_term_string\"}}],\"inLanguage\":\"de\"},{\"@type\":\"Organization\",\"@id\":\"https:\\\/\\\/marktxxl.de\\\/markt\\\/#organization\",\"name\":\"Markt-XXL\",\"url\":\"https:\\\/\\\/marktxxl.de\\\/markt\\\/\",\"logo\":{\"@type\":\"ImageObject\",\"inLanguage\":\"de\",\"@id\":\"https:\\\/\\\/marktxxl.de\\\/markt\\\/#\\\/schema\\\/logo\\\/image\\\/\",\"url\":\"https:\\\/\\\/marktxxl.de\\\/markt\\\/wp-content\\\/uploads\\\/sites\\\/3\\\/2020\\\/12\\\/logo.png\",\"contentUrl\":\"https:\\\/\\\/marktxxl.de\\\/markt\\\/wp-content\\\/uploads\\\/sites\\\/3\\\/2020\\\/12\\\/logo.png\",\"width\":200,\"height\":70,\"caption\":\"Markt-XXL\"},\"image\":{\"@id\":\"https:\\\/\\\/marktxxl.de\\\/markt\\\/#\\\/schema\\\/logo\\\/image\\\/\"}}]}<\/script>\n<!-- \/ Yoast SEO plugin. -->","yoast_head_json":{"title":"Sommerkleid Damen Kurz, Langarm U-Ausschnitt Wickelkleid Elegant Sexy Etuikleid Minikleid Damen, Leicht Einfarbig Casual\u2026 - Markt-XXL","description":"Markt-XXL Sommerkleid Damen Kurz, Langarm U-Ausschnitt Wickelkleid Elegant Sexy Etuikleid Minikleid Damen, Leicht Einfarbig Casual\u2026","robots":{"index":"index","follow":"follow","max-snippet":"max-snippet:-1","max-image-preview":"max-image-preview:large","max-video-preview":"max-video-preview:-1"},"canonical":"https:\/\/marktxxl.de\/markt\/produkt\/geschenke-fuer-frauen-strickkleid-damen-damen-casual-kleid-v-ausschnitt-einfarbig-patchwork-langarm-kleid-jugendweihe-kleider-herbstkleider\/","og_locale":"de_DE","og_type":"article","og_title":"Sommerkleid Damen Kurz, Langarm U-Ausschnitt Wickelkleid Elegant Sexy Etuikleid Minikleid Damen, Leicht Einfarbig Casual\u2026 - Markt-XXL","og_description":"Markt-XXL Sommerkleid Damen Kurz, Langarm U-Ausschnitt Wickelkleid Elegant Sexy Etuikleid Minikleid Damen, Leicht Einfarbig Casual\u2026","og_url":"https:\/\/marktxxl.de\/markt\/produkt\/geschenke-fuer-frauen-strickkleid-damen-damen-casual-kleid-v-ausschnitt-einfarbig-patchwork-langarm-kleid-jugendweihe-kleider-herbstkleider\/","og_site_name":"Markt-XXL","article_modified_time":"2023-04-11T03:10:28+00:00","og_image":[{"width":500,"height":500,"url":"https:\/\/m.media-amazon.com\/images\/I\/41vdLurGZJL._SL500_.jpg","type":"image\/jpeg"}],"twitter_card":"summary_large_image","twitter_misc":{"Gesch\u00e4tzte Lesezeit":"2\u00a0Minuten"},"schema":{"@context":"https:\/\/schema.org","@graph":[{"@type":"WebPage","@id":"https:\/\/marktxxl.de\/markt\/produkt\/geschenke-fuer-frauen-strickkleid-damen-damen-casual-kleid-v-ausschnitt-einfarbig-patchwork-langarm-kleid-jugendweihe-kleider-herbstkleider\/","url":"https:\/\/marktxxl.de\/markt\/produkt\/geschenke-fuer-frauen-strickkleid-damen-damen-casual-kleid-v-ausschnitt-einfarbig-patchwork-langarm-kleid-jugendweihe-kleider-herbstkleider\/","name":"Sommerkleid Damen Kurz, Langarm U-Ausschnitt Wickelkleid Elegant Sexy Etuikleid Minikleid Damen, Leicht Einfarbig Casual\u2026 - Markt-XXL","isPartOf":{"@id":"https:\/\/marktxxl.de\/markt\/#website"},"primaryImageOfPage":{"@id":"https:\/\/marktxxl.de\/markt\/produkt\/geschenke-fuer-frauen-strickkleid-damen-damen-casual-kleid-v-ausschnitt-einfarbig-patchwork-langarm-kleid-jugendweihe-kleider-herbstkleider\/#primaryimage"},"image":{"@id":"https:\/\/marktxxl.de\/markt\/produkt\/geschenke-fuer-frauen-strickkleid-damen-damen-casual-kleid-v-ausschnitt-einfarbig-patchwork-langarm-kleid-jugendweihe-kleider-herbstkleider\/#primaryimage"},"thumbnailUrl":"https:\/\/m.media-amazon.com\/images\/I\/41vdLurGZJL._SL500_.jpg","datePublished":"2023-01-10T02:01:50+00:00","dateModified":"2023-04-11T03:10:28+00:00","description":"Markt-XXL Sommerkleid Damen Kurz, Langarm U-Ausschnitt Wickelkleid Elegant Sexy Etuikleid Minikleid Damen, Leicht Einfarbig Casual\u2026","breadcrumb":{"@id":"https:\/\/marktxxl.de\/markt\/produkt\/geschenke-fuer-frauen-strickkleid-damen-damen-casual-kleid-v-ausschnitt-einfarbig-patchwork-langarm-kleid-jugendweihe-kleider-herbstkleider\/#breadcrumb"},"inLanguage":"de","potentialAction":[{"@type":"ReadAction","target":["https:\/\/marktxxl.de\/markt\/produkt\/geschenke-fuer-frauen-strickkleid-damen-damen-casual-kleid-v-ausschnitt-einfarbig-patchwork-langarm-kleid-jugendweihe-kleider-herbstkleider\/"]}]},{"@type":"ImageObject","inLanguage":"de","@id":"https:\/\/marktxxl.de\/markt\/produkt\/geschenke-fuer-frauen-strickkleid-damen-damen-casual-kleid-v-ausschnitt-einfarbig-patchwork-langarm-kleid-jugendweihe-kleider-herbstkleider\/#primaryimage","url":"https:\/\/m.media-amazon.com\/images\/I\/41vdLurGZJL._SL500_.jpg","contentUrl":"https:\/\/m.media-amazon.com\/images\/I\/41vdLurGZJL._SL500_.jpg","width":500,"height":500},{"@type":"BreadcrumbList","@id":"https:\/\/marktxxl.de\/markt\/produkt\/geschenke-fuer-frauen-strickkleid-damen-damen-casual-kleid-v-ausschnitt-einfarbig-patchwork-langarm-kleid-jugendweihe-kleider-herbstkleider\/#breadcrumb","itemListElement":[{"@type":"ListItem","position":1,"name":"Startseite","item":"https:\/\/marktxxl.de\/markt\/"},{"@type":"ListItem","position":2,"name":"Markt","item":"https:\/\/marktxxl.de\/markt\/"},{"@type":"ListItem","position":3,"name":"Sommerkleid Damen Kurz, Langarm U-Ausschnitt Wickelkleid Elegant Sexy Etuikleid Minikleid Damen, Leicht Einfarbig Casual\u2026"}]},{"@type":"WebSite","@id":"https:\/\/marktxxl.de\/markt\/#website","url":"https:\/\/marktxxl.de\/markt\/","name":"Markt-XXL","description":"Ihr Markt Online","publisher":{"@id":"https:\/\/marktxxl.de\/markt\/#organization"},"potentialAction":[{"@type":"SearchAction","target":{"@type":"EntryPoint","urlTemplate":"https:\/\/marktxxl.de\/markt\/?s={search_term_string}"},"query-input":{"@type":"PropertyValueSpecification","valueRequired":true,"valueName":"search_term_string"}}],"inLanguage":"de"},{"@type":"Organization","@id":"https:\/\/marktxxl.de\/markt\/#organization","name":"Markt-XXL","url":"https:\/\/marktxxl.de\/markt\/","logo":{"@type":"ImageObject","inLanguage":"de","@id":"https:\/\/marktxxl.de\/markt\/#\/schema\/logo\/image\/","url":"https:\/\/marktxxl.de\/markt\/wp-content\/uploads\/sites\/3\/2020\/12\/logo.png","contentUrl":"https:\/\/marktxxl.de\/markt\/wp-content\/uploads\/sites\/3\/2020\/12\/logo.png","width":200,"height":70,"caption":"Markt-XXL"},"image":{"@id":"https:\/\/marktxxl.de\/markt\/#\/schema\/logo\/image\/"}}]}},"_links":{"self":[{"href":"https:\/\/marktxxl.de\/markt\/wp-json\/wp\/v2\/product\/180038","targetHints":{"allow":["GET"]}}],"collection":[{"href":"https:\/\/marktxxl.de\/markt\/wp-json\/wp\/v2\/product"}],"about":[{"href":"https:\/\/marktxxl.de\/markt\/wp-json\/wp\/v2\/types\/product"}],"replies":[{"embeddable":true,"href":"https:\/\/marktxxl.de\/markt\/wp-json\/wp\/v2\/comments?post=180038"}],"wp:featuredmedia":[{"embeddable":true,"href":"https:\/\/marktxxl.de\/markt\/wp-json\/wp\/v2\/media\/180039"}],"wp:attachment":[{"href":"https:\/\/marktxxl.de\/markt\/wp-json\/wp\/v2\/media?parent=180038"}],"wp:term":[{"taxonomy":"product_brand","embeddable":true,"href":"https:\/\/marktxxl.de\/markt\/wp-json\/wp\/v2\/product_brand?post=180038"},{"taxonomy":"product_cat","embeddable":true,"href":"https:\/\/marktxxl.de\/markt\/wp-json\/wp\/v2\/product_cat?post=180038"},{"taxonomy":"product_tag","embeddable":true,"href":"https:\/\/marktxxl.de\/markt\/wp-json\/wp\/v2\/product_tag?post=180038"}],"curies":[{"name":"wp","href":"https:\/\/api.w.org\/{rel}","templated":true}]}}