{"id":180014,"date":"2023-01-10T03:01:28","date_gmt":"2023-01-10T02:01:28","guid":{"rendered":"https:\/\/marktxxl.de\/markt\/produkt\/smallshow-damen-v-ausschnitt-umstandskleidung-tops-seite-rueschen-schwangerschaft-t-shirt\/"},"modified":"2023-04-11T05:10:28","modified_gmt":"2023-04-11T03:10:28","slug":"smallshow-damen-v-ausschnitt-umstandskleidung-tops-seite-rueschen-schwangerschaft-t-shirt","status":"publish","type":"product","link":"https:\/\/marktxxl.de\/markt\/produkt\/smallshow-damen-v-ausschnitt-umstandskleidung-tops-seite-rueschen-schwangerschaft-t-shirt\/","title":{"rendered":"Smallshow Damen V-Ausschnitt Umstandskleidung Tops Seite R\u00fcschen Schwangerschaft T-Shirt"},"content":{"rendered":"<p>Hergestellt aus weichem und leichtem Viskose-Stoff, atmungsaktiv und bequem. Gr\u00f6\u00dfe passend f\u00fcr Brustumfang S (86,4\u201391,4 cm), M (94\u201399 cm), L (101,5\u2013111,5 cm), XL (107\u2013111,9 cm), XXL (114\u201319,9 cm)<br \/>\nDehnbare Seitenr\u00fcschen passen sich dem wachsenden Bauch an, bieten eine entspannte und flexible Passform, um sicherzustellen, dass Sie sich wohl f\u00fchlen.<br \/>\nKlassische Hemden mit V-Ausschnitt f\u00fcr Ihre Umstandsgarderobe. Sie werden nach diesen Umstandsshirts greifen, um Jeans, Leggings oder Shorts f\u00fcr allt\u00e4gliche Outfits zu paaren. Ob Sie es alleine tragen oder unter einer Jacke oder Pullover geschichtet, Sie erhalten die perfekte Passform.<br \/>\nDiese kurz\u00e4rmeligen Umstands-T-Shirts sind ein Muss f\u00fcr werdende M\u00fctter. Extra L\u00e4nge, um Ihren Bauch zu bedecken. Sie k\u00f6nnen sie w\u00e4hrend der Schwangerschaft und dar\u00fcber hinaus tragen.<br \/>\nWaschpflege: Maschinenw\u00e4sche kalt, im Trockner bei niedriger Temperatur trocknen, nicht bleichen, bei niedriger Temperatur b\u00fcgeln<br \/>\n<div class=\"main-cross-sell\" data-asin=\"B0861BVYP4\">\n\n\t<div class=\"WooZone-cross-sell-loader\">\n\t\t<div>\n\t\t\t<div id=\"floatingBarsG\">\n\t\t\t\t<div class=\"blockG\" id=\"rotateG_01\"><\/div>\n\t\t\t\t<div class=\"blockG\" id=\"rotateG_02\"><\/div>\n\t\t\t\t<div class=\"blockG\" id=\"rotateG_03\"><\/div>\n\t\t\t\t<div class=\"blockG\" id=\"rotateG_04\"><\/div>\n\t\t\t\t<div class=\"blockG\" id=\"rotateG_05\"><\/div>\n\t\t\t\t<div class=\"blockG\" id=\"rotateG_06\"><\/div>\n\t\t\t\t<div class=\"blockG\" id=\"rotateG_07\"><\/div>\n\t\t\t\t<div class=\"blockG\" id=\"rotateG_08\"><\/div>\n\t\t\t<\/div>\n\t\t\t<div class=\"WooZone-cross-sell-loader-text\"><\/div>\n\t\t<\/div>\n\t<\/div>\n\n\t\t\n<\/div>\n<div style=\"clear:both;\"><\/div><\/p>\n","protected":false},"excerpt":{"rendered":"<p>Hergestellt aus weichem und leichtem Viskose-Stoff, atmungsaktiv und bequem. Gr\u00f6\u00dfe passend f\u00fcr Brustumfang S (86,4\u201391,4 cm), M (94\u201399 cm), L (101,5\u2013111,5 cm), XL (107\u2013111,9 cm), XXL (114\u201319,9 cm)<br \/>\nDehnbare Seitenr\u00fcschen passen sich dem wachsenden Bauch an, bieten eine entspannte und flexible Passform, um sicherzustellen, dass Sie sich wohl f\u00fchlen.<br \/>\nKlassische Hemden mit V-Ausschnitt f\u00fcr Ihre Umstandsgarderobe. Sie werden nach diesen Umstandsshirts greifen, um Jeans, Leggings oder Shorts f\u00fcr allt\u00e4gliche Outfits zu paaren. Ob Sie es alleine tragen oder unter einer Jacke oder Pullover geschichtet, Sie erhalten die perfekte Passform.<\/p>\n","protected":false},"featured_media":180015,"comment_status":"open","ping_status":"closed","template":"","meta":[],"product_brand":[],"product_cat":[21,9478],"product_tag":[],"class_list":{"0":"post-180014","1":"product","2":"type-product","3":"status-publish","4":"has-post-thumbnail","6":"product_cat-baby","7":"product_cat-umstandskleidung-baby","8":"pa_binding-textilien","9":"pa_brand-smallshow","11":"first","12":"instock","13":"shipping-taxable","14":"purchasable","15":"product-type-simple","16":"customify-col","17":"product-has-gallery"},"yoast_head":"<!-- This site is optimized with the Yoast SEO plugin v27.4 - https:\/\/yoast.com\/product\/yoast-seo-wordpress\/ -->\n<title>Smallshow Damen V-Ausschnitt Umstandskleidung Tops Seite R\u00fcschen Schwangerschaft T-Shirt - Markt-XXL<\/title>\n<meta name=\"description\" content=\"Markt-XXL Smallshow Damen V-Ausschnitt Umstandskleidung Tops Seite R\u00fcschen Schwangerschaft T-Shirt\" \/>\n<meta name=\"robots\" content=\"index, follow, max-snippet:-1, max-image-preview:large, max-video-preview:-1\" \/>\n<link rel=\"canonical\" href=\"https:\/\/marktxxl.de\/markt\/produkt\/smallshow-damen-v-ausschnitt-umstandskleidung-tops-seite-rueschen-schwangerschaft-t-shirt\/\" \/>\n<meta property=\"og:locale\" content=\"de_DE\" \/>\n<meta property=\"og:type\" content=\"article\" \/>\n<meta property=\"og:title\" content=\"Smallshow Damen V-Ausschnitt Umstandskleidung Tops Seite R\u00fcschen Schwangerschaft T-Shirt - Markt-XXL\" \/>\n<meta property=\"og:description\" content=\"Markt-XXL Smallshow Damen V-Ausschnitt Umstandskleidung Tops Seite R\u00fcschen Schwangerschaft T-Shirt\" \/>\n<meta property=\"og:url\" content=\"https:\/\/marktxxl.de\/markt\/produkt\/smallshow-damen-v-ausschnitt-umstandskleidung-tops-seite-rueschen-schwangerschaft-t-shirt\/\" \/>\n<meta property=\"og:site_name\" content=\"Markt-XXL\" \/>\n<meta property=\"article:modified_time\" content=\"2023-04-11T03:10:28+00:00\" \/>\n<meta property=\"og:image\" content=\"https:\/\/m.media-amazon.com\/images\/I\/41W9oz+43pS._SL500_.jpg\" \/>\n\t<meta property=\"og:image:width\" content=\"500\" \/>\n\t<meta property=\"og:image:height\" content=\"474\" \/>\n\t<meta property=\"og:image:type\" content=\"image\/jpeg\" \/>\n<meta name=\"twitter:card\" content=\"summary_large_image\" \/>\n<meta name=\"twitter:label1\" content=\"Gesch\u00e4tzte Lesezeit\" \/>\n\t<meta name=\"twitter:data1\" content=\"1\u00a0Minute\" \/>\n<script type=\"application\/ld+json\" class=\"yoast-schema-graph\">{\"@context\":\"https:\\\/\\\/schema.org\",\"@graph\":[{\"@type\":\"WebPage\",\"@id\":\"https:\\\/\\\/marktxxl.de\\\/markt\\\/produkt\\\/smallshow-damen-v-ausschnitt-umstandskleidung-tops-seite-rueschen-schwangerschaft-t-shirt\\\/\",\"url\":\"https:\\\/\\\/marktxxl.de\\\/markt\\\/produkt\\\/smallshow-damen-v-ausschnitt-umstandskleidung-tops-seite-rueschen-schwangerschaft-t-shirt\\\/\",\"name\":\"Smallshow Damen V-Ausschnitt Umstandskleidung Tops Seite R\u00fcschen Schwangerschaft T-Shirt - Markt-XXL\",\"isPartOf\":{\"@id\":\"https:\\\/\\\/marktxxl.de\\\/markt\\\/#website\"},\"primaryImageOfPage\":{\"@id\":\"https:\\\/\\\/marktxxl.de\\\/markt\\\/produkt\\\/smallshow-damen-v-ausschnitt-umstandskleidung-tops-seite-rueschen-schwangerschaft-t-shirt\\\/#primaryimage\"},\"image\":{\"@id\":\"https:\\\/\\\/marktxxl.de\\\/markt\\\/produkt\\\/smallshow-damen-v-ausschnitt-umstandskleidung-tops-seite-rueschen-schwangerschaft-t-shirt\\\/#primaryimage\"},\"thumbnailUrl\":\"https:\\\/\\\/m.media-amazon.com\\\/images\\\/I\\\/41W9oz+43pS._SL500_.jpg\",\"datePublished\":\"2023-01-10T02:01:28+00:00\",\"dateModified\":\"2023-04-11T03:10:28+00:00\",\"description\":\"Markt-XXL Smallshow Damen V-Ausschnitt Umstandskleidung Tops Seite R\u00fcschen Schwangerschaft T-Shirt\",\"breadcrumb\":{\"@id\":\"https:\\\/\\\/marktxxl.de\\\/markt\\\/produkt\\\/smallshow-damen-v-ausschnitt-umstandskleidung-tops-seite-rueschen-schwangerschaft-t-shirt\\\/#breadcrumb\"},\"inLanguage\":\"de\",\"potentialAction\":[{\"@type\":\"ReadAction\",\"target\":[\"https:\\\/\\\/marktxxl.de\\\/markt\\\/produkt\\\/smallshow-damen-v-ausschnitt-umstandskleidung-tops-seite-rueschen-schwangerschaft-t-shirt\\\/\"]}]},{\"@type\":\"ImageObject\",\"inLanguage\":\"de\",\"@id\":\"https:\\\/\\\/marktxxl.de\\\/markt\\\/produkt\\\/smallshow-damen-v-ausschnitt-umstandskleidung-tops-seite-rueschen-schwangerschaft-t-shirt\\\/#primaryimage\",\"url\":\"https:\\\/\\\/m.media-amazon.com\\\/images\\\/I\\\/41W9oz+43pS._SL500_.jpg\",\"contentUrl\":\"https:\\\/\\\/m.media-amazon.com\\\/images\\\/I\\\/41W9oz+43pS._SL500_.jpg\",\"width\":500,\"height\":474},{\"@type\":\"BreadcrumbList\",\"@id\":\"https:\\\/\\\/marktxxl.de\\\/markt\\\/produkt\\\/smallshow-damen-v-ausschnitt-umstandskleidung-tops-seite-rueschen-schwangerschaft-t-shirt\\\/#breadcrumb\",\"itemListElement\":[{\"@type\":\"ListItem\",\"position\":1,\"name\":\"Startseite\",\"item\":\"https:\\\/\\\/marktxxl.de\\\/markt\\\/\"},{\"@type\":\"ListItem\",\"position\":2,\"name\":\"Markt\",\"item\":\"https:\\\/\\\/marktxxl.de\\\/markt\\\/\"},{\"@type\":\"ListItem\",\"position\":3,\"name\":\"Smallshow Damen V-Ausschnitt Umstandskleidung Tops Seite R\u00fcschen Schwangerschaft T-Shirt\"}]},{\"@type\":\"WebSite\",\"@id\":\"https:\\\/\\\/marktxxl.de\\\/markt\\\/#website\",\"url\":\"https:\\\/\\\/marktxxl.de\\\/markt\\\/\",\"name\":\"Markt-XXL\",\"description\":\"Ihr Markt Online\",\"publisher\":{\"@id\":\"https:\\\/\\\/marktxxl.de\\\/markt\\\/#organization\"},\"potentialAction\":[{\"@type\":\"SearchAction\",\"target\":{\"@type\":\"EntryPoint\",\"urlTemplate\":\"https:\\\/\\\/marktxxl.de\\\/markt\\\/?s={search_term_string}\"},\"query-input\":{\"@type\":\"PropertyValueSpecification\",\"valueRequired\":true,\"valueName\":\"search_term_string\"}}],\"inLanguage\":\"de\"},{\"@type\":\"Organization\",\"@id\":\"https:\\\/\\\/marktxxl.de\\\/markt\\\/#organization\",\"name\":\"Markt-XXL\",\"url\":\"https:\\\/\\\/marktxxl.de\\\/markt\\\/\",\"logo\":{\"@type\":\"ImageObject\",\"inLanguage\":\"de\",\"@id\":\"https:\\\/\\\/marktxxl.de\\\/markt\\\/#\\\/schema\\\/logo\\\/image\\\/\",\"url\":\"https:\\\/\\\/marktxxl.de\\\/markt\\\/wp-content\\\/uploads\\\/sites\\\/3\\\/2020\\\/12\\\/logo.png\",\"contentUrl\":\"https:\\\/\\\/marktxxl.de\\\/markt\\\/wp-content\\\/uploads\\\/sites\\\/3\\\/2020\\\/12\\\/logo.png\",\"width\":200,\"height\":70,\"caption\":\"Markt-XXL\"},\"image\":{\"@id\":\"https:\\\/\\\/marktxxl.de\\\/markt\\\/#\\\/schema\\\/logo\\\/image\\\/\"}}]}<\/script>\n<!-- \/ Yoast SEO plugin. -->","yoast_head_json":{"title":"Smallshow Damen V-Ausschnitt Umstandskleidung Tops Seite R\u00fcschen Schwangerschaft T-Shirt - Markt-XXL","description":"Markt-XXL Smallshow Damen V-Ausschnitt Umstandskleidung Tops Seite R\u00fcschen Schwangerschaft T-Shirt","robots":{"index":"index","follow":"follow","max-snippet":"max-snippet:-1","max-image-preview":"max-image-preview:large","max-video-preview":"max-video-preview:-1"},"canonical":"https:\/\/marktxxl.de\/markt\/produkt\/smallshow-damen-v-ausschnitt-umstandskleidung-tops-seite-rueschen-schwangerschaft-t-shirt\/","og_locale":"de_DE","og_type":"article","og_title":"Smallshow Damen V-Ausschnitt Umstandskleidung Tops Seite R\u00fcschen Schwangerschaft T-Shirt - Markt-XXL","og_description":"Markt-XXL Smallshow Damen V-Ausschnitt Umstandskleidung Tops Seite R\u00fcschen Schwangerschaft T-Shirt","og_url":"https:\/\/marktxxl.de\/markt\/produkt\/smallshow-damen-v-ausschnitt-umstandskleidung-tops-seite-rueschen-schwangerschaft-t-shirt\/","og_site_name":"Markt-XXL","article_modified_time":"2023-04-11T03:10:28+00:00","og_image":[{"width":500,"height":474,"url":"https:\/\/m.media-amazon.com\/images\/I\/41W9oz+43pS._SL500_.jpg","type":"image\/jpeg"}],"twitter_card":"summary_large_image","twitter_misc":{"Gesch\u00e4tzte Lesezeit":"1\u00a0Minute"},"schema":{"@context":"https:\/\/schema.org","@graph":[{"@type":"WebPage","@id":"https:\/\/marktxxl.de\/markt\/produkt\/smallshow-damen-v-ausschnitt-umstandskleidung-tops-seite-rueschen-schwangerschaft-t-shirt\/","url":"https:\/\/marktxxl.de\/markt\/produkt\/smallshow-damen-v-ausschnitt-umstandskleidung-tops-seite-rueschen-schwangerschaft-t-shirt\/","name":"Smallshow Damen V-Ausschnitt Umstandskleidung Tops Seite R\u00fcschen Schwangerschaft T-Shirt - Markt-XXL","isPartOf":{"@id":"https:\/\/marktxxl.de\/markt\/#website"},"primaryImageOfPage":{"@id":"https:\/\/marktxxl.de\/markt\/produkt\/smallshow-damen-v-ausschnitt-umstandskleidung-tops-seite-rueschen-schwangerschaft-t-shirt\/#primaryimage"},"image":{"@id":"https:\/\/marktxxl.de\/markt\/produkt\/smallshow-damen-v-ausschnitt-umstandskleidung-tops-seite-rueschen-schwangerschaft-t-shirt\/#primaryimage"},"thumbnailUrl":"https:\/\/m.media-amazon.com\/images\/I\/41W9oz+43pS._SL500_.jpg","datePublished":"2023-01-10T02:01:28+00:00","dateModified":"2023-04-11T03:10:28+00:00","description":"Markt-XXL Smallshow Damen V-Ausschnitt Umstandskleidung Tops Seite R\u00fcschen Schwangerschaft T-Shirt","breadcrumb":{"@id":"https:\/\/marktxxl.de\/markt\/produkt\/smallshow-damen-v-ausschnitt-umstandskleidung-tops-seite-rueschen-schwangerschaft-t-shirt\/#breadcrumb"},"inLanguage":"de","potentialAction":[{"@type":"ReadAction","target":["https:\/\/marktxxl.de\/markt\/produkt\/smallshow-damen-v-ausschnitt-umstandskleidung-tops-seite-rueschen-schwangerschaft-t-shirt\/"]}]},{"@type":"ImageObject","inLanguage":"de","@id":"https:\/\/marktxxl.de\/markt\/produkt\/smallshow-damen-v-ausschnitt-umstandskleidung-tops-seite-rueschen-schwangerschaft-t-shirt\/#primaryimage","url":"https:\/\/m.media-amazon.com\/images\/I\/41W9oz+43pS._SL500_.jpg","contentUrl":"https:\/\/m.media-amazon.com\/images\/I\/41W9oz+43pS._SL500_.jpg","width":500,"height":474},{"@type":"BreadcrumbList","@id":"https:\/\/marktxxl.de\/markt\/produkt\/smallshow-damen-v-ausschnitt-umstandskleidung-tops-seite-rueschen-schwangerschaft-t-shirt\/#breadcrumb","itemListElement":[{"@type":"ListItem","position":1,"name":"Startseite","item":"https:\/\/marktxxl.de\/markt\/"},{"@type":"ListItem","position":2,"name":"Markt","item":"https:\/\/marktxxl.de\/markt\/"},{"@type":"ListItem","position":3,"name":"Smallshow Damen V-Ausschnitt Umstandskleidung Tops Seite R\u00fcschen Schwangerschaft T-Shirt"}]},{"@type":"WebSite","@id":"https:\/\/marktxxl.de\/markt\/#website","url":"https:\/\/marktxxl.de\/markt\/","name":"Markt-XXL","description":"Ihr Markt Online","publisher":{"@id":"https:\/\/marktxxl.de\/markt\/#organization"},"potentialAction":[{"@type":"SearchAction","target":{"@type":"EntryPoint","urlTemplate":"https:\/\/marktxxl.de\/markt\/?s={search_term_string}"},"query-input":{"@type":"PropertyValueSpecification","valueRequired":true,"valueName":"search_term_string"}}],"inLanguage":"de"},{"@type":"Organization","@id":"https:\/\/marktxxl.de\/markt\/#organization","name":"Markt-XXL","url":"https:\/\/marktxxl.de\/markt\/","logo":{"@type":"ImageObject","inLanguage":"de","@id":"https:\/\/marktxxl.de\/markt\/#\/schema\/logo\/image\/","url":"https:\/\/marktxxl.de\/markt\/wp-content\/uploads\/sites\/3\/2020\/12\/logo.png","contentUrl":"https:\/\/marktxxl.de\/markt\/wp-content\/uploads\/sites\/3\/2020\/12\/logo.png","width":200,"height":70,"caption":"Markt-XXL"},"image":{"@id":"https:\/\/marktxxl.de\/markt\/#\/schema\/logo\/image\/"}}]}},"_links":{"self":[{"href":"https:\/\/marktxxl.de\/markt\/wp-json\/wp\/v2\/product\/180014","targetHints":{"allow":["GET"]}}],"collection":[{"href":"https:\/\/marktxxl.de\/markt\/wp-json\/wp\/v2\/product"}],"about":[{"href":"https:\/\/marktxxl.de\/markt\/wp-json\/wp\/v2\/types\/product"}],"replies":[{"embeddable":true,"href":"https:\/\/marktxxl.de\/markt\/wp-json\/wp\/v2\/comments?post=180014"}],"wp:featuredmedia":[{"embeddable":true,"href":"https:\/\/marktxxl.de\/markt\/wp-json\/wp\/v2\/media\/180015"}],"wp:attachment":[{"href":"https:\/\/marktxxl.de\/markt\/wp-json\/wp\/v2\/media?parent=180014"}],"wp:term":[{"taxonomy":"product_brand","embeddable":true,"href":"https:\/\/marktxxl.de\/markt\/wp-json\/wp\/v2\/product_brand?post=180014"},{"taxonomy":"product_cat","embeddable":true,"href":"https:\/\/marktxxl.de\/markt\/wp-json\/wp\/v2\/product_cat?post=180014"},{"taxonomy":"product_tag","embeddable":true,"href":"https:\/\/marktxxl.de\/markt\/wp-json\/wp\/v2\/product_tag?post=180014"}],"curies":[{"name":"wp","href":"https:\/\/api.w.org\/{rel}","templated":true}]}}