{"id":179999,"date":"2023-01-10T03:01:12","date_gmt":"2023-01-10T02:01:12","guid":{"rendered":"https:\/\/marktxxl.de\/markt\/produkt\/generic-lzjds-winterjacke-damen-mantel-jacke-mode-einfarbige-tasche-langarm-revers-wolle-lange-mantel\/"},"modified":"2023-04-11T05:10:27","modified_gmt":"2023-04-11T03:10:27","slug":"generic-lzjds-winterjacke-damen-mantel-jacke-mode-einfarbige-tasche-langarm-revers-wolle-lange-mantel","status":"publish","type":"product","link":"https:\/\/marktxxl.de\/markt\/produkt\/generic-lzjds-winterjacke-damen-mantel-jacke-mode-einfarbige-tasche-langarm-revers-wolle-lange-mantel\/","title":{"rendered":"Lzjds Winterjacke Damen Mantel Jacke Mode Einfarbige Tasche Langarm Revers Wolle Lange Mantel"},"content":{"rendered":"<p>Es ist aus hochwertigen Materialien gefertigt, langlebig genug f\u00fcr. DamenM\u00e4ntel sind weich und bequem, atmungsaktiv, elastisch, undurchsichtig und lassen sich nicht leicht. Verformen.einfach und gro\u00dfz\u00fcgig, locker und bequem! Dieses spezielle Design wird Ihr Herz stehlen! Schick und bequem, mit diesem erstaunlich s\u00fc\u00dfen Modell k\u00f6nnen Sie nichts falsch machen!<br \/>\nBasic f\u00fcr verschinene Gelegenheiten, wenn Sie zu Hause chillen, Einkaufen gehen, abholen, Freunden treffen, oder im B\u00fcro arbeiten, ist dieses eine gute Wahl. Der Material l\u00e4sst sich gut dehnen und bietet Ihnen einen hohen Tragekomfort. Angepasstes und dehnbares Design erm\u00f6glicht es Ihnen, sich w\u00e4hrend des Trainings leichter zu bewegen.Kann bei kaltem Wetter auch als Unterhemd verwendet werden. ich bin sicher, es wird Ihnen gefallen!<br \/>\nBlazer Damen Umstandsjacke Winter Protest Skijacke Reitjacke Damen Leichte Steppjacke Damen Parka Winter Damen Vintage Mantel Daunenmantel Damen Leicht Mango Strickjacke Lange Daunenm\u00e4ntel Damen Bonprix Winterjacken Daunenmantel Tailliert Warme Daunenjacke Damen Pelzweste Damen Bolero Kurzarm Damen Oversize Steppmantel Webpelzjacke Westen Leichte Steppweste Damen Jacken F\u00fcr Frauen Jacken Damen Wetterfest Matschkleidung Damen Jacken Xxxl Blazer Mid Blazer Kleid Damen<br \/>\nDaunenwesten Damen Weste Damen Wear Winterjacke Er Mantel Damen Strickjacke Damen Sch\u00f6ne Jacken Leichter Wasserdichter Regenjacken Regenjacken Wasserdicht Damen Fell Jacke Damen Strickjacken Damen Mantel Winddicht Wasserdicht Atmungsaktiv Teddy Winterjacke Damen Pufferjacke Mit Kapuze Wollwalk Jacke Sch\u00f6ne Winterjacken Damen Blazer Champagner Fahrradjacke Regenjacke Wandern Regenkleider Damen Strickjacke Zum Binden E Jacken Sleeve Blazer Jacken S Damen Blazer Herbst<br \/>\nOutdoor Jacken Damen Hardshelljacke Damen Teddyjacke Shirtjacke Damen Steppmantel Oliv Regenjacke Damen Leicht Arbeitsjacke Damen Regenjacke 92 Reitweste Damen Wollstrickjacken Gute Winterjacken Sehr Warmer Wintermantel Damen Parka Oliv Damen Winterm\u00e4ntel Damen Mantel Damen Braun Pullover &amp; Strickjacken F\u00e3\u00bcR Damen Trainingsjacke Damen Hemdjacke Kariert Damen Steppm\u00e4ntel Damen Gr\u00fcn Winddichte Jacke Norway Jacken Damen Military M\u00e4ntel Damen Wind Jacken Sweet Jacken Damen<br \/>\n<div class=\"main-cross-sell\" data-asin=\"B0BKVSDYF4\">\n\n\t<div class=\"WooZone-cross-sell-loader\">\n\t\t<div>\n\t\t\t<div id=\"floatingBarsG\">\n\t\t\t\t<div class=\"blockG\" id=\"rotateG_01\"><\/div>\n\t\t\t\t<div class=\"blockG\" id=\"rotateG_02\"><\/div>\n\t\t\t\t<div class=\"blockG\" id=\"rotateG_03\"><\/div>\n\t\t\t\t<div class=\"blockG\" id=\"rotateG_04\"><\/div>\n\t\t\t\t<div class=\"blockG\" id=\"rotateG_05\"><\/div>\n\t\t\t\t<div class=\"blockG\" id=\"rotateG_06\"><\/div>\n\t\t\t\t<div class=\"blockG\" id=\"rotateG_07\"><\/div>\n\t\t\t\t<div class=\"blockG\" id=\"rotateG_08\"><\/div>\n\t\t\t<\/div>\n\t\t\t<div class=\"WooZone-cross-sell-loader-text\"><\/div>\n\t\t<\/div>\n\t<\/div>\n\n\t\t\n<\/div>\n<div style=\"clear:both;\"><\/div><\/p>\n","protected":false},"excerpt":{"rendered":"<p>Es ist aus hochwertigen Materialien gefertigt, langlebig genug f\u00fcr. DamenM\u00e4ntel sind weich und bequem, atmungsaktiv, elastisch, undurchsichtig und lassen sich nicht leicht. Verformen.einfach und gro\u00dfz\u00fcgig, locker und bequem! Dieses spezielle Design wird Ihr Herz stehlen! Schick und bequem, mit diesem erstaunlich s\u00fc\u00dfen Modell k\u00f6nnen Sie nichts falsch machen!<br \/>\nBasic f\u00fcr verschinene Gelegenheiten, wenn Sie zu Hause chillen, Einkaufen gehen, abholen, Freunden treffen, oder im B\u00fcro arbeiten, ist dieses eine gute Wahl. Der Material l\u00e4sst sich gut dehnen und bietet Ihnen einen hohen Tragekomfort. Angepasstes und dehnbares Design erm\u00f6glicht es Ihnen, sich w\u00e4hrend des Trainings leichter zu bewegen.Kann bei kaltem Wetter auch als Unterhemd verwendet werden. ich bin sicher, es wird Ihnen gefallen!<br \/>\nBlazer Damen Umstandsjacke Winter Protest Skijacke Reitjacke Damen Leichte Steppjacke Damen Parka Winter Damen Vintage Mantel Daunenmantel Damen Leicht Mango Strickjacke Lange Daunenm\u00e4ntel Damen Bonprix Winterjacken Daunenmantel Tailliert Warme Daunenjacke Damen Pelzweste Damen Bolero Kurzarm Damen Oversize Steppmantel Webpelzjacke Westen Leichte Steppweste Damen Jacken F\u00fcr Frauen Jacken Damen Wetterfest Matschkleidung Damen Jacken Xxxl Blazer Mid Blazer Kleid Damen<\/p>\n","protected":false},"featured_media":180000,"comment_status":"open","ping_status":"closed","template":"","meta":[],"product_brand":[],"product_cat":[21,9478],"product_tag":[],"class_list":{"0":"post-179999","1":"product","2":"type-product","3":"status-publish","4":"has-post-thumbnail","6":"product_cat-baby","7":"product_cat-umstandskleidung-baby","8":"pa_brand-generic","9":"pa_height-27-55905509-zoll","10":"pa_length-27-55905509-zoll","11":"pa_manufacturer-lzjds","12":"pa_model-t-shirts-far-damen","13":"pa_weight-0-5070632026-pfund","14":"pa_width-23-62204722-zoll","16":"first","17":"instock","18":"shipping-taxable","19":"purchasable","20":"product-type-simple","21":"customify-col","22":"product-has-gallery"},"yoast_head":"<!-- This site is optimized with the Yoast SEO plugin v27.4 - https:\/\/yoast.com\/product\/yoast-seo-wordpress\/ -->\n<title>Lzjds Winterjacke Damen Mantel Jacke Mode Einfarbige Tasche Langarm Revers Wolle Lange Mantel - Markt-XXL<\/title>\n<meta name=\"description\" content=\"Markt-XXL Lzjds Winterjacke Damen Mantel Jacke Mode Einfarbige Tasche Langarm Revers Wolle Lange Mantel\" \/>\n<meta name=\"robots\" content=\"index, follow, max-snippet:-1, max-image-preview:large, max-video-preview:-1\" \/>\n<link rel=\"canonical\" href=\"https:\/\/marktxxl.de\/markt\/produkt\/generic-lzjds-winterjacke-damen-mantel-jacke-mode-einfarbige-tasche-langarm-revers-wolle-lange-mantel\/\" \/>\n<meta property=\"og:locale\" content=\"de_DE\" \/>\n<meta property=\"og:type\" content=\"article\" \/>\n<meta property=\"og:title\" content=\"Lzjds Winterjacke Damen Mantel Jacke Mode Einfarbige Tasche Langarm Revers Wolle Lange Mantel - Markt-XXL\" \/>\n<meta property=\"og:description\" content=\"Markt-XXL Lzjds Winterjacke Damen Mantel Jacke Mode Einfarbige Tasche Langarm Revers Wolle Lange Mantel\" \/>\n<meta property=\"og:url\" content=\"https:\/\/marktxxl.de\/markt\/produkt\/generic-lzjds-winterjacke-damen-mantel-jacke-mode-einfarbige-tasche-langarm-revers-wolle-lange-mantel\/\" \/>\n<meta property=\"og:site_name\" content=\"Markt-XXL\" \/>\n<meta property=\"article:modified_time\" content=\"2023-04-11T03:10:27+00:00\" \/>\n<meta property=\"og:image\" content=\"https:\/\/m.media-amazon.com\/images\/I\/31aN3lA1cHL._SL500_.jpg\" \/>\n\t<meta property=\"og:image:width\" content=\"500\" \/>\n\t<meta property=\"og:image:height\" content=\"500\" \/>\n\t<meta property=\"og:image:type\" content=\"image\/jpeg\" \/>\n<meta name=\"twitter:card\" content=\"summary_large_image\" \/>\n<meta name=\"twitter:label1\" content=\"Gesch\u00e4tzte Lesezeit\" \/>\n\t<meta name=\"twitter:data1\" content=\"2\u00a0Minuten\" \/>\n<script type=\"application\/ld+json\" class=\"yoast-schema-graph\">{\"@context\":\"https:\\\/\\\/schema.org\",\"@graph\":[{\"@type\":\"WebPage\",\"@id\":\"https:\\\/\\\/marktxxl.de\\\/markt\\\/produkt\\\/generic-lzjds-winterjacke-damen-mantel-jacke-mode-einfarbige-tasche-langarm-revers-wolle-lange-mantel\\\/\",\"url\":\"https:\\\/\\\/marktxxl.de\\\/markt\\\/produkt\\\/generic-lzjds-winterjacke-damen-mantel-jacke-mode-einfarbige-tasche-langarm-revers-wolle-lange-mantel\\\/\",\"name\":\"Lzjds Winterjacke Damen Mantel Jacke Mode Einfarbige Tasche Langarm Revers Wolle Lange Mantel - Markt-XXL\",\"isPartOf\":{\"@id\":\"https:\\\/\\\/marktxxl.de\\\/markt\\\/#website\"},\"primaryImageOfPage\":{\"@id\":\"https:\\\/\\\/marktxxl.de\\\/markt\\\/produkt\\\/generic-lzjds-winterjacke-damen-mantel-jacke-mode-einfarbige-tasche-langarm-revers-wolle-lange-mantel\\\/#primaryimage\"},\"image\":{\"@id\":\"https:\\\/\\\/marktxxl.de\\\/markt\\\/produkt\\\/generic-lzjds-winterjacke-damen-mantel-jacke-mode-einfarbige-tasche-langarm-revers-wolle-lange-mantel\\\/#primaryimage\"},\"thumbnailUrl\":\"https:\\\/\\\/m.media-amazon.com\\\/images\\\/I\\\/31aN3lA1cHL._SL500_.jpg\",\"datePublished\":\"2023-01-10T02:01:12+00:00\",\"dateModified\":\"2023-04-11T03:10:27+00:00\",\"description\":\"Markt-XXL Lzjds Winterjacke Damen Mantel Jacke Mode Einfarbige Tasche Langarm Revers Wolle Lange Mantel\",\"breadcrumb\":{\"@id\":\"https:\\\/\\\/marktxxl.de\\\/markt\\\/produkt\\\/generic-lzjds-winterjacke-damen-mantel-jacke-mode-einfarbige-tasche-langarm-revers-wolle-lange-mantel\\\/#breadcrumb\"},\"inLanguage\":\"de\",\"potentialAction\":[{\"@type\":\"ReadAction\",\"target\":[\"https:\\\/\\\/marktxxl.de\\\/markt\\\/produkt\\\/generic-lzjds-winterjacke-damen-mantel-jacke-mode-einfarbige-tasche-langarm-revers-wolle-lange-mantel\\\/\"]}]},{\"@type\":\"ImageObject\",\"inLanguage\":\"de\",\"@id\":\"https:\\\/\\\/marktxxl.de\\\/markt\\\/produkt\\\/generic-lzjds-winterjacke-damen-mantel-jacke-mode-einfarbige-tasche-langarm-revers-wolle-lange-mantel\\\/#primaryimage\",\"url\":\"https:\\\/\\\/m.media-amazon.com\\\/images\\\/I\\\/31aN3lA1cHL._SL500_.jpg\",\"contentUrl\":\"https:\\\/\\\/m.media-amazon.com\\\/images\\\/I\\\/31aN3lA1cHL._SL500_.jpg\",\"width\":500,\"height\":500},{\"@type\":\"BreadcrumbList\",\"@id\":\"https:\\\/\\\/marktxxl.de\\\/markt\\\/produkt\\\/generic-lzjds-winterjacke-damen-mantel-jacke-mode-einfarbige-tasche-langarm-revers-wolle-lange-mantel\\\/#breadcrumb\",\"itemListElement\":[{\"@type\":\"ListItem\",\"position\":1,\"name\":\"Startseite\",\"item\":\"https:\\\/\\\/marktxxl.de\\\/markt\\\/\"},{\"@type\":\"ListItem\",\"position\":2,\"name\":\"Markt\",\"item\":\"https:\\\/\\\/marktxxl.de\\\/markt\\\/\"},{\"@type\":\"ListItem\",\"position\":3,\"name\":\"Lzjds Winterjacke Damen Mantel Jacke Mode Einfarbige Tasche Langarm Revers Wolle Lange Mantel\"}]},{\"@type\":\"WebSite\",\"@id\":\"https:\\\/\\\/marktxxl.de\\\/markt\\\/#website\",\"url\":\"https:\\\/\\\/marktxxl.de\\\/markt\\\/\",\"name\":\"Markt-XXL\",\"description\":\"Ihr Markt Online\",\"publisher\":{\"@id\":\"https:\\\/\\\/marktxxl.de\\\/markt\\\/#organization\"},\"potentialAction\":[{\"@type\":\"SearchAction\",\"target\":{\"@type\":\"EntryPoint\",\"urlTemplate\":\"https:\\\/\\\/marktxxl.de\\\/markt\\\/?s={search_term_string}\"},\"query-input\":{\"@type\":\"PropertyValueSpecification\",\"valueRequired\":true,\"valueName\":\"search_term_string\"}}],\"inLanguage\":\"de\"},{\"@type\":\"Organization\",\"@id\":\"https:\\\/\\\/marktxxl.de\\\/markt\\\/#organization\",\"name\":\"Markt-XXL\",\"url\":\"https:\\\/\\\/marktxxl.de\\\/markt\\\/\",\"logo\":{\"@type\":\"ImageObject\",\"inLanguage\":\"de\",\"@id\":\"https:\\\/\\\/marktxxl.de\\\/markt\\\/#\\\/schema\\\/logo\\\/image\\\/\",\"url\":\"https:\\\/\\\/marktxxl.de\\\/markt\\\/wp-content\\\/uploads\\\/sites\\\/3\\\/2020\\\/12\\\/logo.png\",\"contentUrl\":\"https:\\\/\\\/marktxxl.de\\\/markt\\\/wp-content\\\/uploads\\\/sites\\\/3\\\/2020\\\/12\\\/logo.png\",\"width\":200,\"height\":70,\"caption\":\"Markt-XXL\"},\"image\":{\"@id\":\"https:\\\/\\\/marktxxl.de\\\/markt\\\/#\\\/schema\\\/logo\\\/image\\\/\"}}]}<\/script>\n<!-- \/ Yoast SEO plugin. -->","yoast_head_json":{"title":"Lzjds Winterjacke Damen Mantel Jacke Mode Einfarbige Tasche Langarm Revers Wolle Lange Mantel - Markt-XXL","description":"Markt-XXL Lzjds Winterjacke Damen Mantel Jacke Mode Einfarbige Tasche Langarm Revers Wolle Lange Mantel","robots":{"index":"index","follow":"follow","max-snippet":"max-snippet:-1","max-image-preview":"max-image-preview:large","max-video-preview":"max-video-preview:-1"},"canonical":"https:\/\/marktxxl.de\/markt\/produkt\/generic-lzjds-winterjacke-damen-mantel-jacke-mode-einfarbige-tasche-langarm-revers-wolle-lange-mantel\/","og_locale":"de_DE","og_type":"article","og_title":"Lzjds Winterjacke Damen Mantel Jacke Mode Einfarbige Tasche Langarm Revers Wolle Lange Mantel - Markt-XXL","og_description":"Markt-XXL Lzjds Winterjacke Damen Mantel Jacke Mode Einfarbige Tasche Langarm Revers Wolle Lange Mantel","og_url":"https:\/\/marktxxl.de\/markt\/produkt\/generic-lzjds-winterjacke-damen-mantel-jacke-mode-einfarbige-tasche-langarm-revers-wolle-lange-mantel\/","og_site_name":"Markt-XXL","article_modified_time":"2023-04-11T03:10:27+00:00","og_image":[{"width":500,"height":500,"url":"https:\/\/m.media-amazon.com\/images\/I\/31aN3lA1cHL._SL500_.jpg","type":"image\/jpeg"}],"twitter_card":"summary_large_image","twitter_misc":{"Gesch\u00e4tzte Lesezeit":"2\u00a0Minuten"},"schema":{"@context":"https:\/\/schema.org","@graph":[{"@type":"WebPage","@id":"https:\/\/marktxxl.de\/markt\/produkt\/generic-lzjds-winterjacke-damen-mantel-jacke-mode-einfarbige-tasche-langarm-revers-wolle-lange-mantel\/","url":"https:\/\/marktxxl.de\/markt\/produkt\/generic-lzjds-winterjacke-damen-mantel-jacke-mode-einfarbige-tasche-langarm-revers-wolle-lange-mantel\/","name":"Lzjds Winterjacke Damen Mantel Jacke Mode Einfarbige Tasche Langarm Revers Wolle Lange Mantel - Markt-XXL","isPartOf":{"@id":"https:\/\/marktxxl.de\/markt\/#website"},"primaryImageOfPage":{"@id":"https:\/\/marktxxl.de\/markt\/produkt\/generic-lzjds-winterjacke-damen-mantel-jacke-mode-einfarbige-tasche-langarm-revers-wolle-lange-mantel\/#primaryimage"},"image":{"@id":"https:\/\/marktxxl.de\/markt\/produkt\/generic-lzjds-winterjacke-damen-mantel-jacke-mode-einfarbige-tasche-langarm-revers-wolle-lange-mantel\/#primaryimage"},"thumbnailUrl":"https:\/\/m.media-amazon.com\/images\/I\/31aN3lA1cHL._SL500_.jpg","datePublished":"2023-01-10T02:01:12+00:00","dateModified":"2023-04-11T03:10:27+00:00","description":"Markt-XXL Lzjds Winterjacke Damen Mantel Jacke Mode Einfarbige Tasche Langarm Revers Wolle Lange Mantel","breadcrumb":{"@id":"https:\/\/marktxxl.de\/markt\/produkt\/generic-lzjds-winterjacke-damen-mantel-jacke-mode-einfarbige-tasche-langarm-revers-wolle-lange-mantel\/#breadcrumb"},"inLanguage":"de","potentialAction":[{"@type":"ReadAction","target":["https:\/\/marktxxl.de\/markt\/produkt\/generic-lzjds-winterjacke-damen-mantel-jacke-mode-einfarbige-tasche-langarm-revers-wolle-lange-mantel\/"]}]},{"@type":"ImageObject","inLanguage":"de","@id":"https:\/\/marktxxl.de\/markt\/produkt\/generic-lzjds-winterjacke-damen-mantel-jacke-mode-einfarbige-tasche-langarm-revers-wolle-lange-mantel\/#primaryimage","url":"https:\/\/m.media-amazon.com\/images\/I\/31aN3lA1cHL._SL500_.jpg","contentUrl":"https:\/\/m.media-amazon.com\/images\/I\/31aN3lA1cHL._SL500_.jpg","width":500,"height":500},{"@type":"BreadcrumbList","@id":"https:\/\/marktxxl.de\/markt\/produkt\/generic-lzjds-winterjacke-damen-mantel-jacke-mode-einfarbige-tasche-langarm-revers-wolle-lange-mantel\/#breadcrumb","itemListElement":[{"@type":"ListItem","position":1,"name":"Startseite","item":"https:\/\/marktxxl.de\/markt\/"},{"@type":"ListItem","position":2,"name":"Markt","item":"https:\/\/marktxxl.de\/markt\/"},{"@type":"ListItem","position":3,"name":"Lzjds Winterjacke Damen Mantel Jacke Mode Einfarbige Tasche Langarm Revers Wolle Lange Mantel"}]},{"@type":"WebSite","@id":"https:\/\/marktxxl.de\/markt\/#website","url":"https:\/\/marktxxl.de\/markt\/","name":"Markt-XXL","description":"Ihr Markt Online","publisher":{"@id":"https:\/\/marktxxl.de\/markt\/#organization"},"potentialAction":[{"@type":"SearchAction","target":{"@type":"EntryPoint","urlTemplate":"https:\/\/marktxxl.de\/markt\/?s={search_term_string}"},"query-input":{"@type":"PropertyValueSpecification","valueRequired":true,"valueName":"search_term_string"}}],"inLanguage":"de"},{"@type":"Organization","@id":"https:\/\/marktxxl.de\/markt\/#organization","name":"Markt-XXL","url":"https:\/\/marktxxl.de\/markt\/","logo":{"@type":"ImageObject","inLanguage":"de","@id":"https:\/\/marktxxl.de\/markt\/#\/schema\/logo\/image\/","url":"https:\/\/marktxxl.de\/markt\/wp-content\/uploads\/sites\/3\/2020\/12\/logo.png","contentUrl":"https:\/\/marktxxl.de\/markt\/wp-content\/uploads\/sites\/3\/2020\/12\/logo.png","width":200,"height":70,"caption":"Markt-XXL"},"image":{"@id":"https:\/\/marktxxl.de\/markt\/#\/schema\/logo\/image\/"}}]}},"_links":{"self":[{"href":"https:\/\/marktxxl.de\/markt\/wp-json\/wp\/v2\/product\/179999","targetHints":{"allow":["GET"]}}],"collection":[{"href":"https:\/\/marktxxl.de\/markt\/wp-json\/wp\/v2\/product"}],"about":[{"href":"https:\/\/marktxxl.de\/markt\/wp-json\/wp\/v2\/types\/product"}],"replies":[{"embeddable":true,"href":"https:\/\/marktxxl.de\/markt\/wp-json\/wp\/v2\/comments?post=179999"}],"wp:featuredmedia":[{"embeddable":true,"href":"https:\/\/marktxxl.de\/markt\/wp-json\/wp\/v2\/media\/180000"}],"wp:attachment":[{"href":"https:\/\/marktxxl.de\/markt\/wp-json\/wp\/v2\/media?parent=179999"}],"wp:term":[{"taxonomy":"product_brand","embeddable":true,"href":"https:\/\/marktxxl.de\/markt\/wp-json\/wp\/v2\/product_brand?post=179999"},{"taxonomy":"product_cat","embeddable":true,"href":"https:\/\/marktxxl.de\/markt\/wp-json\/wp\/v2\/product_cat?post=179999"},{"taxonomy":"product_tag","embeddable":true,"href":"https:\/\/marktxxl.de\/markt\/wp-json\/wp\/v2\/product_tag?post=179999"}],"curies":[{"name":"wp","href":"https:\/\/api.w.org\/{rel}","templated":true}]}}