{"id":179882,"date":"2023-01-10T02:26:23","date_gmt":"2023-01-10T01:26:23","guid":{"rendered":"https:\/\/marktxxl.de\/markt\/produkt\/falke-damen-wandersocken-tk2-explore-short-cool-funktionsgarn-1-paar-blau-marine-6120\/"},"modified":"2023-04-11T05:10:25","modified_gmt":"2023-04-11T03:10:25","slug":"falke-damen-wandersocken-tk2-explore-short-cool-funktionsgarn-1-paar-blau-marine-6120","status":"publish","type":"product","link":"https:\/\/marktxxl.de\/markt\/produkt\/falke-damen-wandersocken-tk2-explore-short-cool-funktionsgarn-1-paar-blau-marine-6120\/","title":{"rendered":"FALKE Damen TK2 Explore Short Cool Wandersocken Funktionsgarn Schwarz Blau weitere Farben Verst\u00e4rkte Trekkingsocken\u2026"},"content":{"rendered":"<p>FALKE TK2 Explore Short Cool Damen Wandersocken aus weichem Material ohne Wolle sorgen f\u00fcr ein angenehmes Gef\u00fchl beim Wandern. Kurze Thermosocken mit mittlerer Polsterung, atmungsaktiv, antiblasen, verst\u00e4rkt und hochwertig. Die Socken sind f\u00fcr jeden Wanderschuh geeignet und halten den Fu\u00df warm und trocken. Die kurzen Allrounder Trekkingsocken mit Bund aus Gummi sind f\u00fcr ausgiebige Bergtouren und f\u00fcr lange Wanderungen in leichtem Gel\u00e4nde geeignet.<br \/>\nVegane Outdoorsocken mit linker und rechter Passform abgestimmt auf die Anatomie der F\u00fc\u00dfe eignen sich zum Wandern, Trekking, Walken, Outdoor Sport, f\u00fcr die Arbeit, im Wald und bei der Gartenarbeit. Die Wanderstr\u00fcmpfe bieten einen ausgewogenen Schuhkontakt beim Wandern. K\u00fchlende Socken mit mittelstarker D\u00e4mpfung sch\u00fctzen ihre F\u00fc\u00dfe vor Blasen dank dauerhafter Polsterung an Sohle, Achillessehne und Ferse. Die idealen Bergsocken f\u00fcr Damen, M\u00e4dchen und Teenager in Sommer und Winter.<br \/>\nUmweltfreundlich und nachhaltig durch Lyocell: Das formstabile und reibungsresistente Material zeichnet sich durch lange Haltbarkeit aus. Verarbeitung von hochwertigstem Lyocell, wovon alle Bestandteile und zur Herstellung ben\u00f6tigten Mittel biologisch abbaubar sind. Kurz und fusselfrei. Die FALKE Wandersocken mit Polsterung und D\u00e4mpfung f\u00fcr Frauen sorgen f\u00fcr einen sicheren Tritt bei Ihrer n\u00e4chsten Wanderung. Die Passform und Farbe der Bergsocken bleiben auch nach mehrmaligen Waschen erhalten. Diese Damensocken sind bei 30\u00b0C im Wollwaschgang zu waschen.<br \/>\nGeschlechtsspezifische Proportionen und Passform durch spezielle Strickverfahren und Zylinder; Fu\u00dfspitze und Fu\u00dfbett sind an die anatomischen Unterschiede von R\/L Fu\u00df angepasst. Diese Innovation garantiert einen optimalen, faltenfreien Sitz mit hohem Tragekomfort, sch\u00fctzt vor Druckstellen und erh\u00f6ht die Haltbarkeit der Str\u00fcmpfe<br \/>\nModellnummer FALKE Damen TK2 Explore Short Cool Trekkingsocken: 16155; Gr\u00f6\u00dfen: 35-36, 37-38, 39-40, 41-42<br \/>\nEinzigartige FALKE-Qualit\u00e4t und umweltfreundliche Verpackung ohne Plastikhaken: Wir haben h\u00f6chste Anspr\u00fcche an das, was Ihren K\u00f6rper sch\u00fctzt und w\u00e4rmt. FALKE: Traditionsunternehmen und h\u00f6chste Qualit\u00e4t seit 1895<br \/>\n<div class=\"main-cross-sell\" data-asin=\"B0BNR38L8R\">\n\n\t<div class=\"WooZone-cross-sell-loader\">\n\t\t<div>\n\t\t\t<div id=\"floatingBarsG\">\n\t\t\t\t<div class=\"blockG\" id=\"rotateG_01\"><\/div>\n\t\t\t\t<div class=\"blockG\" id=\"rotateG_02\"><\/div>\n\t\t\t\t<div class=\"blockG\" id=\"rotateG_03\"><\/div>\n\t\t\t\t<div class=\"blockG\" id=\"rotateG_04\"><\/div>\n\t\t\t\t<div class=\"blockG\" id=\"rotateG_05\"><\/div>\n\t\t\t\t<div class=\"blockG\" id=\"rotateG_06\"><\/div>\n\t\t\t\t<div class=\"blockG\" id=\"rotateG_07\"><\/div>\n\t\t\t\t<div class=\"blockG\" id=\"rotateG_08\"><\/div>\n\t\t\t<\/div>\n\t\t\t<div class=\"WooZone-cross-sell-loader-text\"><\/div>\n\t\t<\/div>\n\t<\/div>\n\n\t\t\n<\/div>\n<div style=\"clear:both;\"><\/div><\/p>\n","protected":false},"excerpt":{"rendered":"<p>FALKE TK2 Explore Short Cool Damen Wandersocken aus weichem Material ohne Wolle sorgen f\u00fcr ein angenehmes Gef\u00fchl beim Wandern. Kurze Thermosocken mit mittlerer Polsterung, atmungsaktiv, antiblasen, verst\u00e4rkt und hochwertig. Die Socken sind f\u00fcr jeden Wanderschuh geeignet und halten den Fu\u00df warm und trocken. Die kurzen Allrounder Trekkingsocken mit Bund aus Gummi sind f\u00fcr ausgiebige Bergtouren und f\u00fcr lange Wanderungen in leichtem Gel\u00e4nde geeignet.<br \/>\nVegane Outdoorsocken mit linker und rechter Passform abgestimmt auf die Anatomie der F\u00fc\u00dfe eignen sich zum Wandern, Trekking, Walken, Outdoor Sport, f\u00fcr die Arbeit, im Wald und bei der Gartenarbeit. Die Wanderstr\u00fcmpfe bieten einen ausgewogenen Schuhkontakt beim Wandern. K\u00fchlende Socken mit mittelstarker D\u00e4mpfung sch\u00fctzen ihre F\u00fc\u00dfe vor Blasen dank dauerhafter Polsterung an Sohle, Achillessehne und Ferse. Die idealen Bergsocken f\u00fcr Damen, M\u00e4dchen und Teenager in Sommer und Winter.<br \/>\nUmweltfreundlich und nachhaltig durch Lyocell: Das formstabile und reibungsresistente Material zeichnet sich durch lange Haltbarkeit aus. Verarbeitung von hochwertigstem Lyocell, wovon alle Bestandteile und zur Herstellung ben\u00f6tigten Mittel biologisch abbaubar sind. Kurz und fusselfrei. Die FALKE Wandersocken mit Polsterung und D\u00e4mpfung f\u00fcr Frauen sorgen f\u00fcr einen sicheren Tritt bei Ihrer n\u00e4chsten Wanderung. Die Passform und Farbe der Bergsocken bleiben auch nach mehrmaligen Waschen erhalten. Diese Damensocken sind bei 30\u00b0C im Wollwaschgang zu waschen.<\/p>\n","protected":false},"featured_media":179883,"comment_status":"open","ping_status":"closed","template":"","meta":[],"product_brand":[],"product_cat":[1186],"product_tag":[],"class_list":{"0":"post-179882","1":"product","2":"type-product","3":"status-publish","4":"has-post-thumbnail","6":"product_cat-bekleidung","7":"pa_binding-ausruestung","8":"pa_brand-falke","9":"pa_manufacturer-falke-kgaa","10":"pa_model-47191","12":"first","13":"instock","14":"shipping-taxable","15":"purchasable","16":"product-type-simple","17":"customify-col","18":"product-has-gallery"},"yoast_head":"<!-- This site is optimized with the Yoast SEO plugin v27.4 - https:\/\/yoast.com\/product\/yoast-seo-wordpress\/ -->\n<title>FALKE Damen TK2 Explore Short Cool Wandersocken Funktionsgarn Schwarz Blau weitere Farben Verst\u00e4rkte Trekkingsocken\u2026 - Markt-XXL<\/title>\n<meta name=\"description\" content=\"Markt-XXL FALKE Damen TK2 Explore Short Cool Wandersocken Funktionsgarn Schwarz Blau weitere Farben Verst\u00e4rkte Trekkingsocken\u2026\" \/>\n<meta name=\"robots\" content=\"index, follow, max-snippet:-1, max-image-preview:large, max-video-preview:-1\" \/>\n<link rel=\"canonical\" href=\"https:\/\/marktxxl.de\/markt\/produkt\/falke-damen-wandersocken-tk2-explore-short-cool-funktionsgarn-1-paar-blau-marine-6120\/\" \/>\n<meta property=\"og:locale\" content=\"de_DE\" \/>\n<meta property=\"og:type\" content=\"article\" \/>\n<meta property=\"og:title\" content=\"FALKE Damen TK2 Explore Short Cool Wandersocken Funktionsgarn Schwarz Blau weitere Farben Verst\u00e4rkte Trekkingsocken\u2026 - Markt-XXL\" \/>\n<meta property=\"og:description\" content=\"Markt-XXL FALKE Damen TK2 Explore Short Cool Wandersocken Funktionsgarn Schwarz Blau weitere Farben Verst\u00e4rkte Trekkingsocken\u2026\" \/>\n<meta property=\"og:url\" content=\"https:\/\/marktxxl.de\/markt\/produkt\/falke-damen-wandersocken-tk2-explore-short-cool-funktionsgarn-1-paar-blau-marine-6120\/\" \/>\n<meta property=\"og:site_name\" content=\"Markt-XXL\" \/>\n<meta property=\"article:modified_time\" content=\"2023-04-11T03:10:25+00:00\" \/>\n<meta property=\"og:image\" content=\"https:\/\/m.media-amazon.com\/images\/I\/31PQpEDClTL._SL500_.jpg\" \/>\n\t<meta property=\"og:image:width\" content=\"417\" \/>\n\t<meta property=\"og:image:height\" content=\"500\" \/>\n\t<meta property=\"og:image:type\" content=\"image\/jpeg\" \/>\n<meta name=\"twitter:card\" content=\"summary_large_image\" \/>\n<meta name=\"twitter:label1\" content=\"Gesch\u00e4tzte Lesezeit\" \/>\n\t<meta name=\"twitter:data1\" content=\"2\u00a0Minuten\" \/>\n<script type=\"application\/ld+json\" class=\"yoast-schema-graph\">{\"@context\":\"https:\\\/\\\/schema.org\",\"@graph\":[{\"@type\":\"WebPage\",\"@id\":\"https:\\\/\\\/marktxxl.de\\\/markt\\\/produkt\\\/falke-damen-wandersocken-tk2-explore-short-cool-funktionsgarn-1-paar-blau-marine-6120\\\/\",\"url\":\"https:\\\/\\\/marktxxl.de\\\/markt\\\/produkt\\\/falke-damen-wandersocken-tk2-explore-short-cool-funktionsgarn-1-paar-blau-marine-6120\\\/\",\"name\":\"FALKE Damen TK2 Explore Short Cool Wandersocken Funktionsgarn Schwarz Blau weitere Farben Verst\u00e4rkte Trekkingsocken\u2026 - Markt-XXL\",\"isPartOf\":{\"@id\":\"https:\\\/\\\/marktxxl.de\\\/markt\\\/#website\"},\"primaryImageOfPage\":{\"@id\":\"https:\\\/\\\/marktxxl.de\\\/markt\\\/produkt\\\/falke-damen-wandersocken-tk2-explore-short-cool-funktionsgarn-1-paar-blau-marine-6120\\\/#primaryimage\"},\"image\":{\"@id\":\"https:\\\/\\\/marktxxl.de\\\/markt\\\/produkt\\\/falke-damen-wandersocken-tk2-explore-short-cool-funktionsgarn-1-paar-blau-marine-6120\\\/#primaryimage\"},\"thumbnailUrl\":\"https:\\\/\\\/m.media-amazon.com\\\/images\\\/I\\\/31PQpEDClTL._SL500_.jpg\",\"datePublished\":\"2023-01-10T01:26:23+00:00\",\"dateModified\":\"2023-04-11T03:10:25+00:00\",\"description\":\"Markt-XXL FALKE Damen TK2 Explore Short Cool Wandersocken Funktionsgarn Schwarz Blau weitere Farben Verst\u00e4rkte Trekkingsocken\u2026\",\"breadcrumb\":{\"@id\":\"https:\\\/\\\/marktxxl.de\\\/markt\\\/produkt\\\/falke-damen-wandersocken-tk2-explore-short-cool-funktionsgarn-1-paar-blau-marine-6120\\\/#breadcrumb\"},\"inLanguage\":\"de\",\"potentialAction\":[{\"@type\":\"ReadAction\",\"target\":[\"https:\\\/\\\/marktxxl.de\\\/markt\\\/produkt\\\/falke-damen-wandersocken-tk2-explore-short-cool-funktionsgarn-1-paar-blau-marine-6120\\\/\"]}]},{\"@type\":\"ImageObject\",\"inLanguage\":\"de\",\"@id\":\"https:\\\/\\\/marktxxl.de\\\/markt\\\/produkt\\\/falke-damen-wandersocken-tk2-explore-short-cool-funktionsgarn-1-paar-blau-marine-6120\\\/#primaryimage\",\"url\":\"https:\\\/\\\/m.media-amazon.com\\\/images\\\/I\\\/31PQpEDClTL._SL500_.jpg\",\"contentUrl\":\"https:\\\/\\\/m.media-amazon.com\\\/images\\\/I\\\/31PQpEDClTL._SL500_.jpg\",\"width\":417,\"height\":500},{\"@type\":\"BreadcrumbList\",\"@id\":\"https:\\\/\\\/marktxxl.de\\\/markt\\\/produkt\\\/falke-damen-wandersocken-tk2-explore-short-cool-funktionsgarn-1-paar-blau-marine-6120\\\/#breadcrumb\",\"itemListElement\":[{\"@type\":\"ListItem\",\"position\":1,\"name\":\"Startseite\",\"item\":\"https:\\\/\\\/marktxxl.de\\\/markt\\\/\"},{\"@type\":\"ListItem\",\"position\":2,\"name\":\"Markt\",\"item\":\"https:\\\/\\\/marktxxl.de\\\/markt\\\/\"},{\"@type\":\"ListItem\",\"position\":3,\"name\":\"FALKE Damen TK2 Explore Short Cool Wandersocken Funktionsgarn Schwarz Blau weitere Farben Verst\u00e4rkte Trekkingsocken\u2026\"}]},{\"@type\":\"WebSite\",\"@id\":\"https:\\\/\\\/marktxxl.de\\\/markt\\\/#website\",\"url\":\"https:\\\/\\\/marktxxl.de\\\/markt\\\/\",\"name\":\"Markt-XXL\",\"description\":\"Ihr Markt Online\",\"publisher\":{\"@id\":\"https:\\\/\\\/marktxxl.de\\\/markt\\\/#organization\"},\"potentialAction\":[{\"@type\":\"SearchAction\",\"target\":{\"@type\":\"EntryPoint\",\"urlTemplate\":\"https:\\\/\\\/marktxxl.de\\\/markt\\\/?s={search_term_string}\"},\"query-input\":{\"@type\":\"PropertyValueSpecification\",\"valueRequired\":true,\"valueName\":\"search_term_string\"}}],\"inLanguage\":\"de\"},{\"@type\":\"Organization\",\"@id\":\"https:\\\/\\\/marktxxl.de\\\/markt\\\/#organization\",\"name\":\"Markt-XXL\",\"url\":\"https:\\\/\\\/marktxxl.de\\\/markt\\\/\",\"logo\":{\"@type\":\"ImageObject\",\"inLanguage\":\"de\",\"@id\":\"https:\\\/\\\/marktxxl.de\\\/markt\\\/#\\\/schema\\\/logo\\\/image\\\/\",\"url\":\"https:\\\/\\\/marktxxl.de\\\/markt\\\/wp-content\\\/uploads\\\/sites\\\/3\\\/2020\\\/12\\\/logo.png\",\"contentUrl\":\"https:\\\/\\\/marktxxl.de\\\/markt\\\/wp-content\\\/uploads\\\/sites\\\/3\\\/2020\\\/12\\\/logo.png\",\"width\":200,\"height\":70,\"caption\":\"Markt-XXL\"},\"image\":{\"@id\":\"https:\\\/\\\/marktxxl.de\\\/markt\\\/#\\\/schema\\\/logo\\\/image\\\/\"}}]}<\/script>\n<!-- \/ Yoast SEO plugin. -->","yoast_head_json":{"title":"FALKE Damen TK2 Explore Short Cool Wandersocken Funktionsgarn Schwarz Blau weitere Farben Verst\u00e4rkte Trekkingsocken\u2026 - Markt-XXL","description":"Markt-XXL FALKE Damen TK2 Explore Short Cool Wandersocken Funktionsgarn Schwarz Blau weitere Farben Verst\u00e4rkte Trekkingsocken\u2026","robots":{"index":"index","follow":"follow","max-snippet":"max-snippet:-1","max-image-preview":"max-image-preview:large","max-video-preview":"max-video-preview:-1"},"canonical":"https:\/\/marktxxl.de\/markt\/produkt\/falke-damen-wandersocken-tk2-explore-short-cool-funktionsgarn-1-paar-blau-marine-6120\/","og_locale":"de_DE","og_type":"article","og_title":"FALKE Damen TK2 Explore Short Cool Wandersocken Funktionsgarn Schwarz Blau weitere Farben Verst\u00e4rkte Trekkingsocken\u2026 - Markt-XXL","og_description":"Markt-XXL FALKE Damen TK2 Explore Short Cool Wandersocken Funktionsgarn Schwarz Blau weitere Farben Verst\u00e4rkte Trekkingsocken\u2026","og_url":"https:\/\/marktxxl.de\/markt\/produkt\/falke-damen-wandersocken-tk2-explore-short-cool-funktionsgarn-1-paar-blau-marine-6120\/","og_site_name":"Markt-XXL","article_modified_time":"2023-04-11T03:10:25+00:00","og_image":[{"width":417,"height":500,"url":"https:\/\/m.media-amazon.com\/images\/I\/31PQpEDClTL._SL500_.jpg","type":"image\/jpeg"}],"twitter_card":"summary_large_image","twitter_misc":{"Gesch\u00e4tzte Lesezeit":"2\u00a0Minuten"},"schema":{"@context":"https:\/\/schema.org","@graph":[{"@type":"WebPage","@id":"https:\/\/marktxxl.de\/markt\/produkt\/falke-damen-wandersocken-tk2-explore-short-cool-funktionsgarn-1-paar-blau-marine-6120\/","url":"https:\/\/marktxxl.de\/markt\/produkt\/falke-damen-wandersocken-tk2-explore-short-cool-funktionsgarn-1-paar-blau-marine-6120\/","name":"FALKE Damen TK2 Explore Short Cool Wandersocken Funktionsgarn Schwarz Blau weitere Farben Verst\u00e4rkte Trekkingsocken\u2026 - Markt-XXL","isPartOf":{"@id":"https:\/\/marktxxl.de\/markt\/#website"},"primaryImageOfPage":{"@id":"https:\/\/marktxxl.de\/markt\/produkt\/falke-damen-wandersocken-tk2-explore-short-cool-funktionsgarn-1-paar-blau-marine-6120\/#primaryimage"},"image":{"@id":"https:\/\/marktxxl.de\/markt\/produkt\/falke-damen-wandersocken-tk2-explore-short-cool-funktionsgarn-1-paar-blau-marine-6120\/#primaryimage"},"thumbnailUrl":"https:\/\/m.media-amazon.com\/images\/I\/31PQpEDClTL._SL500_.jpg","datePublished":"2023-01-10T01:26:23+00:00","dateModified":"2023-04-11T03:10:25+00:00","description":"Markt-XXL FALKE Damen TK2 Explore Short Cool Wandersocken Funktionsgarn Schwarz Blau weitere Farben Verst\u00e4rkte Trekkingsocken\u2026","breadcrumb":{"@id":"https:\/\/marktxxl.de\/markt\/produkt\/falke-damen-wandersocken-tk2-explore-short-cool-funktionsgarn-1-paar-blau-marine-6120\/#breadcrumb"},"inLanguage":"de","potentialAction":[{"@type":"ReadAction","target":["https:\/\/marktxxl.de\/markt\/produkt\/falke-damen-wandersocken-tk2-explore-short-cool-funktionsgarn-1-paar-blau-marine-6120\/"]}]},{"@type":"ImageObject","inLanguage":"de","@id":"https:\/\/marktxxl.de\/markt\/produkt\/falke-damen-wandersocken-tk2-explore-short-cool-funktionsgarn-1-paar-blau-marine-6120\/#primaryimage","url":"https:\/\/m.media-amazon.com\/images\/I\/31PQpEDClTL._SL500_.jpg","contentUrl":"https:\/\/m.media-amazon.com\/images\/I\/31PQpEDClTL._SL500_.jpg","width":417,"height":500},{"@type":"BreadcrumbList","@id":"https:\/\/marktxxl.de\/markt\/produkt\/falke-damen-wandersocken-tk2-explore-short-cool-funktionsgarn-1-paar-blau-marine-6120\/#breadcrumb","itemListElement":[{"@type":"ListItem","position":1,"name":"Startseite","item":"https:\/\/marktxxl.de\/markt\/"},{"@type":"ListItem","position":2,"name":"Markt","item":"https:\/\/marktxxl.de\/markt\/"},{"@type":"ListItem","position":3,"name":"FALKE Damen TK2 Explore Short Cool Wandersocken Funktionsgarn Schwarz Blau weitere Farben Verst\u00e4rkte Trekkingsocken\u2026"}]},{"@type":"WebSite","@id":"https:\/\/marktxxl.de\/markt\/#website","url":"https:\/\/marktxxl.de\/markt\/","name":"Markt-XXL","description":"Ihr Markt Online","publisher":{"@id":"https:\/\/marktxxl.de\/markt\/#organization"},"potentialAction":[{"@type":"SearchAction","target":{"@type":"EntryPoint","urlTemplate":"https:\/\/marktxxl.de\/markt\/?s={search_term_string}"},"query-input":{"@type":"PropertyValueSpecification","valueRequired":true,"valueName":"search_term_string"}}],"inLanguage":"de"},{"@type":"Organization","@id":"https:\/\/marktxxl.de\/markt\/#organization","name":"Markt-XXL","url":"https:\/\/marktxxl.de\/markt\/","logo":{"@type":"ImageObject","inLanguage":"de","@id":"https:\/\/marktxxl.de\/markt\/#\/schema\/logo\/image\/","url":"https:\/\/marktxxl.de\/markt\/wp-content\/uploads\/sites\/3\/2020\/12\/logo.png","contentUrl":"https:\/\/marktxxl.de\/markt\/wp-content\/uploads\/sites\/3\/2020\/12\/logo.png","width":200,"height":70,"caption":"Markt-XXL"},"image":{"@id":"https:\/\/marktxxl.de\/markt\/#\/schema\/logo\/image\/"}}]}},"_links":{"self":[{"href":"https:\/\/marktxxl.de\/markt\/wp-json\/wp\/v2\/product\/179882","targetHints":{"allow":["GET"]}}],"collection":[{"href":"https:\/\/marktxxl.de\/markt\/wp-json\/wp\/v2\/product"}],"about":[{"href":"https:\/\/marktxxl.de\/markt\/wp-json\/wp\/v2\/types\/product"}],"replies":[{"embeddable":true,"href":"https:\/\/marktxxl.de\/markt\/wp-json\/wp\/v2\/comments?post=179882"}],"wp:featuredmedia":[{"embeddable":true,"href":"https:\/\/marktxxl.de\/markt\/wp-json\/wp\/v2\/media\/179883"}],"wp:attachment":[{"href":"https:\/\/marktxxl.de\/markt\/wp-json\/wp\/v2\/media?parent=179882"}],"wp:term":[{"taxonomy":"product_brand","embeddable":true,"href":"https:\/\/marktxxl.de\/markt\/wp-json\/wp\/v2\/product_brand?post=179882"},{"taxonomy":"product_cat","embeddable":true,"href":"https:\/\/marktxxl.de\/markt\/wp-json\/wp\/v2\/product_cat?post=179882"},{"taxonomy":"product_tag","embeddable":true,"href":"https:\/\/marktxxl.de\/markt\/wp-json\/wp\/v2\/product_tag?post=179882"}],"curies":[{"name":"wp","href":"https:\/\/api.w.org\/{rel}","templated":true}]}}