{"id":179867,"date":"2023-01-10T02:26:09","date_gmt":"2023-01-10T01:26:09","guid":{"rendered":"https:\/\/marktxxl.de\/markt\/produkt\/colibri-skincare-vitamin-a-serum-30ml-retinol-serum-hochdosiert-4-fach-wirkstoffkomplex-mit-retinol-retinal-bakuchiol-und-ceramiden-schnell-einziehende-anti-aging-creme-fuer-gesicht\/"},"modified":"2023-04-11T05:10:25","modified_gmt":"2023-04-11T03:10:25","slug":"colibri-skincare-vitamin-a-serum-30ml-retinol-serum-hochdosiert-4-fach-wirkstoffkomplex-mit-retinol-retinal-bakuchiol-und-ceramiden-schnell-einziehende-anti-aging-creme-fuer-gesicht","status":"publish","type":"product","link":"https:\/\/marktxxl.de\/markt\/produkt\/colibri-skincare-vitamin-a-serum-30ml-retinol-serum-hochdosiert-4-fach-wirkstoffkomplex-mit-retinol-retinal-bakuchiol-und-ceramiden-schnell-einziehende-anti-aging-creme-fuer-gesicht\/","title":{"rendered":"colibri skincare Vitamin A Serum &#8211; 30ml Retinol Serum hochdosiert &#8211; 4-fach Wirkstoffkomplex mit Retinol, Retinal\u2026"},"content":{"rendered":"<p>\u2705 REGENERIERT DIE HAUTZELLEN: Das Serum enth\u00e4lt einen besonderen Wirkstoffkomplex, welcher die Spannkraft und Feuchtigkeit der Haut erh\u00f6ht. Retinol wirkt unterst\u00fctzend beim Aufbau des Bindegewebes und regt die Produktion von gesunden Hautzellen an.<br \/>\n\u2705 GL\u00c4TTET FALTEN: Durch Retinol k\u00f6nnen Falten, Augenringe und Pigmentflecken sichtbar verbessert werden. Das Serum versorgt die Haut mit wichtigen Vitaminen und Mineralien und dadurch entstehen weniger Falten und die Haut wird ebenm\u00e4\u00dfiger.<br \/>\n\u2705 OHNE TIERVERSUCHE &#8211; VEGAN &#8211; MADE IN GERMANY: Alle unsere Produkte sind frei von tierischen Inhaltsstoffen und werden nicht an Tieren getestet. Unser Bio Retinol Serum wird in Deutschland hergestellt und dermatologisch getestet.<br \/>\n\u2705 INTENSIVE WIRKUNG: Das Retinol Serum f\u00fcr das Gesicht l\u00e4sst sich schnell auftragen und hat eine starke Tiefenwirkung. Die qualitativ hochwertigen Inhaltsstoffe versorgen die Haut mit Feuchtigkeit, st\u00e4rken die Spannkraft der Haut und den Anti-Falten Effekt.<br \/>\n\u2705 HOCHDOSIERT: Das Retinol Serum enth\u00e4lt zus\u00e4tzlich Ceramide, welche vor dem Verlust von Feuchtigkeit sch\u00fctzen und Vitamin B3, welches zus\u00e4tzlich die Bildung von Kollagen stimuliert. Optimale Pflege f\u00fcr Falten, Pigmentflecken oder bei unreiner Haut.<br \/>\n<div class=\"main-cross-sell\" data-asin=\"B08CHCVGBP\">\n\n\t<div class=\"WooZone-cross-sell-loader\">\n\t\t<div>\n\t\t\t<div id=\"floatingBarsG\">\n\t\t\t\t<div class=\"blockG\" id=\"rotateG_01\"><\/div>\n\t\t\t\t<div class=\"blockG\" id=\"rotateG_02\"><\/div>\n\t\t\t\t<div class=\"blockG\" id=\"rotateG_03\"><\/div>\n\t\t\t\t<div class=\"blockG\" id=\"rotateG_04\"><\/div>\n\t\t\t\t<div class=\"blockG\" id=\"rotateG_05\"><\/div>\n\t\t\t\t<div class=\"blockG\" id=\"rotateG_06\"><\/div>\n\t\t\t\t<div class=\"blockG\" id=\"rotateG_07\"><\/div>\n\t\t\t\t<div class=\"blockG\" id=\"rotateG_08\"><\/div>\n\t\t\t<\/div>\n\t\t\t<div class=\"WooZone-cross-sell-loader-text\"><\/div>\n\t\t<\/div>\n\t<\/div>\n\n\t\t\n<\/div>\n<div style=\"clear:both;\"><\/div><\/p>\n","protected":false},"excerpt":{"rendered":"<p>\u2705 REGENERIERT DIE HAUTZELLEN: Das Serum enth\u00e4lt einen besonderen Wirkstoffkomplex, welcher die Spannkraft und Feuchtigkeit der Haut erh\u00f6ht. Retinol wirkt unterst\u00fctzend beim Aufbau des Bindegewebes und regt die Produktion von gesunden Hautzellen an.<br \/>\n\u2705 GL\u00c4TTET FALTEN: Durch Retinol k\u00f6nnen Falten, Augenringe und Pigmentflecken sichtbar verbessert werden. Das Serum versorgt die Haut mit wichtigen Vitaminen und Mineralien und dadurch entstehen weniger Falten und die Haut wird ebenm\u00e4\u00dfiger.<br \/>\n\u2705 OHNE TIERVERSUCHE &#8211; VEGAN &#8211; MADE IN GERMANY: Alle unsere Produkte sind frei von tierischen Inhaltsstoffen und werden nicht an Tieren getestet. Unser Bio Retinol Serum wird in Deutschland hergestellt und dermatologisch getestet.<\/p>\n","protected":false},"featured_media":179868,"comment_status":"open","ping_status":"closed","template":"","meta":[],"product_brand":[],"product_cat":[2858,7067],"product_tag":[],"class_list":{"0":"post-179867","1":"product","2":"type-product","3":"status-publish","4":"has-post-thumbnail","6":"product_cat-beauty","7":"product_cat-hautpflege","8":"pa_brand-colibri-skincare","9":"pa_manufacturer-colibri-skincare","10":"pa_size-30-ml-1er-pack","12":"first","13":"instock","14":"shipping-taxable","15":"purchasable","16":"product-type-simple","17":"customify-col","18":"product-has-gallery"},"yoast_head":"<!-- This site is optimized with the Yoast SEO plugin v27.3 - https:\/\/yoast.com\/product\/yoast-seo-wordpress\/ -->\n<title>colibri skincare Vitamin A Serum - 30ml Retinol Serum hochdosiert - 4-fach Wirkstoffkomplex mit Retinol, Retinal\u2026 - Markt-XXL<\/title>\n<meta name=\"description\" content=\"Markt-XXL colibri skincare Vitamin A Serum - 30ml Retinol Serum hochdosiert - 4-fach Wirkstoffkomplex mit Retinol, Retinal\u2026\" \/>\n<meta name=\"robots\" content=\"index, follow, max-snippet:-1, max-image-preview:large, max-video-preview:-1\" \/>\n<link rel=\"canonical\" href=\"https:\/\/marktxxl.de\/markt\/produkt\/colibri-skincare-vitamin-a-serum-30ml-retinol-serum-hochdosiert-4-fach-wirkstoffkomplex-mit-retinol-retinal-bakuchiol-und-ceramiden-schnell-einziehende-anti-aging-creme-fuer-gesicht\/\" \/>\n<meta property=\"og:locale\" content=\"de_DE\" \/>\n<meta property=\"og:type\" content=\"article\" \/>\n<meta property=\"og:title\" content=\"colibri skincare Vitamin A Serum - 30ml Retinol Serum hochdosiert - 4-fach Wirkstoffkomplex mit Retinol, Retinal\u2026 - Markt-XXL\" \/>\n<meta property=\"og:description\" content=\"Markt-XXL colibri skincare Vitamin A Serum - 30ml Retinol Serum hochdosiert - 4-fach Wirkstoffkomplex mit Retinol, Retinal\u2026\" \/>\n<meta property=\"og:url\" content=\"https:\/\/marktxxl.de\/markt\/produkt\/colibri-skincare-vitamin-a-serum-30ml-retinol-serum-hochdosiert-4-fach-wirkstoffkomplex-mit-retinol-retinal-bakuchiol-und-ceramiden-schnell-einziehende-anti-aging-creme-fuer-gesicht\/\" \/>\n<meta property=\"og:site_name\" content=\"Markt-XXL\" \/>\n<meta property=\"article:modified_time\" content=\"2023-04-11T03:10:25+00:00\" \/>\n<meta property=\"og:image\" content=\"https:\/\/m.media-amazon.com\/images\/I\/31MLHU0V0WL._SL500_.jpg\" \/>\n\t<meta property=\"og:image:width\" content=\"500\" \/>\n\t<meta property=\"og:image:height\" content=\"500\" \/>\n\t<meta property=\"og:image:type\" content=\"image\/jpeg\" \/>\n<meta name=\"twitter:card\" content=\"summary_large_image\" \/>\n<meta name=\"twitter:label1\" content=\"Gesch\u00e4tzte Lesezeit\" \/>\n\t<meta name=\"twitter:data1\" content=\"1\u00a0Minute\" \/>\n<script type=\"application\/ld+json\" class=\"yoast-schema-graph\">{\"@context\":\"https:\\\/\\\/schema.org\",\"@graph\":[{\"@type\":\"WebPage\",\"@id\":\"https:\\\/\\\/marktxxl.de\\\/markt\\\/produkt\\\/colibri-skincare-vitamin-a-serum-30ml-retinol-serum-hochdosiert-4-fach-wirkstoffkomplex-mit-retinol-retinal-bakuchiol-und-ceramiden-schnell-einziehende-anti-aging-creme-fuer-gesicht\\\/\",\"url\":\"https:\\\/\\\/marktxxl.de\\\/markt\\\/produkt\\\/colibri-skincare-vitamin-a-serum-30ml-retinol-serum-hochdosiert-4-fach-wirkstoffkomplex-mit-retinol-retinal-bakuchiol-und-ceramiden-schnell-einziehende-anti-aging-creme-fuer-gesicht\\\/\",\"name\":\"colibri skincare Vitamin A Serum - 30ml Retinol Serum hochdosiert - 4-fach Wirkstoffkomplex mit Retinol, Retinal\u2026 - Markt-XXL\",\"isPartOf\":{\"@id\":\"https:\\\/\\\/marktxxl.de\\\/markt\\\/#website\"},\"primaryImageOfPage\":{\"@id\":\"https:\\\/\\\/marktxxl.de\\\/markt\\\/produkt\\\/colibri-skincare-vitamin-a-serum-30ml-retinol-serum-hochdosiert-4-fach-wirkstoffkomplex-mit-retinol-retinal-bakuchiol-und-ceramiden-schnell-einziehende-anti-aging-creme-fuer-gesicht\\\/#primaryimage\"},\"image\":{\"@id\":\"https:\\\/\\\/marktxxl.de\\\/markt\\\/produkt\\\/colibri-skincare-vitamin-a-serum-30ml-retinol-serum-hochdosiert-4-fach-wirkstoffkomplex-mit-retinol-retinal-bakuchiol-und-ceramiden-schnell-einziehende-anti-aging-creme-fuer-gesicht\\\/#primaryimage\"},\"thumbnailUrl\":\"https:\\\/\\\/m.media-amazon.com\\\/images\\\/I\\\/31MLHU0V0WL._SL500_.jpg\",\"datePublished\":\"2023-01-10T01:26:09+00:00\",\"dateModified\":\"2023-04-11T03:10:25+00:00\",\"description\":\"Markt-XXL colibri skincare Vitamin A Serum - 30ml Retinol Serum hochdosiert - 4-fach Wirkstoffkomplex mit Retinol, Retinal\u2026\",\"breadcrumb\":{\"@id\":\"https:\\\/\\\/marktxxl.de\\\/markt\\\/produkt\\\/colibri-skincare-vitamin-a-serum-30ml-retinol-serum-hochdosiert-4-fach-wirkstoffkomplex-mit-retinol-retinal-bakuchiol-und-ceramiden-schnell-einziehende-anti-aging-creme-fuer-gesicht\\\/#breadcrumb\"},\"inLanguage\":\"de\",\"potentialAction\":[{\"@type\":\"ReadAction\",\"target\":[\"https:\\\/\\\/marktxxl.de\\\/markt\\\/produkt\\\/colibri-skincare-vitamin-a-serum-30ml-retinol-serum-hochdosiert-4-fach-wirkstoffkomplex-mit-retinol-retinal-bakuchiol-und-ceramiden-schnell-einziehende-anti-aging-creme-fuer-gesicht\\\/\"]}]},{\"@type\":\"ImageObject\",\"inLanguage\":\"de\",\"@id\":\"https:\\\/\\\/marktxxl.de\\\/markt\\\/produkt\\\/colibri-skincare-vitamin-a-serum-30ml-retinol-serum-hochdosiert-4-fach-wirkstoffkomplex-mit-retinol-retinal-bakuchiol-und-ceramiden-schnell-einziehende-anti-aging-creme-fuer-gesicht\\\/#primaryimage\",\"url\":\"https:\\\/\\\/m.media-amazon.com\\\/images\\\/I\\\/31MLHU0V0WL._SL500_.jpg\",\"contentUrl\":\"https:\\\/\\\/m.media-amazon.com\\\/images\\\/I\\\/31MLHU0V0WL._SL500_.jpg\",\"width\":500,\"height\":500},{\"@type\":\"BreadcrumbList\",\"@id\":\"https:\\\/\\\/marktxxl.de\\\/markt\\\/produkt\\\/colibri-skincare-vitamin-a-serum-30ml-retinol-serum-hochdosiert-4-fach-wirkstoffkomplex-mit-retinol-retinal-bakuchiol-und-ceramiden-schnell-einziehende-anti-aging-creme-fuer-gesicht\\\/#breadcrumb\",\"itemListElement\":[{\"@type\":\"ListItem\",\"position\":1,\"name\":\"Startseite\",\"item\":\"https:\\\/\\\/marktxxl.de\\\/markt\\\/\"},{\"@type\":\"ListItem\",\"position\":2,\"name\":\"Markt\",\"item\":\"https:\\\/\\\/marktxxl.de\\\/markt\\\/\"},{\"@type\":\"ListItem\",\"position\":3,\"name\":\"colibri skincare Vitamin A Serum &#8211; 30ml Retinol Serum hochdosiert &#8211; 4-fach Wirkstoffkomplex mit Retinol, Retinal\u2026\"}]},{\"@type\":\"WebSite\",\"@id\":\"https:\\\/\\\/marktxxl.de\\\/markt\\\/#website\",\"url\":\"https:\\\/\\\/marktxxl.de\\\/markt\\\/\",\"name\":\"Markt-XXL\",\"description\":\"Ihr Markt Online\",\"publisher\":{\"@id\":\"https:\\\/\\\/marktxxl.de\\\/markt\\\/#organization\"},\"potentialAction\":[{\"@type\":\"SearchAction\",\"target\":{\"@type\":\"EntryPoint\",\"urlTemplate\":\"https:\\\/\\\/marktxxl.de\\\/markt\\\/?s={search_term_string}\"},\"query-input\":{\"@type\":\"PropertyValueSpecification\",\"valueRequired\":true,\"valueName\":\"search_term_string\"}}],\"inLanguage\":\"de\"},{\"@type\":\"Organization\",\"@id\":\"https:\\\/\\\/marktxxl.de\\\/markt\\\/#organization\",\"name\":\"Markt-XXL\",\"url\":\"https:\\\/\\\/marktxxl.de\\\/markt\\\/\",\"logo\":{\"@type\":\"ImageObject\",\"inLanguage\":\"de\",\"@id\":\"https:\\\/\\\/marktxxl.de\\\/markt\\\/#\\\/schema\\\/logo\\\/image\\\/\",\"url\":\"https:\\\/\\\/marktxxl.de\\\/markt\\\/wp-content\\\/uploads\\\/sites\\\/3\\\/2020\\\/12\\\/logo.png\",\"contentUrl\":\"https:\\\/\\\/marktxxl.de\\\/markt\\\/wp-content\\\/uploads\\\/sites\\\/3\\\/2020\\\/12\\\/logo.png\",\"width\":200,\"height\":70,\"caption\":\"Markt-XXL\"},\"image\":{\"@id\":\"https:\\\/\\\/marktxxl.de\\\/markt\\\/#\\\/schema\\\/logo\\\/image\\\/\"}}]}<\/script>\n<!-- \/ Yoast SEO plugin. -->","yoast_head_json":{"title":"colibri skincare Vitamin A Serum - 30ml Retinol Serum hochdosiert - 4-fach Wirkstoffkomplex mit Retinol, Retinal\u2026 - Markt-XXL","description":"Markt-XXL colibri skincare Vitamin A Serum - 30ml Retinol Serum hochdosiert - 4-fach Wirkstoffkomplex mit Retinol, Retinal\u2026","robots":{"index":"index","follow":"follow","max-snippet":"max-snippet:-1","max-image-preview":"max-image-preview:large","max-video-preview":"max-video-preview:-1"},"canonical":"https:\/\/marktxxl.de\/markt\/produkt\/colibri-skincare-vitamin-a-serum-30ml-retinol-serum-hochdosiert-4-fach-wirkstoffkomplex-mit-retinol-retinal-bakuchiol-und-ceramiden-schnell-einziehende-anti-aging-creme-fuer-gesicht\/","og_locale":"de_DE","og_type":"article","og_title":"colibri skincare Vitamin A Serum - 30ml Retinol Serum hochdosiert - 4-fach Wirkstoffkomplex mit Retinol, Retinal\u2026 - Markt-XXL","og_description":"Markt-XXL colibri skincare Vitamin A Serum - 30ml Retinol Serum hochdosiert - 4-fach Wirkstoffkomplex mit Retinol, Retinal\u2026","og_url":"https:\/\/marktxxl.de\/markt\/produkt\/colibri-skincare-vitamin-a-serum-30ml-retinol-serum-hochdosiert-4-fach-wirkstoffkomplex-mit-retinol-retinal-bakuchiol-und-ceramiden-schnell-einziehende-anti-aging-creme-fuer-gesicht\/","og_site_name":"Markt-XXL","article_modified_time":"2023-04-11T03:10:25+00:00","og_image":[{"width":500,"height":500,"url":"https:\/\/m.media-amazon.com\/images\/I\/31MLHU0V0WL._SL500_.jpg","type":"image\/jpeg"}],"twitter_card":"summary_large_image","twitter_misc":{"Gesch\u00e4tzte Lesezeit":"1\u00a0Minute"},"schema":{"@context":"https:\/\/schema.org","@graph":[{"@type":"WebPage","@id":"https:\/\/marktxxl.de\/markt\/produkt\/colibri-skincare-vitamin-a-serum-30ml-retinol-serum-hochdosiert-4-fach-wirkstoffkomplex-mit-retinol-retinal-bakuchiol-und-ceramiden-schnell-einziehende-anti-aging-creme-fuer-gesicht\/","url":"https:\/\/marktxxl.de\/markt\/produkt\/colibri-skincare-vitamin-a-serum-30ml-retinol-serum-hochdosiert-4-fach-wirkstoffkomplex-mit-retinol-retinal-bakuchiol-und-ceramiden-schnell-einziehende-anti-aging-creme-fuer-gesicht\/","name":"colibri skincare Vitamin A Serum - 30ml Retinol Serum hochdosiert - 4-fach Wirkstoffkomplex mit Retinol, Retinal\u2026 - Markt-XXL","isPartOf":{"@id":"https:\/\/marktxxl.de\/markt\/#website"},"primaryImageOfPage":{"@id":"https:\/\/marktxxl.de\/markt\/produkt\/colibri-skincare-vitamin-a-serum-30ml-retinol-serum-hochdosiert-4-fach-wirkstoffkomplex-mit-retinol-retinal-bakuchiol-und-ceramiden-schnell-einziehende-anti-aging-creme-fuer-gesicht\/#primaryimage"},"image":{"@id":"https:\/\/marktxxl.de\/markt\/produkt\/colibri-skincare-vitamin-a-serum-30ml-retinol-serum-hochdosiert-4-fach-wirkstoffkomplex-mit-retinol-retinal-bakuchiol-und-ceramiden-schnell-einziehende-anti-aging-creme-fuer-gesicht\/#primaryimage"},"thumbnailUrl":"https:\/\/m.media-amazon.com\/images\/I\/31MLHU0V0WL._SL500_.jpg","datePublished":"2023-01-10T01:26:09+00:00","dateModified":"2023-04-11T03:10:25+00:00","description":"Markt-XXL colibri skincare Vitamin A Serum - 30ml Retinol Serum hochdosiert - 4-fach Wirkstoffkomplex mit Retinol, Retinal\u2026","breadcrumb":{"@id":"https:\/\/marktxxl.de\/markt\/produkt\/colibri-skincare-vitamin-a-serum-30ml-retinol-serum-hochdosiert-4-fach-wirkstoffkomplex-mit-retinol-retinal-bakuchiol-und-ceramiden-schnell-einziehende-anti-aging-creme-fuer-gesicht\/#breadcrumb"},"inLanguage":"de","potentialAction":[{"@type":"ReadAction","target":["https:\/\/marktxxl.de\/markt\/produkt\/colibri-skincare-vitamin-a-serum-30ml-retinol-serum-hochdosiert-4-fach-wirkstoffkomplex-mit-retinol-retinal-bakuchiol-und-ceramiden-schnell-einziehende-anti-aging-creme-fuer-gesicht\/"]}]},{"@type":"ImageObject","inLanguage":"de","@id":"https:\/\/marktxxl.de\/markt\/produkt\/colibri-skincare-vitamin-a-serum-30ml-retinol-serum-hochdosiert-4-fach-wirkstoffkomplex-mit-retinol-retinal-bakuchiol-und-ceramiden-schnell-einziehende-anti-aging-creme-fuer-gesicht\/#primaryimage","url":"https:\/\/m.media-amazon.com\/images\/I\/31MLHU0V0WL._SL500_.jpg","contentUrl":"https:\/\/m.media-amazon.com\/images\/I\/31MLHU0V0WL._SL500_.jpg","width":500,"height":500},{"@type":"BreadcrumbList","@id":"https:\/\/marktxxl.de\/markt\/produkt\/colibri-skincare-vitamin-a-serum-30ml-retinol-serum-hochdosiert-4-fach-wirkstoffkomplex-mit-retinol-retinal-bakuchiol-und-ceramiden-schnell-einziehende-anti-aging-creme-fuer-gesicht\/#breadcrumb","itemListElement":[{"@type":"ListItem","position":1,"name":"Startseite","item":"https:\/\/marktxxl.de\/markt\/"},{"@type":"ListItem","position":2,"name":"Markt","item":"https:\/\/marktxxl.de\/markt\/"},{"@type":"ListItem","position":3,"name":"colibri skincare Vitamin A Serum &#8211; 30ml Retinol Serum hochdosiert &#8211; 4-fach Wirkstoffkomplex mit Retinol, Retinal\u2026"}]},{"@type":"WebSite","@id":"https:\/\/marktxxl.de\/markt\/#website","url":"https:\/\/marktxxl.de\/markt\/","name":"Markt-XXL","description":"Ihr Markt Online","publisher":{"@id":"https:\/\/marktxxl.de\/markt\/#organization"},"potentialAction":[{"@type":"SearchAction","target":{"@type":"EntryPoint","urlTemplate":"https:\/\/marktxxl.de\/markt\/?s={search_term_string}"},"query-input":{"@type":"PropertyValueSpecification","valueRequired":true,"valueName":"search_term_string"}}],"inLanguage":"de"},{"@type":"Organization","@id":"https:\/\/marktxxl.de\/markt\/#organization","name":"Markt-XXL","url":"https:\/\/marktxxl.de\/markt\/","logo":{"@type":"ImageObject","inLanguage":"de","@id":"https:\/\/marktxxl.de\/markt\/#\/schema\/logo\/image\/","url":"https:\/\/marktxxl.de\/markt\/wp-content\/uploads\/sites\/3\/2020\/12\/logo.png","contentUrl":"https:\/\/marktxxl.de\/markt\/wp-content\/uploads\/sites\/3\/2020\/12\/logo.png","width":200,"height":70,"caption":"Markt-XXL"},"image":{"@id":"https:\/\/marktxxl.de\/markt\/#\/schema\/logo\/image\/"}}]}},"_links":{"self":[{"href":"https:\/\/marktxxl.de\/markt\/wp-json\/wp\/v2\/product\/179867","targetHints":{"allow":["GET"]}}],"collection":[{"href":"https:\/\/marktxxl.de\/markt\/wp-json\/wp\/v2\/product"}],"about":[{"href":"https:\/\/marktxxl.de\/markt\/wp-json\/wp\/v2\/types\/product"}],"replies":[{"embeddable":true,"href":"https:\/\/marktxxl.de\/markt\/wp-json\/wp\/v2\/comments?post=179867"}],"wp:featuredmedia":[{"embeddable":true,"href":"https:\/\/marktxxl.de\/markt\/wp-json\/wp\/v2\/media\/179868"}],"wp:attachment":[{"href":"https:\/\/marktxxl.de\/markt\/wp-json\/wp\/v2\/media?parent=179867"}],"wp:term":[{"taxonomy":"product_brand","embeddable":true,"href":"https:\/\/marktxxl.de\/markt\/wp-json\/wp\/v2\/product_brand?post=179867"},{"taxonomy":"product_cat","embeddable":true,"href":"https:\/\/marktxxl.de\/markt\/wp-json\/wp\/v2\/product_cat?post=179867"},{"taxonomy":"product_tag","embeddable":true,"href":"https:\/\/marktxxl.de\/markt\/wp-json\/wp\/v2\/product_tag?post=179867"}],"curies":[{"name":"wp","href":"https:\/\/api.w.org\/{rel}","templated":true}]}}