{"id":179798,"date":"2023-01-10T02:22:56","date_gmt":"2023-01-10T01:22:56","guid":{"rendered":"https:\/\/marktxxl.de\/markt\/produkt\/die-besten-augenpads-gegen-augenringe-traenensaecke-faeltchen-hyaluron-kollagen-anti-aging-augenmaske-augen-gel-pads-mit-soforteffekt-30-paar-augenpflege-anti-falten\/"},"modified":"2023-04-11T05:10:24","modified_gmt":"2023-04-11T03:10:24","slug":"die-besten-augenpads-gegen-augenringe-traenensaecke-faeltchen-hyaluron-kollagen-anti-aging-augenmaske-augen-gel-pads-mit-soforteffekt-30-paar-augenpflege-anti-falten","status":"publish","type":"product","link":"https:\/\/marktxxl.de\/markt\/produkt\/die-besten-augenpads-gegen-augenringe-traenensaecke-faeltchen-hyaluron-kollagen-anti-aging-augenmaske-augen-gel-pads-mit-soforteffekt-30-paar-augenpflege-anti-falten\/","title":{"rendered":"Die BESTEN Augenpads gegen Augenringe, Tr\u00e4nens\u00e4cke &amp; F\u00e4ltchen &#8211; Hyaluron &amp; Kollagen Anti Aging Augenmaske &#8211; Augen Gel\u2026"},"content":{"rendered":"<p>\ud83d\udc99 LAST-MINUTE-EFFEKT MIT HYALURON UND KOLLAGEN &#8211; Augenringe, Tr\u00e4nens\u00e4cke und Trockenheitsf\u00e4ltchen. Nutze die schnelle L\u00f6sung f\u00fcr m\u00fcde Augen und sehe aus, als h\u00e4ttest du jeden Tag Deine vollen 8 Stunden Schlaf. &#8211; Sofortige Aufpolsterung oberfl\u00e4chlicher Falten, die Augenpartie wirkt straffer und jugendlicher.<br \/>\n\ud83d\udc99 EXPRESS-LIFTING UND FRISCHEKICK &#8211; Die verdoyer Augengelpads sind perfekt f\u00fcr Reisen, Jetlag oder um das Strahlen der Augen vor einer Party aufzufrischen. Unsere Augenpads sind wirksamer als eine Augencreme oder ein Serum und beschleunigen die Auslieferung der hochwirksamen Inhaltsstoffe. Die Hydrogele bleiben dort, wo sie am meisten ben\u00f6tigt werden.<br \/>\n\ud83d\udc99 AUSGEW\u00c4HLTE INHALTSSTOFFE &#8211; Feuchtigkeitsspendende Hyalurons\u00e4ure und Rotalge, tiefpflegendes Rosen\u00f6l, Schutz und Gl\u00e4ttung durch Vitamin E runden die einzigartige Pflegekraft unserer Hydrogel Augenpads ab. Hochqualitative Inhaltsstoffe versorgen die Haut mit Feuchtigkeit und verst\u00e4rken den Anti-Falten Effekt.<br \/>\n\ud83d\udc99 INTENSIVE PFLEGE F\u00dcR NAT\u00dcRLICHE SCH\u00d6NHEIT &#8211; Die verdoyer Augenpflege kann aufgrund der hohen Hautvertr\u00e4glichkeit auch bei empfindlicher Haut verwendet werden. Die samtweiche Formel wurde speziell mit dem Ziel entwickelt, die sensible Haut um die Augen zu straffen und ein frisches, jugendliches Strahlen im Gesicht zu hinterlassen.<br \/>\n\ud83d\udc99 PREMIUM QUALIT\u00c4T &#8211; Dieses Kosmetikprodukt wird an menschlichen Probanden auf Hautvertr\u00e4glichkeit getestet. 100% SICHER &amp; CRUELTY-FREE. Keine sch\u00e4dlichen Inhaltsstoffe. OHNE Parabene, OHNE Mineral\u00f6le, OHNE Mikroplastik, OHNE PEGs, OHNE Alkohol<br \/>\n<div class=\"main-cross-sell\" data-asin=\"B07WWJKDHP\">\n\n\t<div class=\"WooZone-cross-sell-loader\">\n\t\t<div>\n\t\t\t<div id=\"floatingBarsG\">\n\t\t\t\t<div class=\"blockG\" id=\"rotateG_01\"><\/div>\n\t\t\t\t<div class=\"blockG\" id=\"rotateG_02\"><\/div>\n\t\t\t\t<div class=\"blockG\" id=\"rotateG_03\"><\/div>\n\t\t\t\t<div class=\"blockG\" id=\"rotateG_04\"><\/div>\n\t\t\t\t<div class=\"blockG\" id=\"rotateG_05\"><\/div>\n\t\t\t\t<div class=\"blockG\" id=\"rotateG_06\"><\/div>\n\t\t\t\t<div class=\"blockG\" id=\"rotateG_07\"><\/div>\n\t\t\t\t<div class=\"blockG\" id=\"rotateG_08\"><\/div>\n\t\t\t<\/div>\n\t\t\t<div class=\"WooZone-cross-sell-loader-text\"><\/div>\n\t\t<\/div>\n\t<\/div>\n\n\t\t\n<\/div>\n<div style=\"clear:both;\"><\/div><\/p>\n","protected":false},"excerpt":{"rendered":"<p>\ud83d\udc99 LAST-MINUTE-EFFEKT MIT HYALURON UND KOLLAGEN &#8211; Augenringe, Tr\u00e4nens\u00e4cke und Trockenheitsf\u00e4ltchen. Nutze die schnelle L\u00f6sung f\u00fcr m\u00fcde Augen und sehe aus, als h\u00e4ttest du jeden Tag Deine vollen 8 Stunden Schlaf. &#8211; Sofortige Aufpolsterung oberfl\u00e4chlicher Falten, die Augenpartie wirkt straffer und jugendlicher.<br \/>\n\ud83d\udc99 EXPRESS-LIFTING UND FRISCHEKICK &#8211; Die verdoyer Augengelpads sind perfekt f\u00fcr Reisen, Jetlag oder um das Strahlen der Augen vor einer Party aufzufrischen. Unsere Augenpads sind wirksamer als eine Augencreme oder ein Serum und beschleunigen die Auslieferung der hochwirksamen Inhaltsstoffe. Die Hydrogele bleiben dort, wo sie am meisten ben\u00f6tigt werden.<br \/>\n\ud83d\udc99 AUSGEW\u00c4HLTE INHALTSSTOFFE &#8211; Feuchtigkeitsspendende Hyalurons\u00e4ure und Rotalge, tiefpflegendes Rosen\u00f6l, Schutz und Gl\u00e4ttung durch Vitamin E runden die einzigartige Pflegekraft unserer Hydrogel Augenpads ab. Hochqualitative Inhaltsstoffe versorgen die Haut mit Feuchtigkeit und verst\u00e4rken den Anti-Falten Effekt.<\/p>\n","protected":false},"featured_media":179799,"comment_status":"open","ping_status":"closed","template":"","meta":[],"product_brand":[],"product_cat":[2858,7067],"product_tag":[],"class_list":{"0":"post-179798","1":"product","2":"type-product","3":"status-publish","4":"has-post-thumbnail","6":"product_cat-beauty","7":"product_cat-hautpflege","8":"pa_binding-target","9":"pa_brand-verdoyer","10":"pa_manufacturer-verdoyer","11":"pa_size-60-stueck-1er-pack","13":"first","14":"instock","15":"shipping-taxable","16":"purchasable","17":"product-type-simple","18":"customify-col","19":"product-has-gallery"},"yoast_head":"<!-- This site is optimized with the Yoast SEO plugin v27.4 - https:\/\/yoast.com\/product\/yoast-seo-wordpress\/ -->\n<title>Die BESTEN Augenpads gegen Augenringe, Tr\u00e4nens\u00e4cke &amp; F\u00e4ltchen - Hyaluron &amp; Kollagen Anti Aging Augenmaske - Augen Gel\u2026 - Markt-XXL<\/title>\n<meta name=\"description\" content=\"Markt-XXL Die BESTEN Augenpads gegen Augenringe, Tr\u00e4nens\u00e4cke &amp; F\u00e4ltchen - Hyaluron &amp; Kollagen Anti Aging Augenmaske - Augen Gel\u2026\" \/>\n<meta name=\"robots\" content=\"index, follow, max-snippet:-1, max-image-preview:large, max-video-preview:-1\" \/>\n<link rel=\"canonical\" href=\"https:\/\/marktxxl.de\/markt\/produkt\/die-besten-augenpads-gegen-augenringe-traenensaecke-faeltchen-hyaluron-kollagen-anti-aging-augenmaske-augen-gel-pads-mit-soforteffekt-30-paar-augenpflege-anti-falten\/\" \/>\n<meta property=\"og:locale\" content=\"de_DE\" \/>\n<meta property=\"og:type\" content=\"article\" \/>\n<meta property=\"og:title\" content=\"Die BESTEN Augenpads gegen Augenringe, Tr\u00e4nens\u00e4cke &amp; F\u00e4ltchen - Hyaluron &amp; Kollagen Anti Aging Augenmaske - Augen Gel\u2026 - Markt-XXL\" \/>\n<meta property=\"og:description\" content=\"Markt-XXL Die BESTEN Augenpads gegen Augenringe, Tr\u00e4nens\u00e4cke &amp; F\u00e4ltchen - Hyaluron &amp; Kollagen Anti Aging Augenmaske - Augen Gel\u2026\" \/>\n<meta property=\"og:url\" content=\"https:\/\/marktxxl.de\/markt\/produkt\/die-besten-augenpads-gegen-augenringe-traenensaecke-faeltchen-hyaluron-kollagen-anti-aging-augenmaske-augen-gel-pads-mit-soforteffekt-30-paar-augenpflege-anti-falten\/\" \/>\n<meta property=\"og:site_name\" content=\"Markt-XXL\" \/>\n<meta property=\"article:modified_time\" content=\"2023-04-11T03:10:24+00:00\" \/>\n<meta property=\"og:image\" content=\"https:\/\/m.media-amazon.com\/images\/I\/41r-t9adQiL._SL500_.jpg\" \/>\n\t<meta property=\"og:image:width\" content=\"500\" \/>\n\t<meta property=\"og:image:height\" content=\"500\" \/>\n\t<meta property=\"og:image:type\" content=\"image\/jpeg\" \/>\n<meta name=\"twitter:card\" content=\"summary_large_image\" \/>\n<meta name=\"twitter:label1\" content=\"Gesch\u00e4tzte Lesezeit\" \/>\n\t<meta name=\"twitter:data1\" content=\"1\u00a0Minute\" \/>\n<script type=\"application\/ld+json\" class=\"yoast-schema-graph\">{\"@context\":\"https:\\\/\\\/schema.org\",\"@graph\":[{\"@type\":\"WebPage\",\"@id\":\"https:\\\/\\\/marktxxl.de\\\/markt\\\/produkt\\\/die-besten-augenpads-gegen-augenringe-traenensaecke-faeltchen-hyaluron-kollagen-anti-aging-augenmaske-augen-gel-pads-mit-soforteffekt-30-paar-augenpflege-anti-falten\\\/\",\"url\":\"https:\\\/\\\/marktxxl.de\\\/markt\\\/produkt\\\/die-besten-augenpads-gegen-augenringe-traenensaecke-faeltchen-hyaluron-kollagen-anti-aging-augenmaske-augen-gel-pads-mit-soforteffekt-30-paar-augenpflege-anti-falten\\\/\",\"name\":\"Die BESTEN Augenpads gegen Augenringe, Tr\u00e4nens\u00e4cke &amp; F\u00e4ltchen - Hyaluron &amp; Kollagen Anti Aging Augenmaske - Augen Gel\u2026 - Markt-XXL\",\"isPartOf\":{\"@id\":\"https:\\\/\\\/marktxxl.de\\\/markt\\\/#website\"},\"primaryImageOfPage\":{\"@id\":\"https:\\\/\\\/marktxxl.de\\\/markt\\\/produkt\\\/die-besten-augenpads-gegen-augenringe-traenensaecke-faeltchen-hyaluron-kollagen-anti-aging-augenmaske-augen-gel-pads-mit-soforteffekt-30-paar-augenpflege-anti-falten\\\/#primaryimage\"},\"image\":{\"@id\":\"https:\\\/\\\/marktxxl.de\\\/markt\\\/produkt\\\/die-besten-augenpads-gegen-augenringe-traenensaecke-faeltchen-hyaluron-kollagen-anti-aging-augenmaske-augen-gel-pads-mit-soforteffekt-30-paar-augenpflege-anti-falten\\\/#primaryimage\"},\"thumbnailUrl\":\"https:\\\/\\\/m.media-amazon.com\\\/images\\\/I\\\/41r-t9adQiL._SL500_.jpg\",\"datePublished\":\"2023-01-10T01:22:56+00:00\",\"dateModified\":\"2023-04-11T03:10:24+00:00\",\"description\":\"Markt-XXL Die BESTEN Augenpads gegen Augenringe, Tr\u00e4nens\u00e4cke &amp; F\u00e4ltchen - Hyaluron &amp; Kollagen Anti Aging Augenmaske - Augen Gel\u2026\",\"breadcrumb\":{\"@id\":\"https:\\\/\\\/marktxxl.de\\\/markt\\\/produkt\\\/die-besten-augenpads-gegen-augenringe-traenensaecke-faeltchen-hyaluron-kollagen-anti-aging-augenmaske-augen-gel-pads-mit-soforteffekt-30-paar-augenpflege-anti-falten\\\/#breadcrumb\"},\"inLanguage\":\"de\",\"potentialAction\":[{\"@type\":\"ReadAction\",\"target\":[\"https:\\\/\\\/marktxxl.de\\\/markt\\\/produkt\\\/die-besten-augenpads-gegen-augenringe-traenensaecke-faeltchen-hyaluron-kollagen-anti-aging-augenmaske-augen-gel-pads-mit-soforteffekt-30-paar-augenpflege-anti-falten\\\/\"]}]},{\"@type\":\"ImageObject\",\"inLanguage\":\"de\",\"@id\":\"https:\\\/\\\/marktxxl.de\\\/markt\\\/produkt\\\/die-besten-augenpads-gegen-augenringe-traenensaecke-faeltchen-hyaluron-kollagen-anti-aging-augenmaske-augen-gel-pads-mit-soforteffekt-30-paar-augenpflege-anti-falten\\\/#primaryimage\",\"url\":\"https:\\\/\\\/m.media-amazon.com\\\/images\\\/I\\\/41r-t9adQiL._SL500_.jpg\",\"contentUrl\":\"https:\\\/\\\/m.media-amazon.com\\\/images\\\/I\\\/41r-t9adQiL._SL500_.jpg\",\"width\":500,\"height\":500},{\"@type\":\"BreadcrumbList\",\"@id\":\"https:\\\/\\\/marktxxl.de\\\/markt\\\/produkt\\\/die-besten-augenpads-gegen-augenringe-traenensaecke-faeltchen-hyaluron-kollagen-anti-aging-augenmaske-augen-gel-pads-mit-soforteffekt-30-paar-augenpflege-anti-falten\\\/#breadcrumb\",\"itemListElement\":[{\"@type\":\"ListItem\",\"position\":1,\"name\":\"Startseite\",\"item\":\"https:\\\/\\\/marktxxl.de\\\/markt\\\/\"},{\"@type\":\"ListItem\",\"position\":2,\"name\":\"Markt\",\"item\":\"https:\\\/\\\/marktxxl.de\\\/markt\\\/\"},{\"@type\":\"ListItem\",\"position\":3,\"name\":\"Die BESTEN Augenpads gegen Augenringe, Tr\u00e4nens\u00e4cke &amp; F\u00e4ltchen &#8211; Hyaluron &amp; Kollagen Anti Aging Augenmaske &#8211; Augen Gel\u2026\"}]},{\"@type\":\"WebSite\",\"@id\":\"https:\\\/\\\/marktxxl.de\\\/markt\\\/#website\",\"url\":\"https:\\\/\\\/marktxxl.de\\\/markt\\\/\",\"name\":\"Markt-XXL\",\"description\":\"Ihr Markt Online\",\"publisher\":{\"@id\":\"https:\\\/\\\/marktxxl.de\\\/markt\\\/#organization\"},\"potentialAction\":[{\"@type\":\"SearchAction\",\"target\":{\"@type\":\"EntryPoint\",\"urlTemplate\":\"https:\\\/\\\/marktxxl.de\\\/markt\\\/?s={search_term_string}\"},\"query-input\":{\"@type\":\"PropertyValueSpecification\",\"valueRequired\":true,\"valueName\":\"search_term_string\"}}],\"inLanguage\":\"de\"},{\"@type\":\"Organization\",\"@id\":\"https:\\\/\\\/marktxxl.de\\\/markt\\\/#organization\",\"name\":\"Markt-XXL\",\"url\":\"https:\\\/\\\/marktxxl.de\\\/markt\\\/\",\"logo\":{\"@type\":\"ImageObject\",\"inLanguage\":\"de\",\"@id\":\"https:\\\/\\\/marktxxl.de\\\/markt\\\/#\\\/schema\\\/logo\\\/image\\\/\",\"url\":\"https:\\\/\\\/marktxxl.de\\\/markt\\\/wp-content\\\/uploads\\\/sites\\\/3\\\/2020\\\/12\\\/logo.png\",\"contentUrl\":\"https:\\\/\\\/marktxxl.de\\\/markt\\\/wp-content\\\/uploads\\\/sites\\\/3\\\/2020\\\/12\\\/logo.png\",\"width\":200,\"height\":70,\"caption\":\"Markt-XXL\"},\"image\":{\"@id\":\"https:\\\/\\\/marktxxl.de\\\/markt\\\/#\\\/schema\\\/logo\\\/image\\\/\"}}]}<\/script>\n<!-- \/ Yoast SEO plugin. -->","yoast_head_json":{"title":"Die BESTEN Augenpads gegen Augenringe, Tr\u00e4nens\u00e4cke &amp; F\u00e4ltchen - Hyaluron &amp; Kollagen Anti Aging Augenmaske - Augen Gel\u2026 - Markt-XXL","description":"Markt-XXL Die BESTEN Augenpads gegen Augenringe, Tr\u00e4nens\u00e4cke &amp; F\u00e4ltchen - Hyaluron &amp; Kollagen Anti Aging Augenmaske - Augen Gel\u2026","robots":{"index":"index","follow":"follow","max-snippet":"max-snippet:-1","max-image-preview":"max-image-preview:large","max-video-preview":"max-video-preview:-1"},"canonical":"https:\/\/marktxxl.de\/markt\/produkt\/die-besten-augenpads-gegen-augenringe-traenensaecke-faeltchen-hyaluron-kollagen-anti-aging-augenmaske-augen-gel-pads-mit-soforteffekt-30-paar-augenpflege-anti-falten\/","og_locale":"de_DE","og_type":"article","og_title":"Die BESTEN Augenpads gegen Augenringe, Tr\u00e4nens\u00e4cke &amp; F\u00e4ltchen - Hyaluron &amp; Kollagen Anti Aging Augenmaske - Augen Gel\u2026 - Markt-XXL","og_description":"Markt-XXL Die BESTEN Augenpads gegen Augenringe, Tr\u00e4nens\u00e4cke &amp; F\u00e4ltchen - Hyaluron &amp; Kollagen Anti Aging Augenmaske - Augen Gel\u2026","og_url":"https:\/\/marktxxl.de\/markt\/produkt\/die-besten-augenpads-gegen-augenringe-traenensaecke-faeltchen-hyaluron-kollagen-anti-aging-augenmaske-augen-gel-pads-mit-soforteffekt-30-paar-augenpflege-anti-falten\/","og_site_name":"Markt-XXL","article_modified_time":"2023-04-11T03:10:24+00:00","og_image":[{"width":500,"height":500,"url":"https:\/\/m.media-amazon.com\/images\/I\/41r-t9adQiL._SL500_.jpg","type":"image\/jpeg"}],"twitter_card":"summary_large_image","twitter_misc":{"Gesch\u00e4tzte Lesezeit":"1\u00a0Minute"},"schema":{"@context":"https:\/\/schema.org","@graph":[{"@type":"WebPage","@id":"https:\/\/marktxxl.de\/markt\/produkt\/die-besten-augenpads-gegen-augenringe-traenensaecke-faeltchen-hyaluron-kollagen-anti-aging-augenmaske-augen-gel-pads-mit-soforteffekt-30-paar-augenpflege-anti-falten\/","url":"https:\/\/marktxxl.de\/markt\/produkt\/die-besten-augenpads-gegen-augenringe-traenensaecke-faeltchen-hyaluron-kollagen-anti-aging-augenmaske-augen-gel-pads-mit-soforteffekt-30-paar-augenpflege-anti-falten\/","name":"Die BESTEN Augenpads gegen Augenringe, Tr\u00e4nens\u00e4cke &amp; F\u00e4ltchen - Hyaluron &amp; Kollagen Anti Aging Augenmaske - Augen Gel\u2026 - Markt-XXL","isPartOf":{"@id":"https:\/\/marktxxl.de\/markt\/#website"},"primaryImageOfPage":{"@id":"https:\/\/marktxxl.de\/markt\/produkt\/die-besten-augenpads-gegen-augenringe-traenensaecke-faeltchen-hyaluron-kollagen-anti-aging-augenmaske-augen-gel-pads-mit-soforteffekt-30-paar-augenpflege-anti-falten\/#primaryimage"},"image":{"@id":"https:\/\/marktxxl.de\/markt\/produkt\/die-besten-augenpads-gegen-augenringe-traenensaecke-faeltchen-hyaluron-kollagen-anti-aging-augenmaske-augen-gel-pads-mit-soforteffekt-30-paar-augenpflege-anti-falten\/#primaryimage"},"thumbnailUrl":"https:\/\/m.media-amazon.com\/images\/I\/41r-t9adQiL._SL500_.jpg","datePublished":"2023-01-10T01:22:56+00:00","dateModified":"2023-04-11T03:10:24+00:00","description":"Markt-XXL Die BESTEN Augenpads gegen Augenringe, Tr\u00e4nens\u00e4cke &amp; F\u00e4ltchen - Hyaluron &amp; Kollagen Anti Aging Augenmaske - Augen Gel\u2026","breadcrumb":{"@id":"https:\/\/marktxxl.de\/markt\/produkt\/die-besten-augenpads-gegen-augenringe-traenensaecke-faeltchen-hyaluron-kollagen-anti-aging-augenmaske-augen-gel-pads-mit-soforteffekt-30-paar-augenpflege-anti-falten\/#breadcrumb"},"inLanguage":"de","potentialAction":[{"@type":"ReadAction","target":["https:\/\/marktxxl.de\/markt\/produkt\/die-besten-augenpads-gegen-augenringe-traenensaecke-faeltchen-hyaluron-kollagen-anti-aging-augenmaske-augen-gel-pads-mit-soforteffekt-30-paar-augenpflege-anti-falten\/"]}]},{"@type":"ImageObject","inLanguage":"de","@id":"https:\/\/marktxxl.de\/markt\/produkt\/die-besten-augenpads-gegen-augenringe-traenensaecke-faeltchen-hyaluron-kollagen-anti-aging-augenmaske-augen-gel-pads-mit-soforteffekt-30-paar-augenpflege-anti-falten\/#primaryimage","url":"https:\/\/m.media-amazon.com\/images\/I\/41r-t9adQiL._SL500_.jpg","contentUrl":"https:\/\/m.media-amazon.com\/images\/I\/41r-t9adQiL._SL500_.jpg","width":500,"height":500},{"@type":"BreadcrumbList","@id":"https:\/\/marktxxl.de\/markt\/produkt\/die-besten-augenpads-gegen-augenringe-traenensaecke-faeltchen-hyaluron-kollagen-anti-aging-augenmaske-augen-gel-pads-mit-soforteffekt-30-paar-augenpflege-anti-falten\/#breadcrumb","itemListElement":[{"@type":"ListItem","position":1,"name":"Startseite","item":"https:\/\/marktxxl.de\/markt\/"},{"@type":"ListItem","position":2,"name":"Markt","item":"https:\/\/marktxxl.de\/markt\/"},{"@type":"ListItem","position":3,"name":"Die BESTEN Augenpads gegen Augenringe, Tr\u00e4nens\u00e4cke &amp; F\u00e4ltchen &#8211; Hyaluron &amp; Kollagen Anti Aging Augenmaske &#8211; Augen Gel\u2026"}]},{"@type":"WebSite","@id":"https:\/\/marktxxl.de\/markt\/#website","url":"https:\/\/marktxxl.de\/markt\/","name":"Markt-XXL","description":"Ihr Markt Online","publisher":{"@id":"https:\/\/marktxxl.de\/markt\/#organization"},"potentialAction":[{"@type":"SearchAction","target":{"@type":"EntryPoint","urlTemplate":"https:\/\/marktxxl.de\/markt\/?s={search_term_string}"},"query-input":{"@type":"PropertyValueSpecification","valueRequired":true,"valueName":"search_term_string"}}],"inLanguage":"de"},{"@type":"Organization","@id":"https:\/\/marktxxl.de\/markt\/#organization","name":"Markt-XXL","url":"https:\/\/marktxxl.de\/markt\/","logo":{"@type":"ImageObject","inLanguage":"de","@id":"https:\/\/marktxxl.de\/markt\/#\/schema\/logo\/image\/","url":"https:\/\/marktxxl.de\/markt\/wp-content\/uploads\/sites\/3\/2020\/12\/logo.png","contentUrl":"https:\/\/marktxxl.de\/markt\/wp-content\/uploads\/sites\/3\/2020\/12\/logo.png","width":200,"height":70,"caption":"Markt-XXL"},"image":{"@id":"https:\/\/marktxxl.de\/markt\/#\/schema\/logo\/image\/"}}]}},"_links":{"self":[{"href":"https:\/\/marktxxl.de\/markt\/wp-json\/wp\/v2\/product\/179798","targetHints":{"allow":["GET"]}}],"collection":[{"href":"https:\/\/marktxxl.de\/markt\/wp-json\/wp\/v2\/product"}],"about":[{"href":"https:\/\/marktxxl.de\/markt\/wp-json\/wp\/v2\/types\/product"}],"replies":[{"embeddable":true,"href":"https:\/\/marktxxl.de\/markt\/wp-json\/wp\/v2\/comments?post=179798"}],"wp:featuredmedia":[{"embeddable":true,"href":"https:\/\/marktxxl.de\/markt\/wp-json\/wp\/v2\/media\/179799"}],"wp:attachment":[{"href":"https:\/\/marktxxl.de\/markt\/wp-json\/wp\/v2\/media?parent=179798"}],"wp:term":[{"taxonomy":"product_brand","embeddable":true,"href":"https:\/\/marktxxl.de\/markt\/wp-json\/wp\/v2\/product_brand?post=179798"},{"taxonomy":"product_cat","embeddable":true,"href":"https:\/\/marktxxl.de\/markt\/wp-json\/wp\/v2\/product_cat?post=179798"},{"taxonomy":"product_tag","embeddable":true,"href":"https:\/\/marktxxl.de\/markt\/wp-json\/wp\/v2\/product_tag?post=179798"}],"curies":[{"name":"wp","href":"https:\/\/api.w.org\/{rel}","templated":true}]}}