{"id":179660,"date":"2023-01-10T02:16:51","date_gmt":"2023-01-10T01:16:51","guid":{"rendered":"https:\/\/marktxxl.de\/markt\/produkt\/outdoormaster-2-paar-unisex-merinowolle-skisocken-fuer-damen-herren-winter-snowboarding-atmungsaktive-socken-fuer-outdoor-sportarten-mit-otc-design-anti-rutsch-buendchen\/"},"modified":"2023-04-10T05:19:23","modified_gmt":"2023-04-10T03:19:23","slug":"outdoormaster-2-paar-unisex-merinowolle-skisocken-fuer-damen-herren-winter-snowboarding-atmungsaktive-socken-fuer-outdoor-sportarten-mit-otc-design-anti-rutsch-buendchen","status":"publish","type":"product","link":"https:\/\/marktxxl.de\/markt\/produkt\/outdoormaster-2-paar-unisex-merinowolle-skisocken-fuer-damen-herren-winter-snowboarding-atmungsaktive-socken-fuer-outdoor-sportarten-mit-otc-design-anti-rutsch-buendchen\/","title":{"rendered":"OutdoorMaster 2 Paar Unisex Merinowolle Skisocken f\u00fcr Damen &amp; Herren, Winter Snowboarding Atmungsaktive Socken f\u00fcr\u2026"},"content":{"rendered":"<p>ATMUNGSF\u00c4HIG, WARM &amp; KOMFORTABEL &#8211; Hergestellt in einer Vielzahl von Gr\u00f6\u00dfen aus einer Merinowollmischung, die LEICHT, ATMUNGSF\u00c4HIG ist und die Geruchsbildung VERHINDERT. Au\u00dferdem h\u00e4lt sie die F\u00fc\u00dfe dank ihrer feuchtigkeitsableitenden Eigenschaften trocken.<br \/>\nOVER CALF DESIGN (OTC) &#8211; Design mit hohem Wadenbereich und Elastizit\u00e4t f\u00fcr die ULTIMATIVE KOMFORTABLE PASSFORM. Ideal zum Skifahren, Snowboarden und f\u00fcr andere Schneesportarten.<br \/>\nSTAYS UP &#8211; Ausgestattet mit einem NON-SLIP CUFF, der daf\u00fcr sorgt, dass die Socke oben bleibt. Socken, die in den Schuhen herunterrutschen, geh\u00f6ren der Vergangenheit an!<br \/>\nITCH-FREE, MADE TO LAST, EASY TO WASH &amp; BEAUTIFUL PACKAGE BAG &#8211; Erleben Sie eine juckfreie Zeit im Schnee mit dieser hochwertigen Merinowollmischung. Und danach genie\u00dfen Sie die gro\u00dfartige, maschinenwaschbare Qualit\u00e4t, die f\u00fcr eine lange Lebensdauer sorgt. Die Verpackung macht sie zu einem perfekten Geschenkartikel!<br \/>\nWas Sie erhalten: OutdoorMaster 2 Paar OutdoorMaster Skisocken, unseren KUNDENFREUNDLICHEN 6-Monats-Kundenservice.<br \/>\n<div class=\"main-cross-sell\" data-asin=\"B0B6FS2HXC\">\n\n\t<div class=\"WooZone-cross-sell-loader\">\n\t\t<div>\n\t\t\t<div id=\"floatingBarsG\">\n\t\t\t\t<div class=\"blockG\" id=\"rotateG_01\"><\/div>\n\t\t\t\t<div class=\"blockG\" id=\"rotateG_02\"><\/div>\n\t\t\t\t<div class=\"blockG\" id=\"rotateG_03\"><\/div>\n\t\t\t\t<div class=\"blockG\" id=\"rotateG_04\"><\/div>\n\t\t\t\t<div class=\"blockG\" id=\"rotateG_05\"><\/div>\n\t\t\t\t<div class=\"blockG\" id=\"rotateG_06\"><\/div>\n\t\t\t\t<div class=\"blockG\" id=\"rotateG_07\"><\/div>\n\t\t\t\t<div class=\"blockG\" id=\"rotateG_08\"><\/div>\n\t\t\t<\/div>\n\t\t\t<div class=\"WooZone-cross-sell-loader-text\"><\/div>\n\t\t<\/div>\n\t<\/div>\n\n\t\t\n<\/div>\n<div style=\"clear:both;\"><\/div><\/p>\n","protected":false},"excerpt":{"rendered":"<p>ATMUNGSF\u00c4HIG, WARM &amp; KOMFORTABEL &#8211; Hergestellt in einer Vielzahl von Gr\u00f6\u00dfen aus einer Merinowollmischung, die LEICHT, ATMUNGSF\u00c4HIG ist und die Geruchsbildung VERHINDERT. Au\u00dferdem h\u00e4lt sie die F\u00fc\u00dfe dank ihrer feuchtigkeitsableitenden Eigenschaften trocken.<br \/>\nOVER CALF DESIGN (OTC) &#8211; Design mit hohem Wadenbereich und Elastizit\u00e4t f\u00fcr die ULTIMATIVE KOMFORTABLE PASSFORM. Ideal zum Skifahren, Snowboarden und f\u00fcr andere Schneesportarten.<br \/>\nSTAYS UP &#8211; Ausgestattet mit einem NON-SLIP CUFF, der daf\u00fcr sorgt, dass die Socke oben bleibt. Socken, die in den Schuhen herunterrutschen, geh\u00f6ren der Vergangenheit an!<\/p>\n","protected":false},"featured_media":179661,"comment_status":"open","ping_status":"closed","template":"","meta":[],"product_brand":[],"product_cat":[1186],"product_tag":[],"class_list":{"0":"post-179660","1":"product","2":"type-product","3":"status-publish","4":"has-post-thumbnail","6":"product_cat-bekleidung","7":"pa_brand-outdoormaster","8":"pa_manufacturer-outdoormaster","10":"first","11":"instock","12":"shipping-taxable","13":"purchasable","14":"product-type-simple","15":"customify-col","16":"product-has-gallery"},"yoast_head":"<!-- This site is optimized with the Yoast SEO plugin v27.4 - https:\/\/yoast.com\/product\/yoast-seo-wordpress\/ -->\n<title>OutdoorMaster 2 Paar Unisex Merinowolle Skisocken f\u00fcr Damen &amp; Herren, Winter Snowboarding Atmungsaktive Socken f\u00fcr\u2026 - Markt-XXL<\/title>\n<meta name=\"description\" content=\"Markt-XXL OutdoorMaster 2 Paar Unisex Merinowolle Skisocken f\u00fcr Damen &amp; Herren, Winter Snowboarding Atmungsaktive Socken f\u00fcr\u2026\" \/>\n<meta name=\"robots\" content=\"index, follow, max-snippet:-1, max-image-preview:large, max-video-preview:-1\" \/>\n<link rel=\"canonical\" href=\"https:\/\/marktxxl.de\/markt\/produkt\/outdoormaster-2-paar-unisex-merinowolle-skisocken-fuer-damen-herren-winter-snowboarding-atmungsaktive-socken-fuer-outdoor-sportarten-mit-otc-design-anti-rutsch-buendchen\/\" \/>\n<meta property=\"og:locale\" content=\"de_DE\" \/>\n<meta property=\"og:type\" content=\"article\" \/>\n<meta property=\"og:title\" content=\"OutdoorMaster 2 Paar Unisex Merinowolle Skisocken f\u00fcr Damen &amp; Herren, Winter Snowboarding Atmungsaktive Socken f\u00fcr\u2026 - Markt-XXL\" \/>\n<meta property=\"og:description\" content=\"Markt-XXL OutdoorMaster 2 Paar Unisex Merinowolle Skisocken f\u00fcr Damen &amp; Herren, Winter Snowboarding Atmungsaktive Socken f\u00fcr\u2026\" \/>\n<meta property=\"og:url\" content=\"https:\/\/marktxxl.de\/markt\/produkt\/outdoormaster-2-paar-unisex-merinowolle-skisocken-fuer-damen-herren-winter-snowboarding-atmungsaktive-socken-fuer-outdoor-sportarten-mit-otc-design-anti-rutsch-buendchen\/\" \/>\n<meta property=\"og:site_name\" content=\"Markt-XXL\" \/>\n<meta property=\"article:modified_time\" content=\"2023-04-10T03:19:23+00:00\" \/>\n<meta property=\"og:image\" content=\"https:\/\/m.media-amazon.com\/images\/I\/515E8fqqdrL._SL500_.jpg\" \/>\n\t<meta property=\"og:image:width\" content=\"500\" \/>\n\t<meta property=\"og:image:height\" content=\"500\" \/>\n\t<meta property=\"og:image:type\" content=\"image\/jpeg\" \/>\n<meta name=\"twitter:card\" content=\"summary_large_image\" \/>\n<meta name=\"twitter:label1\" content=\"Gesch\u00e4tzte Lesezeit\" \/>\n\t<meta name=\"twitter:data1\" content=\"1\u00a0Minute\" \/>\n<script type=\"application\/ld+json\" class=\"yoast-schema-graph\">{\"@context\":\"https:\\\/\\\/schema.org\",\"@graph\":[{\"@type\":\"WebPage\",\"@id\":\"https:\\\/\\\/marktxxl.de\\\/markt\\\/produkt\\\/outdoormaster-2-paar-unisex-merinowolle-skisocken-fuer-damen-herren-winter-snowboarding-atmungsaktive-socken-fuer-outdoor-sportarten-mit-otc-design-anti-rutsch-buendchen\\\/\",\"url\":\"https:\\\/\\\/marktxxl.de\\\/markt\\\/produkt\\\/outdoormaster-2-paar-unisex-merinowolle-skisocken-fuer-damen-herren-winter-snowboarding-atmungsaktive-socken-fuer-outdoor-sportarten-mit-otc-design-anti-rutsch-buendchen\\\/\",\"name\":\"OutdoorMaster 2 Paar Unisex Merinowolle Skisocken f\u00fcr Damen &amp; Herren, Winter Snowboarding Atmungsaktive Socken f\u00fcr\u2026 - Markt-XXL\",\"isPartOf\":{\"@id\":\"https:\\\/\\\/marktxxl.de\\\/markt\\\/#website\"},\"primaryImageOfPage\":{\"@id\":\"https:\\\/\\\/marktxxl.de\\\/markt\\\/produkt\\\/outdoormaster-2-paar-unisex-merinowolle-skisocken-fuer-damen-herren-winter-snowboarding-atmungsaktive-socken-fuer-outdoor-sportarten-mit-otc-design-anti-rutsch-buendchen\\\/#primaryimage\"},\"image\":{\"@id\":\"https:\\\/\\\/marktxxl.de\\\/markt\\\/produkt\\\/outdoormaster-2-paar-unisex-merinowolle-skisocken-fuer-damen-herren-winter-snowboarding-atmungsaktive-socken-fuer-outdoor-sportarten-mit-otc-design-anti-rutsch-buendchen\\\/#primaryimage\"},\"thumbnailUrl\":\"https:\\\/\\\/m.media-amazon.com\\\/images\\\/I\\\/515E8fqqdrL._SL500_.jpg\",\"datePublished\":\"2023-01-10T01:16:51+00:00\",\"dateModified\":\"2023-04-10T03:19:23+00:00\",\"description\":\"Markt-XXL OutdoorMaster 2 Paar Unisex Merinowolle Skisocken f\u00fcr Damen &amp; Herren, Winter Snowboarding Atmungsaktive Socken f\u00fcr\u2026\",\"breadcrumb\":{\"@id\":\"https:\\\/\\\/marktxxl.de\\\/markt\\\/produkt\\\/outdoormaster-2-paar-unisex-merinowolle-skisocken-fuer-damen-herren-winter-snowboarding-atmungsaktive-socken-fuer-outdoor-sportarten-mit-otc-design-anti-rutsch-buendchen\\\/#breadcrumb\"},\"inLanguage\":\"de\",\"potentialAction\":[{\"@type\":\"ReadAction\",\"target\":[\"https:\\\/\\\/marktxxl.de\\\/markt\\\/produkt\\\/outdoormaster-2-paar-unisex-merinowolle-skisocken-fuer-damen-herren-winter-snowboarding-atmungsaktive-socken-fuer-outdoor-sportarten-mit-otc-design-anti-rutsch-buendchen\\\/\"]}]},{\"@type\":\"ImageObject\",\"inLanguage\":\"de\",\"@id\":\"https:\\\/\\\/marktxxl.de\\\/markt\\\/produkt\\\/outdoormaster-2-paar-unisex-merinowolle-skisocken-fuer-damen-herren-winter-snowboarding-atmungsaktive-socken-fuer-outdoor-sportarten-mit-otc-design-anti-rutsch-buendchen\\\/#primaryimage\",\"url\":\"https:\\\/\\\/m.media-amazon.com\\\/images\\\/I\\\/515E8fqqdrL._SL500_.jpg\",\"contentUrl\":\"https:\\\/\\\/m.media-amazon.com\\\/images\\\/I\\\/515E8fqqdrL._SL500_.jpg\",\"width\":500,\"height\":500},{\"@type\":\"BreadcrumbList\",\"@id\":\"https:\\\/\\\/marktxxl.de\\\/markt\\\/produkt\\\/outdoormaster-2-paar-unisex-merinowolle-skisocken-fuer-damen-herren-winter-snowboarding-atmungsaktive-socken-fuer-outdoor-sportarten-mit-otc-design-anti-rutsch-buendchen\\\/#breadcrumb\",\"itemListElement\":[{\"@type\":\"ListItem\",\"position\":1,\"name\":\"Startseite\",\"item\":\"https:\\\/\\\/marktxxl.de\\\/markt\\\/\"},{\"@type\":\"ListItem\",\"position\":2,\"name\":\"Markt\",\"item\":\"https:\\\/\\\/marktxxl.de\\\/markt\\\/\"},{\"@type\":\"ListItem\",\"position\":3,\"name\":\"OutdoorMaster 2 Paar Unisex Merinowolle Skisocken f\u00fcr Damen &amp; Herren, Winter Snowboarding Atmungsaktive Socken f\u00fcr\u2026\"}]},{\"@type\":\"WebSite\",\"@id\":\"https:\\\/\\\/marktxxl.de\\\/markt\\\/#website\",\"url\":\"https:\\\/\\\/marktxxl.de\\\/markt\\\/\",\"name\":\"Markt-XXL\",\"description\":\"Ihr Markt Online\",\"publisher\":{\"@id\":\"https:\\\/\\\/marktxxl.de\\\/markt\\\/#organization\"},\"potentialAction\":[{\"@type\":\"SearchAction\",\"target\":{\"@type\":\"EntryPoint\",\"urlTemplate\":\"https:\\\/\\\/marktxxl.de\\\/markt\\\/?s={search_term_string}\"},\"query-input\":{\"@type\":\"PropertyValueSpecification\",\"valueRequired\":true,\"valueName\":\"search_term_string\"}}],\"inLanguage\":\"de\"},{\"@type\":\"Organization\",\"@id\":\"https:\\\/\\\/marktxxl.de\\\/markt\\\/#organization\",\"name\":\"Markt-XXL\",\"url\":\"https:\\\/\\\/marktxxl.de\\\/markt\\\/\",\"logo\":{\"@type\":\"ImageObject\",\"inLanguage\":\"de\",\"@id\":\"https:\\\/\\\/marktxxl.de\\\/markt\\\/#\\\/schema\\\/logo\\\/image\\\/\",\"url\":\"https:\\\/\\\/marktxxl.de\\\/markt\\\/wp-content\\\/uploads\\\/sites\\\/3\\\/2020\\\/12\\\/logo.png\",\"contentUrl\":\"https:\\\/\\\/marktxxl.de\\\/markt\\\/wp-content\\\/uploads\\\/sites\\\/3\\\/2020\\\/12\\\/logo.png\",\"width\":200,\"height\":70,\"caption\":\"Markt-XXL\"},\"image\":{\"@id\":\"https:\\\/\\\/marktxxl.de\\\/markt\\\/#\\\/schema\\\/logo\\\/image\\\/\"}}]}<\/script>\n<!-- \/ Yoast SEO plugin. -->","yoast_head_json":{"title":"OutdoorMaster 2 Paar Unisex Merinowolle Skisocken f\u00fcr Damen &amp; Herren, Winter Snowboarding Atmungsaktive Socken f\u00fcr\u2026 - Markt-XXL","description":"Markt-XXL OutdoorMaster 2 Paar Unisex Merinowolle Skisocken f\u00fcr Damen &amp; Herren, Winter Snowboarding Atmungsaktive Socken f\u00fcr\u2026","robots":{"index":"index","follow":"follow","max-snippet":"max-snippet:-1","max-image-preview":"max-image-preview:large","max-video-preview":"max-video-preview:-1"},"canonical":"https:\/\/marktxxl.de\/markt\/produkt\/outdoormaster-2-paar-unisex-merinowolle-skisocken-fuer-damen-herren-winter-snowboarding-atmungsaktive-socken-fuer-outdoor-sportarten-mit-otc-design-anti-rutsch-buendchen\/","og_locale":"de_DE","og_type":"article","og_title":"OutdoorMaster 2 Paar Unisex Merinowolle Skisocken f\u00fcr Damen &amp; Herren, Winter Snowboarding Atmungsaktive Socken f\u00fcr\u2026 - Markt-XXL","og_description":"Markt-XXL OutdoorMaster 2 Paar Unisex Merinowolle Skisocken f\u00fcr Damen &amp; Herren, Winter Snowboarding Atmungsaktive Socken f\u00fcr\u2026","og_url":"https:\/\/marktxxl.de\/markt\/produkt\/outdoormaster-2-paar-unisex-merinowolle-skisocken-fuer-damen-herren-winter-snowboarding-atmungsaktive-socken-fuer-outdoor-sportarten-mit-otc-design-anti-rutsch-buendchen\/","og_site_name":"Markt-XXL","article_modified_time":"2023-04-10T03:19:23+00:00","og_image":[{"width":500,"height":500,"url":"https:\/\/m.media-amazon.com\/images\/I\/515E8fqqdrL._SL500_.jpg","type":"image\/jpeg"}],"twitter_card":"summary_large_image","twitter_misc":{"Gesch\u00e4tzte Lesezeit":"1\u00a0Minute"},"schema":{"@context":"https:\/\/schema.org","@graph":[{"@type":"WebPage","@id":"https:\/\/marktxxl.de\/markt\/produkt\/outdoormaster-2-paar-unisex-merinowolle-skisocken-fuer-damen-herren-winter-snowboarding-atmungsaktive-socken-fuer-outdoor-sportarten-mit-otc-design-anti-rutsch-buendchen\/","url":"https:\/\/marktxxl.de\/markt\/produkt\/outdoormaster-2-paar-unisex-merinowolle-skisocken-fuer-damen-herren-winter-snowboarding-atmungsaktive-socken-fuer-outdoor-sportarten-mit-otc-design-anti-rutsch-buendchen\/","name":"OutdoorMaster 2 Paar Unisex Merinowolle Skisocken f\u00fcr Damen &amp; Herren, Winter Snowboarding Atmungsaktive Socken f\u00fcr\u2026 - Markt-XXL","isPartOf":{"@id":"https:\/\/marktxxl.de\/markt\/#website"},"primaryImageOfPage":{"@id":"https:\/\/marktxxl.de\/markt\/produkt\/outdoormaster-2-paar-unisex-merinowolle-skisocken-fuer-damen-herren-winter-snowboarding-atmungsaktive-socken-fuer-outdoor-sportarten-mit-otc-design-anti-rutsch-buendchen\/#primaryimage"},"image":{"@id":"https:\/\/marktxxl.de\/markt\/produkt\/outdoormaster-2-paar-unisex-merinowolle-skisocken-fuer-damen-herren-winter-snowboarding-atmungsaktive-socken-fuer-outdoor-sportarten-mit-otc-design-anti-rutsch-buendchen\/#primaryimage"},"thumbnailUrl":"https:\/\/m.media-amazon.com\/images\/I\/515E8fqqdrL._SL500_.jpg","datePublished":"2023-01-10T01:16:51+00:00","dateModified":"2023-04-10T03:19:23+00:00","description":"Markt-XXL OutdoorMaster 2 Paar Unisex Merinowolle Skisocken f\u00fcr Damen &amp; Herren, Winter Snowboarding Atmungsaktive Socken f\u00fcr\u2026","breadcrumb":{"@id":"https:\/\/marktxxl.de\/markt\/produkt\/outdoormaster-2-paar-unisex-merinowolle-skisocken-fuer-damen-herren-winter-snowboarding-atmungsaktive-socken-fuer-outdoor-sportarten-mit-otc-design-anti-rutsch-buendchen\/#breadcrumb"},"inLanguage":"de","potentialAction":[{"@type":"ReadAction","target":["https:\/\/marktxxl.de\/markt\/produkt\/outdoormaster-2-paar-unisex-merinowolle-skisocken-fuer-damen-herren-winter-snowboarding-atmungsaktive-socken-fuer-outdoor-sportarten-mit-otc-design-anti-rutsch-buendchen\/"]}]},{"@type":"ImageObject","inLanguage":"de","@id":"https:\/\/marktxxl.de\/markt\/produkt\/outdoormaster-2-paar-unisex-merinowolle-skisocken-fuer-damen-herren-winter-snowboarding-atmungsaktive-socken-fuer-outdoor-sportarten-mit-otc-design-anti-rutsch-buendchen\/#primaryimage","url":"https:\/\/m.media-amazon.com\/images\/I\/515E8fqqdrL._SL500_.jpg","contentUrl":"https:\/\/m.media-amazon.com\/images\/I\/515E8fqqdrL._SL500_.jpg","width":500,"height":500},{"@type":"BreadcrumbList","@id":"https:\/\/marktxxl.de\/markt\/produkt\/outdoormaster-2-paar-unisex-merinowolle-skisocken-fuer-damen-herren-winter-snowboarding-atmungsaktive-socken-fuer-outdoor-sportarten-mit-otc-design-anti-rutsch-buendchen\/#breadcrumb","itemListElement":[{"@type":"ListItem","position":1,"name":"Startseite","item":"https:\/\/marktxxl.de\/markt\/"},{"@type":"ListItem","position":2,"name":"Markt","item":"https:\/\/marktxxl.de\/markt\/"},{"@type":"ListItem","position":3,"name":"OutdoorMaster 2 Paar Unisex Merinowolle Skisocken f\u00fcr Damen &amp; Herren, Winter Snowboarding Atmungsaktive Socken f\u00fcr\u2026"}]},{"@type":"WebSite","@id":"https:\/\/marktxxl.de\/markt\/#website","url":"https:\/\/marktxxl.de\/markt\/","name":"Markt-XXL","description":"Ihr Markt Online","publisher":{"@id":"https:\/\/marktxxl.de\/markt\/#organization"},"potentialAction":[{"@type":"SearchAction","target":{"@type":"EntryPoint","urlTemplate":"https:\/\/marktxxl.de\/markt\/?s={search_term_string}"},"query-input":{"@type":"PropertyValueSpecification","valueRequired":true,"valueName":"search_term_string"}}],"inLanguage":"de"},{"@type":"Organization","@id":"https:\/\/marktxxl.de\/markt\/#organization","name":"Markt-XXL","url":"https:\/\/marktxxl.de\/markt\/","logo":{"@type":"ImageObject","inLanguage":"de","@id":"https:\/\/marktxxl.de\/markt\/#\/schema\/logo\/image\/","url":"https:\/\/marktxxl.de\/markt\/wp-content\/uploads\/sites\/3\/2020\/12\/logo.png","contentUrl":"https:\/\/marktxxl.de\/markt\/wp-content\/uploads\/sites\/3\/2020\/12\/logo.png","width":200,"height":70,"caption":"Markt-XXL"},"image":{"@id":"https:\/\/marktxxl.de\/markt\/#\/schema\/logo\/image\/"}}]}},"_links":{"self":[{"href":"https:\/\/marktxxl.de\/markt\/wp-json\/wp\/v2\/product\/179660","targetHints":{"allow":["GET"]}}],"collection":[{"href":"https:\/\/marktxxl.de\/markt\/wp-json\/wp\/v2\/product"}],"about":[{"href":"https:\/\/marktxxl.de\/markt\/wp-json\/wp\/v2\/types\/product"}],"replies":[{"embeddable":true,"href":"https:\/\/marktxxl.de\/markt\/wp-json\/wp\/v2\/comments?post=179660"}],"wp:featuredmedia":[{"embeddable":true,"href":"https:\/\/marktxxl.de\/markt\/wp-json\/wp\/v2\/media\/179661"}],"wp:attachment":[{"href":"https:\/\/marktxxl.de\/markt\/wp-json\/wp\/v2\/media?parent=179660"}],"wp:term":[{"taxonomy":"product_brand","embeddable":true,"href":"https:\/\/marktxxl.de\/markt\/wp-json\/wp\/v2\/product_brand?post=179660"},{"taxonomy":"product_cat","embeddable":true,"href":"https:\/\/marktxxl.de\/markt\/wp-json\/wp\/v2\/product_cat?post=179660"},{"taxonomy":"product_tag","embeddable":true,"href":"https:\/\/marktxxl.de\/markt\/wp-json\/wp\/v2\/product_tag?post=179660"}],"curies":[{"name":"wp","href":"https:\/\/api.w.org\/{rel}","templated":true}]}}