{"id":179605,"date":"2023-01-10T02:07:00","date_gmt":"2023-01-10T01:07:00","guid":{"rendered":"https:\/\/marktxxl.de\/markt\/produkt\/minnabelle-berlin-100-reines-australisches-teebaumoel-30ml-naturkosmetik-gegen-unreine-haut-anti-pickel-oel-natuerliches-pflegeoel-fuer-haare-und-naegel-natuerliches-pflegeoel\/"},"modified":"2023-04-10T05:19:22","modified_gmt":"2023-04-10T03:19:22","slug":"minnabelle-berlin-100-reines-australisches-teebaumoel-30ml-naturkosmetik-gegen-unreine-haut-anti-pickel-oel-natuerliches-pflegeoel-fuer-haare-und-naegel-natuerliches-pflegeoel","status":"publish","type":"product","link":"https:\/\/marktxxl.de\/markt\/produkt\/minnabelle-berlin-100-reines-australisches-teebaumoel-30ml-naturkosmetik-gegen-unreine-haut-anti-pickel-oel-natuerliches-pflegeoel-fuer-haare-und-naegel-natuerliches-pflegeoel\/","title":{"rendered":"minnabelle Berlin 100% reines australisches Teebaum\u00f6l 30ml &#8211; Naturkosmetik gegen unreine Haut, Anti Pickel \u00d6l\u2026"},"content":{"rendered":"<p>\ud835\udde1\ud835\uddd4\ud835\uddd6\ud835\udddb\ud835\udddb\ud835\uddd4\ud835\udddf\ud835\udde7\ud835\udddc\ud835\uddda\ud835\uddd8 &amp; \ud835\udddb\ud835\udde2\ud835\uddd6\ud835\udddb\ud835\uddea\ud835\uddd8\ud835\udde5\ud835\udde7\ud835\udddc\ud835\uddda\ud835\uddd8 \ud835\udde3\ud835\uddd9\ud835\udddf\ud835\uddd8\ud835\uddda\ud835\uddd8: Unser hochwertiges Teebaum\u00f6l wird ausschlie\u00dflich aus Rohstoffen in Bio-Qualit\u00e4t hergestellt. Durch unsere Produktionsst\u00e4tte in Berlin, in der wir unter h\u00f6chsten Qualit\u00e4tsanspr\u00fcchen unsere \u00d6le herstellen, k\u00f6nnen wir eine gleichbleibende G\u00fcte unserer Produkte garantieren. Unser Teebaum\u00f6l ist laborgepr\u00fcft, tierversuchsfrei, glutenfrei und vegan.<br \/>\n\ud835\uddd9\u00dc\ud835\udde5 \ud835\uddd7\ud835\udddc\ud835\uddd6\ud835\udddb &amp; \ud835\uddd7\ud835\uddd8\ud835\udddc\ud835\udde1\ud835\uddd8 \ud835\udddb\ud835\uddd4\ud835\udde8\ud835\udde7: Das Tea Tree Oil hat eine antiseptische, bakterizide und fungizide Wirkung. Damit hat es einen antientz\u00fcndlichen und wundheilenden Effekt. Es wird gerne zur Pflege unreiner Haut verwendet und findet auch in der Zahnpflege einen Einsatz.<br \/>\n\ud835\uddd5\ud835\udddc\ud835\udde2 \ud835\udde7\ud835\uddd8\ud835\uddd8\ud835\uddd5\ud835\uddd4\ud835\udde8\ud835\udde0\u00d6\ud835\udddf: Unser hochwertiges Teebaum\u00f6l wird ausschlie\u00dflich aus Rohstoffen in Bio-Qualit\u00e4t hergestellt. Durch unsere Produktionsst\u00e4tte in Berlin, in der wir unter h\u00f6chsten Qualit\u00e4tsanspr\u00fcchen unsere \u00d6le herstellen, k\u00f6nnen wir eine gleichbleibende G\u00fcte unserer Produkte garantieren. Unser Teebaum\u00f6l ist laborgepr\u00fcft, tierversuchsfrei, glutenfrei und vegan.<br \/>\n\ud835\uddea\ud835\uddd8\ud835\udddf\ud835\udddf\ud835\udde1\ud835\uddd8\ud835\udde6\ud835\udde6 \ud835\uddd9\u00dc\ud835\udde5 \ud835\uddd7\ud835\udddc\ud835\uddd6\ud835\udddb &amp; \ud835\uddd7\ud835\uddd8\ud835\udddc\ud835\udde1\ud835\uddd8\ud835\udde1 \ud835\uddde\u00d6\ud835\udde5\ud835\udde3\ud835\uddd8\ud835\udde5: Das Teebaum \u00d6l kann f\u00fcr eine entspannende, entkrampfende und durchblutungsf\u00f6rdernde Massage verwendet werden.<br \/>\n\ud835\udde0\ud835\udddc\ud835\udde7\ud835\uddda\ud835\uddd8\ud835\uddd7\ud835\uddd4\ud835\uddd6\ud835\udddb\ud835\udde7: Unser Glasbeh\u00e4lter sch\u00fctzt mit seiner dunklen Farbe das wertvolle Teebaum\u00f6l vor Lichteinstrahlung. Eine einfach zu benutzende Pipette hilft bei der korrekten Dosierung &#8211; besonders wichtig bei unserem kraftvollen \u00d6l &#8211; und erleichtert somit die t\u00e4gliche Anwendung.<br \/>\n<div class=\"main-cross-sell\" data-asin=\"B08CZ6JDGG\">\n\n\t<div class=\"WooZone-cross-sell-loader\">\n\t\t<div>\n\t\t\t<div id=\"floatingBarsG\">\n\t\t\t\t<div class=\"blockG\" id=\"rotateG_01\"><\/div>\n\t\t\t\t<div class=\"blockG\" id=\"rotateG_02\"><\/div>\n\t\t\t\t<div class=\"blockG\" id=\"rotateG_03\"><\/div>\n\t\t\t\t<div class=\"blockG\" id=\"rotateG_04\"><\/div>\n\t\t\t\t<div class=\"blockG\" id=\"rotateG_05\"><\/div>\n\t\t\t\t<div class=\"blockG\" id=\"rotateG_06\"><\/div>\n\t\t\t\t<div class=\"blockG\" id=\"rotateG_07\"><\/div>\n\t\t\t\t<div class=\"blockG\" id=\"rotateG_08\"><\/div>\n\t\t\t<\/div>\n\t\t\t<div class=\"WooZone-cross-sell-loader-text\"><\/div>\n\t\t<\/div>\n\t<\/div>\n\n\t\t\n<\/div>\n<div style=\"clear:both;\"><\/div><\/p>\n","protected":false},"excerpt":{"rendered":"<p>\ud835\udde1\ud835\uddd4\ud835\uddd6\ud835\udddb\ud835\udddb\ud835\uddd4\ud835\udddf\ud835\udde7\ud835\udddc\ud835\uddda\ud835\uddd8 &amp; \ud835\udddb\ud835\udde2\ud835\uddd6\ud835\udddb\ud835\uddea\ud835\uddd8\ud835\udde5\ud835\udde7\ud835\udddc\ud835\uddda\ud835\uddd8 \ud835\udde3\ud835\uddd9\ud835\udddf\ud835\uddd8\ud835\uddda\ud835\uddd8: Unser hochwertiges Teebaum\u00f6l wird ausschlie\u00dflich aus Rohstoffen in Bio-Qualit\u00e4t hergestellt. Durch unsere Produktionsst\u00e4tte in Berlin, in der wir unter h\u00f6chsten Qualit\u00e4tsanspr\u00fcchen unsere \u00d6le herstellen, k\u00f6nnen wir eine gleichbleibende G\u00fcte unserer Produkte garantieren. Unser Teebaum\u00f6l ist laborgepr\u00fcft, tierversuchsfrei, glutenfrei und vegan.<br \/>\n\ud835\uddd9\u00dc\ud835\udde5 \ud835\uddd7\ud835\udddc\ud835\uddd6\ud835\udddb &amp; \ud835\uddd7\ud835\uddd8\ud835\udddc\ud835\udde1\ud835\uddd8 \ud835\udddb\ud835\uddd4\ud835\udde8\ud835\udde7: Das Tea Tree Oil hat eine antiseptische, bakterizide und fungizide Wirkung. Damit hat es einen antientz\u00fcndlichen und wundheilenden Effekt. Es wird gerne zur Pflege unreiner Haut verwendet und findet auch in der Zahnpflege einen Einsatz.<br \/>\n\ud835\uddd5\ud835\udddc\ud835\udde2 \ud835\udde7\ud835\uddd8\ud835\uddd8\ud835\uddd5\ud835\uddd4\ud835\udde8\ud835\udde0\u00d6\ud835\udddf: Unser hochwertiges Teebaum\u00f6l wird ausschlie\u00dflich aus Rohstoffen in Bio-Qualit\u00e4t hergestellt. Durch unsere Produktionsst\u00e4tte in Berlin, in der wir unter h\u00f6chsten Qualit\u00e4tsanspr\u00fcchen unsere \u00d6le herstellen, k\u00f6nnen wir eine gleichbleibende G\u00fcte unserer Produkte garantieren. Unser Teebaum\u00f6l ist laborgepr\u00fcft, tierversuchsfrei, glutenfrei und vegan.<\/p>\n","protected":false},"featured_media":179606,"comment_status":"open","ping_status":"closed","template":"","meta":[],"product_brand":[],"product_cat":[2858,6632],"product_tag":[],"class_list":{"0":"post-179605","1":"product","2":"type-product","3":"status-publish","4":"has-post-thumbnail","6":"product_cat-beauty","7":"product_cat-beauty-pflegesets","8":"pa_brand-minnabelle","9":"pa_color-teebaumoel","10":"pa_languages-unbekannt-deutsch","11":"pa_manufacturer-minnabelle-berlin-gmbh","12":"pa_size-30-ml-1er-pack","14":"first","15":"instock","16":"shipping-taxable","17":"purchasable","18":"product-type-simple","19":"customify-col","20":"product-has-gallery"},"yoast_head":"<!-- This site is optimized with the Yoast SEO plugin v27.4 - https:\/\/yoast.com\/product\/yoast-seo-wordpress\/ -->\n<title>minnabelle Berlin 100% reines australisches Teebaum\u00f6l 30ml - Naturkosmetik gegen unreine Haut, Anti Pickel \u00d6l\u2026 - Markt-XXL<\/title>\n<meta name=\"description\" content=\"Markt-XXL minnabelle Berlin 100% reines australisches Teebaum\u00f6l 30ml - Naturkosmetik gegen unreine Haut, Anti Pickel \u00d6l\u2026\" \/>\n<meta name=\"robots\" content=\"index, follow, max-snippet:-1, max-image-preview:large, max-video-preview:-1\" \/>\n<link rel=\"canonical\" href=\"https:\/\/marktxxl.de\/markt\/produkt\/minnabelle-berlin-100-reines-australisches-teebaumoel-30ml-naturkosmetik-gegen-unreine-haut-anti-pickel-oel-natuerliches-pflegeoel-fuer-haare-und-naegel-natuerliches-pflegeoel\/\" \/>\n<meta property=\"og:locale\" content=\"de_DE\" \/>\n<meta property=\"og:type\" content=\"article\" \/>\n<meta property=\"og:title\" content=\"minnabelle Berlin 100% reines australisches Teebaum\u00f6l 30ml - Naturkosmetik gegen unreine Haut, Anti Pickel \u00d6l\u2026 - Markt-XXL\" \/>\n<meta property=\"og:description\" content=\"Markt-XXL minnabelle Berlin 100% reines australisches Teebaum\u00f6l 30ml - Naturkosmetik gegen unreine Haut, Anti Pickel \u00d6l\u2026\" \/>\n<meta property=\"og:url\" content=\"https:\/\/marktxxl.de\/markt\/produkt\/minnabelle-berlin-100-reines-australisches-teebaumoel-30ml-naturkosmetik-gegen-unreine-haut-anti-pickel-oel-natuerliches-pflegeoel-fuer-haare-und-naegel-natuerliches-pflegeoel\/\" \/>\n<meta property=\"og:site_name\" content=\"Markt-XXL\" \/>\n<meta property=\"article:modified_time\" content=\"2023-04-10T03:19:22+00:00\" \/>\n<meta property=\"og:image\" content=\"https:\/\/m.media-amazon.com\/images\/I\/31lhK5YLMJL._SL500_.jpg\" \/>\n\t<meta property=\"og:image:width\" content=\"500\" \/>\n\t<meta property=\"og:image:height\" content=\"500\" \/>\n\t<meta property=\"og:image:type\" content=\"image\/jpeg\" \/>\n<meta name=\"twitter:card\" content=\"summary_large_image\" \/>\n<meta name=\"twitter:label1\" content=\"Gesch\u00e4tzte Lesezeit\" \/>\n\t<meta name=\"twitter:data1\" content=\"1\u00a0Minute\" \/>\n<script type=\"application\/ld+json\" class=\"yoast-schema-graph\">{\"@context\":\"https:\\\/\\\/schema.org\",\"@graph\":[{\"@type\":\"WebPage\",\"@id\":\"https:\\\/\\\/marktxxl.de\\\/markt\\\/produkt\\\/minnabelle-berlin-100-reines-australisches-teebaumoel-30ml-naturkosmetik-gegen-unreine-haut-anti-pickel-oel-natuerliches-pflegeoel-fuer-haare-und-naegel-natuerliches-pflegeoel\\\/\",\"url\":\"https:\\\/\\\/marktxxl.de\\\/markt\\\/produkt\\\/minnabelle-berlin-100-reines-australisches-teebaumoel-30ml-naturkosmetik-gegen-unreine-haut-anti-pickel-oel-natuerliches-pflegeoel-fuer-haare-und-naegel-natuerliches-pflegeoel\\\/\",\"name\":\"minnabelle Berlin 100% reines australisches Teebaum\u00f6l 30ml - Naturkosmetik gegen unreine Haut, Anti Pickel \u00d6l\u2026 - Markt-XXL\",\"isPartOf\":{\"@id\":\"https:\\\/\\\/marktxxl.de\\\/markt\\\/#website\"},\"primaryImageOfPage\":{\"@id\":\"https:\\\/\\\/marktxxl.de\\\/markt\\\/produkt\\\/minnabelle-berlin-100-reines-australisches-teebaumoel-30ml-naturkosmetik-gegen-unreine-haut-anti-pickel-oel-natuerliches-pflegeoel-fuer-haare-und-naegel-natuerliches-pflegeoel\\\/#primaryimage\"},\"image\":{\"@id\":\"https:\\\/\\\/marktxxl.de\\\/markt\\\/produkt\\\/minnabelle-berlin-100-reines-australisches-teebaumoel-30ml-naturkosmetik-gegen-unreine-haut-anti-pickel-oel-natuerliches-pflegeoel-fuer-haare-und-naegel-natuerliches-pflegeoel\\\/#primaryimage\"},\"thumbnailUrl\":\"https:\\\/\\\/m.media-amazon.com\\\/images\\\/I\\\/31lhK5YLMJL._SL500_.jpg\",\"datePublished\":\"2023-01-10T01:07:00+00:00\",\"dateModified\":\"2023-04-10T03:19:22+00:00\",\"description\":\"Markt-XXL minnabelle Berlin 100% reines australisches Teebaum\u00f6l 30ml - Naturkosmetik gegen unreine Haut, Anti Pickel \u00d6l\u2026\",\"breadcrumb\":{\"@id\":\"https:\\\/\\\/marktxxl.de\\\/markt\\\/produkt\\\/minnabelle-berlin-100-reines-australisches-teebaumoel-30ml-naturkosmetik-gegen-unreine-haut-anti-pickel-oel-natuerliches-pflegeoel-fuer-haare-und-naegel-natuerliches-pflegeoel\\\/#breadcrumb\"},\"inLanguage\":\"de\",\"potentialAction\":[{\"@type\":\"ReadAction\",\"target\":[\"https:\\\/\\\/marktxxl.de\\\/markt\\\/produkt\\\/minnabelle-berlin-100-reines-australisches-teebaumoel-30ml-naturkosmetik-gegen-unreine-haut-anti-pickel-oel-natuerliches-pflegeoel-fuer-haare-und-naegel-natuerliches-pflegeoel\\\/\"]}]},{\"@type\":\"ImageObject\",\"inLanguage\":\"de\",\"@id\":\"https:\\\/\\\/marktxxl.de\\\/markt\\\/produkt\\\/minnabelle-berlin-100-reines-australisches-teebaumoel-30ml-naturkosmetik-gegen-unreine-haut-anti-pickel-oel-natuerliches-pflegeoel-fuer-haare-und-naegel-natuerliches-pflegeoel\\\/#primaryimage\",\"url\":\"https:\\\/\\\/m.media-amazon.com\\\/images\\\/I\\\/31lhK5YLMJL._SL500_.jpg\",\"contentUrl\":\"https:\\\/\\\/m.media-amazon.com\\\/images\\\/I\\\/31lhK5YLMJL._SL500_.jpg\",\"width\":500,\"height\":500},{\"@type\":\"BreadcrumbList\",\"@id\":\"https:\\\/\\\/marktxxl.de\\\/markt\\\/produkt\\\/minnabelle-berlin-100-reines-australisches-teebaumoel-30ml-naturkosmetik-gegen-unreine-haut-anti-pickel-oel-natuerliches-pflegeoel-fuer-haare-und-naegel-natuerliches-pflegeoel\\\/#breadcrumb\",\"itemListElement\":[{\"@type\":\"ListItem\",\"position\":1,\"name\":\"Startseite\",\"item\":\"https:\\\/\\\/marktxxl.de\\\/markt\\\/\"},{\"@type\":\"ListItem\",\"position\":2,\"name\":\"Markt\",\"item\":\"https:\\\/\\\/marktxxl.de\\\/markt\\\/\"},{\"@type\":\"ListItem\",\"position\":3,\"name\":\"minnabelle Berlin 100% reines australisches Teebaum\u00f6l 30ml &#8211; Naturkosmetik gegen unreine Haut, Anti Pickel \u00d6l\u2026\"}]},{\"@type\":\"WebSite\",\"@id\":\"https:\\\/\\\/marktxxl.de\\\/markt\\\/#website\",\"url\":\"https:\\\/\\\/marktxxl.de\\\/markt\\\/\",\"name\":\"Markt-XXL\",\"description\":\"Ihr Markt Online\",\"publisher\":{\"@id\":\"https:\\\/\\\/marktxxl.de\\\/markt\\\/#organization\"},\"potentialAction\":[{\"@type\":\"SearchAction\",\"target\":{\"@type\":\"EntryPoint\",\"urlTemplate\":\"https:\\\/\\\/marktxxl.de\\\/markt\\\/?s={search_term_string}\"},\"query-input\":{\"@type\":\"PropertyValueSpecification\",\"valueRequired\":true,\"valueName\":\"search_term_string\"}}],\"inLanguage\":\"de\"},{\"@type\":\"Organization\",\"@id\":\"https:\\\/\\\/marktxxl.de\\\/markt\\\/#organization\",\"name\":\"Markt-XXL\",\"url\":\"https:\\\/\\\/marktxxl.de\\\/markt\\\/\",\"logo\":{\"@type\":\"ImageObject\",\"inLanguage\":\"de\",\"@id\":\"https:\\\/\\\/marktxxl.de\\\/markt\\\/#\\\/schema\\\/logo\\\/image\\\/\",\"url\":\"https:\\\/\\\/marktxxl.de\\\/markt\\\/wp-content\\\/uploads\\\/sites\\\/3\\\/2020\\\/12\\\/logo.png\",\"contentUrl\":\"https:\\\/\\\/marktxxl.de\\\/markt\\\/wp-content\\\/uploads\\\/sites\\\/3\\\/2020\\\/12\\\/logo.png\",\"width\":200,\"height\":70,\"caption\":\"Markt-XXL\"},\"image\":{\"@id\":\"https:\\\/\\\/marktxxl.de\\\/markt\\\/#\\\/schema\\\/logo\\\/image\\\/\"}}]}<\/script>\n<!-- \/ Yoast SEO plugin. -->","yoast_head_json":{"title":"minnabelle Berlin 100% reines australisches Teebaum\u00f6l 30ml - Naturkosmetik gegen unreine Haut, Anti Pickel \u00d6l\u2026 - Markt-XXL","description":"Markt-XXL minnabelle Berlin 100% reines australisches Teebaum\u00f6l 30ml - Naturkosmetik gegen unreine Haut, Anti Pickel \u00d6l\u2026","robots":{"index":"index","follow":"follow","max-snippet":"max-snippet:-1","max-image-preview":"max-image-preview:large","max-video-preview":"max-video-preview:-1"},"canonical":"https:\/\/marktxxl.de\/markt\/produkt\/minnabelle-berlin-100-reines-australisches-teebaumoel-30ml-naturkosmetik-gegen-unreine-haut-anti-pickel-oel-natuerliches-pflegeoel-fuer-haare-und-naegel-natuerliches-pflegeoel\/","og_locale":"de_DE","og_type":"article","og_title":"minnabelle Berlin 100% reines australisches Teebaum\u00f6l 30ml - Naturkosmetik gegen unreine Haut, Anti Pickel \u00d6l\u2026 - Markt-XXL","og_description":"Markt-XXL minnabelle Berlin 100% reines australisches Teebaum\u00f6l 30ml - Naturkosmetik gegen unreine Haut, Anti Pickel \u00d6l\u2026","og_url":"https:\/\/marktxxl.de\/markt\/produkt\/minnabelle-berlin-100-reines-australisches-teebaumoel-30ml-naturkosmetik-gegen-unreine-haut-anti-pickel-oel-natuerliches-pflegeoel-fuer-haare-und-naegel-natuerliches-pflegeoel\/","og_site_name":"Markt-XXL","article_modified_time":"2023-04-10T03:19:22+00:00","og_image":[{"width":500,"height":500,"url":"https:\/\/m.media-amazon.com\/images\/I\/31lhK5YLMJL._SL500_.jpg","type":"image\/jpeg"}],"twitter_card":"summary_large_image","twitter_misc":{"Gesch\u00e4tzte Lesezeit":"1\u00a0Minute"},"schema":{"@context":"https:\/\/schema.org","@graph":[{"@type":"WebPage","@id":"https:\/\/marktxxl.de\/markt\/produkt\/minnabelle-berlin-100-reines-australisches-teebaumoel-30ml-naturkosmetik-gegen-unreine-haut-anti-pickel-oel-natuerliches-pflegeoel-fuer-haare-und-naegel-natuerliches-pflegeoel\/","url":"https:\/\/marktxxl.de\/markt\/produkt\/minnabelle-berlin-100-reines-australisches-teebaumoel-30ml-naturkosmetik-gegen-unreine-haut-anti-pickel-oel-natuerliches-pflegeoel-fuer-haare-und-naegel-natuerliches-pflegeoel\/","name":"minnabelle Berlin 100% reines australisches Teebaum\u00f6l 30ml - Naturkosmetik gegen unreine Haut, Anti Pickel \u00d6l\u2026 - Markt-XXL","isPartOf":{"@id":"https:\/\/marktxxl.de\/markt\/#website"},"primaryImageOfPage":{"@id":"https:\/\/marktxxl.de\/markt\/produkt\/minnabelle-berlin-100-reines-australisches-teebaumoel-30ml-naturkosmetik-gegen-unreine-haut-anti-pickel-oel-natuerliches-pflegeoel-fuer-haare-und-naegel-natuerliches-pflegeoel\/#primaryimage"},"image":{"@id":"https:\/\/marktxxl.de\/markt\/produkt\/minnabelle-berlin-100-reines-australisches-teebaumoel-30ml-naturkosmetik-gegen-unreine-haut-anti-pickel-oel-natuerliches-pflegeoel-fuer-haare-und-naegel-natuerliches-pflegeoel\/#primaryimage"},"thumbnailUrl":"https:\/\/m.media-amazon.com\/images\/I\/31lhK5YLMJL._SL500_.jpg","datePublished":"2023-01-10T01:07:00+00:00","dateModified":"2023-04-10T03:19:22+00:00","description":"Markt-XXL minnabelle Berlin 100% reines australisches Teebaum\u00f6l 30ml - Naturkosmetik gegen unreine Haut, Anti Pickel \u00d6l\u2026","breadcrumb":{"@id":"https:\/\/marktxxl.de\/markt\/produkt\/minnabelle-berlin-100-reines-australisches-teebaumoel-30ml-naturkosmetik-gegen-unreine-haut-anti-pickel-oel-natuerliches-pflegeoel-fuer-haare-und-naegel-natuerliches-pflegeoel\/#breadcrumb"},"inLanguage":"de","potentialAction":[{"@type":"ReadAction","target":["https:\/\/marktxxl.de\/markt\/produkt\/minnabelle-berlin-100-reines-australisches-teebaumoel-30ml-naturkosmetik-gegen-unreine-haut-anti-pickel-oel-natuerliches-pflegeoel-fuer-haare-und-naegel-natuerliches-pflegeoel\/"]}]},{"@type":"ImageObject","inLanguage":"de","@id":"https:\/\/marktxxl.de\/markt\/produkt\/minnabelle-berlin-100-reines-australisches-teebaumoel-30ml-naturkosmetik-gegen-unreine-haut-anti-pickel-oel-natuerliches-pflegeoel-fuer-haare-und-naegel-natuerliches-pflegeoel\/#primaryimage","url":"https:\/\/m.media-amazon.com\/images\/I\/31lhK5YLMJL._SL500_.jpg","contentUrl":"https:\/\/m.media-amazon.com\/images\/I\/31lhK5YLMJL._SL500_.jpg","width":500,"height":500},{"@type":"BreadcrumbList","@id":"https:\/\/marktxxl.de\/markt\/produkt\/minnabelle-berlin-100-reines-australisches-teebaumoel-30ml-naturkosmetik-gegen-unreine-haut-anti-pickel-oel-natuerliches-pflegeoel-fuer-haare-und-naegel-natuerliches-pflegeoel\/#breadcrumb","itemListElement":[{"@type":"ListItem","position":1,"name":"Startseite","item":"https:\/\/marktxxl.de\/markt\/"},{"@type":"ListItem","position":2,"name":"Markt","item":"https:\/\/marktxxl.de\/markt\/"},{"@type":"ListItem","position":3,"name":"minnabelle Berlin 100% reines australisches Teebaum\u00f6l 30ml &#8211; Naturkosmetik gegen unreine Haut, Anti Pickel \u00d6l\u2026"}]},{"@type":"WebSite","@id":"https:\/\/marktxxl.de\/markt\/#website","url":"https:\/\/marktxxl.de\/markt\/","name":"Markt-XXL","description":"Ihr Markt Online","publisher":{"@id":"https:\/\/marktxxl.de\/markt\/#organization"},"potentialAction":[{"@type":"SearchAction","target":{"@type":"EntryPoint","urlTemplate":"https:\/\/marktxxl.de\/markt\/?s={search_term_string}"},"query-input":{"@type":"PropertyValueSpecification","valueRequired":true,"valueName":"search_term_string"}}],"inLanguage":"de"},{"@type":"Organization","@id":"https:\/\/marktxxl.de\/markt\/#organization","name":"Markt-XXL","url":"https:\/\/marktxxl.de\/markt\/","logo":{"@type":"ImageObject","inLanguage":"de","@id":"https:\/\/marktxxl.de\/markt\/#\/schema\/logo\/image\/","url":"https:\/\/marktxxl.de\/markt\/wp-content\/uploads\/sites\/3\/2020\/12\/logo.png","contentUrl":"https:\/\/marktxxl.de\/markt\/wp-content\/uploads\/sites\/3\/2020\/12\/logo.png","width":200,"height":70,"caption":"Markt-XXL"},"image":{"@id":"https:\/\/marktxxl.de\/markt\/#\/schema\/logo\/image\/"}}]}},"_links":{"self":[{"href":"https:\/\/marktxxl.de\/markt\/wp-json\/wp\/v2\/product\/179605","targetHints":{"allow":["GET"]}}],"collection":[{"href":"https:\/\/marktxxl.de\/markt\/wp-json\/wp\/v2\/product"}],"about":[{"href":"https:\/\/marktxxl.de\/markt\/wp-json\/wp\/v2\/types\/product"}],"replies":[{"embeddable":true,"href":"https:\/\/marktxxl.de\/markt\/wp-json\/wp\/v2\/comments?post=179605"}],"wp:featuredmedia":[{"embeddable":true,"href":"https:\/\/marktxxl.de\/markt\/wp-json\/wp\/v2\/media\/179606"}],"wp:attachment":[{"href":"https:\/\/marktxxl.de\/markt\/wp-json\/wp\/v2\/media?parent=179605"}],"wp:term":[{"taxonomy":"product_brand","embeddable":true,"href":"https:\/\/marktxxl.de\/markt\/wp-json\/wp\/v2\/product_brand?post=179605"},{"taxonomy":"product_cat","embeddable":true,"href":"https:\/\/marktxxl.de\/markt\/wp-json\/wp\/v2\/product_cat?post=179605"},{"taxonomy":"product_tag","embeddable":true,"href":"https:\/\/marktxxl.de\/markt\/wp-json\/wp\/v2\/product_tag?post=179605"}],"curies":[{"name":"wp","href":"https:\/\/api.w.org\/{rel}","templated":true}]}}