{"id":179494,"date":"2023-01-10T02:01:30","date_gmt":"2023-01-10T01:01:30","guid":{"rendered":"https:\/\/marktxxl.de\/markt\/produkt\/nivea-nivea-soft-feuchtigkeitscreme-w2\/"},"modified":"2023-04-10T05:19:19","modified_gmt":"2023-04-10T03:19:19","slug":"nivea-nivea-soft-feuchtigkeitscreme-w2","status":"publish","type":"product","link":"https:\/\/marktxxl.de\/markt\/produkt\/nivea-nivea-soft-feuchtigkeitscreme-w2\/","title":{"rendered":"NIVEA NIVEA Soft Feuchtigkeitscreme W2"},"content":{"rendered":"<p>Revitalisierende Feuchtigkeit:Eine hochwirksame, revitalisierende und feuchtigkeitsspendende Creme, die Ihre Haut weich und geschmeidig macht. Hochwertige Hautpflege den ganzen Tag lang<br \/>\nGanzk\u00f6rper: Diese Feuchtigkeitspflege f\u00fcr Frauen ist eine kombinierte Gesichts-, Hand- und K\u00f6rper-Feuchtigkeitspflege, die Ihnen hilft, wertvollen Platz auf Ihren Badezimmerregalen zu sparen<br \/>\nLeichte Formel: NIVEA Formel erfrischt die Haut mit Vitamin E und Jojoba\u00f6l, das schnell absorbiert wird und hilft, K\u00f6rper, Gesicht und H\u00e4nde mit Feuchtigkeit zu versorgen<br \/>\nAnwendung: Nach dem Duschen in die Haut einmassieren, um maximalen Nutzen zu erzielen. Bei der Verwendung als Gesichtspflege m\u00fcssen Sie besonders vorsichtig sein, um die Augenpartie zu vermeiden<br \/>\nT\u00e4glicher Gebrauch: F\u00fcr alle Hauttypen geeignet, egal ob fettige, trockene, empfindliche oder normale Haut. Hautvertr\u00e4glichkeit dermatologisch best\u00e4tigt<br \/>\n<div class=\"main-cross-sell\" data-asin=\"B0859SQLP1\">\n\n\t<div class=\"WooZone-cross-sell-loader\">\n\t\t<div>\n\t\t\t<div id=\"floatingBarsG\">\n\t\t\t\t<div class=\"blockG\" id=\"rotateG_01\"><\/div>\n\t\t\t\t<div class=\"blockG\" id=\"rotateG_02\"><\/div>\n\t\t\t\t<div class=\"blockG\" id=\"rotateG_03\"><\/div>\n\t\t\t\t<div class=\"blockG\" id=\"rotateG_04\"><\/div>\n\t\t\t\t<div class=\"blockG\" id=\"rotateG_05\"><\/div>\n\t\t\t\t<div class=\"blockG\" id=\"rotateG_06\"><\/div>\n\t\t\t\t<div class=\"blockG\" id=\"rotateG_07\"><\/div>\n\t\t\t\t<div class=\"blockG\" id=\"rotateG_08\"><\/div>\n\t\t\t<\/div>\n\t\t\t<div class=\"WooZone-cross-sell-loader-text\"><\/div>\n\t\t<\/div>\n\t<\/div>\n\n\t\t\n<\/div>\n<div style=\"clear:both;\"><\/div><\/p>\n","protected":false},"excerpt":{"rendered":"<p>Revitalisierende Feuchtigkeit:Eine hochwirksame, revitalisierende und feuchtigkeitsspendende Creme, die Ihre Haut weich und geschmeidig macht. Hochwertige Hautpflege den ganzen Tag lang<br \/>\nGanzk\u00f6rper: Diese Feuchtigkeitspflege f\u00fcr Frauen ist eine kombinierte Gesichts-, Hand- und K\u00f6rper-Feuchtigkeitspflege, die Ihnen hilft, wertvollen Platz auf Ihren Badezimmerregalen zu sparen<br \/>\nLeichte Formel: NIVEA Formel erfrischt die Haut mit Vitamin E und Jojoba\u00f6l, das schnell absorbiert wird und hilft, K\u00f6rper, Gesicht und H\u00e4nde mit Feuchtigkeit zu versorgen<\/p>\n","protected":false},"featured_media":179495,"comment_status":"open","ping_status":"closed","template":"","meta":[],"product_brand":[],"product_cat":[2858,6994],"product_tag":[],"class_list":{"0":"post-179494","1":"product","2":"type-product","3":"status-publish","4":"has-post-thumbnail","6":"product_cat-beauty","7":"product_cat-haarpflege-styling","8":"pa_binding-badartikel","9":"pa_brand-nivea","10":"pa_manufacturer-nivea","12":"first","13":"instock","14":"shipping-taxable","15":"purchasable","16":"product-type-simple","17":"customify-col","18":"product-has-gallery"},"yoast_head":"<!-- This site is optimized with the Yoast SEO plugin v27.3 - https:\/\/yoast.com\/product\/yoast-seo-wordpress\/ -->\n<title>NIVEA NIVEA Soft Feuchtigkeitscreme W2 - Markt-XXL<\/title>\n<meta name=\"description\" content=\"Markt-XXL NIVEA NIVEA Soft Feuchtigkeitscreme W2\" \/>\n<meta name=\"robots\" content=\"index, follow, max-snippet:-1, max-image-preview:large, max-video-preview:-1\" \/>\n<link rel=\"canonical\" href=\"https:\/\/marktxxl.de\/markt\/produkt\/nivea-nivea-soft-feuchtigkeitscreme-w2\/\" \/>\n<meta property=\"og:locale\" content=\"de_DE\" \/>\n<meta property=\"og:type\" content=\"article\" \/>\n<meta property=\"og:title\" content=\"NIVEA NIVEA Soft Feuchtigkeitscreme W2 - Markt-XXL\" \/>\n<meta property=\"og:description\" content=\"Markt-XXL NIVEA NIVEA Soft Feuchtigkeitscreme W2\" \/>\n<meta property=\"og:url\" content=\"https:\/\/marktxxl.de\/markt\/produkt\/nivea-nivea-soft-feuchtigkeitscreme-w2\/\" \/>\n<meta property=\"og:site_name\" content=\"Markt-XXL\" \/>\n<meta property=\"article:modified_time\" content=\"2023-04-10T03:19:19+00:00\" \/>\n<meta property=\"og:image\" content=\"https:\/\/m.media-amazon.com\/images\/I\/51Mc-aEUngL._SL500_.jpg\" \/>\n\t<meta property=\"og:image:width\" content=\"500\" \/>\n\t<meta property=\"og:image:height\" content=\"471\" \/>\n\t<meta property=\"og:image:type\" content=\"image\/jpeg\" \/>\n<meta name=\"twitter:card\" content=\"summary_large_image\" \/>\n<meta name=\"twitter:label1\" content=\"Gesch\u00e4tzte Lesezeit\" \/>\n\t<meta name=\"twitter:data1\" content=\"1\u00a0Minute\" \/>\n<script type=\"application\/ld+json\" class=\"yoast-schema-graph\">{\"@context\":\"https:\\\/\\\/schema.org\",\"@graph\":[{\"@type\":\"WebPage\",\"@id\":\"https:\\\/\\\/marktxxl.de\\\/markt\\\/produkt\\\/nivea-nivea-soft-feuchtigkeitscreme-w2\\\/\",\"url\":\"https:\\\/\\\/marktxxl.de\\\/markt\\\/produkt\\\/nivea-nivea-soft-feuchtigkeitscreme-w2\\\/\",\"name\":\"NIVEA NIVEA Soft Feuchtigkeitscreme W2 - Markt-XXL\",\"isPartOf\":{\"@id\":\"https:\\\/\\\/marktxxl.de\\\/markt\\\/#website\"},\"primaryImageOfPage\":{\"@id\":\"https:\\\/\\\/marktxxl.de\\\/markt\\\/produkt\\\/nivea-nivea-soft-feuchtigkeitscreme-w2\\\/#primaryimage\"},\"image\":{\"@id\":\"https:\\\/\\\/marktxxl.de\\\/markt\\\/produkt\\\/nivea-nivea-soft-feuchtigkeitscreme-w2\\\/#primaryimage\"},\"thumbnailUrl\":\"https:\\\/\\\/m.media-amazon.com\\\/images\\\/I\\\/51Mc-aEUngL._SL500_.jpg\",\"datePublished\":\"2023-01-10T01:01:30+00:00\",\"dateModified\":\"2023-04-10T03:19:19+00:00\",\"description\":\"Markt-XXL NIVEA NIVEA Soft Feuchtigkeitscreme W2\",\"breadcrumb\":{\"@id\":\"https:\\\/\\\/marktxxl.de\\\/markt\\\/produkt\\\/nivea-nivea-soft-feuchtigkeitscreme-w2\\\/#breadcrumb\"},\"inLanguage\":\"de\",\"potentialAction\":[{\"@type\":\"ReadAction\",\"target\":[\"https:\\\/\\\/marktxxl.de\\\/markt\\\/produkt\\\/nivea-nivea-soft-feuchtigkeitscreme-w2\\\/\"]}]},{\"@type\":\"ImageObject\",\"inLanguage\":\"de\",\"@id\":\"https:\\\/\\\/marktxxl.de\\\/markt\\\/produkt\\\/nivea-nivea-soft-feuchtigkeitscreme-w2\\\/#primaryimage\",\"url\":\"https:\\\/\\\/m.media-amazon.com\\\/images\\\/I\\\/51Mc-aEUngL._SL500_.jpg\",\"contentUrl\":\"https:\\\/\\\/m.media-amazon.com\\\/images\\\/I\\\/51Mc-aEUngL._SL500_.jpg\",\"width\":500,\"height\":471},{\"@type\":\"BreadcrumbList\",\"@id\":\"https:\\\/\\\/marktxxl.de\\\/markt\\\/produkt\\\/nivea-nivea-soft-feuchtigkeitscreme-w2\\\/#breadcrumb\",\"itemListElement\":[{\"@type\":\"ListItem\",\"position\":1,\"name\":\"Startseite\",\"item\":\"https:\\\/\\\/marktxxl.de\\\/markt\\\/\"},{\"@type\":\"ListItem\",\"position\":2,\"name\":\"Markt\",\"item\":\"https:\\\/\\\/marktxxl.de\\\/markt\\\/\"},{\"@type\":\"ListItem\",\"position\":3,\"name\":\"NIVEA NIVEA Soft Feuchtigkeitscreme W2\"}]},{\"@type\":\"WebSite\",\"@id\":\"https:\\\/\\\/marktxxl.de\\\/markt\\\/#website\",\"url\":\"https:\\\/\\\/marktxxl.de\\\/markt\\\/\",\"name\":\"Markt-XXL\",\"description\":\"Ihr Markt Online\",\"publisher\":{\"@id\":\"https:\\\/\\\/marktxxl.de\\\/markt\\\/#organization\"},\"potentialAction\":[{\"@type\":\"SearchAction\",\"target\":{\"@type\":\"EntryPoint\",\"urlTemplate\":\"https:\\\/\\\/marktxxl.de\\\/markt\\\/?s={search_term_string}\"},\"query-input\":{\"@type\":\"PropertyValueSpecification\",\"valueRequired\":true,\"valueName\":\"search_term_string\"}}],\"inLanguage\":\"de\"},{\"@type\":\"Organization\",\"@id\":\"https:\\\/\\\/marktxxl.de\\\/markt\\\/#organization\",\"name\":\"Markt-XXL\",\"url\":\"https:\\\/\\\/marktxxl.de\\\/markt\\\/\",\"logo\":{\"@type\":\"ImageObject\",\"inLanguage\":\"de\",\"@id\":\"https:\\\/\\\/marktxxl.de\\\/markt\\\/#\\\/schema\\\/logo\\\/image\\\/\",\"url\":\"https:\\\/\\\/marktxxl.de\\\/markt\\\/wp-content\\\/uploads\\\/sites\\\/3\\\/2020\\\/12\\\/logo.png\",\"contentUrl\":\"https:\\\/\\\/marktxxl.de\\\/markt\\\/wp-content\\\/uploads\\\/sites\\\/3\\\/2020\\\/12\\\/logo.png\",\"width\":200,\"height\":70,\"caption\":\"Markt-XXL\"},\"image\":{\"@id\":\"https:\\\/\\\/marktxxl.de\\\/markt\\\/#\\\/schema\\\/logo\\\/image\\\/\"}}]}<\/script>\n<!-- \/ Yoast SEO plugin. -->","yoast_head_json":{"title":"NIVEA NIVEA Soft Feuchtigkeitscreme W2 - Markt-XXL","description":"Markt-XXL NIVEA NIVEA Soft Feuchtigkeitscreme W2","robots":{"index":"index","follow":"follow","max-snippet":"max-snippet:-1","max-image-preview":"max-image-preview:large","max-video-preview":"max-video-preview:-1"},"canonical":"https:\/\/marktxxl.de\/markt\/produkt\/nivea-nivea-soft-feuchtigkeitscreme-w2\/","og_locale":"de_DE","og_type":"article","og_title":"NIVEA NIVEA Soft Feuchtigkeitscreme W2 - Markt-XXL","og_description":"Markt-XXL NIVEA NIVEA Soft Feuchtigkeitscreme W2","og_url":"https:\/\/marktxxl.de\/markt\/produkt\/nivea-nivea-soft-feuchtigkeitscreme-w2\/","og_site_name":"Markt-XXL","article_modified_time":"2023-04-10T03:19:19+00:00","og_image":[{"width":500,"height":471,"url":"https:\/\/m.media-amazon.com\/images\/I\/51Mc-aEUngL._SL500_.jpg","type":"image\/jpeg"}],"twitter_card":"summary_large_image","twitter_misc":{"Gesch\u00e4tzte Lesezeit":"1\u00a0Minute"},"schema":{"@context":"https:\/\/schema.org","@graph":[{"@type":"WebPage","@id":"https:\/\/marktxxl.de\/markt\/produkt\/nivea-nivea-soft-feuchtigkeitscreme-w2\/","url":"https:\/\/marktxxl.de\/markt\/produkt\/nivea-nivea-soft-feuchtigkeitscreme-w2\/","name":"NIVEA NIVEA Soft Feuchtigkeitscreme W2 - Markt-XXL","isPartOf":{"@id":"https:\/\/marktxxl.de\/markt\/#website"},"primaryImageOfPage":{"@id":"https:\/\/marktxxl.de\/markt\/produkt\/nivea-nivea-soft-feuchtigkeitscreme-w2\/#primaryimage"},"image":{"@id":"https:\/\/marktxxl.de\/markt\/produkt\/nivea-nivea-soft-feuchtigkeitscreme-w2\/#primaryimage"},"thumbnailUrl":"https:\/\/m.media-amazon.com\/images\/I\/51Mc-aEUngL._SL500_.jpg","datePublished":"2023-01-10T01:01:30+00:00","dateModified":"2023-04-10T03:19:19+00:00","description":"Markt-XXL NIVEA NIVEA Soft Feuchtigkeitscreme W2","breadcrumb":{"@id":"https:\/\/marktxxl.de\/markt\/produkt\/nivea-nivea-soft-feuchtigkeitscreme-w2\/#breadcrumb"},"inLanguage":"de","potentialAction":[{"@type":"ReadAction","target":["https:\/\/marktxxl.de\/markt\/produkt\/nivea-nivea-soft-feuchtigkeitscreme-w2\/"]}]},{"@type":"ImageObject","inLanguage":"de","@id":"https:\/\/marktxxl.de\/markt\/produkt\/nivea-nivea-soft-feuchtigkeitscreme-w2\/#primaryimage","url":"https:\/\/m.media-amazon.com\/images\/I\/51Mc-aEUngL._SL500_.jpg","contentUrl":"https:\/\/m.media-amazon.com\/images\/I\/51Mc-aEUngL._SL500_.jpg","width":500,"height":471},{"@type":"BreadcrumbList","@id":"https:\/\/marktxxl.de\/markt\/produkt\/nivea-nivea-soft-feuchtigkeitscreme-w2\/#breadcrumb","itemListElement":[{"@type":"ListItem","position":1,"name":"Startseite","item":"https:\/\/marktxxl.de\/markt\/"},{"@type":"ListItem","position":2,"name":"Markt","item":"https:\/\/marktxxl.de\/markt\/"},{"@type":"ListItem","position":3,"name":"NIVEA NIVEA Soft Feuchtigkeitscreme W2"}]},{"@type":"WebSite","@id":"https:\/\/marktxxl.de\/markt\/#website","url":"https:\/\/marktxxl.de\/markt\/","name":"Markt-XXL","description":"Ihr Markt Online","publisher":{"@id":"https:\/\/marktxxl.de\/markt\/#organization"},"potentialAction":[{"@type":"SearchAction","target":{"@type":"EntryPoint","urlTemplate":"https:\/\/marktxxl.de\/markt\/?s={search_term_string}"},"query-input":{"@type":"PropertyValueSpecification","valueRequired":true,"valueName":"search_term_string"}}],"inLanguage":"de"},{"@type":"Organization","@id":"https:\/\/marktxxl.de\/markt\/#organization","name":"Markt-XXL","url":"https:\/\/marktxxl.de\/markt\/","logo":{"@type":"ImageObject","inLanguage":"de","@id":"https:\/\/marktxxl.de\/markt\/#\/schema\/logo\/image\/","url":"https:\/\/marktxxl.de\/markt\/wp-content\/uploads\/sites\/3\/2020\/12\/logo.png","contentUrl":"https:\/\/marktxxl.de\/markt\/wp-content\/uploads\/sites\/3\/2020\/12\/logo.png","width":200,"height":70,"caption":"Markt-XXL"},"image":{"@id":"https:\/\/marktxxl.de\/markt\/#\/schema\/logo\/image\/"}}]}},"_links":{"self":[{"href":"https:\/\/marktxxl.de\/markt\/wp-json\/wp\/v2\/product\/179494","targetHints":{"allow":["GET"]}}],"collection":[{"href":"https:\/\/marktxxl.de\/markt\/wp-json\/wp\/v2\/product"}],"about":[{"href":"https:\/\/marktxxl.de\/markt\/wp-json\/wp\/v2\/types\/product"}],"replies":[{"embeddable":true,"href":"https:\/\/marktxxl.de\/markt\/wp-json\/wp\/v2\/comments?post=179494"}],"wp:featuredmedia":[{"embeddable":true,"href":"https:\/\/marktxxl.de\/markt\/wp-json\/wp\/v2\/media\/179495"}],"wp:attachment":[{"href":"https:\/\/marktxxl.de\/markt\/wp-json\/wp\/v2\/media?parent=179494"}],"wp:term":[{"taxonomy":"product_brand","embeddable":true,"href":"https:\/\/marktxxl.de\/markt\/wp-json\/wp\/v2\/product_brand?post=179494"},{"taxonomy":"product_cat","embeddable":true,"href":"https:\/\/marktxxl.de\/markt\/wp-json\/wp\/v2\/product_cat?post=179494"},{"taxonomy":"product_tag","embeddable":true,"href":"https:\/\/marktxxl.de\/markt\/wp-json\/wp\/v2\/product_tag?post=179494"}],"curies":[{"name":"wp","href":"https:\/\/api.w.org\/{rel}","templated":true}]}}