{"id":179433,"date":"2023-01-10T01:56:12","date_gmt":"2023-01-10T00:56:12","guid":{"rendered":"https:\/\/marktxxl.de\/markt\/produkt\/rituals-geschenkset-fuer-frauen-aus-the-ritual-of-jing-mittelgross-mit-heiligem-lotus-jujube-chinesischer-minze-entspannende-beruhigende-eigenschaften\/"},"modified":"2023-04-10T05:19:18","modified_gmt":"2023-04-10T03:19:18","slug":"rituals-geschenkset-fuer-frauen-aus-the-ritual-of-jing-mittelgross-mit-heiligem-lotus-jujube-chinesischer-minze-entspannende-beruhigende-eigenschaften","status":"publish","type":"product","link":"https:\/\/marktxxl.de\/markt\/produkt\/rituals-geschenkset-fuer-frauen-aus-the-ritual-of-jing-mittelgross-mit-heiligem-lotus-jujube-chinesischer-minze-entspannende-beruhigende-eigenschaften\/","title":{"rendered":"RITUALS Geschenkset f\u00fcr Frauen aus The Ritual of Jing, Mittelgro\u00df &#8211; Mit Heiligem Lotus &amp; Jujube &#8211; Entspannende\u2026"},"content":{"rendered":"<p>Vervollst\u00e4ndigen Sie das Ritual: Dieses wunderbare Geschenkset f\u00fcr die K\u00f6rperpflege enth\u00e4lt ein sch\u00e4umendes Duschgel, eine K\u00f6rpercreme, einen Mini-Duftstick und ein K\u00f6rperpeeling. Entdecken Sie die komplette Jing-Kollektion<br \/>\nBeruhigende Inhaltsstoffe: Die luxuri\u00f6sen Komponenten dieses Geschenksets sind mit Jujube und Minze formuliert. Sie haben k\u00fchlende Eigenschaften, die besonders hilfreich sind, wenn Sie Ihren Geist entr\u00fcmpeln m\u00fcssen, um mehr Klarheit zu gewinnen<br \/>\nLuxuri\u00f6ses Geschenkset: Dieses Geschenk f\u00fcr sie ist ideal, um sich selbst eine besondere Freude zu machen oder um einem geliebten Menschen ein Geburtstags- oder Urlaubsgeschenk zu machen<br \/>\nWarmer Wohlgeruch: Dieses Badeset f\u00fcr Frauen bietet einen blumigen, warmen Duft mit den \u00e4therischen \u00d6len Sacred Lotus und Jujube. Das Bouquet zarter und doch intensiver Bl\u00fcten verbindet sich mit der Sanftheit von H\u00f6lzern und Moschus, um K\u00f6rper und Geist zu entspannen und zu beruhigen<br \/>\nThe Ritual of Jing: Dieses Verw\u00f6hn-Geschenkset steht f\u00fcr Ruhe, Stille und Gelassenheit. Inspiriert von dem alten chinesischen Konzept des Jing, das Ihnen hilft, Ihren Weg zu innerem Frieden zu finden und ein pers\u00f6nliches Heiligtum zu schaffen<br \/>\n<div class=\"main-cross-sell\" data-asin=\"B0B88P2PJV\">\n\n\t<div class=\"WooZone-cross-sell-loader\">\n\t\t<div>\n\t\t\t<div id=\"floatingBarsG\">\n\t\t\t\t<div class=\"blockG\" id=\"rotateG_01\"><\/div>\n\t\t\t\t<div class=\"blockG\" id=\"rotateG_02\"><\/div>\n\t\t\t\t<div class=\"blockG\" id=\"rotateG_03\"><\/div>\n\t\t\t\t<div class=\"blockG\" id=\"rotateG_04\"><\/div>\n\t\t\t\t<div class=\"blockG\" id=\"rotateG_05\"><\/div>\n\t\t\t\t<div class=\"blockG\" id=\"rotateG_06\"><\/div>\n\t\t\t\t<div class=\"blockG\" id=\"rotateG_07\"><\/div>\n\t\t\t\t<div class=\"blockG\" id=\"rotateG_08\"><\/div>\n\t\t\t<\/div>\n\t\t\t<div class=\"WooZone-cross-sell-loader-text\"><\/div>\n\t\t<\/div>\n\t<\/div>\n\n\t\t\n<\/div>\n<div style=\"clear:both;\"><\/div><\/p>\n","protected":false},"excerpt":{"rendered":"<p>Vervollst\u00e4ndigen Sie das Ritual: Dieses wunderbare Geschenkset f\u00fcr die K\u00f6rperpflege enth\u00e4lt ein sch\u00e4umendes Duschgel, eine K\u00f6rpercreme, einen Mini-Duftstick und ein K\u00f6rperpeeling. Entdecken Sie die komplette Jing-Kollektion<br \/>\nBeruhigende Inhaltsstoffe: Die luxuri\u00f6sen Komponenten dieses Geschenksets sind mit Jujube und Minze formuliert. Sie haben k\u00fchlende Eigenschaften, die besonders hilfreich sind, wenn Sie Ihren Geist entr\u00fcmpeln m\u00fcssen, um mehr Klarheit zu gewinnen<br \/>\nLuxuri\u00f6ses Geschenkset: Dieses Geschenk f\u00fcr sie ist ideal, um sich selbst eine besondere Freude zu machen oder um einem geliebten Menschen ein Geburtstags- oder Urlaubsgeschenk zu machen<\/p>\n","protected":false},"featured_media":179434,"comment_status":"open","ping_status":"closed","template":"","meta":[],"product_brand":[],"product_cat":[2858,6632],"product_tag":[],"class_list":{"0":"post-179433","1":"product","2":"type-product","3":"status-publish","4":"has-post-thumbnail","6":"product_cat-beauty","7":"product_cat-beauty-pflegesets","8":"pa_binding-badartikel","9":"pa_brand-rituals","10":"pa_color-weiss","11":"pa_height-3-34645-zoll","12":"pa_length-10-55116-zoll","13":"pa_manufacturer-rituals-cosmetics-trade-bv","14":"pa_warranty-keine-garantie","15":"pa_weight-0-9-kilogramm","16":"pa_width-9-17321-zoll","18":"first","19":"instock","20":"shipping-taxable","21":"purchasable","22":"product-type-simple","23":"customify-col","24":"product-has-gallery"},"yoast_head":"<!-- This site is optimized with the Yoast SEO plugin v27.4 - https:\/\/yoast.com\/product\/yoast-seo-wordpress\/ -->\n<title>RITUALS Geschenkset f\u00fcr Frauen aus The Ritual of Jing, Mittelgro\u00df - Mit Heiligem Lotus &amp; Jujube - Entspannende\u2026 - Markt-XXL<\/title>\n<meta name=\"description\" content=\"Markt-XXL RITUALS Geschenkset f\u00fcr Frauen aus The Ritual of Jing, Mittelgro\u00df - Mit Heiligem Lotus &amp; Jujube - Entspannende\u2026\" \/>\n<meta name=\"robots\" content=\"index, follow, max-snippet:-1, max-image-preview:large, max-video-preview:-1\" \/>\n<link rel=\"canonical\" href=\"https:\/\/marktxxl.de\/markt\/produkt\/rituals-geschenkset-fuer-frauen-aus-the-ritual-of-jing-mittelgross-mit-heiligem-lotus-jujube-chinesischer-minze-entspannende-beruhigende-eigenschaften\/\" \/>\n<meta property=\"og:locale\" content=\"de_DE\" \/>\n<meta property=\"og:type\" content=\"article\" \/>\n<meta property=\"og:title\" content=\"RITUALS Geschenkset f\u00fcr Frauen aus The Ritual of Jing, Mittelgro\u00df - Mit Heiligem Lotus &amp; Jujube - Entspannende\u2026 - Markt-XXL\" \/>\n<meta property=\"og:description\" content=\"Markt-XXL RITUALS Geschenkset f\u00fcr Frauen aus The Ritual of Jing, Mittelgro\u00df - Mit Heiligem Lotus &amp; Jujube - Entspannende\u2026\" \/>\n<meta property=\"og:url\" content=\"https:\/\/marktxxl.de\/markt\/produkt\/rituals-geschenkset-fuer-frauen-aus-the-ritual-of-jing-mittelgross-mit-heiligem-lotus-jujube-chinesischer-minze-entspannende-beruhigende-eigenschaften\/\" \/>\n<meta property=\"og:site_name\" content=\"Markt-XXL\" \/>\n<meta property=\"article:modified_time\" content=\"2023-04-10T03:19:18+00:00\" \/>\n<meta property=\"og:image\" content=\"https:\/\/m.media-amazon.com\/images\/I\/31pfAaKLiOL._SL500_.jpg\" \/>\n\t<meta property=\"og:image:width\" content=\"500\" \/>\n\t<meta property=\"og:image:height\" content=\"500\" \/>\n\t<meta property=\"og:image:type\" content=\"image\/jpeg\" \/>\n<meta name=\"twitter:card\" content=\"summary_large_image\" \/>\n<meta name=\"twitter:label1\" content=\"Gesch\u00e4tzte Lesezeit\" \/>\n\t<meta name=\"twitter:data1\" content=\"1\u00a0Minute\" \/>\n<script type=\"application\/ld+json\" class=\"yoast-schema-graph\">{\"@context\":\"https:\\\/\\\/schema.org\",\"@graph\":[{\"@type\":\"WebPage\",\"@id\":\"https:\\\/\\\/marktxxl.de\\\/markt\\\/produkt\\\/rituals-geschenkset-fuer-frauen-aus-the-ritual-of-jing-mittelgross-mit-heiligem-lotus-jujube-chinesischer-minze-entspannende-beruhigende-eigenschaften\\\/\",\"url\":\"https:\\\/\\\/marktxxl.de\\\/markt\\\/produkt\\\/rituals-geschenkset-fuer-frauen-aus-the-ritual-of-jing-mittelgross-mit-heiligem-lotus-jujube-chinesischer-minze-entspannende-beruhigende-eigenschaften\\\/\",\"name\":\"RITUALS Geschenkset f\u00fcr Frauen aus The Ritual of Jing, Mittelgro\u00df - Mit Heiligem Lotus &amp; Jujube - Entspannende\u2026 - Markt-XXL\",\"isPartOf\":{\"@id\":\"https:\\\/\\\/marktxxl.de\\\/markt\\\/#website\"},\"primaryImageOfPage\":{\"@id\":\"https:\\\/\\\/marktxxl.de\\\/markt\\\/produkt\\\/rituals-geschenkset-fuer-frauen-aus-the-ritual-of-jing-mittelgross-mit-heiligem-lotus-jujube-chinesischer-minze-entspannende-beruhigende-eigenschaften\\\/#primaryimage\"},\"image\":{\"@id\":\"https:\\\/\\\/marktxxl.de\\\/markt\\\/produkt\\\/rituals-geschenkset-fuer-frauen-aus-the-ritual-of-jing-mittelgross-mit-heiligem-lotus-jujube-chinesischer-minze-entspannende-beruhigende-eigenschaften\\\/#primaryimage\"},\"thumbnailUrl\":\"https:\\\/\\\/m.media-amazon.com\\\/images\\\/I\\\/31pfAaKLiOL._SL500_.jpg\",\"datePublished\":\"2023-01-10T00:56:12+00:00\",\"dateModified\":\"2023-04-10T03:19:18+00:00\",\"description\":\"Markt-XXL RITUALS Geschenkset f\u00fcr Frauen aus The Ritual of Jing, Mittelgro\u00df - Mit Heiligem Lotus &amp; Jujube - Entspannende\u2026\",\"breadcrumb\":{\"@id\":\"https:\\\/\\\/marktxxl.de\\\/markt\\\/produkt\\\/rituals-geschenkset-fuer-frauen-aus-the-ritual-of-jing-mittelgross-mit-heiligem-lotus-jujube-chinesischer-minze-entspannende-beruhigende-eigenschaften\\\/#breadcrumb\"},\"inLanguage\":\"de\",\"potentialAction\":[{\"@type\":\"ReadAction\",\"target\":[\"https:\\\/\\\/marktxxl.de\\\/markt\\\/produkt\\\/rituals-geschenkset-fuer-frauen-aus-the-ritual-of-jing-mittelgross-mit-heiligem-lotus-jujube-chinesischer-minze-entspannende-beruhigende-eigenschaften\\\/\"]}]},{\"@type\":\"ImageObject\",\"inLanguage\":\"de\",\"@id\":\"https:\\\/\\\/marktxxl.de\\\/markt\\\/produkt\\\/rituals-geschenkset-fuer-frauen-aus-the-ritual-of-jing-mittelgross-mit-heiligem-lotus-jujube-chinesischer-minze-entspannende-beruhigende-eigenschaften\\\/#primaryimage\",\"url\":\"https:\\\/\\\/m.media-amazon.com\\\/images\\\/I\\\/31pfAaKLiOL._SL500_.jpg\",\"contentUrl\":\"https:\\\/\\\/m.media-amazon.com\\\/images\\\/I\\\/31pfAaKLiOL._SL500_.jpg\",\"width\":500,\"height\":500},{\"@type\":\"BreadcrumbList\",\"@id\":\"https:\\\/\\\/marktxxl.de\\\/markt\\\/produkt\\\/rituals-geschenkset-fuer-frauen-aus-the-ritual-of-jing-mittelgross-mit-heiligem-lotus-jujube-chinesischer-minze-entspannende-beruhigende-eigenschaften\\\/#breadcrumb\",\"itemListElement\":[{\"@type\":\"ListItem\",\"position\":1,\"name\":\"Startseite\",\"item\":\"https:\\\/\\\/marktxxl.de\\\/markt\\\/\"},{\"@type\":\"ListItem\",\"position\":2,\"name\":\"Markt\",\"item\":\"https:\\\/\\\/marktxxl.de\\\/markt\\\/\"},{\"@type\":\"ListItem\",\"position\":3,\"name\":\"RITUALS Geschenkset f\u00fcr Frauen aus The Ritual of Jing, Mittelgro\u00df &#8211; Mit Heiligem Lotus &amp; Jujube &#8211; Entspannende\u2026\"}]},{\"@type\":\"WebSite\",\"@id\":\"https:\\\/\\\/marktxxl.de\\\/markt\\\/#website\",\"url\":\"https:\\\/\\\/marktxxl.de\\\/markt\\\/\",\"name\":\"Markt-XXL\",\"description\":\"Ihr Markt Online\",\"publisher\":{\"@id\":\"https:\\\/\\\/marktxxl.de\\\/markt\\\/#organization\"},\"potentialAction\":[{\"@type\":\"SearchAction\",\"target\":{\"@type\":\"EntryPoint\",\"urlTemplate\":\"https:\\\/\\\/marktxxl.de\\\/markt\\\/?s={search_term_string}\"},\"query-input\":{\"@type\":\"PropertyValueSpecification\",\"valueRequired\":true,\"valueName\":\"search_term_string\"}}],\"inLanguage\":\"de\"},{\"@type\":\"Organization\",\"@id\":\"https:\\\/\\\/marktxxl.de\\\/markt\\\/#organization\",\"name\":\"Markt-XXL\",\"url\":\"https:\\\/\\\/marktxxl.de\\\/markt\\\/\",\"logo\":{\"@type\":\"ImageObject\",\"inLanguage\":\"de\",\"@id\":\"https:\\\/\\\/marktxxl.de\\\/markt\\\/#\\\/schema\\\/logo\\\/image\\\/\",\"url\":\"https:\\\/\\\/marktxxl.de\\\/markt\\\/wp-content\\\/uploads\\\/sites\\\/3\\\/2020\\\/12\\\/logo.png\",\"contentUrl\":\"https:\\\/\\\/marktxxl.de\\\/markt\\\/wp-content\\\/uploads\\\/sites\\\/3\\\/2020\\\/12\\\/logo.png\",\"width\":200,\"height\":70,\"caption\":\"Markt-XXL\"},\"image\":{\"@id\":\"https:\\\/\\\/marktxxl.de\\\/markt\\\/#\\\/schema\\\/logo\\\/image\\\/\"}}]}<\/script>\n<!-- \/ Yoast SEO plugin. -->","yoast_head_json":{"title":"RITUALS Geschenkset f\u00fcr Frauen aus The Ritual of Jing, Mittelgro\u00df - Mit Heiligem Lotus &amp; Jujube - Entspannende\u2026 - Markt-XXL","description":"Markt-XXL RITUALS Geschenkset f\u00fcr Frauen aus The Ritual of Jing, Mittelgro\u00df - Mit Heiligem Lotus &amp; Jujube - Entspannende\u2026","robots":{"index":"index","follow":"follow","max-snippet":"max-snippet:-1","max-image-preview":"max-image-preview:large","max-video-preview":"max-video-preview:-1"},"canonical":"https:\/\/marktxxl.de\/markt\/produkt\/rituals-geschenkset-fuer-frauen-aus-the-ritual-of-jing-mittelgross-mit-heiligem-lotus-jujube-chinesischer-minze-entspannende-beruhigende-eigenschaften\/","og_locale":"de_DE","og_type":"article","og_title":"RITUALS Geschenkset f\u00fcr Frauen aus The Ritual of Jing, Mittelgro\u00df - Mit Heiligem Lotus &amp; Jujube - Entspannende\u2026 - Markt-XXL","og_description":"Markt-XXL RITUALS Geschenkset f\u00fcr Frauen aus The Ritual of Jing, Mittelgro\u00df - Mit Heiligem Lotus &amp; Jujube - Entspannende\u2026","og_url":"https:\/\/marktxxl.de\/markt\/produkt\/rituals-geschenkset-fuer-frauen-aus-the-ritual-of-jing-mittelgross-mit-heiligem-lotus-jujube-chinesischer-minze-entspannende-beruhigende-eigenschaften\/","og_site_name":"Markt-XXL","article_modified_time":"2023-04-10T03:19:18+00:00","og_image":[{"width":500,"height":500,"url":"https:\/\/m.media-amazon.com\/images\/I\/31pfAaKLiOL._SL500_.jpg","type":"image\/jpeg"}],"twitter_card":"summary_large_image","twitter_misc":{"Gesch\u00e4tzte Lesezeit":"1\u00a0Minute"},"schema":{"@context":"https:\/\/schema.org","@graph":[{"@type":"WebPage","@id":"https:\/\/marktxxl.de\/markt\/produkt\/rituals-geschenkset-fuer-frauen-aus-the-ritual-of-jing-mittelgross-mit-heiligem-lotus-jujube-chinesischer-minze-entspannende-beruhigende-eigenschaften\/","url":"https:\/\/marktxxl.de\/markt\/produkt\/rituals-geschenkset-fuer-frauen-aus-the-ritual-of-jing-mittelgross-mit-heiligem-lotus-jujube-chinesischer-minze-entspannende-beruhigende-eigenschaften\/","name":"RITUALS Geschenkset f\u00fcr Frauen aus The Ritual of Jing, Mittelgro\u00df - Mit Heiligem Lotus &amp; Jujube - Entspannende\u2026 - Markt-XXL","isPartOf":{"@id":"https:\/\/marktxxl.de\/markt\/#website"},"primaryImageOfPage":{"@id":"https:\/\/marktxxl.de\/markt\/produkt\/rituals-geschenkset-fuer-frauen-aus-the-ritual-of-jing-mittelgross-mit-heiligem-lotus-jujube-chinesischer-minze-entspannende-beruhigende-eigenschaften\/#primaryimage"},"image":{"@id":"https:\/\/marktxxl.de\/markt\/produkt\/rituals-geschenkset-fuer-frauen-aus-the-ritual-of-jing-mittelgross-mit-heiligem-lotus-jujube-chinesischer-minze-entspannende-beruhigende-eigenschaften\/#primaryimage"},"thumbnailUrl":"https:\/\/m.media-amazon.com\/images\/I\/31pfAaKLiOL._SL500_.jpg","datePublished":"2023-01-10T00:56:12+00:00","dateModified":"2023-04-10T03:19:18+00:00","description":"Markt-XXL RITUALS Geschenkset f\u00fcr Frauen aus The Ritual of Jing, Mittelgro\u00df - Mit Heiligem Lotus &amp; Jujube - Entspannende\u2026","breadcrumb":{"@id":"https:\/\/marktxxl.de\/markt\/produkt\/rituals-geschenkset-fuer-frauen-aus-the-ritual-of-jing-mittelgross-mit-heiligem-lotus-jujube-chinesischer-minze-entspannende-beruhigende-eigenschaften\/#breadcrumb"},"inLanguage":"de","potentialAction":[{"@type":"ReadAction","target":["https:\/\/marktxxl.de\/markt\/produkt\/rituals-geschenkset-fuer-frauen-aus-the-ritual-of-jing-mittelgross-mit-heiligem-lotus-jujube-chinesischer-minze-entspannende-beruhigende-eigenschaften\/"]}]},{"@type":"ImageObject","inLanguage":"de","@id":"https:\/\/marktxxl.de\/markt\/produkt\/rituals-geschenkset-fuer-frauen-aus-the-ritual-of-jing-mittelgross-mit-heiligem-lotus-jujube-chinesischer-minze-entspannende-beruhigende-eigenschaften\/#primaryimage","url":"https:\/\/m.media-amazon.com\/images\/I\/31pfAaKLiOL._SL500_.jpg","contentUrl":"https:\/\/m.media-amazon.com\/images\/I\/31pfAaKLiOL._SL500_.jpg","width":500,"height":500},{"@type":"BreadcrumbList","@id":"https:\/\/marktxxl.de\/markt\/produkt\/rituals-geschenkset-fuer-frauen-aus-the-ritual-of-jing-mittelgross-mit-heiligem-lotus-jujube-chinesischer-minze-entspannende-beruhigende-eigenschaften\/#breadcrumb","itemListElement":[{"@type":"ListItem","position":1,"name":"Startseite","item":"https:\/\/marktxxl.de\/markt\/"},{"@type":"ListItem","position":2,"name":"Markt","item":"https:\/\/marktxxl.de\/markt\/"},{"@type":"ListItem","position":3,"name":"RITUALS Geschenkset f\u00fcr Frauen aus The Ritual of Jing, Mittelgro\u00df &#8211; Mit Heiligem Lotus &amp; Jujube &#8211; Entspannende\u2026"}]},{"@type":"WebSite","@id":"https:\/\/marktxxl.de\/markt\/#website","url":"https:\/\/marktxxl.de\/markt\/","name":"Markt-XXL","description":"Ihr Markt Online","publisher":{"@id":"https:\/\/marktxxl.de\/markt\/#organization"},"potentialAction":[{"@type":"SearchAction","target":{"@type":"EntryPoint","urlTemplate":"https:\/\/marktxxl.de\/markt\/?s={search_term_string}"},"query-input":{"@type":"PropertyValueSpecification","valueRequired":true,"valueName":"search_term_string"}}],"inLanguage":"de"},{"@type":"Organization","@id":"https:\/\/marktxxl.de\/markt\/#organization","name":"Markt-XXL","url":"https:\/\/marktxxl.de\/markt\/","logo":{"@type":"ImageObject","inLanguage":"de","@id":"https:\/\/marktxxl.de\/markt\/#\/schema\/logo\/image\/","url":"https:\/\/marktxxl.de\/markt\/wp-content\/uploads\/sites\/3\/2020\/12\/logo.png","contentUrl":"https:\/\/marktxxl.de\/markt\/wp-content\/uploads\/sites\/3\/2020\/12\/logo.png","width":200,"height":70,"caption":"Markt-XXL"},"image":{"@id":"https:\/\/marktxxl.de\/markt\/#\/schema\/logo\/image\/"}}]}},"_links":{"self":[{"href":"https:\/\/marktxxl.de\/markt\/wp-json\/wp\/v2\/product\/179433","targetHints":{"allow":["GET"]}}],"collection":[{"href":"https:\/\/marktxxl.de\/markt\/wp-json\/wp\/v2\/product"}],"about":[{"href":"https:\/\/marktxxl.de\/markt\/wp-json\/wp\/v2\/types\/product"}],"replies":[{"embeddable":true,"href":"https:\/\/marktxxl.de\/markt\/wp-json\/wp\/v2\/comments?post=179433"}],"wp:featuredmedia":[{"embeddable":true,"href":"https:\/\/marktxxl.de\/markt\/wp-json\/wp\/v2\/media\/179434"}],"wp:attachment":[{"href":"https:\/\/marktxxl.de\/markt\/wp-json\/wp\/v2\/media?parent=179433"}],"wp:term":[{"taxonomy":"product_brand","embeddable":true,"href":"https:\/\/marktxxl.de\/markt\/wp-json\/wp\/v2\/product_brand?post=179433"},{"taxonomy":"product_cat","embeddable":true,"href":"https:\/\/marktxxl.de\/markt\/wp-json\/wp\/v2\/product_cat?post=179433"},{"taxonomy":"product_tag","embeddable":true,"href":"https:\/\/marktxxl.de\/markt\/wp-json\/wp\/v2\/product_tag?post=179433"}],"curies":[{"name":"wp","href":"https:\/\/api.w.org\/{rel}","templated":true}]}}