{"id":179381,"date":"2023-01-10T01:35:44","date_gmt":"2023-01-10T00:35:44","guid":{"rendered":"https:\/\/marktxxl.de\/markt\/produkt\/rituals-geschenkset-von-the-ritual-of-karma-klein-mit-sommerlichem-heiligem-lotus-und-weissem-tee-feuchtigkeitsspendend-und-kuehlend-2022\/"},"modified":"2023-04-10T05:19:17","modified_gmt":"2023-04-10T03:19:17","slug":"rituals-geschenkset-von-the-ritual-of-karma-klein-mit-sommerlichem-heiligem-lotus-und-weissem-tee-feuchtigkeitsspendend-und-kuehlend-2022","status":"publish","type":"product","link":"https:\/\/marktxxl.de\/markt\/produkt\/rituals-geschenkset-von-the-ritual-of-karma-klein-mit-sommerlichem-heiligem-lotus-und-weissem-tee-feuchtigkeitsspendend-und-kuehlend-2022\/","title":{"rendered":"RITUALS Geschenkset von The Ritual of Karma, Klein &#8211; mit sommerlichem heiligem Lotus und wei\u00dfem Tee\u2026"},"content":{"rendered":"<p>Vervollst\u00e4ndigen Sie das Ritual: Dieses wunderbare kleine Beauty-Geschenkset enth\u00e4lt ein sch\u00e4umendes Duschgel, eine K\u00f6rperlotion, ein K\u00f6rperpeeling und ein K\u00f6rperschimmer\u00f6l. Entdecken Sie die komplette Karma-Kollektion<br \/>\nBeruhigende Inhaltsstoffe: Die luxuri\u00f6sen Bestandteile dieses Geschenksets enthalten beruhigenden, pflegenden Heiligen Lotus sowie leicht oxidierten Wei\u00dfen Tee, der die Sinne beleben und sch\u00e4rfen soll. Inhaltsstoffe, die Positivit\u00e4t ausstrahlen<br \/>\nLuxuri\u00f6ses Geschenkset: Dieses Bade- und Duschset ist ideal, um sich selbst eine besondere Freude zu machen oder um einem geliebten Menschen ein Geburtstags- oder Urlaubsgeschenk zu machen, oder einfach nur, um ihm zu zeigen, dass man an ihn denkt<br \/>\nZartes, s\u00fc\u00dfes Parf\u00fcm: Genie\u00dfen Sie das ganze Jahr \u00fcber positive Sommergef\u00fchle mit diesem Pflegegeschenk, das mit dem blumigen Duft von Holy Lotus und dem frischen, sauberen und gr\u00fcnen Duft von Wei\u00dfem Tee den perfekten Sommerduft kreiert<br \/>\nDas Ritual des Karmas: Tue Gutes und Gutes wird auf dich zukommen. Verspr\u00fchen Sie Positivit\u00e4t und gute Laune mit diesem beruhigenden Geschenkset f\u00fcr Toilettenartikel. Tauchen Sie das ganze Jahr \u00fcber in die positive Energie des Sommers ein<br \/>\n<div class=\"main-cross-sell\" data-asin=\"B0B88L2531\">\n\n\t<div class=\"WooZone-cross-sell-loader\">\n\t\t<div>\n\t\t\t<div id=\"floatingBarsG\">\n\t\t\t\t<div class=\"blockG\" id=\"rotateG_01\"><\/div>\n\t\t\t\t<div class=\"blockG\" id=\"rotateG_02\"><\/div>\n\t\t\t\t<div class=\"blockG\" id=\"rotateG_03\"><\/div>\n\t\t\t\t<div class=\"blockG\" id=\"rotateG_04\"><\/div>\n\t\t\t\t<div class=\"blockG\" id=\"rotateG_05\"><\/div>\n\t\t\t\t<div class=\"blockG\" id=\"rotateG_06\"><\/div>\n\t\t\t\t<div class=\"blockG\" id=\"rotateG_07\"><\/div>\n\t\t\t\t<div class=\"blockG\" id=\"rotateG_08\"><\/div>\n\t\t\t<\/div>\n\t\t\t<div class=\"WooZone-cross-sell-loader-text\"><\/div>\n\t\t<\/div>\n\t<\/div>\n\n\t\t\n<\/div>\n<div style=\"clear:both;\"><\/div><\/p>\n","protected":false},"excerpt":{"rendered":"<p>Vervollst\u00e4ndigen Sie das Ritual: Dieses wunderbare kleine Beauty-Geschenkset enth\u00e4lt ein sch\u00e4umendes Duschgel, eine K\u00f6rperlotion, ein K\u00f6rperpeeling und ein K\u00f6rperschimmer\u00f6l. Entdecken Sie die komplette Karma-Kollektion<br \/>\nBeruhigende Inhaltsstoffe: Die luxuri\u00f6sen Bestandteile dieses Geschenksets enthalten beruhigenden, pflegenden Heiligen Lotus sowie leicht oxidierten Wei\u00dfen Tee, der die Sinne beleben und sch\u00e4rfen soll. Inhaltsstoffe, die Positivit\u00e4t ausstrahlen<br \/>\nLuxuri\u00f6ses Geschenkset: Dieses Bade- und Duschset ist ideal, um sich selbst eine besondere Freude zu machen oder um einem geliebten Menschen ein Geburtstags- oder Urlaubsgeschenk zu machen, oder einfach nur, um ihm zu zeigen, dass man an ihn denkt<\/p>\n","protected":false},"featured_media":179382,"comment_status":"open","ping_status":"closed","template":"","meta":[],"product_brand":[],"product_cat":[2858,6632],"product_tag":[],"class_list":{"0":"post-179381","1":"product","2":"type-product","3":"status-publish","4":"has-post-thumbnail","6":"product_cat-beauty","7":"product_cat-beauty-pflegesets","8":"pa_brand-rituals","9":"pa_color-2022-weiss","10":"pa_height-1-92913-zoll","11":"pa_length-10-03935-zoll","12":"pa_manufacturer-rituals-cosmetics-trade-bv","13":"pa_size-47094","14":"pa_weight-0-33-kilogramm","15":"pa_width-6-06298-zoll","17":"first","18":"instock","19":"shipping-taxable","20":"purchasable","21":"product-type-simple","22":"customify-col","23":"product-has-gallery"},"yoast_head":"<!-- This site is optimized with the Yoast SEO plugin v27.3 - https:\/\/yoast.com\/product\/yoast-seo-wordpress\/ -->\n<title>RITUALS Geschenkset von The Ritual of Karma, Klein - mit sommerlichem heiligem Lotus und wei\u00dfem Tee\u2026 - Markt-XXL<\/title>\n<meta name=\"description\" content=\"Markt-XXL RITUALS Geschenkset von The Ritual of Karma, Klein - mit sommerlichem heiligem Lotus und wei\u00dfem Tee\u2026\" \/>\n<meta name=\"robots\" content=\"index, follow, max-snippet:-1, max-image-preview:large, max-video-preview:-1\" \/>\n<link rel=\"canonical\" href=\"https:\/\/marktxxl.de\/markt\/produkt\/rituals-geschenkset-von-the-ritual-of-karma-klein-mit-sommerlichem-heiligem-lotus-und-weissem-tee-feuchtigkeitsspendend-und-kuehlend-2022\/\" \/>\n<meta property=\"og:locale\" content=\"de_DE\" \/>\n<meta property=\"og:type\" content=\"article\" \/>\n<meta property=\"og:title\" content=\"RITUALS Geschenkset von The Ritual of Karma, Klein - mit sommerlichem heiligem Lotus und wei\u00dfem Tee\u2026 - Markt-XXL\" \/>\n<meta property=\"og:description\" content=\"Markt-XXL RITUALS Geschenkset von The Ritual of Karma, Klein - mit sommerlichem heiligem Lotus und wei\u00dfem Tee\u2026\" \/>\n<meta property=\"og:url\" content=\"https:\/\/marktxxl.de\/markt\/produkt\/rituals-geschenkset-von-the-ritual-of-karma-klein-mit-sommerlichem-heiligem-lotus-und-weissem-tee-feuchtigkeitsspendend-und-kuehlend-2022\/\" \/>\n<meta property=\"og:site_name\" content=\"Markt-XXL\" \/>\n<meta property=\"article:modified_time\" content=\"2023-04-10T03:19:17+00:00\" \/>\n<meta property=\"og:image\" content=\"https:\/\/m.media-amazon.com\/images\/I\/31QWy9kC8tL._SL500_.jpg\" \/>\n\t<meta property=\"og:image:width\" content=\"500\" \/>\n\t<meta property=\"og:image:height\" content=\"500\" \/>\n\t<meta property=\"og:image:type\" content=\"image\/jpeg\" \/>\n<meta name=\"twitter:card\" content=\"summary_large_image\" \/>\n<meta name=\"twitter:label1\" content=\"Gesch\u00e4tzte Lesezeit\" \/>\n\t<meta name=\"twitter:data1\" content=\"1\u00a0Minute\" \/>\n<script type=\"application\/ld+json\" class=\"yoast-schema-graph\">{\"@context\":\"https:\\\/\\\/schema.org\",\"@graph\":[{\"@type\":\"WebPage\",\"@id\":\"https:\\\/\\\/marktxxl.de\\\/markt\\\/produkt\\\/rituals-geschenkset-von-the-ritual-of-karma-klein-mit-sommerlichem-heiligem-lotus-und-weissem-tee-feuchtigkeitsspendend-und-kuehlend-2022\\\/\",\"url\":\"https:\\\/\\\/marktxxl.de\\\/markt\\\/produkt\\\/rituals-geschenkset-von-the-ritual-of-karma-klein-mit-sommerlichem-heiligem-lotus-und-weissem-tee-feuchtigkeitsspendend-und-kuehlend-2022\\\/\",\"name\":\"RITUALS Geschenkset von The Ritual of Karma, Klein - mit sommerlichem heiligem Lotus und wei\u00dfem Tee\u2026 - Markt-XXL\",\"isPartOf\":{\"@id\":\"https:\\\/\\\/marktxxl.de\\\/markt\\\/#website\"},\"primaryImageOfPage\":{\"@id\":\"https:\\\/\\\/marktxxl.de\\\/markt\\\/produkt\\\/rituals-geschenkset-von-the-ritual-of-karma-klein-mit-sommerlichem-heiligem-lotus-und-weissem-tee-feuchtigkeitsspendend-und-kuehlend-2022\\\/#primaryimage\"},\"image\":{\"@id\":\"https:\\\/\\\/marktxxl.de\\\/markt\\\/produkt\\\/rituals-geschenkset-von-the-ritual-of-karma-klein-mit-sommerlichem-heiligem-lotus-und-weissem-tee-feuchtigkeitsspendend-und-kuehlend-2022\\\/#primaryimage\"},\"thumbnailUrl\":\"https:\\\/\\\/m.media-amazon.com\\\/images\\\/I\\\/31QWy9kC8tL._SL500_.jpg\",\"datePublished\":\"2023-01-10T00:35:44+00:00\",\"dateModified\":\"2023-04-10T03:19:17+00:00\",\"description\":\"Markt-XXL RITUALS Geschenkset von The Ritual of Karma, Klein - mit sommerlichem heiligem Lotus und wei\u00dfem Tee\u2026\",\"breadcrumb\":{\"@id\":\"https:\\\/\\\/marktxxl.de\\\/markt\\\/produkt\\\/rituals-geschenkset-von-the-ritual-of-karma-klein-mit-sommerlichem-heiligem-lotus-und-weissem-tee-feuchtigkeitsspendend-und-kuehlend-2022\\\/#breadcrumb\"},\"inLanguage\":\"de\",\"potentialAction\":[{\"@type\":\"ReadAction\",\"target\":[\"https:\\\/\\\/marktxxl.de\\\/markt\\\/produkt\\\/rituals-geschenkset-von-the-ritual-of-karma-klein-mit-sommerlichem-heiligem-lotus-und-weissem-tee-feuchtigkeitsspendend-und-kuehlend-2022\\\/\"]}]},{\"@type\":\"ImageObject\",\"inLanguage\":\"de\",\"@id\":\"https:\\\/\\\/marktxxl.de\\\/markt\\\/produkt\\\/rituals-geschenkset-von-the-ritual-of-karma-klein-mit-sommerlichem-heiligem-lotus-und-weissem-tee-feuchtigkeitsspendend-und-kuehlend-2022\\\/#primaryimage\",\"url\":\"https:\\\/\\\/m.media-amazon.com\\\/images\\\/I\\\/31QWy9kC8tL._SL500_.jpg\",\"contentUrl\":\"https:\\\/\\\/m.media-amazon.com\\\/images\\\/I\\\/31QWy9kC8tL._SL500_.jpg\",\"width\":500,\"height\":500},{\"@type\":\"BreadcrumbList\",\"@id\":\"https:\\\/\\\/marktxxl.de\\\/markt\\\/produkt\\\/rituals-geschenkset-von-the-ritual-of-karma-klein-mit-sommerlichem-heiligem-lotus-und-weissem-tee-feuchtigkeitsspendend-und-kuehlend-2022\\\/#breadcrumb\",\"itemListElement\":[{\"@type\":\"ListItem\",\"position\":1,\"name\":\"Startseite\",\"item\":\"https:\\\/\\\/marktxxl.de\\\/markt\\\/\"},{\"@type\":\"ListItem\",\"position\":2,\"name\":\"Markt\",\"item\":\"https:\\\/\\\/marktxxl.de\\\/markt\\\/\"},{\"@type\":\"ListItem\",\"position\":3,\"name\":\"RITUALS Geschenkset von The Ritual of Karma, Klein &#8211; mit sommerlichem heiligem Lotus und wei\u00dfem Tee\u2026\"}]},{\"@type\":\"WebSite\",\"@id\":\"https:\\\/\\\/marktxxl.de\\\/markt\\\/#website\",\"url\":\"https:\\\/\\\/marktxxl.de\\\/markt\\\/\",\"name\":\"Markt-XXL\",\"description\":\"Ihr Markt Online\",\"publisher\":{\"@id\":\"https:\\\/\\\/marktxxl.de\\\/markt\\\/#organization\"},\"potentialAction\":[{\"@type\":\"SearchAction\",\"target\":{\"@type\":\"EntryPoint\",\"urlTemplate\":\"https:\\\/\\\/marktxxl.de\\\/markt\\\/?s={search_term_string}\"},\"query-input\":{\"@type\":\"PropertyValueSpecification\",\"valueRequired\":true,\"valueName\":\"search_term_string\"}}],\"inLanguage\":\"de\"},{\"@type\":\"Organization\",\"@id\":\"https:\\\/\\\/marktxxl.de\\\/markt\\\/#organization\",\"name\":\"Markt-XXL\",\"url\":\"https:\\\/\\\/marktxxl.de\\\/markt\\\/\",\"logo\":{\"@type\":\"ImageObject\",\"inLanguage\":\"de\",\"@id\":\"https:\\\/\\\/marktxxl.de\\\/markt\\\/#\\\/schema\\\/logo\\\/image\\\/\",\"url\":\"https:\\\/\\\/marktxxl.de\\\/markt\\\/wp-content\\\/uploads\\\/sites\\\/3\\\/2020\\\/12\\\/logo.png\",\"contentUrl\":\"https:\\\/\\\/marktxxl.de\\\/markt\\\/wp-content\\\/uploads\\\/sites\\\/3\\\/2020\\\/12\\\/logo.png\",\"width\":200,\"height\":70,\"caption\":\"Markt-XXL\"},\"image\":{\"@id\":\"https:\\\/\\\/marktxxl.de\\\/markt\\\/#\\\/schema\\\/logo\\\/image\\\/\"}}]}<\/script>\n<!-- \/ Yoast SEO plugin. -->","yoast_head_json":{"title":"RITUALS Geschenkset von The Ritual of Karma, Klein - mit sommerlichem heiligem Lotus und wei\u00dfem Tee\u2026 - Markt-XXL","description":"Markt-XXL RITUALS Geschenkset von The Ritual of Karma, Klein - mit sommerlichem heiligem Lotus und wei\u00dfem Tee\u2026","robots":{"index":"index","follow":"follow","max-snippet":"max-snippet:-1","max-image-preview":"max-image-preview:large","max-video-preview":"max-video-preview:-1"},"canonical":"https:\/\/marktxxl.de\/markt\/produkt\/rituals-geschenkset-von-the-ritual-of-karma-klein-mit-sommerlichem-heiligem-lotus-und-weissem-tee-feuchtigkeitsspendend-und-kuehlend-2022\/","og_locale":"de_DE","og_type":"article","og_title":"RITUALS Geschenkset von The Ritual of Karma, Klein - mit sommerlichem heiligem Lotus und wei\u00dfem Tee\u2026 - Markt-XXL","og_description":"Markt-XXL RITUALS Geschenkset von The Ritual of Karma, Klein - mit sommerlichem heiligem Lotus und wei\u00dfem Tee\u2026","og_url":"https:\/\/marktxxl.de\/markt\/produkt\/rituals-geschenkset-von-the-ritual-of-karma-klein-mit-sommerlichem-heiligem-lotus-und-weissem-tee-feuchtigkeitsspendend-und-kuehlend-2022\/","og_site_name":"Markt-XXL","article_modified_time":"2023-04-10T03:19:17+00:00","og_image":[{"width":500,"height":500,"url":"https:\/\/m.media-amazon.com\/images\/I\/31QWy9kC8tL._SL500_.jpg","type":"image\/jpeg"}],"twitter_card":"summary_large_image","twitter_misc":{"Gesch\u00e4tzte Lesezeit":"1\u00a0Minute"},"schema":{"@context":"https:\/\/schema.org","@graph":[{"@type":"WebPage","@id":"https:\/\/marktxxl.de\/markt\/produkt\/rituals-geschenkset-von-the-ritual-of-karma-klein-mit-sommerlichem-heiligem-lotus-und-weissem-tee-feuchtigkeitsspendend-und-kuehlend-2022\/","url":"https:\/\/marktxxl.de\/markt\/produkt\/rituals-geschenkset-von-the-ritual-of-karma-klein-mit-sommerlichem-heiligem-lotus-und-weissem-tee-feuchtigkeitsspendend-und-kuehlend-2022\/","name":"RITUALS Geschenkset von The Ritual of Karma, Klein - mit sommerlichem heiligem Lotus und wei\u00dfem Tee\u2026 - Markt-XXL","isPartOf":{"@id":"https:\/\/marktxxl.de\/markt\/#website"},"primaryImageOfPage":{"@id":"https:\/\/marktxxl.de\/markt\/produkt\/rituals-geschenkset-von-the-ritual-of-karma-klein-mit-sommerlichem-heiligem-lotus-und-weissem-tee-feuchtigkeitsspendend-und-kuehlend-2022\/#primaryimage"},"image":{"@id":"https:\/\/marktxxl.de\/markt\/produkt\/rituals-geschenkset-von-the-ritual-of-karma-klein-mit-sommerlichem-heiligem-lotus-und-weissem-tee-feuchtigkeitsspendend-und-kuehlend-2022\/#primaryimage"},"thumbnailUrl":"https:\/\/m.media-amazon.com\/images\/I\/31QWy9kC8tL._SL500_.jpg","datePublished":"2023-01-10T00:35:44+00:00","dateModified":"2023-04-10T03:19:17+00:00","description":"Markt-XXL RITUALS Geschenkset von The Ritual of Karma, Klein - mit sommerlichem heiligem Lotus und wei\u00dfem Tee\u2026","breadcrumb":{"@id":"https:\/\/marktxxl.de\/markt\/produkt\/rituals-geschenkset-von-the-ritual-of-karma-klein-mit-sommerlichem-heiligem-lotus-und-weissem-tee-feuchtigkeitsspendend-und-kuehlend-2022\/#breadcrumb"},"inLanguage":"de","potentialAction":[{"@type":"ReadAction","target":["https:\/\/marktxxl.de\/markt\/produkt\/rituals-geschenkset-von-the-ritual-of-karma-klein-mit-sommerlichem-heiligem-lotus-und-weissem-tee-feuchtigkeitsspendend-und-kuehlend-2022\/"]}]},{"@type":"ImageObject","inLanguage":"de","@id":"https:\/\/marktxxl.de\/markt\/produkt\/rituals-geschenkset-von-the-ritual-of-karma-klein-mit-sommerlichem-heiligem-lotus-und-weissem-tee-feuchtigkeitsspendend-und-kuehlend-2022\/#primaryimage","url":"https:\/\/m.media-amazon.com\/images\/I\/31QWy9kC8tL._SL500_.jpg","contentUrl":"https:\/\/m.media-amazon.com\/images\/I\/31QWy9kC8tL._SL500_.jpg","width":500,"height":500},{"@type":"BreadcrumbList","@id":"https:\/\/marktxxl.de\/markt\/produkt\/rituals-geschenkset-von-the-ritual-of-karma-klein-mit-sommerlichem-heiligem-lotus-und-weissem-tee-feuchtigkeitsspendend-und-kuehlend-2022\/#breadcrumb","itemListElement":[{"@type":"ListItem","position":1,"name":"Startseite","item":"https:\/\/marktxxl.de\/markt\/"},{"@type":"ListItem","position":2,"name":"Markt","item":"https:\/\/marktxxl.de\/markt\/"},{"@type":"ListItem","position":3,"name":"RITUALS Geschenkset von The Ritual of Karma, Klein &#8211; mit sommerlichem heiligem Lotus und wei\u00dfem Tee\u2026"}]},{"@type":"WebSite","@id":"https:\/\/marktxxl.de\/markt\/#website","url":"https:\/\/marktxxl.de\/markt\/","name":"Markt-XXL","description":"Ihr Markt Online","publisher":{"@id":"https:\/\/marktxxl.de\/markt\/#organization"},"potentialAction":[{"@type":"SearchAction","target":{"@type":"EntryPoint","urlTemplate":"https:\/\/marktxxl.de\/markt\/?s={search_term_string}"},"query-input":{"@type":"PropertyValueSpecification","valueRequired":true,"valueName":"search_term_string"}}],"inLanguage":"de"},{"@type":"Organization","@id":"https:\/\/marktxxl.de\/markt\/#organization","name":"Markt-XXL","url":"https:\/\/marktxxl.de\/markt\/","logo":{"@type":"ImageObject","inLanguage":"de","@id":"https:\/\/marktxxl.de\/markt\/#\/schema\/logo\/image\/","url":"https:\/\/marktxxl.de\/markt\/wp-content\/uploads\/sites\/3\/2020\/12\/logo.png","contentUrl":"https:\/\/marktxxl.de\/markt\/wp-content\/uploads\/sites\/3\/2020\/12\/logo.png","width":200,"height":70,"caption":"Markt-XXL"},"image":{"@id":"https:\/\/marktxxl.de\/markt\/#\/schema\/logo\/image\/"}}]}},"_links":{"self":[{"href":"https:\/\/marktxxl.de\/markt\/wp-json\/wp\/v2\/product\/179381","targetHints":{"allow":["GET"]}}],"collection":[{"href":"https:\/\/marktxxl.de\/markt\/wp-json\/wp\/v2\/product"}],"about":[{"href":"https:\/\/marktxxl.de\/markt\/wp-json\/wp\/v2\/types\/product"}],"replies":[{"embeddable":true,"href":"https:\/\/marktxxl.de\/markt\/wp-json\/wp\/v2\/comments?post=179381"}],"wp:featuredmedia":[{"embeddable":true,"href":"https:\/\/marktxxl.de\/markt\/wp-json\/wp\/v2\/media\/179382"}],"wp:attachment":[{"href":"https:\/\/marktxxl.de\/markt\/wp-json\/wp\/v2\/media?parent=179381"}],"wp:term":[{"taxonomy":"product_brand","embeddable":true,"href":"https:\/\/marktxxl.de\/markt\/wp-json\/wp\/v2\/product_brand?post=179381"},{"taxonomy":"product_cat","embeddable":true,"href":"https:\/\/marktxxl.de\/markt\/wp-json\/wp\/v2\/product_cat?post=179381"},{"taxonomy":"product_tag","embeddable":true,"href":"https:\/\/marktxxl.de\/markt\/wp-json\/wp\/v2\/product_tag?post=179381"}],"curies":[{"name":"wp","href":"https:\/\/api.w.org\/{rel}","templated":true}]}}