{"id":179368,"date":"2023-01-10T01:35:37","date_gmt":"2023-01-10T00:35:37","guid":{"rendered":"https:\/\/marktxxl.de\/markt\/produkt\/weleda-bio-weihnachts-geschenkset-von-herzen-2022-naturkosmetik-winter-weihnachtsgeschenk-set-bestehend-aus-aroma-shower-love-duschgel-und-sensitiv-handcreme-in-wiederverwendbarer-geschenk-box\/"},"modified":"2023-04-10T05:19:17","modified_gmt":"2023-04-10T03:19:17","slug":"weleda-bio-weihnachts-geschenkset-von-herzen-2022-naturkosmetik-winter-weihnachtsgeschenk-set-bestehend-aus-aroma-shower-love-duschgel-und-sensitiv-handcreme-in-wiederverwendbarer-geschenk-box","status":"publish","type":"product","link":"https:\/\/marktxxl.de\/markt\/produkt\/weleda-bio-weihnachts-geschenkset-von-herzen-2022-naturkosmetik-winter-weihnachtsgeschenk-set-bestehend-aus-aroma-shower-love-duschgel-und-sensitiv-handcreme-in-wiederverwendbarer-geschenk-box\/","title":{"rendered":"WELEDA Bio Geschenkset VON HERZEN &#8211; Naturkosmetik Geschenk Set bestehend aus Aroma Shower Love Duschgel und Sensitiv\u2026"},"content":{"rendered":"<p>WELEDA Weihnachten Geschenk Set 2022: Verpackt in einer hochwertigen Geschenkbox mit einer winterlichen Banderole ist das Naturkosmetik Hautpflege Set das ideale Geschenk \u00fcber die ganze Winterzeit (Nikolaus, Advent, Weihnachten, Geburtstag oder als Dankesch\u00f6n)<br \/>\nAroma Shower Love: Das verw\u00f6hnende Duscherlebnis mit dem Duft von 100% nat\u00fcrlichen \u00e4therischen \u00d6len und Pflanzenextrakten aus romantischer Damaszener Rose, kostbarem Jasmin und s\u00fc\u00dfem Ylang-Ylang vermittelt ein Gef\u00fchl von Z\u00e4rtlichkeit f\u00fcr K\u00f6rper und Sinne<br \/>\nSensitiv Handcreme: Ideal f\u00fcr die sanfte Handpflege zwischendurch zieht die parf\u00fcmfreie Hand Creme besonders schnell und vollst\u00e4ndig in die Haut ein. Sie beruhigt zu Irritationen neigende Haut, versorgt sie nachhaltig mit Feuchtigkeit und reduziert so Spannungsgef\u00fchle<br \/>\nH\u00f6chste WELEDA Qualit\u00e4t: Die im Set enthaltenen Produkte sind frei von synthetischen Duft, Farb- und Konservierungsstoffen, sind vegan und enthalten keine Rohstoffe auf Mineral\u00f6lbasis<br \/>\nLieferumfang: 1x WELEDA Weihnachts-Geschenk Set 2022 mit Aroma Shower Love Duschseife und Sensitiv Handlotion. Das ideale Weihnachtsgeschenk f\u00fcr Frauen und M\u00e4nner, Familie und Freunde<br \/>\n<div class=\"main-cross-sell\" data-asin=\"B0BDFY1GFZ\">\n\n\t<div class=\"WooZone-cross-sell-loader\">\n\t\t<div>\n\t\t\t<div id=\"floatingBarsG\">\n\t\t\t\t<div class=\"blockG\" id=\"rotateG_01\"><\/div>\n\t\t\t\t<div class=\"blockG\" id=\"rotateG_02\"><\/div>\n\t\t\t\t<div class=\"blockG\" id=\"rotateG_03\"><\/div>\n\t\t\t\t<div class=\"blockG\" id=\"rotateG_04\"><\/div>\n\t\t\t\t<div class=\"blockG\" id=\"rotateG_05\"><\/div>\n\t\t\t\t<div class=\"blockG\" id=\"rotateG_06\"><\/div>\n\t\t\t\t<div class=\"blockG\" id=\"rotateG_07\"><\/div>\n\t\t\t\t<div class=\"blockG\" id=\"rotateG_08\"><\/div>\n\t\t\t<\/div>\n\t\t\t<div class=\"WooZone-cross-sell-loader-text\"><\/div>\n\t\t<\/div>\n\t<\/div>\n\n\t\t\n<\/div>\n<div style=\"clear:both;\"><\/div><\/p>\n","protected":false},"excerpt":{"rendered":"<p>WELEDA Weihnachten Geschenk Set 2022: Verpackt in einer hochwertigen Geschenkbox mit einer winterlichen Banderole ist das Naturkosmetik Hautpflege Set das ideale Geschenk \u00fcber die ganze Winterzeit (Nikolaus, Advent, Weihnachten, Geburtstag oder als Dankesch\u00f6n)<br \/>\nAroma Shower Love: Das verw\u00f6hnende Duscherlebnis mit dem Duft von 100% nat\u00fcrlichen \u00e4therischen \u00d6len und Pflanzenextrakten aus romantischer Damaszener Rose, kostbarem Jasmin und s\u00fc\u00dfem Ylang-Ylang vermittelt ein Gef\u00fchl von Z\u00e4rtlichkeit f\u00fcr K\u00f6rper und Sinne<br \/>\nSensitiv Handcreme: Ideal f\u00fcr die sanfte Handpflege zwischendurch zieht die parf\u00fcmfreie Hand Creme besonders schnell und vollst\u00e4ndig in die Haut ein. Sie beruhigt zu Irritationen neigende Haut, versorgt sie nachhaltig mit Feuchtigkeit und reduziert so Spannungsgef\u00fchle<\/p>\n","protected":false},"featured_media":179369,"comment_status":"open","ping_status":"closed","template":"","meta":[],"product_brand":[],"product_cat":[2858,6632],"product_tag":[],"class_list":{"0":"post-179368","1":"product","2":"type-product","3":"status-publish","4":"has-post-thumbnail","6":"product_cat-beauty","7":"product_cat-beauty-pflegesets","8":"pa_binding-badartikel","9":"pa_brand-weleda","10":"pa_color-keine","11":"pa_height-7-2047244021-zoll","12":"pa_length-4-330708657-zoll","13":"pa_manufacturer-weleda-ag","14":"pa_model-47091","15":"pa_width-6-1023621985-zoll","17":"first","18":"instock","19":"shipping-taxable","20":"purchasable","21":"product-type-simple","22":"customify-col","23":"product-has-gallery"},"yoast_head":"<!-- This site is optimized with the Yoast SEO plugin v27.3 - https:\/\/yoast.com\/product\/yoast-seo-wordpress\/ -->\n<title>WELEDA Bio Geschenkset VON HERZEN - Naturkosmetik Geschenk Set bestehend aus Aroma Shower Love Duschgel und Sensitiv\u2026 - Markt-XXL<\/title>\n<meta name=\"description\" content=\"Markt-XXL WELEDA Bio Geschenkset VON HERZEN - Naturkosmetik Geschenk Set bestehend aus Aroma Shower Love Duschgel und Sensitiv\u2026\" \/>\n<meta name=\"robots\" content=\"index, follow, max-snippet:-1, max-image-preview:large, max-video-preview:-1\" \/>\n<link rel=\"canonical\" href=\"https:\/\/marktxxl.de\/markt\/produkt\/weleda-bio-weihnachts-geschenkset-von-herzen-2022-naturkosmetik-winter-weihnachtsgeschenk-set-bestehend-aus-aroma-shower-love-duschgel-und-sensitiv-handcreme-in-wiederverwendbarer-geschenk-box\/\" \/>\n<meta property=\"og:locale\" content=\"de_DE\" \/>\n<meta property=\"og:type\" content=\"article\" \/>\n<meta property=\"og:title\" content=\"WELEDA Bio Geschenkset VON HERZEN - Naturkosmetik Geschenk Set bestehend aus Aroma Shower Love Duschgel und Sensitiv\u2026 - Markt-XXL\" \/>\n<meta property=\"og:description\" content=\"Markt-XXL WELEDA Bio Geschenkset VON HERZEN - Naturkosmetik Geschenk Set bestehend aus Aroma Shower Love Duschgel und Sensitiv\u2026\" \/>\n<meta property=\"og:url\" content=\"https:\/\/marktxxl.de\/markt\/produkt\/weleda-bio-weihnachts-geschenkset-von-herzen-2022-naturkosmetik-winter-weihnachtsgeschenk-set-bestehend-aus-aroma-shower-love-duschgel-und-sensitiv-handcreme-in-wiederverwendbarer-geschenk-box\/\" \/>\n<meta property=\"og:site_name\" content=\"Markt-XXL\" \/>\n<meta property=\"article:modified_time\" content=\"2023-04-10T03:19:17+00:00\" \/>\n<meta property=\"og:image\" content=\"https:\/\/m.media-amazon.com\/images\/I\/4127ZiGWJ2L._SL500_.jpg\" \/>\n\t<meta property=\"og:image:width\" content=\"322\" \/>\n\t<meta property=\"og:image:height\" content=\"500\" \/>\n\t<meta property=\"og:image:type\" content=\"image\/jpeg\" \/>\n<meta name=\"twitter:card\" content=\"summary_large_image\" \/>\n<meta name=\"twitter:label1\" content=\"Gesch\u00e4tzte Lesezeit\" \/>\n\t<meta name=\"twitter:data1\" content=\"1\u00a0Minute\" \/>\n<script type=\"application\/ld+json\" class=\"yoast-schema-graph\">{\"@context\":\"https:\\\/\\\/schema.org\",\"@graph\":[{\"@type\":\"WebPage\",\"@id\":\"https:\\\/\\\/marktxxl.de\\\/markt\\\/produkt\\\/weleda-bio-weihnachts-geschenkset-von-herzen-2022-naturkosmetik-winter-weihnachtsgeschenk-set-bestehend-aus-aroma-shower-love-duschgel-und-sensitiv-handcreme-in-wiederverwendbarer-geschenk-box\\\/\",\"url\":\"https:\\\/\\\/marktxxl.de\\\/markt\\\/produkt\\\/weleda-bio-weihnachts-geschenkset-von-herzen-2022-naturkosmetik-winter-weihnachtsgeschenk-set-bestehend-aus-aroma-shower-love-duschgel-und-sensitiv-handcreme-in-wiederverwendbarer-geschenk-box\\\/\",\"name\":\"WELEDA Bio Geschenkset VON HERZEN - Naturkosmetik Geschenk Set bestehend aus Aroma Shower Love Duschgel und Sensitiv\u2026 - Markt-XXL\",\"isPartOf\":{\"@id\":\"https:\\\/\\\/marktxxl.de\\\/markt\\\/#website\"},\"primaryImageOfPage\":{\"@id\":\"https:\\\/\\\/marktxxl.de\\\/markt\\\/produkt\\\/weleda-bio-weihnachts-geschenkset-von-herzen-2022-naturkosmetik-winter-weihnachtsgeschenk-set-bestehend-aus-aroma-shower-love-duschgel-und-sensitiv-handcreme-in-wiederverwendbarer-geschenk-box\\\/#primaryimage\"},\"image\":{\"@id\":\"https:\\\/\\\/marktxxl.de\\\/markt\\\/produkt\\\/weleda-bio-weihnachts-geschenkset-von-herzen-2022-naturkosmetik-winter-weihnachtsgeschenk-set-bestehend-aus-aroma-shower-love-duschgel-und-sensitiv-handcreme-in-wiederverwendbarer-geschenk-box\\\/#primaryimage\"},\"thumbnailUrl\":\"https:\\\/\\\/m.media-amazon.com\\\/images\\\/I\\\/4127ZiGWJ2L._SL500_.jpg\",\"datePublished\":\"2023-01-10T00:35:37+00:00\",\"dateModified\":\"2023-04-10T03:19:17+00:00\",\"description\":\"Markt-XXL WELEDA Bio Geschenkset VON HERZEN - Naturkosmetik Geschenk Set bestehend aus Aroma Shower Love Duschgel und Sensitiv\u2026\",\"breadcrumb\":{\"@id\":\"https:\\\/\\\/marktxxl.de\\\/markt\\\/produkt\\\/weleda-bio-weihnachts-geschenkset-von-herzen-2022-naturkosmetik-winter-weihnachtsgeschenk-set-bestehend-aus-aroma-shower-love-duschgel-und-sensitiv-handcreme-in-wiederverwendbarer-geschenk-box\\\/#breadcrumb\"},\"inLanguage\":\"de\",\"potentialAction\":[{\"@type\":\"ReadAction\",\"target\":[\"https:\\\/\\\/marktxxl.de\\\/markt\\\/produkt\\\/weleda-bio-weihnachts-geschenkset-von-herzen-2022-naturkosmetik-winter-weihnachtsgeschenk-set-bestehend-aus-aroma-shower-love-duschgel-und-sensitiv-handcreme-in-wiederverwendbarer-geschenk-box\\\/\"]}]},{\"@type\":\"ImageObject\",\"inLanguage\":\"de\",\"@id\":\"https:\\\/\\\/marktxxl.de\\\/markt\\\/produkt\\\/weleda-bio-weihnachts-geschenkset-von-herzen-2022-naturkosmetik-winter-weihnachtsgeschenk-set-bestehend-aus-aroma-shower-love-duschgel-und-sensitiv-handcreme-in-wiederverwendbarer-geschenk-box\\\/#primaryimage\",\"url\":\"https:\\\/\\\/m.media-amazon.com\\\/images\\\/I\\\/4127ZiGWJ2L._SL500_.jpg\",\"contentUrl\":\"https:\\\/\\\/m.media-amazon.com\\\/images\\\/I\\\/4127ZiGWJ2L._SL500_.jpg\",\"width\":322,\"height\":500},{\"@type\":\"BreadcrumbList\",\"@id\":\"https:\\\/\\\/marktxxl.de\\\/markt\\\/produkt\\\/weleda-bio-weihnachts-geschenkset-von-herzen-2022-naturkosmetik-winter-weihnachtsgeschenk-set-bestehend-aus-aroma-shower-love-duschgel-und-sensitiv-handcreme-in-wiederverwendbarer-geschenk-box\\\/#breadcrumb\",\"itemListElement\":[{\"@type\":\"ListItem\",\"position\":1,\"name\":\"Startseite\",\"item\":\"https:\\\/\\\/marktxxl.de\\\/markt\\\/\"},{\"@type\":\"ListItem\",\"position\":2,\"name\":\"Markt\",\"item\":\"https:\\\/\\\/marktxxl.de\\\/markt\\\/\"},{\"@type\":\"ListItem\",\"position\":3,\"name\":\"WELEDA Bio Geschenkset VON HERZEN &#8211; Naturkosmetik Geschenk Set bestehend aus Aroma Shower Love Duschgel und Sensitiv\u2026\"}]},{\"@type\":\"WebSite\",\"@id\":\"https:\\\/\\\/marktxxl.de\\\/markt\\\/#website\",\"url\":\"https:\\\/\\\/marktxxl.de\\\/markt\\\/\",\"name\":\"Markt-XXL\",\"description\":\"Ihr Markt Online\",\"publisher\":{\"@id\":\"https:\\\/\\\/marktxxl.de\\\/markt\\\/#organization\"},\"potentialAction\":[{\"@type\":\"SearchAction\",\"target\":{\"@type\":\"EntryPoint\",\"urlTemplate\":\"https:\\\/\\\/marktxxl.de\\\/markt\\\/?s={search_term_string}\"},\"query-input\":{\"@type\":\"PropertyValueSpecification\",\"valueRequired\":true,\"valueName\":\"search_term_string\"}}],\"inLanguage\":\"de\"},{\"@type\":\"Organization\",\"@id\":\"https:\\\/\\\/marktxxl.de\\\/markt\\\/#organization\",\"name\":\"Markt-XXL\",\"url\":\"https:\\\/\\\/marktxxl.de\\\/markt\\\/\",\"logo\":{\"@type\":\"ImageObject\",\"inLanguage\":\"de\",\"@id\":\"https:\\\/\\\/marktxxl.de\\\/markt\\\/#\\\/schema\\\/logo\\\/image\\\/\",\"url\":\"https:\\\/\\\/marktxxl.de\\\/markt\\\/wp-content\\\/uploads\\\/sites\\\/3\\\/2020\\\/12\\\/logo.png\",\"contentUrl\":\"https:\\\/\\\/marktxxl.de\\\/markt\\\/wp-content\\\/uploads\\\/sites\\\/3\\\/2020\\\/12\\\/logo.png\",\"width\":200,\"height\":70,\"caption\":\"Markt-XXL\"},\"image\":{\"@id\":\"https:\\\/\\\/marktxxl.de\\\/markt\\\/#\\\/schema\\\/logo\\\/image\\\/\"}}]}<\/script>\n<!-- \/ Yoast SEO plugin. -->","yoast_head_json":{"title":"WELEDA Bio Geschenkset VON HERZEN - Naturkosmetik Geschenk Set bestehend aus Aroma Shower Love Duschgel und Sensitiv\u2026 - Markt-XXL","description":"Markt-XXL WELEDA Bio Geschenkset VON HERZEN - Naturkosmetik Geschenk Set bestehend aus Aroma Shower Love Duschgel und Sensitiv\u2026","robots":{"index":"index","follow":"follow","max-snippet":"max-snippet:-1","max-image-preview":"max-image-preview:large","max-video-preview":"max-video-preview:-1"},"canonical":"https:\/\/marktxxl.de\/markt\/produkt\/weleda-bio-weihnachts-geschenkset-von-herzen-2022-naturkosmetik-winter-weihnachtsgeschenk-set-bestehend-aus-aroma-shower-love-duschgel-und-sensitiv-handcreme-in-wiederverwendbarer-geschenk-box\/","og_locale":"de_DE","og_type":"article","og_title":"WELEDA Bio Geschenkset VON HERZEN - Naturkosmetik Geschenk Set bestehend aus Aroma Shower Love Duschgel und Sensitiv\u2026 - Markt-XXL","og_description":"Markt-XXL WELEDA Bio Geschenkset VON HERZEN - Naturkosmetik Geschenk Set bestehend aus Aroma Shower Love Duschgel und Sensitiv\u2026","og_url":"https:\/\/marktxxl.de\/markt\/produkt\/weleda-bio-weihnachts-geschenkset-von-herzen-2022-naturkosmetik-winter-weihnachtsgeschenk-set-bestehend-aus-aroma-shower-love-duschgel-und-sensitiv-handcreme-in-wiederverwendbarer-geschenk-box\/","og_site_name":"Markt-XXL","article_modified_time":"2023-04-10T03:19:17+00:00","og_image":[{"width":322,"height":500,"url":"https:\/\/m.media-amazon.com\/images\/I\/4127ZiGWJ2L._SL500_.jpg","type":"image\/jpeg"}],"twitter_card":"summary_large_image","twitter_misc":{"Gesch\u00e4tzte Lesezeit":"1\u00a0Minute"},"schema":{"@context":"https:\/\/schema.org","@graph":[{"@type":"WebPage","@id":"https:\/\/marktxxl.de\/markt\/produkt\/weleda-bio-weihnachts-geschenkset-von-herzen-2022-naturkosmetik-winter-weihnachtsgeschenk-set-bestehend-aus-aroma-shower-love-duschgel-und-sensitiv-handcreme-in-wiederverwendbarer-geschenk-box\/","url":"https:\/\/marktxxl.de\/markt\/produkt\/weleda-bio-weihnachts-geschenkset-von-herzen-2022-naturkosmetik-winter-weihnachtsgeschenk-set-bestehend-aus-aroma-shower-love-duschgel-und-sensitiv-handcreme-in-wiederverwendbarer-geschenk-box\/","name":"WELEDA Bio Geschenkset VON HERZEN - Naturkosmetik Geschenk Set bestehend aus Aroma Shower Love Duschgel und Sensitiv\u2026 - Markt-XXL","isPartOf":{"@id":"https:\/\/marktxxl.de\/markt\/#website"},"primaryImageOfPage":{"@id":"https:\/\/marktxxl.de\/markt\/produkt\/weleda-bio-weihnachts-geschenkset-von-herzen-2022-naturkosmetik-winter-weihnachtsgeschenk-set-bestehend-aus-aroma-shower-love-duschgel-und-sensitiv-handcreme-in-wiederverwendbarer-geschenk-box\/#primaryimage"},"image":{"@id":"https:\/\/marktxxl.de\/markt\/produkt\/weleda-bio-weihnachts-geschenkset-von-herzen-2022-naturkosmetik-winter-weihnachtsgeschenk-set-bestehend-aus-aroma-shower-love-duschgel-und-sensitiv-handcreme-in-wiederverwendbarer-geschenk-box\/#primaryimage"},"thumbnailUrl":"https:\/\/m.media-amazon.com\/images\/I\/4127ZiGWJ2L._SL500_.jpg","datePublished":"2023-01-10T00:35:37+00:00","dateModified":"2023-04-10T03:19:17+00:00","description":"Markt-XXL WELEDA Bio Geschenkset VON HERZEN - Naturkosmetik Geschenk Set bestehend aus Aroma Shower Love Duschgel und Sensitiv\u2026","breadcrumb":{"@id":"https:\/\/marktxxl.de\/markt\/produkt\/weleda-bio-weihnachts-geschenkset-von-herzen-2022-naturkosmetik-winter-weihnachtsgeschenk-set-bestehend-aus-aroma-shower-love-duschgel-und-sensitiv-handcreme-in-wiederverwendbarer-geschenk-box\/#breadcrumb"},"inLanguage":"de","potentialAction":[{"@type":"ReadAction","target":["https:\/\/marktxxl.de\/markt\/produkt\/weleda-bio-weihnachts-geschenkset-von-herzen-2022-naturkosmetik-winter-weihnachtsgeschenk-set-bestehend-aus-aroma-shower-love-duschgel-und-sensitiv-handcreme-in-wiederverwendbarer-geschenk-box\/"]}]},{"@type":"ImageObject","inLanguage":"de","@id":"https:\/\/marktxxl.de\/markt\/produkt\/weleda-bio-weihnachts-geschenkset-von-herzen-2022-naturkosmetik-winter-weihnachtsgeschenk-set-bestehend-aus-aroma-shower-love-duschgel-und-sensitiv-handcreme-in-wiederverwendbarer-geschenk-box\/#primaryimage","url":"https:\/\/m.media-amazon.com\/images\/I\/4127ZiGWJ2L._SL500_.jpg","contentUrl":"https:\/\/m.media-amazon.com\/images\/I\/4127ZiGWJ2L._SL500_.jpg","width":322,"height":500},{"@type":"BreadcrumbList","@id":"https:\/\/marktxxl.de\/markt\/produkt\/weleda-bio-weihnachts-geschenkset-von-herzen-2022-naturkosmetik-winter-weihnachtsgeschenk-set-bestehend-aus-aroma-shower-love-duschgel-und-sensitiv-handcreme-in-wiederverwendbarer-geschenk-box\/#breadcrumb","itemListElement":[{"@type":"ListItem","position":1,"name":"Startseite","item":"https:\/\/marktxxl.de\/markt\/"},{"@type":"ListItem","position":2,"name":"Markt","item":"https:\/\/marktxxl.de\/markt\/"},{"@type":"ListItem","position":3,"name":"WELEDA Bio Geschenkset VON HERZEN &#8211; Naturkosmetik Geschenk Set bestehend aus Aroma Shower Love Duschgel und Sensitiv\u2026"}]},{"@type":"WebSite","@id":"https:\/\/marktxxl.de\/markt\/#website","url":"https:\/\/marktxxl.de\/markt\/","name":"Markt-XXL","description":"Ihr Markt Online","publisher":{"@id":"https:\/\/marktxxl.de\/markt\/#organization"},"potentialAction":[{"@type":"SearchAction","target":{"@type":"EntryPoint","urlTemplate":"https:\/\/marktxxl.de\/markt\/?s={search_term_string}"},"query-input":{"@type":"PropertyValueSpecification","valueRequired":true,"valueName":"search_term_string"}}],"inLanguage":"de"},{"@type":"Organization","@id":"https:\/\/marktxxl.de\/markt\/#organization","name":"Markt-XXL","url":"https:\/\/marktxxl.de\/markt\/","logo":{"@type":"ImageObject","inLanguage":"de","@id":"https:\/\/marktxxl.de\/markt\/#\/schema\/logo\/image\/","url":"https:\/\/marktxxl.de\/markt\/wp-content\/uploads\/sites\/3\/2020\/12\/logo.png","contentUrl":"https:\/\/marktxxl.de\/markt\/wp-content\/uploads\/sites\/3\/2020\/12\/logo.png","width":200,"height":70,"caption":"Markt-XXL"},"image":{"@id":"https:\/\/marktxxl.de\/markt\/#\/schema\/logo\/image\/"}}]}},"_links":{"self":[{"href":"https:\/\/marktxxl.de\/markt\/wp-json\/wp\/v2\/product\/179368","targetHints":{"allow":["GET"]}}],"collection":[{"href":"https:\/\/marktxxl.de\/markt\/wp-json\/wp\/v2\/product"}],"about":[{"href":"https:\/\/marktxxl.de\/markt\/wp-json\/wp\/v2\/types\/product"}],"replies":[{"embeddable":true,"href":"https:\/\/marktxxl.de\/markt\/wp-json\/wp\/v2\/comments?post=179368"}],"wp:featuredmedia":[{"embeddable":true,"href":"https:\/\/marktxxl.de\/markt\/wp-json\/wp\/v2\/media\/179369"}],"wp:attachment":[{"href":"https:\/\/marktxxl.de\/markt\/wp-json\/wp\/v2\/media?parent=179368"}],"wp:term":[{"taxonomy":"product_brand","embeddable":true,"href":"https:\/\/marktxxl.de\/markt\/wp-json\/wp\/v2\/product_brand?post=179368"},{"taxonomy":"product_cat","embeddable":true,"href":"https:\/\/marktxxl.de\/markt\/wp-json\/wp\/v2\/product_cat?post=179368"},{"taxonomy":"product_tag","embeddable":true,"href":"https:\/\/marktxxl.de\/markt\/wp-json\/wp\/v2\/product_tag?post=179368"}],"curies":[{"name":"wp","href":"https:\/\/api.w.org\/{rel}","templated":true}]}}