{"id":179144,"date":"2023-01-10T00:35:04","date_gmt":"2023-01-09T23:35:04","guid":{"rendered":"https:\/\/marktxxl.de\/markt\/produkt\/peripera-tinte-den-samt\/"},"modified":"2023-04-10T05:19:10","modified_gmt":"2023-04-10T03:19:10","slug":"peripera-tinte-den-samt","status":"publish","type":"product","link":"https:\/\/marktxxl.de\/markt\/produkt\/peripera-tinte-den-samt\/","title":{"rendered":"Peripera Tinte den Samte Lippent\u00f6nung | Hochpigmentierte Farbe, langlebig, schwerelos, nicht an Tieren getestet\u2026"},"content":{"rendered":"<p>HALTEN SIE DEN GANZEN TAG \u2013 KR\u00c4FTIGE UND LANGLEBIGE FARBEN Bleiben Sie mit unserem Ink the Velvet Tint ein mutiger Lippenstift! Unsere T\u00f6nungen verwenden eine bahnbrechende Formel mit hochintensiven Farbpigmenten, die Ihre Lippen auf nat\u00fcrliche Weise f\u00e4rben. Die Farbe l\u00e4sst sich glatt auftragen und h\u00e4lt den ganzen Tag.<br \/>\nSAMTIG GLATTE FORMEL Wir verwenden eine Haftformel mit einem doppelschichtigen Elastomer, das die feinen Rundungen Ihrer Lippen ausf\u00fcllt, damit Sie ein weichmachendes und seidiges Finish erhalten.<br \/>\nSCHWERELOSES UND FRISCHES FINISH Eine leichte Farbschicht auf Ihren Lippen hilft Ihnen, den Tag zu \u00fcberstehen, ohne dass sich Ihre Lippen klebrig oder klumpig anf\u00fchlen. Komfort ist der Schl\u00fcssel!<br \/>\nAPPLIKATORTIPP Entworfen mit einem Pr\u00e4zisionsapplikator, um Ihre Lippen zu formen und zu umranden, f\u00fcr eine pr\u00e4zise und perfekt aufgetragene Lippe.<br \/>\nLUSTIGE UND FLIRTY FARBEN Eine Farbkollektion, die zu jedem Teint passt. Finden Sie Ihre charakteristische Farbe aus unserer gro\u00dfen Auswahl an wundersch\u00f6nen Farbt\u00f6nen!<br \/>\n<div class=\"main-cross-sell\" data-asin=\"B07W2WMG9K\">\n\n\t<div class=\"WooZone-cross-sell-loader\">\n\t\t<div>\n\t\t\t<div id=\"floatingBarsG\">\n\t\t\t\t<div class=\"blockG\" id=\"rotateG_01\"><\/div>\n\t\t\t\t<div class=\"blockG\" id=\"rotateG_02\"><\/div>\n\t\t\t\t<div class=\"blockG\" id=\"rotateG_03\"><\/div>\n\t\t\t\t<div class=\"blockG\" id=\"rotateG_04\"><\/div>\n\t\t\t\t<div class=\"blockG\" id=\"rotateG_05\"><\/div>\n\t\t\t\t<div class=\"blockG\" id=\"rotateG_06\"><\/div>\n\t\t\t\t<div class=\"blockG\" id=\"rotateG_07\"><\/div>\n\t\t\t\t<div class=\"blockG\" id=\"rotateG_08\"><\/div>\n\t\t\t<\/div>\n\t\t\t<div class=\"WooZone-cross-sell-loader-text\"><\/div>\n\t\t<\/div>\n\t<\/div>\n\n\t\t\n<\/div>\n<div style=\"clear:both;\"><\/div><\/p>\n","protected":false},"excerpt":{"rendered":"<p>HALTEN SIE DEN GANZEN TAG \u2013 KR\u00c4FTIGE UND LANGLEBIGE FARBEN Bleiben Sie mit unserem Ink the Velvet Tint ein mutiger Lippenstift! Unsere T\u00f6nungen verwenden eine bahnbrechende Formel mit hochintensiven Farbpigmenten, die Ihre Lippen auf nat\u00fcrliche Weise f\u00e4rben. Die Farbe l\u00e4sst sich glatt auftragen und h\u00e4lt den ganzen Tag.<br \/>\nSAMTIG GLATTE FORMEL Wir verwenden eine Haftformel mit einem doppelschichtigen Elastomer, das die feinen Rundungen Ihrer Lippen ausf\u00fcllt, damit Sie ein weichmachendes und seidiges Finish erhalten.<br \/>\nSCHWERELOSES UND FRISCHES FINISH Eine leichte Farbschicht auf Ihren Lippen hilft Ihnen, den Tag zu \u00fcberstehen, ohne dass sich Ihre Lippen klebrig oder klumpig anf\u00fchlen. Komfort ist der Schl\u00fcssel!<\/p>\n","protected":false},"featured_media":179145,"comment_status":"open","ping_status":"closed","template":"","meta":[],"product_brand":[],"product_cat":[2858,7575],"product_tag":[],"class_list":{"0":"post-179144","1":"product","2":"type-product","3":"status-publish","4":"has-post-thumbnail","6":"product_cat-beauty","7":"product_cat-make-up","8":"pa_binding-misc","9":"pa_brand-peripera","10":"pa_height-1-02-zoll","11":"pa_length-3-22-zoll","12":"pa_manufacturer-clio","13":"pa_size-4g","14":"pa_width-1-02-zoll","16":"first","17":"instock","18":"shipping-taxable","19":"purchasable","20":"product-type-simple","21":"customify-col","22":"product-has-gallery"},"yoast_head":"<!-- This site is optimized with the Yoast SEO plugin v27.3 - https:\/\/yoast.com\/product\/yoast-seo-wordpress\/ -->\n<title>Peripera Tinte den Samte Lippent\u00f6nung | Hochpigmentierte Farbe, langlebig, schwerelos, nicht an Tieren getestet\u2026 - Markt-XXL<\/title>\n<meta name=\"description\" content=\"Markt-XXL Peripera Tinte den Samte Lippent\u00f6nung | Hochpigmentierte Farbe, langlebig, schwerelos, nicht an Tieren getestet\u2026\" \/>\n<meta name=\"robots\" content=\"index, follow, max-snippet:-1, max-image-preview:large, max-video-preview:-1\" \/>\n<link rel=\"canonical\" href=\"https:\/\/marktxxl.de\/markt\/produkt\/peripera-tinte-den-samt\/\" \/>\n<meta property=\"og:locale\" content=\"de_DE\" \/>\n<meta property=\"og:type\" content=\"article\" \/>\n<meta property=\"og:title\" content=\"Peripera Tinte den Samte Lippent\u00f6nung | Hochpigmentierte Farbe, langlebig, schwerelos, nicht an Tieren getestet\u2026 - Markt-XXL\" \/>\n<meta property=\"og:description\" content=\"Markt-XXL Peripera Tinte den Samte Lippent\u00f6nung | Hochpigmentierte Farbe, langlebig, schwerelos, nicht an Tieren getestet\u2026\" \/>\n<meta property=\"og:url\" content=\"https:\/\/marktxxl.de\/markt\/produkt\/peripera-tinte-den-samt\/\" \/>\n<meta property=\"og:site_name\" content=\"Markt-XXL\" \/>\n<meta property=\"article:modified_time\" content=\"2023-04-10T03:19:10+00:00\" \/>\n<meta property=\"og:image\" content=\"https:\/\/m.media-amazon.com\/images\/I\/41J7Mpi6R9L._SL500_.jpg\" \/>\n\t<meta property=\"og:image:width\" content=\"500\" \/>\n\t<meta property=\"og:image:height\" content=\"500\" \/>\n\t<meta property=\"og:image:type\" content=\"image\/jpeg\" \/>\n<meta name=\"twitter:card\" content=\"summary_large_image\" \/>\n<meta name=\"twitter:label1\" content=\"Gesch\u00e4tzte Lesezeit\" \/>\n\t<meta name=\"twitter:data1\" content=\"1\u00a0Minute\" \/>\n<script type=\"application\/ld+json\" class=\"yoast-schema-graph\">{\"@context\":\"https:\\\/\\\/schema.org\",\"@graph\":[{\"@type\":\"WebPage\",\"@id\":\"https:\\\/\\\/marktxxl.de\\\/markt\\\/produkt\\\/peripera-tinte-den-samt\\\/\",\"url\":\"https:\\\/\\\/marktxxl.de\\\/markt\\\/produkt\\\/peripera-tinte-den-samt\\\/\",\"name\":\"Peripera Tinte den Samte Lippent\u00f6nung | Hochpigmentierte Farbe, langlebig, schwerelos, nicht an Tieren getestet\u2026 - Markt-XXL\",\"isPartOf\":{\"@id\":\"https:\\\/\\\/marktxxl.de\\\/markt\\\/#website\"},\"primaryImageOfPage\":{\"@id\":\"https:\\\/\\\/marktxxl.de\\\/markt\\\/produkt\\\/peripera-tinte-den-samt\\\/#primaryimage\"},\"image\":{\"@id\":\"https:\\\/\\\/marktxxl.de\\\/markt\\\/produkt\\\/peripera-tinte-den-samt\\\/#primaryimage\"},\"thumbnailUrl\":\"https:\\\/\\\/m.media-amazon.com\\\/images\\\/I\\\/41J7Mpi6R9L._SL500_.jpg\",\"datePublished\":\"2023-01-09T23:35:04+00:00\",\"dateModified\":\"2023-04-10T03:19:10+00:00\",\"description\":\"Markt-XXL Peripera Tinte den Samte Lippent\u00f6nung | Hochpigmentierte Farbe, langlebig, schwerelos, nicht an Tieren getestet\u2026\",\"breadcrumb\":{\"@id\":\"https:\\\/\\\/marktxxl.de\\\/markt\\\/produkt\\\/peripera-tinte-den-samt\\\/#breadcrumb\"},\"inLanguage\":\"de\",\"potentialAction\":[{\"@type\":\"ReadAction\",\"target\":[\"https:\\\/\\\/marktxxl.de\\\/markt\\\/produkt\\\/peripera-tinte-den-samt\\\/\"]}]},{\"@type\":\"ImageObject\",\"inLanguage\":\"de\",\"@id\":\"https:\\\/\\\/marktxxl.de\\\/markt\\\/produkt\\\/peripera-tinte-den-samt\\\/#primaryimage\",\"url\":\"https:\\\/\\\/m.media-amazon.com\\\/images\\\/I\\\/41J7Mpi6R9L._SL500_.jpg\",\"contentUrl\":\"https:\\\/\\\/m.media-amazon.com\\\/images\\\/I\\\/41J7Mpi6R9L._SL500_.jpg\",\"width\":500,\"height\":500},{\"@type\":\"BreadcrumbList\",\"@id\":\"https:\\\/\\\/marktxxl.de\\\/markt\\\/produkt\\\/peripera-tinte-den-samt\\\/#breadcrumb\",\"itemListElement\":[{\"@type\":\"ListItem\",\"position\":1,\"name\":\"Startseite\",\"item\":\"https:\\\/\\\/marktxxl.de\\\/markt\\\/\"},{\"@type\":\"ListItem\",\"position\":2,\"name\":\"Markt\",\"item\":\"https:\\\/\\\/marktxxl.de\\\/markt\\\/\"},{\"@type\":\"ListItem\",\"position\":3,\"name\":\"Peripera Tinte den Samte Lippent\u00f6nung | Hochpigmentierte Farbe, langlebig, schwerelos, nicht an Tieren getestet\u2026\"}]},{\"@type\":\"WebSite\",\"@id\":\"https:\\\/\\\/marktxxl.de\\\/markt\\\/#website\",\"url\":\"https:\\\/\\\/marktxxl.de\\\/markt\\\/\",\"name\":\"Markt-XXL\",\"description\":\"Ihr Markt Online\",\"publisher\":{\"@id\":\"https:\\\/\\\/marktxxl.de\\\/markt\\\/#organization\"},\"potentialAction\":[{\"@type\":\"SearchAction\",\"target\":{\"@type\":\"EntryPoint\",\"urlTemplate\":\"https:\\\/\\\/marktxxl.de\\\/markt\\\/?s={search_term_string}\"},\"query-input\":{\"@type\":\"PropertyValueSpecification\",\"valueRequired\":true,\"valueName\":\"search_term_string\"}}],\"inLanguage\":\"de\"},{\"@type\":\"Organization\",\"@id\":\"https:\\\/\\\/marktxxl.de\\\/markt\\\/#organization\",\"name\":\"Markt-XXL\",\"url\":\"https:\\\/\\\/marktxxl.de\\\/markt\\\/\",\"logo\":{\"@type\":\"ImageObject\",\"inLanguage\":\"de\",\"@id\":\"https:\\\/\\\/marktxxl.de\\\/markt\\\/#\\\/schema\\\/logo\\\/image\\\/\",\"url\":\"https:\\\/\\\/marktxxl.de\\\/markt\\\/wp-content\\\/uploads\\\/sites\\\/3\\\/2020\\\/12\\\/logo.png\",\"contentUrl\":\"https:\\\/\\\/marktxxl.de\\\/markt\\\/wp-content\\\/uploads\\\/sites\\\/3\\\/2020\\\/12\\\/logo.png\",\"width\":200,\"height\":70,\"caption\":\"Markt-XXL\"},\"image\":{\"@id\":\"https:\\\/\\\/marktxxl.de\\\/markt\\\/#\\\/schema\\\/logo\\\/image\\\/\"}}]}<\/script>\n<!-- \/ Yoast SEO plugin. -->","yoast_head_json":{"title":"Peripera Tinte den Samte Lippent\u00f6nung | Hochpigmentierte Farbe, langlebig, schwerelos, nicht an Tieren getestet\u2026 - Markt-XXL","description":"Markt-XXL Peripera Tinte den Samte Lippent\u00f6nung | Hochpigmentierte Farbe, langlebig, schwerelos, nicht an Tieren getestet\u2026","robots":{"index":"index","follow":"follow","max-snippet":"max-snippet:-1","max-image-preview":"max-image-preview:large","max-video-preview":"max-video-preview:-1"},"canonical":"https:\/\/marktxxl.de\/markt\/produkt\/peripera-tinte-den-samt\/","og_locale":"de_DE","og_type":"article","og_title":"Peripera Tinte den Samte Lippent\u00f6nung | Hochpigmentierte Farbe, langlebig, schwerelos, nicht an Tieren getestet\u2026 - Markt-XXL","og_description":"Markt-XXL Peripera Tinte den Samte Lippent\u00f6nung | Hochpigmentierte Farbe, langlebig, schwerelos, nicht an Tieren getestet\u2026","og_url":"https:\/\/marktxxl.de\/markt\/produkt\/peripera-tinte-den-samt\/","og_site_name":"Markt-XXL","article_modified_time":"2023-04-10T03:19:10+00:00","og_image":[{"width":500,"height":500,"url":"https:\/\/m.media-amazon.com\/images\/I\/41J7Mpi6R9L._SL500_.jpg","type":"image\/jpeg"}],"twitter_card":"summary_large_image","twitter_misc":{"Gesch\u00e4tzte Lesezeit":"1\u00a0Minute"},"schema":{"@context":"https:\/\/schema.org","@graph":[{"@type":"WebPage","@id":"https:\/\/marktxxl.de\/markt\/produkt\/peripera-tinte-den-samt\/","url":"https:\/\/marktxxl.de\/markt\/produkt\/peripera-tinte-den-samt\/","name":"Peripera Tinte den Samte Lippent\u00f6nung | Hochpigmentierte Farbe, langlebig, schwerelos, nicht an Tieren getestet\u2026 - Markt-XXL","isPartOf":{"@id":"https:\/\/marktxxl.de\/markt\/#website"},"primaryImageOfPage":{"@id":"https:\/\/marktxxl.de\/markt\/produkt\/peripera-tinte-den-samt\/#primaryimage"},"image":{"@id":"https:\/\/marktxxl.de\/markt\/produkt\/peripera-tinte-den-samt\/#primaryimage"},"thumbnailUrl":"https:\/\/m.media-amazon.com\/images\/I\/41J7Mpi6R9L._SL500_.jpg","datePublished":"2023-01-09T23:35:04+00:00","dateModified":"2023-04-10T03:19:10+00:00","description":"Markt-XXL Peripera Tinte den Samte Lippent\u00f6nung | Hochpigmentierte Farbe, langlebig, schwerelos, nicht an Tieren getestet\u2026","breadcrumb":{"@id":"https:\/\/marktxxl.de\/markt\/produkt\/peripera-tinte-den-samt\/#breadcrumb"},"inLanguage":"de","potentialAction":[{"@type":"ReadAction","target":["https:\/\/marktxxl.de\/markt\/produkt\/peripera-tinte-den-samt\/"]}]},{"@type":"ImageObject","inLanguage":"de","@id":"https:\/\/marktxxl.de\/markt\/produkt\/peripera-tinte-den-samt\/#primaryimage","url":"https:\/\/m.media-amazon.com\/images\/I\/41J7Mpi6R9L._SL500_.jpg","contentUrl":"https:\/\/m.media-amazon.com\/images\/I\/41J7Mpi6R9L._SL500_.jpg","width":500,"height":500},{"@type":"BreadcrumbList","@id":"https:\/\/marktxxl.de\/markt\/produkt\/peripera-tinte-den-samt\/#breadcrumb","itemListElement":[{"@type":"ListItem","position":1,"name":"Startseite","item":"https:\/\/marktxxl.de\/markt\/"},{"@type":"ListItem","position":2,"name":"Markt","item":"https:\/\/marktxxl.de\/markt\/"},{"@type":"ListItem","position":3,"name":"Peripera Tinte den Samte Lippent\u00f6nung | Hochpigmentierte Farbe, langlebig, schwerelos, nicht an Tieren getestet\u2026"}]},{"@type":"WebSite","@id":"https:\/\/marktxxl.de\/markt\/#website","url":"https:\/\/marktxxl.de\/markt\/","name":"Markt-XXL","description":"Ihr Markt Online","publisher":{"@id":"https:\/\/marktxxl.de\/markt\/#organization"},"potentialAction":[{"@type":"SearchAction","target":{"@type":"EntryPoint","urlTemplate":"https:\/\/marktxxl.de\/markt\/?s={search_term_string}"},"query-input":{"@type":"PropertyValueSpecification","valueRequired":true,"valueName":"search_term_string"}}],"inLanguage":"de"},{"@type":"Organization","@id":"https:\/\/marktxxl.de\/markt\/#organization","name":"Markt-XXL","url":"https:\/\/marktxxl.de\/markt\/","logo":{"@type":"ImageObject","inLanguage":"de","@id":"https:\/\/marktxxl.de\/markt\/#\/schema\/logo\/image\/","url":"https:\/\/marktxxl.de\/markt\/wp-content\/uploads\/sites\/3\/2020\/12\/logo.png","contentUrl":"https:\/\/marktxxl.de\/markt\/wp-content\/uploads\/sites\/3\/2020\/12\/logo.png","width":200,"height":70,"caption":"Markt-XXL"},"image":{"@id":"https:\/\/marktxxl.de\/markt\/#\/schema\/logo\/image\/"}}]}},"_links":{"self":[{"href":"https:\/\/marktxxl.de\/markt\/wp-json\/wp\/v2\/product\/179144","targetHints":{"allow":["GET"]}}],"collection":[{"href":"https:\/\/marktxxl.de\/markt\/wp-json\/wp\/v2\/product"}],"about":[{"href":"https:\/\/marktxxl.de\/markt\/wp-json\/wp\/v2\/types\/product"}],"replies":[{"embeddable":true,"href":"https:\/\/marktxxl.de\/markt\/wp-json\/wp\/v2\/comments?post=179144"}],"wp:featuredmedia":[{"embeddable":true,"href":"https:\/\/marktxxl.de\/markt\/wp-json\/wp\/v2\/media\/179145"}],"wp:attachment":[{"href":"https:\/\/marktxxl.de\/markt\/wp-json\/wp\/v2\/media?parent=179144"}],"wp:term":[{"taxonomy":"product_brand","embeddable":true,"href":"https:\/\/marktxxl.de\/markt\/wp-json\/wp\/v2\/product_brand?post=179144"},{"taxonomy":"product_cat","embeddable":true,"href":"https:\/\/marktxxl.de\/markt\/wp-json\/wp\/v2\/product_cat?post=179144"},{"taxonomy":"product_tag","embeddable":true,"href":"https:\/\/marktxxl.de\/markt\/wp-json\/wp\/v2\/product_tag?post=179144"}],"curies":[{"name":"wp","href":"https:\/\/api.w.org\/{rel}","templated":true}]}}