{"id":179019,"date":"2023-01-10T00:05:16","date_gmt":"2023-01-09T23:05:16","guid":{"rendered":"https:\/\/marktxxl.de\/markt\/produkt\/brennenstuhl-eco-line-steckdosenleiste-6-fach-mit-ueberspannungsschutz-mehrfachsteckdose-mit-schalter-und-5m-kabel-anthrazit\/"},"modified":"2023-04-11T05:08:20","modified_gmt":"2023-04-11T03:08:20","slug":"brennenstuhl-eco-line-steckdosenleiste-6-fach-mit-ueberspannungsschutz-mehrfachsteckdose-mit-schalter-und-5m-kabel-anthrazit","status":"publish","type":"product","link":"https:\/\/marktxxl.de\/markt\/produkt\/brennenstuhl-eco-line-steckdosenleiste-6-fach-mit-ueberspannungsschutz-mehrfachsteckdose-mit-schalter-und-5m-kabel-anthrazit\/","title":{"rendered":"Brennenstuhl Eco-Line Steckdosenleiste 6-Fach mit \u00dcberspannungsschutz (Mehrfachsteckdose mit Schalter und 5m Kabel\u2026"},"content":{"rendered":"<p>6er Schutzkontakt-Steckdosenleiste mit 5m Kabell\u00e4nge H05VV-F 3G1,5 und erh\u00f6htem Ber\u00fchrungsschutz<br \/>\nSteckerleiste mit beleuchtetem Sicherheitsschalter zum Ein- und Ausschalten (zweipolig) und Funktionskontroll-Leuchte<br \/>\nSch\u00fctzt wertvolle Ger\u00e4te vor \u00dcberspannungen mit einem max. Ableitstrom bis zu 13.500 A (Schutz bei Gewitter, Blitzschlag, usw.)<br \/>\nSchutzkontakt-Steckdosen in 45\u00b0-Anordnung, auch f\u00fcr Winkelstecker<br \/>\nLieferumfang: 1 x Eco-Line Steckdosenleiste mit Blitzschutz in der Farbe anthrazit &#8211; in bester Qualit\u00e4t von brennenstuhl<br \/>\nDie Steckdosenleiste mit zweipoligem Schalter bietet den Vorteil, dass der Stromkreislauf vollst\u00e4ndig unterbrochen und auf den Standby-Modus verzichtet wird \u2013 reduzieren Sie Ihren Energieverbrauch sp\u00fcrbar<br \/>\n<div class=\"main-cross-sell\" data-asin=\"B00EPR5EDW\">\n\n\t<div class=\"WooZone-cross-sell-loader\">\n\t\t<div>\n\t\t\t<div id=\"floatingBarsG\">\n\t\t\t\t<div class=\"blockG\" id=\"rotateG_01\"><\/div>\n\t\t\t\t<div class=\"blockG\" id=\"rotateG_02\"><\/div>\n\t\t\t\t<div class=\"blockG\" id=\"rotateG_03\"><\/div>\n\t\t\t\t<div class=\"blockG\" id=\"rotateG_04\"><\/div>\n\t\t\t\t<div class=\"blockG\" id=\"rotateG_05\"><\/div>\n\t\t\t\t<div class=\"blockG\" id=\"rotateG_06\"><\/div>\n\t\t\t\t<div class=\"blockG\" id=\"rotateG_07\"><\/div>\n\t\t\t\t<div class=\"blockG\" id=\"rotateG_08\"><\/div>\n\t\t\t<\/div>\n\t\t\t<div class=\"WooZone-cross-sell-loader-text\"><\/div>\n\t\t<\/div>\n\t<\/div>\n\n\t\t\n<\/div>\n<div style=\"clear:both;\"><\/div><\/p>\n","protected":false},"excerpt":{"rendered":"<p>6er Schutzkontakt-Steckdosenleiste mit 5m Kabell\u00e4nge H05VV-F 3G1,5 und erh\u00f6htem Ber\u00fchrungsschutz<br \/>\nSteckerleiste mit beleuchtetem Sicherheitsschalter zum Ein- und Ausschalten (zweipolig) und Funktionskontroll-Leuchte<br \/>\nSch\u00fctzt wertvolle Ger\u00e4te vor \u00dcberspannungen mit einem max. Ableitstrom bis zu 13.500 A (Schutz bei Gewitter, Blitzschlag, usw.)<\/p>\n","protected":false},"featured_media":179020,"comment_status":"open","ping_status":"closed","template":"","meta":[],"product_brand":[],"product_cat":[1983,11009],"product_tag":[],"class_list":{"0":"post-179019","1":"product","2":"type-product","3":"status-publish","4":"has-post-thumbnail","6":"product_cat-baumarkt","7":"product_cat-elektroinstallation","8":"pa_binding-werkzeug","9":"pa_brand-brennenstuhl","10":"pa_color-anthrazit","11":"pa_height-14-566929119-zoll","12":"pa_languages-originalsprache-englisch-originalsprache-englisch-originalsprache-englisch-originalsprache-englisch-originalsprache-englisch","13":"pa_length-2-755905509-zoll","14":"pa_manufacturer-brennenstuhl","15":"pa_model-47029","16":"pa_size-5m","17":"pa_warranty-2-year-manufacturer","18":"pa_weight-1-7196056436-pfund","19":"pa_width-4-330708657-zoll","21":"first","22":"instock","23":"shipping-taxable","24":"purchasable","25":"product-type-simple","26":"customify-col","27":"product-has-gallery"},"yoast_head":"<!-- This site is optimized with the Yoast SEO plugin v27.4 - https:\/\/yoast.com\/product\/yoast-seo-wordpress\/ -->\n<title>Brennenstuhl Eco-Line Steckdosenleiste 6-Fach mit \u00dcberspannungsschutz (Mehrfachsteckdose mit Schalter und 5m Kabel\u2026 - Markt-XXL<\/title>\n<meta name=\"description\" content=\"Markt-XXL Brennenstuhl Eco-Line Steckdosenleiste 6-Fach mit \u00dcberspannungsschutz (Mehrfachsteckdose mit Schalter und 5m Kabel\u2026\" \/>\n<meta name=\"robots\" content=\"index, follow, max-snippet:-1, max-image-preview:large, max-video-preview:-1\" \/>\n<link rel=\"canonical\" href=\"https:\/\/marktxxl.de\/markt\/produkt\/brennenstuhl-eco-line-steckdosenleiste-6-fach-mit-ueberspannungsschutz-mehrfachsteckdose-mit-schalter-und-5m-kabel-anthrazit\/\" \/>\n<meta property=\"og:locale\" content=\"de_DE\" \/>\n<meta property=\"og:type\" content=\"article\" \/>\n<meta property=\"og:title\" content=\"Brennenstuhl Eco-Line Steckdosenleiste 6-Fach mit \u00dcberspannungsschutz (Mehrfachsteckdose mit Schalter und 5m Kabel\u2026 - Markt-XXL\" \/>\n<meta property=\"og:description\" content=\"Markt-XXL Brennenstuhl Eco-Line Steckdosenleiste 6-Fach mit \u00dcberspannungsschutz (Mehrfachsteckdose mit Schalter und 5m Kabel\u2026\" \/>\n<meta property=\"og:url\" content=\"https:\/\/marktxxl.de\/markt\/produkt\/brennenstuhl-eco-line-steckdosenleiste-6-fach-mit-ueberspannungsschutz-mehrfachsteckdose-mit-schalter-und-5m-kabel-anthrazit\/\" \/>\n<meta property=\"og:site_name\" content=\"Markt-XXL\" \/>\n<meta property=\"article:modified_time\" content=\"2023-04-11T03:08:20+00:00\" \/>\n<meta property=\"og:image\" content=\"https:\/\/m.media-amazon.com\/images\/I\/31moKkeo-iL._SL500_.jpg\" \/>\n\t<meta property=\"og:image:width\" content=\"500\" \/>\n\t<meta property=\"og:image:height\" content=\"447\" \/>\n\t<meta property=\"og:image:type\" content=\"image\/jpeg\" \/>\n<meta name=\"twitter:card\" content=\"summary_large_image\" \/>\n<meta name=\"twitter:label1\" content=\"Gesch\u00e4tzte Lesezeit\" \/>\n\t<meta name=\"twitter:data1\" content=\"1\u00a0Minute\" \/>\n<script type=\"application\/ld+json\" class=\"yoast-schema-graph\">{\"@context\":\"https:\\\/\\\/schema.org\",\"@graph\":[{\"@type\":\"WebPage\",\"@id\":\"https:\\\/\\\/marktxxl.de\\\/markt\\\/produkt\\\/brennenstuhl-eco-line-steckdosenleiste-6-fach-mit-ueberspannungsschutz-mehrfachsteckdose-mit-schalter-und-5m-kabel-anthrazit\\\/\",\"url\":\"https:\\\/\\\/marktxxl.de\\\/markt\\\/produkt\\\/brennenstuhl-eco-line-steckdosenleiste-6-fach-mit-ueberspannungsschutz-mehrfachsteckdose-mit-schalter-und-5m-kabel-anthrazit\\\/\",\"name\":\"Brennenstuhl Eco-Line Steckdosenleiste 6-Fach mit \u00dcberspannungsschutz (Mehrfachsteckdose mit Schalter und 5m Kabel\u2026 - Markt-XXL\",\"isPartOf\":{\"@id\":\"https:\\\/\\\/marktxxl.de\\\/markt\\\/#website\"},\"primaryImageOfPage\":{\"@id\":\"https:\\\/\\\/marktxxl.de\\\/markt\\\/produkt\\\/brennenstuhl-eco-line-steckdosenleiste-6-fach-mit-ueberspannungsschutz-mehrfachsteckdose-mit-schalter-und-5m-kabel-anthrazit\\\/#primaryimage\"},\"image\":{\"@id\":\"https:\\\/\\\/marktxxl.de\\\/markt\\\/produkt\\\/brennenstuhl-eco-line-steckdosenleiste-6-fach-mit-ueberspannungsschutz-mehrfachsteckdose-mit-schalter-und-5m-kabel-anthrazit\\\/#primaryimage\"},\"thumbnailUrl\":\"https:\\\/\\\/m.media-amazon.com\\\/images\\\/I\\\/31moKkeo-iL._SL500_.jpg\",\"datePublished\":\"2023-01-09T23:05:16+00:00\",\"dateModified\":\"2023-04-11T03:08:20+00:00\",\"description\":\"Markt-XXL Brennenstuhl Eco-Line Steckdosenleiste 6-Fach mit \u00dcberspannungsschutz (Mehrfachsteckdose mit Schalter und 5m Kabel\u2026\",\"breadcrumb\":{\"@id\":\"https:\\\/\\\/marktxxl.de\\\/markt\\\/produkt\\\/brennenstuhl-eco-line-steckdosenleiste-6-fach-mit-ueberspannungsschutz-mehrfachsteckdose-mit-schalter-und-5m-kabel-anthrazit\\\/#breadcrumb\"},\"inLanguage\":\"de\",\"potentialAction\":[{\"@type\":\"ReadAction\",\"target\":[\"https:\\\/\\\/marktxxl.de\\\/markt\\\/produkt\\\/brennenstuhl-eco-line-steckdosenleiste-6-fach-mit-ueberspannungsschutz-mehrfachsteckdose-mit-schalter-und-5m-kabel-anthrazit\\\/\"]}]},{\"@type\":\"ImageObject\",\"inLanguage\":\"de\",\"@id\":\"https:\\\/\\\/marktxxl.de\\\/markt\\\/produkt\\\/brennenstuhl-eco-line-steckdosenleiste-6-fach-mit-ueberspannungsschutz-mehrfachsteckdose-mit-schalter-und-5m-kabel-anthrazit\\\/#primaryimage\",\"url\":\"https:\\\/\\\/m.media-amazon.com\\\/images\\\/I\\\/31moKkeo-iL._SL500_.jpg\",\"contentUrl\":\"https:\\\/\\\/m.media-amazon.com\\\/images\\\/I\\\/31moKkeo-iL._SL500_.jpg\",\"width\":500,\"height\":447},{\"@type\":\"BreadcrumbList\",\"@id\":\"https:\\\/\\\/marktxxl.de\\\/markt\\\/produkt\\\/brennenstuhl-eco-line-steckdosenleiste-6-fach-mit-ueberspannungsschutz-mehrfachsteckdose-mit-schalter-und-5m-kabel-anthrazit\\\/#breadcrumb\",\"itemListElement\":[{\"@type\":\"ListItem\",\"position\":1,\"name\":\"Startseite\",\"item\":\"https:\\\/\\\/marktxxl.de\\\/markt\\\/\"},{\"@type\":\"ListItem\",\"position\":2,\"name\":\"Markt\",\"item\":\"https:\\\/\\\/marktxxl.de\\\/markt\\\/\"},{\"@type\":\"ListItem\",\"position\":3,\"name\":\"Brennenstuhl Eco-Line Steckdosenleiste 6-Fach mit \u00dcberspannungsschutz (Mehrfachsteckdose mit Schalter und 5m Kabel\u2026\"}]},{\"@type\":\"WebSite\",\"@id\":\"https:\\\/\\\/marktxxl.de\\\/markt\\\/#website\",\"url\":\"https:\\\/\\\/marktxxl.de\\\/markt\\\/\",\"name\":\"Markt-XXL\",\"description\":\"Ihr Markt Online\",\"publisher\":{\"@id\":\"https:\\\/\\\/marktxxl.de\\\/markt\\\/#organization\"},\"potentialAction\":[{\"@type\":\"SearchAction\",\"target\":{\"@type\":\"EntryPoint\",\"urlTemplate\":\"https:\\\/\\\/marktxxl.de\\\/markt\\\/?s={search_term_string}\"},\"query-input\":{\"@type\":\"PropertyValueSpecification\",\"valueRequired\":true,\"valueName\":\"search_term_string\"}}],\"inLanguage\":\"de\"},{\"@type\":\"Organization\",\"@id\":\"https:\\\/\\\/marktxxl.de\\\/markt\\\/#organization\",\"name\":\"Markt-XXL\",\"url\":\"https:\\\/\\\/marktxxl.de\\\/markt\\\/\",\"logo\":{\"@type\":\"ImageObject\",\"inLanguage\":\"de\",\"@id\":\"https:\\\/\\\/marktxxl.de\\\/markt\\\/#\\\/schema\\\/logo\\\/image\\\/\",\"url\":\"https:\\\/\\\/marktxxl.de\\\/markt\\\/wp-content\\\/uploads\\\/sites\\\/3\\\/2020\\\/12\\\/logo.png\",\"contentUrl\":\"https:\\\/\\\/marktxxl.de\\\/markt\\\/wp-content\\\/uploads\\\/sites\\\/3\\\/2020\\\/12\\\/logo.png\",\"width\":200,\"height\":70,\"caption\":\"Markt-XXL\"},\"image\":{\"@id\":\"https:\\\/\\\/marktxxl.de\\\/markt\\\/#\\\/schema\\\/logo\\\/image\\\/\"}}]}<\/script>\n<!-- \/ Yoast SEO plugin. -->","yoast_head_json":{"title":"Brennenstuhl Eco-Line Steckdosenleiste 6-Fach mit \u00dcberspannungsschutz (Mehrfachsteckdose mit Schalter und 5m Kabel\u2026 - Markt-XXL","description":"Markt-XXL Brennenstuhl Eco-Line Steckdosenleiste 6-Fach mit \u00dcberspannungsschutz (Mehrfachsteckdose mit Schalter und 5m Kabel\u2026","robots":{"index":"index","follow":"follow","max-snippet":"max-snippet:-1","max-image-preview":"max-image-preview:large","max-video-preview":"max-video-preview:-1"},"canonical":"https:\/\/marktxxl.de\/markt\/produkt\/brennenstuhl-eco-line-steckdosenleiste-6-fach-mit-ueberspannungsschutz-mehrfachsteckdose-mit-schalter-und-5m-kabel-anthrazit\/","og_locale":"de_DE","og_type":"article","og_title":"Brennenstuhl Eco-Line Steckdosenleiste 6-Fach mit \u00dcberspannungsschutz (Mehrfachsteckdose mit Schalter und 5m Kabel\u2026 - Markt-XXL","og_description":"Markt-XXL Brennenstuhl Eco-Line Steckdosenleiste 6-Fach mit \u00dcberspannungsschutz (Mehrfachsteckdose mit Schalter und 5m Kabel\u2026","og_url":"https:\/\/marktxxl.de\/markt\/produkt\/brennenstuhl-eco-line-steckdosenleiste-6-fach-mit-ueberspannungsschutz-mehrfachsteckdose-mit-schalter-und-5m-kabel-anthrazit\/","og_site_name":"Markt-XXL","article_modified_time":"2023-04-11T03:08:20+00:00","og_image":[{"width":500,"height":447,"url":"https:\/\/m.media-amazon.com\/images\/I\/31moKkeo-iL._SL500_.jpg","type":"image\/jpeg"}],"twitter_card":"summary_large_image","twitter_misc":{"Gesch\u00e4tzte Lesezeit":"1\u00a0Minute"},"schema":{"@context":"https:\/\/schema.org","@graph":[{"@type":"WebPage","@id":"https:\/\/marktxxl.de\/markt\/produkt\/brennenstuhl-eco-line-steckdosenleiste-6-fach-mit-ueberspannungsschutz-mehrfachsteckdose-mit-schalter-und-5m-kabel-anthrazit\/","url":"https:\/\/marktxxl.de\/markt\/produkt\/brennenstuhl-eco-line-steckdosenleiste-6-fach-mit-ueberspannungsschutz-mehrfachsteckdose-mit-schalter-und-5m-kabel-anthrazit\/","name":"Brennenstuhl Eco-Line Steckdosenleiste 6-Fach mit \u00dcberspannungsschutz (Mehrfachsteckdose mit Schalter und 5m Kabel\u2026 - Markt-XXL","isPartOf":{"@id":"https:\/\/marktxxl.de\/markt\/#website"},"primaryImageOfPage":{"@id":"https:\/\/marktxxl.de\/markt\/produkt\/brennenstuhl-eco-line-steckdosenleiste-6-fach-mit-ueberspannungsschutz-mehrfachsteckdose-mit-schalter-und-5m-kabel-anthrazit\/#primaryimage"},"image":{"@id":"https:\/\/marktxxl.de\/markt\/produkt\/brennenstuhl-eco-line-steckdosenleiste-6-fach-mit-ueberspannungsschutz-mehrfachsteckdose-mit-schalter-und-5m-kabel-anthrazit\/#primaryimage"},"thumbnailUrl":"https:\/\/m.media-amazon.com\/images\/I\/31moKkeo-iL._SL500_.jpg","datePublished":"2023-01-09T23:05:16+00:00","dateModified":"2023-04-11T03:08:20+00:00","description":"Markt-XXL Brennenstuhl Eco-Line Steckdosenleiste 6-Fach mit \u00dcberspannungsschutz (Mehrfachsteckdose mit Schalter und 5m Kabel\u2026","breadcrumb":{"@id":"https:\/\/marktxxl.de\/markt\/produkt\/brennenstuhl-eco-line-steckdosenleiste-6-fach-mit-ueberspannungsschutz-mehrfachsteckdose-mit-schalter-und-5m-kabel-anthrazit\/#breadcrumb"},"inLanguage":"de","potentialAction":[{"@type":"ReadAction","target":["https:\/\/marktxxl.de\/markt\/produkt\/brennenstuhl-eco-line-steckdosenleiste-6-fach-mit-ueberspannungsschutz-mehrfachsteckdose-mit-schalter-und-5m-kabel-anthrazit\/"]}]},{"@type":"ImageObject","inLanguage":"de","@id":"https:\/\/marktxxl.de\/markt\/produkt\/brennenstuhl-eco-line-steckdosenleiste-6-fach-mit-ueberspannungsschutz-mehrfachsteckdose-mit-schalter-und-5m-kabel-anthrazit\/#primaryimage","url":"https:\/\/m.media-amazon.com\/images\/I\/31moKkeo-iL._SL500_.jpg","contentUrl":"https:\/\/m.media-amazon.com\/images\/I\/31moKkeo-iL._SL500_.jpg","width":500,"height":447},{"@type":"BreadcrumbList","@id":"https:\/\/marktxxl.de\/markt\/produkt\/brennenstuhl-eco-line-steckdosenleiste-6-fach-mit-ueberspannungsschutz-mehrfachsteckdose-mit-schalter-und-5m-kabel-anthrazit\/#breadcrumb","itemListElement":[{"@type":"ListItem","position":1,"name":"Startseite","item":"https:\/\/marktxxl.de\/markt\/"},{"@type":"ListItem","position":2,"name":"Markt","item":"https:\/\/marktxxl.de\/markt\/"},{"@type":"ListItem","position":3,"name":"Brennenstuhl Eco-Line Steckdosenleiste 6-Fach mit \u00dcberspannungsschutz (Mehrfachsteckdose mit Schalter und 5m Kabel\u2026"}]},{"@type":"WebSite","@id":"https:\/\/marktxxl.de\/markt\/#website","url":"https:\/\/marktxxl.de\/markt\/","name":"Markt-XXL","description":"Ihr Markt Online","publisher":{"@id":"https:\/\/marktxxl.de\/markt\/#organization"},"potentialAction":[{"@type":"SearchAction","target":{"@type":"EntryPoint","urlTemplate":"https:\/\/marktxxl.de\/markt\/?s={search_term_string}"},"query-input":{"@type":"PropertyValueSpecification","valueRequired":true,"valueName":"search_term_string"}}],"inLanguage":"de"},{"@type":"Organization","@id":"https:\/\/marktxxl.de\/markt\/#organization","name":"Markt-XXL","url":"https:\/\/marktxxl.de\/markt\/","logo":{"@type":"ImageObject","inLanguage":"de","@id":"https:\/\/marktxxl.de\/markt\/#\/schema\/logo\/image\/","url":"https:\/\/marktxxl.de\/markt\/wp-content\/uploads\/sites\/3\/2020\/12\/logo.png","contentUrl":"https:\/\/marktxxl.de\/markt\/wp-content\/uploads\/sites\/3\/2020\/12\/logo.png","width":200,"height":70,"caption":"Markt-XXL"},"image":{"@id":"https:\/\/marktxxl.de\/markt\/#\/schema\/logo\/image\/"}}]}},"_links":{"self":[{"href":"https:\/\/marktxxl.de\/markt\/wp-json\/wp\/v2\/product\/179019","targetHints":{"allow":["GET"]}}],"collection":[{"href":"https:\/\/marktxxl.de\/markt\/wp-json\/wp\/v2\/product"}],"about":[{"href":"https:\/\/marktxxl.de\/markt\/wp-json\/wp\/v2\/types\/product"}],"replies":[{"embeddable":true,"href":"https:\/\/marktxxl.de\/markt\/wp-json\/wp\/v2\/comments?post=179019"}],"wp:featuredmedia":[{"embeddable":true,"href":"https:\/\/marktxxl.de\/markt\/wp-json\/wp\/v2\/media\/179020"}],"wp:attachment":[{"href":"https:\/\/marktxxl.de\/markt\/wp-json\/wp\/v2\/media?parent=179019"}],"wp:term":[{"taxonomy":"product_brand","embeddable":true,"href":"https:\/\/marktxxl.de\/markt\/wp-json\/wp\/v2\/product_brand?post=179019"},{"taxonomy":"product_cat","embeddable":true,"href":"https:\/\/marktxxl.de\/markt\/wp-json\/wp\/v2\/product_cat?post=179019"},{"taxonomy":"product_tag","embeddable":true,"href":"https:\/\/marktxxl.de\/markt\/wp-json\/wp\/v2\/product_tag?post=179019"}],"curies":[{"name":"wp","href":"https:\/\/api.w.org\/{rel}","templated":true}]}}