{"id":178816,"date":"2023-01-09T23:55:39","date_gmt":"2023-01-09T22:55:39","guid":{"rendered":"https:\/\/marktxxl.de\/markt\/produkt\/ava-oliver-wickelauflage-aus-veganem-leder-tragbare-abwischbare-mehrzweck-windelunterlage-faltbar-fuer-die-reise-16-x-30-zoll\/"},"modified":"2023-04-11T05:08:16","modified_gmt":"2023-04-11T03:08:16","slug":"ava-oliver-wickelauflage-aus-veganem-leder-tragbare-abwischbare-mehrzweck-windelunterlage-faltbar-fuer-die-reise-16-x-30-zoll","status":"publish","type":"product","link":"https:\/\/marktxxl.de\/markt\/produkt\/ava-oliver-wickelauflage-aus-veganem-leder-tragbare-abwischbare-mehrzweck-windelunterlage-faltbar-fuer-die-reise-16-x-30-zoll\/","title":{"rendered":"AVA + OLIVER Wickelauflage aus veganem Leder \u2013 tragbare, abwischbare Mehrzweck-Wickelauflage \u2013 faltbar f\u00fcr die Reise (16\u2026"},"content":{"rendered":"<p>PREMIUM-QUALIT\u00c4T &#8211; Unsere veganen Leder-Wickelauflagen bestehen aus Kunstleder, das sich weich und glatt anf\u00fchlt!\u00a0Langlebig und langlebig, wird dies vom Neugeborenen- bis zum Kleinkindstadium dauern.<br \/>\nEINFACHE REINIGUNG &#8211; Unsere Matten lassen sich leicht abwischen und mit einem Babytuch oder einem Seifentuch reinigen.\u00a0Verwenden Sie unsere Matten immer wieder!<br \/>\nPRAKTISCH + KOMPAKT &#8211; Unsere Matten sind jetzt einseitig und werden gefaltet f\u00fcr unterwegs in Ihrer Wickeltasche, Ihrem Kinderwagen, Ihrer Kommode, Ihrem Rucksack oder Ihrer Handtasche geliefert.<br \/>\nERSTAUNLICHE GESCHENKIDEE &#8211; Unsere tragbare Wickelunterlage ist f\u00fcr jeden neuen und werdenden Elternteil unerl\u00e4sslich.\u00a0Es ist ein perfektes Geschenk zur Babyparty oder ein Geschenk f\u00fcr eine neue Mutter oder einen neuen Vater, um Gl\u00fcckw\u00fcnsche zu sagen!<br \/>\nVIELSEITIG &#8211; Alle unsere Matten messen 16 x 30 Zoll und haben die perfekte Gr\u00f6\u00dfe f\u00fcr Babys und Kleinkinder.&#8221;<br \/>\n<div class=\"main-cross-sell\" data-asin=\"B08YRW3YX5\">\n\n\t<div class=\"WooZone-cross-sell-loader\">\n\t\t<div>\n\t\t\t<div id=\"floatingBarsG\">\n\t\t\t\t<div class=\"blockG\" id=\"rotateG_01\"><\/div>\n\t\t\t\t<div class=\"blockG\" id=\"rotateG_02\"><\/div>\n\t\t\t\t<div class=\"blockG\" id=\"rotateG_03\"><\/div>\n\t\t\t\t<div class=\"blockG\" id=\"rotateG_04\"><\/div>\n\t\t\t\t<div class=\"blockG\" id=\"rotateG_05\"><\/div>\n\t\t\t\t<div class=\"blockG\" id=\"rotateG_06\"><\/div>\n\t\t\t\t<div class=\"blockG\" id=\"rotateG_07\"><\/div>\n\t\t\t\t<div class=\"blockG\" id=\"rotateG_08\"><\/div>\n\t\t\t<\/div>\n\t\t\t<div class=\"WooZone-cross-sell-loader-text\"><\/div>\n\t\t<\/div>\n\t<\/div>\n\n\t\t\n<\/div>\n<div style=\"clear:both;\"><\/div><\/p>\n","protected":false},"excerpt":{"rendered":"<p>PREMIUM-QUALIT\u00c4T &#8211; Unsere veganen Leder-Wickelauflagen bestehen aus Kunstleder, das sich weich und glatt anf\u00fchlt!\u00a0Langlebig und langlebig, wird dies vom Neugeborenen- bis zum Kleinkindstadium dauern.<br \/>\nEINFACHE REINIGUNG &#8211; Unsere Matten lassen sich leicht abwischen und mit einem Babytuch oder einem Seifentuch reinigen.\u00a0Verwenden Sie unsere Matten immer wieder!<br \/>\nPRAKTISCH + KOMPAKT &#8211; Unsere Matten sind jetzt einseitig und werden gefaltet f\u00fcr unterwegs in Ihrer Wickeltasche, Ihrem Kinderwagen, Ihrer Kommode, Ihrem Rucksack oder Ihrer Handtasche geliefert.<\/p>\n","protected":false},"featured_media":178817,"comment_status":"open","ping_status":"closed","template":"","meta":[],"product_brand":[],"product_cat":[21,9520],"product_tag":[],"class_list":{"0":"post-178816","1":"product","2":"type-product","3":"status-publish","4":"has-post-thumbnail","6":"product_cat-baby","7":"product_cat-wickeln-baby","8":"pa_binding-babyartikel","9":"pa_brand-ava-plus-oliver","10":"pa_manufacturer-ava-plus-oliver","11":"pa_model-changingmat","13":"first","14":"instock","15":"shipping-taxable","16":"purchasable","17":"product-type-simple","18":"customify-col","19":"product-has-gallery"},"yoast_head":"<!-- This site is optimized with the Yoast SEO plugin v27.4 - https:\/\/yoast.com\/product\/yoast-seo-wordpress\/ -->\n<title>AVA + OLIVER Wickelauflage aus veganem Leder \u2013 tragbare, abwischbare Mehrzweck-Wickelauflage \u2013 faltbar f\u00fcr die Reise (16\u2026 - Markt-XXL<\/title>\n<meta name=\"description\" content=\"Markt-XXL AVA + OLIVER Wickelauflage aus veganem Leder \u2013 tragbare, abwischbare Mehrzweck-Wickelauflage \u2013 faltbar f\u00fcr die Reise (16\u2026\" \/>\n<meta name=\"robots\" content=\"index, follow, max-snippet:-1, max-image-preview:large, max-video-preview:-1\" \/>\n<link rel=\"canonical\" href=\"https:\/\/marktxxl.de\/markt\/produkt\/ava-oliver-wickelauflage-aus-veganem-leder-tragbare-abwischbare-mehrzweck-windelunterlage-faltbar-fuer-die-reise-16-x-30-zoll\/\" \/>\n<meta property=\"og:locale\" content=\"de_DE\" \/>\n<meta property=\"og:type\" content=\"article\" \/>\n<meta property=\"og:title\" content=\"AVA + OLIVER Wickelauflage aus veganem Leder \u2013 tragbare, abwischbare Mehrzweck-Wickelauflage \u2013 faltbar f\u00fcr die Reise (16\u2026 - Markt-XXL\" \/>\n<meta property=\"og:description\" content=\"Markt-XXL AVA + OLIVER Wickelauflage aus veganem Leder \u2013 tragbare, abwischbare Mehrzweck-Wickelauflage \u2013 faltbar f\u00fcr die Reise (16\u2026\" \/>\n<meta property=\"og:url\" content=\"https:\/\/marktxxl.de\/markt\/produkt\/ava-oliver-wickelauflage-aus-veganem-leder-tragbare-abwischbare-mehrzweck-windelunterlage-faltbar-fuer-die-reise-16-x-30-zoll\/\" \/>\n<meta property=\"og:site_name\" content=\"Markt-XXL\" \/>\n<meta property=\"article:modified_time\" content=\"2023-04-11T03:08:16+00:00\" \/>\n<meta property=\"og:image\" content=\"https:\/\/m.media-amazon.com\/images\/I\/21x3kp+aV3L._SL500_.jpg\" \/>\n\t<meta property=\"og:image:width\" content=\"500\" \/>\n\t<meta property=\"og:image:height\" content=\"400\" \/>\n\t<meta property=\"og:image:type\" content=\"image\/jpeg\" \/>\n<meta name=\"twitter:card\" content=\"summary_large_image\" \/>\n<meta name=\"twitter:label1\" content=\"Gesch\u00e4tzte Lesezeit\" \/>\n\t<meta name=\"twitter:data1\" content=\"1\u00a0Minute\" \/>\n<script type=\"application\/ld+json\" class=\"yoast-schema-graph\">{\"@context\":\"https:\\\/\\\/schema.org\",\"@graph\":[{\"@type\":\"WebPage\",\"@id\":\"https:\\\/\\\/marktxxl.de\\\/markt\\\/produkt\\\/ava-oliver-wickelauflage-aus-veganem-leder-tragbare-abwischbare-mehrzweck-windelunterlage-faltbar-fuer-die-reise-16-x-30-zoll\\\/\",\"url\":\"https:\\\/\\\/marktxxl.de\\\/markt\\\/produkt\\\/ava-oliver-wickelauflage-aus-veganem-leder-tragbare-abwischbare-mehrzweck-windelunterlage-faltbar-fuer-die-reise-16-x-30-zoll\\\/\",\"name\":\"AVA + OLIVER Wickelauflage aus veganem Leder \u2013 tragbare, abwischbare Mehrzweck-Wickelauflage \u2013 faltbar f\u00fcr die Reise (16\u2026 - Markt-XXL\",\"isPartOf\":{\"@id\":\"https:\\\/\\\/marktxxl.de\\\/markt\\\/#website\"},\"primaryImageOfPage\":{\"@id\":\"https:\\\/\\\/marktxxl.de\\\/markt\\\/produkt\\\/ava-oliver-wickelauflage-aus-veganem-leder-tragbare-abwischbare-mehrzweck-windelunterlage-faltbar-fuer-die-reise-16-x-30-zoll\\\/#primaryimage\"},\"image\":{\"@id\":\"https:\\\/\\\/marktxxl.de\\\/markt\\\/produkt\\\/ava-oliver-wickelauflage-aus-veganem-leder-tragbare-abwischbare-mehrzweck-windelunterlage-faltbar-fuer-die-reise-16-x-30-zoll\\\/#primaryimage\"},\"thumbnailUrl\":\"https:\\\/\\\/m.media-amazon.com\\\/images\\\/I\\\/21x3kp+aV3L._SL500_.jpg\",\"datePublished\":\"2023-01-09T22:55:39+00:00\",\"dateModified\":\"2023-04-11T03:08:16+00:00\",\"description\":\"Markt-XXL AVA + OLIVER Wickelauflage aus veganem Leder \u2013 tragbare, abwischbare Mehrzweck-Wickelauflage \u2013 faltbar f\u00fcr die Reise (16\u2026\",\"breadcrumb\":{\"@id\":\"https:\\\/\\\/marktxxl.de\\\/markt\\\/produkt\\\/ava-oliver-wickelauflage-aus-veganem-leder-tragbare-abwischbare-mehrzweck-windelunterlage-faltbar-fuer-die-reise-16-x-30-zoll\\\/#breadcrumb\"},\"inLanguage\":\"de\",\"potentialAction\":[{\"@type\":\"ReadAction\",\"target\":[\"https:\\\/\\\/marktxxl.de\\\/markt\\\/produkt\\\/ava-oliver-wickelauflage-aus-veganem-leder-tragbare-abwischbare-mehrzweck-windelunterlage-faltbar-fuer-die-reise-16-x-30-zoll\\\/\"]}]},{\"@type\":\"ImageObject\",\"inLanguage\":\"de\",\"@id\":\"https:\\\/\\\/marktxxl.de\\\/markt\\\/produkt\\\/ava-oliver-wickelauflage-aus-veganem-leder-tragbare-abwischbare-mehrzweck-windelunterlage-faltbar-fuer-die-reise-16-x-30-zoll\\\/#primaryimage\",\"url\":\"https:\\\/\\\/m.media-amazon.com\\\/images\\\/I\\\/21x3kp+aV3L._SL500_.jpg\",\"contentUrl\":\"https:\\\/\\\/m.media-amazon.com\\\/images\\\/I\\\/21x3kp+aV3L._SL500_.jpg\",\"width\":500,\"height\":400},{\"@type\":\"BreadcrumbList\",\"@id\":\"https:\\\/\\\/marktxxl.de\\\/markt\\\/produkt\\\/ava-oliver-wickelauflage-aus-veganem-leder-tragbare-abwischbare-mehrzweck-windelunterlage-faltbar-fuer-die-reise-16-x-30-zoll\\\/#breadcrumb\",\"itemListElement\":[{\"@type\":\"ListItem\",\"position\":1,\"name\":\"Startseite\",\"item\":\"https:\\\/\\\/marktxxl.de\\\/markt\\\/\"},{\"@type\":\"ListItem\",\"position\":2,\"name\":\"Markt\",\"item\":\"https:\\\/\\\/marktxxl.de\\\/markt\\\/\"},{\"@type\":\"ListItem\",\"position\":3,\"name\":\"AVA + OLIVER Wickelauflage aus veganem Leder \u2013 tragbare, abwischbare Mehrzweck-Wickelauflage \u2013 faltbar f\u00fcr die Reise (16\u2026\"}]},{\"@type\":\"WebSite\",\"@id\":\"https:\\\/\\\/marktxxl.de\\\/markt\\\/#website\",\"url\":\"https:\\\/\\\/marktxxl.de\\\/markt\\\/\",\"name\":\"Markt-XXL\",\"description\":\"Ihr Markt Online\",\"publisher\":{\"@id\":\"https:\\\/\\\/marktxxl.de\\\/markt\\\/#organization\"},\"potentialAction\":[{\"@type\":\"SearchAction\",\"target\":{\"@type\":\"EntryPoint\",\"urlTemplate\":\"https:\\\/\\\/marktxxl.de\\\/markt\\\/?s={search_term_string}\"},\"query-input\":{\"@type\":\"PropertyValueSpecification\",\"valueRequired\":true,\"valueName\":\"search_term_string\"}}],\"inLanguage\":\"de\"},{\"@type\":\"Organization\",\"@id\":\"https:\\\/\\\/marktxxl.de\\\/markt\\\/#organization\",\"name\":\"Markt-XXL\",\"url\":\"https:\\\/\\\/marktxxl.de\\\/markt\\\/\",\"logo\":{\"@type\":\"ImageObject\",\"inLanguage\":\"de\",\"@id\":\"https:\\\/\\\/marktxxl.de\\\/markt\\\/#\\\/schema\\\/logo\\\/image\\\/\",\"url\":\"https:\\\/\\\/marktxxl.de\\\/markt\\\/wp-content\\\/uploads\\\/sites\\\/3\\\/2020\\\/12\\\/logo.png\",\"contentUrl\":\"https:\\\/\\\/marktxxl.de\\\/markt\\\/wp-content\\\/uploads\\\/sites\\\/3\\\/2020\\\/12\\\/logo.png\",\"width\":200,\"height\":70,\"caption\":\"Markt-XXL\"},\"image\":{\"@id\":\"https:\\\/\\\/marktxxl.de\\\/markt\\\/#\\\/schema\\\/logo\\\/image\\\/\"}}]}<\/script>\n<!-- \/ Yoast SEO plugin. -->","yoast_head_json":{"title":"AVA + OLIVER Wickelauflage aus veganem Leder \u2013 tragbare, abwischbare Mehrzweck-Wickelauflage \u2013 faltbar f\u00fcr die Reise (16\u2026 - Markt-XXL","description":"Markt-XXL AVA + OLIVER Wickelauflage aus veganem Leder \u2013 tragbare, abwischbare Mehrzweck-Wickelauflage \u2013 faltbar f\u00fcr die Reise (16\u2026","robots":{"index":"index","follow":"follow","max-snippet":"max-snippet:-1","max-image-preview":"max-image-preview:large","max-video-preview":"max-video-preview:-1"},"canonical":"https:\/\/marktxxl.de\/markt\/produkt\/ava-oliver-wickelauflage-aus-veganem-leder-tragbare-abwischbare-mehrzweck-windelunterlage-faltbar-fuer-die-reise-16-x-30-zoll\/","og_locale":"de_DE","og_type":"article","og_title":"AVA + OLIVER Wickelauflage aus veganem Leder \u2013 tragbare, abwischbare Mehrzweck-Wickelauflage \u2013 faltbar f\u00fcr die Reise (16\u2026 - Markt-XXL","og_description":"Markt-XXL AVA + OLIVER Wickelauflage aus veganem Leder \u2013 tragbare, abwischbare Mehrzweck-Wickelauflage \u2013 faltbar f\u00fcr die Reise (16\u2026","og_url":"https:\/\/marktxxl.de\/markt\/produkt\/ava-oliver-wickelauflage-aus-veganem-leder-tragbare-abwischbare-mehrzweck-windelunterlage-faltbar-fuer-die-reise-16-x-30-zoll\/","og_site_name":"Markt-XXL","article_modified_time":"2023-04-11T03:08:16+00:00","og_image":[{"width":500,"height":400,"url":"https:\/\/m.media-amazon.com\/images\/I\/21x3kp+aV3L._SL500_.jpg","type":"image\/jpeg"}],"twitter_card":"summary_large_image","twitter_misc":{"Gesch\u00e4tzte Lesezeit":"1\u00a0Minute"},"schema":{"@context":"https:\/\/schema.org","@graph":[{"@type":"WebPage","@id":"https:\/\/marktxxl.de\/markt\/produkt\/ava-oliver-wickelauflage-aus-veganem-leder-tragbare-abwischbare-mehrzweck-windelunterlage-faltbar-fuer-die-reise-16-x-30-zoll\/","url":"https:\/\/marktxxl.de\/markt\/produkt\/ava-oliver-wickelauflage-aus-veganem-leder-tragbare-abwischbare-mehrzweck-windelunterlage-faltbar-fuer-die-reise-16-x-30-zoll\/","name":"AVA + OLIVER Wickelauflage aus veganem Leder \u2013 tragbare, abwischbare Mehrzweck-Wickelauflage \u2013 faltbar f\u00fcr die Reise (16\u2026 - Markt-XXL","isPartOf":{"@id":"https:\/\/marktxxl.de\/markt\/#website"},"primaryImageOfPage":{"@id":"https:\/\/marktxxl.de\/markt\/produkt\/ava-oliver-wickelauflage-aus-veganem-leder-tragbare-abwischbare-mehrzweck-windelunterlage-faltbar-fuer-die-reise-16-x-30-zoll\/#primaryimage"},"image":{"@id":"https:\/\/marktxxl.de\/markt\/produkt\/ava-oliver-wickelauflage-aus-veganem-leder-tragbare-abwischbare-mehrzweck-windelunterlage-faltbar-fuer-die-reise-16-x-30-zoll\/#primaryimage"},"thumbnailUrl":"https:\/\/m.media-amazon.com\/images\/I\/21x3kp+aV3L._SL500_.jpg","datePublished":"2023-01-09T22:55:39+00:00","dateModified":"2023-04-11T03:08:16+00:00","description":"Markt-XXL AVA + OLIVER Wickelauflage aus veganem Leder \u2013 tragbare, abwischbare Mehrzweck-Wickelauflage \u2013 faltbar f\u00fcr die Reise (16\u2026","breadcrumb":{"@id":"https:\/\/marktxxl.de\/markt\/produkt\/ava-oliver-wickelauflage-aus-veganem-leder-tragbare-abwischbare-mehrzweck-windelunterlage-faltbar-fuer-die-reise-16-x-30-zoll\/#breadcrumb"},"inLanguage":"de","potentialAction":[{"@type":"ReadAction","target":["https:\/\/marktxxl.de\/markt\/produkt\/ava-oliver-wickelauflage-aus-veganem-leder-tragbare-abwischbare-mehrzweck-windelunterlage-faltbar-fuer-die-reise-16-x-30-zoll\/"]}]},{"@type":"ImageObject","inLanguage":"de","@id":"https:\/\/marktxxl.de\/markt\/produkt\/ava-oliver-wickelauflage-aus-veganem-leder-tragbare-abwischbare-mehrzweck-windelunterlage-faltbar-fuer-die-reise-16-x-30-zoll\/#primaryimage","url":"https:\/\/m.media-amazon.com\/images\/I\/21x3kp+aV3L._SL500_.jpg","contentUrl":"https:\/\/m.media-amazon.com\/images\/I\/21x3kp+aV3L._SL500_.jpg","width":500,"height":400},{"@type":"BreadcrumbList","@id":"https:\/\/marktxxl.de\/markt\/produkt\/ava-oliver-wickelauflage-aus-veganem-leder-tragbare-abwischbare-mehrzweck-windelunterlage-faltbar-fuer-die-reise-16-x-30-zoll\/#breadcrumb","itemListElement":[{"@type":"ListItem","position":1,"name":"Startseite","item":"https:\/\/marktxxl.de\/markt\/"},{"@type":"ListItem","position":2,"name":"Markt","item":"https:\/\/marktxxl.de\/markt\/"},{"@type":"ListItem","position":3,"name":"AVA + OLIVER Wickelauflage aus veganem Leder \u2013 tragbare, abwischbare Mehrzweck-Wickelauflage \u2013 faltbar f\u00fcr die Reise (16\u2026"}]},{"@type":"WebSite","@id":"https:\/\/marktxxl.de\/markt\/#website","url":"https:\/\/marktxxl.de\/markt\/","name":"Markt-XXL","description":"Ihr Markt Online","publisher":{"@id":"https:\/\/marktxxl.de\/markt\/#organization"},"potentialAction":[{"@type":"SearchAction","target":{"@type":"EntryPoint","urlTemplate":"https:\/\/marktxxl.de\/markt\/?s={search_term_string}"},"query-input":{"@type":"PropertyValueSpecification","valueRequired":true,"valueName":"search_term_string"}}],"inLanguage":"de"},{"@type":"Organization","@id":"https:\/\/marktxxl.de\/markt\/#organization","name":"Markt-XXL","url":"https:\/\/marktxxl.de\/markt\/","logo":{"@type":"ImageObject","inLanguage":"de","@id":"https:\/\/marktxxl.de\/markt\/#\/schema\/logo\/image\/","url":"https:\/\/marktxxl.de\/markt\/wp-content\/uploads\/sites\/3\/2020\/12\/logo.png","contentUrl":"https:\/\/marktxxl.de\/markt\/wp-content\/uploads\/sites\/3\/2020\/12\/logo.png","width":200,"height":70,"caption":"Markt-XXL"},"image":{"@id":"https:\/\/marktxxl.de\/markt\/#\/schema\/logo\/image\/"}}]}},"_links":{"self":[{"href":"https:\/\/marktxxl.de\/markt\/wp-json\/wp\/v2\/product\/178816","targetHints":{"allow":["GET"]}}],"collection":[{"href":"https:\/\/marktxxl.de\/markt\/wp-json\/wp\/v2\/product"}],"about":[{"href":"https:\/\/marktxxl.de\/markt\/wp-json\/wp\/v2\/types\/product"}],"replies":[{"embeddable":true,"href":"https:\/\/marktxxl.de\/markt\/wp-json\/wp\/v2\/comments?post=178816"}],"wp:featuredmedia":[{"embeddable":true,"href":"https:\/\/marktxxl.de\/markt\/wp-json\/wp\/v2\/media\/178817"}],"wp:attachment":[{"href":"https:\/\/marktxxl.de\/markt\/wp-json\/wp\/v2\/media?parent=178816"}],"wp:term":[{"taxonomy":"product_brand","embeddable":true,"href":"https:\/\/marktxxl.de\/markt\/wp-json\/wp\/v2\/product_brand?post=178816"},{"taxonomy":"product_cat","embeddable":true,"href":"https:\/\/marktxxl.de\/markt\/wp-json\/wp\/v2\/product_cat?post=178816"},{"taxonomy":"product_tag","embeddable":true,"href":"https:\/\/marktxxl.de\/markt\/wp-json\/wp\/v2\/product_tag?post=178816"}],"curies":[{"name":"wp","href":"https:\/\/api.w.org\/{rel}","templated":true}]}}