{"id":178721,"date":"2023-01-09T23:50:28","date_gmt":"2023-01-09T22:50:28","guid":{"rendered":"https:\/\/marktxxl.de\/markt\/produkt\/schraubenmaennchen-elektriker-handgefertigte-ausgefallene-geschenkidee\/"},"modified":"2023-04-11T05:08:14","modified_gmt":"2023-04-11T03:08:14","slug":"schraubenmaennchen-elektriker-handgefertigte-ausgefallene-geschenkidee","status":"publish","type":"product","link":"https:\/\/marktxxl.de\/markt\/produkt\/schraubenmaennchen-elektriker-handgefertigte-ausgefallene-geschenkidee\/","title":{"rendered":"Schraubenm\u00e4nnchen Elektriker handgefertigte ausgefallene Geschenkidee"},"content":{"rendered":"<p>Die Schraubenm\u00e4nnchen: Skulpturen und Deko Figuren in Handarbeit gefertigt. Geeignet als Geschenke f\u00fcr Frauen Geschenke f\u00fcr M\u00e4nner Partner Geschenke papa Geschenk oder Geburtstagsgeschenk. Wer Geschenkideen f\u00fcr Freundin Mann Mama Freund oder Kinder sucht ist hier genau richtig. Diese au\u00dfergew\u00f6hnliche Metallfiguren kommen immer gut beim Beschenkten an. Fast jeder Mensch kann sich mit dieser Kunst aus Stahl identifizieren.<br \/>\nModerne deko f\u00fcr jeden Anlass: als Scherzartikel f\u00fcr Frauen Liebesbeweis f\u00fcr M\u00e4nner beste Kollegin Geschenk Geburtstag deko schreibtisch deko Ruhestand Geschenk. Die Schraubenm\u00e4nnle sind gute Geschenkideen speziell f\u00fcr Ihren Beruf Ihre Mitarbeiter Ihre Kunden. Ein besonderer Schmuck f\u00fcr den Wohn und Zimmer Bereich. F\u00fcr fast jede Person kann hier eine passende Figur gewunden werden die sich als individuelles Geschenk besondere Geschenkidee oder Geschenkartikel eignet.<br \/>\nHochwertige Qualit\u00e4t: Seit 25 Jahren werden Schraubenm\u00e4nnchen und Metallobjekte von uns in aufwendiger und liebevoller Handarbeit hergestellt. \u00dcber alle diese Jahre haben wir die gr\u00f6\u00dften Metalm\u00e4nnchen Marken und H\u00e4ndler in Deutschland und Europa beliefert, die unsere Qualit\u00e4t und Erfahrung gesch\u00e4tzt haben. Jetzt haben Sie die M\u00f6glichkeit unsere Skulpturen direkt bei uns nach einem vern\u00fcnftigen Preis einzukaufen.<br \/>\nMaterial: Stahl zuerst gebogen und geschnitten, dann geschwei\u00dft, geb\u00fcrstet und mit Zaponlack \u00fcberzogen. Es ist eine besondere Technik, die echte Handarbeit zum Vorschein bringt.<br \/>\nGuter Kundenservice: Schnelle Lieferung innerhalb von 2-3 Werkstagen in Deutschland. Bei Fragen und Problemen stehen wir gerne zur Verf\u00fcgung.<br \/>\n<div class=\"main-cross-sell\" data-asin=\"B00EJBCPVS\">\n\n\t<div class=\"WooZone-cross-sell-loader\">\n\t\t<div>\n\t\t\t<div id=\"floatingBarsG\">\n\t\t\t\t<div class=\"blockG\" id=\"rotateG_01\"><\/div>\n\t\t\t\t<div class=\"blockG\" id=\"rotateG_02\"><\/div>\n\t\t\t\t<div class=\"blockG\" id=\"rotateG_03\"><\/div>\n\t\t\t\t<div class=\"blockG\" id=\"rotateG_04\"><\/div>\n\t\t\t\t<div class=\"blockG\" id=\"rotateG_05\"><\/div>\n\t\t\t\t<div class=\"blockG\" id=\"rotateG_06\"><\/div>\n\t\t\t\t<div class=\"blockG\" id=\"rotateG_07\"><\/div>\n\t\t\t\t<div class=\"blockG\" id=\"rotateG_08\"><\/div>\n\t\t\t<\/div>\n\t\t\t<div class=\"WooZone-cross-sell-loader-text\"><\/div>\n\t\t<\/div>\n\t<\/div>\n\n\t\t\n<\/div>\n<div style=\"clear:both;\"><\/div><\/p>\n","protected":false},"excerpt":{"rendered":"<p>Die Schraubenm\u00e4nnchen: Skulpturen und Deko Figuren in Handarbeit gefertigt. Geeignet als Geschenke f\u00fcr Frauen Geschenke f\u00fcr M\u00e4nner Partner Geschenke papa Geschenk oder Geburtstagsgeschenk. Wer Geschenkideen f\u00fcr Freundin Mann Mama Freund oder Kinder sucht ist hier genau richtig. Diese au\u00dfergew\u00f6hnliche Metallfiguren kommen immer gut beim Beschenkten an. Fast jeder Mensch kann sich mit dieser Kunst aus Stahl identifizieren.<br \/>\nModerne deko f\u00fcr jeden Anlass: als Scherzartikel f\u00fcr Frauen Liebesbeweis f\u00fcr M\u00e4nner beste Kollegin Geschenk Geburtstag deko schreibtisch deko Ruhestand Geschenk. Die Schraubenm\u00e4nnle sind gute Geschenkideen speziell f\u00fcr Ihren Beruf Ihre Mitarbeiter Ihre Kunden. Ein besonderer Schmuck f\u00fcr den Wohn und Zimmer Bereich. F\u00fcr fast jede Person kann hier eine passende Figur gewunden werden die sich als individuelles Geschenk besondere Geschenkidee oder Geschenkartikel eignet.<br \/>\nHochwertige Qualit\u00e4t: Seit 25 Jahren werden Schraubenm\u00e4nnchen und Metallobjekte von uns in aufwendiger und liebevoller Handarbeit hergestellt. \u00dcber alle diese Jahre haben wir die gr\u00f6\u00dften Metalm\u00e4nnchen Marken und H\u00e4ndler in Deutschland und Europa beliefert, die unsere Qualit\u00e4t und Erfahrung gesch\u00e4tzt haben. Jetzt haben Sie die M\u00f6glichkeit unsere Skulpturen direkt bei uns nach einem vern\u00fcnftigen Preis einzukaufen.<\/p>\n","protected":false},"featured_media":178722,"comment_status":"open","ping_status":"closed","template":"","meta":[],"product_brand":[],"product_cat":[1983,10865],"product_tag":[],"class_list":{"0":"post-178721","1":"product","2":"type-product","3":"status-publish","4":"has-post-thumbnail","6":"product_cat-baumarkt","7":"product_cat-eisenwaren","8":"pa_binding-haushaltswaren","9":"pa_brand-metalman24","10":"pa_color-grau","11":"pa_height-9-448818888-zoll","12":"pa_length-5-118110231-zoll","13":"pa_manufacturer-metalman24","14":"pa_model-46971","15":"pa_size-24cm-x13cm-x10cm","16":"pa_weight-1-10231131-pfund","17":"pa_width-3-93700787-zoll","19":"first","20":"instock","21":"shipping-taxable","22":"purchasable","23":"product-type-simple","24":"customify-col","25":"product-has-gallery"},"yoast_head":"<!-- This site is optimized with the Yoast SEO plugin v27.3 - https:\/\/yoast.com\/product\/yoast-seo-wordpress\/ -->\n<title>Schraubenm\u00e4nnchen Elektriker handgefertigte ausgefallene Geschenkidee - Markt-XXL<\/title>\n<meta name=\"description\" content=\"Markt-XXL Schraubenm\u00e4nnchen Elektriker handgefertigte ausgefallene Geschenkidee\" \/>\n<meta name=\"robots\" content=\"index, follow, max-snippet:-1, max-image-preview:large, max-video-preview:-1\" \/>\n<link rel=\"canonical\" href=\"https:\/\/marktxxl.de\/markt\/produkt\/schraubenmaennchen-elektriker-handgefertigte-ausgefallene-geschenkidee\/\" \/>\n<meta property=\"og:locale\" content=\"de_DE\" \/>\n<meta property=\"og:type\" content=\"article\" \/>\n<meta property=\"og:title\" content=\"Schraubenm\u00e4nnchen Elektriker handgefertigte ausgefallene Geschenkidee - Markt-XXL\" \/>\n<meta property=\"og:description\" content=\"Markt-XXL Schraubenm\u00e4nnchen Elektriker handgefertigte ausgefallene Geschenkidee\" \/>\n<meta property=\"og:url\" content=\"https:\/\/marktxxl.de\/markt\/produkt\/schraubenmaennchen-elektriker-handgefertigte-ausgefallene-geschenkidee\/\" \/>\n<meta property=\"og:site_name\" content=\"Markt-XXL\" \/>\n<meta property=\"article:modified_time\" content=\"2023-04-11T03:08:14+00:00\" \/>\n<meta property=\"og:image\" content=\"https:\/\/m.media-amazon.com\/images\/I\/418ovTq-+9L._SL500_.jpg\" \/>\n\t<meta property=\"og:image:width\" content=\"500\" \/>\n\t<meta property=\"og:image:height\" content=\"500\" \/>\n\t<meta property=\"og:image:type\" content=\"image\/jpeg\" \/>\n<meta name=\"twitter:card\" content=\"summary_large_image\" \/>\n<meta name=\"twitter:label1\" content=\"Gesch\u00e4tzte Lesezeit\" \/>\n\t<meta name=\"twitter:data1\" content=\"1\u00a0Minute\" \/>\n<script type=\"application\/ld+json\" class=\"yoast-schema-graph\">{\"@context\":\"https:\\\/\\\/schema.org\",\"@graph\":[{\"@type\":\"WebPage\",\"@id\":\"https:\\\/\\\/marktxxl.de\\\/markt\\\/produkt\\\/schraubenmaennchen-elektriker-handgefertigte-ausgefallene-geschenkidee\\\/\",\"url\":\"https:\\\/\\\/marktxxl.de\\\/markt\\\/produkt\\\/schraubenmaennchen-elektriker-handgefertigte-ausgefallene-geschenkidee\\\/\",\"name\":\"Schraubenm\u00e4nnchen Elektriker handgefertigte ausgefallene Geschenkidee - Markt-XXL\",\"isPartOf\":{\"@id\":\"https:\\\/\\\/marktxxl.de\\\/markt\\\/#website\"},\"primaryImageOfPage\":{\"@id\":\"https:\\\/\\\/marktxxl.de\\\/markt\\\/produkt\\\/schraubenmaennchen-elektriker-handgefertigte-ausgefallene-geschenkidee\\\/#primaryimage\"},\"image\":{\"@id\":\"https:\\\/\\\/marktxxl.de\\\/markt\\\/produkt\\\/schraubenmaennchen-elektriker-handgefertigte-ausgefallene-geschenkidee\\\/#primaryimage\"},\"thumbnailUrl\":\"https:\\\/\\\/m.media-amazon.com\\\/images\\\/I\\\/418ovTq-+9L._SL500_.jpg\",\"datePublished\":\"2023-01-09T22:50:28+00:00\",\"dateModified\":\"2023-04-11T03:08:14+00:00\",\"description\":\"Markt-XXL Schraubenm\u00e4nnchen Elektriker handgefertigte ausgefallene Geschenkidee\",\"breadcrumb\":{\"@id\":\"https:\\\/\\\/marktxxl.de\\\/markt\\\/produkt\\\/schraubenmaennchen-elektriker-handgefertigte-ausgefallene-geschenkidee\\\/#breadcrumb\"},\"inLanguage\":\"de\",\"potentialAction\":[{\"@type\":\"ReadAction\",\"target\":[\"https:\\\/\\\/marktxxl.de\\\/markt\\\/produkt\\\/schraubenmaennchen-elektriker-handgefertigte-ausgefallene-geschenkidee\\\/\"]}]},{\"@type\":\"ImageObject\",\"inLanguage\":\"de\",\"@id\":\"https:\\\/\\\/marktxxl.de\\\/markt\\\/produkt\\\/schraubenmaennchen-elektriker-handgefertigte-ausgefallene-geschenkidee\\\/#primaryimage\",\"url\":\"https:\\\/\\\/m.media-amazon.com\\\/images\\\/I\\\/418ovTq-+9L._SL500_.jpg\",\"contentUrl\":\"https:\\\/\\\/m.media-amazon.com\\\/images\\\/I\\\/418ovTq-+9L._SL500_.jpg\",\"width\":500,\"height\":500},{\"@type\":\"BreadcrumbList\",\"@id\":\"https:\\\/\\\/marktxxl.de\\\/markt\\\/produkt\\\/schraubenmaennchen-elektriker-handgefertigte-ausgefallene-geschenkidee\\\/#breadcrumb\",\"itemListElement\":[{\"@type\":\"ListItem\",\"position\":1,\"name\":\"Startseite\",\"item\":\"https:\\\/\\\/marktxxl.de\\\/markt\\\/\"},{\"@type\":\"ListItem\",\"position\":2,\"name\":\"Markt\",\"item\":\"https:\\\/\\\/marktxxl.de\\\/markt\\\/\"},{\"@type\":\"ListItem\",\"position\":3,\"name\":\"Schraubenm\u00e4nnchen Elektriker handgefertigte ausgefallene Geschenkidee\"}]},{\"@type\":\"WebSite\",\"@id\":\"https:\\\/\\\/marktxxl.de\\\/markt\\\/#website\",\"url\":\"https:\\\/\\\/marktxxl.de\\\/markt\\\/\",\"name\":\"Markt-XXL\",\"description\":\"Ihr Markt Online\",\"publisher\":{\"@id\":\"https:\\\/\\\/marktxxl.de\\\/markt\\\/#organization\"},\"potentialAction\":[{\"@type\":\"SearchAction\",\"target\":{\"@type\":\"EntryPoint\",\"urlTemplate\":\"https:\\\/\\\/marktxxl.de\\\/markt\\\/?s={search_term_string}\"},\"query-input\":{\"@type\":\"PropertyValueSpecification\",\"valueRequired\":true,\"valueName\":\"search_term_string\"}}],\"inLanguage\":\"de\"},{\"@type\":\"Organization\",\"@id\":\"https:\\\/\\\/marktxxl.de\\\/markt\\\/#organization\",\"name\":\"Markt-XXL\",\"url\":\"https:\\\/\\\/marktxxl.de\\\/markt\\\/\",\"logo\":{\"@type\":\"ImageObject\",\"inLanguage\":\"de\",\"@id\":\"https:\\\/\\\/marktxxl.de\\\/markt\\\/#\\\/schema\\\/logo\\\/image\\\/\",\"url\":\"https:\\\/\\\/marktxxl.de\\\/markt\\\/wp-content\\\/uploads\\\/sites\\\/3\\\/2020\\\/12\\\/logo.png\",\"contentUrl\":\"https:\\\/\\\/marktxxl.de\\\/markt\\\/wp-content\\\/uploads\\\/sites\\\/3\\\/2020\\\/12\\\/logo.png\",\"width\":200,\"height\":70,\"caption\":\"Markt-XXL\"},\"image\":{\"@id\":\"https:\\\/\\\/marktxxl.de\\\/markt\\\/#\\\/schema\\\/logo\\\/image\\\/\"}}]}<\/script>\n<!-- \/ Yoast SEO plugin. -->","yoast_head_json":{"title":"Schraubenm\u00e4nnchen Elektriker handgefertigte ausgefallene Geschenkidee - Markt-XXL","description":"Markt-XXL Schraubenm\u00e4nnchen Elektriker handgefertigte ausgefallene Geschenkidee","robots":{"index":"index","follow":"follow","max-snippet":"max-snippet:-1","max-image-preview":"max-image-preview:large","max-video-preview":"max-video-preview:-1"},"canonical":"https:\/\/marktxxl.de\/markt\/produkt\/schraubenmaennchen-elektriker-handgefertigte-ausgefallene-geschenkidee\/","og_locale":"de_DE","og_type":"article","og_title":"Schraubenm\u00e4nnchen Elektriker handgefertigte ausgefallene Geschenkidee - Markt-XXL","og_description":"Markt-XXL Schraubenm\u00e4nnchen Elektriker handgefertigte ausgefallene Geschenkidee","og_url":"https:\/\/marktxxl.de\/markt\/produkt\/schraubenmaennchen-elektriker-handgefertigte-ausgefallene-geschenkidee\/","og_site_name":"Markt-XXL","article_modified_time":"2023-04-11T03:08:14+00:00","og_image":[{"width":500,"height":500,"url":"https:\/\/m.media-amazon.com\/images\/I\/418ovTq-+9L._SL500_.jpg","type":"image\/jpeg"}],"twitter_card":"summary_large_image","twitter_misc":{"Gesch\u00e4tzte Lesezeit":"1\u00a0Minute"},"schema":{"@context":"https:\/\/schema.org","@graph":[{"@type":"WebPage","@id":"https:\/\/marktxxl.de\/markt\/produkt\/schraubenmaennchen-elektriker-handgefertigte-ausgefallene-geschenkidee\/","url":"https:\/\/marktxxl.de\/markt\/produkt\/schraubenmaennchen-elektriker-handgefertigte-ausgefallene-geschenkidee\/","name":"Schraubenm\u00e4nnchen Elektriker handgefertigte ausgefallene Geschenkidee - Markt-XXL","isPartOf":{"@id":"https:\/\/marktxxl.de\/markt\/#website"},"primaryImageOfPage":{"@id":"https:\/\/marktxxl.de\/markt\/produkt\/schraubenmaennchen-elektriker-handgefertigte-ausgefallene-geschenkidee\/#primaryimage"},"image":{"@id":"https:\/\/marktxxl.de\/markt\/produkt\/schraubenmaennchen-elektriker-handgefertigte-ausgefallene-geschenkidee\/#primaryimage"},"thumbnailUrl":"https:\/\/m.media-amazon.com\/images\/I\/418ovTq-+9L._SL500_.jpg","datePublished":"2023-01-09T22:50:28+00:00","dateModified":"2023-04-11T03:08:14+00:00","description":"Markt-XXL Schraubenm\u00e4nnchen Elektriker handgefertigte ausgefallene Geschenkidee","breadcrumb":{"@id":"https:\/\/marktxxl.de\/markt\/produkt\/schraubenmaennchen-elektriker-handgefertigte-ausgefallene-geschenkidee\/#breadcrumb"},"inLanguage":"de","potentialAction":[{"@type":"ReadAction","target":["https:\/\/marktxxl.de\/markt\/produkt\/schraubenmaennchen-elektriker-handgefertigte-ausgefallene-geschenkidee\/"]}]},{"@type":"ImageObject","inLanguage":"de","@id":"https:\/\/marktxxl.de\/markt\/produkt\/schraubenmaennchen-elektriker-handgefertigte-ausgefallene-geschenkidee\/#primaryimage","url":"https:\/\/m.media-amazon.com\/images\/I\/418ovTq-+9L._SL500_.jpg","contentUrl":"https:\/\/m.media-amazon.com\/images\/I\/418ovTq-+9L._SL500_.jpg","width":500,"height":500},{"@type":"BreadcrumbList","@id":"https:\/\/marktxxl.de\/markt\/produkt\/schraubenmaennchen-elektriker-handgefertigte-ausgefallene-geschenkidee\/#breadcrumb","itemListElement":[{"@type":"ListItem","position":1,"name":"Startseite","item":"https:\/\/marktxxl.de\/markt\/"},{"@type":"ListItem","position":2,"name":"Markt","item":"https:\/\/marktxxl.de\/markt\/"},{"@type":"ListItem","position":3,"name":"Schraubenm\u00e4nnchen Elektriker handgefertigte ausgefallene Geschenkidee"}]},{"@type":"WebSite","@id":"https:\/\/marktxxl.de\/markt\/#website","url":"https:\/\/marktxxl.de\/markt\/","name":"Markt-XXL","description":"Ihr Markt Online","publisher":{"@id":"https:\/\/marktxxl.de\/markt\/#organization"},"potentialAction":[{"@type":"SearchAction","target":{"@type":"EntryPoint","urlTemplate":"https:\/\/marktxxl.de\/markt\/?s={search_term_string}"},"query-input":{"@type":"PropertyValueSpecification","valueRequired":true,"valueName":"search_term_string"}}],"inLanguage":"de"},{"@type":"Organization","@id":"https:\/\/marktxxl.de\/markt\/#organization","name":"Markt-XXL","url":"https:\/\/marktxxl.de\/markt\/","logo":{"@type":"ImageObject","inLanguage":"de","@id":"https:\/\/marktxxl.de\/markt\/#\/schema\/logo\/image\/","url":"https:\/\/marktxxl.de\/markt\/wp-content\/uploads\/sites\/3\/2020\/12\/logo.png","contentUrl":"https:\/\/marktxxl.de\/markt\/wp-content\/uploads\/sites\/3\/2020\/12\/logo.png","width":200,"height":70,"caption":"Markt-XXL"},"image":{"@id":"https:\/\/marktxxl.de\/markt\/#\/schema\/logo\/image\/"}}]}},"_links":{"self":[{"href":"https:\/\/marktxxl.de\/markt\/wp-json\/wp\/v2\/product\/178721","targetHints":{"allow":["GET"]}}],"collection":[{"href":"https:\/\/marktxxl.de\/markt\/wp-json\/wp\/v2\/product"}],"about":[{"href":"https:\/\/marktxxl.de\/markt\/wp-json\/wp\/v2\/types\/product"}],"replies":[{"embeddable":true,"href":"https:\/\/marktxxl.de\/markt\/wp-json\/wp\/v2\/comments?post=178721"}],"wp:featuredmedia":[{"embeddable":true,"href":"https:\/\/marktxxl.de\/markt\/wp-json\/wp\/v2\/media\/178722"}],"wp:attachment":[{"href":"https:\/\/marktxxl.de\/markt\/wp-json\/wp\/v2\/media?parent=178721"}],"wp:term":[{"taxonomy":"product_brand","embeddable":true,"href":"https:\/\/marktxxl.de\/markt\/wp-json\/wp\/v2\/product_brand?post=178721"},{"taxonomy":"product_cat","embeddable":true,"href":"https:\/\/marktxxl.de\/markt\/wp-json\/wp\/v2\/product_cat?post=178721"},{"taxonomy":"product_tag","embeddable":true,"href":"https:\/\/marktxxl.de\/markt\/wp-json\/wp\/v2\/product_tag?post=178721"}],"curies":[{"name":"wp","href":"https:\/\/api.w.org\/{rel}","templated":true}]}}