{"id":178672,"date":"2023-01-09T23:49:11","date_gmt":"2023-01-09T22:49:11","guid":{"rendered":"https:\/\/marktxxl.de\/markt\/produkt\/conopu-luftbefeuchter-schlafzimmer-6-5l-grosser-raumbefeuchter-mit-luftbefeuchter-und-zeitschaltuhr-ultraschall-luftbefeuchter-fuer-zu-hause-leicht-zu-reinigender-pflanzen-luftbefeuchter\/"},"modified":"2023-04-11T05:08:13","modified_gmt":"2023-04-11T03:08:13","slug":"conopu-luftbefeuchter-schlafzimmer-6-5l-grosser-raumbefeuchter-mit-luftbefeuchter-und-zeitschaltuhr-ultraschall-luftbefeuchter-fuer-zu-hause-leicht-zu-reinigender-pflanzen-luftbefeuchter","status":"publish","type":"product","link":"https:\/\/marktxxl.de\/markt\/produkt\/conopu-luftbefeuchter-schlafzimmer-6-5l-grosser-raumbefeuchter-mit-luftbefeuchter-und-zeitschaltuhr-ultraschall-luftbefeuchter-fuer-zu-hause-leicht-zu-reinigender-pflanzen-luftbefeuchter\/","title":{"rendered":"CONOPU Luftbefeuchter Schlafzimmer 6.5L, gro\u00dfer Raumbefeuchter mit Luftbefeuchter und Zeitschaltuhr, Ultraschall\u2026"},"content":{"rendered":"<p>(Anregung) Wenn die Maschine in Betrieb ist, wird empfohlen, sie nicht zu bewegen, um ein Auslaufen von Wasser zu vermeiden. Um die Qualit\u00e4t des Wasserstrahls zu gew\u00e4hrleisten, reinigen Sie den Luftbefeuchter regelm\u00e4\u00dfig<br \/>\n(Gro\u00dfe Kapazit\u00e4t &amp; Top-f\u00fcllung)6L Wassertank erlaubt bis 60 Stunden Dauerbetrieb bei niedriger Kalt-Nebelstufe, ohne Sie ihn auff\u00fcllen m\u00fcssen\uff0cDie luftbefeuchter obere \u00d6ffnung ist gro\u00df genug, um Wasser bequem zu bef\u00fcllen<br \/>\n(Feuchtigkeitseinstellung) 3 verschiedene Dunststufen sind verf\u00fcgbar, um sich an Ihre Bed\u00fcrfnisse und sich \u00e4ndernde Umgebung anzupassen; Auswahl der Luftfeuchtigkeit von 55 Prozent bis 90 Prozent, um die angenehmste und idealste Umgebung f\u00fcr Sie zu schaffen<br \/>\neinstellung) 3 verschiedene Dunststufen sind verf\u00fcgbar, um sich an Ihre Bed\u00fcrfnisse und sich \u00e4ndernde Umgebung anzupassen; Auswahl der Luftfeuchtigkeit von 55 Prozent bis 90 Prozent, um die angenehmste und idealste Umgebung f\u00fcr Sie zu schaffen<br \/>\n(Kann \u00e4therische \u00d6le hinzuf\u00fcgen) Befeuchtungs- und Aromatherapiefunktion, Sie k\u00f6nnen 4 bis 5 Tropfen \u00e4therische \u00d6le gleichzeitig in die Aroma Box geben. Der zarte Wassernebel tr\u00e4gt das Aroma in jede Ecke des Raumes. Bitte tropfen Sie kein \u00e4therisches \u00d6l direkt in den Wassertank<br \/>\n<div class=\"main-cross-sell\" data-asin=\"B0BMPGKJQ3\">\n\n\t<div class=\"WooZone-cross-sell-loader\">\n\t\t<div>\n\t\t\t<div id=\"floatingBarsG\">\n\t\t\t\t<div class=\"blockG\" id=\"rotateG_01\"><\/div>\n\t\t\t\t<div class=\"blockG\" id=\"rotateG_02\"><\/div>\n\t\t\t\t<div class=\"blockG\" id=\"rotateG_03\"><\/div>\n\t\t\t\t<div class=\"blockG\" id=\"rotateG_04\"><\/div>\n\t\t\t\t<div class=\"blockG\" id=\"rotateG_05\"><\/div>\n\t\t\t\t<div class=\"blockG\" id=\"rotateG_06\"><\/div>\n\t\t\t\t<div class=\"blockG\" id=\"rotateG_07\"><\/div>\n\t\t\t\t<div class=\"blockG\" id=\"rotateG_08\"><\/div>\n\t\t\t<\/div>\n\t\t\t<div class=\"WooZone-cross-sell-loader-text\"><\/div>\n\t\t<\/div>\n\t<\/div>\n\n\t\t\n<\/div>\n<div style=\"clear:both;\"><\/div><\/p>\n","protected":false},"excerpt":{"rendered":"<p>(Anregung) Wenn die Maschine in Betrieb ist, wird empfohlen, sie nicht zu bewegen, um ein Auslaufen von Wasser zu vermeiden. Um die Qualit\u00e4t des Wasserstrahls zu gew\u00e4hrleisten, reinigen Sie den Luftbefeuchter regelm\u00e4\u00dfig<br \/>\n(Gro\u00dfe Kapazit\u00e4t &amp; Top-f\u00fcllung)6L Wassertank erlaubt bis 60 Stunden Dauerbetrieb bei niedriger Kalt-Nebelstufe, ohne Sie ihn auff\u00fcllen m\u00fcssen\uff0cDie luftbefeuchter obere \u00d6ffnung ist gro\u00df genug, um Wasser bequem zu bef\u00fcllen<br \/>\n(Feuchtigkeitseinstellung) 3 verschiedene Dunststufen sind verf\u00fcgbar, um sich an Ihre Bed\u00fcrfnisse und sich \u00e4ndernde Umgebung anzupassen; Auswahl der Luftfeuchtigkeit von 55 Prozent bis 90 Prozent, um die angenehmste und idealste Umgebung f\u00fcr Sie zu schaffen<\/p>\n","protected":false},"featured_media":178673,"comment_status":"open","ping_status":"closed","template":"","meta":[],"product_brand":[],"product_cat":[10704,1983],"product_tag":[],"class_list":{"0":"post-178672","1":"product","2":"type-product","3":"status-publish","4":"has-post-thumbnail","6":"product_cat-baubedarf","7":"product_cat-baumarkt","8":"pa_binding-haushaltswaren","9":"pa_brand-conopu","10":"pa_color-schwarz","11":"pa_manufacturer-sancai","12":"pa_model-ozj20s06","14":"first","15":"instock","16":"shipping-taxable","17":"purchasable","18":"product-type-simple","19":"customify-col","20":"product-has-gallery"},"yoast_head":"<!-- This site is optimized with the Yoast SEO plugin v27.4 - https:\/\/yoast.com\/product\/yoast-seo-wordpress\/ -->\n<title>CONOPU Luftbefeuchter Schlafzimmer 6.5L, gro\u00dfer Raumbefeuchter mit Luftbefeuchter und Zeitschaltuhr, Ultraschall\u2026 - Markt-XXL<\/title>\n<meta name=\"description\" content=\"Markt-XXL CONOPU Luftbefeuchter Schlafzimmer 6.5L, gro\u00dfer Raumbefeuchter mit Luftbefeuchter und Zeitschaltuhr, Ultraschall\u2026\" \/>\n<meta name=\"robots\" content=\"index, follow, max-snippet:-1, max-image-preview:large, max-video-preview:-1\" \/>\n<link rel=\"canonical\" href=\"https:\/\/marktxxl.de\/markt\/produkt\/conopu-luftbefeuchter-schlafzimmer-6-5l-grosser-raumbefeuchter-mit-luftbefeuchter-und-zeitschaltuhr-ultraschall-luftbefeuchter-fuer-zu-hause-leicht-zu-reinigender-pflanzen-luftbefeuchter\/\" \/>\n<meta property=\"og:locale\" content=\"de_DE\" \/>\n<meta property=\"og:type\" content=\"article\" \/>\n<meta property=\"og:title\" content=\"CONOPU Luftbefeuchter Schlafzimmer 6.5L, gro\u00dfer Raumbefeuchter mit Luftbefeuchter und Zeitschaltuhr, Ultraschall\u2026 - Markt-XXL\" \/>\n<meta property=\"og:description\" content=\"Markt-XXL CONOPU Luftbefeuchter Schlafzimmer 6.5L, gro\u00dfer Raumbefeuchter mit Luftbefeuchter und Zeitschaltuhr, Ultraschall\u2026\" \/>\n<meta property=\"og:url\" content=\"https:\/\/marktxxl.de\/markt\/produkt\/conopu-luftbefeuchter-schlafzimmer-6-5l-grosser-raumbefeuchter-mit-luftbefeuchter-und-zeitschaltuhr-ultraschall-luftbefeuchter-fuer-zu-hause-leicht-zu-reinigender-pflanzen-luftbefeuchter\/\" \/>\n<meta property=\"og:site_name\" content=\"Markt-XXL\" \/>\n<meta property=\"article:modified_time\" content=\"2023-04-11T03:08:13+00:00\" \/>\n<meta property=\"og:image\" content=\"https:\/\/m.media-amazon.com\/images\/I\/41fI1uZdZAL._SL500_.jpg\" \/>\n\t<meta property=\"og:image:width\" content=\"500\" \/>\n\t<meta property=\"og:image:height\" content=\"500\" \/>\n\t<meta property=\"og:image:type\" content=\"image\/jpeg\" \/>\n<meta name=\"twitter:card\" content=\"summary_large_image\" \/>\n<meta name=\"twitter:label1\" content=\"Gesch\u00e4tzte Lesezeit\" \/>\n\t<meta name=\"twitter:data1\" content=\"1\u00a0Minute\" \/>\n<script type=\"application\/ld+json\" class=\"yoast-schema-graph\">{\"@context\":\"https:\\\/\\\/schema.org\",\"@graph\":[{\"@type\":\"WebPage\",\"@id\":\"https:\\\/\\\/marktxxl.de\\\/markt\\\/produkt\\\/conopu-luftbefeuchter-schlafzimmer-6-5l-grosser-raumbefeuchter-mit-luftbefeuchter-und-zeitschaltuhr-ultraschall-luftbefeuchter-fuer-zu-hause-leicht-zu-reinigender-pflanzen-luftbefeuchter\\\/\",\"url\":\"https:\\\/\\\/marktxxl.de\\\/markt\\\/produkt\\\/conopu-luftbefeuchter-schlafzimmer-6-5l-grosser-raumbefeuchter-mit-luftbefeuchter-und-zeitschaltuhr-ultraschall-luftbefeuchter-fuer-zu-hause-leicht-zu-reinigender-pflanzen-luftbefeuchter\\\/\",\"name\":\"CONOPU Luftbefeuchter Schlafzimmer 6.5L, gro\u00dfer Raumbefeuchter mit Luftbefeuchter und Zeitschaltuhr, Ultraschall\u2026 - Markt-XXL\",\"isPartOf\":{\"@id\":\"https:\\\/\\\/marktxxl.de\\\/markt\\\/#website\"},\"primaryImageOfPage\":{\"@id\":\"https:\\\/\\\/marktxxl.de\\\/markt\\\/produkt\\\/conopu-luftbefeuchter-schlafzimmer-6-5l-grosser-raumbefeuchter-mit-luftbefeuchter-und-zeitschaltuhr-ultraschall-luftbefeuchter-fuer-zu-hause-leicht-zu-reinigender-pflanzen-luftbefeuchter\\\/#primaryimage\"},\"image\":{\"@id\":\"https:\\\/\\\/marktxxl.de\\\/markt\\\/produkt\\\/conopu-luftbefeuchter-schlafzimmer-6-5l-grosser-raumbefeuchter-mit-luftbefeuchter-und-zeitschaltuhr-ultraschall-luftbefeuchter-fuer-zu-hause-leicht-zu-reinigender-pflanzen-luftbefeuchter\\\/#primaryimage\"},\"thumbnailUrl\":\"https:\\\/\\\/m.media-amazon.com\\\/images\\\/I\\\/41fI1uZdZAL._SL500_.jpg\",\"datePublished\":\"2023-01-09T22:49:11+00:00\",\"dateModified\":\"2023-04-11T03:08:13+00:00\",\"description\":\"Markt-XXL CONOPU Luftbefeuchter Schlafzimmer 6.5L, gro\u00dfer Raumbefeuchter mit Luftbefeuchter und Zeitschaltuhr, Ultraschall\u2026\",\"breadcrumb\":{\"@id\":\"https:\\\/\\\/marktxxl.de\\\/markt\\\/produkt\\\/conopu-luftbefeuchter-schlafzimmer-6-5l-grosser-raumbefeuchter-mit-luftbefeuchter-und-zeitschaltuhr-ultraschall-luftbefeuchter-fuer-zu-hause-leicht-zu-reinigender-pflanzen-luftbefeuchter\\\/#breadcrumb\"},\"inLanguage\":\"de\",\"potentialAction\":[{\"@type\":\"ReadAction\",\"target\":[\"https:\\\/\\\/marktxxl.de\\\/markt\\\/produkt\\\/conopu-luftbefeuchter-schlafzimmer-6-5l-grosser-raumbefeuchter-mit-luftbefeuchter-und-zeitschaltuhr-ultraschall-luftbefeuchter-fuer-zu-hause-leicht-zu-reinigender-pflanzen-luftbefeuchter\\\/\"]}]},{\"@type\":\"ImageObject\",\"inLanguage\":\"de\",\"@id\":\"https:\\\/\\\/marktxxl.de\\\/markt\\\/produkt\\\/conopu-luftbefeuchter-schlafzimmer-6-5l-grosser-raumbefeuchter-mit-luftbefeuchter-und-zeitschaltuhr-ultraschall-luftbefeuchter-fuer-zu-hause-leicht-zu-reinigender-pflanzen-luftbefeuchter\\\/#primaryimage\",\"url\":\"https:\\\/\\\/m.media-amazon.com\\\/images\\\/I\\\/41fI1uZdZAL._SL500_.jpg\",\"contentUrl\":\"https:\\\/\\\/m.media-amazon.com\\\/images\\\/I\\\/41fI1uZdZAL._SL500_.jpg\",\"width\":500,\"height\":500},{\"@type\":\"BreadcrumbList\",\"@id\":\"https:\\\/\\\/marktxxl.de\\\/markt\\\/produkt\\\/conopu-luftbefeuchter-schlafzimmer-6-5l-grosser-raumbefeuchter-mit-luftbefeuchter-und-zeitschaltuhr-ultraschall-luftbefeuchter-fuer-zu-hause-leicht-zu-reinigender-pflanzen-luftbefeuchter\\\/#breadcrumb\",\"itemListElement\":[{\"@type\":\"ListItem\",\"position\":1,\"name\":\"Startseite\",\"item\":\"https:\\\/\\\/marktxxl.de\\\/markt\\\/\"},{\"@type\":\"ListItem\",\"position\":2,\"name\":\"Markt\",\"item\":\"https:\\\/\\\/marktxxl.de\\\/markt\\\/\"},{\"@type\":\"ListItem\",\"position\":3,\"name\":\"CONOPU Luftbefeuchter Schlafzimmer 6.5L, gro\u00dfer Raumbefeuchter mit Luftbefeuchter und Zeitschaltuhr, Ultraschall\u2026\"}]},{\"@type\":\"WebSite\",\"@id\":\"https:\\\/\\\/marktxxl.de\\\/markt\\\/#website\",\"url\":\"https:\\\/\\\/marktxxl.de\\\/markt\\\/\",\"name\":\"Markt-XXL\",\"description\":\"Ihr Markt Online\",\"publisher\":{\"@id\":\"https:\\\/\\\/marktxxl.de\\\/markt\\\/#organization\"},\"potentialAction\":[{\"@type\":\"SearchAction\",\"target\":{\"@type\":\"EntryPoint\",\"urlTemplate\":\"https:\\\/\\\/marktxxl.de\\\/markt\\\/?s={search_term_string}\"},\"query-input\":{\"@type\":\"PropertyValueSpecification\",\"valueRequired\":true,\"valueName\":\"search_term_string\"}}],\"inLanguage\":\"de\"},{\"@type\":\"Organization\",\"@id\":\"https:\\\/\\\/marktxxl.de\\\/markt\\\/#organization\",\"name\":\"Markt-XXL\",\"url\":\"https:\\\/\\\/marktxxl.de\\\/markt\\\/\",\"logo\":{\"@type\":\"ImageObject\",\"inLanguage\":\"de\",\"@id\":\"https:\\\/\\\/marktxxl.de\\\/markt\\\/#\\\/schema\\\/logo\\\/image\\\/\",\"url\":\"https:\\\/\\\/marktxxl.de\\\/markt\\\/wp-content\\\/uploads\\\/sites\\\/3\\\/2020\\\/12\\\/logo.png\",\"contentUrl\":\"https:\\\/\\\/marktxxl.de\\\/markt\\\/wp-content\\\/uploads\\\/sites\\\/3\\\/2020\\\/12\\\/logo.png\",\"width\":200,\"height\":70,\"caption\":\"Markt-XXL\"},\"image\":{\"@id\":\"https:\\\/\\\/marktxxl.de\\\/markt\\\/#\\\/schema\\\/logo\\\/image\\\/\"}}]}<\/script>\n<!-- \/ Yoast SEO plugin. -->","yoast_head_json":{"title":"CONOPU Luftbefeuchter Schlafzimmer 6.5L, gro\u00dfer Raumbefeuchter mit Luftbefeuchter und Zeitschaltuhr, Ultraschall\u2026 - Markt-XXL","description":"Markt-XXL CONOPU Luftbefeuchter Schlafzimmer 6.5L, gro\u00dfer Raumbefeuchter mit Luftbefeuchter und Zeitschaltuhr, Ultraschall\u2026","robots":{"index":"index","follow":"follow","max-snippet":"max-snippet:-1","max-image-preview":"max-image-preview:large","max-video-preview":"max-video-preview:-1"},"canonical":"https:\/\/marktxxl.de\/markt\/produkt\/conopu-luftbefeuchter-schlafzimmer-6-5l-grosser-raumbefeuchter-mit-luftbefeuchter-und-zeitschaltuhr-ultraschall-luftbefeuchter-fuer-zu-hause-leicht-zu-reinigender-pflanzen-luftbefeuchter\/","og_locale":"de_DE","og_type":"article","og_title":"CONOPU Luftbefeuchter Schlafzimmer 6.5L, gro\u00dfer Raumbefeuchter mit Luftbefeuchter und Zeitschaltuhr, Ultraschall\u2026 - Markt-XXL","og_description":"Markt-XXL CONOPU Luftbefeuchter Schlafzimmer 6.5L, gro\u00dfer Raumbefeuchter mit Luftbefeuchter und Zeitschaltuhr, Ultraschall\u2026","og_url":"https:\/\/marktxxl.de\/markt\/produkt\/conopu-luftbefeuchter-schlafzimmer-6-5l-grosser-raumbefeuchter-mit-luftbefeuchter-und-zeitschaltuhr-ultraschall-luftbefeuchter-fuer-zu-hause-leicht-zu-reinigender-pflanzen-luftbefeuchter\/","og_site_name":"Markt-XXL","article_modified_time":"2023-04-11T03:08:13+00:00","og_image":[{"width":500,"height":500,"url":"https:\/\/m.media-amazon.com\/images\/I\/41fI1uZdZAL._SL500_.jpg","type":"image\/jpeg"}],"twitter_card":"summary_large_image","twitter_misc":{"Gesch\u00e4tzte Lesezeit":"1\u00a0Minute"},"schema":{"@context":"https:\/\/schema.org","@graph":[{"@type":"WebPage","@id":"https:\/\/marktxxl.de\/markt\/produkt\/conopu-luftbefeuchter-schlafzimmer-6-5l-grosser-raumbefeuchter-mit-luftbefeuchter-und-zeitschaltuhr-ultraschall-luftbefeuchter-fuer-zu-hause-leicht-zu-reinigender-pflanzen-luftbefeuchter\/","url":"https:\/\/marktxxl.de\/markt\/produkt\/conopu-luftbefeuchter-schlafzimmer-6-5l-grosser-raumbefeuchter-mit-luftbefeuchter-und-zeitschaltuhr-ultraschall-luftbefeuchter-fuer-zu-hause-leicht-zu-reinigender-pflanzen-luftbefeuchter\/","name":"CONOPU Luftbefeuchter Schlafzimmer 6.5L, gro\u00dfer Raumbefeuchter mit Luftbefeuchter und Zeitschaltuhr, Ultraschall\u2026 - Markt-XXL","isPartOf":{"@id":"https:\/\/marktxxl.de\/markt\/#website"},"primaryImageOfPage":{"@id":"https:\/\/marktxxl.de\/markt\/produkt\/conopu-luftbefeuchter-schlafzimmer-6-5l-grosser-raumbefeuchter-mit-luftbefeuchter-und-zeitschaltuhr-ultraschall-luftbefeuchter-fuer-zu-hause-leicht-zu-reinigender-pflanzen-luftbefeuchter\/#primaryimage"},"image":{"@id":"https:\/\/marktxxl.de\/markt\/produkt\/conopu-luftbefeuchter-schlafzimmer-6-5l-grosser-raumbefeuchter-mit-luftbefeuchter-und-zeitschaltuhr-ultraschall-luftbefeuchter-fuer-zu-hause-leicht-zu-reinigender-pflanzen-luftbefeuchter\/#primaryimage"},"thumbnailUrl":"https:\/\/m.media-amazon.com\/images\/I\/41fI1uZdZAL._SL500_.jpg","datePublished":"2023-01-09T22:49:11+00:00","dateModified":"2023-04-11T03:08:13+00:00","description":"Markt-XXL CONOPU Luftbefeuchter Schlafzimmer 6.5L, gro\u00dfer Raumbefeuchter mit Luftbefeuchter und Zeitschaltuhr, Ultraschall\u2026","breadcrumb":{"@id":"https:\/\/marktxxl.de\/markt\/produkt\/conopu-luftbefeuchter-schlafzimmer-6-5l-grosser-raumbefeuchter-mit-luftbefeuchter-und-zeitschaltuhr-ultraschall-luftbefeuchter-fuer-zu-hause-leicht-zu-reinigender-pflanzen-luftbefeuchter\/#breadcrumb"},"inLanguage":"de","potentialAction":[{"@type":"ReadAction","target":["https:\/\/marktxxl.de\/markt\/produkt\/conopu-luftbefeuchter-schlafzimmer-6-5l-grosser-raumbefeuchter-mit-luftbefeuchter-und-zeitschaltuhr-ultraschall-luftbefeuchter-fuer-zu-hause-leicht-zu-reinigender-pflanzen-luftbefeuchter\/"]}]},{"@type":"ImageObject","inLanguage":"de","@id":"https:\/\/marktxxl.de\/markt\/produkt\/conopu-luftbefeuchter-schlafzimmer-6-5l-grosser-raumbefeuchter-mit-luftbefeuchter-und-zeitschaltuhr-ultraschall-luftbefeuchter-fuer-zu-hause-leicht-zu-reinigender-pflanzen-luftbefeuchter\/#primaryimage","url":"https:\/\/m.media-amazon.com\/images\/I\/41fI1uZdZAL._SL500_.jpg","contentUrl":"https:\/\/m.media-amazon.com\/images\/I\/41fI1uZdZAL._SL500_.jpg","width":500,"height":500},{"@type":"BreadcrumbList","@id":"https:\/\/marktxxl.de\/markt\/produkt\/conopu-luftbefeuchter-schlafzimmer-6-5l-grosser-raumbefeuchter-mit-luftbefeuchter-und-zeitschaltuhr-ultraschall-luftbefeuchter-fuer-zu-hause-leicht-zu-reinigender-pflanzen-luftbefeuchter\/#breadcrumb","itemListElement":[{"@type":"ListItem","position":1,"name":"Startseite","item":"https:\/\/marktxxl.de\/markt\/"},{"@type":"ListItem","position":2,"name":"Markt","item":"https:\/\/marktxxl.de\/markt\/"},{"@type":"ListItem","position":3,"name":"CONOPU Luftbefeuchter Schlafzimmer 6.5L, gro\u00dfer Raumbefeuchter mit Luftbefeuchter und Zeitschaltuhr, Ultraschall\u2026"}]},{"@type":"WebSite","@id":"https:\/\/marktxxl.de\/markt\/#website","url":"https:\/\/marktxxl.de\/markt\/","name":"Markt-XXL","description":"Ihr Markt Online","publisher":{"@id":"https:\/\/marktxxl.de\/markt\/#organization"},"potentialAction":[{"@type":"SearchAction","target":{"@type":"EntryPoint","urlTemplate":"https:\/\/marktxxl.de\/markt\/?s={search_term_string}"},"query-input":{"@type":"PropertyValueSpecification","valueRequired":true,"valueName":"search_term_string"}}],"inLanguage":"de"},{"@type":"Organization","@id":"https:\/\/marktxxl.de\/markt\/#organization","name":"Markt-XXL","url":"https:\/\/marktxxl.de\/markt\/","logo":{"@type":"ImageObject","inLanguage":"de","@id":"https:\/\/marktxxl.de\/markt\/#\/schema\/logo\/image\/","url":"https:\/\/marktxxl.de\/markt\/wp-content\/uploads\/sites\/3\/2020\/12\/logo.png","contentUrl":"https:\/\/marktxxl.de\/markt\/wp-content\/uploads\/sites\/3\/2020\/12\/logo.png","width":200,"height":70,"caption":"Markt-XXL"},"image":{"@id":"https:\/\/marktxxl.de\/markt\/#\/schema\/logo\/image\/"}}]}},"_links":{"self":[{"href":"https:\/\/marktxxl.de\/markt\/wp-json\/wp\/v2\/product\/178672","targetHints":{"allow":["GET"]}}],"collection":[{"href":"https:\/\/marktxxl.de\/markt\/wp-json\/wp\/v2\/product"}],"about":[{"href":"https:\/\/marktxxl.de\/markt\/wp-json\/wp\/v2\/types\/product"}],"replies":[{"embeddable":true,"href":"https:\/\/marktxxl.de\/markt\/wp-json\/wp\/v2\/comments?post=178672"}],"wp:featuredmedia":[{"embeddable":true,"href":"https:\/\/marktxxl.de\/markt\/wp-json\/wp\/v2\/media\/178673"}],"wp:attachment":[{"href":"https:\/\/marktxxl.de\/markt\/wp-json\/wp\/v2\/media?parent=178672"}],"wp:term":[{"taxonomy":"product_brand","embeddable":true,"href":"https:\/\/marktxxl.de\/markt\/wp-json\/wp\/v2\/product_brand?post=178672"},{"taxonomy":"product_cat","embeddable":true,"href":"https:\/\/marktxxl.de\/markt\/wp-json\/wp\/v2\/product_cat?post=178672"},{"taxonomy":"product_tag","embeddable":true,"href":"https:\/\/marktxxl.de\/markt\/wp-json\/wp\/v2\/product_tag?post=178672"}],"curies":[{"name":"wp","href":"https:\/\/api.w.org\/{rel}","templated":true}]}}