{"id":178472,"date":"2023-01-09T22:46:31","date_gmt":"2023-01-09T21:46:31","guid":{"rendered":"https:\/\/marktxxl.de\/markt\/produkt\/matchstick-monkey-antimikrobieller-silikon-beissring-gel-applikator-leicht-zu-greifen-bpa-frei-3-monate-alt-11-cm-echo-elephant\/"},"modified":"2023-04-11T05:08:10","modified_gmt":"2023-04-11T03:08:10","slug":"matchstick-monkey-antimikrobieller-silikon-beissring-gel-applikator-leicht-zu-greifen-bpa-frei-3-monate-alt-11-cm-echo-elephant","status":"publish","type":"product","link":"https:\/\/marktxxl.de\/markt\/produkt\/matchstick-monkey-antimikrobieller-silikon-beissring-gel-applikator-leicht-zu-greifen-bpa-frei-3-monate-alt-11-cm-echo-elephant\/","title":{"rendered":"Matchstick Monkey Antimikrobieller Bei\u00dfring \/ Zahnungshilfe \/ Gel-Applikator f\u00fcr wundes Zahnfleisch \/ BPA-frei \/ leicht\u2026"},"content":{"rendered":"<p>Lustiger, flexibler Silikon-Bei\u00dfring: Unser innovatives, leichtes Silikon-Elefanten-Spielzeug f\u00fcr Babys ist hell und auff\u00e4llig. Das perfekte Zahnspielzeug f\u00fcr Babys zum Spielen und Beruhigen. Hilft Ihnen und Ihrem Baby die Herausforderungen des gemeinsamen Zahnens zu bew\u00e4ltigen.<br \/>\nEntwickelt f\u00fcr kleine H\u00e4nde: Die leicht zu greifenden &#8220;Arme&#8221; und ein ergonomisches Design helfen dabei, die Feinmotorik zu entwickeln und erm\u00f6glichen es den Kleinen, sich von einem fr\u00fchen Alter an selbst zu beruhigen.<br \/>\nMultisensorische Stimulation und Entwicklung: Weiche Beulen auf der R\u00fcckseite des Kopfes helfen, wunde Zahnfleisch zu stimulieren und zu massieren. Dies wird den Zahnungsschmerz Ihres Babys beruhigen und lindern. Verwenden Sie die Noppen, um Zahnungsprodukte vorsichtig anzuwenden, w\u00e4hrend das Baby den Bei\u00dfring direkt zur Quelle seiner Schmerzen navigieren kann und lernt, wie man sich selbst beruhigen kann.<br \/>\nDie erste Zahnb\u00fcrste f\u00fcr Babys kann als Vortrainingsb\u00fcrste verwendet werden, um fr\u00fches Z\u00e4hneputzen zu f\u00f6rdern. Das clevere Design erm\u00f6glicht es Ihrem Baby, das gesamte Zahnfleisch zu massieren, einschlie\u00dflich seiner schwer zug\u00e4nglichen Backenz\u00e4hne auf der R\u00fcckseite des Mundes. Dies ist ein wichtiger Schritt in der fr\u00fchen Entwicklung Ihres Babys.<br \/>\nSicher und zuverl\u00e4ssig: Geeignet ab 3 Monaten, unsere Bei\u00dfspielzeuge sind aus FDA-zugelassenem lebensmittelechtem Silikon und BPA-frei. Leicht zu reinigen, einfach in die Sp\u00fclmaschine oder in jeden Kaltwasser\/Dampfsterilisator geben. F\u00fcr zus\u00e4tzliche Schmerzlinderung sind unsere Bei\u00dfringe f\u00fcr den K\u00fchlschrank geeignet. Die ultimative Zahnungshilfe f\u00fcr Sie und Ihr Baby.<br \/>\n<div class=\"main-cross-sell\" data-asin=\"B07YXD8746\">\n\n\t<div class=\"WooZone-cross-sell-loader\">\n\t\t<div>\n\t\t\t<div id=\"floatingBarsG\">\n\t\t\t\t<div class=\"blockG\" id=\"rotateG_01\"><\/div>\n\t\t\t\t<div class=\"blockG\" id=\"rotateG_02\"><\/div>\n\t\t\t\t<div class=\"blockG\" id=\"rotateG_03\"><\/div>\n\t\t\t\t<div class=\"blockG\" id=\"rotateG_04\"><\/div>\n\t\t\t\t<div class=\"blockG\" id=\"rotateG_05\"><\/div>\n\t\t\t\t<div class=\"blockG\" id=\"rotateG_06\"><\/div>\n\t\t\t\t<div class=\"blockG\" id=\"rotateG_07\"><\/div>\n\t\t\t\t<div class=\"blockG\" id=\"rotateG_08\"><\/div>\n\t\t\t<\/div>\n\t\t\t<div class=\"WooZone-cross-sell-loader-text\"><\/div>\n\t\t<\/div>\n\t<\/div>\n\n\t\t\n<\/div>\n<div style=\"clear:both;\"><\/div><\/p>\n","protected":false},"excerpt":{"rendered":"<p>Lustiger, flexibler Silikon-Bei\u00dfring: Unser innovatives, leichtes Silikon-Elefanten-Spielzeug f\u00fcr Babys ist hell und auff\u00e4llig. Das perfekte Zahnspielzeug f\u00fcr Babys zum Spielen und Beruhigen. Hilft Ihnen und Ihrem Baby die Herausforderungen des gemeinsamen Zahnens zu bew\u00e4ltigen.<br \/>\nEntwickelt f\u00fcr kleine H\u00e4nde: Die leicht zu greifenden &#8220;Arme&#8221; und ein ergonomisches Design helfen dabei, die Feinmotorik zu entwickeln und erm\u00f6glichen es den Kleinen, sich von einem fr\u00fchen Alter an selbst zu beruhigen.<br \/>\nMultisensorische Stimulation und Entwicklung: Weiche Beulen auf der R\u00fcckseite des Kopfes helfen, wunde Zahnfleisch zu stimulieren und zu massieren. Dies wird den Zahnungsschmerz Ihres Babys beruhigen und lindern. Verwenden Sie die Noppen, um Zahnungsprodukte vorsichtig anzuwenden, w\u00e4hrend das Baby den Bei\u00dfring direkt zur Quelle seiner Schmerzen navigieren kann und lernt, wie man sich selbst beruhigen kann.<\/p>\n","protected":false},"featured_media":178473,"comment_status":"open","ping_status":"closed","template":"","meta":[],"product_brand":[],"product_cat":[21,9362],"product_tag":[],"class_list":{"0":"post-178472","1":"product","2":"type-product","3":"status-publish","4":"has-post-thumbnail","6":"product_cat-baby","7":"product_cat-schnuller-beissringe-baby","8":"pa_binding-babyartikel","9":"pa_brand-matchstick-monkey","10":"pa_color-echo-elephant","11":"pa_height-3-149606296-zoll","12":"pa_length-4-1338582635-zoll","13":"pa_manufacturer-matchstick-monkey-limited","14":"pa_model-mm-e-001","15":"pa_size-3-months-oldplus","16":"pa_weight-0-0881849048-pfund","17":"pa_width-1-181102361-zoll","19":"first","20":"instock","21":"shipping-taxable","22":"purchasable","23":"product-type-simple","24":"customify-col","25":"product-has-gallery"},"yoast_head":"<!-- This site is optimized with the Yoast SEO plugin v27.3 - https:\/\/yoast.com\/product\/yoast-seo-wordpress\/ -->\n<title>Matchstick Monkey Antimikrobieller Bei\u00dfring \/ Zahnungshilfe \/ Gel-Applikator f\u00fcr wundes Zahnfleisch \/ BPA-frei \/ leicht\u2026 - Markt-XXL<\/title>\n<meta name=\"description\" content=\"Markt-XXL Matchstick Monkey Antimikrobieller Bei\u00dfring \/ Zahnungshilfe \/ Gel-Applikator f\u00fcr wundes Zahnfleisch \/ BPA-frei \/ leicht\u2026\" \/>\n<meta name=\"robots\" content=\"index, follow, max-snippet:-1, max-image-preview:large, max-video-preview:-1\" \/>\n<link rel=\"canonical\" href=\"https:\/\/marktxxl.de\/markt\/produkt\/matchstick-monkey-antimikrobieller-silikon-beissring-gel-applikator-leicht-zu-greifen-bpa-frei-3-monate-alt-11-cm-echo-elephant\/\" \/>\n<meta property=\"og:locale\" content=\"de_DE\" \/>\n<meta property=\"og:type\" content=\"article\" \/>\n<meta property=\"og:title\" content=\"Matchstick Monkey Antimikrobieller Bei\u00dfring \/ Zahnungshilfe \/ Gel-Applikator f\u00fcr wundes Zahnfleisch \/ BPA-frei \/ leicht\u2026 - Markt-XXL\" \/>\n<meta property=\"og:description\" content=\"Markt-XXL Matchstick Monkey Antimikrobieller Bei\u00dfring \/ Zahnungshilfe \/ Gel-Applikator f\u00fcr wundes Zahnfleisch \/ BPA-frei \/ leicht\u2026\" \/>\n<meta property=\"og:url\" content=\"https:\/\/marktxxl.de\/markt\/produkt\/matchstick-monkey-antimikrobieller-silikon-beissring-gel-applikator-leicht-zu-greifen-bpa-frei-3-monate-alt-11-cm-echo-elephant\/\" \/>\n<meta property=\"og:site_name\" content=\"Markt-XXL\" \/>\n<meta property=\"article:modified_time\" content=\"2023-04-11T03:08:10+00:00\" \/>\n<meta property=\"og:image\" content=\"https:\/\/m.media-amazon.com\/images\/I\/31mLvFQF4OL._SL500_.jpg\" \/>\n\t<meta property=\"og:image:width\" content=\"375\" \/>\n\t<meta property=\"og:image:height\" content=\"500\" \/>\n\t<meta property=\"og:image:type\" content=\"image\/jpeg\" \/>\n<meta name=\"twitter:card\" content=\"summary_large_image\" \/>\n<meta name=\"twitter:label1\" content=\"Gesch\u00e4tzte Lesezeit\" \/>\n\t<meta name=\"twitter:data1\" content=\"1\u00a0Minute\" \/>\n<script type=\"application\/ld+json\" class=\"yoast-schema-graph\">{\"@context\":\"https:\\\/\\\/schema.org\",\"@graph\":[{\"@type\":\"WebPage\",\"@id\":\"https:\\\/\\\/marktxxl.de\\\/markt\\\/produkt\\\/matchstick-monkey-antimikrobieller-silikon-beissring-gel-applikator-leicht-zu-greifen-bpa-frei-3-monate-alt-11-cm-echo-elephant\\\/\",\"url\":\"https:\\\/\\\/marktxxl.de\\\/markt\\\/produkt\\\/matchstick-monkey-antimikrobieller-silikon-beissring-gel-applikator-leicht-zu-greifen-bpa-frei-3-monate-alt-11-cm-echo-elephant\\\/\",\"name\":\"Matchstick Monkey Antimikrobieller Bei\u00dfring \\\/ Zahnungshilfe \\\/ Gel-Applikator f\u00fcr wundes Zahnfleisch \\\/ BPA-frei \\\/ leicht\u2026 - Markt-XXL\",\"isPartOf\":{\"@id\":\"https:\\\/\\\/marktxxl.de\\\/markt\\\/#website\"},\"primaryImageOfPage\":{\"@id\":\"https:\\\/\\\/marktxxl.de\\\/markt\\\/produkt\\\/matchstick-monkey-antimikrobieller-silikon-beissring-gel-applikator-leicht-zu-greifen-bpa-frei-3-monate-alt-11-cm-echo-elephant\\\/#primaryimage\"},\"image\":{\"@id\":\"https:\\\/\\\/marktxxl.de\\\/markt\\\/produkt\\\/matchstick-monkey-antimikrobieller-silikon-beissring-gel-applikator-leicht-zu-greifen-bpa-frei-3-monate-alt-11-cm-echo-elephant\\\/#primaryimage\"},\"thumbnailUrl\":\"https:\\\/\\\/m.media-amazon.com\\\/images\\\/I\\\/31mLvFQF4OL._SL500_.jpg\",\"datePublished\":\"2023-01-09T21:46:31+00:00\",\"dateModified\":\"2023-04-11T03:08:10+00:00\",\"description\":\"Markt-XXL Matchstick Monkey Antimikrobieller Bei\u00dfring \\\/ Zahnungshilfe \\\/ Gel-Applikator f\u00fcr wundes Zahnfleisch \\\/ BPA-frei \\\/ leicht\u2026\",\"breadcrumb\":{\"@id\":\"https:\\\/\\\/marktxxl.de\\\/markt\\\/produkt\\\/matchstick-monkey-antimikrobieller-silikon-beissring-gel-applikator-leicht-zu-greifen-bpa-frei-3-monate-alt-11-cm-echo-elephant\\\/#breadcrumb\"},\"inLanguage\":\"de\",\"potentialAction\":[{\"@type\":\"ReadAction\",\"target\":[\"https:\\\/\\\/marktxxl.de\\\/markt\\\/produkt\\\/matchstick-monkey-antimikrobieller-silikon-beissring-gel-applikator-leicht-zu-greifen-bpa-frei-3-monate-alt-11-cm-echo-elephant\\\/\"]}]},{\"@type\":\"ImageObject\",\"inLanguage\":\"de\",\"@id\":\"https:\\\/\\\/marktxxl.de\\\/markt\\\/produkt\\\/matchstick-monkey-antimikrobieller-silikon-beissring-gel-applikator-leicht-zu-greifen-bpa-frei-3-monate-alt-11-cm-echo-elephant\\\/#primaryimage\",\"url\":\"https:\\\/\\\/m.media-amazon.com\\\/images\\\/I\\\/31mLvFQF4OL._SL500_.jpg\",\"contentUrl\":\"https:\\\/\\\/m.media-amazon.com\\\/images\\\/I\\\/31mLvFQF4OL._SL500_.jpg\",\"width\":375,\"height\":500},{\"@type\":\"BreadcrumbList\",\"@id\":\"https:\\\/\\\/marktxxl.de\\\/markt\\\/produkt\\\/matchstick-monkey-antimikrobieller-silikon-beissring-gel-applikator-leicht-zu-greifen-bpa-frei-3-monate-alt-11-cm-echo-elephant\\\/#breadcrumb\",\"itemListElement\":[{\"@type\":\"ListItem\",\"position\":1,\"name\":\"Startseite\",\"item\":\"https:\\\/\\\/marktxxl.de\\\/markt\\\/\"},{\"@type\":\"ListItem\",\"position\":2,\"name\":\"Markt\",\"item\":\"https:\\\/\\\/marktxxl.de\\\/markt\\\/\"},{\"@type\":\"ListItem\",\"position\":3,\"name\":\"Matchstick Monkey Antimikrobieller Bei\u00dfring \\\/ Zahnungshilfe \\\/ Gel-Applikator f\u00fcr wundes Zahnfleisch \\\/ BPA-frei \\\/ leicht\u2026\"}]},{\"@type\":\"WebSite\",\"@id\":\"https:\\\/\\\/marktxxl.de\\\/markt\\\/#website\",\"url\":\"https:\\\/\\\/marktxxl.de\\\/markt\\\/\",\"name\":\"Markt-XXL\",\"description\":\"Ihr Markt Online\",\"publisher\":{\"@id\":\"https:\\\/\\\/marktxxl.de\\\/markt\\\/#organization\"},\"potentialAction\":[{\"@type\":\"SearchAction\",\"target\":{\"@type\":\"EntryPoint\",\"urlTemplate\":\"https:\\\/\\\/marktxxl.de\\\/markt\\\/?s={search_term_string}\"},\"query-input\":{\"@type\":\"PropertyValueSpecification\",\"valueRequired\":true,\"valueName\":\"search_term_string\"}}],\"inLanguage\":\"de\"},{\"@type\":\"Organization\",\"@id\":\"https:\\\/\\\/marktxxl.de\\\/markt\\\/#organization\",\"name\":\"Markt-XXL\",\"url\":\"https:\\\/\\\/marktxxl.de\\\/markt\\\/\",\"logo\":{\"@type\":\"ImageObject\",\"inLanguage\":\"de\",\"@id\":\"https:\\\/\\\/marktxxl.de\\\/markt\\\/#\\\/schema\\\/logo\\\/image\\\/\",\"url\":\"https:\\\/\\\/marktxxl.de\\\/markt\\\/wp-content\\\/uploads\\\/sites\\\/3\\\/2020\\\/12\\\/logo.png\",\"contentUrl\":\"https:\\\/\\\/marktxxl.de\\\/markt\\\/wp-content\\\/uploads\\\/sites\\\/3\\\/2020\\\/12\\\/logo.png\",\"width\":200,\"height\":70,\"caption\":\"Markt-XXL\"},\"image\":{\"@id\":\"https:\\\/\\\/marktxxl.de\\\/markt\\\/#\\\/schema\\\/logo\\\/image\\\/\"}}]}<\/script>\n<!-- \/ Yoast SEO plugin. -->","yoast_head_json":{"title":"Matchstick Monkey Antimikrobieller Bei\u00dfring \/ Zahnungshilfe \/ Gel-Applikator f\u00fcr wundes Zahnfleisch \/ BPA-frei \/ leicht\u2026 - Markt-XXL","description":"Markt-XXL Matchstick Monkey Antimikrobieller Bei\u00dfring \/ Zahnungshilfe \/ Gel-Applikator f\u00fcr wundes Zahnfleisch \/ BPA-frei \/ leicht\u2026","robots":{"index":"index","follow":"follow","max-snippet":"max-snippet:-1","max-image-preview":"max-image-preview:large","max-video-preview":"max-video-preview:-1"},"canonical":"https:\/\/marktxxl.de\/markt\/produkt\/matchstick-monkey-antimikrobieller-silikon-beissring-gel-applikator-leicht-zu-greifen-bpa-frei-3-monate-alt-11-cm-echo-elephant\/","og_locale":"de_DE","og_type":"article","og_title":"Matchstick Monkey Antimikrobieller Bei\u00dfring \/ Zahnungshilfe \/ Gel-Applikator f\u00fcr wundes Zahnfleisch \/ BPA-frei \/ leicht\u2026 - Markt-XXL","og_description":"Markt-XXL Matchstick Monkey Antimikrobieller Bei\u00dfring \/ Zahnungshilfe \/ Gel-Applikator f\u00fcr wundes Zahnfleisch \/ BPA-frei \/ leicht\u2026","og_url":"https:\/\/marktxxl.de\/markt\/produkt\/matchstick-monkey-antimikrobieller-silikon-beissring-gel-applikator-leicht-zu-greifen-bpa-frei-3-monate-alt-11-cm-echo-elephant\/","og_site_name":"Markt-XXL","article_modified_time":"2023-04-11T03:08:10+00:00","og_image":[{"width":375,"height":500,"url":"https:\/\/m.media-amazon.com\/images\/I\/31mLvFQF4OL._SL500_.jpg","type":"image\/jpeg"}],"twitter_card":"summary_large_image","twitter_misc":{"Gesch\u00e4tzte Lesezeit":"1\u00a0Minute"},"schema":{"@context":"https:\/\/schema.org","@graph":[{"@type":"WebPage","@id":"https:\/\/marktxxl.de\/markt\/produkt\/matchstick-monkey-antimikrobieller-silikon-beissring-gel-applikator-leicht-zu-greifen-bpa-frei-3-monate-alt-11-cm-echo-elephant\/","url":"https:\/\/marktxxl.de\/markt\/produkt\/matchstick-monkey-antimikrobieller-silikon-beissring-gel-applikator-leicht-zu-greifen-bpa-frei-3-monate-alt-11-cm-echo-elephant\/","name":"Matchstick Monkey Antimikrobieller Bei\u00dfring \/ Zahnungshilfe \/ Gel-Applikator f\u00fcr wundes Zahnfleisch \/ BPA-frei \/ leicht\u2026 - Markt-XXL","isPartOf":{"@id":"https:\/\/marktxxl.de\/markt\/#website"},"primaryImageOfPage":{"@id":"https:\/\/marktxxl.de\/markt\/produkt\/matchstick-monkey-antimikrobieller-silikon-beissring-gel-applikator-leicht-zu-greifen-bpa-frei-3-monate-alt-11-cm-echo-elephant\/#primaryimage"},"image":{"@id":"https:\/\/marktxxl.de\/markt\/produkt\/matchstick-monkey-antimikrobieller-silikon-beissring-gel-applikator-leicht-zu-greifen-bpa-frei-3-monate-alt-11-cm-echo-elephant\/#primaryimage"},"thumbnailUrl":"https:\/\/m.media-amazon.com\/images\/I\/31mLvFQF4OL._SL500_.jpg","datePublished":"2023-01-09T21:46:31+00:00","dateModified":"2023-04-11T03:08:10+00:00","description":"Markt-XXL Matchstick Monkey Antimikrobieller Bei\u00dfring \/ Zahnungshilfe \/ Gel-Applikator f\u00fcr wundes Zahnfleisch \/ BPA-frei \/ leicht\u2026","breadcrumb":{"@id":"https:\/\/marktxxl.de\/markt\/produkt\/matchstick-monkey-antimikrobieller-silikon-beissring-gel-applikator-leicht-zu-greifen-bpa-frei-3-monate-alt-11-cm-echo-elephant\/#breadcrumb"},"inLanguage":"de","potentialAction":[{"@type":"ReadAction","target":["https:\/\/marktxxl.de\/markt\/produkt\/matchstick-monkey-antimikrobieller-silikon-beissring-gel-applikator-leicht-zu-greifen-bpa-frei-3-monate-alt-11-cm-echo-elephant\/"]}]},{"@type":"ImageObject","inLanguage":"de","@id":"https:\/\/marktxxl.de\/markt\/produkt\/matchstick-monkey-antimikrobieller-silikon-beissring-gel-applikator-leicht-zu-greifen-bpa-frei-3-monate-alt-11-cm-echo-elephant\/#primaryimage","url":"https:\/\/m.media-amazon.com\/images\/I\/31mLvFQF4OL._SL500_.jpg","contentUrl":"https:\/\/m.media-amazon.com\/images\/I\/31mLvFQF4OL._SL500_.jpg","width":375,"height":500},{"@type":"BreadcrumbList","@id":"https:\/\/marktxxl.de\/markt\/produkt\/matchstick-monkey-antimikrobieller-silikon-beissring-gel-applikator-leicht-zu-greifen-bpa-frei-3-monate-alt-11-cm-echo-elephant\/#breadcrumb","itemListElement":[{"@type":"ListItem","position":1,"name":"Startseite","item":"https:\/\/marktxxl.de\/markt\/"},{"@type":"ListItem","position":2,"name":"Markt","item":"https:\/\/marktxxl.de\/markt\/"},{"@type":"ListItem","position":3,"name":"Matchstick Monkey Antimikrobieller Bei\u00dfring \/ Zahnungshilfe \/ Gel-Applikator f\u00fcr wundes Zahnfleisch \/ BPA-frei \/ leicht\u2026"}]},{"@type":"WebSite","@id":"https:\/\/marktxxl.de\/markt\/#website","url":"https:\/\/marktxxl.de\/markt\/","name":"Markt-XXL","description":"Ihr Markt Online","publisher":{"@id":"https:\/\/marktxxl.de\/markt\/#organization"},"potentialAction":[{"@type":"SearchAction","target":{"@type":"EntryPoint","urlTemplate":"https:\/\/marktxxl.de\/markt\/?s={search_term_string}"},"query-input":{"@type":"PropertyValueSpecification","valueRequired":true,"valueName":"search_term_string"}}],"inLanguage":"de"},{"@type":"Organization","@id":"https:\/\/marktxxl.de\/markt\/#organization","name":"Markt-XXL","url":"https:\/\/marktxxl.de\/markt\/","logo":{"@type":"ImageObject","inLanguage":"de","@id":"https:\/\/marktxxl.de\/markt\/#\/schema\/logo\/image\/","url":"https:\/\/marktxxl.de\/markt\/wp-content\/uploads\/sites\/3\/2020\/12\/logo.png","contentUrl":"https:\/\/marktxxl.de\/markt\/wp-content\/uploads\/sites\/3\/2020\/12\/logo.png","width":200,"height":70,"caption":"Markt-XXL"},"image":{"@id":"https:\/\/marktxxl.de\/markt\/#\/schema\/logo\/image\/"}}]}},"_links":{"self":[{"href":"https:\/\/marktxxl.de\/markt\/wp-json\/wp\/v2\/product\/178472","targetHints":{"allow":["GET"]}}],"collection":[{"href":"https:\/\/marktxxl.de\/markt\/wp-json\/wp\/v2\/product"}],"about":[{"href":"https:\/\/marktxxl.de\/markt\/wp-json\/wp\/v2\/types\/product"}],"replies":[{"embeddable":true,"href":"https:\/\/marktxxl.de\/markt\/wp-json\/wp\/v2\/comments?post=178472"}],"wp:featuredmedia":[{"embeddable":true,"href":"https:\/\/marktxxl.de\/markt\/wp-json\/wp\/v2\/media\/178473"}],"wp:attachment":[{"href":"https:\/\/marktxxl.de\/markt\/wp-json\/wp\/v2\/media?parent=178472"}],"wp:term":[{"taxonomy":"product_brand","embeddable":true,"href":"https:\/\/marktxxl.de\/markt\/wp-json\/wp\/v2\/product_brand?post=178472"},{"taxonomy":"product_cat","embeddable":true,"href":"https:\/\/marktxxl.de\/markt\/wp-json\/wp\/v2\/product_cat?post=178472"},{"taxonomy":"product_tag","embeddable":true,"href":"https:\/\/marktxxl.de\/markt\/wp-json\/wp\/v2\/product_tag?post=178472"}],"curies":[{"name":"wp","href":"https:\/\/api.w.org\/{rel}","templated":true}]}}