{"id":178270,"date":"2023-01-09T20:55:24","date_gmt":"2023-01-09T19:55:24","guid":{"rendered":"https:\/\/marktxxl.de\/markt\/produkt\/the-peanutshell-spannbetttuch-set-fuer-baby-maedchen-elefant-und-herzen-2er-pack\/"},"modified":"2023-04-09T04:52:00","modified_gmt":"2023-04-09T02:52:00","slug":"the-peanutshell-spannbetttuch-set-fuer-baby-maedchen-elefant-und-herzen-2er-pack","status":"publish","type":"product","link":"https:\/\/marktxxl.de\/markt\/produkt\/the-peanutshell-spannbetttuch-set-fuer-baby-maedchen-elefant-und-herzen-2er-pack\/","title":{"rendered":"The Peanutshell Spannbetttuch-Set f\u00fcr Baby-M\u00e4dchen, Elefant und Herzen, 2er-Pack"},"content":{"rendered":"<p>Lustige und farbenfrohe Drucke \u2013 dieses eklektische Bettw\u00e4sche-Set mit Elefanten- und Punkte-Herzmotiv ist der perfekte Start f\u00fcr jedes Baby-M\u00e4dchen.<br \/>\nWeich und bequem: Die Stoffe in unseren Spannbettlaken wurden sorgf\u00e4ltig ausgew\u00e4hlt, um weich, bequem und atmungsaktiv zu sein. Hergestellt aus 100 % Mikrofaser. Diese Baby-Laken sind die perfekte Erg\u00e4nzung f\u00fcr das Kinderzimmer Ihres Kindes.<br \/>\nHOCHWERTIG &amp; PFLEGELEICHT &#8211; Entworfen, um farbbest\u00e4ndig zu sein und maschinenwaschbar f\u00fcr einfache Pflege. F\u00fcr beste Langzeitpflege, maschinenwaschbar mit \u00e4hnlichen Farben im Schonwaschgang. Sie k\u00f6nnen dann bei niedriger Temperatur im Trockner trocknen oder auf der Leine trocknen, um die hellen und farbenfrohen Designs dieses schnell trocknenden Materials zu erhalten.<br \/>\nPerfekte Passform &#8211; Dieses Set beinhaltet zwei Spannbettlaken f\u00fcr Babybetten in Standardgr\u00f6\u00dfe (132,1 cm). 71 cm. und wurde auf die perfekte Passform getestet. Mit vollelastischem Rand an allen 4 Seiten, diese Bl\u00e4tter sind einfach zu bedienen und sicher mit 20,3 cm. Tiefe Taschen<br \/>\nHochwertiges Produkt. Klicken Sie jetzt auf die gelbe Schaltfl\u00e4che &#8220;In den Warenkorb&#8221; mit absoluter Selbstvertrauen, dass Sie das Beste bekommen.<br \/>\n<div class=\"main-cross-sell\" data-asin=\"B085F3B5KD\">\n\n\t<div class=\"WooZone-cross-sell-loader\">\n\t\t<div>\n\t\t\t<div id=\"floatingBarsG\">\n\t\t\t\t<div class=\"blockG\" id=\"rotateG_01\"><\/div>\n\t\t\t\t<div class=\"blockG\" id=\"rotateG_02\"><\/div>\n\t\t\t\t<div class=\"blockG\" id=\"rotateG_03\"><\/div>\n\t\t\t\t<div class=\"blockG\" id=\"rotateG_04\"><\/div>\n\t\t\t\t<div class=\"blockG\" id=\"rotateG_05\"><\/div>\n\t\t\t\t<div class=\"blockG\" id=\"rotateG_06\"><\/div>\n\t\t\t\t<div class=\"blockG\" id=\"rotateG_07\"><\/div>\n\t\t\t\t<div class=\"blockG\" id=\"rotateG_08\"><\/div>\n\t\t\t<\/div>\n\t\t\t<div class=\"WooZone-cross-sell-loader-text\"><\/div>\n\t\t<\/div>\n\t<\/div>\n\n\t\t\n<\/div>\n<div style=\"clear:both;\"><\/div><\/p>\n","protected":false},"excerpt":{"rendered":"<p>Lustige und farbenfrohe Drucke \u2013 dieses eklektische Bettw\u00e4sche-Set mit Elefanten- und Punkte-Herzmotiv ist der perfekte Start f\u00fcr jedes Baby-M\u00e4dchen.<br \/>\nWeich und bequem: Die Stoffe in unseren Spannbettlaken wurden sorgf\u00e4ltig ausgew\u00e4hlt, um weich, bequem und atmungsaktiv zu sein. Hergestellt aus 100 % Mikrofaser. Diese Baby-Laken sind die perfekte Erg\u00e4nzung f\u00fcr das Kinderzimmer Ihres Kindes.<br \/>\nHOCHWERTIG &amp; PFLEGELEICHT &#8211; Entworfen, um farbbest\u00e4ndig zu sein und maschinenwaschbar f\u00fcr einfache Pflege. F\u00fcr beste Langzeitpflege, maschinenwaschbar mit \u00e4hnlichen Farben im Schonwaschgang. Sie k\u00f6nnen dann bei niedriger Temperatur im Trockner trocknen oder auf der Leine trocknen, um die hellen und farbenfrohen Designs dieses schnell trocknenden Materials zu erhalten.<\/p>\n","protected":false},"featured_media":178271,"comment_status":"open","ping_status":"closed","template":"","meta":[],"product_brand":[],"product_cat":[21,8825],"product_tag":[],"class_list":{"0":"post-178270","1":"product","2":"type-product","3":"status-publish","4":"has-post-thumbnail","6":"product_cat-baby","7":"product_cat-baby-kleinkinderzimmer-baby","8":"pa_binding-unbekannter-einband","9":"pa_brand-the-peanutshell","10":"pa_height-7-99999999184-zoll","11":"pa_length-51-99999994696-zoll","12":"pa_manufacturer-farallon-brands","13":"pa_model-7380mfs2","14":"pa_width-27-99999997144-zoll","16":"first","17":"instock","18":"shipping-taxable","19":"purchasable","20":"product-type-simple","21":"customify-col","22":"product-has-gallery"},"yoast_head":"<!-- This site is optimized with the Yoast SEO plugin v27.3 - https:\/\/yoast.com\/product\/yoast-seo-wordpress\/ -->\n<title>The Peanutshell Spannbetttuch-Set f\u00fcr Baby-M\u00e4dchen, Elefant und Herzen, 2er-Pack - Markt-XXL<\/title>\n<meta name=\"description\" content=\"Markt-XXL The Peanutshell Spannbetttuch-Set f\u00fcr Baby-M\u00e4dchen, Elefant und Herzen, 2er-Pack\" \/>\n<meta name=\"robots\" content=\"index, follow, max-snippet:-1, max-image-preview:large, max-video-preview:-1\" \/>\n<link rel=\"canonical\" href=\"https:\/\/marktxxl.de\/markt\/produkt\/the-peanutshell-spannbetttuch-set-fuer-baby-maedchen-elefant-und-herzen-2er-pack\/\" \/>\n<meta property=\"og:locale\" content=\"de_DE\" \/>\n<meta property=\"og:type\" content=\"article\" \/>\n<meta property=\"og:title\" content=\"The Peanutshell Spannbetttuch-Set f\u00fcr Baby-M\u00e4dchen, Elefant und Herzen, 2er-Pack - Markt-XXL\" \/>\n<meta property=\"og:description\" content=\"Markt-XXL The Peanutshell Spannbetttuch-Set f\u00fcr Baby-M\u00e4dchen, Elefant und Herzen, 2er-Pack\" \/>\n<meta property=\"og:url\" content=\"https:\/\/marktxxl.de\/markt\/produkt\/the-peanutshell-spannbetttuch-set-fuer-baby-maedchen-elefant-und-herzen-2er-pack\/\" \/>\n<meta property=\"og:site_name\" content=\"Markt-XXL\" \/>\n<meta property=\"article:modified_time\" content=\"2023-04-09T02:52:00+00:00\" \/>\n<meta property=\"og:image\" content=\"https:\/\/m.media-amazon.com\/images\/I\/41qegeKkeNL._SL500_.jpg\" \/>\n\t<meta property=\"og:image:width\" content=\"500\" \/>\n\t<meta property=\"og:image:height\" content=\"497\" \/>\n\t<meta property=\"og:image:type\" content=\"image\/jpeg\" \/>\n<meta name=\"twitter:card\" content=\"summary_large_image\" \/>\n<meta name=\"twitter:label1\" content=\"Gesch\u00e4tzte Lesezeit\" \/>\n\t<meta name=\"twitter:data1\" content=\"1\u00a0Minute\" \/>\n<script type=\"application\/ld+json\" class=\"yoast-schema-graph\">{\"@context\":\"https:\\\/\\\/schema.org\",\"@graph\":[{\"@type\":\"WebPage\",\"@id\":\"https:\\\/\\\/marktxxl.de\\\/markt\\\/produkt\\\/the-peanutshell-spannbetttuch-set-fuer-baby-maedchen-elefant-und-herzen-2er-pack\\\/\",\"url\":\"https:\\\/\\\/marktxxl.de\\\/markt\\\/produkt\\\/the-peanutshell-spannbetttuch-set-fuer-baby-maedchen-elefant-und-herzen-2er-pack\\\/\",\"name\":\"The Peanutshell Spannbetttuch-Set f\u00fcr Baby-M\u00e4dchen, Elefant und Herzen, 2er-Pack - Markt-XXL\",\"isPartOf\":{\"@id\":\"https:\\\/\\\/marktxxl.de\\\/markt\\\/#website\"},\"primaryImageOfPage\":{\"@id\":\"https:\\\/\\\/marktxxl.de\\\/markt\\\/produkt\\\/the-peanutshell-spannbetttuch-set-fuer-baby-maedchen-elefant-und-herzen-2er-pack\\\/#primaryimage\"},\"image\":{\"@id\":\"https:\\\/\\\/marktxxl.de\\\/markt\\\/produkt\\\/the-peanutshell-spannbetttuch-set-fuer-baby-maedchen-elefant-und-herzen-2er-pack\\\/#primaryimage\"},\"thumbnailUrl\":\"https:\\\/\\\/m.media-amazon.com\\\/images\\\/I\\\/41qegeKkeNL._SL500_.jpg\",\"datePublished\":\"2023-01-09T19:55:24+00:00\",\"dateModified\":\"2023-04-09T02:52:00+00:00\",\"description\":\"Markt-XXL The Peanutshell Spannbetttuch-Set f\u00fcr Baby-M\u00e4dchen, Elefant und Herzen, 2er-Pack\",\"breadcrumb\":{\"@id\":\"https:\\\/\\\/marktxxl.de\\\/markt\\\/produkt\\\/the-peanutshell-spannbetttuch-set-fuer-baby-maedchen-elefant-und-herzen-2er-pack\\\/#breadcrumb\"},\"inLanguage\":\"de\",\"potentialAction\":[{\"@type\":\"ReadAction\",\"target\":[\"https:\\\/\\\/marktxxl.de\\\/markt\\\/produkt\\\/the-peanutshell-spannbetttuch-set-fuer-baby-maedchen-elefant-und-herzen-2er-pack\\\/\"]}]},{\"@type\":\"ImageObject\",\"inLanguage\":\"de\",\"@id\":\"https:\\\/\\\/marktxxl.de\\\/markt\\\/produkt\\\/the-peanutshell-spannbetttuch-set-fuer-baby-maedchen-elefant-und-herzen-2er-pack\\\/#primaryimage\",\"url\":\"https:\\\/\\\/m.media-amazon.com\\\/images\\\/I\\\/41qegeKkeNL._SL500_.jpg\",\"contentUrl\":\"https:\\\/\\\/m.media-amazon.com\\\/images\\\/I\\\/41qegeKkeNL._SL500_.jpg\",\"width\":500,\"height\":497},{\"@type\":\"BreadcrumbList\",\"@id\":\"https:\\\/\\\/marktxxl.de\\\/markt\\\/produkt\\\/the-peanutshell-spannbetttuch-set-fuer-baby-maedchen-elefant-und-herzen-2er-pack\\\/#breadcrumb\",\"itemListElement\":[{\"@type\":\"ListItem\",\"position\":1,\"name\":\"Startseite\",\"item\":\"https:\\\/\\\/marktxxl.de\\\/markt\\\/\"},{\"@type\":\"ListItem\",\"position\":2,\"name\":\"Markt\",\"item\":\"https:\\\/\\\/marktxxl.de\\\/markt\\\/\"},{\"@type\":\"ListItem\",\"position\":3,\"name\":\"The Peanutshell Spannbetttuch-Set f\u00fcr Baby-M\u00e4dchen, Elefant und Herzen, 2er-Pack\"}]},{\"@type\":\"WebSite\",\"@id\":\"https:\\\/\\\/marktxxl.de\\\/markt\\\/#website\",\"url\":\"https:\\\/\\\/marktxxl.de\\\/markt\\\/\",\"name\":\"Markt-XXL\",\"description\":\"Ihr Markt Online\",\"publisher\":{\"@id\":\"https:\\\/\\\/marktxxl.de\\\/markt\\\/#organization\"},\"potentialAction\":[{\"@type\":\"SearchAction\",\"target\":{\"@type\":\"EntryPoint\",\"urlTemplate\":\"https:\\\/\\\/marktxxl.de\\\/markt\\\/?s={search_term_string}\"},\"query-input\":{\"@type\":\"PropertyValueSpecification\",\"valueRequired\":true,\"valueName\":\"search_term_string\"}}],\"inLanguage\":\"de\"},{\"@type\":\"Organization\",\"@id\":\"https:\\\/\\\/marktxxl.de\\\/markt\\\/#organization\",\"name\":\"Markt-XXL\",\"url\":\"https:\\\/\\\/marktxxl.de\\\/markt\\\/\",\"logo\":{\"@type\":\"ImageObject\",\"inLanguage\":\"de\",\"@id\":\"https:\\\/\\\/marktxxl.de\\\/markt\\\/#\\\/schema\\\/logo\\\/image\\\/\",\"url\":\"https:\\\/\\\/marktxxl.de\\\/markt\\\/wp-content\\\/uploads\\\/sites\\\/3\\\/2020\\\/12\\\/logo.png\",\"contentUrl\":\"https:\\\/\\\/marktxxl.de\\\/markt\\\/wp-content\\\/uploads\\\/sites\\\/3\\\/2020\\\/12\\\/logo.png\",\"width\":200,\"height\":70,\"caption\":\"Markt-XXL\"},\"image\":{\"@id\":\"https:\\\/\\\/marktxxl.de\\\/markt\\\/#\\\/schema\\\/logo\\\/image\\\/\"}}]}<\/script>\n<!-- \/ Yoast SEO plugin. -->","yoast_head_json":{"title":"The Peanutshell Spannbetttuch-Set f\u00fcr Baby-M\u00e4dchen, Elefant und Herzen, 2er-Pack - Markt-XXL","description":"Markt-XXL The Peanutshell Spannbetttuch-Set f\u00fcr Baby-M\u00e4dchen, Elefant und Herzen, 2er-Pack","robots":{"index":"index","follow":"follow","max-snippet":"max-snippet:-1","max-image-preview":"max-image-preview:large","max-video-preview":"max-video-preview:-1"},"canonical":"https:\/\/marktxxl.de\/markt\/produkt\/the-peanutshell-spannbetttuch-set-fuer-baby-maedchen-elefant-und-herzen-2er-pack\/","og_locale":"de_DE","og_type":"article","og_title":"The Peanutshell Spannbetttuch-Set f\u00fcr Baby-M\u00e4dchen, Elefant und Herzen, 2er-Pack - Markt-XXL","og_description":"Markt-XXL The Peanutshell Spannbetttuch-Set f\u00fcr Baby-M\u00e4dchen, Elefant und Herzen, 2er-Pack","og_url":"https:\/\/marktxxl.de\/markt\/produkt\/the-peanutshell-spannbetttuch-set-fuer-baby-maedchen-elefant-und-herzen-2er-pack\/","og_site_name":"Markt-XXL","article_modified_time":"2023-04-09T02:52:00+00:00","og_image":[{"width":500,"height":497,"url":"https:\/\/m.media-amazon.com\/images\/I\/41qegeKkeNL._SL500_.jpg","type":"image\/jpeg"}],"twitter_card":"summary_large_image","twitter_misc":{"Gesch\u00e4tzte Lesezeit":"1\u00a0Minute"},"schema":{"@context":"https:\/\/schema.org","@graph":[{"@type":"WebPage","@id":"https:\/\/marktxxl.de\/markt\/produkt\/the-peanutshell-spannbetttuch-set-fuer-baby-maedchen-elefant-und-herzen-2er-pack\/","url":"https:\/\/marktxxl.de\/markt\/produkt\/the-peanutshell-spannbetttuch-set-fuer-baby-maedchen-elefant-und-herzen-2er-pack\/","name":"The Peanutshell Spannbetttuch-Set f\u00fcr Baby-M\u00e4dchen, Elefant und Herzen, 2er-Pack - Markt-XXL","isPartOf":{"@id":"https:\/\/marktxxl.de\/markt\/#website"},"primaryImageOfPage":{"@id":"https:\/\/marktxxl.de\/markt\/produkt\/the-peanutshell-spannbetttuch-set-fuer-baby-maedchen-elefant-und-herzen-2er-pack\/#primaryimage"},"image":{"@id":"https:\/\/marktxxl.de\/markt\/produkt\/the-peanutshell-spannbetttuch-set-fuer-baby-maedchen-elefant-und-herzen-2er-pack\/#primaryimage"},"thumbnailUrl":"https:\/\/m.media-amazon.com\/images\/I\/41qegeKkeNL._SL500_.jpg","datePublished":"2023-01-09T19:55:24+00:00","dateModified":"2023-04-09T02:52:00+00:00","description":"Markt-XXL The Peanutshell Spannbetttuch-Set f\u00fcr Baby-M\u00e4dchen, Elefant und Herzen, 2er-Pack","breadcrumb":{"@id":"https:\/\/marktxxl.de\/markt\/produkt\/the-peanutshell-spannbetttuch-set-fuer-baby-maedchen-elefant-und-herzen-2er-pack\/#breadcrumb"},"inLanguage":"de","potentialAction":[{"@type":"ReadAction","target":["https:\/\/marktxxl.de\/markt\/produkt\/the-peanutshell-spannbetttuch-set-fuer-baby-maedchen-elefant-und-herzen-2er-pack\/"]}]},{"@type":"ImageObject","inLanguage":"de","@id":"https:\/\/marktxxl.de\/markt\/produkt\/the-peanutshell-spannbetttuch-set-fuer-baby-maedchen-elefant-und-herzen-2er-pack\/#primaryimage","url":"https:\/\/m.media-amazon.com\/images\/I\/41qegeKkeNL._SL500_.jpg","contentUrl":"https:\/\/m.media-amazon.com\/images\/I\/41qegeKkeNL._SL500_.jpg","width":500,"height":497},{"@type":"BreadcrumbList","@id":"https:\/\/marktxxl.de\/markt\/produkt\/the-peanutshell-spannbetttuch-set-fuer-baby-maedchen-elefant-und-herzen-2er-pack\/#breadcrumb","itemListElement":[{"@type":"ListItem","position":1,"name":"Startseite","item":"https:\/\/marktxxl.de\/markt\/"},{"@type":"ListItem","position":2,"name":"Markt","item":"https:\/\/marktxxl.de\/markt\/"},{"@type":"ListItem","position":3,"name":"The Peanutshell Spannbetttuch-Set f\u00fcr Baby-M\u00e4dchen, Elefant und Herzen, 2er-Pack"}]},{"@type":"WebSite","@id":"https:\/\/marktxxl.de\/markt\/#website","url":"https:\/\/marktxxl.de\/markt\/","name":"Markt-XXL","description":"Ihr Markt Online","publisher":{"@id":"https:\/\/marktxxl.de\/markt\/#organization"},"potentialAction":[{"@type":"SearchAction","target":{"@type":"EntryPoint","urlTemplate":"https:\/\/marktxxl.de\/markt\/?s={search_term_string}"},"query-input":{"@type":"PropertyValueSpecification","valueRequired":true,"valueName":"search_term_string"}}],"inLanguage":"de"},{"@type":"Organization","@id":"https:\/\/marktxxl.de\/markt\/#organization","name":"Markt-XXL","url":"https:\/\/marktxxl.de\/markt\/","logo":{"@type":"ImageObject","inLanguage":"de","@id":"https:\/\/marktxxl.de\/markt\/#\/schema\/logo\/image\/","url":"https:\/\/marktxxl.de\/markt\/wp-content\/uploads\/sites\/3\/2020\/12\/logo.png","contentUrl":"https:\/\/marktxxl.de\/markt\/wp-content\/uploads\/sites\/3\/2020\/12\/logo.png","width":200,"height":70,"caption":"Markt-XXL"},"image":{"@id":"https:\/\/marktxxl.de\/markt\/#\/schema\/logo\/image\/"}}]}},"_links":{"self":[{"href":"https:\/\/marktxxl.de\/markt\/wp-json\/wp\/v2\/product\/178270","targetHints":{"allow":["GET"]}}],"collection":[{"href":"https:\/\/marktxxl.de\/markt\/wp-json\/wp\/v2\/product"}],"about":[{"href":"https:\/\/marktxxl.de\/markt\/wp-json\/wp\/v2\/types\/product"}],"replies":[{"embeddable":true,"href":"https:\/\/marktxxl.de\/markt\/wp-json\/wp\/v2\/comments?post=178270"}],"wp:featuredmedia":[{"embeddable":true,"href":"https:\/\/marktxxl.de\/markt\/wp-json\/wp\/v2\/media\/178271"}],"wp:attachment":[{"href":"https:\/\/marktxxl.de\/markt\/wp-json\/wp\/v2\/media?parent=178270"}],"wp:term":[{"taxonomy":"product_brand","embeddable":true,"href":"https:\/\/marktxxl.de\/markt\/wp-json\/wp\/v2\/product_brand?post=178270"},{"taxonomy":"product_cat","embeddable":true,"href":"https:\/\/marktxxl.de\/markt\/wp-json\/wp\/v2\/product_cat?post=178270"},{"taxonomy":"product_tag","embeddable":true,"href":"https:\/\/marktxxl.de\/markt\/wp-json\/wp\/v2\/product_tag?post=178270"}],"curies":[{"name":"wp","href":"https:\/\/api.w.org\/{rel}","templated":true}]}}