{"id":178266,"date":"2023-01-09T20:55:12","date_gmt":"2023-01-09T19:55:12","guid":{"rendered":"https:\/\/marktxxl.de\/markt\/produkt\/milestone-decke-baby-meilenstein-decke-fuer-maedchen-und-jungen-fuer-neugeborene-hochwertige-fleece-decke-fuer-babys-monate-geschenk\/"},"modified":"2023-04-09T04:52:00","modified_gmt":"2023-04-09T02:52:00","slug":"milestone-decke-baby-meilenstein-decke-fuer-maedchen-und-jungen-fuer-neugeborene-hochwertige-fleece-decke-fuer-babys-monate-geschenk","status":"publish","type":"product","link":"https:\/\/marktxxl.de\/markt\/produkt\/milestone-decke-baby-meilenstein-decke-fuer-maedchen-und-jungen-fuer-neugeborene-hochwertige-fleece-decke-fuer-babys-monate-geschenk\/","title":{"rendered":"Milestone Decke\/Baby-Meilenstein-Decke f\u00fcr M\u00e4dchen und Jungen, f\u00fcr Neugeborene, hochwertige Fleece-Decke f\u00fcr Babys\u2026"},"content":{"rendered":"<p>Inklusive: 100 x 130 cm Baby-Meilenstein-Decke.<br \/>\nGro\u00dfe super weiche Premium-Qualit\u00e4t Milestone-Decke zur \u00dcberwachung des Wachstums Ihres Babys jeden Monat. Einzigartiges Geschenk f\u00fcr Babyparty. New Baby Geschenke Watch me grow Meilenstein Decke!<br \/>\nPerfektes und einzigartiges Geschenk f\u00fcr die neue Mutter Babyparty \u2013 Wer will nicht gerne das Wachstum ihres neuen Babys verfolgen? Wenn Sie auf der Suche nach einem besonderen Geschenk f\u00fcr Babyparty sind, um sich von der Masse abzuheben, empfehlen wir den Kauf unserer Milestone Decke. Wir garantieren, dass Sie das sch\u00f6nste einzigartige Geschenk f\u00fcr die zuk\u00fcnftige Mutter haben. Jede Mutter liebt es, jeden Monat Fotos von ihrem Baby zu machen, so dass sie diese einzigartige Decke lieben wird.<br \/>\nEin perfekter Weg, um das Wachstum des Babys zu fotografieren.<br \/>\nPflegehinweis: Maschinenw\u00e4sche bei kaltem Betrieb, trocknergeeignet.<br \/>\n<div class=\"main-cross-sell\" data-asin=\"B07HHZ5XV5\">\n\n\t<div class=\"WooZone-cross-sell-loader\">\n\t\t<div>\n\t\t\t<div id=\"floatingBarsG\">\n\t\t\t\t<div class=\"blockG\" id=\"rotateG_01\"><\/div>\n\t\t\t\t<div class=\"blockG\" id=\"rotateG_02\"><\/div>\n\t\t\t\t<div class=\"blockG\" id=\"rotateG_03\"><\/div>\n\t\t\t\t<div class=\"blockG\" id=\"rotateG_04\"><\/div>\n\t\t\t\t<div class=\"blockG\" id=\"rotateG_05\"><\/div>\n\t\t\t\t<div class=\"blockG\" id=\"rotateG_06\"><\/div>\n\t\t\t\t<div class=\"blockG\" id=\"rotateG_07\"><\/div>\n\t\t\t\t<div class=\"blockG\" id=\"rotateG_08\"><\/div>\n\t\t\t<\/div>\n\t\t\t<div class=\"WooZone-cross-sell-loader-text\"><\/div>\n\t\t<\/div>\n\t<\/div>\n\n\t\t\n<\/div>\n<div style=\"clear:both;\"><\/div><\/p>\n","protected":false},"excerpt":{"rendered":"<p>Inklusive: 100 x 130 cm Baby-Meilenstein-Decke.<br \/>\nGro\u00dfe super weiche Premium-Qualit\u00e4t Milestone-Decke zur \u00dcberwachung des Wachstums Ihres Babys jeden Monat. Einzigartiges Geschenk f\u00fcr Babyparty. New Baby Geschenke Watch me grow Meilenstein Decke!<br \/>\nPerfektes und einzigartiges Geschenk f\u00fcr die neue Mutter Babyparty \u2013 Wer will nicht gerne das Wachstum ihres neuen Babys verfolgen? Wenn Sie auf der Suche nach einem besonderen Geschenk f\u00fcr Babyparty sind, um sich von der Masse abzuheben, empfehlen wir den Kauf unserer Milestone Decke. Wir garantieren, dass Sie das sch\u00f6nste einzigartige Geschenk f\u00fcr die zuk\u00fcnftige Mutter haben. Jede Mutter liebt es, jeden Monat Fotos von ihrem Baby zu machen, so dass sie diese einzigartige Decke lieben wird.<\/p>\n","protected":false},"featured_media":178267,"comment_status":"open","ping_status":"closed","template":"","meta":[],"product_brand":[],"product_cat":[21,8825],"product_tag":[],"class_list":{"0":"post-178266","1":"product","2":"type-product","3":"status-publish","4":"has-post-thumbnail","6":"product_cat-baby","7":"product_cat-baby-kleinkinderzimmer-baby","8":"pa_binding-babyartikel","9":"pa_brand-buttzo","10":"pa_color-rose","11":"pa_height-0-04-zoll","12":"pa_length-50-zoll","13":"pa_manufacturer-buttzo","14":"pa_model-blanketpink02","15":"pa_size-40-x-50-inches","16":"pa_weight-0-62-pfund","17":"pa_width-40-zoll","19":"first","20":"instock","21":"shipping-taxable","22":"purchasable","23":"product-type-simple","24":"customify-col","25":"product-has-gallery"},"yoast_head":"<!-- This site is optimized with the Yoast SEO plugin v27.4 - https:\/\/yoast.com\/product\/yoast-seo-wordpress\/ -->\n<title>Milestone Decke\/Baby-Meilenstein-Decke f\u00fcr M\u00e4dchen und Jungen, f\u00fcr Neugeborene, hochwertige Fleece-Decke f\u00fcr Babys\u2026 - Markt-XXL<\/title>\n<meta name=\"description\" content=\"Markt-XXL Milestone Decke\/Baby-Meilenstein-Decke f\u00fcr M\u00e4dchen und Jungen, f\u00fcr Neugeborene, hochwertige Fleece-Decke f\u00fcr Babys\u2026\" \/>\n<meta name=\"robots\" content=\"index, follow, max-snippet:-1, max-image-preview:large, max-video-preview:-1\" \/>\n<link rel=\"canonical\" href=\"https:\/\/marktxxl.de\/markt\/produkt\/milestone-decke-baby-meilenstein-decke-fuer-maedchen-und-jungen-fuer-neugeborene-hochwertige-fleece-decke-fuer-babys-monate-geschenk\/\" \/>\n<meta property=\"og:locale\" content=\"de_DE\" \/>\n<meta property=\"og:type\" content=\"article\" \/>\n<meta property=\"og:title\" content=\"Milestone Decke\/Baby-Meilenstein-Decke f\u00fcr M\u00e4dchen und Jungen, f\u00fcr Neugeborene, hochwertige Fleece-Decke f\u00fcr Babys\u2026 - Markt-XXL\" \/>\n<meta property=\"og:description\" content=\"Markt-XXL Milestone Decke\/Baby-Meilenstein-Decke f\u00fcr M\u00e4dchen und Jungen, f\u00fcr Neugeborene, hochwertige Fleece-Decke f\u00fcr Babys\u2026\" \/>\n<meta property=\"og:url\" content=\"https:\/\/marktxxl.de\/markt\/produkt\/milestone-decke-baby-meilenstein-decke-fuer-maedchen-und-jungen-fuer-neugeborene-hochwertige-fleece-decke-fuer-babys-monate-geschenk\/\" \/>\n<meta property=\"og:site_name\" content=\"Markt-XXL\" \/>\n<meta property=\"article:modified_time\" content=\"2023-04-09T02:52:00+00:00\" \/>\n<meta property=\"og:image\" content=\"https:\/\/m.media-amazon.com\/images\/I\/41douGw3OSL._SL500_.jpg\" \/>\n\t<meta property=\"og:image:width\" content=\"385\" \/>\n\t<meta property=\"og:image:height\" content=\"500\" \/>\n\t<meta property=\"og:image:type\" content=\"image\/jpeg\" \/>\n<meta name=\"twitter:card\" content=\"summary_large_image\" \/>\n<meta name=\"twitter:label1\" content=\"Gesch\u00e4tzte Lesezeit\" \/>\n\t<meta name=\"twitter:data1\" content=\"1\u00a0Minute\" \/>\n<script type=\"application\/ld+json\" class=\"yoast-schema-graph\">{\"@context\":\"https:\\\/\\\/schema.org\",\"@graph\":[{\"@type\":\"WebPage\",\"@id\":\"https:\\\/\\\/marktxxl.de\\\/markt\\\/produkt\\\/milestone-decke-baby-meilenstein-decke-fuer-maedchen-und-jungen-fuer-neugeborene-hochwertige-fleece-decke-fuer-babys-monate-geschenk\\\/\",\"url\":\"https:\\\/\\\/marktxxl.de\\\/markt\\\/produkt\\\/milestone-decke-baby-meilenstein-decke-fuer-maedchen-und-jungen-fuer-neugeborene-hochwertige-fleece-decke-fuer-babys-monate-geschenk\\\/\",\"name\":\"Milestone Decke\\\/Baby-Meilenstein-Decke f\u00fcr M\u00e4dchen und Jungen, f\u00fcr Neugeborene, hochwertige Fleece-Decke f\u00fcr Babys\u2026 - Markt-XXL\",\"isPartOf\":{\"@id\":\"https:\\\/\\\/marktxxl.de\\\/markt\\\/#website\"},\"primaryImageOfPage\":{\"@id\":\"https:\\\/\\\/marktxxl.de\\\/markt\\\/produkt\\\/milestone-decke-baby-meilenstein-decke-fuer-maedchen-und-jungen-fuer-neugeborene-hochwertige-fleece-decke-fuer-babys-monate-geschenk\\\/#primaryimage\"},\"image\":{\"@id\":\"https:\\\/\\\/marktxxl.de\\\/markt\\\/produkt\\\/milestone-decke-baby-meilenstein-decke-fuer-maedchen-und-jungen-fuer-neugeborene-hochwertige-fleece-decke-fuer-babys-monate-geschenk\\\/#primaryimage\"},\"thumbnailUrl\":\"https:\\\/\\\/m.media-amazon.com\\\/images\\\/I\\\/41douGw3OSL._SL500_.jpg\",\"datePublished\":\"2023-01-09T19:55:12+00:00\",\"dateModified\":\"2023-04-09T02:52:00+00:00\",\"description\":\"Markt-XXL Milestone Decke\\\/Baby-Meilenstein-Decke f\u00fcr M\u00e4dchen und Jungen, f\u00fcr Neugeborene, hochwertige Fleece-Decke f\u00fcr Babys\u2026\",\"breadcrumb\":{\"@id\":\"https:\\\/\\\/marktxxl.de\\\/markt\\\/produkt\\\/milestone-decke-baby-meilenstein-decke-fuer-maedchen-und-jungen-fuer-neugeborene-hochwertige-fleece-decke-fuer-babys-monate-geschenk\\\/#breadcrumb\"},\"inLanguage\":\"de\",\"potentialAction\":[{\"@type\":\"ReadAction\",\"target\":[\"https:\\\/\\\/marktxxl.de\\\/markt\\\/produkt\\\/milestone-decke-baby-meilenstein-decke-fuer-maedchen-und-jungen-fuer-neugeborene-hochwertige-fleece-decke-fuer-babys-monate-geschenk\\\/\"]}]},{\"@type\":\"ImageObject\",\"inLanguage\":\"de\",\"@id\":\"https:\\\/\\\/marktxxl.de\\\/markt\\\/produkt\\\/milestone-decke-baby-meilenstein-decke-fuer-maedchen-und-jungen-fuer-neugeborene-hochwertige-fleece-decke-fuer-babys-monate-geschenk\\\/#primaryimage\",\"url\":\"https:\\\/\\\/m.media-amazon.com\\\/images\\\/I\\\/41douGw3OSL._SL500_.jpg\",\"contentUrl\":\"https:\\\/\\\/m.media-amazon.com\\\/images\\\/I\\\/41douGw3OSL._SL500_.jpg\",\"width\":385,\"height\":500},{\"@type\":\"BreadcrumbList\",\"@id\":\"https:\\\/\\\/marktxxl.de\\\/markt\\\/produkt\\\/milestone-decke-baby-meilenstein-decke-fuer-maedchen-und-jungen-fuer-neugeborene-hochwertige-fleece-decke-fuer-babys-monate-geschenk\\\/#breadcrumb\",\"itemListElement\":[{\"@type\":\"ListItem\",\"position\":1,\"name\":\"Startseite\",\"item\":\"https:\\\/\\\/marktxxl.de\\\/markt\\\/\"},{\"@type\":\"ListItem\",\"position\":2,\"name\":\"Markt\",\"item\":\"https:\\\/\\\/marktxxl.de\\\/markt\\\/\"},{\"@type\":\"ListItem\",\"position\":3,\"name\":\"Milestone Decke\\\/Baby-Meilenstein-Decke f\u00fcr M\u00e4dchen und Jungen, f\u00fcr Neugeborene, hochwertige Fleece-Decke f\u00fcr Babys\u2026\"}]},{\"@type\":\"WebSite\",\"@id\":\"https:\\\/\\\/marktxxl.de\\\/markt\\\/#website\",\"url\":\"https:\\\/\\\/marktxxl.de\\\/markt\\\/\",\"name\":\"Markt-XXL\",\"description\":\"Ihr Markt Online\",\"publisher\":{\"@id\":\"https:\\\/\\\/marktxxl.de\\\/markt\\\/#organization\"},\"potentialAction\":[{\"@type\":\"SearchAction\",\"target\":{\"@type\":\"EntryPoint\",\"urlTemplate\":\"https:\\\/\\\/marktxxl.de\\\/markt\\\/?s={search_term_string}\"},\"query-input\":{\"@type\":\"PropertyValueSpecification\",\"valueRequired\":true,\"valueName\":\"search_term_string\"}}],\"inLanguage\":\"de\"},{\"@type\":\"Organization\",\"@id\":\"https:\\\/\\\/marktxxl.de\\\/markt\\\/#organization\",\"name\":\"Markt-XXL\",\"url\":\"https:\\\/\\\/marktxxl.de\\\/markt\\\/\",\"logo\":{\"@type\":\"ImageObject\",\"inLanguage\":\"de\",\"@id\":\"https:\\\/\\\/marktxxl.de\\\/markt\\\/#\\\/schema\\\/logo\\\/image\\\/\",\"url\":\"https:\\\/\\\/marktxxl.de\\\/markt\\\/wp-content\\\/uploads\\\/sites\\\/3\\\/2020\\\/12\\\/logo.png\",\"contentUrl\":\"https:\\\/\\\/marktxxl.de\\\/markt\\\/wp-content\\\/uploads\\\/sites\\\/3\\\/2020\\\/12\\\/logo.png\",\"width\":200,\"height\":70,\"caption\":\"Markt-XXL\"},\"image\":{\"@id\":\"https:\\\/\\\/marktxxl.de\\\/markt\\\/#\\\/schema\\\/logo\\\/image\\\/\"}}]}<\/script>\n<!-- \/ Yoast SEO plugin. -->","yoast_head_json":{"title":"Milestone Decke\/Baby-Meilenstein-Decke f\u00fcr M\u00e4dchen und Jungen, f\u00fcr Neugeborene, hochwertige Fleece-Decke f\u00fcr Babys\u2026 - Markt-XXL","description":"Markt-XXL Milestone Decke\/Baby-Meilenstein-Decke f\u00fcr M\u00e4dchen und Jungen, f\u00fcr Neugeborene, hochwertige Fleece-Decke f\u00fcr Babys\u2026","robots":{"index":"index","follow":"follow","max-snippet":"max-snippet:-1","max-image-preview":"max-image-preview:large","max-video-preview":"max-video-preview:-1"},"canonical":"https:\/\/marktxxl.de\/markt\/produkt\/milestone-decke-baby-meilenstein-decke-fuer-maedchen-und-jungen-fuer-neugeborene-hochwertige-fleece-decke-fuer-babys-monate-geschenk\/","og_locale":"de_DE","og_type":"article","og_title":"Milestone Decke\/Baby-Meilenstein-Decke f\u00fcr M\u00e4dchen und Jungen, f\u00fcr Neugeborene, hochwertige Fleece-Decke f\u00fcr Babys\u2026 - Markt-XXL","og_description":"Markt-XXL Milestone Decke\/Baby-Meilenstein-Decke f\u00fcr M\u00e4dchen und Jungen, f\u00fcr Neugeborene, hochwertige Fleece-Decke f\u00fcr Babys\u2026","og_url":"https:\/\/marktxxl.de\/markt\/produkt\/milestone-decke-baby-meilenstein-decke-fuer-maedchen-und-jungen-fuer-neugeborene-hochwertige-fleece-decke-fuer-babys-monate-geschenk\/","og_site_name":"Markt-XXL","article_modified_time":"2023-04-09T02:52:00+00:00","og_image":[{"width":385,"height":500,"url":"https:\/\/m.media-amazon.com\/images\/I\/41douGw3OSL._SL500_.jpg","type":"image\/jpeg"}],"twitter_card":"summary_large_image","twitter_misc":{"Gesch\u00e4tzte Lesezeit":"1\u00a0Minute"},"schema":{"@context":"https:\/\/schema.org","@graph":[{"@type":"WebPage","@id":"https:\/\/marktxxl.de\/markt\/produkt\/milestone-decke-baby-meilenstein-decke-fuer-maedchen-und-jungen-fuer-neugeborene-hochwertige-fleece-decke-fuer-babys-monate-geschenk\/","url":"https:\/\/marktxxl.de\/markt\/produkt\/milestone-decke-baby-meilenstein-decke-fuer-maedchen-und-jungen-fuer-neugeborene-hochwertige-fleece-decke-fuer-babys-monate-geschenk\/","name":"Milestone Decke\/Baby-Meilenstein-Decke f\u00fcr M\u00e4dchen und Jungen, f\u00fcr Neugeborene, hochwertige Fleece-Decke f\u00fcr Babys\u2026 - Markt-XXL","isPartOf":{"@id":"https:\/\/marktxxl.de\/markt\/#website"},"primaryImageOfPage":{"@id":"https:\/\/marktxxl.de\/markt\/produkt\/milestone-decke-baby-meilenstein-decke-fuer-maedchen-und-jungen-fuer-neugeborene-hochwertige-fleece-decke-fuer-babys-monate-geschenk\/#primaryimage"},"image":{"@id":"https:\/\/marktxxl.de\/markt\/produkt\/milestone-decke-baby-meilenstein-decke-fuer-maedchen-und-jungen-fuer-neugeborene-hochwertige-fleece-decke-fuer-babys-monate-geschenk\/#primaryimage"},"thumbnailUrl":"https:\/\/m.media-amazon.com\/images\/I\/41douGw3OSL._SL500_.jpg","datePublished":"2023-01-09T19:55:12+00:00","dateModified":"2023-04-09T02:52:00+00:00","description":"Markt-XXL Milestone Decke\/Baby-Meilenstein-Decke f\u00fcr M\u00e4dchen und Jungen, f\u00fcr Neugeborene, hochwertige Fleece-Decke f\u00fcr Babys\u2026","breadcrumb":{"@id":"https:\/\/marktxxl.de\/markt\/produkt\/milestone-decke-baby-meilenstein-decke-fuer-maedchen-und-jungen-fuer-neugeborene-hochwertige-fleece-decke-fuer-babys-monate-geschenk\/#breadcrumb"},"inLanguage":"de","potentialAction":[{"@type":"ReadAction","target":["https:\/\/marktxxl.de\/markt\/produkt\/milestone-decke-baby-meilenstein-decke-fuer-maedchen-und-jungen-fuer-neugeborene-hochwertige-fleece-decke-fuer-babys-monate-geschenk\/"]}]},{"@type":"ImageObject","inLanguage":"de","@id":"https:\/\/marktxxl.de\/markt\/produkt\/milestone-decke-baby-meilenstein-decke-fuer-maedchen-und-jungen-fuer-neugeborene-hochwertige-fleece-decke-fuer-babys-monate-geschenk\/#primaryimage","url":"https:\/\/m.media-amazon.com\/images\/I\/41douGw3OSL._SL500_.jpg","contentUrl":"https:\/\/m.media-amazon.com\/images\/I\/41douGw3OSL._SL500_.jpg","width":385,"height":500},{"@type":"BreadcrumbList","@id":"https:\/\/marktxxl.de\/markt\/produkt\/milestone-decke-baby-meilenstein-decke-fuer-maedchen-und-jungen-fuer-neugeborene-hochwertige-fleece-decke-fuer-babys-monate-geschenk\/#breadcrumb","itemListElement":[{"@type":"ListItem","position":1,"name":"Startseite","item":"https:\/\/marktxxl.de\/markt\/"},{"@type":"ListItem","position":2,"name":"Markt","item":"https:\/\/marktxxl.de\/markt\/"},{"@type":"ListItem","position":3,"name":"Milestone Decke\/Baby-Meilenstein-Decke f\u00fcr M\u00e4dchen und Jungen, f\u00fcr Neugeborene, hochwertige Fleece-Decke f\u00fcr Babys\u2026"}]},{"@type":"WebSite","@id":"https:\/\/marktxxl.de\/markt\/#website","url":"https:\/\/marktxxl.de\/markt\/","name":"Markt-XXL","description":"Ihr Markt Online","publisher":{"@id":"https:\/\/marktxxl.de\/markt\/#organization"},"potentialAction":[{"@type":"SearchAction","target":{"@type":"EntryPoint","urlTemplate":"https:\/\/marktxxl.de\/markt\/?s={search_term_string}"},"query-input":{"@type":"PropertyValueSpecification","valueRequired":true,"valueName":"search_term_string"}}],"inLanguage":"de"},{"@type":"Organization","@id":"https:\/\/marktxxl.de\/markt\/#organization","name":"Markt-XXL","url":"https:\/\/marktxxl.de\/markt\/","logo":{"@type":"ImageObject","inLanguage":"de","@id":"https:\/\/marktxxl.de\/markt\/#\/schema\/logo\/image\/","url":"https:\/\/marktxxl.de\/markt\/wp-content\/uploads\/sites\/3\/2020\/12\/logo.png","contentUrl":"https:\/\/marktxxl.de\/markt\/wp-content\/uploads\/sites\/3\/2020\/12\/logo.png","width":200,"height":70,"caption":"Markt-XXL"},"image":{"@id":"https:\/\/marktxxl.de\/markt\/#\/schema\/logo\/image\/"}}]}},"_links":{"self":[{"href":"https:\/\/marktxxl.de\/markt\/wp-json\/wp\/v2\/product\/178266","targetHints":{"allow":["GET"]}}],"collection":[{"href":"https:\/\/marktxxl.de\/markt\/wp-json\/wp\/v2\/product"}],"about":[{"href":"https:\/\/marktxxl.de\/markt\/wp-json\/wp\/v2\/types\/product"}],"replies":[{"embeddable":true,"href":"https:\/\/marktxxl.de\/markt\/wp-json\/wp\/v2\/comments?post=178266"}],"wp:featuredmedia":[{"embeddable":true,"href":"https:\/\/marktxxl.de\/markt\/wp-json\/wp\/v2\/media\/178267"}],"wp:attachment":[{"href":"https:\/\/marktxxl.de\/markt\/wp-json\/wp\/v2\/media?parent=178266"}],"wp:term":[{"taxonomy":"product_brand","embeddable":true,"href":"https:\/\/marktxxl.de\/markt\/wp-json\/wp\/v2\/product_brand?post=178266"},{"taxonomy":"product_cat","embeddable":true,"href":"https:\/\/marktxxl.de\/markt\/wp-json\/wp\/v2\/product_cat?post=178266"},{"taxonomy":"product_tag","embeddable":true,"href":"https:\/\/marktxxl.de\/markt\/wp-json\/wp\/v2\/product_tag?post=178266"}],"curies":[{"name":"wp","href":"https:\/\/api.w.org\/{rel}","templated":true}]}}