{"id":178019,"date":"2023-01-09T20:25:36","date_gmt":"2023-01-09T19:25:36","guid":{"rendered":"https:\/\/marktxxl.de\/markt\/produkt\/big-undies-lustiger-witz-gag-geschenk-riesige-mama-undies-rosa-uebergrosse-neuheit-unterwaesche-oma-hoeschen-weisser-elefant-strich-geschenke-fuer-alle-frauen-maenner\/"},"modified":"2023-04-08T04:36:25","modified_gmt":"2023-04-08T02:36:25","slug":"big-undies-lustiger-witz-gag-geschenk-riesige-mama-undies-rosa-uebergrosse-neuheit-unterwaesche-oma-hoeschen-weisser-elefant-strich-geschenke-fuer-alle-frauen-maenner","status":"publish","type":"product","link":"https:\/\/marktxxl.de\/markt\/produkt\/big-undies-lustiger-witz-gag-geschenk-riesige-mama-undies-rosa-uebergrosse-neuheit-unterwaesche-oma-hoeschen-weisser-elefant-strich-geschenke-fuer-alle-frauen-maenner\/","title":{"rendered":"Cozymate Big Undies Gag Geschenk lustige gro\u00dfe Unterw\u00e4sche Mama Unterw\u00e4sche \u00dcbergr\u00f6\u00dfe Oma H\u00f6schen Wei\u00df Elefant Witz\u2026"},"content":{"rendered":"<p>Oversize Granny Panties \u2013 Gro\u00dfe Unterhosen sind aus bequemem Polyestergewebe und wei\u00dfem Spitzenbesatz, leicht und mit einem elastischen Bund, lustige Unterhosen ideal f\u00fcr Leute wie Sie, die gerne Spa\u00df haben, lol<br \/>\nLachen Sie lauter Scherzartikel, Geschenkidee \u2013 Versuchen Sie, an ein lustiges, seltsames Geschenk f\u00fcr eine wei\u00dfe Elefantenparty mit Gro\u00dfvater, Gro\u00dfmutter, Mutter, Papa und anderen Familie, Freunden oder Kollegen zu denken? Holen Sie sich dies schnell und sehen Sie, was passieren wird<br \/>\nEinheitsgr\u00f6\u00dfe \u2013 Granny Unterhose Gag Geschenk Gr\u00f6\u00dfe ist Taille misst ca. 150 cm 77 cm lang. Unsere Granny Panty Gr\u00f6\u00dfe Design ist die perfekte Waage, nicht zu gro\u00df oder zu klein, geeignet f\u00fcr alle Menschen<br \/>\nGuter Beginn f\u00fcr Gespr\u00e4che \u2013 Sie werden wahrscheinlich nicht merken, wie viele Kommentare Sie erhalten, wenn Sie dieses lustige Geschenk mitbringen. (Spoiler, viel) Dies bietet ein tolles Gespr\u00e4chsthema f\u00fcr lustige Partys, um ein Lachen zu teilen<br \/>\nLustiger Streich \u2013 Dieses perfekte lustige Urlaubsgeschenk ist bereit, jeden auf Familienfeier, Weihnachtsfeier, wei\u00dfem Elefantentag, Jahrestag, Valentinstag, Schwimmparty oder Hochzeitsshow so weiter zum Lachen zu bringen. Also z\u00f6gern Sie nicht, nehmen Sie es heute nach Hause<br \/>\n<div class=\"main-cross-sell\" data-asin=\"B09VBF685H\">\n\n\t<div class=\"WooZone-cross-sell-loader\">\n\t\t<div>\n\t\t\t<div id=\"floatingBarsG\">\n\t\t\t\t<div class=\"blockG\" id=\"rotateG_01\"><\/div>\n\t\t\t\t<div class=\"blockG\" id=\"rotateG_02\"><\/div>\n\t\t\t\t<div class=\"blockG\" id=\"rotateG_03\"><\/div>\n\t\t\t\t<div class=\"blockG\" id=\"rotateG_04\"><\/div>\n\t\t\t\t<div class=\"blockG\" id=\"rotateG_05\"><\/div>\n\t\t\t\t<div class=\"blockG\" id=\"rotateG_06\"><\/div>\n\t\t\t\t<div class=\"blockG\" id=\"rotateG_07\"><\/div>\n\t\t\t\t<div class=\"blockG\" id=\"rotateG_08\"><\/div>\n\t\t\t<\/div>\n\t\t\t<div class=\"WooZone-cross-sell-loader-text\"><\/div>\n\t\t<\/div>\n\t<\/div>\n\n\t\t\n<\/div>\n<div style=\"clear:both;\"><\/div><\/p>\n","protected":false},"excerpt":{"rendered":"<p>Oversize Granny Panties \u2013 Gro\u00dfe Unterhosen sind aus bequemem Polyestergewebe und wei\u00dfem Spitzenbesatz, leicht und mit einem elastischen Bund, lustige Unterhosen ideal f\u00fcr Leute wie Sie, die gerne Spa\u00df haben, lol<br \/>\nLachen Sie lauter Scherzartikel, Geschenkidee \u2013 Versuchen Sie, an ein lustiges, seltsames Geschenk f\u00fcr eine wei\u00dfe Elefantenparty mit Gro\u00dfvater, Gro\u00dfmutter, Mutter, Papa und anderen Familie, Freunden oder Kollegen zu denken? Holen Sie sich dies schnell und sehen Sie, was passieren wird<br \/>\nEinheitsgr\u00f6\u00dfe \u2013 Granny Unterhose Gag Geschenk Gr\u00f6\u00dfe ist Taille misst ca. 150 cm 77 cm lang. Unsere Granny Panty Gr\u00f6\u00dfe Design ist die perfekte Waage, nicht zu gro\u00df oder zu klein, geeignet f\u00fcr alle Menschen<\/p>\n","protected":false},"featured_media":178020,"comment_status":"open","ping_status":"closed","template":"","meta":[],"product_brand":[],"product_cat":[652,3064],"product_tag":[],"class_list":{"0":"post-178019","1":"product","2":"type-product","3":"status-publish","4":"has-post-thumbnail","6":"product_cat-erotik-markt-xxl","7":"product_cat-fesseln-bondage","8":"pa_brand-cozymate","9":"pa_color-rose","10":"pa_manufacturer-cozymate","11":"pa_size-l","13":"first","14":"instock","15":"shipping-taxable","16":"purchasable","17":"product-type-simple","18":"customify-col","19":"product-has-gallery"},"yoast_head":"<!-- This site is optimized with the Yoast SEO plugin v27.4 - https:\/\/yoast.com\/product\/yoast-seo-wordpress\/ -->\n<title>Cozymate Big Undies Gag Geschenk lustige gro\u00dfe Unterw\u00e4sche Mama Unterw\u00e4sche \u00dcbergr\u00f6\u00dfe Oma H\u00f6schen Wei\u00df Elefant Witz\u2026 - Markt-XXL<\/title>\n<meta name=\"description\" content=\"Markt-XXL Cozymate Big Undies Gag Geschenk lustige gro\u00dfe Unterw\u00e4sche Mama Unterw\u00e4sche \u00dcbergr\u00f6\u00dfe Oma H\u00f6schen Wei\u00df Elefant Witz\u2026\" \/>\n<meta name=\"robots\" content=\"index, follow, max-snippet:-1, max-image-preview:large, max-video-preview:-1\" \/>\n<link rel=\"canonical\" href=\"https:\/\/marktxxl.de\/markt\/produkt\/big-undies-lustiger-witz-gag-geschenk-riesige-mama-undies-rosa-uebergrosse-neuheit-unterwaesche-oma-hoeschen-weisser-elefant-strich-geschenke-fuer-alle-frauen-maenner\/\" \/>\n<meta property=\"og:locale\" content=\"de_DE\" \/>\n<meta property=\"og:type\" content=\"article\" \/>\n<meta property=\"og:title\" content=\"Cozymate Big Undies Gag Geschenk lustige gro\u00dfe Unterw\u00e4sche Mama Unterw\u00e4sche \u00dcbergr\u00f6\u00dfe Oma H\u00f6schen Wei\u00df Elefant Witz\u2026 - Markt-XXL\" \/>\n<meta property=\"og:description\" content=\"Markt-XXL Cozymate Big Undies Gag Geschenk lustige gro\u00dfe Unterw\u00e4sche Mama Unterw\u00e4sche \u00dcbergr\u00f6\u00dfe Oma H\u00f6schen Wei\u00df Elefant Witz\u2026\" \/>\n<meta property=\"og:url\" content=\"https:\/\/marktxxl.de\/markt\/produkt\/big-undies-lustiger-witz-gag-geschenk-riesige-mama-undies-rosa-uebergrosse-neuheit-unterwaesche-oma-hoeschen-weisser-elefant-strich-geschenke-fuer-alle-frauen-maenner\/\" \/>\n<meta property=\"og:site_name\" content=\"Markt-XXL\" \/>\n<meta property=\"article:modified_time\" content=\"2023-04-08T02:36:25+00:00\" \/>\n<meta property=\"og:image\" content=\"https:\/\/m.media-amazon.com\/images\/I\/41bE9LDAURL._SL500_.jpg\" \/>\n\t<meta property=\"og:image:width\" content=\"471\" \/>\n\t<meta property=\"og:image:height\" content=\"500\" \/>\n\t<meta property=\"og:image:type\" content=\"image\/jpeg\" \/>\n<meta name=\"twitter:card\" content=\"summary_large_image\" \/>\n<meta name=\"twitter:label1\" content=\"Gesch\u00e4tzte Lesezeit\" \/>\n\t<meta name=\"twitter:data1\" content=\"1\u00a0Minute\" \/>\n<script type=\"application\/ld+json\" class=\"yoast-schema-graph\">{\"@context\":\"https:\\\/\\\/schema.org\",\"@graph\":[{\"@type\":\"WebPage\",\"@id\":\"https:\\\/\\\/marktxxl.de\\\/markt\\\/produkt\\\/big-undies-lustiger-witz-gag-geschenk-riesige-mama-undies-rosa-uebergrosse-neuheit-unterwaesche-oma-hoeschen-weisser-elefant-strich-geschenke-fuer-alle-frauen-maenner\\\/\",\"url\":\"https:\\\/\\\/marktxxl.de\\\/markt\\\/produkt\\\/big-undies-lustiger-witz-gag-geschenk-riesige-mama-undies-rosa-uebergrosse-neuheit-unterwaesche-oma-hoeschen-weisser-elefant-strich-geschenke-fuer-alle-frauen-maenner\\\/\",\"name\":\"Cozymate Big Undies Gag Geschenk lustige gro\u00dfe Unterw\u00e4sche Mama Unterw\u00e4sche \u00dcbergr\u00f6\u00dfe Oma H\u00f6schen Wei\u00df Elefant Witz\u2026 - Markt-XXL\",\"isPartOf\":{\"@id\":\"https:\\\/\\\/marktxxl.de\\\/markt\\\/#website\"},\"primaryImageOfPage\":{\"@id\":\"https:\\\/\\\/marktxxl.de\\\/markt\\\/produkt\\\/big-undies-lustiger-witz-gag-geschenk-riesige-mama-undies-rosa-uebergrosse-neuheit-unterwaesche-oma-hoeschen-weisser-elefant-strich-geschenke-fuer-alle-frauen-maenner\\\/#primaryimage\"},\"image\":{\"@id\":\"https:\\\/\\\/marktxxl.de\\\/markt\\\/produkt\\\/big-undies-lustiger-witz-gag-geschenk-riesige-mama-undies-rosa-uebergrosse-neuheit-unterwaesche-oma-hoeschen-weisser-elefant-strich-geschenke-fuer-alle-frauen-maenner\\\/#primaryimage\"},\"thumbnailUrl\":\"https:\\\/\\\/m.media-amazon.com\\\/images\\\/I\\\/41bE9LDAURL._SL500_.jpg\",\"datePublished\":\"2023-01-09T19:25:36+00:00\",\"dateModified\":\"2023-04-08T02:36:25+00:00\",\"description\":\"Markt-XXL Cozymate Big Undies Gag Geschenk lustige gro\u00dfe Unterw\u00e4sche Mama Unterw\u00e4sche \u00dcbergr\u00f6\u00dfe Oma H\u00f6schen Wei\u00df Elefant Witz\u2026\",\"breadcrumb\":{\"@id\":\"https:\\\/\\\/marktxxl.de\\\/markt\\\/produkt\\\/big-undies-lustiger-witz-gag-geschenk-riesige-mama-undies-rosa-uebergrosse-neuheit-unterwaesche-oma-hoeschen-weisser-elefant-strich-geschenke-fuer-alle-frauen-maenner\\\/#breadcrumb\"},\"inLanguage\":\"de\",\"potentialAction\":[{\"@type\":\"ReadAction\",\"target\":[\"https:\\\/\\\/marktxxl.de\\\/markt\\\/produkt\\\/big-undies-lustiger-witz-gag-geschenk-riesige-mama-undies-rosa-uebergrosse-neuheit-unterwaesche-oma-hoeschen-weisser-elefant-strich-geschenke-fuer-alle-frauen-maenner\\\/\"]}]},{\"@type\":\"ImageObject\",\"inLanguage\":\"de\",\"@id\":\"https:\\\/\\\/marktxxl.de\\\/markt\\\/produkt\\\/big-undies-lustiger-witz-gag-geschenk-riesige-mama-undies-rosa-uebergrosse-neuheit-unterwaesche-oma-hoeschen-weisser-elefant-strich-geschenke-fuer-alle-frauen-maenner\\\/#primaryimage\",\"url\":\"https:\\\/\\\/m.media-amazon.com\\\/images\\\/I\\\/41bE9LDAURL._SL500_.jpg\",\"contentUrl\":\"https:\\\/\\\/m.media-amazon.com\\\/images\\\/I\\\/41bE9LDAURL._SL500_.jpg\",\"width\":471,\"height\":500},{\"@type\":\"BreadcrumbList\",\"@id\":\"https:\\\/\\\/marktxxl.de\\\/markt\\\/produkt\\\/big-undies-lustiger-witz-gag-geschenk-riesige-mama-undies-rosa-uebergrosse-neuheit-unterwaesche-oma-hoeschen-weisser-elefant-strich-geschenke-fuer-alle-frauen-maenner\\\/#breadcrumb\",\"itemListElement\":[{\"@type\":\"ListItem\",\"position\":1,\"name\":\"Startseite\",\"item\":\"https:\\\/\\\/marktxxl.de\\\/markt\\\/\"},{\"@type\":\"ListItem\",\"position\":2,\"name\":\"Markt\",\"item\":\"https:\\\/\\\/marktxxl.de\\\/markt\\\/\"},{\"@type\":\"ListItem\",\"position\":3,\"name\":\"Cozymate Big Undies Gag Geschenk lustige gro\u00dfe Unterw\u00e4sche Mama Unterw\u00e4sche \u00dcbergr\u00f6\u00dfe Oma H\u00f6schen Wei\u00df Elefant Witz\u2026\"}]},{\"@type\":\"WebSite\",\"@id\":\"https:\\\/\\\/marktxxl.de\\\/markt\\\/#website\",\"url\":\"https:\\\/\\\/marktxxl.de\\\/markt\\\/\",\"name\":\"Markt-XXL\",\"description\":\"Ihr Markt Online\",\"publisher\":{\"@id\":\"https:\\\/\\\/marktxxl.de\\\/markt\\\/#organization\"},\"potentialAction\":[{\"@type\":\"SearchAction\",\"target\":{\"@type\":\"EntryPoint\",\"urlTemplate\":\"https:\\\/\\\/marktxxl.de\\\/markt\\\/?s={search_term_string}\"},\"query-input\":{\"@type\":\"PropertyValueSpecification\",\"valueRequired\":true,\"valueName\":\"search_term_string\"}}],\"inLanguage\":\"de\"},{\"@type\":\"Organization\",\"@id\":\"https:\\\/\\\/marktxxl.de\\\/markt\\\/#organization\",\"name\":\"Markt-XXL\",\"url\":\"https:\\\/\\\/marktxxl.de\\\/markt\\\/\",\"logo\":{\"@type\":\"ImageObject\",\"inLanguage\":\"de\",\"@id\":\"https:\\\/\\\/marktxxl.de\\\/markt\\\/#\\\/schema\\\/logo\\\/image\\\/\",\"url\":\"https:\\\/\\\/marktxxl.de\\\/markt\\\/wp-content\\\/uploads\\\/sites\\\/3\\\/2020\\\/12\\\/logo.png\",\"contentUrl\":\"https:\\\/\\\/marktxxl.de\\\/markt\\\/wp-content\\\/uploads\\\/sites\\\/3\\\/2020\\\/12\\\/logo.png\",\"width\":200,\"height\":70,\"caption\":\"Markt-XXL\"},\"image\":{\"@id\":\"https:\\\/\\\/marktxxl.de\\\/markt\\\/#\\\/schema\\\/logo\\\/image\\\/\"}}]}<\/script>\n<!-- \/ Yoast SEO plugin. -->","yoast_head_json":{"title":"Cozymate Big Undies Gag Geschenk lustige gro\u00dfe Unterw\u00e4sche Mama Unterw\u00e4sche \u00dcbergr\u00f6\u00dfe Oma H\u00f6schen Wei\u00df Elefant Witz\u2026 - Markt-XXL","description":"Markt-XXL Cozymate Big Undies Gag Geschenk lustige gro\u00dfe Unterw\u00e4sche Mama Unterw\u00e4sche \u00dcbergr\u00f6\u00dfe Oma H\u00f6schen Wei\u00df Elefant Witz\u2026","robots":{"index":"index","follow":"follow","max-snippet":"max-snippet:-1","max-image-preview":"max-image-preview:large","max-video-preview":"max-video-preview:-1"},"canonical":"https:\/\/marktxxl.de\/markt\/produkt\/big-undies-lustiger-witz-gag-geschenk-riesige-mama-undies-rosa-uebergrosse-neuheit-unterwaesche-oma-hoeschen-weisser-elefant-strich-geschenke-fuer-alle-frauen-maenner\/","og_locale":"de_DE","og_type":"article","og_title":"Cozymate Big Undies Gag Geschenk lustige gro\u00dfe Unterw\u00e4sche Mama Unterw\u00e4sche \u00dcbergr\u00f6\u00dfe Oma H\u00f6schen Wei\u00df Elefant Witz\u2026 - Markt-XXL","og_description":"Markt-XXL Cozymate Big Undies Gag Geschenk lustige gro\u00dfe Unterw\u00e4sche Mama Unterw\u00e4sche \u00dcbergr\u00f6\u00dfe Oma H\u00f6schen Wei\u00df Elefant Witz\u2026","og_url":"https:\/\/marktxxl.de\/markt\/produkt\/big-undies-lustiger-witz-gag-geschenk-riesige-mama-undies-rosa-uebergrosse-neuheit-unterwaesche-oma-hoeschen-weisser-elefant-strich-geschenke-fuer-alle-frauen-maenner\/","og_site_name":"Markt-XXL","article_modified_time":"2023-04-08T02:36:25+00:00","og_image":[{"width":471,"height":500,"url":"https:\/\/m.media-amazon.com\/images\/I\/41bE9LDAURL._SL500_.jpg","type":"image\/jpeg"}],"twitter_card":"summary_large_image","twitter_misc":{"Gesch\u00e4tzte Lesezeit":"1\u00a0Minute"},"schema":{"@context":"https:\/\/schema.org","@graph":[{"@type":"WebPage","@id":"https:\/\/marktxxl.de\/markt\/produkt\/big-undies-lustiger-witz-gag-geschenk-riesige-mama-undies-rosa-uebergrosse-neuheit-unterwaesche-oma-hoeschen-weisser-elefant-strich-geschenke-fuer-alle-frauen-maenner\/","url":"https:\/\/marktxxl.de\/markt\/produkt\/big-undies-lustiger-witz-gag-geschenk-riesige-mama-undies-rosa-uebergrosse-neuheit-unterwaesche-oma-hoeschen-weisser-elefant-strich-geschenke-fuer-alle-frauen-maenner\/","name":"Cozymate Big Undies Gag Geschenk lustige gro\u00dfe Unterw\u00e4sche Mama Unterw\u00e4sche \u00dcbergr\u00f6\u00dfe Oma H\u00f6schen Wei\u00df Elefant Witz\u2026 - Markt-XXL","isPartOf":{"@id":"https:\/\/marktxxl.de\/markt\/#website"},"primaryImageOfPage":{"@id":"https:\/\/marktxxl.de\/markt\/produkt\/big-undies-lustiger-witz-gag-geschenk-riesige-mama-undies-rosa-uebergrosse-neuheit-unterwaesche-oma-hoeschen-weisser-elefant-strich-geschenke-fuer-alle-frauen-maenner\/#primaryimage"},"image":{"@id":"https:\/\/marktxxl.de\/markt\/produkt\/big-undies-lustiger-witz-gag-geschenk-riesige-mama-undies-rosa-uebergrosse-neuheit-unterwaesche-oma-hoeschen-weisser-elefant-strich-geschenke-fuer-alle-frauen-maenner\/#primaryimage"},"thumbnailUrl":"https:\/\/m.media-amazon.com\/images\/I\/41bE9LDAURL._SL500_.jpg","datePublished":"2023-01-09T19:25:36+00:00","dateModified":"2023-04-08T02:36:25+00:00","description":"Markt-XXL Cozymate Big Undies Gag Geschenk lustige gro\u00dfe Unterw\u00e4sche Mama Unterw\u00e4sche \u00dcbergr\u00f6\u00dfe Oma H\u00f6schen Wei\u00df Elefant Witz\u2026","breadcrumb":{"@id":"https:\/\/marktxxl.de\/markt\/produkt\/big-undies-lustiger-witz-gag-geschenk-riesige-mama-undies-rosa-uebergrosse-neuheit-unterwaesche-oma-hoeschen-weisser-elefant-strich-geschenke-fuer-alle-frauen-maenner\/#breadcrumb"},"inLanguage":"de","potentialAction":[{"@type":"ReadAction","target":["https:\/\/marktxxl.de\/markt\/produkt\/big-undies-lustiger-witz-gag-geschenk-riesige-mama-undies-rosa-uebergrosse-neuheit-unterwaesche-oma-hoeschen-weisser-elefant-strich-geschenke-fuer-alle-frauen-maenner\/"]}]},{"@type":"ImageObject","inLanguage":"de","@id":"https:\/\/marktxxl.de\/markt\/produkt\/big-undies-lustiger-witz-gag-geschenk-riesige-mama-undies-rosa-uebergrosse-neuheit-unterwaesche-oma-hoeschen-weisser-elefant-strich-geschenke-fuer-alle-frauen-maenner\/#primaryimage","url":"https:\/\/m.media-amazon.com\/images\/I\/41bE9LDAURL._SL500_.jpg","contentUrl":"https:\/\/m.media-amazon.com\/images\/I\/41bE9LDAURL._SL500_.jpg","width":471,"height":500},{"@type":"BreadcrumbList","@id":"https:\/\/marktxxl.de\/markt\/produkt\/big-undies-lustiger-witz-gag-geschenk-riesige-mama-undies-rosa-uebergrosse-neuheit-unterwaesche-oma-hoeschen-weisser-elefant-strich-geschenke-fuer-alle-frauen-maenner\/#breadcrumb","itemListElement":[{"@type":"ListItem","position":1,"name":"Startseite","item":"https:\/\/marktxxl.de\/markt\/"},{"@type":"ListItem","position":2,"name":"Markt","item":"https:\/\/marktxxl.de\/markt\/"},{"@type":"ListItem","position":3,"name":"Cozymate Big Undies Gag Geschenk lustige gro\u00dfe Unterw\u00e4sche Mama Unterw\u00e4sche \u00dcbergr\u00f6\u00dfe Oma H\u00f6schen Wei\u00df Elefant Witz\u2026"}]},{"@type":"WebSite","@id":"https:\/\/marktxxl.de\/markt\/#website","url":"https:\/\/marktxxl.de\/markt\/","name":"Markt-XXL","description":"Ihr Markt Online","publisher":{"@id":"https:\/\/marktxxl.de\/markt\/#organization"},"potentialAction":[{"@type":"SearchAction","target":{"@type":"EntryPoint","urlTemplate":"https:\/\/marktxxl.de\/markt\/?s={search_term_string}"},"query-input":{"@type":"PropertyValueSpecification","valueRequired":true,"valueName":"search_term_string"}}],"inLanguage":"de"},{"@type":"Organization","@id":"https:\/\/marktxxl.de\/markt\/#organization","name":"Markt-XXL","url":"https:\/\/marktxxl.de\/markt\/","logo":{"@type":"ImageObject","inLanguage":"de","@id":"https:\/\/marktxxl.de\/markt\/#\/schema\/logo\/image\/","url":"https:\/\/marktxxl.de\/markt\/wp-content\/uploads\/sites\/3\/2020\/12\/logo.png","contentUrl":"https:\/\/marktxxl.de\/markt\/wp-content\/uploads\/sites\/3\/2020\/12\/logo.png","width":200,"height":70,"caption":"Markt-XXL"},"image":{"@id":"https:\/\/marktxxl.de\/markt\/#\/schema\/logo\/image\/"}}]}},"_links":{"self":[{"href":"https:\/\/marktxxl.de\/markt\/wp-json\/wp\/v2\/product\/178019","targetHints":{"allow":["GET"]}}],"collection":[{"href":"https:\/\/marktxxl.de\/markt\/wp-json\/wp\/v2\/product"}],"about":[{"href":"https:\/\/marktxxl.de\/markt\/wp-json\/wp\/v2\/types\/product"}],"replies":[{"embeddable":true,"href":"https:\/\/marktxxl.de\/markt\/wp-json\/wp\/v2\/comments?post=178019"}],"wp:featuredmedia":[{"embeddable":true,"href":"https:\/\/marktxxl.de\/markt\/wp-json\/wp\/v2\/media\/178020"}],"wp:attachment":[{"href":"https:\/\/marktxxl.de\/markt\/wp-json\/wp\/v2\/media?parent=178019"}],"wp:term":[{"taxonomy":"product_brand","embeddable":true,"href":"https:\/\/marktxxl.de\/markt\/wp-json\/wp\/v2\/product_brand?post=178019"},{"taxonomy":"product_cat","embeddable":true,"href":"https:\/\/marktxxl.de\/markt\/wp-json\/wp\/v2\/product_cat?post=178019"},{"taxonomy":"product_tag","embeddable":true,"href":"https:\/\/marktxxl.de\/markt\/wp-json\/wp\/v2\/product_tag?post=178019"}],"curies":[{"name":"wp","href":"https:\/\/api.w.org\/{rel}","templated":true}]}}