{"id":178004,"date":"2023-01-09T20:25:14","date_gmt":"2023-01-09T19:25:14","guid":{"rendered":"https:\/\/marktxxl.de\/markt\/produkt\/flacher-geraendelter-schluessel-standard-handschellen-schluessel-mit-abnehmbarem-schluesselanhaenger-schwarz-2-stueck\/"},"modified":"2023-04-08T04:36:25","modified_gmt":"2023-04-08T02:36:25","slug":"flacher-geraendelter-schluessel-standard-handschellen-schluessel-mit-abnehmbarem-schluesselanhaenger-schwarz-2-stueck","status":"publish","type":"product","link":"https:\/\/marktxxl.de\/markt\/produkt\/flacher-geraendelter-schluessel-standard-handschellen-schluessel-mit-abnehmbarem-schluesselanhaenger-schwarz-2-stueck\/","title":{"rendered":"Flacher ger\u00e4ndelter Schl\u00fcssel, Standard-Handschellen-Schl\u00fcssel mit abnehmbarem Schl\u00fcsselanh\u00e4nger, Schwarz, 2 St\u00fcck"},"content":{"rendered":"<p>Flacher ger\u00e4ndelter Drehschl\u00fcssel, aus starkem Polymer f\u00fcr Haltbarkeit. Es handelt sich um einen 360-Grad-Drehschl\u00fcssel, der f\u00fcr alle g\u00e4ngigen Handschellen entworfen wurde. Mit dem abnehmbaren Schl\u00fcsselanh\u00e4nger kann dieser Standard-Handschellen-Schl\u00fcssel leicht am Schl\u00fcsselbund getragen werden.<br \/>\nDas hervorragende Design des R\u00fcckensets erm\u00f6glicht eine schnelle Positionierung der Handschellen-Schl\u00fcsselbahn. Dadurch erm\u00f6glicht dieser Schl\u00fcssel das schnellste \u00d6ffnen aller g\u00e4ngigen Handschellen, ideal f\u00fcr Polizei- und Feuerwehragenturen oder Nutzer von taktischer Ausr\u00fcstung.<br \/>\nGetestet f\u00fcr den anspruchsvollen Einsatz, kann der Handschellen-Schl\u00fcssel den Strapazen der langfristigen Arbeit standhalten und maximale Haltbarkeit gew\u00e4hrleisten. Mit Sicherheits-Entriegelungsstift. Im Falle einer ungewollten Situation verwenden Sie einfach den Stift zum Entriegeln.<br \/>\nGer\u00e4ndelte Griffe des flachen, ger\u00e4ndelten Drehschl\u00fcssels erh\u00f6hen die Griffigkeit. Der Benutzer kann den Schl\u00fcssel leicht halten, ohne ihn zu verrutschen oder ihn instabil zu halten. Deutlich verbessertes Nutzungsgef\u00fchl in besonderen Momenten.<br \/>\nDer schwarze Handschellen-Schl\u00fcssel kommt mit einem abnehmbaren Schl\u00fcsselring, ist ideal f\u00fcr taktische Ausr\u00fcstung, um sich unter einem schwarzen G\u00fcrtel zu verstecken. Dieser Drehschl\u00fcssel und unsere taktischen Schl\u00fcsselringhalter sind die besten Partner.<br \/>\n<div class=\"main-cross-sell\" data-asin=\"B09W98BZP3\">\n\n\t<div class=\"WooZone-cross-sell-loader\">\n\t\t<div>\n\t\t\t<div id=\"floatingBarsG\">\n\t\t\t\t<div class=\"blockG\" id=\"rotateG_01\"><\/div>\n\t\t\t\t<div class=\"blockG\" id=\"rotateG_02\"><\/div>\n\t\t\t\t<div class=\"blockG\" id=\"rotateG_03\"><\/div>\n\t\t\t\t<div class=\"blockG\" id=\"rotateG_04\"><\/div>\n\t\t\t\t<div class=\"blockG\" id=\"rotateG_05\"><\/div>\n\t\t\t\t<div class=\"blockG\" id=\"rotateG_06\"><\/div>\n\t\t\t\t<div class=\"blockG\" id=\"rotateG_07\"><\/div>\n\t\t\t\t<div class=\"blockG\" id=\"rotateG_08\"><\/div>\n\t\t\t<\/div>\n\t\t\t<div class=\"WooZone-cross-sell-loader-text\"><\/div>\n\t\t<\/div>\n\t<\/div>\n\n\t\t\n<\/div>\n<div style=\"clear:both;\"><\/div><\/p>\n","protected":false},"excerpt":{"rendered":"<p>Flacher ger\u00e4ndelter Drehschl\u00fcssel, aus starkem Polymer f\u00fcr Haltbarkeit. Es handelt sich um einen 360-Grad-Drehschl\u00fcssel, der f\u00fcr alle g\u00e4ngigen Handschellen entworfen wurde. Mit dem abnehmbaren Schl\u00fcsselanh\u00e4nger kann dieser Standard-Handschellen-Schl\u00fcssel leicht am Schl\u00fcsselbund getragen werden.<br \/>\nDas hervorragende Design des R\u00fcckensets erm\u00f6glicht eine schnelle Positionierung der Handschellen-Schl\u00fcsselbahn. Dadurch erm\u00f6glicht dieser Schl\u00fcssel das schnellste \u00d6ffnen aller g\u00e4ngigen Handschellen, ideal f\u00fcr Polizei- und Feuerwehragenturen oder Nutzer von taktischer Ausr\u00fcstung.<br \/>\nGetestet f\u00fcr den anspruchsvollen Einsatz, kann der Handschellen-Schl\u00fcssel den Strapazen der langfristigen Arbeit standhalten und maximale Haltbarkeit gew\u00e4hrleisten. Mit Sicherheits-Entriegelungsstift. Im Falle einer ungewollten Situation verwenden Sie einfach den Stift zum Entriegeln.<\/p>\n","protected":false},"featured_media":178005,"comment_status":"open","ping_status":"closed","template":"","meta":[],"product_brand":[],"product_cat":[652,3064],"product_tag":[],"class_list":{"0":"post-178004","1":"product","2":"type-product","3":"status-publish","4":"has-post-thumbnail","6":"product_cat-erotik-markt-xxl","7":"product_cat-fesseln-bondage","8":"pa_brand-jotovo","9":"pa_color-schwarz","10":"pa_manufacturer-jotovo","11":"pa_size-einheitsgroesse","13":"first","14":"instock","15":"shipping-taxable","16":"purchasable","17":"product-type-simple","18":"customify-col","19":"product-has-gallery"},"yoast_head":"<!-- This site is optimized with the Yoast SEO plugin v27.3 - https:\/\/yoast.com\/product\/yoast-seo-wordpress\/ -->\n<title>Flacher ger\u00e4ndelter Schl\u00fcssel, Standard-Handschellen-Schl\u00fcssel mit abnehmbarem Schl\u00fcsselanh\u00e4nger, Schwarz, 2 St\u00fcck - Markt-XXL<\/title>\n<meta name=\"description\" content=\"Markt-XXL Flacher ger\u00e4ndelter Schl\u00fcssel, Standard-Handschellen-Schl\u00fcssel mit abnehmbarem Schl\u00fcsselanh\u00e4nger, Schwarz, 2 St\u00fcck\" \/>\n<meta name=\"robots\" content=\"index, follow, max-snippet:-1, max-image-preview:large, max-video-preview:-1\" \/>\n<link rel=\"canonical\" href=\"https:\/\/marktxxl.de\/markt\/produkt\/flacher-geraendelter-schluessel-standard-handschellen-schluessel-mit-abnehmbarem-schluesselanhaenger-schwarz-2-stueck\/\" \/>\n<meta property=\"og:locale\" content=\"de_DE\" \/>\n<meta property=\"og:type\" content=\"article\" \/>\n<meta property=\"og:title\" content=\"Flacher ger\u00e4ndelter Schl\u00fcssel, Standard-Handschellen-Schl\u00fcssel mit abnehmbarem Schl\u00fcsselanh\u00e4nger, Schwarz, 2 St\u00fcck - Markt-XXL\" \/>\n<meta property=\"og:description\" content=\"Markt-XXL Flacher ger\u00e4ndelter Schl\u00fcssel, Standard-Handschellen-Schl\u00fcssel mit abnehmbarem Schl\u00fcsselanh\u00e4nger, Schwarz, 2 St\u00fcck\" \/>\n<meta property=\"og:url\" content=\"https:\/\/marktxxl.de\/markt\/produkt\/flacher-geraendelter-schluessel-standard-handschellen-schluessel-mit-abnehmbarem-schluesselanhaenger-schwarz-2-stueck\/\" \/>\n<meta property=\"og:site_name\" content=\"Markt-XXL\" \/>\n<meta property=\"article:modified_time\" content=\"2023-04-08T02:36:25+00:00\" \/>\n<meta property=\"og:image\" content=\"https:\/\/m.media-amazon.com\/images\/I\/41ZosOhyHAL._SL500_.jpg\" \/>\n\t<meta property=\"og:image:width\" content=\"500\" \/>\n\t<meta property=\"og:image:height\" content=\"500\" \/>\n\t<meta property=\"og:image:type\" content=\"image\/jpeg\" \/>\n<meta name=\"twitter:card\" content=\"summary_large_image\" \/>\n<meta name=\"twitter:label1\" content=\"Gesch\u00e4tzte Lesezeit\" \/>\n\t<meta name=\"twitter:data1\" content=\"1\u00a0Minute\" \/>\n<script type=\"application\/ld+json\" class=\"yoast-schema-graph\">{\"@context\":\"https:\\\/\\\/schema.org\",\"@graph\":[{\"@type\":\"WebPage\",\"@id\":\"https:\\\/\\\/marktxxl.de\\\/markt\\\/produkt\\\/flacher-geraendelter-schluessel-standard-handschellen-schluessel-mit-abnehmbarem-schluesselanhaenger-schwarz-2-stueck\\\/\",\"url\":\"https:\\\/\\\/marktxxl.de\\\/markt\\\/produkt\\\/flacher-geraendelter-schluessel-standard-handschellen-schluessel-mit-abnehmbarem-schluesselanhaenger-schwarz-2-stueck\\\/\",\"name\":\"Flacher ger\u00e4ndelter Schl\u00fcssel, Standard-Handschellen-Schl\u00fcssel mit abnehmbarem Schl\u00fcsselanh\u00e4nger, Schwarz, 2 St\u00fcck - Markt-XXL\",\"isPartOf\":{\"@id\":\"https:\\\/\\\/marktxxl.de\\\/markt\\\/#website\"},\"primaryImageOfPage\":{\"@id\":\"https:\\\/\\\/marktxxl.de\\\/markt\\\/produkt\\\/flacher-geraendelter-schluessel-standard-handschellen-schluessel-mit-abnehmbarem-schluesselanhaenger-schwarz-2-stueck\\\/#primaryimage\"},\"image\":{\"@id\":\"https:\\\/\\\/marktxxl.de\\\/markt\\\/produkt\\\/flacher-geraendelter-schluessel-standard-handschellen-schluessel-mit-abnehmbarem-schluesselanhaenger-schwarz-2-stueck\\\/#primaryimage\"},\"thumbnailUrl\":\"https:\\\/\\\/m.media-amazon.com\\\/images\\\/I\\\/41ZosOhyHAL._SL500_.jpg\",\"datePublished\":\"2023-01-09T19:25:14+00:00\",\"dateModified\":\"2023-04-08T02:36:25+00:00\",\"description\":\"Markt-XXL Flacher ger\u00e4ndelter Schl\u00fcssel, Standard-Handschellen-Schl\u00fcssel mit abnehmbarem Schl\u00fcsselanh\u00e4nger, Schwarz, 2 St\u00fcck\",\"breadcrumb\":{\"@id\":\"https:\\\/\\\/marktxxl.de\\\/markt\\\/produkt\\\/flacher-geraendelter-schluessel-standard-handschellen-schluessel-mit-abnehmbarem-schluesselanhaenger-schwarz-2-stueck\\\/#breadcrumb\"},\"inLanguage\":\"de\",\"potentialAction\":[{\"@type\":\"ReadAction\",\"target\":[\"https:\\\/\\\/marktxxl.de\\\/markt\\\/produkt\\\/flacher-geraendelter-schluessel-standard-handschellen-schluessel-mit-abnehmbarem-schluesselanhaenger-schwarz-2-stueck\\\/\"]}]},{\"@type\":\"ImageObject\",\"inLanguage\":\"de\",\"@id\":\"https:\\\/\\\/marktxxl.de\\\/markt\\\/produkt\\\/flacher-geraendelter-schluessel-standard-handschellen-schluessel-mit-abnehmbarem-schluesselanhaenger-schwarz-2-stueck\\\/#primaryimage\",\"url\":\"https:\\\/\\\/m.media-amazon.com\\\/images\\\/I\\\/41ZosOhyHAL._SL500_.jpg\",\"contentUrl\":\"https:\\\/\\\/m.media-amazon.com\\\/images\\\/I\\\/41ZosOhyHAL._SL500_.jpg\",\"width\":500,\"height\":500},{\"@type\":\"BreadcrumbList\",\"@id\":\"https:\\\/\\\/marktxxl.de\\\/markt\\\/produkt\\\/flacher-geraendelter-schluessel-standard-handschellen-schluessel-mit-abnehmbarem-schluesselanhaenger-schwarz-2-stueck\\\/#breadcrumb\",\"itemListElement\":[{\"@type\":\"ListItem\",\"position\":1,\"name\":\"Startseite\",\"item\":\"https:\\\/\\\/marktxxl.de\\\/markt\\\/\"},{\"@type\":\"ListItem\",\"position\":2,\"name\":\"Markt\",\"item\":\"https:\\\/\\\/marktxxl.de\\\/markt\\\/\"},{\"@type\":\"ListItem\",\"position\":3,\"name\":\"Flacher ger\u00e4ndelter Schl\u00fcssel, Standard-Handschellen-Schl\u00fcssel mit abnehmbarem Schl\u00fcsselanh\u00e4nger, Schwarz, 2 St\u00fcck\"}]},{\"@type\":\"WebSite\",\"@id\":\"https:\\\/\\\/marktxxl.de\\\/markt\\\/#website\",\"url\":\"https:\\\/\\\/marktxxl.de\\\/markt\\\/\",\"name\":\"Markt-XXL\",\"description\":\"Ihr Markt Online\",\"publisher\":{\"@id\":\"https:\\\/\\\/marktxxl.de\\\/markt\\\/#organization\"},\"potentialAction\":[{\"@type\":\"SearchAction\",\"target\":{\"@type\":\"EntryPoint\",\"urlTemplate\":\"https:\\\/\\\/marktxxl.de\\\/markt\\\/?s={search_term_string}\"},\"query-input\":{\"@type\":\"PropertyValueSpecification\",\"valueRequired\":true,\"valueName\":\"search_term_string\"}}],\"inLanguage\":\"de\"},{\"@type\":\"Organization\",\"@id\":\"https:\\\/\\\/marktxxl.de\\\/markt\\\/#organization\",\"name\":\"Markt-XXL\",\"url\":\"https:\\\/\\\/marktxxl.de\\\/markt\\\/\",\"logo\":{\"@type\":\"ImageObject\",\"inLanguage\":\"de\",\"@id\":\"https:\\\/\\\/marktxxl.de\\\/markt\\\/#\\\/schema\\\/logo\\\/image\\\/\",\"url\":\"https:\\\/\\\/marktxxl.de\\\/markt\\\/wp-content\\\/uploads\\\/sites\\\/3\\\/2020\\\/12\\\/logo.png\",\"contentUrl\":\"https:\\\/\\\/marktxxl.de\\\/markt\\\/wp-content\\\/uploads\\\/sites\\\/3\\\/2020\\\/12\\\/logo.png\",\"width\":200,\"height\":70,\"caption\":\"Markt-XXL\"},\"image\":{\"@id\":\"https:\\\/\\\/marktxxl.de\\\/markt\\\/#\\\/schema\\\/logo\\\/image\\\/\"}}]}<\/script>\n<!-- \/ Yoast SEO plugin. -->","yoast_head_json":{"title":"Flacher ger\u00e4ndelter Schl\u00fcssel, Standard-Handschellen-Schl\u00fcssel mit abnehmbarem Schl\u00fcsselanh\u00e4nger, Schwarz, 2 St\u00fcck - Markt-XXL","description":"Markt-XXL Flacher ger\u00e4ndelter Schl\u00fcssel, Standard-Handschellen-Schl\u00fcssel mit abnehmbarem Schl\u00fcsselanh\u00e4nger, Schwarz, 2 St\u00fcck","robots":{"index":"index","follow":"follow","max-snippet":"max-snippet:-1","max-image-preview":"max-image-preview:large","max-video-preview":"max-video-preview:-1"},"canonical":"https:\/\/marktxxl.de\/markt\/produkt\/flacher-geraendelter-schluessel-standard-handschellen-schluessel-mit-abnehmbarem-schluesselanhaenger-schwarz-2-stueck\/","og_locale":"de_DE","og_type":"article","og_title":"Flacher ger\u00e4ndelter Schl\u00fcssel, Standard-Handschellen-Schl\u00fcssel mit abnehmbarem Schl\u00fcsselanh\u00e4nger, Schwarz, 2 St\u00fcck - Markt-XXL","og_description":"Markt-XXL Flacher ger\u00e4ndelter Schl\u00fcssel, Standard-Handschellen-Schl\u00fcssel mit abnehmbarem Schl\u00fcsselanh\u00e4nger, Schwarz, 2 St\u00fcck","og_url":"https:\/\/marktxxl.de\/markt\/produkt\/flacher-geraendelter-schluessel-standard-handschellen-schluessel-mit-abnehmbarem-schluesselanhaenger-schwarz-2-stueck\/","og_site_name":"Markt-XXL","article_modified_time":"2023-04-08T02:36:25+00:00","og_image":[{"width":500,"height":500,"url":"https:\/\/m.media-amazon.com\/images\/I\/41ZosOhyHAL._SL500_.jpg","type":"image\/jpeg"}],"twitter_card":"summary_large_image","twitter_misc":{"Gesch\u00e4tzte Lesezeit":"1\u00a0Minute"},"schema":{"@context":"https:\/\/schema.org","@graph":[{"@type":"WebPage","@id":"https:\/\/marktxxl.de\/markt\/produkt\/flacher-geraendelter-schluessel-standard-handschellen-schluessel-mit-abnehmbarem-schluesselanhaenger-schwarz-2-stueck\/","url":"https:\/\/marktxxl.de\/markt\/produkt\/flacher-geraendelter-schluessel-standard-handschellen-schluessel-mit-abnehmbarem-schluesselanhaenger-schwarz-2-stueck\/","name":"Flacher ger\u00e4ndelter Schl\u00fcssel, Standard-Handschellen-Schl\u00fcssel mit abnehmbarem Schl\u00fcsselanh\u00e4nger, Schwarz, 2 St\u00fcck - Markt-XXL","isPartOf":{"@id":"https:\/\/marktxxl.de\/markt\/#website"},"primaryImageOfPage":{"@id":"https:\/\/marktxxl.de\/markt\/produkt\/flacher-geraendelter-schluessel-standard-handschellen-schluessel-mit-abnehmbarem-schluesselanhaenger-schwarz-2-stueck\/#primaryimage"},"image":{"@id":"https:\/\/marktxxl.de\/markt\/produkt\/flacher-geraendelter-schluessel-standard-handschellen-schluessel-mit-abnehmbarem-schluesselanhaenger-schwarz-2-stueck\/#primaryimage"},"thumbnailUrl":"https:\/\/m.media-amazon.com\/images\/I\/41ZosOhyHAL._SL500_.jpg","datePublished":"2023-01-09T19:25:14+00:00","dateModified":"2023-04-08T02:36:25+00:00","description":"Markt-XXL Flacher ger\u00e4ndelter Schl\u00fcssel, Standard-Handschellen-Schl\u00fcssel mit abnehmbarem Schl\u00fcsselanh\u00e4nger, Schwarz, 2 St\u00fcck","breadcrumb":{"@id":"https:\/\/marktxxl.de\/markt\/produkt\/flacher-geraendelter-schluessel-standard-handschellen-schluessel-mit-abnehmbarem-schluesselanhaenger-schwarz-2-stueck\/#breadcrumb"},"inLanguage":"de","potentialAction":[{"@type":"ReadAction","target":["https:\/\/marktxxl.de\/markt\/produkt\/flacher-geraendelter-schluessel-standard-handschellen-schluessel-mit-abnehmbarem-schluesselanhaenger-schwarz-2-stueck\/"]}]},{"@type":"ImageObject","inLanguage":"de","@id":"https:\/\/marktxxl.de\/markt\/produkt\/flacher-geraendelter-schluessel-standard-handschellen-schluessel-mit-abnehmbarem-schluesselanhaenger-schwarz-2-stueck\/#primaryimage","url":"https:\/\/m.media-amazon.com\/images\/I\/41ZosOhyHAL._SL500_.jpg","contentUrl":"https:\/\/m.media-amazon.com\/images\/I\/41ZosOhyHAL._SL500_.jpg","width":500,"height":500},{"@type":"BreadcrumbList","@id":"https:\/\/marktxxl.de\/markt\/produkt\/flacher-geraendelter-schluessel-standard-handschellen-schluessel-mit-abnehmbarem-schluesselanhaenger-schwarz-2-stueck\/#breadcrumb","itemListElement":[{"@type":"ListItem","position":1,"name":"Startseite","item":"https:\/\/marktxxl.de\/markt\/"},{"@type":"ListItem","position":2,"name":"Markt","item":"https:\/\/marktxxl.de\/markt\/"},{"@type":"ListItem","position":3,"name":"Flacher ger\u00e4ndelter Schl\u00fcssel, Standard-Handschellen-Schl\u00fcssel mit abnehmbarem Schl\u00fcsselanh\u00e4nger, Schwarz, 2 St\u00fcck"}]},{"@type":"WebSite","@id":"https:\/\/marktxxl.de\/markt\/#website","url":"https:\/\/marktxxl.de\/markt\/","name":"Markt-XXL","description":"Ihr Markt Online","publisher":{"@id":"https:\/\/marktxxl.de\/markt\/#organization"},"potentialAction":[{"@type":"SearchAction","target":{"@type":"EntryPoint","urlTemplate":"https:\/\/marktxxl.de\/markt\/?s={search_term_string}"},"query-input":{"@type":"PropertyValueSpecification","valueRequired":true,"valueName":"search_term_string"}}],"inLanguage":"de"},{"@type":"Organization","@id":"https:\/\/marktxxl.de\/markt\/#organization","name":"Markt-XXL","url":"https:\/\/marktxxl.de\/markt\/","logo":{"@type":"ImageObject","inLanguage":"de","@id":"https:\/\/marktxxl.de\/markt\/#\/schema\/logo\/image\/","url":"https:\/\/marktxxl.de\/markt\/wp-content\/uploads\/sites\/3\/2020\/12\/logo.png","contentUrl":"https:\/\/marktxxl.de\/markt\/wp-content\/uploads\/sites\/3\/2020\/12\/logo.png","width":200,"height":70,"caption":"Markt-XXL"},"image":{"@id":"https:\/\/marktxxl.de\/markt\/#\/schema\/logo\/image\/"}}]}},"_links":{"self":[{"href":"https:\/\/marktxxl.de\/markt\/wp-json\/wp\/v2\/product\/178004","targetHints":{"allow":["GET"]}}],"collection":[{"href":"https:\/\/marktxxl.de\/markt\/wp-json\/wp\/v2\/product"}],"about":[{"href":"https:\/\/marktxxl.de\/markt\/wp-json\/wp\/v2\/types\/product"}],"replies":[{"embeddable":true,"href":"https:\/\/marktxxl.de\/markt\/wp-json\/wp\/v2\/comments?post=178004"}],"wp:featuredmedia":[{"embeddable":true,"href":"https:\/\/marktxxl.de\/markt\/wp-json\/wp\/v2\/media\/178005"}],"wp:attachment":[{"href":"https:\/\/marktxxl.de\/markt\/wp-json\/wp\/v2\/media?parent=178004"}],"wp:term":[{"taxonomy":"product_brand","embeddable":true,"href":"https:\/\/marktxxl.de\/markt\/wp-json\/wp\/v2\/product_brand?post=178004"},{"taxonomy":"product_cat","embeddable":true,"href":"https:\/\/marktxxl.de\/markt\/wp-json\/wp\/v2\/product_cat?post=178004"},{"taxonomy":"product_tag","embeddable":true,"href":"https:\/\/marktxxl.de\/markt\/wp-json\/wp\/v2\/product_tag?post=178004"}],"curies":[{"name":"wp","href":"https:\/\/api.w.org\/{rel}","templated":true}]}}