{"id":177996,"date":"2023-01-09T20:11:43","date_gmt":"2023-01-09T19:11:43","guid":{"rendered":"https:\/\/marktxxl.de\/markt\/produkt\/nuvita-9846-junior-carry-on-winter-buggy-universal-fusssack-2-in-1-fuer-kinderwagen-autositz-80-x-48-cm-waermeisoliert-wasserdicht-und-winddicht-0-36-monate-warm-bis-10c-gross\/"},"modified":"2023-04-08T04:36:25","modified_gmt":"2023-04-08T02:36:25","slug":"nuvita-9846-junior-carry-on-winter-buggy-universal-fusssack-2-in-1-fuer-kinderwagen-autositz-80-x-48-cm-waermeisoliert-wasserdicht-und-winddicht-0-36-monate-warm-bis-10c-gross","status":"publish","type":"product","link":"https:\/\/marktxxl.de\/markt\/produkt\/nuvita-9846-junior-carry-on-winter-buggy-universal-fusssack-2-in-1-fuer-kinderwagen-autositz-80-x-48-cm-waermeisoliert-wasserdicht-und-winddicht-0-36-monate-warm-bis-10c-gross\/","title":{"rendered":"Nuvita 9845 Junior Carry On Universal Footmuff Fu\u00dfsack 2-in-1 f\u00fcr Kinderwagen, Buggys, Fusssack Babyschale, Autositz\u2026"},"content":{"rendered":"<p>\ud83d\udc76 HALTEN SIE IHR BABY IN STIL UND WARM: Ob Sie nun mit dem Auto oder drau\u00dfen unterwegs sind, der stylische Nuvita Junior City Fu\u00dfsack f\u00fcr neugeborene h\u00e4lt ihr Baby kuschelig und warm, ganz egal wie das Wetter spielt. Der Fusssack besitzt eine Kapuze mit verstellbarer Kordel am Kragen f\u00fcr noch mehr Style und W\u00e4rme sowie einer Sicherheitstasche f\u00fcr die Kordel. F\u00fcr Herbst und Winter<br \/>\n\ud83d\udc76 SANFT ZU IHREM BABY: Der Nuvita Wintersack babyschale f\u00fcr Kinderwagen besitzt ein weiches und atmungsaktives Innenfutter, das sanft zur Babyhaut ist. Die Oberfl\u00e4che ist leicht korallen und aus samtartigem Stoff, der sich sehr weich anf\u00fchlt und die K\u00f6rperw\u00e4rme beibeh\u00e4lt. \u2013 Extra Schichten von unn\u00f6tiger Kleidung oder extra Klamotten in Ihrer Tasche sind nicht mehr n\u00f6tig. Mit dieser erstaunlichen zubeh\u00f6r ist Ihr Baby absolut sicher<br \/>\n\ud83d\udc76 2 IN 1: Der Fusssack kann in zwei abnehmbare Teile geteilt werden, welche mit einem Kordelzug und doppelten Rei\u00dfverschluss verbunden sind, dieser Fusssack ist f\u00fcr Babys bis zu 36 Mon.. Die Baby-Version ohne den unteren Teil misst 80cmx48cm und kann in einem Kinderwagen verwendet werden. Die Kinderversion (Vollgr\u00f6\u00dfe) misst 105cmx48cm und ist f\u00fcr den Einsatz in Kinderwagen \/ Buggy geeignet. Der untere Teil kann nun, in eine praktische Babytasche umgewandelt werden.<br \/>\n\ud83d\udc76 UNIVERSALE PASSFORM UND PFLEGELEICHT: Unser Fu\u00dfsack f\u00fcr Kinderwagen ist in der Gr\u00f6\u00dfe universal passend f\u00fcr die meisten Kinderwagen. Er ist so leicht zu verwenden und passend mit einer gro\u00dfen Klettverschluss-\u00d6ffnung an der R\u00fcckseite f\u00fcr die Gurte und mit seinem rutschfesten Material. Die Au\u00dfenh\u00fclle aus 100% Polyester ist komplett waschbar bei 30 Grad und die Fu\u00df\u00f6ffnung besteht aus waschbarem Innenstoff.<br \/>\n\ud83d\udc76 SCHUTZ VOR EXTREMEN WETTERBEDINGUNGEN \u2013 Der Nuvita Junior City Fu\u00dfsack f\u00fcr Kinderwagen wird aus widerstandsf\u00e4higem Polyester hergestellt. Er ist leicht, fleckenresistent, wasserabweisend und winddicht. Das hochwertige Polyesterfutter h\u00e4lt selbst bei Temperaturen von bis zu -10 Grad warm.<br \/>\n<div class=\"main-cross-sell\" data-asin=\"B07G8971GP\">\n\n\t<div class=\"WooZone-cross-sell-loader\">\n\t\t<div>\n\t\t\t<div id=\"floatingBarsG\">\n\t\t\t\t<div class=\"blockG\" id=\"rotateG_01\"><\/div>\n\t\t\t\t<div class=\"blockG\" id=\"rotateG_02\"><\/div>\n\t\t\t\t<div class=\"blockG\" id=\"rotateG_03\"><\/div>\n\t\t\t\t<div class=\"blockG\" id=\"rotateG_04\"><\/div>\n\t\t\t\t<div class=\"blockG\" id=\"rotateG_05\"><\/div>\n\t\t\t\t<div class=\"blockG\" id=\"rotateG_06\"><\/div>\n\t\t\t\t<div class=\"blockG\" id=\"rotateG_07\"><\/div>\n\t\t\t\t<div class=\"blockG\" id=\"rotateG_08\"><\/div>\n\t\t\t<\/div>\n\t\t\t<div class=\"WooZone-cross-sell-loader-text\"><\/div>\n\t\t<\/div>\n\t<\/div>\n\n\t\t\n<\/div>\n<div style=\"clear:both;\"><\/div><\/p>\n","protected":false},"excerpt":{"rendered":"<p>\ud83d\udc76 HALTEN SIE IHR BABY IN STIL UND WARM: Ob Sie nun mit dem Auto oder drau\u00dfen unterwegs sind, der stylische Nuvita Junior City Fu\u00dfsack f\u00fcr neugeborene h\u00e4lt ihr Baby kuschelig und warm, ganz egal wie das Wetter spielt. Der Fusssack besitzt eine Kapuze mit verstellbarer Kordel am Kragen f\u00fcr noch mehr Style und W\u00e4rme sowie einer Sicherheitstasche f\u00fcr die Kordel. F\u00fcr Herbst und Winter<br \/>\n\ud83d\udc76 SANFT ZU IHREM BABY: Der Nuvita Wintersack babyschale f\u00fcr Kinderwagen besitzt ein weiches und atmungsaktives Innenfutter, das sanft zur Babyhaut ist. Die Oberfl\u00e4che ist leicht korallen und aus samtartigem Stoff, der sich sehr weich anf\u00fchlt und die K\u00f6rperw\u00e4rme beibeh\u00e4lt. \u2013 Extra Schichten von unn\u00f6tiger Kleidung oder extra Klamotten in Ihrer Tasche sind nicht mehr n\u00f6tig. Mit dieser erstaunlichen zubeh\u00f6r ist Ihr Baby absolut sicher<br \/>\n\ud83d\udc76 2 IN 1: Der Fusssack kann in zwei abnehmbare Teile geteilt werden, welche mit einem Kordelzug und doppelten Rei\u00dfverschluss verbunden sind, dieser Fusssack ist f\u00fcr Babys bis zu 36 Mon.. Die Baby-Version ohne den unteren Teil misst 80cmx48cm und kann in einem Kinderwagen verwendet werden. Die Kinderversion (Vollgr\u00f6\u00dfe) misst 105cmx48cm und ist f\u00fcr den Einsatz in Kinderwagen \/ Buggy geeignet. Der untere Teil kann nun, in eine praktische Babytasche umgewandelt werden.<\/p>\n","protected":false},"featured_media":177997,"comment_status":"open","ping_status":"closed","template":"","meta":[],"product_brand":[],"product_cat":[8765,21],"product_tag":[],"class_list":{"0":"post-177996","1":"product","2":"type-product","3":"status-publish","4":"has-post-thumbnail","6":"product_cat-autositze-zubehoer-baby","7":"product_cat-baby","8":"pa_brand-nuvita","9":"pa_manufacturer-nuvita","11":"first","12":"instock","13":"shipping-taxable","14":"purchasable","15":"product-type-simple","16":"customify-col","17":"product-has-gallery"},"yoast_head":"<!-- This site is optimized with the Yoast SEO plugin v27.4 - https:\/\/yoast.com\/product\/yoast-seo-wordpress\/ -->\n<title>Nuvita 9845 Junior Carry On Universal Footmuff Fu\u00dfsack 2-in-1 f\u00fcr Kinderwagen, Buggys, Fusssack Babyschale, Autositz\u2026 - Markt-XXL<\/title>\n<meta name=\"description\" content=\"Markt-XXL Nuvita 9845 Junior Carry On Universal Footmuff Fu\u00dfsack 2-in-1 f\u00fcr Kinderwagen, Buggys, Fusssack Babyschale, Autositz\u2026\" \/>\n<meta name=\"robots\" content=\"index, follow, max-snippet:-1, max-image-preview:large, max-video-preview:-1\" \/>\n<link rel=\"canonical\" href=\"https:\/\/marktxxl.de\/markt\/produkt\/nuvita-9846-junior-carry-on-winter-buggy-universal-fusssack-2-in-1-fuer-kinderwagen-autositz-80-x-48-cm-waermeisoliert-wasserdicht-und-winddicht-0-36-monate-warm-bis-10c-gross\/\" \/>\n<meta property=\"og:locale\" content=\"de_DE\" \/>\n<meta property=\"og:type\" content=\"article\" \/>\n<meta property=\"og:title\" content=\"Nuvita 9845 Junior Carry On Universal Footmuff Fu\u00dfsack 2-in-1 f\u00fcr Kinderwagen, Buggys, Fusssack Babyschale, Autositz\u2026 - Markt-XXL\" \/>\n<meta property=\"og:description\" content=\"Markt-XXL Nuvita 9845 Junior Carry On Universal Footmuff Fu\u00dfsack 2-in-1 f\u00fcr Kinderwagen, Buggys, Fusssack Babyschale, Autositz\u2026\" \/>\n<meta property=\"og:url\" content=\"https:\/\/marktxxl.de\/markt\/produkt\/nuvita-9846-junior-carry-on-winter-buggy-universal-fusssack-2-in-1-fuer-kinderwagen-autositz-80-x-48-cm-waermeisoliert-wasserdicht-und-winddicht-0-36-monate-warm-bis-10c-gross\/\" \/>\n<meta property=\"og:site_name\" content=\"Markt-XXL\" \/>\n<meta property=\"article:modified_time\" content=\"2023-04-08T02:36:25+00:00\" \/>\n<meta property=\"og:image\" content=\"https:\/\/m.media-amazon.com\/images\/I\/31S6pSGcJuL._SL500_.jpg\" \/>\n\t<meta property=\"og:image:width\" content=\"500\" \/>\n\t<meta property=\"og:image:height\" content=\"500\" \/>\n\t<meta property=\"og:image:type\" content=\"image\/jpeg\" \/>\n<meta name=\"twitter:card\" content=\"summary_large_image\" \/>\n<meta name=\"twitter:label1\" content=\"Gesch\u00e4tzte Lesezeit\" \/>\n\t<meta name=\"twitter:data1\" content=\"2\u00a0Minuten\" \/>\n<script type=\"application\/ld+json\" class=\"yoast-schema-graph\">{\"@context\":\"https:\\\/\\\/schema.org\",\"@graph\":[{\"@type\":\"WebPage\",\"@id\":\"https:\\\/\\\/marktxxl.de\\\/markt\\\/produkt\\\/nuvita-9846-junior-carry-on-winter-buggy-universal-fusssack-2-in-1-fuer-kinderwagen-autositz-80-x-48-cm-waermeisoliert-wasserdicht-und-winddicht-0-36-monate-warm-bis-10c-gross\\\/\",\"url\":\"https:\\\/\\\/marktxxl.de\\\/markt\\\/produkt\\\/nuvita-9846-junior-carry-on-winter-buggy-universal-fusssack-2-in-1-fuer-kinderwagen-autositz-80-x-48-cm-waermeisoliert-wasserdicht-und-winddicht-0-36-monate-warm-bis-10c-gross\\\/\",\"name\":\"Nuvita 9845 Junior Carry On Universal Footmuff Fu\u00dfsack 2-in-1 f\u00fcr Kinderwagen, Buggys, Fusssack Babyschale, Autositz\u2026 - Markt-XXL\",\"isPartOf\":{\"@id\":\"https:\\\/\\\/marktxxl.de\\\/markt\\\/#website\"},\"primaryImageOfPage\":{\"@id\":\"https:\\\/\\\/marktxxl.de\\\/markt\\\/produkt\\\/nuvita-9846-junior-carry-on-winter-buggy-universal-fusssack-2-in-1-fuer-kinderwagen-autositz-80-x-48-cm-waermeisoliert-wasserdicht-und-winddicht-0-36-monate-warm-bis-10c-gross\\\/#primaryimage\"},\"image\":{\"@id\":\"https:\\\/\\\/marktxxl.de\\\/markt\\\/produkt\\\/nuvita-9846-junior-carry-on-winter-buggy-universal-fusssack-2-in-1-fuer-kinderwagen-autositz-80-x-48-cm-waermeisoliert-wasserdicht-und-winddicht-0-36-monate-warm-bis-10c-gross\\\/#primaryimage\"},\"thumbnailUrl\":\"https:\\\/\\\/m.media-amazon.com\\\/images\\\/I\\\/31S6pSGcJuL._SL500_.jpg\",\"datePublished\":\"2023-01-09T19:11:43+00:00\",\"dateModified\":\"2023-04-08T02:36:25+00:00\",\"description\":\"Markt-XXL Nuvita 9845 Junior Carry On Universal Footmuff Fu\u00dfsack 2-in-1 f\u00fcr Kinderwagen, Buggys, Fusssack Babyschale, Autositz\u2026\",\"breadcrumb\":{\"@id\":\"https:\\\/\\\/marktxxl.de\\\/markt\\\/produkt\\\/nuvita-9846-junior-carry-on-winter-buggy-universal-fusssack-2-in-1-fuer-kinderwagen-autositz-80-x-48-cm-waermeisoliert-wasserdicht-und-winddicht-0-36-monate-warm-bis-10c-gross\\\/#breadcrumb\"},\"inLanguage\":\"de\",\"potentialAction\":[{\"@type\":\"ReadAction\",\"target\":[\"https:\\\/\\\/marktxxl.de\\\/markt\\\/produkt\\\/nuvita-9846-junior-carry-on-winter-buggy-universal-fusssack-2-in-1-fuer-kinderwagen-autositz-80-x-48-cm-waermeisoliert-wasserdicht-und-winddicht-0-36-monate-warm-bis-10c-gross\\\/\"]}]},{\"@type\":\"ImageObject\",\"inLanguage\":\"de\",\"@id\":\"https:\\\/\\\/marktxxl.de\\\/markt\\\/produkt\\\/nuvita-9846-junior-carry-on-winter-buggy-universal-fusssack-2-in-1-fuer-kinderwagen-autositz-80-x-48-cm-waermeisoliert-wasserdicht-und-winddicht-0-36-monate-warm-bis-10c-gross\\\/#primaryimage\",\"url\":\"https:\\\/\\\/m.media-amazon.com\\\/images\\\/I\\\/31S6pSGcJuL._SL500_.jpg\",\"contentUrl\":\"https:\\\/\\\/m.media-amazon.com\\\/images\\\/I\\\/31S6pSGcJuL._SL500_.jpg\",\"width\":500,\"height\":500},{\"@type\":\"BreadcrumbList\",\"@id\":\"https:\\\/\\\/marktxxl.de\\\/markt\\\/produkt\\\/nuvita-9846-junior-carry-on-winter-buggy-universal-fusssack-2-in-1-fuer-kinderwagen-autositz-80-x-48-cm-waermeisoliert-wasserdicht-und-winddicht-0-36-monate-warm-bis-10c-gross\\\/#breadcrumb\",\"itemListElement\":[{\"@type\":\"ListItem\",\"position\":1,\"name\":\"Startseite\",\"item\":\"https:\\\/\\\/marktxxl.de\\\/markt\\\/\"},{\"@type\":\"ListItem\",\"position\":2,\"name\":\"Markt\",\"item\":\"https:\\\/\\\/marktxxl.de\\\/markt\\\/\"},{\"@type\":\"ListItem\",\"position\":3,\"name\":\"Nuvita 9845 Junior Carry On Universal Footmuff Fu\u00dfsack 2-in-1 f\u00fcr Kinderwagen, Buggys, Fusssack Babyschale, Autositz\u2026\"}]},{\"@type\":\"WebSite\",\"@id\":\"https:\\\/\\\/marktxxl.de\\\/markt\\\/#website\",\"url\":\"https:\\\/\\\/marktxxl.de\\\/markt\\\/\",\"name\":\"Markt-XXL\",\"description\":\"Ihr Markt Online\",\"publisher\":{\"@id\":\"https:\\\/\\\/marktxxl.de\\\/markt\\\/#organization\"},\"potentialAction\":[{\"@type\":\"SearchAction\",\"target\":{\"@type\":\"EntryPoint\",\"urlTemplate\":\"https:\\\/\\\/marktxxl.de\\\/markt\\\/?s={search_term_string}\"},\"query-input\":{\"@type\":\"PropertyValueSpecification\",\"valueRequired\":true,\"valueName\":\"search_term_string\"}}],\"inLanguage\":\"de\"},{\"@type\":\"Organization\",\"@id\":\"https:\\\/\\\/marktxxl.de\\\/markt\\\/#organization\",\"name\":\"Markt-XXL\",\"url\":\"https:\\\/\\\/marktxxl.de\\\/markt\\\/\",\"logo\":{\"@type\":\"ImageObject\",\"inLanguage\":\"de\",\"@id\":\"https:\\\/\\\/marktxxl.de\\\/markt\\\/#\\\/schema\\\/logo\\\/image\\\/\",\"url\":\"https:\\\/\\\/marktxxl.de\\\/markt\\\/wp-content\\\/uploads\\\/sites\\\/3\\\/2020\\\/12\\\/logo.png\",\"contentUrl\":\"https:\\\/\\\/marktxxl.de\\\/markt\\\/wp-content\\\/uploads\\\/sites\\\/3\\\/2020\\\/12\\\/logo.png\",\"width\":200,\"height\":70,\"caption\":\"Markt-XXL\"},\"image\":{\"@id\":\"https:\\\/\\\/marktxxl.de\\\/markt\\\/#\\\/schema\\\/logo\\\/image\\\/\"}}]}<\/script>\n<!-- \/ Yoast SEO plugin. -->","yoast_head_json":{"title":"Nuvita 9845 Junior Carry On Universal Footmuff Fu\u00dfsack 2-in-1 f\u00fcr Kinderwagen, Buggys, Fusssack Babyschale, Autositz\u2026 - Markt-XXL","description":"Markt-XXL Nuvita 9845 Junior Carry On Universal Footmuff Fu\u00dfsack 2-in-1 f\u00fcr Kinderwagen, Buggys, Fusssack Babyschale, Autositz\u2026","robots":{"index":"index","follow":"follow","max-snippet":"max-snippet:-1","max-image-preview":"max-image-preview:large","max-video-preview":"max-video-preview:-1"},"canonical":"https:\/\/marktxxl.de\/markt\/produkt\/nuvita-9846-junior-carry-on-winter-buggy-universal-fusssack-2-in-1-fuer-kinderwagen-autositz-80-x-48-cm-waermeisoliert-wasserdicht-und-winddicht-0-36-monate-warm-bis-10c-gross\/","og_locale":"de_DE","og_type":"article","og_title":"Nuvita 9845 Junior Carry On Universal Footmuff Fu\u00dfsack 2-in-1 f\u00fcr Kinderwagen, Buggys, Fusssack Babyschale, Autositz\u2026 - Markt-XXL","og_description":"Markt-XXL Nuvita 9845 Junior Carry On Universal Footmuff Fu\u00dfsack 2-in-1 f\u00fcr Kinderwagen, Buggys, Fusssack Babyschale, Autositz\u2026","og_url":"https:\/\/marktxxl.de\/markt\/produkt\/nuvita-9846-junior-carry-on-winter-buggy-universal-fusssack-2-in-1-fuer-kinderwagen-autositz-80-x-48-cm-waermeisoliert-wasserdicht-und-winddicht-0-36-monate-warm-bis-10c-gross\/","og_site_name":"Markt-XXL","article_modified_time":"2023-04-08T02:36:25+00:00","og_image":[{"width":500,"height":500,"url":"https:\/\/m.media-amazon.com\/images\/I\/31S6pSGcJuL._SL500_.jpg","type":"image\/jpeg"}],"twitter_card":"summary_large_image","twitter_misc":{"Gesch\u00e4tzte Lesezeit":"2\u00a0Minuten"},"schema":{"@context":"https:\/\/schema.org","@graph":[{"@type":"WebPage","@id":"https:\/\/marktxxl.de\/markt\/produkt\/nuvita-9846-junior-carry-on-winter-buggy-universal-fusssack-2-in-1-fuer-kinderwagen-autositz-80-x-48-cm-waermeisoliert-wasserdicht-und-winddicht-0-36-monate-warm-bis-10c-gross\/","url":"https:\/\/marktxxl.de\/markt\/produkt\/nuvita-9846-junior-carry-on-winter-buggy-universal-fusssack-2-in-1-fuer-kinderwagen-autositz-80-x-48-cm-waermeisoliert-wasserdicht-und-winddicht-0-36-monate-warm-bis-10c-gross\/","name":"Nuvita 9845 Junior Carry On Universal Footmuff Fu\u00dfsack 2-in-1 f\u00fcr Kinderwagen, Buggys, Fusssack Babyschale, Autositz\u2026 - Markt-XXL","isPartOf":{"@id":"https:\/\/marktxxl.de\/markt\/#website"},"primaryImageOfPage":{"@id":"https:\/\/marktxxl.de\/markt\/produkt\/nuvita-9846-junior-carry-on-winter-buggy-universal-fusssack-2-in-1-fuer-kinderwagen-autositz-80-x-48-cm-waermeisoliert-wasserdicht-und-winddicht-0-36-monate-warm-bis-10c-gross\/#primaryimage"},"image":{"@id":"https:\/\/marktxxl.de\/markt\/produkt\/nuvita-9846-junior-carry-on-winter-buggy-universal-fusssack-2-in-1-fuer-kinderwagen-autositz-80-x-48-cm-waermeisoliert-wasserdicht-und-winddicht-0-36-monate-warm-bis-10c-gross\/#primaryimage"},"thumbnailUrl":"https:\/\/m.media-amazon.com\/images\/I\/31S6pSGcJuL._SL500_.jpg","datePublished":"2023-01-09T19:11:43+00:00","dateModified":"2023-04-08T02:36:25+00:00","description":"Markt-XXL Nuvita 9845 Junior Carry On Universal Footmuff Fu\u00dfsack 2-in-1 f\u00fcr Kinderwagen, Buggys, Fusssack Babyschale, Autositz\u2026","breadcrumb":{"@id":"https:\/\/marktxxl.de\/markt\/produkt\/nuvita-9846-junior-carry-on-winter-buggy-universal-fusssack-2-in-1-fuer-kinderwagen-autositz-80-x-48-cm-waermeisoliert-wasserdicht-und-winddicht-0-36-monate-warm-bis-10c-gross\/#breadcrumb"},"inLanguage":"de","potentialAction":[{"@type":"ReadAction","target":["https:\/\/marktxxl.de\/markt\/produkt\/nuvita-9846-junior-carry-on-winter-buggy-universal-fusssack-2-in-1-fuer-kinderwagen-autositz-80-x-48-cm-waermeisoliert-wasserdicht-und-winddicht-0-36-monate-warm-bis-10c-gross\/"]}]},{"@type":"ImageObject","inLanguage":"de","@id":"https:\/\/marktxxl.de\/markt\/produkt\/nuvita-9846-junior-carry-on-winter-buggy-universal-fusssack-2-in-1-fuer-kinderwagen-autositz-80-x-48-cm-waermeisoliert-wasserdicht-und-winddicht-0-36-monate-warm-bis-10c-gross\/#primaryimage","url":"https:\/\/m.media-amazon.com\/images\/I\/31S6pSGcJuL._SL500_.jpg","contentUrl":"https:\/\/m.media-amazon.com\/images\/I\/31S6pSGcJuL._SL500_.jpg","width":500,"height":500},{"@type":"BreadcrumbList","@id":"https:\/\/marktxxl.de\/markt\/produkt\/nuvita-9846-junior-carry-on-winter-buggy-universal-fusssack-2-in-1-fuer-kinderwagen-autositz-80-x-48-cm-waermeisoliert-wasserdicht-und-winddicht-0-36-monate-warm-bis-10c-gross\/#breadcrumb","itemListElement":[{"@type":"ListItem","position":1,"name":"Startseite","item":"https:\/\/marktxxl.de\/markt\/"},{"@type":"ListItem","position":2,"name":"Markt","item":"https:\/\/marktxxl.de\/markt\/"},{"@type":"ListItem","position":3,"name":"Nuvita 9845 Junior Carry On Universal Footmuff Fu\u00dfsack 2-in-1 f\u00fcr Kinderwagen, Buggys, Fusssack Babyschale, Autositz\u2026"}]},{"@type":"WebSite","@id":"https:\/\/marktxxl.de\/markt\/#website","url":"https:\/\/marktxxl.de\/markt\/","name":"Markt-XXL","description":"Ihr Markt Online","publisher":{"@id":"https:\/\/marktxxl.de\/markt\/#organization"},"potentialAction":[{"@type":"SearchAction","target":{"@type":"EntryPoint","urlTemplate":"https:\/\/marktxxl.de\/markt\/?s={search_term_string}"},"query-input":{"@type":"PropertyValueSpecification","valueRequired":true,"valueName":"search_term_string"}}],"inLanguage":"de"},{"@type":"Organization","@id":"https:\/\/marktxxl.de\/markt\/#organization","name":"Markt-XXL","url":"https:\/\/marktxxl.de\/markt\/","logo":{"@type":"ImageObject","inLanguage":"de","@id":"https:\/\/marktxxl.de\/markt\/#\/schema\/logo\/image\/","url":"https:\/\/marktxxl.de\/markt\/wp-content\/uploads\/sites\/3\/2020\/12\/logo.png","contentUrl":"https:\/\/marktxxl.de\/markt\/wp-content\/uploads\/sites\/3\/2020\/12\/logo.png","width":200,"height":70,"caption":"Markt-XXL"},"image":{"@id":"https:\/\/marktxxl.de\/markt\/#\/schema\/logo\/image\/"}}]}},"_links":{"self":[{"href":"https:\/\/marktxxl.de\/markt\/wp-json\/wp\/v2\/product\/177996","targetHints":{"allow":["GET"]}}],"collection":[{"href":"https:\/\/marktxxl.de\/markt\/wp-json\/wp\/v2\/product"}],"about":[{"href":"https:\/\/marktxxl.de\/markt\/wp-json\/wp\/v2\/types\/product"}],"replies":[{"embeddable":true,"href":"https:\/\/marktxxl.de\/markt\/wp-json\/wp\/v2\/comments?post=177996"}],"wp:featuredmedia":[{"embeddable":true,"href":"https:\/\/marktxxl.de\/markt\/wp-json\/wp\/v2\/media\/177997"}],"wp:attachment":[{"href":"https:\/\/marktxxl.de\/markt\/wp-json\/wp\/v2\/media?parent=177996"}],"wp:term":[{"taxonomy":"product_brand","embeddable":true,"href":"https:\/\/marktxxl.de\/markt\/wp-json\/wp\/v2\/product_brand?post=177996"},{"taxonomy":"product_cat","embeddable":true,"href":"https:\/\/marktxxl.de\/markt\/wp-json\/wp\/v2\/product_cat?post=177996"},{"taxonomy":"product_tag","embeddable":true,"href":"https:\/\/marktxxl.de\/markt\/wp-json\/wp\/v2\/product_tag?post=177996"}],"curies":[{"name":"wp","href":"https:\/\/api.w.org\/{rel}","templated":true}]}}