{"id":177776,"date":"2023-01-04T18:40:31","date_gmt":"2023-01-04T17:40:31","guid":{"rendered":"https:\/\/marktxxl.de\/markt\/produkt\/ella-bonna-mini-fleece-stiefel-mit-rutschfester-unterseite-flexibel-fuer-babys-jungen-maedchen-kleinkinder\/"},"modified":"2023-04-08T04:36:21","modified_gmt":"2023-04-08T02:36:21","slug":"ella-bonna-mini-fleece-stiefel-mit-rutschfester-unterseite-flexibel-fuer-babys-jungen-maedchen-kleinkinder","status":"publish","type":"product","link":"https:\/\/marktxxl.de\/markt\/produkt\/ella-bonna-mini-fleece-stiefel-mit-rutschfester-unterseite-flexibel-fuer-babys-jungen-maedchen-kleinkinder\/","title":{"rendered":"Ella Bonna Mini-Fleece-Stiefel mit rutschfester Unterseite, flexibel, f\u00fcr Babys, Jungen, M\u00e4dchen, Kleinkinder"},"content":{"rendered":"<p>Super gem\u00fctliches Fleece \u2013 100 % Bio-Baumwolle: Ella Bonna Stiefel mit Fleece-Au\u00dfenseite f\u00fcr Stil, und Innenfutter aus 100 % Bio-Baumwolle, damit die kleinen Zehen warm und bequem bleiben, aber nicht \u00fcberhitzen.<br \/>\n\u2764\ufe0f Entz\u00fcckende Geschenkidee: Ella Bonna Polar Booties sind entworfen, um auf den F\u00fc\u00dfen Ihres Babys zu bleiben. Sie sind leicht anzuziehen und bleiben auf Babys F\u00fc\u00dfen und Kn\u00f6cheln. Vor allem h\u00e4lt das Fleece-Material die Zehen des Kleinkindes warm. Es ist auch eine entz\u00fcckende Geschenkidee f\u00fcr Babypartys und Geburtstage von Neugeborenen<br \/>\n\ud83c\udf08 S\u00fc\u00dfe Ber\u00fchrung: Ella Bonna&#8217;s Prewalker Babyschuhe sind in einer Vielzahl von Farben erh\u00e4ltlich. Babysch\u00fchchen bieten die w\u00e4rmste und s\u00fc\u00dfeste Note. Die Sohle hat eine gro\u00dfe Menge an Grip, um ein Verrutschen zu verhindern. Sie sind perfekt f\u00fcr die F\u00fc\u00dfe Ihres Babys w\u00e4hrend der ersten Schritte<br \/>\n\ud83d\udc15 EINFACH EINSTELLBAR &#8211; Ella Bonna Booties haben zwei Level-Druckkn\u00f6pfe, die es sehr verstellbar und leicht anzuziehen machen. Die Sohle besteht aus Fleecestoff und die Innensohle ist gepolstert f\u00fcr maximalen Komfort. Es kann gedreht und gebogen werden, so dass Babys F\u00fc\u00dfe frei bewegen k\u00f6nnen<br \/>\n\ud83d\udccc HANDGEFERTIGT IN DER T\u00dcRKEI &#8211; Alle Schuhe werden mit Geschick und Hingabe gelernt und \u00fcber Jahrzehnte getragen. Das Fleece, das aus der T\u00fcrkei genommen wird, verwandelt sich in ein Paar bequeme Babyschuhe mit fachm\u00e4nnischer Handwerkskunst. Maschinenwaschbar. Nur kaltes Wasser.<br \/>\n<div class=\"main-cross-sell\" data-asin=\"B08VS7LQ9X\">\n\n\t<div class=\"WooZone-cross-sell-loader\">\n\t\t<div>\n\t\t\t<div id=\"floatingBarsG\">\n\t\t\t\t<div class=\"blockG\" id=\"rotateG_01\"><\/div>\n\t\t\t\t<div class=\"blockG\" id=\"rotateG_02\"><\/div>\n\t\t\t\t<div class=\"blockG\" id=\"rotateG_03\"><\/div>\n\t\t\t\t<div class=\"blockG\" id=\"rotateG_04\"><\/div>\n\t\t\t\t<div class=\"blockG\" id=\"rotateG_05\"><\/div>\n\t\t\t\t<div class=\"blockG\" id=\"rotateG_06\"><\/div>\n\t\t\t\t<div class=\"blockG\" id=\"rotateG_07\"><\/div>\n\t\t\t\t<div class=\"blockG\" id=\"rotateG_08\"><\/div>\n\t\t\t<\/div>\n\t\t\t<div class=\"WooZone-cross-sell-loader-text\"><\/div>\n\t\t<\/div>\n\t<\/div>\n\n\t\t\n<\/div>\n<div style=\"clear:both;\"><\/div><\/p>\n","protected":false},"excerpt":{"rendered":"<p>Super gem\u00fctliches Fleece \u2013 100 % Bio-Baumwolle: Ella Bonna Stiefel mit Fleece-Au\u00dfenseite f\u00fcr Stil, und Innenfutter aus 100 % Bio-Baumwolle, damit die kleinen Zehen warm und bequem bleiben, aber nicht \u00fcberhitzen.<br \/>\n\u2764\ufe0f Entz\u00fcckende Geschenkidee: Ella Bonna Polar Booties sind entworfen, um auf den F\u00fc\u00dfen Ihres Babys zu bleiben. Sie sind leicht anzuziehen und bleiben auf Babys F\u00fc\u00dfen und Kn\u00f6cheln. Vor allem h\u00e4lt das Fleece-Material die Zehen des Kleinkindes warm. Es ist auch eine entz\u00fcckende Geschenkidee f\u00fcr Babypartys und Geburtstage von Neugeborenen<br \/>\n\ud83c\udf08 S\u00fc\u00dfe Ber\u00fchrung: Ella Bonna&#8217;s Prewalker Babyschuhe sind in einer Vielzahl von Farben erh\u00e4ltlich. Babysch\u00fchchen bieten die w\u00e4rmste und s\u00fc\u00dfeste Note. Die Sohle hat eine gro\u00dfe Menge an Grip, um ein Verrutschen zu verhindern. Sie sind perfekt f\u00fcr die F\u00fc\u00dfe Ihres Babys w\u00e4hrend der ersten Schritte<\/p>\n","protected":false},"featured_media":177777,"comment_status":"open","ping_status":"closed","template":"","meta":[],"product_brand":[],"product_cat":[21,9036],"product_tag":[],"class_list":{"0":"post-177776","1":"product","2":"type-product","3":"status-publish","4":"has-post-thumbnail","6":"product_cat-baby","7":"product_cat-babyschuhe-baby","8":"pa_binding-textilien","9":"pa_brand-ella-bonna","10":"pa_manufacturer-ella-bonna","11":"pa_model-eb200","12":"pa_size-3-18-monate","14":"first","15":"instock","16":"shipping-taxable","17":"purchasable","18":"product-type-simple","19":"customify-col","20":"product-has-gallery"},"yoast_head":"<!-- This site is optimized with the Yoast SEO plugin v27.4 - https:\/\/yoast.com\/product\/yoast-seo-wordpress\/ -->\n<title>Ella Bonna Mini-Fleece-Stiefel mit rutschfester Unterseite, flexibel, f\u00fcr Babys, Jungen, M\u00e4dchen, Kleinkinder - Markt-XXL<\/title>\n<meta name=\"description\" content=\"Markt-XXL Ella Bonna Mini-Fleece-Stiefel mit rutschfester Unterseite, flexibel, f\u00fcr Babys, Jungen, M\u00e4dchen, Kleinkinder\" \/>\n<meta name=\"robots\" content=\"index, follow, max-snippet:-1, max-image-preview:large, max-video-preview:-1\" \/>\n<link rel=\"canonical\" href=\"https:\/\/marktxxl.de\/markt\/produkt\/ella-bonna-mini-fleece-stiefel-mit-rutschfester-unterseite-flexibel-fuer-babys-jungen-maedchen-kleinkinder\/\" \/>\n<meta property=\"og:locale\" content=\"de_DE\" \/>\n<meta property=\"og:type\" content=\"article\" \/>\n<meta property=\"og:title\" content=\"Ella Bonna Mini-Fleece-Stiefel mit rutschfester Unterseite, flexibel, f\u00fcr Babys, Jungen, M\u00e4dchen, Kleinkinder - Markt-XXL\" \/>\n<meta property=\"og:description\" content=\"Markt-XXL Ella Bonna Mini-Fleece-Stiefel mit rutschfester Unterseite, flexibel, f\u00fcr Babys, Jungen, M\u00e4dchen, Kleinkinder\" \/>\n<meta property=\"og:url\" content=\"https:\/\/marktxxl.de\/markt\/produkt\/ella-bonna-mini-fleece-stiefel-mit-rutschfester-unterseite-flexibel-fuer-babys-jungen-maedchen-kleinkinder\/\" \/>\n<meta property=\"og:site_name\" content=\"Markt-XXL\" \/>\n<meta property=\"article:modified_time\" content=\"2023-04-08T02:36:21+00:00\" \/>\n<meta property=\"og:image\" content=\"https:\/\/m.media-amazon.com\/images\/I\/41RZWNKnIpL._SL500_.jpg\" \/>\n\t<meta property=\"og:image:width\" content=\"500\" \/>\n\t<meta property=\"og:image:height\" content=\"500\" \/>\n\t<meta property=\"og:image:type\" content=\"image\/jpeg\" \/>\n<meta name=\"twitter:card\" content=\"summary_large_image\" \/>\n<meta name=\"twitter:label1\" content=\"Gesch\u00e4tzte Lesezeit\" \/>\n\t<meta name=\"twitter:data1\" content=\"1\u00a0Minute\" \/>\n<script type=\"application\/ld+json\" class=\"yoast-schema-graph\">{\"@context\":\"https:\\\/\\\/schema.org\",\"@graph\":[{\"@type\":\"WebPage\",\"@id\":\"https:\\\/\\\/marktxxl.de\\\/markt\\\/produkt\\\/ella-bonna-mini-fleece-stiefel-mit-rutschfester-unterseite-flexibel-fuer-babys-jungen-maedchen-kleinkinder\\\/\",\"url\":\"https:\\\/\\\/marktxxl.de\\\/markt\\\/produkt\\\/ella-bonna-mini-fleece-stiefel-mit-rutschfester-unterseite-flexibel-fuer-babys-jungen-maedchen-kleinkinder\\\/\",\"name\":\"Ella Bonna Mini-Fleece-Stiefel mit rutschfester Unterseite, flexibel, f\u00fcr Babys, Jungen, M\u00e4dchen, Kleinkinder - Markt-XXL\",\"isPartOf\":{\"@id\":\"https:\\\/\\\/marktxxl.de\\\/markt\\\/#website\"},\"primaryImageOfPage\":{\"@id\":\"https:\\\/\\\/marktxxl.de\\\/markt\\\/produkt\\\/ella-bonna-mini-fleece-stiefel-mit-rutschfester-unterseite-flexibel-fuer-babys-jungen-maedchen-kleinkinder\\\/#primaryimage\"},\"image\":{\"@id\":\"https:\\\/\\\/marktxxl.de\\\/markt\\\/produkt\\\/ella-bonna-mini-fleece-stiefel-mit-rutschfester-unterseite-flexibel-fuer-babys-jungen-maedchen-kleinkinder\\\/#primaryimage\"},\"thumbnailUrl\":\"https:\\\/\\\/m.media-amazon.com\\\/images\\\/I\\\/41RZWNKnIpL._SL500_.jpg\",\"datePublished\":\"2023-01-04T17:40:31+00:00\",\"dateModified\":\"2023-04-08T02:36:21+00:00\",\"description\":\"Markt-XXL Ella Bonna Mini-Fleece-Stiefel mit rutschfester Unterseite, flexibel, f\u00fcr Babys, Jungen, M\u00e4dchen, Kleinkinder\",\"breadcrumb\":{\"@id\":\"https:\\\/\\\/marktxxl.de\\\/markt\\\/produkt\\\/ella-bonna-mini-fleece-stiefel-mit-rutschfester-unterseite-flexibel-fuer-babys-jungen-maedchen-kleinkinder\\\/#breadcrumb\"},\"inLanguage\":\"de\",\"potentialAction\":[{\"@type\":\"ReadAction\",\"target\":[\"https:\\\/\\\/marktxxl.de\\\/markt\\\/produkt\\\/ella-bonna-mini-fleece-stiefel-mit-rutschfester-unterseite-flexibel-fuer-babys-jungen-maedchen-kleinkinder\\\/\"]}]},{\"@type\":\"ImageObject\",\"inLanguage\":\"de\",\"@id\":\"https:\\\/\\\/marktxxl.de\\\/markt\\\/produkt\\\/ella-bonna-mini-fleece-stiefel-mit-rutschfester-unterseite-flexibel-fuer-babys-jungen-maedchen-kleinkinder\\\/#primaryimage\",\"url\":\"https:\\\/\\\/m.media-amazon.com\\\/images\\\/I\\\/41RZWNKnIpL._SL500_.jpg\",\"contentUrl\":\"https:\\\/\\\/m.media-amazon.com\\\/images\\\/I\\\/41RZWNKnIpL._SL500_.jpg\",\"width\":500,\"height\":500},{\"@type\":\"BreadcrumbList\",\"@id\":\"https:\\\/\\\/marktxxl.de\\\/markt\\\/produkt\\\/ella-bonna-mini-fleece-stiefel-mit-rutschfester-unterseite-flexibel-fuer-babys-jungen-maedchen-kleinkinder\\\/#breadcrumb\",\"itemListElement\":[{\"@type\":\"ListItem\",\"position\":1,\"name\":\"Startseite\",\"item\":\"https:\\\/\\\/marktxxl.de\\\/markt\\\/\"},{\"@type\":\"ListItem\",\"position\":2,\"name\":\"Markt\",\"item\":\"https:\\\/\\\/marktxxl.de\\\/markt\\\/\"},{\"@type\":\"ListItem\",\"position\":3,\"name\":\"Ella Bonna Mini-Fleece-Stiefel mit rutschfester Unterseite, flexibel, f\u00fcr Babys, Jungen, M\u00e4dchen, Kleinkinder\"}]},{\"@type\":\"WebSite\",\"@id\":\"https:\\\/\\\/marktxxl.de\\\/markt\\\/#website\",\"url\":\"https:\\\/\\\/marktxxl.de\\\/markt\\\/\",\"name\":\"Markt-XXL\",\"description\":\"Ihr Markt Online\",\"publisher\":{\"@id\":\"https:\\\/\\\/marktxxl.de\\\/markt\\\/#organization\"},\"potentialAction\":[{\"@type\":\"SearchAction\",\"target\":{\"@type\":\"EntryPoint\",\"urlTemplate\":\"https:\\\/\\\/marktxxl.de\\\/markt\\\/?s={search_term_string}\"},\"query-input\":{\"@type\":\"PropertyValueSpecification\",\"valueRequired\":true,\"valueName\":\"search_term_string\"}}],\"inLanguage\":\"de\"},{\"@type\":\"Organization\",\"@id\":\"https:\\\/\\\/marktxxl.de\\\/markt\\\/#organization\",\"name\":\"Markt-XXL\",\"url\":\"https:\\\/\\\/marktxxl.de\\\/markt\\\/\",\"logo\":{\"@type\":\"ImageObject\",\"inLanguage\":\"de\",\"@id\":\"https:\\\/\\\/marktxxl.de\\\/markt\\\/#\\\/schema\\\/logo\\\/image\\\/\",\"url\":\"https:\\\/\\\/marktxxl.de\\\/markt\\\/wp-content\\\/uploads\\\/sites\\\/3\\\/2020\\\/12\\\/logo.png\",\"contentUrl\":\"https:\\\/\\\/marktxxl.de\\\/markt\\\/wp-content\\\/uploads\\\/sites\\\/3\\\/2020\\\/12\\\/logo.png\",\"width\":200,\"height\":70,\"caption\":\"Markt-XXL\"},\"image\":{\"@id\":\"https:\\\/\\\/marktxxl.de\\\/markt\\\/#\\\/schema\\\/logo\\\/image\\\/\"}}]}<\/script>\n<!-- \/ Yoast SEO plugin. -->","yoast_head_json":{"title":"Ella Bonna Mini-Fleece-Stiefel mit rutschfester Unterseite, flexibel, f\u00fcr Babys, Jungen, M\u00e4dchen, Kleinkinder - Markt-XXL","description":"Markt-XXL Ella Bonna Mini-Fleece-Stiefel mit rutschfester Unterseite, flexibel, f\u00fcr Babys, Jungen, M\u00e4dchen, Kleinkinder","robots":{"index":"index","follow":"follow","max-snippet":"max-snippet:-1","max-image-preview":"max-image-preview:large","max-video-preview":"max-video-preview:-1"},"canonical":"https:\/\/marktxxl.de\/markt\/produkt\/ella-bonna-mini-fleece-stiefel-mit-rutschfester-unterseite-flexibel-fuer-babys-jungen-maedchen-kleinkinder\/","og_locale":"de_DE","og_type":"article","og_title":"Ella Bonna Mini-Fleece-Stiefel mit rutschfester Unterseite, flexibel, f\u00fcr Babys, Jungen, M\u00e4dchen, Kleinkinder - Markt-XXL","og_description":"Markt-XXL Ella Bonna Mini-Fleece-Stiefel mit rutschfester Unterseite, flexibel, f\u00fcr Babys, Jungen, M\u00e4dchen, Kleinkinder","og_url":"https:\/\/marktxxl.de\/markt\/produkt\/ella-bonna-mini-fleece-stiefel-mit-rutschfester-unterseite-flexibel-fuer-babys-jungen-maedchen-kleinkinder\/","og_site_name":"Markt-XXL","article_modified_time":"2023-04-08T02:36:21+00:00","og_image":[{"width":500,"height":500,"url":"https:\/\/m.media-amazon.com\/images\/I\/41RZWNKnIpL._SL500_.jpg","type":"image\/jpeg"}],"twitter_card":"summary_large_image","twitter_misc":{"Gesch\u00e4tzte Lesezeit":"1\u00a0Minute"},"schema":{"@context":"https:\/\/schema.org","@graph":[{"@type":"WebPage","@id":"https:\/\/marktxxl.de\/markt\/produkt\/ella-bonna-mini-fleece-stiefel-mit-rutschfester-unterseite-flexibel-fuer-babys-jungen-maedchen-kleinkinder\/","url":"https:\/\/marktxxl.de\/markt\/produkt\/ella-bonna-mini-fleece-stiefel-mit-rutschfester-unterseite-flexibel-fuer-babys-jungen-maedchen-kleinkinder\/","name":"Ella Bonna Mini-Fleece-Stiefel mit rutschfester Unterseite, flexibel, f\u00fcr Babys, Jungen, M\u00e4dchen, Kleinkinder - Markt-XXL","isPartOf":{"@id":"https:\/\/marktxxl.de\/markt\/#website"},"primaryImageOfPage":{"@id":"https:\/\/marktxxl.de\/markt\/produkt\/ella-bonna-mini-fleece-stiefel-mit-rutschfester-unterseite-flexibel-fuer-babys-jungen-maedchen-kleinkinder\/#primaryimage"},"image":{"@id":"https:\/\/marktxxl.de\/markt\/produkt\/ella-bonna-mini-fleece-stiefel-mit-rutschfester-unterseite-flexibel-fuer-babys-jungen-maedchen-kleinkinder\/#primaryimage"},"thumbnailUrl":"https:\/\/m.media-amazon.com\/images\/I\/41RZWNKnIpL._SL500_.jpg","datePublished":"2023-01-04T17:40:31+00:00","dateModified":"2023-04-08T02:36:21+00:00","description":"Markt-XXL Ella Bonna Mini-Fleece-Stiefel mit rutschfester Unterseite, flexibel, f\u00fcr Babys, Jungen, M\u00e4dchen, Kleinkinder","breadcrumb":{"@id":"https:\/\/marktxxl.de\/markt\/produkt\/ella-bonna-mini-fleece-stiefel-mit-rutschfester-unterseite-flexibel-fuer-babys-jungen-maedchen-kleinkinder\/#breadcrumb"},"inLanguage":"de","potentialAction":[{"@type":"ReadAction","target":["https:\/\/marktxxl.de\/markt\/produkt\/ella-bonna-mini-fleece-stiefel-mit-rutschfester-unterseite-flexibel-fuer-babys-jungen-maedchen-kleinkinder\/"]}]},{"@type":"ImageObject","inLanguage":"de","@id":"https:\/\/marktxxl.de\/markt\/produkt\/ella-bonna-mini-fleece-stiefel-mit-rutschfester-unterseite-flexibel-fuer-babys-jungen-maedchen-kleinkinder\/#primaryimage","url":"https:\/\/m.media-amazon.com\/images\/I\/41RZWNKnIpL._SL500_.jpg","contentUrl":"https:\/\/m.media-amazon.com\/images\/I\/41RZWNKnIpL._SL500_.jpg","width":500,"height":500},{"@type":"BreadcrumbList","@id":"https:\/\/marktxxl.de\/markt\/produkt\/ella-bonna-mini-fleece-stiefel-mit-rutschfester-unterseite-flexibel-fuer-babys-jungen-maedchen-kleinkinder\/#breadcrumb","itemListElement":[{"@type":"ListItem","position":1,"name":"Startseite","item":"https:\/\/marktxxl.de\/markt\/"},{"@type":"ListItem","position":2,"name":"Markt","item":"https:\/\/marktxxl.de\/markt\/"},{"@type":"ListItem","position":3,"name":"Ella Bonna Mini-Fleece-Stiefel mit rutschfester Unterseite, flexibel, f\u00fcr Babys, Jungen, M\u00e4dchen, Kleinkinder"}]},{"@type":"WebSite","@id":"https:\/\/marktxxl.de\/markt\/#website","url":"https:\/\/marktxxl.de\/markt\/","name":"Markt-XXL","description":"Ihr Markt Online","publisher":{"@id":"https:\/\/marktxxl.de\/markt\/#organization"},"potentialAction":[{"@type":"SearchAction","target":{"@type":"EntryPoint","urlTemplate":"https:\/\/marktxxl.de\/markt\/?s={search_term_string}"},"query-input":{"@type":"PropertyValueSpecification","valueRequired":true,"valueName":"search_term_string"}}],"inLanguage":"de"},{"@type":"Organization","@id":"https:\/\/marktxxl.de\/markt\/#organization","name":"Markt-XXL","url":"https:\/\/marktxxl.de\/markt\/","logo":{"@type":"ImageObject","inLanguage":"de","@id":"https:\/\/marktxxl.de\/markt\/#\/schema\/logo\/image\/","url":"https:\/\/marktxxl.de\/markt\/wp-content\/uploads\/sites\/3\/2020\/12\/logo.png","contentUrl":"https:\/\/marktxxl.de\/markt\/wp-content\/uploads\/sites\/3\/2020\/12\/logo.png","width":200,"height":70,"caption":"Markt-XXL"},"image":{"@id":"https:\/\/marktxxl.de\/markt\/#\/schema\/logo\/image\/"}}]}},"_links":{"self":[{"href":"https:\/\/marktxxl.de\/markt\/wp-json\/wp\/v2\/product\/177776","targetHints":{"allow":["GET"]}}],"collection":[{"href":"https:\/\/marktxxl.de\/markt\/wp-json\/wp\/v2\/product"}],"about":[{"href":"https:\/\/marktxxl.de\/markt\/wp-json\/wp\/v2\/types\/product"}],"replies":[{"embeddable":true,"href":"https:\/\/marktxxl.de\/markt\/wp-json\/wp\/v2\/comments?post=177776"}],"wp:featuredmedia":[{"embeddable":true,"href":"https:\/\/marktxxl.de\/markt\/wp-json\/wp\/v2\/media\/177777"}],"wp:attachment":[{"href":"https:\/\/marktxxl.de\/markt\/wp-json\/wp\/v2\/media?parent=177776"}],"wp:term":[{"taxonomy":"product_brand","embeddable":true,"href":"https:\/\/marktxxl.de\/markt\/wp-json\/wp\/v2\/product_brand?post=177776"},{"taxonomy":"product_cat","embeddable":true,"href":"https:\/\/marktxxl.de\/markt\/wp-json\/wp\/v2\/product_cat?post=177776"},{"taxonomy":"product_tag","embeddable":true,"href":"https:\/\/marktxxl.de\/markt\/wp-json\/wp\/v2\/product_tag?post=177776"}],"curies":[{"name":"wp","href":"https:\/\/api.w.org\/{rel}","templated":true}]}}