{"id":177585,"date":"2022-12-11T12:22:45","date_gmt":"2022-12-11T11:22:45","guid":{"rendered":"https:\/\/marktxxl.de\/markt\/produkt\/neu-stoertebekker-premium-rasierstaender-aus-edelstahl-geeignet-fuer-rasierhobel-rasierpinsel-hochwertiges-zubehoer-fuer-dein-badezimmer-rutschfester-boden-geschenkidee\/"},"modified":"2023-04-08T04:36:20","modified_gmt":"2023-04-08T02:36:20","slug":"neu-stoertebekker-premium-rasierstaender-aus-edelstahl-geeignet-fuer-rasierhobel-rasierpinsel-hochwertiges-zubehoer-fuer-dein-badezimmer-rutschfester-boden-geschenkidee","status":"publish","type":"product","link":"https:\/\/marktxxl.de\/markt\/produkt\/neu-stoertebekker-premium-rasierstaender-aus-edelstahl-geeignet-fuer-rasierhobel-rasierpinsel-hochwertiges-zubehoer-fuer-dein-badezimmer-rutschfester-boden-geschenkidee\/","title":{"rendered":"NEU: St\u00f6rtebekker\u00ae Premium Rasierst\u00e4nder aus Edelstahl &#8211; geeignet f\u00fcr Rasierhobel &amp; Rasierpinsel &#8211; hochwertiges Zubeh\u00f6r\u2026"},"content":{"rendered":"<p>\u2713 HOCHWERTIGES ZUBEH\u00d6R: Der St\u00f6rtebekker Rasierst\u00e4nder besteht aus feinstem Edelstahl und ist das perfekte Zubeh\u00f6r um deine Rasurprodukte zu verstauen.<br \/>\n\u2713 STARKE STABILIT\u00c4T: Unser Rasierhobelst\u00e4nder verf\u00fcgt \u00fcber eine rutschfeste Unterseite zur stabilen Befestigung deines Rasierers und Rasierpinsels.<br \/>\n\u2713 FUNKTIONALIT\u00c4T: Der Rasierhalter kann das Trocknen deines Rasierers beschleunigen, das Rosten deines Rasierers verhindern, Korrosion reduzieren und die Lebensdauer deines Rasierers verl\u00e4ngern. Sch\u00fctzt den Rasierpinsel, verhindert das Wachstum von Bakterien und verhindert, dass der Rasierpinsel Haare verliert.<br \/>\n\u2713 PERFEKT ZUM REISEN: Der Rasiererhalter ist klein und tragbar, 5,4 Zoll gro\u00df und wiegt 380 Gramm, er kann \u00fcberall im Badezimmer platziert oder auf Reisen einfach und bequem getragen werden.<br \/>\n\u2713 SCH\u00d6NE GESCHENKIDEE: Durch das starke Preis-Leistungsverh\u00e4ltnis, die ansprechende Optik und die hochwertige Verpackung eignet sich der Shaving Stand perfekt als Geschenk. Eine ausgefallene Geschenkidee, \u00fcber die sich jeder Beschenkte freuen wird.<br \/>\n<div class=\"main-cross-sell\" data-asin=\"B09TBHWFQ8\">\n\n\t<div class=\"WooZone-cross-sell-loader\">\n\t\t<div>\n\t\t\t<div id=\"floatingBarsG\">\n\t\t\t\t<div class=\"blockG\" id=\"rotateG_01\"><\/div>\n\t\t\t\t<div class=\"blockG\" id=\"rotateG_02\"><\/div>\n\t\t\t\t<div class=\"blockG\" id=\"rotateG_03\"><\/div>\n\t\t\t\t<div class=\"blockG\" id=\"rotateG_04\"><\/div>\n\t\t\t\t<div class=\"blockG\" id=\"rotateG_05\"><\/div>\n\t\t\t\t<div class=\"blockG\" id=\"rotateG_06\"><\/div>\n\t\t\t\t<div class=\"blockG\" id=\"rotateG_07\"><\/div>\n\t\t\t\t<div class=\"blockG\" id=\"rotateG_08\"><\/div>\n\t\t\t<\/div>\n\t\t\t<div class=\"WooZone-cross-sell-loader-text\"><\/div>\n\t\t<\/div>\n\t<\/div>\n\n\t\t\n<\/div>\n<div style=\"clear:both;\"><\/div><\/p>\n","protected":false},"excerpt":{"rendered":"<p>\u2713 HOCHWERTIGES ZUBEH\u00d6R: Der St\u00f6rtebekker Rasierst\u00e4nder besteht aus feinstem Edelstahl und ist das perfekte Zubeh\u00f6r um deine Rasurprodukte zu verstauen.<br \/>\n\u2713 STARKE STABILIT\u00c4T: Unser Rasierhobelst\u00e4nder verf\u00fcgt \u00fcber eine rutschfeste Unterseite zur stabilen Befestigung deines Rasierers und Rasierpinsels.<br \/>\n\u2713 FUNKTIONALIT\u00c4T: Der Rasierhalter kann das Trocknen deines Rasierers beschleunigen, das Rosten deines Rasierers verhindern, Korrosion reduzieren und die Lebensdauer deines Rasierers verl\u00e4ngern. Sch\u00fctzt den Rasierpinsel, verhindert das Wachstum von Bakterien und verhindert, dass der Rasierpinsel Haare verliert.<\/p>\n","protected":false},"featured_media":177586,"comment_status":"open","ping_status":"closed","template":"","meta":[],"product_brand":[],"product_cat":[566,6190],"product_tag":[],"class_list":{"0":"post-177585","1":"product","2":"type-product","3":"status-publish","4":"has-post-thumbnail","6":"product_cat-drogerie-koerperpflege","7":"product_cat-rasur-enthaarung","8":"pa_brand-busch-jaeger-3","9":"pa_brand-stoertebekker-shaving-accessories","11":"first","12":"instock","13":"shipping-taxable","14":"purchasable","15":"product-type-simple","16":"customify-col","17":"product-has-gallery"},"yoast_head":"<!-- This site is optimized with the Yoast SEO plugin v27.4 - https:\/\/yoast.com\/product\/yoast-seo-wordpress\/ -->\n<title>NEU: St\u00f6rtebekker\u00ae Premium Rasierst\u00e4nder aus Edelstahl - geeignet f\u00fcr Rasierhobel &amp; Rasierpinsel - hochwertiges Zubeh\u00f6r\u2026 - Markt-XXL<\/title>\n<meta name=\"description\" content=\"Markt-XXL NEU: St\u00f6rtebekker\u00ae Premium Rasierst\u00e4nder aus Edelstahl - geeignet f\u00fcr Rasierhobel &amp; Rasierpinsel - hochwertiges Zubeh\u00f6r\u2026\" \/>\n<meta name=\"robots\" content=\"index, follow, max-snippet:-1, max-image-preview:large, max-video-preview:-1\" \/>\n<link rel=\"canonical\" href=\"https:\/\/marktxxl.de\/markt\/produkt\/neu-stoertebekker-premium-rasierstaender-aus-edelstahl-geeignet-fuer-rasierhobel-rasierpinsel-hochwertiges-zubehoer-fuer-dein-badezimmer-rutschfester-boden-geschenkidee\/\" \/>\n<meta property=\"og:locale\" content=\"de_DE\" \/>\n<meta property=\"og:type\" content=\"article\" \/>\n<meta property=\"og:title\" content=\"NEU: St\u00f6rtebekker\u00ae Premium Rasierst\u00e4nder aus Edelstahl - geeignet f\u00fcr Rasierhobel &amp; Rasierpinsel - hochwertiges Zubeh\u00f6r\u2026 - Markt-XXL\" \/>\n<meta property=\"og:description\" content=\"Markt-XXL NEU: St\u00f6rtebekker\u00ae Premium Rasierst\u00e4nder aus Edelstahl - geeignet f\u00fcr Rasierhobel &amp; Rasierpinsel - hochwertiges Zubeh\u00f6r\u2026\" \/>\n<meta property=\"og:url\" content=\"https:\/\/marktxxl.de\/markt\/produkt\/neu-stoertebekker-premium-rasierstaender-aus-edelstahl-geeignet-fuer-rasierhobel-rasierpinsel-hochwertiges-zubehoer-fuer-dein-badezimmer-rutschfester-boden-geschenkidee\/\" \/>\n<meta property=\"og:site_name\" content=\"Markt-XXL\" \/>\n<meta property=\"article:modified_time\" content=\"2023-04-08T02:36:20+00:00\" \/>\n<meta property=\"og:image\" content=\"https:\/\/m.media-amazon.com\/images\/I\/31n7iCmwUeL._SL500_.jpg\" \/>\n\t<meta property=\"og:image:width\" content=\"500\" \/>\n\t<meta property=\"og:image:height\" content=\"500\" \/>\n\t<meta property=\"og:image:type\" content=\"image\/jpeg\" \/>\n<meta name=\"twitter:card\" content=\"summary_large_image\" \/>\n<meta name=\"twitter:label1\" content=\"Gesch\u00e4tzte Lesezeit\" \/>\n\t<meta name=\"twitter:data1\" content=\"1\u00a0Minute\" \/>\n<script type=\"application\/ld+json\" class=\"yoast-schema-graph\">{\"@context\":\"https:\\\/\\\/schema.org\",\"@graph\":[{\"@type\":\"WebPage\",\"@id\":\"https:\\\/\\\/marktxxl.de\\\/markt\\\/produkt\\\/neu-stoertebekker-premium-rasierstaender-aus-edelstahl-geeignet-fuer-rasierhobel-rasierpinsel-hochwertiges-zubehoer-fuer-dein-badezimmer-rutschfester-boden-geschenkidee\\\/\",\"url\":\"https:\\\/\\\/marktxxl.de\\\/markt\\\/produkt\\\/neu-stoertebekker-premium-rasierstaender-aus-edelstahl-geeignet-fuer-rasierhobel-rasierpinsel-hochwertiges-zubehoer-fuer-dein-badezimmer-rutschfester-boden-geschenkidee\\\/\",\"name\":\"NEU: St\u00f6rtebekker\u00ae Premium Rasierst\u00e4nder aus Edelstahl - geeignet f\u00fcr Rasierhobel &amp; Rasierpinsel - hochwertiges Zubeh\u00f6r\u2026 - Markt-XXL\",\"isPartOf\":{\"@id\":\"https:\\\/\\\/marktxxl.de\\\/markt\\\/#website\"},\"primaryImageOfPage\":{\"@id\":\"https:\\\/\\\/marktxxl.de\\\/markt\\\/produkt\\\/neu-stoertebekker-premium-rasierstaender-aus-edelstahl-geeignet-fuer-rasierhobel-rasierpinsel-hochwertiges-zubehoer-fuer-dein-badezimmer-rutschfester-boden-geschenkidee\\\/#primaryimage\"},\"image\":{\"@id\":\"https:\\\/\\\/marktxxl.de\\\/markt\\\/produkt\\\/neu-stoertebekker-premium-rasierstaender-aus-edelstahl-geeignet-fuer-rasierhobel-rasierpinsel-hochwertiges-zubehoer-fuer-dein-badezimmer-rutschfester-boden-geschenkidee\\\/#primaryimage\"},\"thumbnailUrl\":\"https:\\\/\\\/m.media-amazon.com\\\/images\\\/I\\\/31n7iCmwUeL._SL500_.jpg\",\"datePublished\":\"2022-12-11T11:22:45+00:00\",\"dateModified\":\"2023-04-08T02:36:20+00:00\",\"description\":\"Markt-XXL NEU: St\u00f6rtebekker\u00ae Premium Rasierst\u00e4nder aus Edelstahl - geeignet f\u00fcr Rasierhobel &amp; Rasierpinsel - hochwertiges Zubeh\u00f6r\u2026\",\"breadcrumb\":{\"@id\":\"https:\\\/\\\/marktxxl.de\\\/markt\\\/produkt\\\/neu-stoertebekker-premium-rasierstaender-aus-edelstahl-geeignet-fuer-rasierhobel-rasierpinsel-hochwertiges-zubehoer-fuer-dein-badezimmer-rutschfester-boden-geschenkidee\\\/#breadcrumb\"},\"inLanguage\":\"de\",\"potentialAction\":[{\"@type\":\"ReadAction\",\"target\":[\"https:\\\/\\\/marktxxl.de\\\/markt\\\/produkt\\\/neu-stoertebekker-premium-rasierstaender-aus-edelstahl-geeignet-fuer-rasierhobel-rasierpinsel-hochwertiges-zubehoer-fuer-dein-badezimmer-rutschfester-boden-geschenkidee\\\/\"]}]},{\"@type\":\"ImageObject\",\"inLanguage\":\"de\",\"@id\":\"https:\\\/\\\/marktxxl.de\\\/markt\\\/produkt\\\/neu-stoertebekker-premium-rasierstaender-aus-edelstahl-geeignet-fuer-rasierhobel-rasierpinsel-hochwertiges-zubehoer-fuer-dein-badezimmer-rutschfester-boden-geschenkidee\\\/#primaryimage\",\"url\":\"https:\\\/\\\/m.media-amazon.com\\\/images\\\/I\\\/31n7iCmwUeL._SL500_.jpg\",\"contentUrl\":\"https:\\\/\\\/m.media-amazon.com\\\/images\\\/I\\\/31n7iCmwUeL._SL500_.jpg\",\"width\":500,\"height\":500},{\"@type\":\"BreadcrumbList\",\"@id\":\"https:\\\/\\\/marktxxl.de\\\/markt\\\/produkt\\\/neu-stoertebekker-premium-rasierstaender-aus-edelstahl-geeignet-fuer-rasierhobel-rasierpinsel-hochwertiges-zubehoer-fuer-dein-badezimmer-rutschfester-boden-geschenkidee\\\/#breadcrumb\",\"itemListElement\":[{\"@type\":\"ListItem\",\"position\":1,\"name\":\"Startseite\",\"item\":\"https:\\\/\\\/marktxxl.de\\\/markt\\\/\"},{\"@type\":\"ListItem\",\"position\":2,\"name\":\"Markt\",\"item\":\"https:\\\/\\\/marktxxl.de\\\/markt\\\/\"},{\"@type\":\"ListItem\",\"position\":3,\"name\":\"NEU: St\u00f6rtebekker\u00ae Premium Rasierst\u00e4nder aus Edelstahl &#8211; geeignet f\u00fcr Rasierhobel &amp; Rasierpinsel &#8211; hochwertiges Zubeh\u00f6r\u2026\"}]},{\"@type\":\"WebSite\",\"@id\":\"https:\\\/\\\/marktxxl.de\\\/markt\\\/#website\",\"url\":\"https:\\\/\\\/marktxxl.de\\\/markt\\\/\",\"name\":\"Markt-XXL\",\"description\":\"Ihr Markt Online\",\"publisher\":{\"@id\":\"https:\\\/\\\/marktxxl.de\\\/markt\\\/#organization\"},\"potentialAction\":[{\"@type\":\"SearchAction\",\"target\":{\"@type\":\"EntryPoint\",\"urlTemplate\":\"https:\\\/\\\/marktxxl.de\\\/markt\\\/?s={search_term_string}\"},\"query-input\":{\"@type\":\"PropertyValueSpecification\",\"valueRequired\":true,\"valueName\":\"search_term_string\"}}],\"inLanguage\":\"de\"},{\"@type\":\"Organization\",\"@id\":\"https:\\\/\\\/marktxxl.de\\\/markt\\\/#organization\",\"name\":\"Markt-XXL\",\"url\":\"https:\\\/\\\/marktxxl.de\\\/markt\\\/\",\"logo\":{\"@type\":\"ImageObject\",\"inLanguage\":\"de\",\"@id\":\"https:\\\/\\\/marktxxl.de\\\/markt\\\/#\\\/schema\\\/logo\\\/image\\\/\",\"url\":\"https:\\\/\\\/marktxxl.de\\\/markt\\\/wp-content\\\/uploads\\\/sites\\\/3\\\/2020\\\/12\\\/logo.png\",\"contentUrl\":\"https:\\\/\\\/marktxxl.de\\\/markt\\\/wp-content\\\/uploads\\\/sites\\\/3\\\/2020\\\/12\\\/logo.png\",\"width\":200,\"height\":70,\"caption\":\"Markt-XXL\"},\"image\":{\"@id\":\"https:\\\/\\\/marktxxl.de\\\/markt\\\/#\\\/schema\\\/logo\\\/image\\\/\"}}]}<\/script>\n<!-- \/ Yoast SEO plugin. -->","yoast_head_json":{"title":"NEU: St\u00f6rtebekker\u00ae Premium Rasierst\u00e4nder aus Edelstahl - geeignet f\u00fcr Rasierhobel &amp; Rasierpinsel - hochwertiges Zubeh\u00f6r\u2026 - Markt-XXL","description":"Markt-XXL NEU: St\u00f6rtebekker\u00ae Premium Rasierst\u00e4nder aus Edelstahl - geeignet f\u00fcr Rasierhobel &amp; Rasierpinsel - hochwertiges Zubeh\u00f6r\u2026","robots":{"index":"index","follow":"follow","max-snippet":"max-snippet:-1","max-image-preview":"max-image-preview:large","max-video-preview":"max-video-preview:-1"},"canonical":"https:\/\/marktxxl.de\/markt\/produkt\/neu-stoertebekker-premium-rasierstaender-aus-edelstahl-geeignet-fuer-rasierhobel-rasierpinsel-hochwertiges-zubehoer-fuer-dein-badezimmer-rutschfester-boden-geschenkidee\/","og_locale":"de_DE","og_type":"article","og_title":"NEU: St\u00f6rtebekker\u00ae Premium Rasierst\u00e4nder aus Edelstahl - geeignet f\u00fcr Rasierhobel &amp; Rasierpinsel - hochwertiges Zubeh\u00f6r\u2026 - Markt-XXL","og_description":"Markt-XXL NEU: St\u00f6rtebekker\u00ae Premium Rasierst\u00e4nder aus Edelstahl - geeignet f\u00fcr Rasierhobel &amp; Rasierpinsel - hochwertiges Zubeh\u00f6r\u2026","og_url":"https:\/\/marktxxl.de\/markt\/produkt\/neu-stoertebekker-premium-rasierstaender-aus-edelstahl-geeignet-fuer-rasierhobel-rasierpinsel-hochwertiges-zubehoer-fuer-dein-badezimmer-rutschfester-boden-geschenkidee\/","og_site_name":"Markt-XXL","article_modified_time":"2023-04-08T02:36:20+00:00","og_image":[{"width":500,"height":500,"url":"https:\/\/m.media-amazon.com\/images\/I\/31n7iCmwUeL._SL500_.jpg","type":"image\/jpeg"}],"twitter_card":"summary_large_image","twitter_misc":{"Gesch\u00e4tzte Lesezeit":"1\u00a0Minute"},"schema":{"@context":"https:\/\/schema.org","@graph":[{"@type":"WebPage","@id":"https:\/\/marktxxl.de\/markt\/produkt\/neu-stoertebekker-premium-rasierstaender-aus-edelstahl-geeignet-fuer-rasierhobel-rasierpinsel-hochwertiges-zubehoer-fuer-dein-badezimmer-rutschfester-boden-geschenkidee\/","url":"https:\/\/marktxxl.de\/markt\/produkt\/neu-stoertebekker-premium-rasierstaender-aus-edelstahl-geeignet-fuer-rasierhobel-rasierpinsel-hochwertiges-zubehoer-fuer-dein-badezimmer-rutschfester-boden-geschenkidee\/","name":"NEU: St\u00f6rtebekker\u00ae Premium Rasierst\u00e4nder aus Edelstahl - geeignet f\u00fcr Rasierhobel &amp; Rasierpinsel - hochwertiges Zubeh\u00f6r\u2026 - Markt-XXL","isPartOf":{"@id":"https:\/\/marktxxl.de\/markt\/#website"},"primaryImageOfPage":{"@id":"https:\/\/marktxxl.de\/markt\/produkt\/neu-stoertebekker-premium-rasierstaender-aus-edelstahl-geeignet-fuer-rasierhobel-rasierpinsel-hochwertiges-zubehoer-fuer-dein-badezimmer-rutschfester-boden-geschenkidee\/#primaryimage"},"image":{"@id":"https:\/\/marktxxl.de\/markt\/produkt\/neu-stoertebekker-premium-rasierstaender-aus-edelstahl-geeignet-fuer-rasierhobel-rasierpinsel-hochwertiges-zubehoer-fuer-dein-badezimmer-rutschfester-boden-geschenkidee\/#primaryimage"},"thumbnailUrl":"https:\/\/m.media-amazon.com\/images\/I\/31n7iCmwUeL._SL500_.jpg","datePublished":"2022-12-11T11:22:45+00:00","dateModified":"2023-04-08T02:36:20+00:00","description":"Markt-XXL NEU: St\u00f6rtebekker\u00ae Premium Rasierst\u00e4nder aus Edelstahl - geeignet f\u00fcr Rasierhobel &amp; Rasierpinsel - hochwertiges Zubeh\u00f6r\u2026","breadcrumb":{"@id":"https:\/\/marktxxl.de\/markt\/produkt\/neu-stoertebekker-premium-rasierstaender-aus-edelstahl-geeignet-fuer-rasierhobel-rasierpinsel-hochwertiges-zubehoer-fuer-dein-badezimmer-rutschfester-boden-geschenkidee\/#breadcrumb"},"inLanguage":"de","potentialAction":[{"@type":"ReadAction","target":["https:\/\/marktxxl.de\/markt\/produkt\/neu-stoertebekker-premium-rasierstaender-aus-edelstahl-geeignet-fuer-rasierhobel-rasierpinsel-hochwertiges-zubehoer-fuer-dein-badezimmer-rutschfester-boden-geschenkidee\/"]}]},{"@type":"ImageObject","inLanguage":"de","@id":"https:\/\/marktxxl.de\/markt\/produkt\/neu-stoertebekker-premium-rasierstaender-aus-edelstahl-geeignet-fuer-rasierhobel-rasierpinsel-hochwertiges-zubehoer-fuer-dein-badezimmer-rutschfester-boden-geschenkidee\/#primaryimage","url":"https:\/\/m.media-amazon.com\/images\/I\/31n7iCmwUeL._SL500_.jpg","contentUrl":"https:\/\/m.media-amazon.com\/images\/I\/31n7iCmwUeL._SL500_.jpg","width":500,"height":500},{"@type":"BreadcrumbList","@id":"https:\/\/marktxxl.de\/markt\/produkt\/neu-stoertebekker-premium-rasierstaender-aus-edelstahl-geeignet-fuer-rasierhobel-rasierpinsel-hochwertiges-zubehoer-fuer-dein-badezimmer-rutschfester-boden-geschenkidee\/#breadcrumb","itemListElement":[{"@type":"ListItem","position":1,"name":"Startseite","item":"https:\/\/marktxxl.de\/markt\/"},{"@type":"ListItem","position":2,"name":"Markt","item":"https:\/\/marktxxl.de\/markt\/"},{"@type":"ListItem","position":3,"name":"NEU: St\u00f6rtebekker\u00ae Premium Rasierst\u00e4nder aus Edelstahl &#8211; geeignet f\u00fcr Rasierhobel &amp; Rasierpinsel &#8211; hochwertiges Zubeh\u00f6r\u2026"}]},{"@type":"WebSite","@id":"https:\/\/marktxxl.de\/markt\/#website","url":"https:\/\/marktxxl.de\/markt\/","name":"Markt-XXL","description":"Ihr Markt Online","publisher":{"@id":"https:\/\/marktxxl.de\/markt\/#organization"},"potentialAction":[{"@type":"SearchAction","target":{"@type":"EntryPoint","urlTemplate":"https:\/\/marktxxl.de\/markt\/?s={search_term_string}"},"query-input":{"@type":"PropertyValueSpecification","valueRequired":true,"valueName":"search_term_string"}}],"inLanguage":"de"},{"@type":"Organization","@id":"https:\/\/marktxxl.de\/markt\/#organization","name":"Markt-XXL","url":"https:\/\/marktxxl.de\/markt\/","logo":{"@type":"ImageObject","inLanguage":"de","@id":"https:\/\/marktxxl.de\/markt\/#\/schema\/logo\/image\/","url":"https:\/\/marktxxl.de\/markt\/wp-content\/uploads\/sites\/3\/2020\/12\/logo.png","contentUrl":"https:\/\/marktxxl.de\/markt\/wp-content\/uploads\/sites\/3\/2020\/12\/logo.png","width":200,"height":70,"caption":"Markt-XXL"},"image":{"@id":"https:\/\/marktxxl.de\/markt\/#\/schema\/logo\/image\/"}}]}},"_links":{"self":[{"href":"https:\/\/marktxxl.de\/markt\/wp-json\/wp\/v2\/product\/177585","targetHints":{"allow":["GET"]}}],"collection":[{"href":"https:\/\/marktxxl.de\/markt\/wp-json\/wp\/v2\/product"}],"about":[{"href":"https:\/\/marktxxl.de\/markt\/wp-json\/wp\/v2\/types\/product"}],"replies":[{"embeddable":true,"href":"https:\/\/marktxxl.de\/markt\/wp-json\/wp\/v2\/comments?post=177585"}],"wp:featuredmedia":[{"embeddable":true,"href":"https:\/\/marktxxl.de\/markt\/wp-json\/wp\/v2\/media\/177586"}],"wp:attachment":[{"href":"https:\/\/marktxxl.de\/markt\/wp-json\/wp\/v2\/media?parent=177585"}],"wp:term":[{"taxonomy":"product_brand","embeddable":true,"href":"https:\/\/marktxxl.de\/markt\/wp-json\/wp\/v2\/product_brand?post=177585"},{"taxonomy":"product_cat","embeddable":true,"href":"https:\/\/marktxxl.de\/markt\/wp-json\/wp\/v2\/product_cat?post=177585"},{"taxonomy":"product_tag","embeddable":true,"href":"https:\/\/marktxxl.de\/markt\/wp-json\/wp\/v2\/product_tag?post=177585"}],"curies":[{"name":"wp","href":"https:\/\/api.w.org\/{rel}","templated":true}]}}