{"id":177462,"date":"2022-12-11T12:16:15","date_gmt":"2022-12-11T11:16:15","guid":{"rendered":"https:\/\/marktxxl.de\/markt\/produkt\/casino-wuerfel-klasse-aaa-19-mm-mit-serialisierten-nummerierten-rasierkanten-und-ecken-6-seitige-spielwuerfel-fuer-craps-rpg-und-wuerfelspiele\/"},"modified":"2023-04-11T05:06:33","modified_gmt":"2023-04-11T03:06:33","slug":"casino-wuerfel-klasse-aaa-19-mm-mit-serialisierten-nummerierten-rasierkanten-und-ecken-6-seitige-spielwuerfel-fuer-craps-rpg-und-wuerfelspiele","status":"publish","type":"product","link":"https:\/\/marktxxl.de\/markt\/produkt\/casino-wuerfel-klasse-aaa-19-mm-mit-serialisierten-nummerierten-rasierkanten-und-ecken-6-seitige-spielwuerfel-fuer-craps-rpg-und-wuerfelspiele\/","title":{"rendered":"AAA Craps W\u00fcrfel-Set, 19 mm, Pro Vegas Casino-Stil, mit rasiermesserscharfen Kanten und passenden serialisierten Zahlen\u2026"},"content":{"rendered":"<p>Die W\u00fcrfel werden unter strengen Sicherheitskontrollen aus hochwertigem Acrylmaterial hergestellt, das frei von M\u00e4ngeln ist. Die Flecken auf ihren Gesichtern werden b\u00fcndig gemacht, um sicherzustellen, dass es kein Ungleichgewicht auf den W\u00fcrfeln gibt.<br \/>\nDie pr\u00e4zise Qualit\u00e4t transparenten Casino serialisierten W\u00fcrfel sind 19 x 19 x 19 mm und genau auf .0015.<br \/>\nJedes Set mit 5 St\u00fcck ist serialisiert, um Manipulationen zu verhindern<br \/>\nIn Folie verpackt<br \/>\nErh\u00e4ltlich in Rot, Blau, Gr\u00fcn, Lila, Gelb.<br \/>\n<div class=\"main-cross-sell\" data-asin=\"B07R4DQR72\">\n\n\t<div class=\"WooZone-cross-sell-loader\">\n\t\t<div>\n\t\t\t<div id=\"floatingBarsG\">\n\t\t\t\t<div class=\"blockG\" id=\"rotateG_01\"><\/div>\n\t\t\t\t<div class=\"blockG\" id=\"rotateG_02\"><\/div>\n\t\t\t\t<div class=\"blockG\" id=\"rotateG_03\"><\/div>\n\t\t\t\t<div class=\"blockG\" id=\"rotateG_04\"><\/div>\n\t\t\t\t<div class=\"blockG\" id=\"rotateG_05\"><\/div>\n\t\t\t\t<div class=\"blockG\" id=\"rotateG_06\"><\/div>\n\t\t\t\t<div class=\"blockG\" id=\"rotateG_07\"><\/div>\n\t\t\t\t<div class=\"blockG\" id=\"rotateG_08\"><\/div>\n\t\t\t<\/div>\n\t\t\t<div class=\"WooZone-cross-sell-loader-text\"><\/div>\n\t\t<\/div>\n\t<\/div>\n\n\t\t\n<\/div>\n<div style=\"clear:both;\"><\/div><\/p>\n","protected":false},"excerpt":{"rendered":"<p>Die W\u00fcrfel werden unter strengen Sicherheitskontrollen aus hochwertigem Acrylmaterial hergestellt, das frei von M\u00e4ngeln ist. Die Flecken auf ihren Gesichtern werden b\u00fcndig gemacht, um sicherzustellen, dass es kein Ungleichgewicht auf den W\u00fcrfeln gibt.<br \/>\nDie pr\u00e4zise Qualit\u00e4t transparenten Casino serialisierten W\u00fcrfel sind 19 x 19 x 19 mm und genau auf .0015.<br \/>\nJedes Set mit 5 St\u00fcck ist serialisiert, um Manipulationen zu verhindern<\/p>\n","protected":false},"featured_media":177463,"comment_status":"open","ping_status":"closed","template":"","meta":[],"product_brand":[],"product_cat":[652],"product_tag":[],"class_list":{"0":"post-177462","1":"product","2":"type-product","3":"status-publish","4":"has-post-thumbnail","6":"product_cat-erotik-markt-xxl","7":"pa_binding-misc","8":"pa_brand-gse-games-sports-expert","9":"pa_height-0-74803-zoll","10":"pa_length-0-74803-zoll","11":"pa_manufacturer-gse-games-sports-expert","12":"pa_width-0-74803-zoll","14":"first","15":"instock","16":"shipping-taxable","17":"purchasable","18":"product-type-simple","19":"customify-col","20":"product-has-gallery"},"yoast_head":"<!-- This site is optimized with the Yoast SEO plugin v27.4 - https:\/\/yoast.com\/product\/yoast-seo-wordpress\/ -->\n<title>AAA Craps W\u00fcrfel-Set, 19 mm, Pro Vegas Casino-Stil, mit rasiermesserscharfen Kanten und passenden serialisierten Zahlen\u2026 - Markt-XXL<\/title>\n<meta name=\"description\" content=\"Markt-XXL AAA Craps W\u00fcrfel-Set, 19 mm, Pro Vegas Casino-Stil, mit rasiermesserscharfen Kanten und passenden serialisierten Zahlen\u2026\" \/>\n<meta name=\"robots\" content=\"index, follow, max-snippet:-1, max-image-preview:large, max-video-preview:-1\" \/>\n<link rel=\"canonical\" href=\"https:\/\/marktxxl.de\/markt\/produkt\/casino-wuerfel-klasse-aaa-19-mm-mit-serialisierten-nummerierten-rasierkanten-und-ecken-6-seitige-spielwuerfel-fuer-craps-rpg-und-wuerfelspiele\/\" \/>\n<meta property=\"og:locale\" content=\"de_DE\" \/>\n<meta property=\"og:type\" content=\"article\" \/>\n<meta property=\"og:title\" content=\"AAA Craps W\u00fcrfel-Set, 19 mm, Pro Vegas Casino-Stil, mit rasiermesserscharfen Kanten und passenden serialisierten Zahlen\u2026 - Markt-XXL\" \/>\n<meta property=\"og:description\" content=\"Markt-XXL AAA Craps W\u00fcrfel-Set, 19 mm, Pro Vegas Casino-Stil, mit rasiermesserscharfen Kanten und passenden serialisierten Zahlen\u2026\" \/>\n<meta property=\"og:url\" content=\"https:\/\/marktxxl.de\/markt\/produkt\/casino-wuerfel-klasse-aaa-19-mm-mit-serialisierten-nummerierten-rasierkanten-und-ecken-6-seitige-spielwuerfel-fuer-craps-rpg-und-wuerfelspiele\/\" \/>\n<meta property=\"og:site_name\" content=\"Markt-XXL\" \/>\n<meta property=\"article:modified_time\" content=\"2023-04-11T03:06:33+00:00\" \/>\n<meta property=\"og:image\" content=\"https:\/\/m.media-amazon.com\/images\/I\/51SLtgIFAAL._SL500_.jpg\" \/>\n\t<meta property=\"og:image:width\" content=\"500\" \/>\n\t<meta property=\"og:image:height\" content=\"500\" \/>\n\t<meta property=\"og:image:type\" content=\"image\/jpeg\" \/>\n<meta name=\"twitter:card\" content=\"summary_large_image\" \/>\n<script type=\"application\/ld+json\" class=\"yoast-schema-graph\">{\"@context\":\"https:\\\/\\\/schema.org\",\"@graph\":[{\"@type\":\"WebPage\",\"@id\":\"https:\\\/\\\/marktxxl.de\\\/markt\\\/produkt\\\/casino-wuerfel-klasse-aaa-19-mm-mit-serialisierten-nummerierten-rasierkanten-und-ecken-6-seitige-spielwuerfel-fuer-craps-rpg-und-wuerfelspiele\\\/\",\"url\":\"https:\\\/\\\/marktxxl.de\\\/markt\\\/produkt\\\/casino-wuerfel-klasse-aaa-19-mm-mit-serialisierten-nummerierten-rasierkanten-und-ecken-6-seitige-spielwuerfel-fuer-craps-rpg-und-wuerfelspiele\\\/\",\"name\":\"AAA Craps W\u00fcrfel-Set, 19 mm, Pro Vegas Casino-Stil, mit rasiermesserscharfen Kanten und passenden serialisierten Zahlen\u2026 - Markt-XXL\",\"isPartOf\":{\"@id\":\"https:\\\/\\\/marktxxl.de\\\/markt\\\/#website\"},\"primaryImageOfPage\":{\"@id\":\"https:\\\/\\\/marktxxl.de\\\/markt\\\/produkt\\\/casino-wuerfel-klasse-aaa-19-mm-mit-serialisierten-nummerierten-rasierkanten-und-ecken-6-seitige-spielwuerfel-fuer-craps-rpg-und-wuerfelspiele\\\/#primaryimage\"},\"image\":{\"@id\":\"https:\\\/\\\/marktxxl.de\\\/markt\\\/produkt\\\/casino-wuerfel-klasse-aaa-19-mm-mit-serialisierten-nummerierten-rasierkanten-und-ecken-6-seitige-spielwuerfel-fuer-craps-rpg-und-wuerfelspiele\\\/#primaryimage\"},\"thumbnailUrl\":\"https:\\\/\\\/m.media-amazon.com\\\/images\\\/I\\\/51SLtgIFAAL._SL500_.jpg\",\"datePublished\":\"2022-12-11T11:16:15+00:00\",\"dateModified\":\"2023-04-11T03:06:33+00:00\",\"description\":\"Markt-XXL AAA Craps W\u00fcrfel-Set, 19 mm, Pro Vegas Casino-Stil, mit rasiermesserscharfen Kanten und passenden serialisierten Zahlen\u2026\",\"breadcrumb\":{\"@id\":\"https:\\\/\\\/marktxxl.de\\\/markt\\\/produkt\\\/casino-wuerfel-klasse-aaa-19-mm-mit-serialisierten-nummerierten-rasierkanten-und-ecken-6-seitige-spielwuerfel-fuer-craps-rpg-und-wuerfelspiele\\\/#breadcrumb\"},\"inLanguage\":\"de\",\"potentialAction\":[{\"@type\":\"ReadAction\",\"target\":[\"https:\\\/\\\/marktxxl.de\\\/markt\\\/produkt\\\/casino-wuerfel-klasse-aaa-19-mm-mit-serialisierten-nummerierten-rasierkanten-und-ecken-6-seitige-spielwuerfel-fuer-craps-rpg-und-wuerfelspiele\\\/\"]}]},{\"@type\":\"ImageObject\",\"inLanguage\":\"de\",\"@id\":\"https:\\\/\\\/marktxxl.de\\\/markt\\\/produkt\\\/casino-wuerfel-klasse-aaa-19-mm-mit-serialisierten-nummerierten-rasierkanten-und-ecken-6-seitige-spielwuerfel-fuer-craps-rpg-und-wuerfelspiele\\\/#primaryimage\",\"url\":\"https:\\\/\\\/m.media-amazon.com\\\/images\\\/I\\\/51SLtgIFAAL._SL500_.jpg\",\"contentUrl\":\"https:\\\/\\\/m.media-amazon.com\\\/images\\\/I\\\/51SLtgIFAAL._SL500_.jpg\",\"width\":500,\"height\":500},{\"@type\":\"BreadcrumbList\",\"@id\":\"https:\\\/\\\/marktxxl.de\\\/markt\\\/produkt\\\/casino-wuerfel-klasse-aaa-19-mm-mit-serialisierten-nummerierten-rasierkanten-und-ecken-6-seitige-spielwuerfel-fuer-craps-rpg-und-wuerfelspiele\\\/#breadcrumb\",\"itemListElement\":[{\"@type\":\"ListItem\",\"position\":1,\"name\":\"Startseite\",\"item\":\"https:\\\/\\\/marktxxl.de\\\/markt\\\/\"},{\"@type\":\"ListItem\",\"position\":2,\"name\":\"Markt\",\"item\":\"https:\\\/\\\/marktxxl.de\\\/markt\\\/\"},{\"@type\":\"ListItem\",\"position\":3,\"name\":\"AAA Craps W\u00fcrfel-Set, 19 mm, Pro Vegas Casino-Stil, mit rasiermesserscharfen Kanten und passenden serialisierten Zahlen\u2026\"}]},{\"@type\":\"WebSite\",\"@id\":\"https:\\\/\\\/marktxxl.de\\\/markt\\\/#website\",\"url\":\"https:\\\/\\\/marktxxl.de\\\/markt\\\/\",\"name\":\"Markt-XXL\",\"description\":\"Ihr Markt Online\",\"publisher\":{\"@id\":\"https:\\\/\\\/marktxxl.de\\\/markt\\\/#organization\"},\"potentialAction\":[{\"@type\":\"SearchAction\",\"target\":{\"@type\":\"EntryPoint\",\"urlTemplate\":\"https:\\\/\\\/marktxxl.de\\\/markt\\\/?s={search_term_string}\"},\"query-input\":{\"@type\":\"PropertyValueSpecification\",\"valueRequired\":true,\"valueName\":\"search_term_string\"}}],\"inLanguage\":\"de\"},{\"@type\":\"Organization\",\"@id\":\"https:\\\/\\\/marktxxl.de\\\/markt\\\/#organization\",\"name\":\"Markt-XXL\",\"url\":\"https:\\\/\\\/marktxxl.de\\\/markt\\\/\",\"logo\":{\"@type\":\"ImageObject\",\"inLanguage\":\"de\",\"@id\":\"https:\\\/\\\/marktxxl.de\\\/markt\\\/#\\\/schema\\\/logo\\\/image\\\/\",\"url\":\"https:\\\/\\\/marktxxl.de\\\/markt\\\/wp-content\\\/uploads\\\/sites\\\/3\\\/2020\\\/12\\\/logo.png\",\"contentUrl\":\"https:\\\/\\\/marktxxl.de\\\/markt\\\/wp-content\\\/uploads\\\/sites\\\/3\\\/2020\\\/12\\\/logo.png\",\"width\":200,\"height\":70,\"caption\":\"Markt-XXL\"},\"image\":{\"@id\":\"https:\\\/\\\/marktxxl.de\\\/markt\\\/#\\\/schema\\\/logo\\\/image\\\/\"}}]}<\/script>\n<!-- \/ Yoast SEO plugin. -->","yoast_head_json":{"title":"AAA Craps W\u00fcrfel-Set, 19 mm, Pro Vegas Casino-Stil, mit rasiermesserscharfen Kanten und passenden serialisierten Zahlen\u2026 - Markt-XXL","description":"Markt-XXL AAA Craps W\u00fcrfel-Set, 19 mm, Pro Vegas Casino-Stil, mit rasiermesserscharfen Kanten und passenden serialisierten Zahlen\u2026","robots":{"index":"index","follow":"follow","max-snippet":"max-snippet:-1","max-image-preview":"max-image-preview:large","max-video-preview":"max-video-preview:-1"},"canonical":"https:\/\/marktxxl.de\/markt\/produkt\/casino-wuerfel-klasse-aaa-19-mm-mit-serialisierten-nummerierten-rasierkanten-und-ecken-6-seitige-spielwuerfel-fuer-craps-rpg-und-wuerfelspiele\/","og_locale":"de_DE","og_type":"article","og_title":"AAA Craps W\u00fcrfel-Set, 19 mm, Pro Vegas Casino-Stil, mit rasiermesserscharfen Kanten und passenden serialisierten Zahlen\u2026 - Markt-XXL","og_description":"Markt-XXL AAA Craps W\u00fcrfel-Set, 19 mm, Pro Vegas Casino-Stil, mit rasiermesserscharfen Kanten und passenden serialisierten Zahlen\u2026","og_url":"https:\/\/marktxxl.de\/markt\/produkt\/casino-wuerfel-klasse-aaa-19-mm-mit-serialisierten-nummerierten-rasierkanten-und-ecken-6-seitige-spielwuerfel-fuer-craps-rpg-und-wuerfelspiele\/","og_site_name":"Markt-XXL","article_modified_time":"2023-04-11T03:06:33+00:00","og_image":[{"width":500,"height":500,"url":"https:\/\/m.media-amazon.com\/images\/I\/51SLtgIFAAL._SL500_.jpg","type":"image\/jpeg"}],"twitter_card":"summary_large_image","schema":{"@context":"https:\/\/schema.org","@graph":[{"@type":"WebPage","@id":"https:\/\/marktxxl.de\/markt\/produkt\/casino-wuerfel-klasse-aaa-19-mm-mit-serialisierten-nummerierten-rasierkanten-und-ecken-6-seitige-spielwuerfel-fuer-craps-rpg-und-wuerfelspiele\/","url":"https:\/\/marktxxl.de\/markt\/produkt\/casino-wuerfel-klasse-aaa-19-mm-mit-serialisierten-nummerierten-rasierkanten-und-ecken-6-seitige-spielwuerfel-fuer-craps-rpg-und-wuerfelspiele\/","name":"AAA Craps W\u00fcrfel-Set, 19 mm, Pro Vegas Casino-Stil, mit rasiermesserscharfen Kanten und passenden serialisierten Zahlen\u2026 - Markt-XXL","isPartOf":{"@id":"https:\/\/marktxxl.de\/markt\/#website"},"primaryImageOfPage":{"@id":"https:\/\/marktxxl.de\/markt\/produkt\/casino-wuerfel-klasse-aaa-19-mm-mit-serialisierten-nummerierten-rasierkanten-und-ecken-6-seitige-spielwuerfel-fuer-craps-rpg-und-wuerfelspiele\/#primaryimage"},"image":{"@id":"https:\/\/marktxxl.de\/markt\/produkt\/casino-wuerfel-klasse-aaa-19-mm-mit-serialisierten-nummerierten-rasierkanten-und-ecken-6-seitige-spielwuerfel-fuer-craps-rpg-und-wuerfelspiele\/#primaryimage"},"thumbnailUrl":"https:\/\/m.media-amazon.com\/images\/I\/51SLtgIFAAL._SL500_.jpg","datePublished":"2022-12-11T11:16:15+00:00","dateModified":"2023-04-11T03:06:33+00:00","description":"Markt-XXL AAA Craps W\u00fcrfel-Set, 19 mm, Pro Vegas Casino-Stil, mit rasiermesserscharfen Kanten und passenden serialisierten Zahlen\u2026","breadcrumb":{"@id":"https:\/\/marktxxl.de\/markt\/produkt\/casino-wuerfel-klasse-aaa-19-mm-mit-serialisierten-nummerierten-rasierkanten-und-ecken-6-seitige-spielwuerfel-fuer-craps-rpg-und-wuerfelspiele\/#breadcrumb"},"inLanguage":"de","potentialAction":[{"@type":"ReadAction","target":["https:\/\/marktxxl.de\/markt\/produkt\/casino-wuerfel-klasse-aaa-19-mm-mit-serialisierten-nummerierten-rasierkanten-und-ecken-6-seitige-spielwuerfel-fuer-craps-rpg-und-wuerfelspiele\/"]}]},{"@type":"ImageObject","inLanguage":"de","@id":"https:\/\/marktxxl.de\/markt\/produkt\/casino-wuerfel-klasse-aaa-19-mm-mit-serialisierten-nummerierten-rasierkanten-und-ecken-6-seitige-spielwuerfel-fuer-craps-rpg-und-wuerfelspiele\/#primaryimage","url":"https:\/\/m.media-amazon.com\/images\/I\/51SLtgIFAAL._SL500_.jpg","contentUrl":"https:\/\/m.media-amazon.com\/images\/I\/51SLtgIFAAL._SL500_.jpg","width":500,"height":500},{"@type":"BreadcrumbList","@id":"https:\/\/marktxxl.de\/markt\/produkt\/casino-wuerfel-klasse-aaa-19-mm-mit-serialisierten-nummerierten-rasierkanten-und-ecken-6-seitige-spielwuerfel-fuer-craps-rpg-und-wuerfelspiele\/#breadcrumb","itemListElement":[{"@type":"ListItem","position":1,"name":"Startseite","item":"https:\/\/marktxxl.de\/markt\/"},{"@type":"ListItem","position":2,"name":"Markt","item":"https:\/\/marktxxl.de\/markt\/"},{"@type":"ListItem","position":3,"name":"AAA Craps W\u00fcrfel-Set, 19 mm, Pro Vegas Casino-Stil, mit rasiermesserscharfen Kanten und passenden serialisierten Zahlen\u2026"}]},{"@type":"WebSite","@id":"https:\/\/marktxxl.de\/markt\/#website","url":"https:\/\/marktxxl.de\/markt\/","name":"Markt-XXL","description":"Ihr Markt Online","publisher":{"@id":"https:\/\/marktxxl.de\/markt\/#organization"},"potentialAction":[{"@type":"SearchAction","target":{"@type":"EntryPoint","urlTemplate":"https:\/\/marktxxl.de\/markt\/?s={search_term_string}"},"query-input":{"@type":"PropertyValueSpecification","valueRequired":true,"valueName":"search_term_string"}}],"inLanguage":"de"},{"@type":"Organization","@id":"https:\/\/marktxxl.de\/markt\/#organization","name":"Markt-XXL","url":"https:\/\/marktxxl.de\/markt\/","logo":{"@type":"ImageObject","inLanguage":"de","@id":"https:\/\/marktxxl.de\/markt\/#\/schema\/logo\/image\/","url":"https:\/\/marktxxl.de\/markt\/wp-content\/uploads\/sites\/3\/2020\/12\/logo.png","contentUrl":"https:\/\/marktxxl.de\/markt\/wp-content\/uploads\/sites\/3\/2020\/12\/logo.png","width":200,"height":70,"caption":"Markt-XXL"},"image":{"@id":"https:\/\/marktxxl.de\/markt\/#\/schema\/logo\/image\/"}}]}},"_links":{"self":[{"href":"https:\/\/marktxxl.de\/markt\/wp-json\/wp\/v2\/product\/177462","targetHints":{"allow":["GET"]}}],"collection":[{"href":"https:\/\/marktxxl.de\/markt\/wp-json\/wp\/v2\/product"}],"about":[{"href":"https:\/\/marktxxl.de\/markt\/wp-json\/wp\/v2\/types\/product"}],"replies":[{"embeddable":true,"href":"https:\/\/marktxxl.de\/markt\/wp-json\/wp\/v2\/comments?post=177462"}],"wp:featuredmedia":[{"embeddable":true,"href":"https:\/\/marktxxl.de\/markt\/wp-json\/wp\/v2\/media\/177463"}],"wp:attachment":[{"href":"https:\/\/marktxxl.de\/markt\/wp-json\/wp\/v2\/media?parent=177462"}],"wp:term":[{"taxonomy":"product_brand","embeddable":true,"href":"https:\/\/marktxxl.de\/markt\/wp-json\/wp\/v2\/product_brand?post=177462"},{"taxonomy":"product_cat","embeddable":true,"href":"https:\/\/marktxxl.de\/markt\/wp-json\/wp\/v2\/product_cat?post=177462"},{"taxonomy":"product_tag","embeddable":true,"href":"https:\/\/marktxxl.de\/markt\/wp-json\/wp\/v2\/product_tag?post=177462"}],"curies":[{"name":"wp","href":"https:\/\/api.w.org\/{rel}","templated":true}]}}