{"id":177403,"date":"2022-12-11T12:13:21","date_gmt":"2022-12-11T11:13:21","guid":{"rendered":"https:\/\/marktxxl.de\/markt\/produkt\/koerperfettwaage-digital-personenwaagen-bluetooth-koerperanalysewaage-smart-body-personenwaage-mit-fitness-app-smart-digitale-waage-fuer-koerperfett-bmi-muskelmasse-protein-bmr\/"},"modified":"2023-04-11T05:06:32","modified_gmt":"2023-04-11T03:06:32","slug":"koerperfettwaage-digital-personenwaagen-bluetooth-koerperanalysewaage-smart-body-personenwaage-mit-fitness-app-smart-digitale-waage-fuer-koerperfett-bmi-muskelmasse-protein-bmr","status":"publish","type":"product","link":"https:\/\/marktxxl.de\/markt\/produkt\/koerperfettwaage-digital-personenwaagen-bluetooth-koerperanalysewaage-smart-body-personenwaage-mit-fitness-app-smart-digitale-waage-fuer-koerperfett-bmi-muskelmasse-protein-bmr\/","title":{"rendered":"K\u00f6rperfettwaage Digital Personenwaagen Bluetooth K\u00f6rperanalysewaage: Smart Body Personenwaage mit Fitness App Smart\u2026"},"content":{"rendered":"<p>Kompatibel &amp; Einfach zu Bedienen App: Die intelligente \u201cHY-Fit\u201d App gratis aus dem Apple Store oder Google Play herunterzuladen. Benutzer k\u00f6nnen Gewichtsziele gem\u00e4\u00df ihren eigenen Bedingungen festlegen und Gewichts\u00e4nderungen gem\u00e4\u00df dem Zyklus von w\u00f6chentlich, monatlich und j\u00e4hrlich beobachten. Die Daten k\u00f6nnen mit Fitbit App, Apple Health &amp; Google Fit Synchronisiert werden.<br \/>\n15 Grundlegende Messungen: Die K\u00f6rperfettwaage zeigt nur das Gewicht an und mit der &#8216;HY-Fit&#8217; -App verbunden werden, um verschiedene K\u00f6rperindikatoren zu verfolgen: K\u00f6rpergewicht, BMI, K\u00f6rperfettanteil, Wasseranteil, Muskelmasse, Knochenmasse, Skelettmuskel, fettfreies K\u00f6rpergewicht, viszerales und subkutanes Fett, Protein, biologisches Alter, Grundumsatz, K\u00f6rpertyp und K\u00f6rperbewertung.<br \/>\nPr\u00e4zision Personenwaage: Mit hochwertigen geh\u00e4rtetem Glas und 4 hochpr\u00e4zisen Sensoren, die richtige Haltung f\u00fcr pr\u00e4zise Messungen auf 0,1 kg \/ 0,2 lbs genau und hat eine Kapazit\u00e4t von 396lbs \/ 180kg.<br \/>\nEine Waage, mehrere Benutzer: Nach dem Herunterladen der &#8216;HY-Fit&#8217;-App k\u00f6nnen Sie mehrere Benutzerkonten f\u00fcr verschiedene Benutzer registrieren. Sie k\u00f6nnen in der App zwischen Konten wechseln, um die ermittelten Daten und Gewichts\u00e4nderungen verschiedener Benutzer anzuzeigen. Eine K\u00f6rperfettwaage ist f\u00fcr die ganze Familie geeignet.<br \/>\nUm die Richtigkeit der Daten zu gew\u00e4hrleisten, stellen Sie sie bitte auf einen ebenen Boden und stellen Sie sich barfu\u00df auf die Waage.<br \/>\n<div class=\"main-cross-sell\" data-asin=\"B0B1M8XLJS\">\n\n\t<div class=\"WooZone-cross-sell-loader\">\n\t\t<div>\n\t\t\t<div id=\"floatingBarsG\">\n\t\t\t\t<div class=\"blockG\" id=\"rotateG_01\"><\/div>\n\t\t\t\t<div class=\"blockG\" id=\"rotateG_02\"><\/div>\n\t\t\t\t<div class=\"blockG\" id=\"rotateG_03\"><\/div>\n\t\t\t\t<div class=\"blockG\" id=\"rotateG_04\"><\/div>\n\t\t\t\t<div class=\"blockG\" id=\"rotateG_05\"><\/div>\n\t\t\t\t<div class=\"blockG\" id=\"rotateG_06\"><\/div>\n\t\t\t\t<div class=\"blockG\" id=\"rotateG_07\"><\/div>\n\t\t\t\t<div class=\"blockG\" id=\"rotateG_08\"><\/div>\n\t\t\t<\/div>\n\t\t\t<div class=\"WooZone-cross-sell-loader-text\"><\/div>\n\t\t<\/div>\n\t<\/div>\n\n\t\t\n<\/div>\n<div style=\"clear:both;\"><\/div><\/p>\n","protected":false},"excerpt":{"rendered":"<p>Kompatibel &amp; Einfach zu Bedienen App: Die intelligente \u201cHY-Fit\u201d App gratis aus dem Apple Store oder Google Play herunterzuladen. Benutzer k\u00f6nnen Gewichtsziele gem\u00e4\u00df ihren eigenen Bedingungen festlegen und Gewichts\u00e4nderungen gem\u00e4\u00df dem Zyklus von w\u00f6chentlich, monatlich und j\u00e4hrlich beobachten. Die Daten k\u00f6nnen mit Fitbit App, Apple Health &amp; Google Fit Synchronisiert werden.<br \/>\n15 Grundlegende Messungen: Die K\u00f6rperfettwaage zeigt nur das Gewicht an und mit der &#8216;HY-Fit&#8217; -App verbunden werden, um verschiedene K\u00f6rperindikatoren zu verfolgen: K\u00f6rpergewicht, BMI, K\u00f6rperfettanteil, Wasseranteil, Muskelmasse, Knochenmasse, Skelettmuskel, fettfreies K\u00f6rpergewicht, viszerales und subkutanes Fett, Protein, biologisches Alter, Grundumsatz, K\u00f6rpertyp und K\u00f6rperbewertung.<br \/>\nPr\u00e4zision Personenwaage: Mit hochwertigen geh\u00e4rtetem Glas und 4 hochpr\u00e4zisen Sensoren, die richtige Haltung f\u00fcr pr\u00e4zise Messungen auf 0,1 kg \/ 0,2 lbs genau und hat eine Kapazit\u00e4t von 396lbs \/ 180kg.<\/p>\n","protected":false},"featured_media":177404,"comment_status":"open","ping_status":"closed","template":"","meta":[],"product_brand":[],"product_cat":[566,5908],"product_tag":[],"class_list":{"0":"post-177403","1":"product","2":"type-product","3":"status-publish","4":"has-post-thumbnail","6":"product_cat-drogerie-koerperpflege","7":"product_cat-medizinische-geraete-verbrauchsmaterialien","8":"pa_binding-misc","9":"pa_brand-tenswallxcjc","10":"pa_manufacturer-tenswallxcjc","12":"first","13":"instock","14":"shipping-taxable","15":"purchasable","16":"product-type-simple","17":"customify-col","18":"product-has-gallery"},"yoast_head":"<!-- This site is optimized with the Yoast SEO plugin v27.4 - https:\/\/yoast.com\/product\/yoast-seo-wordpress\/ -->\n<title>K\u00f6rperfettwaage Digital Personenwaagen Bluetooth K\u00f6rperanalysewaage: Smart Body Personenwaage mit Fitness App Smart\u2026 - Markt-XXL<\/title>\n<meta name=\"description\" content=\"Markt-XXL K\u00f6rperfettwaage Digital Personenwaagen Bluetooth K\u00f6rperanalysewaage: Smart Body Personenwaage mit Fitness App Smart\u2026\" \/>\n<meta name=\"robots\" content=\"index, follow, max-snippet:-1, max-image-preview:large, max-video-preview:-1\" \/>\n<link rel=\"canonical\" href=\"https:\/\/marktxxl.de\/markt\/produkt\/koerperfettwaage-digital-personenwaagen-bluetooth-koerperanalysewaage-smart-body-personenwaage-mit-fitness-app-smart-digitale-waage-fuer-koerperfett-bmi-muskelmasse-protein-bmr\/\" \/>\n<meta property=\"og:locale\" content=\"de_DE\" \/>\n<meta property=\"og:type\" content=\"article\" \/>\n<meta property=\"og:title\" content=\"K\u00f6rperfettwaage Digital Personenwaagen Bluetooth K\u00f6rperanalysewaage: Smart Body Personenwaage mit Fitness App Smart\u2026 - Markt-XXL\" \/>\n<meta property=\"og:description\" content=\"Markt-XXL K\u00f6rperfettwaage Digital Personenwaagen Bluetooth K\u00f6rperanalysewaage: Smart Body Personenwaage mit Fitness App Smart\u2026\" \/>\n<meta property=\"og:url\" content=\"https:\/\/marktxxl.de\/markt\/produkt\/koerperfettwaage-digital-personenwaagen-bluetooth-koerperanalysewaage-smart-body-personenwaage-mit-fitness-app-smart-digitale-waage-fuer-koerperfett-bmi-muskelmasse-protein-bmr\/\" \/>\n<meta property=\"og:site_name\" content=\"Markt-XXL\" \/>\n<meta property=\"article:modified_time\" content=\"2023-04-11T03:06:32+00:00\" \/>\n<meta property=\"og:image\" content=\"https:\/\/m.media-amazon.com\/images\/I\/31CzsFDl+7L._SL500_.jpg\" \/>\n\t<meta property=\"og:image:width\" content=\"500\" \/>\n\t<meta property=\"og:image:height\" content=\"500\" \/>\n\t<meta property=\"og:image:type\" content=\"image\/jpeg\" \/>\n<meta name=\"twitter:card\" content=\"summary_large_image\" \/>\n<meta name=\"twitter:label1\" content=\"Gesch\u00e4tzte Lesezeit\" \/>\n\t<meta name=\"twitter:data1\" content=\"1\u00a0Minute\" \/>\n<script type=\"application\/ld+json\" class=\"yoast-schema-graph\">{\"@context\":\"https:\\\/\\\/schema.org\",\"@graph\":[{\"@type\":\"WebPage\",\"@id\":\"https:\\\/\\\/marktxxl.de\\\/markt\\\/produkt\\\/koerperfettwaage-digital-personenwaagen-bluetooth-koerperanalysewaage-smart-body-personenwaage-mit-fitness-app-smart-digitale-waage-fuer-koerperfett-bmi-muskelmasse-protein-bmr\\\/\",\"url\":\"https:\\\/\\\/marktxxl.de\\\/markt\\\/produkt\\\/koerperfettwaage-digital-personenwaagen-bluetooth-koerperanalysewaage-smart-body-personenwaage-mit-fitness-app-smart-digitale-waage-fuer-koerperfett-bmi-muskelmasse-protein-bmr\\\/\",\"name\":\"K\u00f6rperfettwaage Digital Personenwaagen Bluetooth K\u00f6rperanalysewaage: Smart Body Personenwaage mit Fitness App Smart\u2026 - Markt-XXL\",\"isPartOf\":{\"@id\":\"https:\\\/\\\/marktxxl.de\\\/markt\\\/#website\"},\"primaryImageOfPage\":{\"@id\":\"https:\\\/\\\/marktxxl.de\\\/markt\\\/produkt\\\/koerperfettwaage-digital-personenwaagen-bluetooth-koerperanalysewaage-smart-body-personenwaage-mit-fitness-app-smart-digitale-waage-fuer-koerperfett-bmi-muskelmasse-protein-bmr\\\/#primaryimage\"},\"image\":{\"@id\":\"https:\\\/\\\/marktxxl.de\\\/markt\\\/produkt\\\/koerperfettwaage-digital-personenwaagen-bluetooth-koerperanalysewaage-smart-body-personenwaage-mit-fitness-app-smart-digitale-waage-fuer-koerperfett-bmi-muskelmasse-protein-bmr\\\/#primaryimage\"},\"thumbnailUrl\":\"https:\\\/\\\/m.media-amazon.com\\\/images\\\/I\\\/31CzsFDl+7L._SL500_.jpg\",\"datePublished\":\"2022-12-11T11:13:21+00:00\",\"dateModified\":\"2023-04-11T03:06:32+00:00\",\"description\":\"Markt-XXL K\u00f6rperfettwaage Digital Personenwaagen Bluetooth K\u00f6rperanalysewaage: Smart Body Personenwaage mit Fitness App Smart\u2026\",\"breadcrumb\":{\"@id\":\"https:\\\/\\\/marktxxl.de\\\/markt\\\/produkt\\\/koerperfettwaage-digital-personenwaagen-bluetooth-koerperanalysewaage-smart-body-personenwaage-mit-fitness-app-smart-digitale-waage-fuer-koerperfett-bmi-muskelmasse-protein-bmr\\\/#breadcrumb\"},\"inLanguage\":\"de\",\"potentialAction\":[{\"@type\":\"ReadAction\",\"target\":[\"https:\\\/\\\/marktxxl.de\\\/markt\\\/produkt\\\/koerperfettwaage-digital-personenwaagen-bluetooth-koerperanalysewaage-smart-body-personenwaage-mit-fitness-app-smart-digitale-waage-fuer-koerperfett-bmi-muskelmasse-protein-bmr\\\/\"]}]},{\"@type\":\"ImageObject\",\"inLanguage\":\"de\",\"@id\":\"https:\\\/\\\/marktxxl.de\\\/markt\\\/produkt\\\/koerperfettwaage-digital-personenwaagen-bluetooth-koerperanalysewaage-smart-body-personenwaage-mit-fitness-app-smart-digitale-waage-fuer-koerperfett-bmi-muskelmasse-protein-bmr\\\/#primaryimage\",\"url\":\"https:\\\/\\\/m.media-amazon.com\\\/images\\\/I\\\/31CzsFDl+7L._SL500_.jpg\",\"contentUrl\":\"https:\\\/\\\/m.media-amazon.com\\\/images\\\/I\\\/31CzsFDl+7L._SL500_.jpg\",\"width\":500,\"height\":500},{\"@type\":\"BreadcrumbList\",\"@id\":\"https:\\\/\\\/marktxxl.de\\\/markt\\\/produkt\\\/koerperfettwaage-digital-personenwaagen-bluetooth-koerperanalysewaage-smart-body-personenwaage-mit-fitness-app-smart-digitale-waage-fuer-koerperfett-bmi-muskelmasse-protein-bmr\\\/#breadcrumb\",\"itemListElement\":[{\"@type\":\"ListItem\",\"position\":1,\"name\":\"Startseite\",\"item\":\"https:\\\/\\\/marktxxl.de\\\/markt\\\/\"},{\"@type\":\"ListItem\",\"position\":2,\"name\":\"Markt\",\"item\":\"https:\\\/\\\/marktxxl.de\\\/markt\\\/\"},{\"@type\":\"ListItem\",\"position\":3,\"name\":\"K\u00f6rperfettwaage Digital Personenwaagen Bluetooth K\u00f6rperanalysewaage: Smart Body Personenwaage mit Fitness App Smart\u2026\"}]},{\"@type\":\"WebSite\",\"@id\":\"https:\\\/\\\/marktxxl.de\\\/markt\\\/#website\",\"url\":\"https:\\\/\\\/marktxxl.de\\\/markt\\\/\",\"name\":\"Markt-XXL\",\"description\":\"Ihr Markt Online\",\"publisher\":{\"@id\":\"https:\\\/\\\/marktxxl.de\\\/markt\\\/#organization\"},\"potentialAction\":[{\"@type\":\"SearchAction\",\"target\":{\"@type\":\"EntryPoint\",\"urlTemplate\":\"https:\\\/\\\/marktxxl.de\\\/markt\\\/?s={search_term_string}\"},\"query-input\":{\"@type\":\"PropertyValueSpecification\",\"valueRequired\":true,\"valueName\":\"search_term_string\"}}],\"inLanguage\":\"de\"},{\"@type\":\"Organization\",\"@id\":\"https:\\\/\\\/marktxxl.de\\\/markt\\\/#organization\",\"name\":\"Markt-XXL\",\"url\":\"https:\\\/\\\/marktxxl.de\\\/markt\\\/\",\"logo\":{\"@type\":\"ImageObject\",\"inLanguage\":\"de\",\"@id\":\"https:\\\/\\\/marktxxl.de\\\/markt\\\/#\\\/schema\\\/logo\\\/image\\\/\",\"url\":\"https:\\\/\\\/marktxxl.de\\\/markt\\\/wp-content\\\/uploads\\\/sites\\\/3\\\/2020\\\/12\\\/logo.png\",\"contentUrl\":\"https:\\\/\\\/marktxxl.de\\\/markt\\\/wp-content\\\/uploads\\\/sites\\\/3\\\/2020\\\/12\\\/logo.png\",\"width\":200,\"height\":70,\"caption\":\"Markt-XXL\"},\"image\":{\"@id\":\"https:\\\/\\\/marktxxl.de\\\/markt\\\/#\\\/schema\\\/logo\\\/image\\\/\"}}]}<\/script>\n<!-- \/ Yoast SEO plugin. -->","yoast_head_json":{"title":"K\u00f6rperfettwaage Digital Personenwaagen Bluetooth K\u00f6rperanalysewaage: Smart Body Personenwaage mit Fitness App Smart\u2026 - Markt-XXL","description":"Markt-XXL K\u00f6rperfettwaage Digital Personenwaagen Bluetooth K\u00f6rperanalysewaage: Smart Body Personenwaage mit Fitness App Smart\u2026","robots":{"index":"index","follow":"follow","max-snippet":"max-snippet:-1","max-image-preview":"max-image-preview:large","max-video-preview":"max-video-preview:-1"},"canonical":"https:\/\/marktxxl.de\/markt\/produkt\/koerperfettwaage-digital-personenwaagen-bluetooth-koerperanalysewaage-smart-body-personenwaage-mit-fitness-app-smart-digitale-waage-fuer-koerperfett-bmi-muskelmasse-protein-bmr\/","og_locale":"de_DE","og_type":"article","og_title":"K\u00f6rperfettwaage Digital Personenwaagen Bluetooth K\u00f6rperanalysewaage: Smart Body Personenwaage mit Fitness App Smart\u2026 - Markt-XXL","og_description":"Markt-XXL K\u00f6rperfettwaage Digital Personenwaagen Bluetooth K\u00f6rperanalysewaage: Smart Body Personenwaage mit Fitness App Smart\u2026","og_url":"https:\/\/marktxxl.de\/markt\/produkt\/koerperfettwaage-digital-personenwaagen-bluetooth-koerperanalysewaage-smart-body-personenwaage-mit-fitness-app-smart-digitale-waage-fuer-koerperfett-bmi-muskelmasse-protein-bmr\/","og_site_name":"Markt-XXL","article_modified_time":"2023-04-11T03:06:32+00:00","og_image":[{"width":500,"height":500,"url":"https:\/\/m.media-amazon.com\/images\/I\/31CzsFDl+7L._SL500_.jpg","type":"image\/jpeg"}],"twitter_card":"summary_large_image","twitter_misc":{"Gesch\u00e4tzte Lesezeit":"1\u00a0Minute"},"schema":{"@context":"https:\/\/schema.org","@graph":[{"@type":"WebPage","@id":"https:\/\/marktxxl.de\/markt\/produkt\/koerperfettwaage-digital-personenwaagen-bluetooth-koerperanalysewaage-smart-body-personenwaage-mit-fitness-app-smart-digitale-waage-fuer-koerperfett-bmi-muskelmasse-protein-bmr\/","url":"https:\/\/marktxxl.de\/markt\/produkt\/koerperfettwaage-digital-personenwaagen-bluetooth-koerperanalysewaage-smart-body-personenwaage-mit-fitness-app-smart-digitale-waage-fuer-koerperfett-bmi-muskelmasse-protein-bmr\/","name":"K\u00f6rperfettwaage Digital Personenwaagen Bluetooth K\u00f6rperanalysewaage: Smart Body Personenwaage mit Fitness App Smart\u2026 - Markt-XXL","isPartOf":{"@id":"https:\/\/marktxxl.de\/markt\/#website"},"primaryImageOfPage":{"@id":"https:\/\/marktxxl.de\/markt\/produkt\/koerperfettwaage-digital-personenwaagen-bluetooth-koerperanalysewaage-smart-body-personenwaage-mit-fitness-app-smart-digitale-waage-fuer-koerperfett-bmi-muskelmasse-protein-bmr\/#primaryimage"},"image":{"@id":"https:\/\/marktxxl.de\/markt\/produkt\/koerperfettwaage-digital-personenwaagen-bluetooth-koerperanalysewaage-smart-body-personenwaage-mit-fitness-app-smart-digitale-waage-fuer-koerperfett-bmi-muskelmasse-protein-bmr\/#primaryimage"},"thumbnailUrl":"https:\/\/m.media-amazon.com\/images\/I\/31CzsFDl+7L._SL500_.jpg","datePublished":"2022-12-11T11:13:21+00:00","dateModified":"2023-04-11T03:06:32+00:00","description":"Markt-XXL K\u00f6rperfettwaage Digital Personenwaagen Bluetooth K\u00f6rperanalysewaage: Smart Body Personenwaage mit Fitness App Smart\u2026","breadcrumb":{"@id":"https:\/\/marktxxl.de\/markt\/produkt\/koerperfettwaage-digital-personenwaagen-bluetooth-koerperanalysewaage-smart-body-personenwaage-mit-fitness-app-smart-digitale-waage-fuer-koerperfett-bmi-muskelmasse-protein-bmr\/#breadcrumb"},"inLanguage":"de","potentialAction":[{"@type":"ReadAction","target":["https:\/\/marktxxl.de\/markt\/produkt\/koerperfettwaage-digital-personenwaagen-bluetooth-koerperanalysewaage-smart-body-personenwaage-mit-fitness-app-smart-digitale-waage-fuer-koerperfett-bmi-muskelmasse-protein-bmr\/"]}]},{"@type":"ImageObject","inLanguage":"de","@id":"https:\/\/marktxxl.de\/markt\/produkt\/koerperfettwaage-digital-personenwaagen-bluetooth-koerperanalysewaage-smart-body-personenwaage-mit-fitness-app-smart-digitale-waage-fuer-koerperfett-bmi-muskelmasse-protein-bmr\/#primaryimage","url":"https:\/\/m.media-amazon.com\/images\/I\/31CzsFDl+7L._SL500_.jpg","contentUrl":"https:\/\/m.media-amazon.com\/images\/I\/31CzsFDl+7L._SL500_.jpg","width":500,"height":500},{"@type":"BreadcrumbList","@id":"https:\/\/marktxxl.de\/markt\/produkt\/koerperfettwaage-digital-personenwaagen-bluetooth-koerperanalysewaage-smart-body-personenwaage-mit-fitness-app-smart-digitale-waage-fuer-koerperfett-bmi-muskelmasse-protein-bmr\/#breadcrumb","itemListElement":[{"@type":"ListItem","position":1,"name":"Startseite","item":"https:\/\/marktxxl.de\/markt\/"},{"@type":"ListItem","position":2,"name":"Markt","item":"https:\/\/marktxxl.de\/markt\/"},{"@type":"ListItem","position":3,"name":"K\u00f6rperfettwaage Digital Personenwaagen Bluetooth K\u00f6rperanalysewaage: Smart Body Personenwaage mit Fitness App Smart\u2026"}]},{"@type":"WebSite","@id":"https:\/\/marktxxl.de\/markt\/#website","url":"https:\/\/marktxxl.de\/markt\/","name":"Markt-XXL","description":"Ihr Markt Online","publisher":{"@id":"https:\/\/marktxxl.de\/markt\/#organization"},"potentialAction":[{"@type":"SearchAction","target":{"@type":"EntryPoint","urlTemplate":"https:\/\/marktxxl.de\/markt\/?s={search_term_string}"},"query-input":{"@type":"PropertyValueSpecification","valueRequired":true,"valueName":"search_term_string"}}],"inLanguage":"de"},{"@type":"Organization","@id":"https:\/\/marktxxl.de\/markt\/#organization","name":"Markt-XXL","url":"https:\/\/marktxxl.de\/markt\/","logo":{"@type":"ImageObject","inLanguage":"de","@id":"https:\/\/marktxxl.de\/markt\/#\/schema\/logo\/image\/","url":"https:\/\/marktxxl.de\/markt\/wp-content\/uploads\/sites\/3\/2020\/12\/logo.png","contentUrl":"https:\/\/marktxxl.de\/markt\/wp-content\/uploads\/sites\/3\/2020\/12\/logo.png","width":200,"height":70,"caption":"Markt-XXL"},"image":{"@id":"https:\/\/marktxxl.de\/markt\/#\/schema\/logo\/image\/"}}]}},"_links":{"self":[{"href":"https:\/\/marktxxl.de\/markt\/wp-json\/wp\/v2\/product\/177403","targetHints":{"allow":["GET"]}}],"collection":[{"href":"https:\/\/marktxxl.de\/markt\/wp-json\/wp\/v2\/product"}],"about":[{"href":"https:\/\/marktxxl.de\/markt\/wp-json\/wp\/v2\/types\/product"}],"replies":[{"embeddable":true,"href":"https:\/\/marktxxl.de\/markt\/wp-json\/wp\/v2\/comments?post=177403"}],"wp:featuredmedia":[{"embeddable":true,"href":"https:\/\/marktxxl.de\/markt\/wp-json\/wp\/v2\/media\/177404"}],"wp:attachment":[{"href":"https:\/\/marktxxl.de\/markt\/wp-json\/wp\/v2\/media?parent=177403"}],"wp:term":[{"taxonomy":"product_brand","embeddable":true,"href":"https:\/\/marktxxl.de\/markt\/wp-json\/wp\/v2\/product_brand?post=177403"},{"taxonomy":"product_cat","embeddable":true,"href":"https:\/\/marktxxl.de\/markt\/wp-json\/wp\/v2\/product_cat?post=177403"},{"taxonomy":"product_tag","embeddable":true,"href":"https:\/\/marktxxl.de\/markt\/wp-json\/wp\/v2\/product_tag?post=177403"}],"curies":[{"name":"wp","href":"https:\/\/api.w.org\/{rel}","templated":true}]}}