{"id":177385,"date":"2022-12-11T12:11:27","date_gmt":"2022-12-11T11:11:27","guid":{"rendered":"https:\/\/marktxxl.de\/markt\/produkt\/gua-sha-steine-gesichts-jade-100-natur-stein-herzform-kratz-massage-tool-fuer-gesicht-augen-hals-zur-hautpflege-schoenheit-und-entspannung-der-koerpermuskulatur\/"},"modified":"2023-04-11T05:06:32","modified_gmt":"2023-04-11T03:06:32","slug":"gua-sha-steine-gesichts-jade-100-natur-stein-herzform-kratz-massage-tool-fuer-gesicht-augen-hals-zur-hautpflege-schoenheit-und-entspannung-der-koerpermuskulatur","status":"publish","type":"product","link":"https:\/\/marktxxl.de\/markt\/produkt\/gua-sha-steine-gesichts-jade-100-natur-stein-herzform-kratz-massage-tool-fuer-gesicht-augen-hals-zur-hautpflege-schoenheit-und-entspannung-der-koerpermuskulatur\/","title":{"rendered":"Nat\u00fcrliches Gua Sha Stein Jade 100% Natur-Stein Herzform Kratz-Massage Tool f\u00fcr Gesicht, Augen, Hals zur Hautpflege\u2026"},"content":{"rendered":"<p>\u3010100% Natural Jade\u3011Hergestellt aus 100% nat\u00fcrlichem Jadestein, der vorteilhafte Mineralien f\u00fcr die Sch\u00f6nheit der Haut und die Gesundheit des K\u00f6rpers ist. Ultra-glatte Oberfl\u00e4chentextur, glatte Ber\u00fchrung, langlebig, leicht zu pflegen und handlich, statisch frei.<br \/>\n\u3010Long Time Verification\u3011Hat sich seit Tausenden von Jahren bew\u00e4hrt, um zu helfen, Entz\u00fcndungen zu reduzieren. L\u00f6st k\u00f6rperliche Spannungen im K\u00f6rper. Sicher und effektiv f\u00fcr die k\u00f6rperliche Gesundheit. Gua Sha Tools k\u00f6nnen gut auf Gesicht, Nacken, R\u00fccken, Hand, Schultern und Fu\u00df arbeiten.<br \/>\n\u3010Amazing Benefits\u3011Gua Sha Stones hilft, die Blutzirkulation, den Hauttonus, die Hautelastizit\u00e4t und die Lymphdrainage zu verbessern. Es reduziert auch Schwellungen, Falten, Dunkelheit unter den Augen und beseitigt Giftstoffe. Es kann auch auf Gesicht, Hals, R\u00fccken, Armen und Beinen angewendet werden, wo Massage und Entspannung erforderlich sind. Verwenden Sie es zusammen mit Cremes, um deren Aufnahme zu f\u00f6rdern.<br \/>\n\u3010Easy to Use\u3011Das Gua Sha Werkzeug misst 3.14*2.16in und kommt mit einer kostenlosen rosa Aufbewahrungstasche. Sie k\u00f6nnen es mit sich herumtragen und es jederzeit verwenden, wenn Sie reisen, auf Tour oder im Urlaub, ohne die Bequemlichkeit, in einen Sch\u00f6nheitssalon zu gehen, um j\u00fcnger aussehende Haut zu bekommen.<br \/>\n\u3010Happy Shopping\u3011Deliver Sch\u00f6nheit und Gesundheit zu Liebhabern, Freunden, Familienmitgliedern und vergessen Sie nicht, eine f\u00fcr sich selbst zu bekommen.Jede Anfrage z\u00f6gern Sie bitte nicht, uns zu kontaktieren, freundliche und leicht zu erreichende Kundendienstunterst\u00fctzung werden von uns die ganze Zeit zur Verf\u00fcgung gestellt.<br \/>\n<div class=\"main-cross-sell\" data-asin=\"B0B3J37RJK\">\n\n\t<div class=\"WooZone-cross-sell-loader\">\n\t\t<div>\n\t\t\t<div id=\"floatingBarsG\">\n\t\t\t\t<div class=\"blockG\" id=\"rotateG_01\"><\/div>\n\t\t\t\t<div class=\"blockG\" id=\"rotateG_02\"><\/div>\n\t\t\t\t<div class=\"blockG\" id=\"rotateG_03\"><\/div>\n\t\t\t\t<div class=\"blockG\" id=\"rotateG_04\"><\/div>\n\t\t\t\t<div class=\"blockG\" id=\"rotateG_05\"><\/div>\n\t\t\t\t<div class=\"blockG\" id=\"rotateG_06\"><\/div>\n\t\t\t\t<div class=\"blockG\" id=\"rotateG_07\"><\/div>\n\t\t\t\t<div class=\"blockG\" id=\"rotateG_08\"><\/div>\n\t\t\t<\/div>\n\t\t\t<div class=\"WooZone-cross-sell-loader-text\"><\/div>\n\t\t<\/div>\n\t<\/div>\n\n\t\t\n<\/div>\n<div style=\"clear:both;\"><\/div><\/p>\n","protected":false},"excerpt":{"rendered":"<p>\u3010100% Natural Jade\u3011Hergestellt aus 100% nat\u00fcrlichem Jadestein, der vorteilhafte Mineralien f\u00fcr die Sch\u00f6nheit der Haut und die Gesundheit des K\u00f6rpers ist. Ultra-glatte Oberfl\u00e4chentextur, glatte Ber\u00fchrung, langlebig, leicht zu pflegen und handlich, statisch frei.<br \/>\n\u3010Long Time Verification\u3011Hat sich seit Tausenden von Jahren bew\u00e4hrt, um zu helfen, Entz\u00fcndungen zu reduzieren. L\u00f6st k\u00f6rperliche Spannungen im K\u00f6rper. Sicher und effektiv f\u00fcr die k\u00f6rperliche Gesundheit. Gua Sha Tools k\u00f6nnen gut auf Gesicht, Nacken, R\u00fccken, Hand, Schultern und Fu\u00df arbeiten.<br \/>\n\u3010Amazing Benefits\u3011Gua Sha Stones hilft, die Blutzirkulation, den Hauttonus, die Hautelastizit\u00e4t und die Lymphdrainage zu verbessern. Es reduziert auch Schwellungen, Falten, Dunkelheit unter den Augen und beseitigt Giftstoffe. Es kann auch auf Gesicht, Hals, R\u00fccken, Armen und Beinen angewendet werden, wo Massage und Entspannung erforderlich sind. Verwenden Sie es zusammen mit Cremes, um deren Aufnahme zu f\u00f6rdern.<\/p>\n","protected":false},"featured_media":177386,"comment_status":"open","ping_status":"closed","template":"","meta":[],"product_brand":[],"product_cat":[566,6496],"product_tag":[],"class_list":{"0":"post-177385","1":"product","2":"type-product","3":"status-publish","4":"has-post-thumbnail","6":"product_cat-drogerie-koerperpflege","7":"product_cat-wellness","8":"pa_binding-badartikel","9":"pa_brand-yankuirui","10":"pa_manufacturer-yankuirui","12":"first","13":"instock","14":"shipping-taxable","15":"purchasable","16":"product-type-simple","17":"customify-col","18":"product-has-gallery"},"yoast_head":"<!-- This site is optimized with the Yoast SEO plugin v27.4 - https:\/\/yoast.com\/product\/yoast-seo-wordpress\/ -->\n<title>Nat\u00fcrliches Gua Sha Stein Jade 100% Natur-Stein Herzform Kratz-Massage Tool f\u00fcr Gesicht, Augen, Hals zur Hautpflege\u2026 - Markt-XXL<\/title>\n<meta name=\"description\" content=\"Markt-XXL Nat\u00fcrliches Gua Sha Stein Jade 100% Natur-Stein Herzform Kratz-Massage Tool f\u00fcr Gesicht, Augen, Hals zur Hautpflege\u2026\" \/>\n<meta name=\"robots\" content=\"index, follow, max-snippet:-1, max-image-preview:large, max-video-preview:-1\" \/>\n<link rel=\"canonical\" href=\"https:\/\/marktxxl.de\/markt\/produkt\/gua-sha-steine-gesichts-jade-100-natur-stein-herzform-kratz-massage-tool-fuer-gesicht-augen-hals-zur-hautpflege-schoenheit-und-entspannung-der-koerpermuskulatur\/\" \/>\n<meta property=\"og:locale\" content=\"de_DE\" \/>\n<meta property=\"og:type\" content=\"article\" \/>\n<meta property=\"og:title\" content=\"Nat\u00fcrliches Gua Sha Stein Jade 100% Natur-Stein Herzform Kratz-Massage Tool f\u00fcr Gesicht, Augen, Hals zur Hautpflege\u2026 - Markt-XXL\" \/>\n<meta property=\"og:description\" content=\"Markt-XXL Nat\u00fcrliches Gua Sha Stein Jade 100% Natur-Stein Herzform Kratz-Massage Tool f\u00fcr Gesicht, Augen, Hals zur Hautpflege\u2026\" \/>\n<meta property=\"og:url\" content=\"https:\/\/marktxxl.de\/markt\/produkt\/gua-sha-steine-gesichts-jade-100-natur-stein-herzform-kratz-massage-tool-fuer-gesicht-augen-hals-zur-hautpflege-schoenheit-und-entspannung-der-koerpermuskulatur\/\" \/>\n<meta property=\"og:site_name\" content=\"Markt-XXL\" \/>\n<meta property=\"article:modified_time\" content=\"2023-04-11T03:06:32+00:00\" \/>\n<meta property=\"og:image\" content=\"https:\/\/m.media-amazon.com\/images\/I\/31WFV7G+COL._SL500_.jpg\" \/>\n\t<meta property=\"og:image:width\" content=\"500\" \/>\n\t<meta property=\"og:image:height\" content=\"500\" \/>\n\t<meta property=\"og:image:type\" content=\"image\/jpeg\" \/>\n<meta name=\"twitter:card\" content=\"summary_large_image\" \/>\n<meta name=\"twitter:label1\" content=\"Gesch\u00e4tzte Lesezeit\" \/>\n\t<meta name=\"twitter:data1\" content=\"1\u00a0Minute\" \/>\n<script type=\"application\/ld+json\" class=\"yoast-schema-graph\">{\"@context\":\"https:\\\/\\\/schema.org\",\"@graph\":[{\"@type\":\"WebPage\",\"@id\":\"https:\\\/\\\/marktxxl.de\\\/markt\\\/produkt\\\/gua-sha-steine-gesichts-jade-100-natur-stein-herzform-kratz-massage-tool-fuer-gesicht-augen-hals-zur-hautpflege-schoenheit-und-entspannung-der-koerpermuskulatur\\\/\",\"url\":\"https:\\\/\\\/marktxxl.de\\\/markt\\\/produkt\\\/gua-sha-steine-gesichts-jade-100-natur-stein-herzform-kratz-massage-tool-fuer-gesicht-augen-hals-zur-hautpflege-schoenheit-und-entspannung-der-koerpermuskulatur\\\/\",\"name\":\"Nat\u00fcrliches Gua Sha Stein Jade 100% Natur-Stein Herzform Kratz-Massage Tool f\u00fcr Gesicht, Augen, Hals zur Hautpflege\u2026 - Markt-XXL\",\"isPartOf\":{\"@id\":\"https:\\\/\\\/marktxxl.de\\\/markt\\\/#website\"},\"primaryImageOfPage\":{\"@id\":\"https:\\\/\\\/marktxxl.de\\\/markt\\\/produkt\\\/gua-sha-steine-gesichts-jade-100-natur-stein-herzform-kratz-massage-tool-fuer-gesicht-augen-hals-zur-hautpflege-schoenheit-und-entspannung-der-koerpermuskulatur\\\/#primaryimage\"},\"image\":{\"@id\":\"https:\\\/\\\/marktxxl.de\\\/markt\\\/produkt\\\/gua-sha-steine-gesichts-jade-100-natur-stein-herzform-kratz-massage-tool-fuer-gesicht-augen-hals-zur-hautpflege-schoenheit-und-entspannung-der-koerpermuskulatur\\\/#primaryimage\"},\"thumbnailUrl\":\"https:\\\/\\\/m.media-amazon.com\\\/images\\\/I\\\/31WFV7G+COL._SL500_.jpg\",\"datePublished\":\"2022-12-11T11:11:27+00:00\",\"dateModified\":\"2023-04-11T03:06:32+00:00\",\"description\":\"Markt-XXL Nat\u00fcrliches Gua Sha Stein Jade 100% Natur-Stein Herzform Kratz-Massage Tool f\u00fcr Gesicht, Augen, Hals zur Hautpflege\u2026\",\"breadcrumb\":{\"@id\":\"https:\\\/\\\/marktxxl.de\\\/markt\\\/produkt\\\/gua-sha-steine-gesichts-jade-100-natur-stein-herzform-kratz-massage-tool-fuer-gesicht-augen-hals-zur-hautpflege-schoenheit-und-entspannung-der-koerpermuskulatur\\\/#breadcrumb\"},\"inLanguage\":\"de\",\"potentialAction\":[{\"@type\":\"ReadAction\",\"target\":[\"https:\\\/\\\/marktxxl.de\\\/markt\\\/produkt\\\/gua-sha-steine-gesichts-jade-100-natur-stein-herzform-kratz-massage-tool-fuer-gesicht-augen-hals-zur-hautpflege-schoenheit-und-entspannung-der-koerpermuskulatur\\\/\"]}]},{\"@type\":\"ImageObject\",\"inLanguage\":\"de\",\"@id\":\"https:\\\/\\\/marktxxl.de\\\/markt\\\/produkt\\\/gua-sha-steine-gesichts-jade-100-natur-stein-herzform-kratz-massage-tool-fuer-gesicht-augen-hals-zur-hautpflege-schoenheit-und-entspannung-der-koerpermuskulatur\\\/#primaryimage\",\"url\":\"https:\\\/\\\/m.media-amazon.com\\\/images\\\/I\\\/31WFV7G+COL._SL500_.jpg\",\"contentUrl\":\"https:\\\/\\\/m.media-amazon.com\\\/images\\\/I\\\/31WFV7G+COL._SL500_.jpg\",\"width\":500,\"height\":500},{\"@type\":\"BreadcrumbList\",\"@id\":\"https:\\\/\\\/marktxxl.de\\\/markt\\\/produkt\\\/gua-sha-steine-gesichts-jade-100-natur-stein-herzform-kratz-massage-tool-fuer-gesicht-augen-hals-zur-hautpflege-schoenheit-und-entspannung-der-koerpermuskulatur\\\/#breadcrumb\",\"itemListElement\":[{\"@type\":\"ListItem\",\"position\":1,\"name\":\"Startseite\",\"item\":\"https:\\\/\\\/marktxxl.de\\\/markt\\\/\"},{\"@type\":\"ListItem\",\"position\":2,\"name\":\"Markt\",\"item\":\"https:\\\/\\\/marktxxl.de\\\/markt\\\/\"},{\"@type\":\"ListItem\",\"position\":3,\"name\":\"Nat\u00fcrliches Gua Sha Stein Jade 100% Natur-Stein Herzform Kratz-Massage Tool f\u00fcr Gesicht, Augen, Hals zur Hautpflege\u2026\"}]},{\"@type\":\"WebSite\",\"@id\":\"https:\\\/\\\/marktxxl.de\\\/markt\\\/#website\",\"url\":\"https:\\\/\\\/marktxxl.de\\\/markt\\\/\",\"name\":\"Markt-XXL\",\"description\":\"Ihr Markt Online\",\"publisher\":{\"@id\":\"https:\\\/\\\/marktxxl.de\\\/markt\\\/#organization\"},\"potentialAction\":[{\"@type\":\"SearchAction\",\"target\":{\"@type\":\"EntryPoint\",\"urlTemplate\":\"https:\\\/\\\/marktxxl.de\\\/markt\\\/?s={search_term_string}\"},\"query-input\":{\"@type\":\"PropertyValueSpecification\",\"valueRequired\":true,\"valueName\":\"search_term_string\"}}],\"inLanguage\":\"de\"},{\"@type\":\"Organization\",\"@id\":\"https:\\\/\\\/marktxxl.de\\\/markt\\\/#organization\",\"name\":\"Markt-XXL\",\"url\":\"https:\\\/\\\/marktxxl.de\\\/markt\\\/\",\"logo\":{\"@type\":\"ImageObject\",\"inLanguage\":\"de\",\"@id\":\"https:\\\/\\\/marktxxl.de\\\/markt\\\/#\\\/schema\\\/logo\\\/image\\\/\",\"url\":\"https:\\\/\\\/marktxxl.de\\\/markt\\\/wp-content\\\/uploads\\\/sites\\\/3\\\/2020\\\/12\\\/logo.png\",\"contentUrl\":\"https:\\\/\\\/marktxxl.de\\\/markt\\\/wp-content\\\/uploads\\\/sites\\\/3\\\/2020\\\/12\\\/logo.png\",\"width\":200,\"height\":70,\"caption\":\"Markt-XXL\"},\"image\":{\"@id\":\"https:\\\/\\\/marktxxl.de\\\/markt\\\/#\\\/schema\\\/logo\\\/image\\\/\"}}]}<\/script>\n<!-- \/ Yoast SEO plugin. -->","yoast_head_json":{"title":"Nat\u00fcrliches Gua Sha Stein Jade 100% Natur-Stein Herzform Kratz-Massage Tool f\u00fcr Gesicht, Augen, Hals zur Hautpflege\u2026 - Markt-XXL","description":"Markt-XXL Nat\u00fcrliches Gua Sha Stein Jade 100% Natur-Stein Herzform Kratz-Massage Tool f\u00fcr Gesicht, Augen, Hals zur Hautpflege\u2026","robots":{"index":"index","follow":"follow","max-snippet":"max-snippet:-1","max-image-preview":"max-image-preview:large","max-video-preview":"max-video-preview:-1"},"canonical":"https:\/\/marktxxl.de\/markt\/produkt\/gua-sha-steine-gesichts-jade-100-natur-stein-herzform-kratz-massage-tool-fuer-gesicht-augen-hals-zur-hautpflege-schoenheit-und-entspannung-der-koerpermuskulatur\/","og_locale":"de_DE","og_type":"article","og_title":"Nat\u00fcrliches Gua Sha Stein Jade 100% Natur-Stein Herzform Kratz-Massage Tool f\u00fcr Gesicht, Augen, Hals zur Hautpflege\u2026 - Markt-XXL","og_description":"Markt-XXL Nat\u00fcrliches Gua Sha Stein Jade 100% Natur-Stein Herzform Kratz-Massage Tool f\u00fcr Gesicht, Augen, Hals zur Hautpflege\u2026","og_url":"https:\/\/marktxxl.de\/markt\/produkt\/gua-sha-steine-gesichts-jade-100-natur-stein-herzform-kratz-massage-tool-fuer-gesicht-augen-hals-zur-hautpflege-schoenheit-und-entspannung-der-koerpermuskulatur\/","og_site_name":"Markt-XXL","article_modified_time":"2023-04-11T03:06:32+00:00","og_image":[{"width":500,"height":500,"url":"https:\/\/m.media-amazon.com\/images\/I\/31WFV7G+COL._SL500_.jpg","type":"image\/jpeg"}],"twitter_card":"summary_large_image","twitter_misc":{"Gesch\u00e4tzte Lesezeit":"1\u00a0Minute"},"schema":{"@context":"https:\/\/schema.org","@graph":[{"@type":"WebPage","@id":"https:\/\/marktxxl.de\/markt\/produkt\/gua-sha-steine-gesichts-jade-100-natur-stein-herzform-kratz-massage-tool-fuer-gesicht-augen-hals-zur-hautpflege-schoenheit-und-entspannung-der-koerpermuskulatur\/","url":"https:\/\/marktxxl.de\/markt\/produkt\/gua-sha-steine-gesichts-jade-100-natur-stein-herzform-kratz-massage-tool-fuer-gesicht-augen-hals-zur-hautpflege-schoenheit-und-entspannung-der-koerpermuskulatur\/","name":"Nat\u00fcrliches Gua Sha Stein Jade 100% Natur-Stein Herzform Kratz-Massage Tool f\u00fcr Gesicht, Augen, Hals zur Hautpflege\u2026 - Markt-XXL","isPartOf":{"@id":"https:\/\/marktxxl.de\/markt\/#website"},"primaryImageOfPage":{"@id":"https:\/\/marktxxl.de\/markt\/produkt\/gua-sha-steine-gesichts-jade-100-natur-stein-herzform-kratz-massage-tool-fuer-gesicht-augen-hals-zur-hautpflege-schoenheit-und-entspannung-der-koerpermuskulatur\/#primaryimage"},"image":{"@id":"https:\/\/marktxxl.de\/markt\/produkt\/gua-sha-steine-gesichts-jade-100-natur-stein-herzform-kratz-massage-tool-fuer-gesicht-augen-hals-zur-hautpflege-schoenheit-und-entspannung-der-koerpermuskulatur\/#primaryimage"},"thumbnailUrl":"https:\/\/m.media-amazon.com\/images\/I\/31WFV7G+COL._SL500_.jpg","datePublished":"2022-12-11T11:11:27+00:00","dateModified":"2023-04-11T03:06:32+00:00","description":"Markt-XXL Nat\u00fcrliches Gua Sha Stein Jade 100% Natur-Stein Herzform Kratz-Massage Tool f\u00fcr Gesicht, Augen, Hals zur Hautpflege\u2026","breadcrumb":{"@id":"https:\/\/marktxxl.de\/markt\/produkt\/gua-sha-steine-gesichts-jade-100-natur-stein-herzform-kratz-massage-tool-fuer-gesicht-augen-hals-zur-hautpflege-schoenheit-und-entspannung-der-koerpermuskulatur\/#breadcrumb"},"inLanguage":"de","potentialAction":[{"@type":"ReadAction","target":["https:\/\/marktxxl.de\/markt\/produkt\/gua-sha-steine-gesichts-jade-100-natur-stein-herzform-kratz-massage-tool-fuer-gesicht-augen-hals-zur-hautpflege-schoenheit-und-entspannung-der-koerpermuskulatur\/"]}]},{"@type":"ImageObject","inLanguage":"de","@id":"https:\/\/marktxxl.de\/markt\/produkt\/gua-sha-steine-gesichts-jade-100-natur-stein-herzform-kratz-massage-tool-fuer-gesicht-augen-hals-zur-hautpflege-schoenheit-und-entspannung-der-koerpermuskulatur\/#primaryimage","url":"https:\/\/m.media-amazon.com\/images\/I\/31WFV7G+COL._SL500_.jpg","contentUrl":"https:\/\/m.media-amazon.com\/images\/I\/31WFV7G+COL._SL500_.jpg","width":500,"height":500},{"@type":"BreadcrumbList","@id":"https:\/\/marktxxl.de\/markt\/produkt\/gua-sha-steine-gesichts-jade-100-natur-stein-herzform-kratz-massage-tool-fuer-gesicht-augen-hals-zur-hautpflege-schoenheit-und-entspannung-der-koerpermuskulatur\/#breadcrumb","itemListElement":[{"@type":"ListItem","position":1,"name":"Startseite","item":"https:\/\/marktxxl.de\/markt\/"},{"@type":"ListItem","position":2,"name":"Markt","item":"https:\/\/marktxxl.de\/markt\/"},{"@type":"ListItem","position":3,"name":"Nat\u00fcrliches Gua Sha Stein Jade 100% Natur-Stein Herzform Kratz-Massage Tool f\u00fcr Gesicht, Augen, Hals zur Hautpflege\u2026"}]},{"@type":"WebSite","@id":"https:\/\/marktxxl.de\/markt\/#website","url":"https:\/\/marktxxl.de\/markt\/","name":"Markt-XXL","description":"Ihr Markt Online","publisher":{"@id":"https:\/\/marktxxl.de\/markt\/#organization"},"potentialAction":[{"@type":"SearchAction","target":{"@type":"EntryPoint","urlTemplate":"https:\/\/marktxxl.de\/markt\/?s={search_term_string}"},"query-input":{"@type":"PropertyValueSpecification","valueRequired":true,"valueName":"search_term_string"}}],"inLanguage":"de"},{"@type":"Organization","@id":"https:\/\/marktxxl.de\/markt\/#organization","name":"Markt-XXL","url":"https:\/\/marktxxl.de\/markt\/","logo":{"@type":"ImageObject","inLanguage":"de","@id":"https:\/\/marktxxl.de\/markt\/#\/schema\/logo\/image\/","url":"https:\/\/marktxxl.de\/markt\/wp-content\/uploads\/sites\/3\/2020\/12\/logo.png","contentUrl":"https:\/\/marktxxl.de\/markt\/wp-content\/uploads\/sites\/3\/2020\/12\/logo.png","width":200,"height":70,"caption":"Markt-XXL"},"image":{"@id":"https:\/\/marktxxl.de\/markt\/#\/schema\/logo\/image\/"}}]}},"_links":{"self":[{"href":"https:\/\/marktxxl.de\/markt\/wp-json\/wp\/v2\/product\/177385","targetHints":{"allow":["GET"]}}],"collection":[{"href":"https:\/\/marktxxl.de\/markt\/wp-json\/wp\/v2\/product"}],"about":[{"href":"https:\/\/marktxxl.de\/markt\/wp-json\/wp\/v2\/types\/product"}],"replies":[{"embeddable":true,"href":"https:\/\/marktxxl.de\/markt\/wp-json\/wp\/v2\/comments?post=177385"}],"wp:featuredmedia":[{"embeddable":true,"href":"https:\/\/marktxxl.de\/markt\/wp-json\/wp\/v2\/media\/177386"}],"wp:attachment":[{"href":"https:\/\/marktxxl.de\/markt\/wp-json\/wp\/v2\/media?parent=177385"}],"wp:term":[{"taxonomy":"product_brand","embeddable":true,"href":"https:\/\/marktxxl.de\/markt\/wp-json\/wp\/v2\/product_brand?post=177385"},{"taxonomy":"product_cat","embeddable":true,"href":"https:\/\/marktxxl.de\/markt\/wp-json\/wp\/v2\/product_cat?post=177385"},{"taxonomy":"product_tag","embeddable":true,"href":"https:\/\/marktxxl.de\/markt\/wp-json\/wp\/v2\/product_tag?post=177385"}],"curies":[{"name":"wp","href":"https:\/\/api.w.org\/{rel}","templated":true}]}}