{"id":177272,"date":"2022-12-11T12:05:47","date_gmt":"2022-12-11T11:05:47","guid":{"rendered":"https:\/\/marktxxl.de\/markt\/produkt\/massagepistole-massage-pistole-massage-gun-2600mah-mit-8-massagekoepfen-und-30-geschwindigkeiten-tiefen-massagegeraet-lindern-muskelkater-und-schmerzen-fuer-nacken-ruecken-beine-schulter\/"},"modified":"2023-04-11T05:06:30","modified_gmt":"2023-04-11T03:06:30","slug":"massagepistole-massage-pistole-massage-gun-2600mah-mit-8-massagekoepfen-und-30-geschwindigkeiten-tiefen-massagegeraet-lindern-muskelkater-und-schmerzen-fuer-nacken-ruecken-beine-schulter","status":"publish","type":"product","link":"https:\/\/marktxxl.de\/markt\/produkt\/massagepistole-massage-pistole-massage-gun-2600mah-mit-8-massagekoepfen-und-30-geschwindigkeiten-tiefen-massagegeraet-lindern-muskelkater-und-schmerzen-fuer-nacken-ruecken-beine-schulter\/","title":{"rendered":"Massagepistole Massage Pistole, Massage Gun 2600mAh mit 8 Massagek\u00f6pfen und 30 Geschwindigkeiten, Tiefen Massageger\u00e4t\u2026"},"content":{"rendered":"<p>\ud83d\udcaaTiefe Muskeln Massage Gun: ANOPU Massage Gun wirkt tief in das Gewebe, erreicht eine Muskeltiefe von 12 mm, kann dazu beitragen, Muskelschmerzen zu beseitigen, l\u00f6st schnell Verspannungen auf, reduziert Milchs\u00e4ureaufbau, verbessert die Bewegungsfreiheit und Flexibilit\u00e4t, f\u00f6rdert die Durchblutung und vieles mehr. Ideal f\u00fcr Linderung von Nackenschmerzen, R\u00fcckenschmerzen, Schultermerzen, vor und nach Fitness\u00fcbungen.<br \/>\n\ud83d\udcaaMehr Auswahl &#8211; 8 Massagek\u00f6pfen und 30 Intensit\u00e4tsstufen: Es gibt eine gro\u00dfe Auswahl an Massagek\u00f6pfen, welche Ihre verschiedenen Muskelentspannungsbed\u00fcrfnisse erf\u00fcllen k\u00f6nnen. Mit 30-Geschwindigkeitseinstellung k\u00f6nnen sie eine Vibrationsgeschwindigkeit w\u00e4hlen (1200 &#8211; 3200\/min), die Ihren Bed\u00fcrfnissen entspricht, um den angenehmsten Zustand zu erreichen.<br \/>\n\ud83d\udcaaLeistungsf\u00e4higer aber ruhiger Motor: Mit der einzigartigen Technologie zur Ger\u00e4uschreduzierung und dem b\u00fcrstenlosen Motor mit hohem Drehmoment sendet die Massagepistole eine leistungsstarke Impulse aus, die tief in die verspannten Muskeln vordringt und eine ger\u00e4uscharme (&lt;35 dB) Massageumgebung bietet.<br \/>\n\ud83d\udcaaLange Arbeitszeit und leicht zum Tragen: Die Massage Pistole ist mit einer hochwertigen wiederaufladbaren 2600 mAh Lithiumbatterie versehen. LCD-Touchscreen mit genauer Anzeige verbleibender Batterie. Nach voller Aufladung kann sie 6 &#8211; 8 Stunden lang ununterbrochen funktionieren. Diese Massagepistole wiegt nur 750 g und ist super zum Tragen bei der Arbeit\/im Fitnessstudio und auf Reisen.<br \/>\n\ud83d\udcaaWas Sie bekommen: 1x Massagepistole, 8x verschiedene Massagek\u00f6pfe, 1x USB C Kabel, 1 Jahr Garantie und freundlicher Kundendienst. Diese Massage Pistole ist ein hochwertiges Geschenk f\u00fcr viele Anl\u00e4sse.<br \/>\n<div class=\"main-cross-sell\" data-asin=\"&quot;B0B6ZT52GK&quot;\">\n\n\t<div class=\"WooZone-cross-sell-loader\">\n\t\t<div>\n\t\t\t<div id=\"floatingBarsG\">\n\t\t\t\t<div class=\"blockG\" id=\"rotateG_01\"><\/div>\n\t\t\t\t<div class=\"blockG\" id=\"rotateG_02\"><\/div>\n\t\t\t\t<div class=\"blockG\" id=\"rotateG_03\"><\/div>\n\t\t\t\t<div class=\"blockG\" id=\"rotateG_04\"><\/div>\n\t\t\t\t<div class=\"blockG\" id=\"rotateG_05\"><\/div>\n\t\t\t\t<div class=\"blockG\" id=\"rotateG_06\"><\/div>\n\t\t\t\t<div class=\"blockG\" id=\"rotateG_07\"><\/div>\n\t\t\t\t<div class=\"blockG\" id=\"rotateG_08\"><\/div>\n\t\t\t<\/div>\n\t\t\t<div class=\"WooZone-cross-sell-loader-text\"><\/div>\n\t\t<\/div>\n\t<\/div>\n\n\t\t\n<\/div>\n<div style=\"clear:both;\"><\/div><\/p>\n","protected":false},"excerpt":{"rendered":"<p>\ud83d\udcaaTiefe Muskeln Massage Gun: ANOPU Massage Gun wirkt tief in das Gewebe, erreicht eine Muskeltiefe von 12 mm, kann dazu beitragen, Muskelschmerzen zu beseitigen, l\u00f6st schnell Verspannungen auf, reduziert Milchs\u00e4ureaufbau, verbessert die Bewegungsfreiheit und Flexibilit\u00e4t, f\u00f6rdert die Durchblutung und vieles mehr. Ideal f\u00fcr Linderung von Nackenschmerzen, R\u00fcckenschmerzen, Schultermerzen, vor und nach Fitness\u00fcbungen.<br \/>\n\ud83d\udcaaMehr Auswahl &#8211; 8 Massagek\u00f6pfen und 30 Intensit\u00e4tsstufen: Es gibt eine gro\u00dfe Auswahl an Massagek\u00f6pfen, welche Ihre verschiedenen Muskelentspannungsbed\u00fcrfnisse erf\u00fcllen k\u00f6nnen. Mit 30-Geschwindigkeitseinstellung k\u00f6nnen sie eine Vibrationsgeschwindigkeit w\u00e4hlen (1200 &#8211; 3200\/min), die Ihren Bed\u00fcrfnissen entspricht, um den angenehmsten Zustand zu erreichen.<br \/>\n\ud83d\udcaaLeistungsf\u00e4higer aber ruhiger Motor: Mit der einzigartigen Technologie zur Ger\u00e4uschreduzierung und dem b\u00fcrstenlosen Motor mit hohem Drehmoment sendet die Massagepistole eine leistungsstarke Impulse aus, die tief in die verspannten Muskeln vordringt und eine ger\u00e4uscharme (<\/p>\n","protected":false},"featured_media":177273,"comment_status":"open","ping_status":"closed","template":"","meta":[],"product_brand":[],"product_cat":[566,6496],"product_tag":[],"class_list":{"0":"post-177272","1":"product","2":"type-product","3":"status-publish","4":"has-post-thumbnail","6":"product_cat-drogerie-koerperpflege","7":"product_cat-wellness","8":"pa_brand-anopu","9":"pa_height-7-zoll","10":"pa_length-23-zoll","11":"pa_manufacturer-anopu","12":"pa_width-23-zoll","14":"first","15":"instock","16":"shipping-taxable","17":"purchasable","18":"product-type-simple","19":"customify-col","20":"product-has-gallery"},"yoast_head":"<!-- This site is optimized with the Yoast SEO plugin v27.4 - https:\/\/yoast.com\/product\/yoast-seo-wordpress\/ -->\n<title>Massagepistole Massage Pistole, Massage Gun 2600mAh mit 8 Massagek\u00f6pfen und 30 Geschwindigkeiten, Tiefen Massageger\u00e4t\u2026 - Markt-XXL<\/title>\n<meta name=\"description\" content=\"Markt-XXL Massagepistole Massage Pistole, Massage Gun 2600mAh mit 8 Massagek\u00f6pfen und 30 Geschwindigkeiten, Tiefen Massageger\u00e4t\u2026\" \/>\n<meta name=\"robots\" content=\"index, follow, max-snippet:-1, max-image-preview:large, max-video-preview:-1\" \/>\n<link rel=\"canonical\" href=\"https:\/\/marktxxl.de\/markt\/produkt\/massagepistole-massage-pistole-massage-gun-2600mah-mit-8-massagekoepfen-und-30-geschwindigkeiten-tiefen-massagegeraet-lindern-muskelkater-und-schmerzen-fuer-nacken-ruecken-beine-schulter\/\" \/>\n<meta property=\"og:locale\" content=\"de_DE\" \/>\n<meta property=\"og:type\" content=\"article\" \/>\n<meta property=\"og:title\" content=\"Massagepistole Massage Pistole, Massage Gun 2600mAh mit 8 Massagek\u00f6pfen und 30 Geschwindigkeiten, Tiefen Massageger\u00e4t\u2026 - Markt-XXL\" \/>\n<meta property=\"og:description\" content=\"Markt-XXL Massagepistole Massage Pistole, Massage Gun 2600mAh mit 8 Massagek\u00f6pfen und 30 Geschwindigkeiten, Tiefen Massageger\u00e4t\u2026\" \/>\n<meta property=\"og:url\" content=\"https:\/\/marktxxl.de\/markt\/produkt\/massagepistole-massage-pistole-massage-gun-2600mah-mit-8-massagekoepfen-und-30-geschwindigkeiten-tiefen-massagegeraet-lindern-muskelkater-und-schmerzen-fuer-nacken-ruecken-beine-schulter\/\" \/>\n<meta property=\"og:site_name\" content=\"Markt-XXL\" \/>\n<meta property=\"article:modified_time\" content=\"2023-04-11T03:06:30+00:00\" \/>\n<meta property=\"og:image\" content=\"https:\/\/m.media-amazon.com\/images\/I\/41G0ca3vyrL._SL500_.jpg\" \/>\n\t<meta property=\"og:image:width\" content=\"439\" \/>\n\t<meta property=\"og:image:height\" content=\"500\" \/>\n\t<meta property=\"og:image:type\" content=\"image\/jpeg\" \/>\n<meta name=\"twitter:card\" content=\"summary_large_image\" \/>\n<meta name=\"twitter:label1\" content=\"Gesch\u00e4tzte Lesezeit\" \/>\n\t<meta name=\"twitter:data1\" content=\"1\u00a0Minute\" \/>\n<script type=\"application\/ld+json\" class=\"yoast-schema-graph\">{\"@context\":\"https:\\\/\\\/schema.org\",\"@graph\":[{\"@type\":\"WebPage\",\"@id\":\"https:\\\/\\\/marktxxl.de\\\/markt\\\/produkt\\\/massagepistole-massage-pistole-massage-gun-2600mah-mit-8-massagekoepfen-und-30-geschwindigkeiten-tiefen-massagegeraet-lindern-muskelkater-und-schmerzen-fuer-nacken-ruecken-beine-schulter\\\/\",\"url\":\"https:\\\/\\\/marktxxl.de\\\/markt\\\/produkt\\\/massagepistole-massage-pistole-massage-gun-2600mah-mit-8-massagekoepfen-und-30-geschwindigkeiten-tiefen-massagegeraet-lindern-muskelkater-und-schmerzen-fuer-nacken-ruecken-beine-schulter\\\/\",\"name\":\"Massagepistole Massage Pistole, Massage Gun 2600mAh mit 8 Massagek\u00f6pfen und 30 Geschwindigkeiten, Tiefen Massageger\u00e4t\u2026 - Markt-XXL\",\"isPartOf\":{\"@id\":\"https:\\\/\\\/marktxxl.de\\\/markt\\\/#website\"},\"primaryImageOfPage\":{\"@id\":\"https:\\\/\\\/marktxxl.de\\\/markt\\\/produkt\\\/massagepistole-massage-pistole-massage-gun-2600mah-mit-8-massagekoepfen-und-30-geschwindigkeiten-tiefen-massagegeraet-lindern-muskelkater-und-schmerzen-fuer-nacken-ruecken-beine-schulter\\\/#primaryimage\"},\"image\":{\"@id\":\"https:\\\/\\\/marktxxl.de\\\/markt\\\/produkt\\\/massagepistole-massage-pistole-massage-gun-2600mah-mit-8-massagekoepfen-und-30-geschwindigkeiten-tiefen-massagegeraet-lindern-muskelkater-und-schmerzen-fuer-nacken-ruecken-beine-schulter\\\/#primaryimage\"},\"thumbnailUrl\":\"https:\\\/\\\/m.media-amazon.com\\\/images\\\/I\\\/41G0ca3vyrL._SL500_.jpg\",\"datePublished\":\"2022-12-11T11:05:47+00:00\",\"dateModified\":\"2023-04-11T03:06:30+00:00\",\"description\":\"Markt-XXL Massagepistole Massage Pistole, Massage Gun 2600mAh mit 8 Massagek\u00f6pfen und 30 Geschwindigkeiten, Tiefen Massageger\u00e4t\u2026\",\"breadcrumb\":{\"@id\":\"https:\\\/\\\/marktxxl.de\\\/markt\\\/produkt\\\/massagepistole-massage-pistole-massage-gun-2600mah-mit-8-massagekoepfen-und-30-geschwindigkeiten-tiefen-massagegeraet-lindern-muskelkater-und-schmerzen-fuer-nacken-ruecken-beine-schulter\\\/#breadcrumb\"},\"inLanguage\":\"de\",\"potentialAction\":[{\"@type\":\"ReadAction\",\"target\":[\"https:\\\/\\\/marktxxl.de\\\/markt\\\/produkt\\\/massagepistole-massage-pistole-massage-gun-2600mah-mit-8-massagekoepfen-und-30-geschwindigkeiten-tiefen-massagegeraet-lindern-muskelkater-und-schmerzen-fuer-nacken-ruecken-beine-schulter\\\/\"]}]},{\"@type\":\"ImageObject\",\"inLanguage\":\"de\",\"@id\":\"https:\\\/\\\/marktxxl.de\\\/markt\\\/produkt\\\/massagepistole-massage-pistole-massage-gun-2600mah-mit-8-massagekoepfen-und-30-geschwindigkeiten-tiefen-massagegeraet-lindern-muskelkater-und-schmerzen-fuer-nacken-ruecken-beine-schulter\\\/#primaryimage\",\"url\":\"https:\\\/\\\/m.media-amazon.com\\\/images\\\/I\\\/41G0ca3vyrL._SL500_.jpg\",\"contentUrl\":\"https:\\\/\\\/m.media-amazon.com\\\/images\\\/I\\\/41G0ca3vyrL._SL500_.jpg\",\"width\":439,\"height\":500},{\"@type\":\"BreadcrumbList\",\"@id\":\"https:\\\/\\\/marktxxl.de\\\/markt\\\/produkt\\\/massagepistole-massage-pistole-massage-gun-2600mah-mit-8-massagekoepfen-und-30-geschwindigkeiten-tiefen-massagegeraet-lindern-muskelkater-und-schmerzen-fuer-nacken-ruecken-beine-schulter\\\/#breadcrumb\",\"itemListElement\":[{\"@type\":\"ListItem\",\"position\":1,\"name\":\"Startseite\",\"item\":\"https:\\\/\\\/marktxxl.de\\\/markt\\\/\"},{\"@type\":\"ListItem\",\"position\":2,\"name\":\"Markt\",\"item\":\"https:\\\/\\\/marktxxl.de\\\/markt\\\/\"},{\"@type\":\"ListItem\",\"position\":3,\"name\":\"Massagepistole Massage Pistole, Massage Gun 2600mAh mit 8 Massagek\u00f6pfen und 30 Geschwindigkeiten, Tiefen Massageger\u00e4t\u2026\"}]},{\"@type\":\"WebSite\",\"@id\":\"https:\\\/\\\/marktxxl.de\\\/markt\\\/#website\",\"url\":\"https:\\\/\\\/marktxxl.de\\\/markt\\\/\",\"name\":\"Markt-XXL\",\"description\":\"Ihr Markt Online\",\"publisher\":{\"@id\":\"https:\\\/\\\/marktxxl.de\\\/markt\\\/#organization\"},\"potentialAction\":[{\"@type\":\"SearchAction\",\"target\":{\"@type\":\"EntryPoint\",\"urlTemplate\":\"https:\\\/\\\/marktxxl.de\\\/markt\\\/?s={search_term_string}\"},\"query-input\":{\"@type\":\"PropertyValueSpecification\",\"valueRequired\":true,\"valueName\":\"search_term_string\"}}],\"inLanguage\":\"de\"},{\"@type\":\"Organization\",\"@id\":\"https:\\\/\\\/marktxxl.de\\\/markt\\\/#organization\",\"name\":\"Markt-XXL\",\"url\":\"https:\\\/\\\/marktxxl.de\\\/markt\\\/\",\"logo\":{\"@type\":\"ImageObject\",\"inLanguage\":\"de\",\"@id\":\"https:\\\/\\\/marktxxl.de\\\/markt\\\/#\\\/schema\\\/logo\\\/image\\\/\",\"url\":\"https:\\\/\\\/marktxxl.de\\\/markt\\\/wp-content\\\/uploads\\\/sites\\\/3\\\/2020\\\/12\\\/logo.png\",\"contentUrl\":\"https:\\\/\\\/marktxxl.de\\\/markt\\\/wp-content\\\/uploads\\\/sites\\\/3\\\/2020\\\/12\\\/logo.png\",\"width\":200,\"height\":70,\"caption\":\"Markt-XXL\"},\"image\":{\"@id\":\"https:\\\/\\\/marktxxl.de\\\/markt\\\/#\\\/schema\\\/logo\\\/image\\\/\"}}]}<\/script>\n<!-- \/ Yoast SEO plugin. -->","yoast_head_json":{"title":"Massagepistole Massage Pistole, Massage Gun 2600mAh mit 8 Massagek\u00f6pfen und 30 Geschwindigkeiten, Tiefen Massageger\u00e4t\u2026 - Markt-XXL","description":"Markt-XXL Massagepistole Massage Pistole, Massage Gun 2600mAh mit 8 Massagek\u00f6pfen und 30 Geschwindigkeiten, Tiefen Massageger\u00e4t\u2026","robots":{"index":"index","follow":"follow","max-snippet":"max-snippet:-1","max-image-preview":"max-image-preview:large","max-video-preview":"max-video-preview:-1"},"canonical":"https:\/\/marktxxl.de\/markt\/produkt\/massagepistole-massage-pistole-massage-gun-2600mah-mit-8-massagekoepfen-und-30-geschwindigkeiten-tiefen-massagegeraet-lindern-muskelkater-und-schmerzen-fuer-nacken-ruecken-beine-schulter\/","og_locale":"de_DE","og_type":"article","og_title":"Massagepistole Massage Pistole, Massage Gun 2600mAh mit 8 Massagek\u00f6pfen und 30 Geschwindigkeiten, Tiefen Massageger\u00e4t\u2026 - Markt-XXL","og_description":"Markt-XXL Massagepistole Massage Pistole, Massage Gun 2600mAh mit 8 Massagek\u00f6pfen und 30 Geschwindigkeiten, Tiefen Massageger\u00e4t\u2026","og_url":"https:\/\/marktxxl.de\/markt\/produkt\/massagepistole-massage-pistole-massage-gun-2600mah-mit-8-massagekoepfen-und-30-geschwindigkeiten-tiefen-massagegeraet-lindern-muskelkater-und-schmerzen-fuer-nacken-ruecken-beine-schulter\/","og_site_name":"Markt-XXL","article_modified_time":"2023-04-11T03:06:30+00:00","og_image":[{"width":439,"height":500,"url":"https:\/\/m.media-amazon.com\/images\/I\/41G0ca3vyrL._SL500_.jpg","type":"image\/jpeg"}],"twitter_card":"summary_large_image","twitter_misc":{"Gesch\u00e4tzte Lesezeit":"1\u00a0Minute"},"schema":{"@context":"https:\/\/schema.org","@graph":[{"@type":"WebPage","@id":"https:\/\/marktxxl.de\/markt\/produkt\/massagepistole-massage-pistole-massage-gun-2600mah-mit-8-massagekoepfen-und-30-geschwindigkeiten-tiefen-massagegeraet-lindern-muskelkater-und-schmerzen-fuer-nacken-ruecken-beine-schulter\/","url":"https:\/\/marktxxl.de\/markt\/produkt\/massagepistole-massage-pistole-massage-gun-2600mah-mit-8-massagekoepfen-und-30-geschwindigkeiten-tiefen-massagegeraet-lindern-muskelkater-und-schmerzen-fuer-nacken-ruecken-beine-schulter\/","name":"Massagepistole Massage Pistole, Massage Gun 2600mAh mit 8 Massagek\u00f6pfen und 30 Geschwindigkeiten, Tiefen Massageger\u00e4t\u2026 - Markt-XXL","isPartOf":{"@id":"https:\/\/marktxxl.de\/markt\/#website"},"primaryImageOfPage":{"@id":"https:\/\/marktxxl.de\/markt\/produkt\/massagepistole-massage-pistole-massage-gun-2600mah-mit-8-massagekoepfen-und-30-geschwindigkeiten-tiefen-massagegeraet-lindern-muskelkater-und-schmerzen-fuer-nacken-ruecken-beine-schulter\/#primaryimage"},"image":{"@id":"https:\/\/marktxxl.de\/markt\/produkt\/massagepistole-massage-pistole-massage-gun-2600mah-mit-8-massagekoepfen-und-30-geschwindigkeiten-tiefen-massagegeraet-lindern-muskelkater-und-schmerzen-fuer-nacken-ruecken-beine-schulter\/#primaryimage"},"thumbnailUrl":"https:\/\/m.media-amazon.com\/images\/I\/41G0ca3vyrL._SL500_.jpg","datePublished":"2022-12-11T11:05:47+00:00","dateModified":"2023-04-11T03:06:30+00:00","description":"Markt-XXL Massagepistole Massage Pistole, Massage Gun 2600mAh mit 8 Massagek\u00f6pfen und 30 Geschwindigkeiten, Tiefen Massageger\u00e4t\u2026","breadcrumb":{"@id":"https:\/\/marktxxl.de\/markt\/produkt\/massagepistole-massage-pistole-massage-gun-2600mah-mit-8-massagekoepfen-und-30-geschwindigkeiten-tiefen-massagegeraet-lindern-muskelkater-und-schmerzen-fuer-nacken-ruecken-beine-schulter\/#breadcrumb"},"inLanguage":"de","potentialAction":[{"@type":"ReadAction","target":["https:\/\/marktxxl.de\/markt\/produkt\/massagepistole-massage-pistole-massage-gun-2600mah-mit-8-massagekoepfen-und-30-geschwindigkeiten-tiefen-massagegeraet-lindern-muskelkater-und-schmerzen-fuer-nacken-ruecken-beine-schulter\/"]}]},{"@type":"ImageObject","inLanguage":"de","@id":"https:\/\/marktxxl.de\/markt\/produkt\/massagepistole-massage-pistole-massage-gun-2600mah-mit-8-massagekoepfen-und-30-geschwindigkeiten-tiefen-massagegeraet-lindern-muskelkater-und-schmerzen-fuer-nacken-ruecken-beine-schulter\/#primaryimage","url":"https:\/\/m.media-amazon.com\/images\/I\/41G0ca3vyrL._SL500_.jpg","contentUrl":"https:\/\/m.media-amazon.com\/images\/I\/41G0ca3vyrL._SL500_.jpg","width":439,"height":500},{"@type":"BreadcrumbList","@id":"https:\/\/marktxxl.de\/markt\/produkt\/massagepistole-massage-pistole-massage-gun-2600mah-mit-8-massagekoepfen-und-30-geschwindigkeiten-tiefen-massagegeraet-lindern-muskelkater-und-schmerzen-fuer-nacken-ruecken-beine-schulter\/#breadcrumb","itemListElement":[{"@type":"ListItem","position":1,"name":"Startseite","item":"https:\/\/marktxxl.de\/markt\/"},{"@type":"ListItem","position":2,"name":"Markt","item":"https:\/\/marktxxl.de\/markt\/"},{"@type":"ListItem","position":3,"name":"Massagepistole Massage Pistole, Massage Gun 2600mAh mit 8 Massagek\u00f6pfen und 30 Geschwindigkeiten, Tiefen Massageger\u00e4t\u2026"}]},{"@type":"WebSite","@id":"https:\/\/marktxxl.de\/markt\/#website","url":"https:\/\/marktxxl.de\/markt\/","name":"Markt-XXL","description":"Ihr Markt Online","publisher":{"@id":"https:\/\/marktxxl.de\/markt\/#organization"},"potentialAction":[{"@type":"SearchAction","target":{"@type":"EntryPoint","urlTemplate":"https:\/\/marktxxl.de\/markt\/?s={search_term_string}"},"query-input":{"@type":"PropertyValueSpecification","valueRequired":true,"valueName":"search_term_string"}}],"inLanguage":"de"},{"@type":"Organization","@id":"https:\/\/marktxxl.de\/markt\/#organization","name":"Markt-XXL","url":"https:\/\/marktxxl.de\/markt\/","logo":{"@type":"ImageObject","inLanguage":"de","@id":"https:\/\/marktxxl.de\/markt\/#\/schema\/logo\/image\/","url":"https:\/\/marktxxl.de\/markt\/wp-content\/uploads\/sites\/3\/2020\/12\/logo.png","contentUrl":"https:\/\/marktxxl.de\/markt\/wp-content\/uploads\/sites\/3\/2020\/12\/logo.png","width":200,"height":70,"caption":"Markt-XXL"},"image":{"@id":"https:\/\/marktxxl.de\/markt\/#\/schema\/logo\/image\/"}}]}},"_links":{"self":[{"href":"https:\/\/marktxxl.de\/markt\/wp-json\/wp\/v2\/product\/177272","targetHints":{"allow":["GET"]}}],"collection":[{"href":"https:\/\/marktxxl.de\/markt\/wp-json\/wp\/v2\/product"}],"about":[{"href":"https:\/\/marktxxl.de\/markt\/wp-json\/wp\/v2\/types\/product"}],"replies":[{"embeddable":true,"href":"https:\/\/marktxxl.de\/markt\/wp-json\/wp\/v2\/comments?post=177272"}],"wp:featuredmedia":[{"embeddable":true,"href":"https:\/\/marktxxl.de\/markt\/wp-json\/wp\/v2\/media\/177273"}],"wp:attachment":[{"href":"https:\/\/marktxxl.de\/markt\/wp-json\/wp\/v2\/media?parent=177272"}],"wp:term":[{"taxonomy":"product_brand","embeddable":true,"href":"https:\/\/marktxxl.de\/markt\/wp-json\/wp\/v2\/product_brand?post=177272"},{"taxonomy":"product_cat","embeddable":true,"href":"https:\/\/marktxxl.de\/markt\/wp-json\/wp\/v2\/product_cat?post=177272"},{"taxonomy":"product_tag","embeddable":true,"href":"https:\/\/marktxxl.de\/markt\/wp-json\/wp\/v2\/product_tag?post=177272"}],"curies":[{"name":"wp","href":"https:\/\/api.w.org\/{rel}","templated":true}]}}