{"id":177211,"date":"2022-12-11T12:02:21","date_gmt":"2022-12-11T11:02:21","guid":{"rendered":"https:\/\/marktxxl.de\/markt\/produkt\/nature-love-veganes-vitamin-d3-1000-cholecalciferol-50ml-fluessig-laborgepruefte-1000-i-e-pro-tropfen-hochwertig-gewonnen-aus-flechten-hochdosiert-in-deutschland-produziert\/"},"modified":"2023-04-11T05:06:29","modified_gmt":"2023-04-11T03:06:29","slug":"nature-love-veganes-vitamin-d3-1000-cholecalciferol-50ml-fluessig-laborgepruefte-1000-i-e-pro-tropfen-hochwertig-gewonnen-aus-flechten-hochdosiert-in-deutschland-produziert","status":"publish","type":"product","link":"https:\/\/marktxxl.de\/markt\/produkt\/nature-love-veganes-vitamin-d3-1000-cholecalciferol-50ml-fluessig-laborgepruefte-1000-i-e-pro-tropfen-hochwertig-gewonnen-aus-flechten-hochdosiert-in-deutschland-produziert\/","title":{"rendered":"NATURE LOVE\u00ae Veganes Vitamin D3 1000 (Cholecalciferol, 50ml fl\u00fcssig) &#8211; Laborgepr\u00fcfte 1000 I.E. pro Tropfen &#8211; Hochwertig\u2026"},"content":{"rendered":"<p>HERVORRAGENDES PREIS-LEISTUNGSVERH\u00c4LTNIS VEGANES VITAMIN D3: Hochdosiertes, veganes Vitamin D3 mit 1000 I.E (25 \u00b5g). Vitamin D in Premiumqualit\u00e4t: aufwendig aus Flechten gewonnen. Fl\u00fcssiges D3 (Cholecalciferol) in hochwertigem MCT \u00d6l aus Kokos. 1700 Tropfen pro Flasche. Pipette mit Naturkautschuk.<br \/>\nHERGESTELLT IN DEUTSCHLAND UND OHNE UNERW\u00dcNSCHTE ZUS\u00c4TZE &amp; 100 % VEGAN: Frei von Aromen, Farbstoffen, Stabilisatoren, und selbstverst\u00e4ndlich: gelatinefrei, laktosefrei, glutenfrei und frei von gentechnikver\u00e4nderten Zutaten (GMO frei). Ausgew\u00e4hlte nach allen relevanten Kriterien gepr\u00fcfte Zutaten. Hergestellt in Deutschland in streng gepr\u00fcften Anlagen, wie lebensmittelrechtlich notwendig mit HACCP-Zertifikat ausgezeichnet.<br \/>\nLEICHT VERST\u00c4NDLICH: Klare Dosierungs- und Einnahmeempfehlungen. Unsere Verpackung ist auf deutsch.<br \/>\nJEDE PRODUKTIONSCHARGE LABORGEPR\u00dcFT: Viele Hersteller verlassen sich auf die Spezifikationen ihrer Rohstofflieferanten. Einige wenige lassen ihre Produkte hin und wieder von einem Labor pr\u00fcfen. Nature Love geht einen Schritt weiter: wir lassen den Rohstoff oder Produkt JEDER einzelnen Produktionscharge auf relevante Belastungen von einem unabh\u00e4ngigen deutschen Labor pr\u00fcfen.<br \/>\nF\u00dcR IHRE ZUFRIEDENHEIT: Gl\u00fcckliche Kunden stehen bei uns im Mittelpunkt. Sollten Sie trotz allem einmal mit einem Produkt unzufrieden sein, oder aber Hilfe und Beratung ben\u00f6tigen, melden Sie sich gerne bei uns! Denn nichts liegt uns bei Nature Love mehr am Herzen als Ihre Zufriedenheit.<br \/>\n<div class=\"main-cross-sell\" data-asin=\"B07L2J7RQG\">\n\n\t<div class=\"WooZone-cross-sell-loader\">\n\t\t<div>\n\t\t\t<div id=\"floatingBarsG\">\n\t\t\t\t<div class=\"blockG\" id=\"rotateG_01\"><\/div>\n\t\t\t\t<div class=\"blockG\" id=\"rotateG_02\"><\/div>\n\t\t\t\t<div class=\"blockG\" id=\"rotateG_03\"><\/div>\n\t\t\t\t<div class=\"blockG\" id=\"rotateG_04\"><\/div>\n\t\t\t\t<div class=\"blockG\" id=\"rotateG_05\"><\/div>\n\t\t\t\t<div class=\"blockG\" id=\"rotateG_06\"><\/div>\n\t\t\t\t<div class=\"blockG\" id=\"rotateG_07\"><\/div>\n\t\t\t\t<div class=\"blockG\" id=\"rotateG_08\"><\/div>\n\t\t\t<\/div>\n\t\t\t<div class=\"WooZone-cross-sell-loader-text\"><\/div>\n\t\t<\/div>\n\t<\/div>\n\n\t\t\n<\/div>\n<div style=\"clear:both;\"><\/div><\/p>\n","protected":false},"excerpt":{"rendered":"<p>HERVORRAGENDES PREIS-LEISTUNGSVERH\u00c4LTNIS VEGANES VITAMIN D3: Hochdosiertes, veganes Vitamin D3 mit 1000 I.E (25 \u00b5g). Vitamin D in Premiumqualit\u00e4t: aufwendig aus Flechten gewonnen. Fl\u00fcssiges D3 (Cholecalciferol) in hochwertigem MCT \u00d6l aus Kokos. 1700 Tropfen pro Flasche. Pipette mit Naturkautschuk.<br \/>\nHERGESTELLT IN DEUTSCHLAND UND OHNE UNERW\u00dcNSCHTE ZUS\u00c4TZE &amp; 100 % VEGAN: Frei von Aromen, Farbstoffen, Stabilisatoren, und selbstverst\u00e4ndlich: gelatinefrei, laktosefrei, glutenfrei und frei von gentechnikver\u00e4nderten Zutaten (GMO frei). Ausgew\u00e4hlte nach allen relevanten Kriterien gepr\u00fcfte Zutaten. Hergestellt in Deutschland in streng gepr\u00fcften Anlagen, wie lebensmittelrechtlich notwendig mit HACCP-Zertifikat ausgezeichnet.<br \/>\nLEICHT VERST\u00c4NDLICH: Klare Dosierungs- und Einnahmeempfehlungen. Unsere Verpackung ist auf deutsch.<\/p>\n","protected":false},"featured_media":177212,"comment_status":"open","ping_status":"closed","template":"","meta":[],"product_brand":[],"product_cat":[566,6375],"product_tag":[],"class_list":{"0":"post-177211","1":"product","2":"type-product","3":"status-publish","4":"has-post-thumbnail","6":"product_cat-drogerie-koerperpflege","7":"product_cat-vitamine-mineralien-ergaenzungsmittel","8":"pa_brand-nature-love","9":"pa_languages-bestandteile-deutsch","10":"pa_manufacturer-tauron-ventures-gmbh","11":"pa_size-50-ml-1er-pack","13":"first","14":"instock","15":"shipping-taxable","16":"purchasable","17":"product-type-simple","18":"customify-col","19":"product-has-gallery"},"yoast_head":"<!-- This site is optimized with the Yoast SEO plugin v27.3 - https:\/\/yoast.com\/product\/yoast-seo-wordpress\/ -->\n<title>NATURE LOVE\u00ae Veganes Vitamin D3 1000 (Cholecalciferol, 50ml fl\u00fcssig) - Laborgepr\u00fcfte 1000 I.E. pro Tropfen - Hochwertig\u2026 - Markt-XXL<\/title>\n<meta name=\"description\" content=\"Markt-XXL NATURE LOVE\u00ae Veganes Vitamin D3 1000 (Cholecalciferol, 50ml fl\u00fcssig) - Laborgepr\u00fcfte 1000 I.E. pro Tropfen - Hochwertig\u2026\" \/>\n<meta name=\"robots\" content=\"index, follow, max-snippet:-1, max-image-preview:large, max-video-preview:-1\" \/>\n<link rel=\"canonical\" href=\"https:\/\/marktxxl.de\/markt\/produkt\/nature-love-veganes-vitamin-d3-1000-cholecalciferol-50ml-fluessig-laborgepruefte-1000-i-e-pro-tropfen-hochwertig-gewonnen-aus-flechten-hochdosiert-in-deutschland-produziert\/\" \/>\n<meta property=\"og:locale\" content=\"de_DE\" \/>\n<meta property=\"og:type\" content=\"article\" \/>\n<meta property=\"og:title\" content=\"NATURE LOVE\u00ae Veganes Vitamin D3 1000 (Cholecalciferol, 50ml fl\u00fcssig) - Laborgepr\u00fcfte 1000 I.E. pro Tropfen - Hochwertig\u2026 - Markt-XXL\" \/>\n<meta property=\"og:description\" content=\"Markt-XXL NATURE LOVE\u00ae Veganes Vitamin D3 1000 (Cholecalciferol, 50ml fl\u00fcssig) - Laborgepr\u00fcfte 1000 I.E. pro Tropfen - Hochwertig\u2026\" \/>\n<meta property=\"og:url\" content=\"https:\/\/marktxxl.de\/markt\/produkt\/nature-love-veganes-vitamin-d3-1000-cholecalciferol-50ml-fluessig-laborgepruefte-1000-i-e-pro-tropfen-hochwertig-gewonnen-aus-flechten-hochdosiert-in-deutschland-produziert\/\" \/>\n<meta property=\"og:site_name\" content=\"Markt-XXL\" \/>\n<meta property=\"article:modified_time\" content=\"2023-04-11T03:06:29+00:00\" \/>\n<meta property=\"og:image\" content=\"https:\/\/m.media-amazon.com\/images\/I\/5183lRD+iEL._SL500_.jpg\" \/>\n\t<meta property=\"og:image:width\" content=\"500\" \/>\n\t<meta property=\"og:image:height\" content=\"500\" \/>\n\t<meta property=\"og:image:type\" content=\"image\/jpeg\" \/>\n<meta name=\"twitter:card\" content=\"summary_large_image\" \/>\n<meta name=\"twitter:label1\" content=\"Gesch\u00e4tzte Lesezeit\" \/>\n\t<meta name=\"twitter:data1\" content=\"1\u00a0Minute\" \/>\n<script type=\"application\/ld+json\" class=\"yoast-schema-graph\">{\"@context\":\"https:\\\/\\\/schema.org\",\"@graph\":[{\"@type\":\"WebPage\",\"@id\":\"https:\\\/\\\/marktxxl.de\\\/markt\\\/produkt\\\/nature-love-veganes-vitamin-d3-1000-cholecalciferol-50ml-fluessig-laborgepruefte-1000-i-e-pro-tropfen-hochwertig-gewonnen-aus-flechten-hochdosiert-in-deutschland-produziert\\\/\",\"url\":\"https:\\\/\\\/marktxxl.de\\\/markt\\\/produkt\\\/nature-love-veganes-vitamin-d3-1000-cholecalciferol-50ml-fluessig-laborgepruefte-1000-i-e-pro-tropfen-hochwertig-gewonnen-aus-flechten-hochdosiert-in-deutschland-produziert\\\/\",\"name\":\"NATURE LOVE\u00ae Veganes Vitamin D3 1000 (Cholecalciferol, 50ml fl\u00fcssig) - Laborgepr\u00fcfte 1000 I.E. pro Tropfen - Hochwertig\u2026 - Markt-XXL\",\"isPartOf\":{\"@id\":\"https:\\\/\\\/marktxxl.de\\\/markt\\\/#website\"},\"primaryImageOfPage\":{\"@id\":\"https:\\\/\\\/marktxxl.de\\\/markt\\\/produkt\\\/nature-love-veganes-vitamin-d3-1000-cholecalciferol-50ml-fluessig-laborgepruefte-1000-i-e-pro-tropfen-hochwertig-gewonnen-aus-flechten-hochdosiert-in-deutschland-produziert\\\/#primaryimage\"},\"image\":{\"@id\":\"https:\\\/\\\/marktxxl.de\\\/markt\\\/produkt\\\/nature-love-veganes-vitamin-d3-1000-cholecalciferol-50ml-fluessig-laborgepruefte-1000-i-e-pro-tropfen-hochwertig-gewonnen-aus-flechten-hochdosiert-in-deutschland-produziert\\\/#primaryimage\"},\"thumbnailUrl\":\"https:\\\/\\\/m.media-amazon.com\\\/images\\\/I\\\/5183lRD+iEL._SL500_.jpg\",\"datePublished\":\"2022-12-11T11:02:21+00:00\",\"dateModified\":\"2023-04-11T03:06:29+00:00\",\"description\":\"Markt-XXL NATURE LOVE\u00ae Veganes Vitamin D3 1000 (Cholecalciferol, 50ml fl\u00fcssig) - Laborgepr\u00fcfte 1000 I.E. pro Tropfen - Hochwertig\u2026\",\"breadcrumb\":{\"@id\":\"https:\\\/\\\/marktxxl.de\\\/markt\\\/produkt\\\/nature-love-veganes-vitamin-d3-1000-cholecalciferol-50ml-fluessig-laborgepruefte-1000-i-e-pro-tropfen-hochwertig-gewonnen-aus-flechten-hochdosiert-in-deutschland-produziert\\\/#breadcrumb\"},\"inLanguage\":\"de\",\"potentialAction\":[{\"@type\":\"ReadAction\",\"target\":[\"https:\\\/\\\/marktxxl.de\\\/markt\\\/produkt\\\/nature-love-veganes-vitamin-d3-1000-cholecalciferol-50ml-fluessig-laborgepruefte-1000-i-e-pro-tropfen-hochwertig-gewonnen-aus-flechten-hochdosiert-in-deutschland-produziert\\\/\"]}]},{\"@type\":\"ImageObject\",\"inLanguage\":\"de\",\"@id\":\"https:\\\/\\\/marktxxl.de\\\/markt\\\/produkt\\\/nature-love-veganes-vitamin-d3-1000-cholecalciferol-50ml-fluessig-laborgepruefte-1000-i-e-pro-tropfen-hochwertig-gewonnen-aus-flechten-hochdosiert-in-deutschland-produziert\\\/#primaryimage\",\"url\":\"https:\\\/\\\/m.media-amazon.com\\\/images\\\/I\\\/5183lRD+iEL._SL500_.jpg\",\"contentUrl\":\"https:\\\/\\\/m.media-amazon.com\\\/images\\\/I\\\/5183lRD+iEL._SL500_.jpg\",\"width\":500,\"height\":500},{\"@type\":\"BreadcrumbList\",\"@id\":\"https:\\\/\\\/marktxxl.de\\\/markt\\\/produkt\\\/nature-love-veganes-vitamin-d3-1000-cholecalciferol-50ml-fluessig-laborgepruefte-1000-i-e-pro-tropfen-hochwertig-gewonnen-aus-flechten-hochdosiert-in-deutschland-produziert\\\/#breadcrumb\",\"itemListElement\":[{\"@type\":\"ListItem\",\"position\":1,\"name\":\"Startseite\",\"item\":\"https:\\\/\\\/marktxxl.de\\\/markt\\\/\"},{\"@type\":\"ListItem\",\"position\":2,\"name\":\"Markt\",\"item\":\"https:\\\/\\\/marktxxl.de\\\/markt\\\/\"},{\"@type\":\"ListItem\",\"position\":3,\"name\":\"NATURE LOVE\u00ae Veganes Vitamin D3 1000 (Cholecalciferol, 50ml fl\u00fcssig) &#8211; Laborgepr\u00fcfte 1000 I.E. pro Tropfen &#8211; Hochwertig\u2026\"}]},{\"@type\":\"WebSite\",\"@id\":\"https:\\\/\\\/marktxxl.de\\\/markt\\\/#website\",\"url\":\"https:\\\/\\\/marktxxl.de\\\/markt\\\/\",\"name\":\"Markt-XXL\",\"description\":\"Ihr Markt Online\",\"publisher\":{\"@id\":\"https:\\\/\\\/marktxxl.de\\\/markt\\\/#organization\"},\"potentialAction\":[{\"@type\":\"SearchAction\",\"target\":{\"@type\":\"EntryPoint\",\"urlTemplate\":\"https:\\\/\\\/marktxxl.de\\\/markt\\\/?s={search_term_string}\"},\"query-input\":{\"@type\":\"PropertyValueSpecification\",\"valueRequired\":true,\"valueName\":\"search_term_string\"}}],\"inLanguage\":\"de\"},{\"@type\":\"Organization\",\"@id\":\"https:\\\/\\\/marktxxl.de\\\/markt\\\/#organization\",\"name\":\"Markt-XXL\",\"url\":\"https:\\\/\\\/marktxxl.de\\\/markt\\\/\",\"logo\":{\"@type\":\"ImageObject\",\"inLanguage\":\"de\",\"@id\":\"https:\\\/\\\/marktxxl.de\\\/markt\\\/#\\\/schema\\\/logo\\\/image\\\/\",\"url\":\"https:\\\/\\\/marktxxl.de\\\/markt\\\/wp-content\\\/uploads\\\/sites\\\/3\\\/2020\\\/12\\\/logo.png\",\"contentUrl\":\"https:\\\/\\\/marktxxl.de\\\/markt\\\/wp-content\\\/uploads\\\/sites\\\/3\\\/2020\\\/12\\\/logo.png\",\"width\":200,\"height\":70,\"caption\":\"Markt-XXL\"},\"image\":{\"@id\":\"https:\\\/\\\/marktxxl.de\\\/markt\\\/#\\\/schema\\\/logo\\\/image\\\/\"}}]}<\/script>\n<!-- \/ Yoast SEO plugin. -->","yoast_head_json":{"title":"NATURE LOVE\u00ae Veganes Vitamin D3 1000 (Cholecalciferol, 50ml fl\u00fcssig) - Laborgepr\u00fcfte 1000 I.E. pro Tropfen - Hochwertig\u2026 - Markt-XXL","description":"Markt-XXL NATURE LOVE\u00ae Veganes Vitamin D3 1000 (Cholecalciferol, 50ml fl\u00fcssig) - Laborgepr\u00fcfte 1000 I.E. pro Tropfen - Hochwertig\u2026","robots":{"index":"index","follow":"follow","max-snippet":"max-snippet:-1","max-image-preview":"max-image-preview:large","max-video-preview":"max-video-preview:-1"},"canonical":"https:\/\/marktxxl.de\/markt\/produkt\/nature-love-veganes-vitamin-d3-1000-cholecalciferol-50ml-fluessig-laborgepruefte-1000-i-e-pro-tropfen-hochwertig-gewonnen-aus-flechten-hochdosiert-in-deutschland-produziert\/","og_locale":"de_DE","og_type":"article","og_title":"NATURE LOVE\u00ae Veganes Vitamin D3 1000 (Cholecalciferol, 50ml fl\u00fcssig) - Laborgepr\u00fcfte 1000 I.E. pro Tropfen - Hochwertig\u2026 - Markt-XXL","og_description":"Markt-XXL NATURE LOVE\u00ae Veganes Vitamin D3 1000 (Cholecalciferol, 50ml fl\u00fcssig) - Laborgepr\u00fcfte 1000 I.E. pro Tropfen - Hochwertig\u2026","og_url":"https:\/\/marktxxl.de\/markt\/produkt\/nature-love-veganes-vitamin-d3-1000-cholecalciferol-50ml-fluessig-laborgepruefte-1000-i-e-pro-tropfen-hochwertig-gewonnen-aus-flechten-hochdosiert-in-deutschland-produziert\/","og_site_name":"Markt-XXL","article_modified_time":"2023-04-11T03:06:29+00:00","og_image":[{"width":500,"height":500,"url":"https:\/\/m.media-amazon.com\/images\/I\/5183lRD+iEL._SL500_.jpg","type":"image\/jpeg"}],"twitter_card":"summary_large_image","twitter_misc":{"Gesch\u00e4tzte Lesezeit":"1\u00a0Minute"},"schema":{"@context":"https:\/\/schema.org","@graph":[{"@type":"WebPage","@id":"https:\/\/marktxxl.de\/markt\/produkt\/nature-love-veganes-vitamin-d3-1000-cholecalciferol-50ml-fluessig-laborgepruefte-1000-i-e-pro-tropfen-hochwertig-gewonnen-aus-flechten-hochdosiert-in-deutschland-produziert\/","url":"https:\/\/marktxxl.de\/markt\/produkt\/nature-love-veganes-vitamin-d3-1000-cholecalciferol-50ml-fluessig-laborgepruefte-1000-i-e-pro-tropfen-hochwertig-gewonnen-aus-flechten-hochdosiert-in-deutschland-produziert\/","name":"NATURE LOVE\u00ae Veganes Vitamin D3 1000 (Cholecalciferol, 50ml fl\u00fcssig) - Laborgepr\u00fcfte 1000 I.E. pro Tropfen - Hochwertig\u2026 - Markt-XXL","isPartOf":{"@id":"https:\/\/marktxxl.de\/markt\/#website"},"primaryImageOfPage":{"@id":"https:\/\/marktxxl.de\/markt\/produkt\/nature-love-veganes-vitamin-d3-1000-cholecalciferol-50ml-fluessig-laborgepruefte-1000-i-e-pro-tropfen-hochwertig-gewonnen-aus-flechten-hochdosiert-in-deutschland-produziert\/#primaryimage"},"image":{"@id":"https:\/\/marktxxl.de\/markt\/produkt\/nature-love-veganes-vitamin-d3-1000-cholecalciferol-50ml-fluessig-laborgepruefte-1000-i-e-pro-tropfen-hochwertig-gewonnen-aus-flechten-hochdosiert-in-deutschland-produziert\/#primaryimage"},"thumbnailUrl":"https:\/\/m.media-amazon.com\/images\/I\/5183lRD+iEL._SL500_.jpg","datePublished":"2022-12-11T11:02:21+00:00","dateModified":"2023-04-11T03:06:29+00:00","description":"Markt-XXL NATURE LOVE\u00ae Veganes Vitamin D3 1000 (Cholecalciferol, 50ml fl\u00fcssig) - Laborgepr\u00fcfte 1000 I.E. pro Tropfen - Hochwertig\u2026","breadcrumb":{"@id":"https:\/\/marktxxl.de\/markt\/produkt\/nature-love-veganes-vitamin-d3-1000-cholecalciferol-50ml-fluessig-laborgepruefte-1000-i-e-pro-tropfen-hochwertig-gewonnen-aus-flechten-hochdosiert-in-deutschland-produziert\/#breadcrumb"},"inLanguage":"de","potentialAction":[{"@type":"ReadAction","target":["https:\/\/marktxxl.de\/markt\/produkt\/nature-love-veganes-vitamin-d3-1000-cholecalciferol-50ml-fluessig-laborgepruefte-1000-i-e-pro-tropfen-hochwertig-gewonnen-aus-flechten-hochdosiert-in-deutschland-produziert\/"]}]},{"@type":"ImageObject","inLanguage":"de","@id":"https:\/\/marktxxl.de\/markt\/produkt\/nature-love-veganes-vitamin-d3-1000-cholecalciferol-50ml-fluessig-laborgepruefte-1000-i-e-pro-tropfen-hochwertig-gewonnen-aus-flechten-hochdosiert-in-deutschland-produziert\/#primaryimage","url":"https:\/\/m.media-amazon.com\/images\/I\/5183lRD+iEL._SL500_.jpg","contentUrl":"https:\/\/m.media-amazon.com\/images\/I\/5183lRD+iEL._SL500_.jpg","width":500,"height":500},{"@type":"BreadcrumbList","@id":"https:\/\/marktxxl.de\/markt\/produkt\/nature-love-veganes-vitamin-d3-1000-cholecalciferol-50ml-fluessig-laborgepruefte-1000-i-e-pro-tropfen-hochwertig-gewonnen-aus-flechten-hochdosiert-in-deutschland-produziert\/#breadcrumb","itemListElement":[{"@type":"ListItem","position":1,"name":"Startseite","item":"https:\/\/marktxxl.de\/markt\/"},{"@type":"ListItem","position":2,"name":"Markt","item":"https:\/\/marktxxl.de\/markt\/"},{"@type":"ListItem","position":3,"name":"NATURE LOVE\u00ae Veganes Vitamin D3 1000 (Cholecalciferol, 50ml fl\u00fcssig) &#8211; Laborgepr\u00fcfte 1000 I.E. pro Tropfen &#8211; Hochwertig\u2026"}]},{"@type":"WebSite","@id":"https:\/\/marktxxl.de\/markt\/#website","url":"https:\/\/marktxxl.de\/markt\/","name":"Markt-XXL","description":"Ihr Markt Online","publisher":{"@id":"https:\/\/marktxxl.de\/markt\/#organization"},"potentialAction":[{"@type":"SearchAction","target":{"@type":"EntryPoint","urlTemplate":"https:\/\/marktxxl.de\/markt\/?s={search_term_string}"},"query-input":{"@type":"PropertyValueSpecification","valueRequired":true,"valueName":"search_term_string"}}],"inLanguage":"de"},{"@type":"Organization","@id":"https:\/\/marktxxl.de\/markt\/#organization","name":"Markt-XXL","url":"https:\/\/marktxxl.de\/markt\/","logo":{"@type":"ImageObject","inLanguage":"de","@id":"https:\/\/marktxxl.de\/markt\/#\/schema\/logo\/image\/","url":"https:\/\/marktxxl.de\/markt\/wp-content\/uploads\/sites\/3\/2020\/12\/logo.png","contentUrl":"https:\/\/marktxxl.de\/markt\/wp-content\/uploads\/sites\/3\/2020\/12\/logo.png","width":200,"height":70,"caption":"Markt-XXL"},"image":{"@id":"https:\/\/marktxxl.de\/markt\/#\/schema\/logo\/image\/"}}]}},"_links":{"self":[{"href":"https:\/\/marktxxl.de\/markt\/wp-json\/wp\/v2\/product\/177211","targetHints":{"allow":["GET"]}}],"collection":[{"href":"https:\/\/marktxxl.de\/markt\/wp-json\/wp\/v2\/product"}],"about":[{"href":"https:\/\/marktxxl.de\/markt\/wp-json\/wp\/v2\/types\/product"}],"replies":[{"embeddable":true,"href":"https:\/\/marktxxl.de\/markt\/wp-json\/wp\/v2\/comments?post=177211"}],"wp:featuredmedia":[{"embeddable":true,"href":"https:\/\/marktxxl.de\/markt\/wp-json\/wp\/v2\/media\/177212"}],"wp:attachment":[{"href":"https:\/\/marktxxl.de\/markt\/wp-json\/wp\/v2\/media?parent=177211"}],"wp:term":[{"taxonomy":"product_brand","embeddable":true,"href":"https:\/\/marktxxl.de\/markt\/wp-json\/wp\/v2\/product_brand?post=177211"},{"taxonomy":"product_cat","embeddable":true,"href":"https:\/\/marktxxl.de\/markt\/wp-json\/wp\/v2\/product_cat?post=177211"},{"taxonomy":"product_tag","embeddable":true,"href":"https:\/\/marktxxl.de\/markt\/wp-json\/wp\/v2\/product_tag?post=177211"}],"curies":[{"name":"wp","href":"https:\/\/api.w.org\/{rel}","templated":true}]}}