{"id":177183,"date":"2022-12-11T12:01:22","date_gmt":"2022-12-11T11:01:22","guid":{"rendered":"https:\/\/marktxxl.de\/markt\/produkt\/schwangerschaftstest-fruehtest-babyplan-hcg-hygienischer-schwangerschaftstest-10-miu-ml-hochempfindlich-fuer-babyplanung-996-genauigkeit-sehr-langer-breiter-und-leicht-verwendbarer-stab\/"},"modified":"2023-04-11T05:06:29","modified_gmt":"2023-04-11T03:06:29","slug":"schwangerschaftstest-fruehtest-babyplan-hcg-hygienischer-schwangerschaftstest-10-miu-ml-hochempfindlich-fuer-babyplanung-996-genauigkeit-sehr-langer-breiter-und-leicht-verwendbarer-stab","status":"publish","type":"product","link":"https:\/\/marktxxl.de\/markt\/produkt\/schwangerschaftstest-fruehtest-babyplan-hcg-hygienischer-schwangerschaftstest-10-miu-ml-hochempfindlich-fuer-babyplanung-996-genauigkeit-sehr-langer-breiter-und-leicht-verwendbarer-stab\/","title":{"rendered":"3 x Schwangerschaftstest Fr\u00fchtest Babyplan (HCG test), Hygienischer Schwangerschaftstest 10 miu ml (hochempfindlich) f\u00fcr\u2026"},"content":{"rendered":"<p>babyplan Schwangerschaftstest k\u00f6nnen dem Spiel ist leicht und hygienisch zu verwenden, wenn Sie direkt auf den Test Teil der Probe gestellt, und m\u00fcssen nicht erst eine Urinprobenbecher zu sammeln (, aber nat\u00fcrlich, Sie tun k\u00f6nnen die gesammelten Test in einer Auswahl wenn Sie bevorzugen). Der Test ist eine Genauigkeit von \u00fcber 99%. Schwangerschaftstest stechenden funktioniert durch die informieren Sie wenn es Schwangerschaft Hormons im Urin, die ist in der Regel ein Zeichen der Schwangerschaft. Die Schwangerschaft Hormon typischerweise erkannt werden kann im Urin bereits 6\u00a0bis 10\u00a0Tage nach C<br \/>\n<div class=\"main-cross-sell\" data-asin=\"B07D1CCG3T\">\n\n\t<div class=\"WooZone-cross-sell-loader\">\n\t\t<div>\n\t\t\t<div id=\"floatingBarsG\">\n\t\t\t\t<div class=\"blockG\" id=\"rotateG_01\"><\/div>\n\t\t\t\t<div class=\"blockG\" id=\"rotateG_02\"><\/div>\n\t\t\t\t<div class=\"blockG\" id=\"rotateG_03\"><\/div>\n\t\t\t\t<div class=\"blockG\" id=\"rotateG_04\"><\/div>\n\t\t\t\t<div class=\"blockG\" id=\"rotateG_05\"><\/div>\n\t\t\t\t<div class=\"blockG\" id=\"rotateG_06\"><\/div>\n\t\t\t\t<div class=\"blockG\" id=\"rotateG_07\"><\/div>\n\t\t\t\t<div class=\"blockG\" id=\"rotateG_08\"><\/div>\n\t\t\t<\/div>\n\t\t\t<div class=\"WooZone-cross-sell-loader-text\"><\/div>\n\t\t<\/div>\n\t<\/div>\n\n\t\t\n<\/div>\n<div style=\"clear:both;\"><\/div><\/p>\n","protected":false},"excerpt":{"rendered":"<p>babyplan Schwangerschaftstest k\u00f6nnen dem Spiel ist leicht und hygienisch zu verwenden, wenn Sie direkt auf den Test Teil der Probe gestellt, und m\u00fcssen nicht erst eine Urinprobenbecher zu sammeln (, aber nat\u00fcrlich, Sie tun k\u00f6nnen die gesammelten Test in einer Auswahl wenn Sie bevorzugen). Der Test ist eine Genauigkeit von \u00fcber 99%. Schwangerschaftstest stechenden funktioniert durch die informieren Sie wenn es Schwangerschaft Hormons im Urin, die ist in der Regel ein Zeichen der Schwangerschaft. Die Schwangerschaft Hormon typischerweise erkannt werden kann im Urin bereits 6\u00a0bis 10\u00a0Tage nach C<\/p>\n","protected":false},"featured_media":177184,"comment_status":"open","ping_status":"closed","template":"","meta":[],"product_brand":[],"product_cat":[566,6291],"product_tag":[],"class_list":{"0":"post-177183","1":"product","2":"type-product","3":"status-publish","4":"has-post-thumbnail","6":"product_cat-drogerie-koerperpflege","7":"product_cat-schwangerschaft","8":"pa_binding-badartikel","9":"pa_brand-babyplan","10":"pa_manufacturer-guangzhou-wondfo-biotech","12":"first","13":"instock","14":"shipping-taxable","15":"purchasable","16":"product-type-simple","17":"customify-col","18":"product-has-gallery"},"yoast_head":"<!-- This site is optimized with the Yoast SEO plugin v27.4 - https:\/\/yoast.com\/product\/yoast-seo-wordpress\/ -->\n<title>3 x Schwangerschaftstest Fr\u00fchtest Babyplan (HCG test), Hygienischer Schwangerschaftstest 10 miu ml (hochempfindlich) f\u00fcr\u2026 - Markt-XXL<\/title>\n<meta name=\"description\" content=\"Markt-XXL 3 x Schwangerschaftstest Fr\u00fchtest Babyplan (HCG test), Hygienischer Schwangerschaftstest 10 miu ml (hochempfindlich) f\u00fcr\u2026\" \/>\n<meta name=\"robots\" content=\"index, follow, max-snippet:-1, max-image-preview:large, max-video-preview:-1\" \/>\n<link rel=\"canonical\" href=\"https:\/\/marktxxl.de\/markt\/produkt\/schwangerschaftstest-fruehtest-babyplan-hcg-hygienischer-schwangerschaftstest-10-miu-ml-hochempfindlich-fuer-babyplanung-996-genauigkeit-sehr-langer-breiter-und-leicht-verwendbarer-stab\/\" \/>\n<meta property=\"og:locale\" content=\"de_DE\" \/>\n<meta property=\"og:type\" content=\"article\" \/>\n<meta property=\"og:title\" content=\"3 x Schwangerschaftstest Fr\u00fchtest Babyplan (HCG test), Hygienischer Schwangerschaftstest 10 miu ml (hochempfindlich) f\u00fcr\u2026 - Markt-XXL\" \/>\n<meta property=\"og:description\" content=\"Markt-XXL 3 x Schwangerschaftstest Fr\u00fchtest Babyplan (HCG test), Hygienischer Schwangerschaftstest 10 miu ml (hochempfindlich) f\u00fcr\u2026\" \/>\n<meta property=\"og:url\" content=\"https:\/\/marktxxl.de\/markt\/produkt\/schwangerschaftstest-fruehtest-babyplan-hcg-hygienischer-schwangerschaftstest-10-miu-ml-hochempfindlich-fuer-babyplanung-996-genauigkeit-sehr-langer-breiter-und-leicht-verwendbarer-stab\/\" \/>\n<meta property=\"og:site_name\" content=\"Markt-XXL\" \/>\n<meta property=\"article:modified_time\" content=\"2023-04-11T03:06:29+00:00\" \/>\n<meta property=\"og:image\" content=\"https:\/\/m.media-amazon.com\/images\/I\/31kIXZnLsnS._SL500_.jpg\" \/>\n\t<meta property=\"og:image:width\" content=\"500\" \/>\n\t<meta property=\"og:image:height\" content=\"500\" \/>\n\t<meta property=\"og:image:type\" content=\"image\/jpeg\" \/>\n<meta name=\"twitter:card\" content=\"summary_large_image\" \/>\n<script type=\"application\/ld+json\" class=\"yoast-schema-graph\">{\"@context\":\"https:\\\/\\\/schema.org\",\"@graph\":[{\"@type\":\"WebPage\",\"@id\":\"https:\\\/\\\/marktxxl.de\\\/markt\\\/produkt\\\/schwangerschaftstest-fruehtest-babyplan-hcg-hygienischer-schwangerschaftstest-10-miu-ml-hochempfindlich-fuer-babyplanung-996-genauigkeit-sehr-langer-breiter-und-leicht-verwendbarer-stab\\\/\",\"url\":\"https:\\\/\\\/marktxxl.de\\\/markt\\\/produkt\\\/schwangerschaftstest-fruehtest-babyplan-hcg-hygienischer-schwangerschaftstest-10-miu-ml-hochempfindlich-fuer-babyplanung-996-genauigkeit-sehr-langer-breiter-und-leicht-verwendbarer-stab\\\/\",\"name\":\"3 x Schwangerschaftstest Fr\u00fchtest Babyplan (HCG test), Hygienischer Schwangerschaftstest 10 miu ml (hochempfindlich) f\u00fcr\u2026 - Markt-XXL\",\"isPartOf\":{\"@id\":\"https:\\\/\\\/marktxxl.de\\\/markt\\\/#website\"},\"primaryImageOfPage\":{\"@id\":\"https:\\\/\\\/marktxxl.de\\\/markt\\\/produkt\\\/schwangerschaftstest-fruehtest-babyplan-hcg-hygienischer-schwangerschaftstest-10-miu-ml-hochempfindlich-fuer-babyplanung-996-genauigkeit-sehr-langer-breiter-und-leicht-verwendbarer-stab\\\/#primaryimage\"},\"image\":{\"@id\":\"https:\\\/\\\/marktxxl.de\\\/markt\\\/produkt\\\/schwangerschaftstest-fruehtest-babyplan-hcg-hygienischer-schwangerschaftstest-10-miu-ml-hochempfindlich-fuer-babyplanung-996-genauigkeit-sehr-langer-breiter-und-leicht-verwendbarer-stab\\\/#primaryimage\"},\"thumbnailUrl\":\"https:\\\/\\\/m.media-amazon.com\\\/images\\\/I\\\/31kIXZnLsnS._SL500_.jpg\",\"datePublished\":\"2022-12-11T11:01:22+00:00\",\"dateModified\":\"2023-04-11T03:06:29+00:00\",\"description\":\"Markt-XXL 3 x Schwangerschaftstest Fr\u00fchtest Babyplan (HCG test), Hygienischer Schwangerschaftstest 10 miu ml (hochempfindlich) f\u00fcr\u2026\",\"breadcrumb\":{\"@id\":\"https:\\\/\\\/marktxxl.de\\\/markt\\\/produkt\\\/schwangerschaftstest-fruehtest-babyplan-hcg-hygienischer-schwangerschaftstest-10-miu-ml-hochempfindlich-fuer-babyplanung-996-genauigkeit-sehr-langer-breiter-und-leicht-verwendbarer-stab\\\/#breadcrumb\"},\"inLanguage\":\"de\",\"potentialAction\":[{\"@type\":\"ReadAction\",\"target\":[\"https:\\\/\\\/marktxxl.de\\\/markt\\\/produkt\\\/schwangerschaftstest-fruehtest-babyplan-hcg-hygienischer-schwangerschaftstest-10-miu-ml-hochempfindlich-fuer-babyplanung-996-genauigkeit-sehr-langer-breiter-und-leicht-verwendbarer-stab\\\/\"]}]},{\"@type\":\"ImageObject\",\"inLanguage\":\"de\",\"@id\":\"https:\\\/\\\/marktxxl.de\\\/markt\\\/produkt\\\/schwangerschaftstest-fruehtest-babyplan-hcg-hygienischer-schwangerschaftstest-10-miu-ml-hochempfindlich-fuer-babyplanung-996-genauigkeit-sehr-langer-breiter-und-leicht-verwendbarer-stab\\\/#primaryimage\",\"url\":\"https:\\\/\\\/m.media-amazon.com\\\/images\\\/I\\\/31kIXZnLsnS._SL500_.jpg\",\"contentUrl\":\"https:\\\/\\\/m.media-amazon.com\\\/images\\\/I\\\/31kIXZnLsnS._SL500_.jpg\",\"width\":500,\"height\":500},{\"@type\":\"BreadcrumbList\",\"@id\":\"https:\\\/\\\/marktxxl.de\\\/markt\\\/produkt\\\/schwangerschaftstest-fruehtest-babyplan-hcg-hygienischer-schwangerschaftstest-10-miu-ml-hochempfindlich-fuer-babyplanung-996-genauigkeit-sehr-langer-breiter-und-leicht-verwendbarer-stab\\\/#breadcrumb\",\"itemListElement\":[{\"@type\":\"ListItem\",\"position\":1,\"name\":\"Startseite\",\"item\":\"https:\\\/\\\/marktxxl.de\\\/markt\\\/\"},{\"@type\":\"ListItem\",\"position\":2,\"name\":\"Markt\",\"item\":\"https:\\\/\\\/marktxxl.de\\\/markt\\\/\"},{\"@type\":\"ListItem\",\"position\":3,\"name\":\"3 x Schwangerschaftstest Fr\u00fchtest Babyplan (HCG test), Hygienischer Schwangerschaftstest 10 miu ml (hochempfindlich) f\u00fcr\u2026\"}]},{\"@type\":\"WebSite\",\"@id\":\"https:\\\/\\\/marktxxl.de\\\/markt\\\/#website\",\"url\":\"https:\\\/\\\/marktxxl.de\\\/markt\\\/\",\"name\":\"Markt-XXL\",\"description\":\"Ihr Markt Online\",\"publisher\":{\"@id\":\"https:\\\/\\\/marktxxl.de\\\/markt\\\/#organization\"},\"potentialAction\":[{\"@type\":\"SearchAction\",\"target\":{\"@type\":\"EntryPoint\",\"urlTemplate\":\"https:\\\/\\\/marktxxl.de\\\/markt\\\/?s={search_term_string}\"},\"query-input\":{\"@type\":\"PropertyValueSpecification\",\"valueRequired\":true,\"valueName\":\"search_term_string\"}}],\"inLanguage\":\"de\"},{\"@type\":\"Organization\",\"@id\":\"https:\\\/\\\/marktxxl.de\\\/markt\\\/#organization\",\"name\":\"Markt-XXL\",\"url\":\"https:\\\/\\\/marktxxl.de\\\/markt\\\/\",\"logo\":{\"@type\":\"ImageObject\",\"inLanguage\":\"de\",\"@id\":\"https:\\\/\\\/marktxxl.de\\\/markt\\\/#\\\/schema\\\/logo\\\/image\\\/\",\"url\":\"https:\\\/\\\/marktxxl.de\\\/markt\\\/wp-content\\\/uploads\\\/sites\\\/3\\\/2020\\\/12\\\/logo.png\",\"contentUrl\":\"https:\\\/\\\/marktxxl.de\\\/markt\\\/wp-content\\\/uploads\\\/sites\\\/3\\\/2020\\\/12\\\/logo.png\",\"width\":200,\"height\":70,\"caption\":\"Markt-XXL\"},\"image\":{\"@id\":\"https:\\\/\\\/marktxxl.de\\\/markt\\\/#\\\/schema\\\/logo\\\/image\\\/\"}}]}<\/script>\n<!-- \/ Yoast SEO plugin. -->","yoast_head_json":{"title":"3 x Schwangerschaftstest Fr\u00fchtest Babyplan (HCG test), Hygienischer Schwangerschaftstest 10 miu ml (hochempfindlich) f\u00fcr\u2026 - Markt-XXL","description":"Markt-XXL 3 x Schwangerschaftstest Fr\u00fchtest Babyplan (HCG test), Hygienischer Schwangerschaftstest 10 miu ml (hochempfindlich) f\u00fcr\u2026","robots":{"index":"index","follow":"follow","max-snippet":"max-snippet:-1","max-image-preview":"max-image-preview:large","max-video-preview":"max-video-preview:-1"},"canonical":"https:\/\/marktxxl.de\/markt\/produkt\/schwangerschaftstest-fruehtest-babyplan-hcg-hygienischer-schwangerschaftstest-10-miu-ml-hochempfindlich-fuer-babyplanung-996-genauigkeit-sehr-langer-breiter-und-leicht-verwendbarer-stab\/","og_locale":"de_DE","og_type":"article","og_title":"3 x Schwangerschaftstest Fr\u00fchtest Babyplan (HCG test), Hygienischer Schwangerschaftstest 10 miu ml (hochempfindlich) f\u00fcr\u2026 - Markt-XXL","og_description":"Markt-XXL 3 x Schwangerschaftstest Fr\u00fchtest Babyplan (HCG test), Hygienischer Schwangerschaftstest 10 miu ml (hochempfindlich) f\u00fcr\u2026","og_url":"https:\/\/marktxxl.de\/markt\/produkt\/schwangerschaftstest-fruehtest-babyplan-hcg-hygienischer-schwangerschaftstest-10-miu-ml-hochempfindlich-fuer-babyplanung-996-genauigkeit-sehr-langer-breiter-und-leicht-verwendbarer-stab\/","og_site_name":"Markt-XXL","article_modified_time":"2023-04-11T03:06:29+00:00","og_image":[{"width":500,"height":500,"url":"https:\/\/m.media-amazon.com\/images\/I\/31kIXZnLsnS._SL500_.jpg","type":"image\/jpeg"}],"twitter_card":"summary_large_image","schema":{"@context":"https:\/\/schema.org","@graph":[{"@type":"WebPage","@id":"https:\/\/marktxxl.de\/markt\/produkt\/schwangerschaftstest-fruehtest-babyplan-hcg-hygienischer-schwangerschaftstest-10-miu-ml-hochempfindlich-fuer-babyplanung-996-genauigkeit-sehr-langer-breiter-und-leicht-verwendbarer-stab\/","url":"https:\/\/marktxxl.de\/markt\/produkt\/schwangerschaftstest-fruehtest-babyplan-hcg-hygienischer-schwangerschaftstest-10-miu-ml-hochempfindlich-fuer-babyplanung-996-genauigkeit-sehr-langer-breiter-und-leicht-verwendbarer-stab\/","name":"3 x Schwangerschaftstest Fr\u00fchtest Babyplan (HCG test), Hygienischer Schwangerschaftstest 10 miu ml (hochempfindlich) f\u00fcr\u2026 - Markt-XXL","isPartOf":{"@id":"https:\/\/marktxxl.de\/markt\/#website"},"primaryImageOfPage":{"@id":"https:\/\/marktxxl.de\/markt\/produkt\/schwangerschaftstest-fruehtest-babyplan-hcg-hygienischer-schwangerschaftstest-10-miu-ml-hochempfindlich-fuer-babyplanung-996-genauigkeit-sehr-langer-breiter-und-leicht-verwendbarer-stab\/#primaryimage"},"image":{"@id":"https:\/\/marktxxl.de\/markt\/produkt\/schwangerschaftstest-fruehtest-babyplan-hcg-hygienischer-schwangerschaftstest-10-miu-ml-hochempfindlich-fuer-babyplanung-996-genauigkeit-sehr-langer-breiter-und-leicht-verwendbarer-stab\/#primaryimage"},"thumbnailUrl":"https:\/\/m.media-amazon.com\/images\/I\/31kIXZnLsnS._SL500_.jpg","datePublished":"2022-12-11T11:01:22+00:00","dateModified":"2023-04-11T03:06:29+00:00","description":"Markt-XXL 3 x Schwangerschaftstest Fr\u00fchtest Babyplan (HCG test), Hygienischer Schwangerschaftstest 10 miu ml (hochempfindlich) f\u00fcr\u2026","breadcrumb":{"@id":"https:\/\/marktxxl.de\/markt\/produkt\/schwangerschaftstest-fruehtest-babyplan-hcg-hygienischer-schwangerschaftstest-10-miu-ml-hochempfindlich-fuer-babyplanung-996-genauigkeit-sehr-langer-breiter-und-leicht-verwendbarer-stab\/#breadcrumb"},"inLanguage":"de","potentialAction":[{"@type":"ReadAction","target":["https:\/\/marktxxl.de\/markt\/produkt\/schwangerschaftstest-fruehtest-babyplan-hcg-hygienischer-schwangerschaftstest-10-miu-ml-hochempfindlich-fuer-babyplanung-996-genauigkeit-sehr-langer-breiter-und-leicht-verwendbarer-stab\/"]}]},{"@type":"ImageObject","inLanguage":"de","@id":"https:\/\/marktxxl.de\/markt\/produkt\/schwangerschaftstest-fruehtest-babyplan-hcg-hygienischer-schwangerschaftstest-10-miu-ml-hochempfindlich-fuer-babyplanung-996-genauigkeit-sehr-langer-breiter-und-leicht-verwendbarer-stab\/#primaryimage","url":"https:\/\/m.media-amazon.com\/images\/I\/31kIXZnLsnS._SL500_.jpg","contentUrl":"https:\/\/m.media-amazon.com\/images\/I\/31kIXZnLsnS._SL500_.jpg","width":500,"height":500},{"@type":"BreadcrumbList","@id":"https:\/\/marktxxl.de\/markt\/produkt\/schwangerschaftstest-fruehtest-babyplan-hcg-hygienischer-schwangerschaftstest-10-miu-ml-hochempfindlich-fuer-babyplanung-996-genauigkeit-sehr-langer-breiter-und-leicht-verwendbarer-stab\/#breadcrumb","itemListElement":[{"@type":"ListItem","position":1,"name":"Startseite","item":"https:\/\/marktxxl.de\/markt\/"},{"@type":"ListItem","position":2,"name":"Markt","item":"https:\/\/marktxxl.de\/markt\/"},{"@type":"ListItem","position":3,"name":"3 x Schwangerschaftstest Fr\u00fchtest Babyplan (HCG test), Hygienischer Schwangerschaftstest 10 miu ml (hochempfindlich) f\u00fcr\u2026"}]},{"@type":"WebSite","@id":"https:\/\/marktxxl.de\/markt\/#website","url":"https:\/\/marktxxl.de\/markt\/","name":"Markt-XXL","description":"Ihr Markt Online","publisher":{"@id":"https:\/\/marktxxl.de\/markt\/#organization"},"potentialAction":[{"@type":"SearchAction","target":{"@type":"EntryPoint","urlTemplate":"https:\/\/marktxxl.de\/markt\/?s={search_term_string}"},"query-input":{"@type":"PropertyValueSpecification","valueRequired":true,"valueName":"search_term_string"}}],"inLanguage":"de"},{"@type":"Organization","@id":"https:\/\/marktxxl.de\/markt\/#organization","name":"Markt-XXL","url":"https:\/\/marktxxl.de\/markt\/","logo":{"@type":"ImageObject","inLanguage":"de","@id":"https:\/\/marktxxl.de\/markt\/#\/schema\/logo\/image\/","url":"https:\/\/marktxxl.de\/markt\/wp-content\/uploads\/sites\/3\/2020\/12\/logo.png","contentUrl":"https:\/\/marktxxl.de\/markt\/wp-content\/uploads\/sites\/3\/2020\/12\/logo.png","width":200,"height":70,"caption":"Markt-XXL"},"image":{"@id":"https:\/\/marktxxl.de\/markt\/#\/schema\/logo\/image\/"}}]}},"_links":{"self":[{"href":"https:\/\/marktxxl.de\/markt\/wp-json\/wp\/v2\/product\/177183","targetHints":{"allow":["GET"]}}],"collection":[{"href":"https:\/\/marktxxl.de\/markt\/wp-json\/wp\/v2\/product"}],"about":[{"href":"https:\/\/marktxxl.de\/markt\/wp-json\/wp\/v2\/types\/product"}],"replies":[{"embeddable":true,"href":"https:\/\/marktxxl.de\/markt\/wp-json\/wp\/v2\/comments?post=177183"}],"wp:featuredmedia":[{"embeddable":true,"href":"https:\/\/marktxxl.de\/markt\/wp-json\/wp\/v2\/media\/177184"}],"wp:attachment":[{"href":"https:\/\/marktxxl.de\/markt\/wp-json\/wp\/v2\/media?parent=177183"}],"wp:term":[{"taxonomy":"product_brand","embeddable":true,"href":"https:\/\/marktxxl.de\/markt\/wp-json\/wp\/v2\/product_brand?post=177183"},{"taxonomy":"product_cat","embeddable":true,"href":"https:\/\/marktxxl.de\/markt\/wp-json\/wp\/v2\/product_cat?post=177183"},{"taxonomy":"product_tag","embeddable":true,"href":"https:\/\/marktxxl.de\/markt\/wp-json\/wp\/v2\/product_tag?post=177183"}],"curies":[{"name":"wp","href":"https:\/\/api.w.org\/{rel}","templated":true}]}}