{"id":177019,"date":"2022-12-11T11:54:49","date_gmt":"2022-12-11T10:54:49","guid":{"rendered":"https:\/\/marktxxl.de\/markt\/produkt\/bio-oeko-wolle-trockner-kugeln-schwarz-pinguin-6er-pack-100-handgemacht-fair-trade-bio-keine-fusseln-premium-qualitaetcool-friends\/"},"modified":"2023-04-11T05:06:26","modified_gmt":"2023-04-11T03:06:26","slug":"bio-oeko-wolle-trockner-kugeln-schwarz-pinguin-6er-pack-100-handgemacht-fair-trade-bio-keine-fusseln-premium-qualitaetcool-friends","status":"publish","type":"product","link":"https:\/\/marktxxl.de\/markt\/produkt\/bio-oeko-wolle-trockner-kugeln-schwarz-pinguin-6er-pack-100-handgemacht-fair-trade-bio-keine-fusseln-premium-qualitaetcool-friends\/","title":{"rendered":"Bio-\u00d6ko-wolle Trockner Kugeln &#8211; schwarz Pinguin &#8211; 6er Pack &#8211; 100% handgemacht, Fair Trade, Bio, keine Fusseln &#8211; Premium\u2026"},"content":{"rendered":"<p>PERFEKT F\u00dcR BABYS UND EMPFINDLICHE HAUT.\u00a0100 % pure New Zealand Wolle (keine billige F\u00fcllstoffe!!), organische, chemische frei gemacht, Duft frei, hypoallergen.\u00a0F\u00dcR VERSIERTE M\u00fctter wissen, dass sch\u00e4dliche Chemikalien Trockner Bettw\u00e4sche hinterlassen, das verringert die Saugf\u00e4higkeit von Stoffwindeln, wiederverwendbare Betteinlagen, Menstruation stoffpads und wasserdichte Schichten zu ruinieren.<br \/>\nSPAREN SIE ZEIT, GELD UND ENERGIE!\u00a0Umweltfreundlich und wiederverwendbar f\u00fcr 1000 + l\u00e4dt jede Kugel.\u00a0L\u00e4sst Ihre W\u00e4sche nat\u00fcrlich weich, reduziert Falten und statische Klarsichtfolie, gefahrlos f\u00fcr Ihre W\u00e4sche mit synthetischen Chemikalien wie PVC oder Tennis Kugeln.\u00a0Dar\u00fcber hinaus tr\u00e4gt Sie die Trocknungszeit um 20-40 % zu reduzieren.\u00a0KEINE FUSSELN!\u00a0Ideal f\u00fcr dunkle, wei\u00dfe und farbige Lasten.<br \/>\nHAND MADE IN NEPAL und nicht IN CHINA (wie die meisten anderen Marken!).\u00a0Sorgf\u00e4ltig Nadel in ethische Arbeitsbedingungen von Frauen der strukturschwachen Gemeinden von Hand gefilzt.\u00a0Traditionell handgefertigt und Sonne getrocknet, keine Chemikalien oder Tricks, um die Produktion zu beschleunigen.\u00a0Faire L\u00f6hne und Sorge f\u00fcr die Umwelt.\u00a0Nicht unfair, gezwungen, oder Kinderarbeit, immer!<br \/>\nDIE PERFEKTE \u00d6KO-ALLE GELEGENHEIT GESCHENK.\u00a0Sch\u00f6n verpackt.\u00a0F\u00fcr eine einzigartige und lustige W\u00e4scherei, Baby-Duschen, Brautduschen, Einweihungsparty, Muttertag, f\u00fcr deine besten Freunde oder ein College-Kid seine eigene W\u00e4sche beginnt.\u00a0Kommt in einer sch\u00f6nen und praktischen BONUS Bio-Baumwolle Geschenkt\u00fcte, mit einer Anweisung manuelle voller \u00d6ko-Tipps.<br \/>\nW\u00c4HLEN SIE MIT BEDACHT!\u00a0Dieser Satz wird Sie dauern f\u00fcr mehrere Jahre so sparen nicht an Qualit\u00e4t, das Beste herauszuholen!\u00a0100 % Neuseeland-Schurwolle, traditionell hergestellt in Nepal, Bio und fair gehandelte, dann verpackt mit Leidenschaft und Sorgfalt von Hand bleiben zu Hause M\u00fctter hier in den USA.\u00a0SCHENKEN SIE SICH SELBST UND IHRE LIEBEN FRIENDSHEEP!<br \/>\n<div class=\"main-cross-sell\" data-asin=\"B06XDKQ266\">\n\n\t<div class=\"WooZone-cross-sell-loader\">\n\t\t<div>\n\t\t\t<div id=\"floatingBarsG\">\n\t\t\t\t<div class=\"blockG\" id=\"rotateG_01\"><\/div>\n\t\t\t\t<div class=\"blockG\" id=\"rotateG_02\"><\/div>\n\t\t\t\t<div class=\"blockG\" id=\"rotateG_03\"><\/div>\n\t\t\t\t<div class=\"blockG\" id=\"rotateG_04\"><\/div>\n\t\t\t\t<div class=\"blockG\" id=\"rotateG_05\"><\/div>\n\t\t\t\t<div class=\"blockG\" id=\"rotateG_06\"><\/div>\n\t\t\t\t<div class=\"blockG\" id=\"rotateG_07\"><\/div>\n\t\t\t\t<div class=\"blockG\" id=\"rotateG_08\"><\/div>\n\t\t\t<\/div>\n\t\t\t<div class=\"WooZone-cross-sell-loader-text\"><\/div>\n\t\t<\/div>\n\t<\/div>\n\n\t\t\n<\/div>\n<div style=\"clear:both;\"><\/div><\/p>\n","protected":false},"excerpt":{"rendered":"<p>PERFEKT F\u00dcR BABYS UND EMPFINDLICHE HAUT.\u00a0100 % pure New Zealand Wolle (keine billige F\u00fcllstoffe!!), organische, chemische frei gemacht, Duft frei, hypoallergen.\u00a0F\u00dcR VERSIERTE M\u00fctter wissen, dass sch\u00e4dliche Chemikalien Trockner Bettw\u00e4sche hinterlassen, das verringert die Saugf\u00e4higkeit von Stoffwindeln, wiederverwendbare Betteinlagen, Menstruation stoffpads und wasserdichte Schichten zu ruinieren.<br \/>\nSPAREN SIE ZEIT, GELD UND ENERGIE!\u00a0Umweltfreundlich und wiederverwendbar f\u00fcr 1000 + l\u00e4dt jede Kugel.\u00a0L\u00e4sst Ihre W\u00e4sche nat\u00fcrlich weich, reduziert Falten und statische Klarsichtfolie, gefahrlos f\u00fcr Ihre W\u00e4sche mit synthetischen Chemikalien wie PVC oder Tennis Kugeln.\u00a0Dar\u00fcber hinaus tr\u00e4gt Sie die Trocknungszeit um 20-40 % zu reduzieren.\u00a0KEINE FUSSELN!\u00a0Ideal f\u00fcr dunkle, wei\u00dfe und farbige Lasten.<br \/>\nHAND MADE IN NEPAL und nicht IN CHINA (wie die meisten anderen Marken!).\u00a0Sorgf\u00e4ltig Nadel in ethische Arbeitsbedingungen von Frauen der strukturschwachen Gemeinden von Hand gefilzt.\u00a0Traditionell handgefertigt und Sonne getrocknet, keine Chemikalien oder Tricks, um die Produktion zu beschleunigen.\u00a0Faire L\u00f6hne und Sorge f\u00fcr die Umwelt.\u00a0Nicht unfair, gezwungen, oder Kinderarbeit, immer!<\/p>\n","protected":false},"featured_media":177020,"comment_status":"open","ping_status":"closed","template":"","meta":[],"product_brand":[],"product_cat":[566,5467],"product_tag":[],"class_list":{"0":"post-177019","1":"product","2":"type-product","3":"status-publish","4":"has-post-thumbnail","6":"product_cat-drogerie-koerperpflege","7":"product_cat-haushaltswaren-reinigungsmittel","8":"pa_binding-haushaltswaren","9":"pa_brand-friendsheep","10":"pa_color-coole-freunde","11":"pa_height-3-11-zoll","12":"pa_length-8-9-zoll","13":"pa_manufacturer-friendsheep","14":"pa_model-fdsp01005","15":"pa_weight-0-35-pfund","16":"pa_width-5-91-zoll","18":"first","19":"instock","20":"shipping-taxable","21":"purchasable","22":"product-type-simple","23":"customify-col","24":"product-has-gallery"},"yoast_head":"<!-- This site is optimized with the Yoast SEO plugin v27.4 - https:\/\/yoast.com\/product\/yoast-seo-wordpress\/ -->\n<title>Bio-\u00d6ko-wolle Trockner Kugeln - schwarz Pinguin - 6er Pack - 100% handgemacht, Fair Trade, Bio, keine Fusseln - Premium\u2026 - Markt-XXL<\/title>\n<meta name=\"description\" content=\"Markt-XXL Bio-\u00d6ko-wolle Trockner Kugeln - schwarz Pinguin - 6er Pack - 100% handgemacht, Fair Trade, Bio, keine Fusseln - Premium\u2026\" \/>\n<meta name=\"robots\" content=\"index, follow, max-snippet:-1, max-image-preview:large, max-video-preview:-1\" \/>\n<link rel=\"canonical\" href=\"https:\/\/marktxxl.de\/markt\/produkt\/bio-oeko-wolle-trockner-kugeln-schwarz-pinguin-6er-pack-100-handgemacht-fair-trade-bio-keine-fusseln-premium-qualitaetcool-friends\/\" \/>\n<meta property=\"og:locale\" content=\"de_DE\" \/>\n<meta property=\"og:type\" content=\"article\" \/>\n<meta property=\"og:title\" content=\"Bio-\u00d6ko-wolle Trockner Kugeln - schwarz Pinguin - 6er Pack - 100% handgemacht, Fair Trade, Bio, keine Fusseln - Premium\u2026 - Markt-XXL\" \/>\n<meta property=\"og:description\" content=\"Markt-XXL Bio-\u00d6ko-wolle Trockner Kugeln - schwarz Pinguin - 6er Pack - 100% handgemacht, Fair Trade, Bio, keine Fusseln - Premium\u2026\" \/>\n<meta property=\"og:url\" content=\"https:\/\/marktxxl.de\/markt\/produkt\/bio-oeko-wolle-trockner-kugeln-schwarz-pinguin-6er-pack-100-handgemacht-fair-trade-bio-keine-fusseln-premium-qualitaetcool-friends\/\" \/>\n<meta property=\"og:site_name\" content=\"Markt-XXL\" \/>\n<meta property=\"article:modified_time\" content=\"2023-04-11T03:06:26+00:00\" \/>\n<meta property=\"og:image\" content=\"https:\/\/m.media-amazon.com\/images\/I\/41JarjPIc0L._SL500_.jpg\" \/>\n\t<meta property=\"og:image:width\" content=\"500\" \/>\n\t<meta property=\"og:image:height\" content=\"454\" \/>\n\t<meta property=\"og:image:type\" content=\"image\/jpeg\" \/>\n<meta name=\"twitter:card\" content=\"summary_large_image\" \/>\n<meta name=\"twitter:label1\" content=\"Gesch\u00e4tzte Lesezeit\" \/>\n\t<meta name=\"twitter:data1\" content=\"1\u00a0Minute\" \/>\n<script type=\"application\/ld+json\" class=\"yoast-schema-graph\">{\"@context\":\"https:\\\/\\\/schema.org\",\"@graph\":[{\"@type\":\"WebPage\",\"@id\":\"https:\\\/\\\/marktxxl.de\\\/markt\\\/produkt\\\/bio-oeko-wolle-trockner-kugeln-schwarz-pinguin-6er-pack-100-handgemacht-fair-trade-bio-keine-fusseln-premium-qualitaetcool-friends\\\/\",\"url\":\"https:\\\/\\\/marktxxl.de\\\/markt\\\/produkt\\\/bio-oeko-wolle-trockner-kugeln-schwarz-pinguin-6er-pack-100-handgemacht-fair-trade-bio-keine-fusseln-premium-qualitaetcool-friends\\\/\",\"name\":\"Bio-\u00d6ko-wolle Trockner Kugeln - schwarz Pinguin - 6er Pack - 100% handgemacht, Fair Trade, Bio, keine Fusseln - Premium\u2026 - Markt-XXL\",\"isPartOf\":{\"@id\":\"https:\\\/\\\/marktxxl.de\\\/markt\\\/#website\"},\"primaryImageOfPage\":{\"@id\":\"https:\\\/\\\/marktxxl.de\\\/markt\\\/produkt\\\/bio-oeko-wolle-trockner-kugeln-schwarz-pinguin-6er-pack-100-handgemacht-fair-trade-bio-keine-fusseln-premium-qualitaetcool-friends\\\/#primaryimage\"},\"image\":{\"@id\":\"https:\\\/\\\/marktxxl.de\\\/markt\\\/produkt\\\/bio-oeko-wolle-trockner-kugeln-schwarz-pinguin-6er-pack-100-handgemacht-fair-trade-bio-keine-fusseln-premium-qualitaetcool-friends\\\/#primaryimage\"},\"thumbnailUrl\":\"https:\\\/\\\/m.media-amazon.com\\\/images\\\/I\\\/41JarjPIc0L._SL500_.jpg\",\"datePublished\":\"2022-12-11T10:54:49+00:00\",\"dateModified\":\"2023-04-11T03:06:26+00:00\",\"description\":\"Markt-XXL Bio-\u00d6ko-wolle Trockner Kugeln - schwarz Pinguin - 6er Pack - 100% handgemacht, Fair Trade, Bio, keine Fusseln - Premium\u2026\",\"breadcrumb\":{\"@id\":\"https:\\\/\\\/marktxxl.de\\\/markt\\\/produkt\\\/bio-oeko-wolle-trockner-kugeln-schwarz-pinguin-6er-pack-100-handgemacht-fair-trade-bio-keine-fusseln-premium-qualitaetcool-friends\\\/#breadcrumb\"},\"inLanguage\":\"de\",\"potentialAction\":[{\"@type\":\"ReadAction\",\"target\":[\"https:\\\/\\\/marktxxl.de\\\/markt\\\/produkt\\\/bio-oeko-wolle-trockner-kugeln-schwarz-pinguin-6er-pack-100-handgemacht-fair-trade-bio-keine-fusseln-premium-qualitaetcool-friends\\\/\"]}]},{\"@type\":\"ImageObject\",\"inLanguage\":\"de\",\"@id\":\"https:\\\/\\\/marktxxl.de\\\/markt\\\/produkt\\\/bio-oeko-wolle-trockner-kugeln-schwarz-pinguin-6er-pack-100-handgemacht-fair-trade-bio-keine-fusseln-premium-qualitaetcool-friends\\\/#primaryimage\",\"url\":\"https:\\\/\\\/m.media-amazon.com\\\/images\\\/I\\\/41JarjPIc0L._SL500_.jpg\",\"contentUrl\":\"https:\\\/\\\/m.media-amazon.com\\\/images\\\/I\\\/41JarjPIc0L._SL500_.jpg\",\"width\":500,\"height\":454},{\"@type\":\"BreadcrumbList\",\"@id\":\"https:\\\/\\\/marktxxl.de\\\/markt\\\/produkt\\\/bio-oeko-wolle-trockner-kugeln-schwarz-pinguin-6er-pack-100-handgemacht-fair-trade-bio-keine-fusseln-premium-qualitaetcool-friends\\\/#breadcrumb\",\"itemListElement\":[{\"@type\":\"ListItem\",\"position\":1,\"name\":\"Startseite\",\"item\":\"https:\\\/\\\/marktxxl.de\\\/markt\\\/\"},{\"@type\":\"ListItem\",\"position\":2,\"name\":\"Markt\",\"item\":\"https:\\\/\\\/marktxxl.de\\\/markt\\\/\"},{\"@type\":\"ListItem\",\"position\":3,\"name\":\"Bio-\u00d6ko-wolle Trockner Kugeln &#8211; schwarz Pinguin &#8211; 6er Pack &#8211; 100% handgemacht, Fair Trade, Bio, keine Fusseln &#8211; Premium\u2026\"}]},{\"@type\":\"WebSite\",\"@id\":\"https:\\\/\\\/marktxxl.de\\\/markt\\\/#website\",\"url\":\"https:\\\/\\\/marktxxl.de\\\/markt\\\/\",\"name\":\"Markt-XXL\",\"description\":\"Ihr Markt Online\",\"publisher\":{\"@id\":\"https:\\\/\\\/marktxxl.de\\\/markt\\\/#organization\"},\"potentialAction\":[{\"@type\":\"SearchAction\",\"target\":{\"@type\":\"EntryPoint\",\"urlTemplate\":\"https:\\\/\\\/marktxxl.de\\\/markt\\\/?s={search_term_string}\"},\"query-input\":{\"@type\":\"PropertyValueSpecification\",\"valueRequired\":true,\"valueName\":\"search_term_string\"}}],\"inLanguage\":\"de\"},{\"@type\":\"Organization\",\"@id\":\"https:\\\/\\\/marktxxl.de\\\/markt\\\/#organization\",\"name\":\"Markt-XXL\",\"url\":\"https:\\\/\\\/marktxxl.de\\\/markt\\\/\",\"logo\":{\"@type\":\"ImageObject\",\"inLanguage\":\"de\",\"@id\":\"https:\\\/\\\/marktxxl.de\\\/markt\\\/#\\\/schema\\\/logo\\\/image\\\/\",\"url\":\"https:\\\/\\\/marktxxl.de\\\/markt\\\/wp-content\\\/uploads\\\/sites\\\/3\\\/2020\\\/12\\\/logo.png\",\"contentUrl\":\"https:\\\/\\\/marktxxl.de\\\/markt\\\/wp-content\\\/uploads\\\/sites\\\/3\\\/2020\\\/12\\\/logo.png\",\"width\":200,\"height\":70,\"caption\":\"Markt-XXL\"},\"image\":{\"@id\":\"https:\\\/\\\/marktxxl.de\\\/markt\\\/#\\\/schema\\\/logo\\\/image\\\/\"}}]}<\/script>\n<!-- \/ Yoast SEO plugin. -->","yoast_head_json":{"title":"Bio-\u00d6ko-wolle Trockner Kugeln - schwarz Pinguin - 6er Pack - 100% handgemacht, Fair Trade, Bio, keine Fusseln - Premium\u2026 - Markt-XXL","description":"Markt-XXL Bio-\u00d6ko-wolle Trockner Kugeln - schwarz Pinguin - 6er Pack - 100% handgemacht, Fair Trade, Bio, keine Fusseln - Premium\u2026","robots":{"index":"index","follow":"follow","max-snippet":"max-snippet:-1","max-image-preview":"max-image-preview:large","max-video-preview":"max-video-preview:-1"},"canonical":"https:\/\/marktxxl.de\/markt\/produkt\/bio-oeko-wolle-trockner-kugeln-schwarz-pinguin-6er-pack-100-handgemacht-fair-trade-bio-keine-fusseln-premium-qualitaetcool-friends\/","og_locale":"de_DE","og_type":"article","og_title":"Bio-\u00d6ko-wolle Trockner Kugeln - schwarz Pinguin - 6er Pack - 100% handgemacht, Fair Trade, Bio, keine Fusseln - Premium\u2026 - Markt-XXL","og_description":"Markt-XXL Bio-\u00d6ko-wolle Trockner Kugeln - schwarz Pinguin - 6er Pack - 100% handgemacht, Fair Trade, Bio, keine Fusseln - Premium\u2026","og_url":"https:\/\/marktxxl.de\/markt\/produkt\/bio-oeko-wolle-trockner-kugeln-schwarz-pinguin-6er-pack-100-handgemacht-fair-trade-bio-keine-fusseln-premium-qualitaetcool-friends\/","og_site_name":"Markt-XXL","article_modified_time":"2023-04-11T03:06:26+00:00","og_image":[{"width":500,"height":454,"url":"https:\/\/m.media-amazon.com\/images\/I\/41JarjPIc0L._SL500_.jpg","type":"image\/jpeg"}],"twitter_card":"summary_large_image","twitter_misc":{"Gesch\u00e4tzte Lesezeit":"1\u00a0Minute"},"schema":{"@context":"https:\/\/schema.org","@graph":[{"@type":"WebPage","@id":"https:\/\/marktxxl.de\/markt\/produkt\/bio-oeko-wolle-trockner-kugeln-schwarz-pinguin-6er-pack-100-handgemacht-fair-trade-bio-keine-fusseln-premium-qualitaetcool-friends\/","url":"https:\/\/marktxxl.de\/markt\/produkt\/bio-oeko-wolle-trockner-kugeln-schwarz-pinguin-6er-pack-100-handgemacht-fair-trade-bio-keine-fusseln-premium-qualitaetcool-friends\/","name":"Bio-\u00d6ko-wolle Trockner Kugeln - schwarz Pinguin - 6er Pack - 100% handgemacht, Fair Trade, Bio, keine Fusseln - Premium\u2026 - Markt-XXL","isPartOf":{"@id":"https:\/\/marktxxl.de\/markt\/#website"},"primaryImageOfPage":{"@id":"https:\/\/marktxxl.de\/markt\/produkt\/bio-oeko-wolle-trockner-kugeln-schwarz-pinguin-6er-pack-100-handgemacht-fair-trade-bio-keine-fusseln-premium-qualitaetcool-friends\/#primaryimage"},"image":{"@id":"https:\/\/marktxxl.de\/markt\/produkt\/bio-oeko-wolle-trockner-kugeln-schwarz-pinguin-6er-pack-100-handgemacht-fair-trade-bio-keine-fusseln-premium-qualitaetcool-friends\/#primaryimage"},"thumbnailUrl":"https:\/\/m.media-amazon.com\/images\/I\/41JarjPIc0L._SL500_.jpg","datePublished":"2022-12-11T10:54:49+00:00","dateModified":"2023-04-11T03:06:26+00:00","description":"Markt-XXL Bio-\u00d6ko-wolle Trockner Kugeln - schwarz Pinguin - 6er Pack - 100% handgemacht, Fair Trade, Bio, keine Fusseln - Premium\u2026","breadcrumb":{"@id":"https:\/\/marktxxl.de\/markt\/produkt\/bio-oeko-wolle-trockner-kugeln-schwarz-pinguin-6er-pack-100-handgemacht-fair-trade-bio-keine-fusseln-premium-qualitaetcool-friends\/#breadcrumb"},"inLanguage":"de","potentialAction":[{"@type":"ReadAction","target":["https:\/\/marktxxl.de\/markt\/produkt\/bio-oeko-wolle-trockner-kugeln-schwarz-pinguin-6er-pack-100-handgemacht-fair-trade-bio-keine-fusseln-premium-qualitaetcool-friends\/"]}]},{"@type":"ImageObject","inLanguage":"de","@id":"https:\/\/marktxxl.de\/markt\/produkt\/bio-oeko-wolle-trockner-kugeln-schwarz-pinguin-6er-pack-100-handgemacht-fair-trade-bio-keine-fusseln-premium-qualitaetcool-friends\/#primaryimage","url":"https:\/\/m.media-amazon.com\/images\/I\/41JarjPIc0L._SL500_.jpg","contentUrl":"https:\/\/m.media-amazon.com\/images\/I\/41JarjPIc0L._SL500_.jpg","width":500,"height":454},{"@type":"BreadcrumbList","@id":"https:\/\/marktxxl.de\/markt\/produkt\/bio-oeko-wolle-trockner-kugeln-schwarz-pinguin-6er-pack-100-handgemacht-fair-trade-bio-keine-fusseln-premium-qualitaetcool-friends\/#breadcrumb","itemListElement":[{"@type":"ListItem","position":1,"name":"Startseite","item":"https:\/\/marktxxl.de\/markt\/"},{"@type":"ListItem","position":2,"name":"Markt","item":"https:\/\/marktxxl.de\/markt\/"},{"@type":"ListItem","position":3,"name":"Bio-\u00d6ko-wolle Trockner Kugeln &#8211; schwarz Pinguin &#8211; 6er Pack &#8211; 100% handgemacht, Fair Trade, Bio, keine Fusseln &#8211; Premium\u2026"}]},{"@type":"WebSite","@id":"https:\/\/marktxxl.de\/markt\/#website","url":"https:\/\/marktxxl.de\/markt\/","name":"Markt-XXL","description":"Ihr Markt Online","publisher":{"@id":"https:\/\/marktxxl.de\/markt\/#organization"},"potentialAction":[{"@type":"SearchAction","target":{"@type":"EntryPoint","urlTemplate":"https:\/\/marktxxl.de\/markt\/?s={search_term_string}"},"query-input":{"@type":"PropertyValueSpecification","valueRequired":true,"valueName":"search_term_string"}}],"inLanguage":"de"},{"@type":"Organization","@id":"https:\/\/marktxxl.de\/markt\/#organization","name":"Markt-XXL","url":"https:\/\/marktxxl.de\/markt\/","logo":{"@type":"ImageObject","inLanguage":"de","@id":"https:\/\/marktxxl.de\/markt\/#\/schema\/logo\/image\/","url":"https:\/\/marktxxl.de\/markt\/wp-content\/uploads\/sites\/3\/2020\/12\/logo.png","contentUrl":"https:\/\/marktxxl.de\/markt\/wp-content\/uploads\/sites\/3\/2020\/12\/logo.png","width":200,"height":70,"caption":"Markt-XXL"},"image":{"@id":"https:\/\/marktxxl.de\/markt\/#\/schema\/logo\/image\/"}}]}},"_links":{"self":[{"href":"https:\/\/marktxxl.de\/markt\/wp-json\/wp\/v2\/product\/177019","targetHints":{"allow":["GET"]}}],"collection":[{"href":"https:\/\/marktxxl.de\/markt\/wp-json\/wp\/v2\/product"}],"about":[{"href":"https:\/\/marktxxl.de\/markt\/wp-json\/wp\/v2\/types\/product"}],"replies":[{"embeddable":true,"href":"https:\/\/marktxxl.de\/markt\/wp-json\/wp\/v2\/comments?post=177019"}],"wp:featuredmedia":[{"embeddable":true,"href":"https:\/\/marktxxl.de\/markt\/wp-json\/wp\/v2\/media\/177020"}],"wp:attachment":[{"href":"https:\/\/marktxxl.de\/markt\/wp-json\/wp\/v2\/media?parent=177019"}],"wp:term":[{"taxonomy":"product_brand","embeddable":true,"href":"https:\/\/marktxxl.de\/markt\/wp-json\/wp\/v2\/product_brand?post=177019"},{"taxonomy":"product_cat","embeddable":true,"href":"https:\/\/marktxxl.de\/markt\/wp-json\/wp\/v2\/product_cat?post=177019"},{"taxonomy":"product_tag","embeddable":true,"href":"https:\/\/marktxxl.de\/markt\/wp-json\/wp\/v2\/product_tag?post=177019"}],"curies":[{"name":"wp","href":"https:\/\/api.w.org\/{rel}","templated":true}]}}