{"id":176853,"date":"2022-12-11T11:49:14","date_gmt":"2022-12-11T10:49:14","guid":{"rendered":"https:\/\/marktxxl.de\/markt\/produkt\/protero-kefir-whey-protein-isolat-natuerliches-fermentiertes-eiweisspulver-aus-irischer-weidemilch\/"},"modified":"2023-04-11T05:06:24","modified_gmt":"2023-04-11T03:06:24","slug":"protero-kefir-whey-protein-isolat-natuerliches-fermentiertes-eiweisspulver-aus-irischer-weidemilch","status":"publish","type":"product","link":"https:\/\/marktxxl.de\/markt\/produkt\/protero-kefir-whey-protein-isolat-natuerliches-fermentiertes-eiweisspulver-aus-irischer-weidemilch\/","title":{"rendered":"PROTERO Kefir Whey Protein Isolat &#8211; nat\u00fcrliches, fermentiertes Eiwei\u00dfpulver aus irischer Weidemilch (210g)"},"content":{"rendered":"<p>GAME-CHANGER &#8211; Durch nat\u00fcrliche Fermentation werden die Aminos\u00e4uren in Di- und Tripeptide aufgespalten, wodurch das Kefir Whey eine einzigartige Bioverf\u00fcgbarkeit und Aminos\u00e4ureprofil aufweist.<br \/>\n91G PROTEIN, FREI VON LAKTOSE, FETT &amp; CARBS &#8211; Bei dem nat\u00fcrlichen Herstellungsverfahren wird der irischen Weidemilch vollst\u00e4ndig die Laktose entzogen. Mit 91g Proteinanteil ist das Kefir Whey Isolat ein besonders proteinreiches, pures Protein.<br \/>\nBEK\u00d6MMLICH &#8211; Dank Fermentierung wird Milch bek\u00f6mmlicher. Nun kannst Du cremig, leckeres Whey Protein Eiwei\u00dfpulver genie\u00dfen, ohne davon einen Bl\u00e4hbauch zu bekommen.<br \/>\nPALEO, PRIMAL und KETO &#8211; fermentierte Milchprodukte standen Gesellschaften von J\u00e4gern und Sammlern bereits zu Verf\u00fcgung, damit ist das Kefir Protein am ehesten ein Paleo Whey und dank 0g Kohlenhydrate keto-geeignet.<br \/>\nKEIN KEFIR-GESCHMACK &#8211; auch wenn einige das gerne h\u00e4tten, das Kefir Whey unterscheidet sich nur von den inneren Werten. Es ist so cremig und lecker wie das Weide Whey, obwohl etwas milder und neutraler im Geschmack.<br \/>\n<div class=\"main-cross-sell\" data-asin=\"B099WYPDRH\">\n\n\t<div class=\"WooZone-cross-sell-loader\">\n\t\t<div>\n\t\t\t<div id=\"floatingBarsG\">\n\t\t\t\t<div class=\"blockG\" id=\"rotateG_01\"><\/div>\n\t\t\t\t<div class=\"blockG\" id=\"rotateG_02\"><\/div>\n\t\t\t\t<div class=\"blockG\" id=\"rotateG_03\"><\/div>\n\t\t\t\t<div class=\"blockG\" id=\"rotateG_04\"><\/div>\n\t\t\t\t<div class=\"blockG\" id=\"rotateG_05\"><\/div>\n\t\t\t\t<div class=\"blockG\" id=\"rotateG_06\"><\/div>\n\t\t\t\t<div class=\"blockG\" id=\"rotateG_07\"><\/div>\n\t\t\t\t<div class=\"blockG\" id=\"rotateG_08\"><\/div>\n\t\t\t<\/div>\n\t\t\t<div class=\"WooZone-cross-sell-loader-text\"><\/div>\n\t\t<\/div>\n\t<\/div>\n\n\t\t\n<\/div>\n<div style=\"clear:both;\"><\/div><\/p>\n","protected":false},"excerpt":{"rendered":"<p>GAME-CHANGER &#8211; Durch nat\u00fcrliche Fermentation werden die Aminos\u00e4uren in Di- und Tripeptide aufgespalten, wodurch das Kefir Whey eine einzigartige Bioverf\u00fcgbarkeit und Aminos\u00e4ureprofil aufweist.<br \/>\n91G PROTEIN, FREI VON LAKTOSE, FETT &amp; CARBS &#8211; Bei dem nat\u00fcrlichen Herstellungsverfahren wird der irischen Weidemilch vollst\u00e4ndig die Laktose entzogen. Mit 91g Proteinanteil ist das Kefir Whey Isolat ein besonders proteinreiches, pures Protein.<br \/>\nBEK\u00d6MMLICH &#8211; Dank Fermentierung wird Milch bek\u00f6mmlicher. Nun kannst Du cremig, leckeres Whey Protein Eiwei\u00dfpulver genie\u00dfen, ohne davon einen Bl\u00e4hbauch zu bekommen.<\/p>\n","protected":false},"featured_media":176854,"comment_status":"open","ping_status":"closed","template":"","meta":[],"product_brand":[],"product_cat":[566,6104],"product_tag":[],"class_list":{"0":"post-176853","1":"product","2":"type-product","3":"status-publish","4":"has-post-thumbnail","6":"product_cat-drogerie-koerperpflege","7":"product_cat-nahrungsergaenzung","8":"pa_brand-protero","9":"pa_manufacturer-protero","11":"first","12":"instock","13":"shipping-taxable","14":"purchasable","15":"product-type-simple","16":"customify-col","17":"product-has-gallery"},"yoast_head":"<!-- This site is optimized with the Yoast SEO plugin v27.4 - https:\/\/yoast.com\/product\/yoast-seo-wordpress\/ -->\n<title>PROTERO Kefir Whey Protein Isolat - nat\u00fcrliches, fermentiertes Eiwei\u00dfpulver aus irischer Weidemilch (210g) - Markt-XXL<\/title>\n<meta name=\"description\" content=\"Markt-XXL PROTERO Kefir Whey Protein Isolat - nat\u00fcrliches, fermentiertes Eiwei\u00dfpulver aus irischer Weidemilch (210g)\" \/>\n<meta name=\"robots\" content=\"index, follow, max-snippet:-1, max-image-preview:large, max-video-preview:-1\" \/>\n<link rel=\"canonical\" href=\"https:\/\/marktxxl.de\/markt\/produkt\/protero-kefir-whey-protein-isolat-natuerliches-fermentiertes-eiweisspulver-aus-irischer-weidemilch\/\" \/>\n<meta property=\"og:locale\" content=\"de_DE\" \/>\n<meta property=\"og:type\" content=\"article\" \/>\n<meta property=\"og:title\" content=\"PROTERO Kefir Whey Protein Isolat - nat\u00fcrliches, fermentiertes Eiwei\u00dfpulver aus irischer Weidemilch (210g) - Markt-XXL\" \/>\n<meta property=\"og:description\" content=\"Markt-XXL PROTERO Kefir Whey Protein Isolat - nat\u00fcrliches, fermentiertes Eiwei\u00dfpulver aus irischer Weidemilch (210g)\" \/>\n<meta property=\"og:url\" content=\"https:\/\/marktxxl.de\/markt\/produkt\/protero-kefir-whey-protein-isolat-natuerliches-fermentiertes-eiweisspulver-aus-irischer-weidemilch\/\" \/>\n<meta property=\"og:site_name\" content=\"Markt-XXL\" \/>\n<meta property=\"article:modified_time\" content=\"2023-04-11T03:06:24+00:00\" \/>\n<meta property=\"og:image\" content=\"https:\/\/m.media-amazon.com\/images\/I\/41USRM81VnL._SL500_.jpg\" \/>\n\t<meta property=\"og:image:width\" content=\"500\" \/>\n\t<meta property=\"og:image:height\" content=\"500\" \/>\n\t<meta property=\"og:image:type\" content=\"image\/jpeg\" \/>\n<meta name=\"twitter:card\" content=\"summary_large_image\" \/>\n<meta name=\"twitter:label1\" content=\"Gesch\u00e4tzte Lesezeit\" \/>\n\t<meta name=\"twitter:data1\" content=\"1\u00a0Minute\" \/>\n<script type=\"application\/ld+json\" class=\"yoast-schema-graph\">{\"@context\":\"https:\\\/\\\/schema.org\",\"@graph\":[{\"@type\":\"WebPage\",\"@id\":\"https:\\\/\\\/marktxxl.de\\\/markt\\\/produkt\\\/protero-kefir-whey-protein-isolat-natuerliches-fermentiertes-eiweisspulver-aus-irischer-weidemilch\\\/\",\"url\":\"https:\\\/\\\/marktxxl.de\\\/markt\\\/produkt\\\/protero-kefir-whey-protein-isolat-natuerliches-fermentiertes-eiweisspulver-aus-irischer-weidemilch\\\/\",\"name\":\"PROTERO Kefir Whey Protein Isolat - nat\u00fcrliches, fermentiertes Eiwei\u00dfpulver aus irischer Weidemilch (210g) - Markt-XXL\",\"isPartOf\":{\"@id\":\"https:\\\/\\\/marktxxl.de\\\/markt\\\/#website\"},\"primaryImageOfPage\":{\"@id\":\"https:\\\/\\\/marktxxl.de\\\/markt\\\/produkt\\\/protero-kefir-whey-protein-isolat-natuerliches-fermentiertes-eiweisspulver-aus-irischer-weidemilch\\\/#primaryimage\"},\"image\":{\"@id\":\"https:\\\/\\\/marktxxl.de\\\/markt\\\/produkt\\\/protero-kefir-whey-protein-isolat-natuerliches-fermentiertes-eiweisspulver-aus-irischer-weidemilch\\\/#primaryimage\"},\"thumbnailUrl\":\"https:\\\/\\\/m.media-amazon.com\\\/images\\\/I\\\/41USRM81VnL._SL500_.jpg\",\"datePublished\":\"2022-12-11T10:49:14+00:00\",\"dateModified\":\"2023-04-11T03:06:24+00:00\",\"description\":\"Markt-XXL PROTERO Kefir Whey Protein Isolat - nat\u00fcrliches, fermentiertes Eiwei\u00dfpulver aus irischer Weidemilch (210g)\",\"breadcrumb\":{\"@id\":\"https:\\\/\\\/marktxxl.de\\\/markt\\\/produkt\\\/protero-kefir-whey-protein-isolat-natuerliches-fermentiertes-eiweisspulver-aus-irischer-weidemilch\\\/#breadcrumb\"},\"inLanguage\":\"de\",\"potentialAction\":[{\"@type\":\"ReadAction\",\"target\":[\"https:\\\/\\\/marktxxl.de\\\/markt\\\/produkt\\\/protero-kefir-whey-protein-isolat-natuerliches-fermentiertes-eiweisspulver-aus-irischer-weidemilch\\\/\"]}]},{\"@type\":\"ImageObject\",\"inLanguage\":\"de\",\"@id\":\"https:\\\/\\\/marktxxl.de\\\/markt\\\/produkt\\\/protero-kefir-whey-protein-isolat-natuerliches-fermentiertes-eiweisspulver-aus-irischer-weidemilch\\\/#primaryimage\",\"url\":\"https:\\\/\\\/m.media-amazon.com\\\/images\\\/I\\\/41USRM81VnL._SL500_.jpg\",\"contentUrl\":\"https:\\\/\\\/m.media-amazon.com\\\/images\\\/I\\\/41USRM81VnL._SL500_.jpg\",\"width\":500,\"height\":500},{\"@type\":\"BreadcrumbList\",\"@id\":\"https:\\\/\\\/marktxxl.de\\\/markt\\\/produkt\\\/protero-kefir-whey-protein-isolat-natuerliches-fermentiertes-eiweisspulver-aus-irischer-weidemilch\\\/#breadcrumb\",\"itemListElement\":[{\"@type\":\"ListItem\",\"position\":1,\"name\":\"Startseite\",\"item\":\"https:\\\/\\\/marktxxl.de\\\/markt\\\/\"},{\"@type\":\"ListItem\",\"position\":2,\"name\":\"Markt\",\"item\":\"https:\\\/\\\/marktxxl.de\\\/markt\\\/\"},{\"@type\":\"ListItem\",\"position\":3,\"name\":\"PROTERO Kefir Whey Protein Isolat &#8211; nat\u00fcrliches, fermentiertes Eiwei\u00dfpulver aus irischer Weidemilch (210g)\"}]},{\"@type\":\"WebSite\",\"@id\":\"https:\\\/\\\/marktxxl.de\\\/markt\\\/#website\",\"url\":\"https:\\\/\\\/marktxxl.de\\\/markt\\\/\",\"name\":\"Markt-XXL\",\"description\":\"Ihr Markt Online\",\"publisher\":{\"@id\":\"https:\\\/\\\/marktxxl.de\\\/markt\\\/#organization\"},\"potentialAction\":[{\"@type\":\"SearchAction\",\"target\":{\"@type\":\"EntryPoint\",\"urlTemplate\":\"https:\\\/\\\/marktxxl.de\\\/markt\\\/?s={search_term_string}\"},\"query-input\":{\"@type\":\"PropertyValueSpecification\",\"valueRequired\":true,\"valueName\":\"search_term_string\"}}],\"inLanguage\":\"de\"},{\"@type\":\"Organization\",\"@id\":\"https:\\\/\\\/marktxxl.de\\\/markt\\\/#organization\",\"name\":\"Markt-XXL\",\"url\":\"https:\\\/\\\/marktxxl.de\\\/markt\\\/\",\"logo\":{\"@type\":\"ImageObject\",\"inLanguage\":\"de\",\"@id\":\"https:\\\/\\\/marktxxl.de\\\/markt\\\/#\\\/schema\\\/logo\\\/image\\\/\",\"url\":\"https:\\\/\\\/marktxxl.de\\\/markt\\\/wp-content\\\/uploads\\\/sites\\\/3\\\/2020\\\/12\\\/logo.png\",\"contentUrl\":\"https:\\\/\\\/marktxxl.de\\\/markt\\\/wp-content\\\/uploads\\\/sites\\\/3\\\/2020\\\/12\\\/logo.png\",\"width\":200,\"height\":70,\"caption\":\"Markt-XXL\"},\"image\":{\"@id\":\"https:\\\/\\\/marktxxl.de\\\/markt\\\/#\\\/schema\\\/logo\\\/image\\\/\"}}]}<\/script>\n<!-- \/ Yoast SEO plugin. -->","yoast_head_json":{"title":"PROTERO Kefir Whey Protein Isolat - nat\u00fcrliches, fermentiertes Eiwei\u00dfpulver aus irischer Weidemilch (210g) - Markt-XXL","description":"Markt-XXL PROTERO Kefir Whey Protein Isolat - nat\u00fcrliches, fermentiertes Eiwei\u00dfpulver aus irischer Weidemilch (210g)","robots":{"index":"index","follow":"follow","max-snippet":"max-snippet:-1","max-image-preview":"max-image-preview:large","max-video-preview":"max-video-preview:-1"},"canonical":"https:\/\/marktxxl.de\/markt\/produkt\/protero-kefir-whey-protein-isolat-natuerliches-fermentiertes-eiweisspulver-aus-irischer-weidemilch\/","og_locale":"de_DE","og_type":"article","og_title":"PROTERO Kefir Whey Protein Isolat - nat\u00fcrliches, fermentiertes Eiwei\u00dfpulver aus irischer Weidemilch (210g) - Markt-XXL","og_description":"Markt-XXL PROTERO Kefir Whey Protein Isolat - nat\u00fcrliches, fermentiertes Eiwei\u00dfpulver aus irischer Weidemilch (210g)","og_url":"https:\/\/marktxxl.de\/markt\/produkt\/protero-kefir-whey-protein-isolat-natuerliches-fermentiertes-eiweisspulver-aus-irischer-weidemilch\/","og_site_name":"Markt-XXL","article_modified_time":"2023-04-11T03:06:24+00:00","og_image":[{"width":500,"height":500,"url":"https:\/\/m.media-amazon.com\/images\/I\/41USRM81VnL._SL500_.jpg","type":"image\/jpeg"}],"twitter_card":"summary_large_image","twitter_misc":{"Gesch\u00e4tzte Lesezeit":"1\u00a0Minute"},"schema":{"@context":"https:\/\/schema.org","@graph":[{"@type":"WebPage","@id":"https:\/\/marktxxl.de\/markt\/produkt\/protero-kefir-whey-protein-isolat-natuerliches-fermentiertes-eiweisspulver-aus-irischer-weidemilch\/","url":"https:\/\/marktxxl.de\/markt\/produkt\/protero-kefir-whey-protein-isolat-natuerliches-fermentiertes-eiweisspulver-aus-irischer-weidemilch\/","name":"PROTERO Kefir Whey Protein Isolat - nat\u00fcrliches, fermentiertes Eiwei\u00dfpulver aus irischer Weidemilch (210g) - Markt-XXL","isPartOf":{"@id":"https:\/\/marktxxl.de\/markt\/#website"},"primaryImageOfPage":{"@id":"https:\/\/marktxxl.de\/markt\/produkt\/protero-kefir-whey-protein-isolat-natuerliches-fermentiertes-eiweisspulver-aus-irischer-weidemilch\/#primaryimage"},"image":{"@id":"https:\/\/marktxxl.de\/markt\/produkt\/protero-kefir-whey-protein-isolat-natuerliches-fermentiertes-eiweisspulver-aus-irischer-weidemilch\/#primaryimage"},"thumbnailUrl":"https:\/\/m.media-amazon.com\/images\/I\/41USRM81VnL._SL500_.jpg","datePublished":"2022-12-11T10:49:14+00:00","dateModified":"2023-04-11T03:06:24+00:00","description":"Markt-XXL PROTERO Kefir Whey Protein Isolat - nat\u00fcrliches, fermentiertes Eiwei\u00dfpulver aus irischer Weidemilch (210g)","breadcrumb":{"@id":"https:\/\/marktxxl.de\/markt\/produkt\/protero-kefir-whey-protein-isolat-natuerliches-fermentiertes-eiweisspulver-aus-irischer-weidemilch\/#breadcrumb"},"inLanguage":"de","potentialAction":[{"@type":"ReadAction","target":["https:\/\/marktxxl.de\/markt\/produkt\/protero-kefir-whey-protein-isolat-natuerliches-fermentiertes-eiweisspulver-aus-irischer-weidemilch\/"]}]},{"@type":"ImageObject","inLanguage":"de","@id":"https:\/\/marktxxl.de\/markt\/produkt\/protero-kefir-whey-protein-isolat-natuerliches-fermentiertes-eiweisspulver-aus-irischer-weidemilch\/#primaryimage","url":"https:\/\/m.media-amazon.com\/images\/I\/41USRM81VnL._SL500_.jpg","contentUrl":"https:\/\/m.media-amazon.com\/images\/I\/41USRM81VnL._SL500_.jpg","width":500,"height":500},{"@type":"BreadcrumbList","@id":"https:\/\/marktxxl.de\/markt\/produkt\/protero-kefir-whey-protein-isolat-natuerliches-fermentiertes-eiweisspulver-aus-irischer-weidemilch\/#breadcrumb","itemListElement":[{"@type":"ListItem","position":1,"name":"Startseite","item":"https:\/\/marktxxl.de\/markt\/"},{"@type":"ListItem","position":2,"name":"Markt","item":"https:\/\/marktxxl.de\/markt\/"},{"@type":"ListItem","position":3,"name":"PROTERO Kefir Whey Protein Isolat &#8211; nat\u00fcrliches, fermentiertes Eiwei\u00dfpulver aus irischer Weidemilch (210g)"}]},{"@type":"WebSite","@id":"https:\/\/marktxxl.de\/markt\/#website","url":"https:\/\/marktxxl.de\/markt\/","name":"Markt-XXL","description":"Ihr Markt Online","publisher":{"@id":"https:\/\/marktxxl.de\/markt\/#organization"},"potentialAction":[{"@type":"SearchAction","target":{"@type":"EntryPoint","urlTemplate":"https:\/\/marktxxl.de\/markt\/?s={search_term_string}"},"query-input":{"@type":"PropertyValueSpecification","valueRequired":true,"valueName":"search_term_string"}}],"inLanguage":"de"},{"@type":"Organization","@id":"https:\/\/marktxxl.de\/markt\/#organization","name":"Markt-XXL","url":"https:\/\/marktxxl.de\/markt\/","logo":{"@type":"ImageObject","inLanguage":"de","@id":"https:\/\/marktxxl.de\/markt\/#\/schema\/logo\/image\/","url":"https:\/\/marktxxl.de\/markt\/wp-content\/uploads\/sites\/3\/2020\/12\/logo.png","contentUrl":"https:\/\/marktxxl.de\/markt\/wp-content\/uploads\/sites\/3\/2020\/12\/logo.png","width":200,"height":70,"caption":"Markt-XXL"},"image":{"@id":"https:\/\/marktxxl.de\/markt\/#\/schema\/logo\/image\/"}}]}},"_links":{"self":[{"href":"https:\/\/marktxxl.de\/markt\/wp-json\/wp\/v2\/product\/176853","targetHints":{"allow":["GET"]}}],"collection":[{"href":"https:\/\/marktxxl.de\/markt\/wp-json\/wp\/v2\/product"}],"about":[{"href":"https:\/\/marktxxl.de\/markt\/wp-json\/wp\/v2\/types\/product"}],"replies":[{"embeddable":true,"href":"https:\/\/marktxxl.de\/markt\/wp-json\/wp\/v2\/comments?post=176853"}],"wp:featuredmedia":[{"embeddable":true,"href":"https:\/\/marktxxl.de\/markt\/wp-json\/wp\/v2\/media\/176854"}],"wp:attachment":[{"href":"https:\/\/marktxxl.de\/markt\/wp-json\/wp\/v2\/media?parent=176853"}],"wp:term":[{"taxonomy":"product_brand","embeddable":true,"href":"https:\/\/marktxxl.de\/markt\/wp-json\/wp\/v2\/product_brand?post=176853"},{"taxonomy":"product_cat","embeddable":true,"href":"https:\/\/marktxxl.de\/markt\/wp-json\/wp\/v2\/product_cat?post=176853"},{"taxonomy":"product_tag","embeddable":true,"href":"https:\/\/marktxxl.de\/markt\/wp-json\/wp\/v2\/product_tag?post=176853"}],"curies":[{"name":"wp","href":"https:\/\/api.w.org\/{rel}","templated":true}]}}