{"id":176790,"date":"2022-12-11T11:44:11","date_gmt":"2022-12-11T10:44:11","guid":{"rendered":"https:\/\/marktxxl.de\/markt\/produkt\/clean-clear-microfiber-mikrofaser-reinigungstuch-fuer-kameraobjektiv-brillen-bildschirme-und-alle-objektive-extra-gross-4-100-stueck-2\/"},"modified":"2023-04-11T05:06:22","modified_gmt":"2023-04-11T03:06:22","slug":"clean-clear-microfiber-mikrofaser-reinigungstuch-fuer-kameraobjektiv-brillen-bildschirme-und-alle-objektive-extra-gross-4-100-stueck-2","status":"publish","type":"product","link":"https:\/\/marktxxl.de\/markt\/produkt\/clean-clear-microfiber-mikrofaser-reinigungstuch-fuer-kameraobjektiv-brillen-bildschirme-und-alle-objektive-extra-gross-4-100-stueck-2\/","title":{"rendered":"Clean &amp; Clear Microfiber Mikrofaser-Reinigungstuch f\u00fcr Kameralinse, Brillen, Bildschirme und alle Objektive, extragro\u00df\u2026"},"content":{"rendered":"<p>Ma\u00dfe: ca. 20 x 20 cm, maschinenwaschbar (wiederholt waschbar)<br \/>\nJedes St\u00fcck ist einzeln verpackt in einem hochwertigen Luxus-Papier-Etui \u2013 ideal f\u00fcr Strumpff\u00fcller, Gruppengeschenke und kleine Geschenke.<br \/>\n\u00dcberlegene Reinigungsleistung im Vergleich zu anderen Produkten (streng getestet f\u00fcr sehr hohe Leistung) und entwickelt mit einer positiven elektrostatischen Ladung, um Staub anzuziehen und wiederverwendbar, langlebig, extrem weich und sanft \u2013 siehe Testberichte von COLTS Laboratorien und Kundenrezensionen.<br \/>\nErf\u00fcllt human\u00f6kologische Anforderungen (\u00d6ko-Tex Standard 100 SEVO 100414) \u2013 siehe unser Zertifikat (Textiles Vertrauen)<br \/>\nWir wollen, dass unsere Kunden mit unseren Produkten zufrieden sind. Bitte kontaktieren Sie uns, wenn Sie nicht zufrieden sind. Wir geben Ihnen kostenlosen Ersatz oder volle R\u00fcckerstattung auch \u00fcber die R\u00fcckerstattungszeit.<br \/>\n<div class=\"main-cross-sell\" data-asin=\"B08L6S54DJ\">\n\n\t<div class=\"WooZone-cross-sell-loader\">\n\t\t<div>\n\t\t\t<div id=\"floatingBarsG\">\n\t\t\t\t<div class=\"blockG\" id=\"rotateG_01\"><\/div>\n\t\t\t\t<div class=\"blockG\" id=\"rotateG_02\"><\/div>\n\t\t\t\t<div class=\"blockG\" id=\"rotateG_03\"><\/div>\n\t\t\t\t<div class=\"blockG\" id=\"rotateG_04\"><\/div>\n\t\t\t\t<div class=\"blockG\" id=\"rotateG_05\"><\/div>\n\t\t\t\t<div class=\"blockG\" id=\"rotateG_06\"><\/div>\n\t\t\t\t<div class=\"blockG\" id=\"rotateG_07\"><\/div>\n\t\t\t\t<div class=\"blockG\" id=\"rotateG_08\"><\/div>\n\t\t\t<\/div>\n\t\t\t<div class=\"WooZone-cross-sell-loader-text\"><\/div>\n\t\t<\/div>\n\t<\/div>\n\n\t\t\n<\/div>\n<div style=\"clear:both;\"><\/div><\/p>\n","protected":false},"excerpt":{"rendered":"<p>Ma\u00dfe: ca. 20 x 20 cm, maschinenwaschbar (wiederholt waschbar)<br \/>\nJedes St\u00fcck ist einzeln verpackt in einem hochwertigen Luxus-Papier-Etui \u2013 ideal f\u00fcr Strumpff\u00fcller, Gruppengeschenke und kleine Geschenke.<br \/>\n\u00dcberlegene Reinigungsleistung im Vergleich zu anderen Produkten (streng getestet f\u00fcr sehr hohe Leistung) und entwickelt mit einer positiven elektrostatischen Ladung, um Staub anzuziehen und wiederverwendbar, langlebig, extrem weich und sanft \u2013 siehe Testberichte von COLTS Laboratorien und Kundenrezensionen.<\/p>\n","protected":false},"featured_media":176791,"comment_status":"open","ping_status":"closed","template":"","meta":[],"product_brand":[],"product_cat":[566,5775],"product_tag":[],"class_list":{"0":"post-176790","1":"product","2":"type-product","3":"status-publish","4":"has-post-thumbnail","6":"product_cat-drogerie-koerperpflege","7":"product_cat-kontaktlinsen-brillen","8":"pa_binding-haushaltswaren","9":"pa_brand-clean-clear-microfiber","11":"first","12":"instock","13":"shipping-taxable","14":"purchasable","15":"product-type-simple","16":"customify-col","17":"product-has-gallery"},"yoast_head":"<!-- This site is optimized with the Yoast SEO plugin v27.4 - https:\/\/yoast.com\/product\/yoast-seo-wordpress\/ -->\n<title>Clean &amp; Clear Microfiber Mikrofaser-Reinigungstuch f\u00fcr Kameralinse, Brillen, Bildschirme und alle Objektive, extragro\u00df\u2026 - Markt-XXL<\/title>\n<meta name=\"description\" content=\"Markt-XXL Clean &amp; Clear Microfiber Mikrofaser-Reinigungstuch f\u00fcr Kameralinse, Brillen, Bildschirme und alle Objektive, extragro\u00df\u2026\" \/>\n<meta name=\"robots\" content=\"index, follow, max-snippet:-1, max-image-preview:large, max-video-preview:-1\" \/>\n<link rel=\"canonical\" href=\"https:\/\/marktxxl.de\/markt\/produkt\/clean-clear-microfiber-mikrofaser-reinigungstuch-fuer-kameraobjektiv-brillen-bildschirme-und-alle-objektive-extra-gross-4-100-stueck-2\/\" \/>\n<meta property=\"og:locale\" content=\"de_DE\" \/>\n<meta property=\"og:type\" content=\"article\" \/>\n<meta property=\"og:title\" content=\"Clean &amp; Clear Microfiber Mikrofaser-Reinigungstuch f\u00fcr Kameralinse, Brillen, Bildschirme und alle Objektive, extragro\u00df\u2026 - Markt-XXL\" \/>\n<meta property=\"og:description\" content=\"Markt-XXL Clean &amp; Clear Microfiber Mikrofaser-Reinigungstuch f\u00fcr Kameralinse, Brillen, Bildschirme und alle Objektive, extragro\u00df\u2026\" \/>\n<meta property=\"og:url\" content=\"https:\/\/marktxxl.de\/markt\/produkt\/clean-clear-microfiber-mikrofaser-reinigungstuch-fuer-kameraobjektiv-brillen-bildschirme-und-alle-objektive-extra-gross-4-100-stueck-2\/\" \/>\n<meta property=\"og:site_name\" content=\"Markt-XXL\" \/>\n<meta property=\"article:modified_time\" content=\"2023-04-11T03:06:22+00:00\" \/>\n<meta property=\"og:image\" content=\"https:\/\/m.media-amazon.com\/images\/I\/518++Y-tAlL._SL500_.jpg\" \/>\n\t<meta property=\"og:image:width\" content=\"500\" \/>\n\t<meta property=\"og:image:height\" content=\"461\" \/>\n\t<meta property=\"og:image:type\" content=\"image\/jpeg\" \/>\n<meta name=\"twitter:card\" content=\"summary_large_image\" \/>\n<meta name=\"twitter:label1\" content=\"Gesch\u00e4tzte Lesezeit\" \/>\n\t<meta name=\"twitter:data1\" content=\"1\u00a0Minute\" \/>\n<script type=\"application\/ld+json\" class=\"yoast-schema-graph\">{\"@context\":\"https:\\\/\\\/schema.org\",\"@graph\":[{\"@type\":\"WebPage\",\"@id\":\"https:\\\/\\\/marktxxl.de\\\/markt\\\/produkt\\\/clean-clear-microfiber-mikrofaser-reinigungstuch-fuer-kameraobjektiv-brillen-bildschirme-und-alle-objektive-extra-gross-4-100-stueck-2\\\/\",\"url\":\"https:\\\/\\\/marktxxl.de\\\/markt\\\/produkt\\\/clean-clear-microfiber-mikrofaser-reinigungstuch-fuer-kameraobjektiv-brillen-bildschirme-und-alle-objektive-extra-gross-4-100-stueck-2\\\/\",\"name\":\"Clean &amp; Clear Microfiber Mikrofaser-Reinigungstuch f\u00fcr Kameralinse, Brillen, Bildschirme und alle Objektive, extragro\u00df\u2026 - Markt-XXL\",\"isPartOf\":{\"@id\":\"https:\\\/\\\/marktxxl.de\\\/markt\\\/#website\"},\"primaryImageOfPage\":{\"@id\":\"https:\\\/\\\/marktxxl.de\\\/markt\\\/produkt\\\/clean-clear-microfiber-mikrofaser-reinigungstuch-fuer-kameraobjektiv-brillen-bildschirme-und-alle-objektive-extra-gross-4-100-stueck-2\\\/#primaryimage\"},\"image\":{\"@id\":\"https:\\\/\\\/marktxxl.de\\\/markt\\\/produkt\\\/clean-clear-microfiber-mikrofaser-reinigungstuch-fuer-kameraobjektiv-brillen-bildschirme-und-alle-objektive-extra-gross-4-100-stueck-2\\\/#primaryimage\"},\"thumbnailUrl\":\"https:\\\/\\\/m.media-amazon.com\\\/images\\\/I\\\/518++Y-tAlL._SL500_.jpg\",\"datePublished\":\"2022-12-11T10:44:11+00:00\",\"dateModified\":\"2023-04-11T03:06:22+00:00\",\"description\":\"Markt-XXL Clean &amp; Clear Microfiber Mikrofaser-Reinigungstuch f\u00fcr Kameralinse, Brillen, Bildschirme und alle Objektive, extragro\u00df\u2026\",\"breadcrumb\":{\"@id\":\"https:\\\/\\\/marktxxl.de\\\/markt\\\/produkt\\\/clean-clear-microfiber-mikrofaser-reinigungstuch-fuer-kameraobjektiv-brillen-bildschirme-und-alle-objektive-extra-gross-4-100-stueck-2\\\/#breadcrumb\"},\"inLanguage\":\"de\",\"potentialAction\":[{\"@type\":\"ReadAction\",\"target\":[\"https:\\\/\\\/marktxxl.de\\\/markt\\\/produkt\\\/clean-clear-microfiber-mikrofaser-reinigungstuch-fuer-kameraobjektiv-brillen-bildschirme-und-alle-objektive-extra-gross-4-100-stueck-2\\\/\"]}]},{\"@type\":\"ImageObject\",\"inLanguage\":\"de\",\"@id\":\"https:\\\/\\\/marktxxl.de\\\/markt\\\/produkt\\\/clean-clear-microfiber-mikrofaser-reinigungstuch-fuer-kameraobjektiv-brillen-bildschirme-und-alle-objektive-extra-gross-4-100-stueck-2\\\/#primaryimage\",\"url\":\"https:\\\/\\\/m.media-amazon.com\\\/images\\\/I\\\/518++Y-tAlL._SL500_.jpg\",\"contentUrl\":\"https:\\\/\\\/m.media-amazon.com\\\/images\\\/I\\\/518++Y-tAlL._SL500_.jpg\",\"width\":500,\"height\":461},{\"@type\":\"BreadcrumbList\",\"@id\":\"https:\\\/\\\/marktxxl.de\\\/markt\\\/produkt\\\/clean-clear-microfiber-mikrofaser-reinigungstuch-fuer-kameraobjektiv-brillen-bildschirme-und-alle-objektive-extra-gross-4-100-stueck-2\\\/#breadcrumb\",\"itemListElement\":[{\"@type\":\"ListItem\",\"position\":1,\"name\":\"Startseite\",\"item\":\"https:\\\/\\\/marktxxl.de\\\/markt\\\/\"},{\"@type\":\"ListItem\",\"position\":2,\"name\":\"Markt\",\"item\":\"https:\\\/\\\/marktxxl.de\\\/markt\\\/\"},{\"@type\":\"ListItem\",\"position\":3,\"name\":\"Clean &amp; Clear Microfiber Mikrofaser-Reinigungstuch f\u00fcr Kameralinse, Brillen, Bildschirme und alle Objektive, extragro\u00df\u2026\"}]},{\"@type\":\"WebSite\",\"@id\":\"https:\\\/\\\/marktxxl.de\\\/markt\\\/#website\",\"url\":\"https:\\\/\\\/marktxxl.de\\\/markt\\\/\",\"name\":\"Markt-XXL\",\"description\":\"Ihr Markt Online\",\"publisher\":{\"@id\":\"https:\\\/\\\/marktxxl.de\\\/markt\\\/#organization\"},\"potentialAction\":[{\"@type\":\"SearchAction\",\"target\":{\"@type\":\"EntryPoint\",\"urlTemplate\":\"https:\\\/\\\/marktxxl.de\\\/markt\\\/?s={search_term_string}\"},\"query-input\":{\"@type\":\"PropertyValueSpecification\",\"valueRequired\":true,\"valueName\":\"search_term_string\"}}],\"inLanguage\":\"de\"},{\"@type\":\"Organization\",\"@id\":\"https:\\\/\\\/marktxxl.de\\\/markt\\\/#organization\",\"name\":\"Markt-XXL\",\"url\":\"https:\\\/\\\/marktxxl.de\\\/markt\\\/\",\"logo\":{\"@type\":\"ImageObject\",\"inLanguage\":\"de\",\"@id\":\"https:\\\/\\\/marktxxl.de\\\/markt\\\/#\\\/schema\\\/logo\\\/image\\\/\",\"url\":\"https:\\\/\\\/marktxxl.de\\\/markt\\\/wp-content\\\/uploads\\\/sites\\\/3\\\/2020\\\/12\\\/logo.png\",\"contentUrl\":\"https:\\\/\\\/marktxxl.de\\\/markt\\\/wp-content\\\/uploads\\\/sites\\\/3\\\/2020\\\/12\\\/logo.png\",\"width\":200,\"height\":70,\"caption\":\"Markt-XXL\"},\"image\":{\"@id\":\"https:\\\/\\\/marktxxl.de\\\/markt\\\/#\\\/schema\\\/logo\\\/image\\\/\"}}]}<\/script>\n<!-- \/ Yoast SEO plugin. -->","yoast_head_json":{"title":"Clean &amp; Clear Microfiber Mikrofaser-Reinigungstuch f\u00fcr Kameralinse, Brillen, Bildschirme und alle Objektive, extragro\u00df\u2026 - Markt-XXL","description":"Markt-XXL Clean &amp; Clear Microfiber Mikrofaser-Reinigungstuch f\u00fcr Kameralinse, Brillen, Bildschirme und alle Objektive, extragro\u00df\u2026","robots":{"index":"index","follow":"follow","max-snippet":"max-snippet:-1","max-image-preview":"max-image-preview:large","max-video-preview":"max-video-preview:-1"},"canonical":"https:\/\/marktxxl.de\/markt\/produkt\/clean-clear-microfiber-mikrofaser-reinigungstuch-fuer-kameraobjektiv-brillen-bildschirme-und-alle-objektive-extra-gross-4-100-stueck-2\/","og_locale":"de_DE","og_type":"article","og_title":"Clean &amp; Clear Microfiber Mikrofaser-Reinigungstuch f\u00fcr Kameralinse, Brillen, Bildschirme und alle Objektive, extragro\u00df\u2026 - Markt-XXL","og_description":"Markt-XXL Clean &amp; Clear Microfiber Mikrofaser-Reinigungstuch f\u00fcr Kameralinse, Brillen, Bildschirme und alle Objektive, extragro\u00df\u2026","og_url":"https:\/\/marktxxl.de\/markt\/produkt\/clean-clear-microfiber-mikrofaser-reinigungstuch-fuer-kameraobjektiv-brillen-bildschirme-und-alle-objektive-extra-gross-4-100-stueck-2\/","og_site_name":"Markt-XXL","article_modified_time":"2023-04-11T03:06:22+00:00","og_image":[{"width":500,"height":461,"url":"https:\/\/m.media-amazon.com\/images\/I\/518++Y-tAlL._SL500_.jpg","type":"image\/jpeg"}],"twitter_card":"summary_large_image","twitter_misc":{"Gesch\u00e4tzte Lesezeit":"1\u00a0Minute"},"schema":{"@context":"https:\/\/schema.org","@graph":[{"@type":"WebPage","@id":"https:\/\/marktxxl.de\/markt\/produkt\/clean-clear-microfiber-mikrofaser-reinigungstuch-fuer-kameraobjektiv-brillen-bildschirme-und-alle-objektive-extra-gross-4-100-stueck-2\/","url":"https:\/\/marktxxl.de\/markt\/produkt\/clean-clear-microfiber-mikrofaser-reinigungstuch-fuer-kameraobjektiv-brillen-bildschirme-und-alle-objektive-extra-gross-4-100-stueck-2\/","name":"Clean &amp; Clear Microfiber Mikrofaser-Reinigungstuch f\u00fcr Kameralinse, Brillen, Bildschirme und alle Objektive, extragro\u00df\u2026 - Markt-XXL","isPartOf":{"@id":"https:\/\/marktxxl.de\/markt\/#website"},"primaryImageOfPage":{"@id":"https:\/\/marktxxl.de\/markt\/produkt\/clean-clear-microfiber-mikrofaser-reinigungstuch-fuer-kameraobjektiv-brillen-bildschirme-und-alle-objektive-extra-gross-4-100-stueck-2\/#primaryimage"},"image":{"@id":"https:\/\/marktxxl.de\/markt\/produkt\/clean-clear-microfiber-mikrofaser-reinigungstuch-fuer-kameraobjektiv-brillen-bildschirme-und-alle-objektive-extra-gross-4-100-stueck-2\/#primaryimage"},"thumbnailUrl":"https:\/\/m.media-amazon.com\/images\/I\/518++Y-tAlL._SL500_.jpg","datePublished":"2022-12-11T10:44:11+00:00","dateModified":"2023-04-11T03:06:22+00:00","description":"Markt-XXL Clean &amp; Clear Microfiber Mikrofaser-Reinigungstuch f\u00fcr Kameralinse, Brillen, Bildschirme und alle Objektive, extragro\u00df\u2026","breadcrumb":{"@id":"https:\/\/marktxxl.de\/markt\/produkt\/clean-clear-microfiber-mikrofaser-reinigungstuch-fuer-kameraobjektiv-brillen-bildschirme-und-alle-objektive-extra-gross-4-100-stueck-2\/#breadcrumb"},"inLanguage":"de","potentialAction":[{"@type":"ReadAction","target":["https:\/\/marktxxl.de\/markt\/produkt\/clean-clear-microfiber-mikrofaser-reinigungstuch-fuer-kameraobjektiv-brillen-bildschirme-und-alle-objektive-extra-gross-4-100-stueck-2\/"]}]},{"@type":"ImageObject","inLanguage":"de","@id":"https:\/\/marktxxl.de\/markt\/produkt\/clean-clear-microfiber-mikrofaser-reinigungstuch-fuer-kameraobjektiv-brillen-bildschirme-und-alle-objektive-extra-gross-4-100-stueck-2\/#primaryimage","url":"https:\/\/m.media-amazon.com\/images\/I\/518++Y-tAlL._SL500_.jpg","contentUrl":"https:\/\/m.media-amazon.com\/images\/I\/518++Y-tAlL._SL500_.jpg","width":500,"height":461},{"@type":"BreadcrumbList","@id":"https:\/\/marktxxl.de\/markt\/produkt\/clean-clear-microfiber-mikrofaser-reinigungstuch-fuer-kameraobjektiv-brillen-bildschirme-und-alle-objektive-extra-gross-4-100-stueck-2\/#breadcrumb","itemListElement":[{"@type":"ListItem","position":1,"name":"Startseite","item":"https:\/\/marktxxl.de\/markt\/"},{"@type":"ListItem","position":2,"name":"Markt","item":"https:\/\/marktxxl.de\/markt\/"},{"@type":"ListItem","position":3,"name":"Clean &amp; Clear Microfiber Mikrofaser-Reinigungstuch f\u00fcr Kameralinse, Brillen, Bildschirme und alle Objektive, extragro\u00df\u2026"}]},{"@type":"WebSite","@id":"https:\/\/marktxxl.de\/markt\/#website","url":"https:\/\/marktxxl.de\/markt\/","name":"Markt-XXL","description":"Ihr Markt Online","publisher":{"@id":"https:\/\/marktxxl.de\/markt\/#organization"},"potentialAction":[{"@type":"SearchAction","target":{"@type":"EntryPoint","urlTemplate":"https:\/\/marktxxl.de\/markt\/?s={search_term_string}"},"query-input":{"@type":"PropertyValueSpecification","valueRequired":true,"valueName":"search_term_string"}}],"inLanguage":"de"},{"@type":"Organization","@id":"https:\/\/marktxxl.de\/markt\/#organization","name":"Markt-XXL","url":"https:\/\/marktxxl.de\/markt\/","logo":{"@type":"ImageObject","inLanguage":"de","@id":"https:\/\/marktxxl.de\/markt\/#\/schema\/logo\/image\/","url":"https:\/\/marktxxl.de\/markt\/wp-content\/uploads\/sites\/3\/2020\/12\/logo.png","contentUrl":"https:\/\/marktxxl.de\/markt\/wp-content\/uploads\/sites\/3\/2020\/12\/logo.png","width":200,"height":70,"caption":"Markt-XXL"},"image":{"@id":"https:\/\/marktxxl.de\/markt\/#\/schema\/logo\/image\/"}}]}},"_links":{"self":[{"href":"https:\/\/marktxxl.de\/markt\/wp-json\/wp\/v2\/product\/176790","targetHints":{"allow":["GET"]}}],"collection":[{"href":"https:\/\/marktxxl.de\/markt\/wp-json\/wp\/v2\/product"}],"about":[{"href":"https:\/\/marktxxl.de\/markt\/wp-json\/wp\/v2\/types\/product"}],"replies":[{"embeddable":true,"href":"https:\/\/marktxxl.de\/markt\/wp-json\/wp\/v2\/comments?post=176790"}],"wp:featuredmedia":[{"embeddable":true,"href":"https:\/\/marktxxl.de\/markt\/wp-json\/wp\/v2\/media\/176791"}],"wp:attachment":[{"href":"https:\/\/marktxxl.de\/markt\/wp-json\/wp\/v2\/media?parent=176790"}],"wp:term":[{"taxonomy":"product_brand","embeddable":true,"href":"https:\/\/marktxxl.de\/markt\/wp-json\/wp\/v2\/product_brand?post=176790"},{"taxonomy":"product_cat","embeddable":true,"href":"https:\/\/marktxxl.de\/markt\/wp-json\/wp\/v2\/product_cat?post=176790"},{"taxonomy":"product_tag","embeddable":true,"href":"https:\/\/marktxxl.de\/markt\/wp-json\/wp\/v2\/product_tag?post=176790"}],"curies":[{"name":"wp","href":"https:\/\/api.w.org\/{rel}","templated":true}]}}