{"id":176774,"date":"2022-12-11T11:43:49","date_gmt":"2022-12-11T10:43:49","guid":{"rendered":"https:\/\/marktxxl.de\/markt\/produkt\/perfect-el\/"},"modified":"2023-04-11T05:06:22","modified_gmt":"2023-04-11T03:06:22","slug":"perfect-el","status":"publish","type":"product","link":"https:\/\/marktxxl.de\/markt\/produkt\/perfect-el\/","title":{"rendered":"Amope Pedi Perfect &#8211; Electronic Foot File Extra Coarse Diamond Crystals Refills, 2 Count by Amope"},"content":{"rendered":"<p>[Anti-Blaulicht] Die Blaulicht-Blockierlinse kann verhindern, dass blaues Licht die Augen irritiert, wodurch ultraviolette Strahlung effektiv blockiert und blaues Licht gefiltert wird. Sie kann eine sch\u00fctzende Rolle in den Augen spielen, insbesondere in der Gruppe, die auf den elektronischen Bildschirm starrt lange arbeitszeiten bieten den ganzen tag schutz, wieder die sch\u00e4dliche wirkung energiereiches sichtbares blaulicht.<br \/>\n[Optimum Fit Frame] Der Rahmen bietet ein flexibles Design mit einer Au\u00dfenerweiterung von 5 bis 30 Grad f\u00fcr ein angenehmes Tragegef\u00fchl sowie eine unvergleichliche Haltbarkeit. Der superleichte und flexible Rahmen ist an Nase und Ohren druckfrei alle Gesichtstypen.<br \/>\n[F\u00fcr besseren Schlaf] Verschiedene Faktoren k\u00f6nnen Ihren Schlaf beeinflussen, einschlie\u00dflich der F\u00fclle an elektronischen Ger\u00e4ten, Sonnenlicht und Blaulicht \u00fcberall. Besserer Schlaf dank gro\u00dfartigem Blaulichtschutz. Machen Sie sich keine Sorgen \u00fcber Augenerm\u00fcdung, verschwommenes Sehen und Kopfschmerzen und sorgen Sie so f\u00fcr ein gutes Schlafgef\u00fchl Nacht!<br \/>\n[Klassisches Design] Fashion Gaming Glasses, f\u00fcr Frauen und M\u00e4nner geeignet, hohe Transparenz der Rahmen, so elegant, dass sie nie aus der Mode kommen.Das klassische Design unterst\u00fctzt die Anpassung der Brille an alle Gesichtstypen, superleichte Materialien und speziell entwickelte Beine bieten zus\u00e4tzlichen Komfort. Sicherstellung eines perfekten Griffs ohne Druck auf den Kopf, auch nach langem Tragen.<br \/>\n[Geeignete Voraussetzungen] Arbeitsbrillen eignen sich f\u00fcr den t\u00e4glichen Gebrauch, f\u00fcrs B\u00fcro, zum Lesen, f\u00fcr Computerspiele usw. Sie eignen sich f\u00fcr die meisten Menschen, insbesondere f\u00fcr l\u00e4ngere Zeit, wenn sie vor dem Computer stehen und es ist langlebig genug, um wiederverwendet zu werden, wirtschaftlich und praktisch.<br \/>\n<div class=\"main-cross-sell\" data-asin=\"B01BY29PCG\">\n\n\t<div class=\"WooZone-cross-sell-loader\">\n\t\t<div>\n\t\t\t<div id=\"floatingBarsG\">\n\t\t\t\t<div class=\"blockG\" id=\"rotateG_01\"><\/div>\n\t\t\t\t<div class=\"blockG\" id=\"rotateG_02\"><\/div>\n\t\t\t\t<div class=\"blockG\" id=\"rotateG_03\"><\/div>\n\t\t\t\t<div class=\"blockG\" id=\"rotateG_04\"><\/div>\n\t\t\t\t<div class=\"blockG\" id=\"rotateG_05\"><\/div>\n\t\t\t\t<div class=\"blockG\" id=\"rotateG_06\"><\/div>\n\t\t\t\t<div class=\"blockG\" id=\"rotateG_07\"><\/div>\n\t\t\t\t<div class=\"blockG\" id=\"rotateG_08\"><\/div>\n\t\t\t<\/div>\n\t\t\t<div class=\"WooZone-cross-sell-loader-text\"><\/div>\n\t\t<\/div>\n\t<\/div>\n\n\t\t\n<\/div>\n<div style=\"clear:both;\"><\/div><\/p>\n","protected":false},"excerpt":{"rendered":"<p>[Anti-Blaulicht] Die Blaulicht-Blockierlinse kann verhindern, dass blaues Licht die Augen irritiert, wodurch ultraviolette Strahlung effektiv blockiert und blaues Licht gefiltert wird. Sie kann eine sch\u00fctzende Rolle in den Augen spielen, insbesondere in der Gruppe, die auf den elektronischen Bildschirm starrt lange arbeitszeiten bieten den ganzen tag schutz, wieder die sch\u00e4dliche wirkung energiereiches sichtbares blaulicht.<br \/>\n[Optimum Fit Frame] Der Rahmen bietet ein flexibles Design mit einer Au\u00dfenerweiterung von 5 bis 30 Grad f\u00fcr ein angenehmes Tragegef\u00fchl sowie eine unvergleichliche Haltbarkeit. Der superleichte und flexible Rahmen ist an Nase und Ohren druckfrei alle Gesichtstypen.<br \/>\n[F\u00fcr besseren Schlaf] Verschiedene Faktoren k\u00f6nnen Ihren Schlaf beeinflussen, einschlie\u00dflich der F\u00fclle an elektronischen Ger\u00e4ten, Sonnenlicht und Blaulicht \u00fcberall. Besserer Schlaf dank gro\u00dfartigem Blaulichtschutz. Machen Sie sich keine Sorgen \u00fcber Augenerm\u00fcdung, verschwommenes Sehen und Kopfschmerzen und sorgen Sie so f\u00fcr ein gutes Schlafgef\u00fchl Nacht!<\/p>\n","protected":false},"featured_media":176775,"comment_status":"open","ping_status":"closed","template":"","meta":[],"product_brand":[],"product_cat":[566,5775],"product_tag":[],"class_list":{"0":"post-176774","1":"product","2":"type-product","3":"status-publish","4":"has-post-thumbnail","6":"product_cat-drogerie-koerperpflege","7":"product_cat-kontaktlinsen-brillen","8":"pa_binding-badartikel","9":"pa_brand-scobuty","10":"pa_color-grau","11":"pa_height-5-zoll","12":"pa_length-10-zoll","13":"pa_manufacturer-scobuty","14":"pa_model-46624","15":"pa_size-2-count-pack-of-1","16":"pa_weight-0-07-pfund","17":"pa_width-1-zoll","19":"first","20":"instock","21":"shipping-taxable","22":"purchasable","23":"product-type-simple","24":"customify-col","25":"product-has-gallery"},"yoast_head":"<!-- This site is optimized with the Yoast SEO plugin v27.3 - https:\/\/yoast.com\/product\/yoast-seo-wordpress\/ -->\n<title>Amope Pedi Perfect - Electronic Foot File Extra Coarse Diamond Crystals Refills, 2 Count by Amope - Markt-XXL<\/title>\n<meta name=\"description\" content=\"Markt-XXL Amope Pedi Perfect - Electronic Foot File Extra Coarse Diamond Crystals Refills, 2 Count by Amope\" \/>\n<meta name=\"robots\" content=\"index, follow, max-snippet:-1, max-image-preview:large, max-video-preview:-1\" \/>\n<link rel=\"canonical\" href=\"https:\/\/marktxxl.de\/markt\/produkt\/perfect-el\/\" \/>\n<meta property=\"og:locale\" content=\"de_DE\" \/>\n<meta property=\"og:type\" content=\"article\" \/>\n<meta property=\"og:title\" content=\"Amope Pedi Perfect - Electronic Foot File Extra Coarse Diamond Crystals Refills, 2 Count by Amope - Markt-XXL\" \/>\n<meta property=\"og:description\" content=\"Markt-XXL Amope Pedi Perfect - Electronic Foot File Extra Coarse Diamond Crystals Refills, 2 Count by Amope\" \/>\n<meta property=\"og:url\" content=\"https:\/\/marktxxl.de\/markt\/produkt\/perfect-el\/\" \/>\n<meta property=\"og:site_name\" content=\"Markt-XXL\" \/>\n<meta property=\"article:modified_time\" content=\"2023-04-11T03:06:22+00:00\" \/>\n<meta property=\"og:image\" content=\"https:\/\/m.media-amazon.com\/images\/I\/41rcuhLs-gL._SL500_.jpg\" \/>\n\t<meta property=\"og:image:width\" content=\"500\" \/>\n\t<meta property=\"og:image:height\" content=\"500\" \/>\n\t<meta property=\"og:image:type\" content=\"image\/jpeg\" \/>\n<meta name=\"twitter:card\" content=\"summary_large_image\" \/>\n<meta name=\"twitter:label1\" content=\"Gesch\u00e4tzte Lesezeit\" \/>\n\t<meta name=\"twitter:data1\" content=\"1\u00a0Minute\" \/>\n<script type=\"application\/ld+json\" class=\"yoast-schema-graph\">{\"@context\":\"https:\\\/\\\/schema.org\",\"@graph\":[{\"@type\":\"WebPage\",\"@id\":\"https:\\\/\\\/marktxxl.de\\\/markt\\\/produkt\\\/perfect-el\\\/\",\"url\":\"https:\\\/\\\/marktxxl.de\\\/markt\\\/produkt\\\/perfect-el\\\/\",\"name\":\"Amope Pedi Perfect - Electronic Foot File Extra Coarse Diamond Crystals Refills, 2 Count by Amope - Markt-XXL\",\"isPartOf\":{\"@id\":\"https:\\\/\\\/marktxxl.de\\\/markt\\\/#website\"},\"primaryImageOfPage\":{\"@id\":\"https:\\\/\\\/marktxxl.de\\\/markt\\\/produkt\\\/perfect-el\\\/#primaryimage\"},\"image\":{\"@id\":\"https:\\\/\\\/marktxxl.de\\\/markt\\\/produkt\\\/perfect-el\\\/#primaryimage\"},\"thumbnailUrl\":\"https:\\\/\\\/m.media-amazon.com\\\/images\\\/I\\\/41rcuhLs-gL._SL500_.jpg\",\"datePublished\":\"2022-12-11T10:43:49+00:00\",\"dateModified\":\"2023-04-11T03:06:22+00:00\",\"description\":\"Markt-XXL Amope Pedi Perfect - Electronic Foot File Extra Coarse Diamond Crystals Refills, 2 Count by Amope\",\"breadcrumb\":{\"@id\":\"https:\\\/\\\/marktxxl.de\\\/markt\\\/produkt\\\/perfect-el\\\/#breadcrumb\"},\"inLanguage\":\"de\",\"potentialAction\":[{\"@type\":\"ReadAction\",\"target\":[\"https:\\\/\\\/marktxxl.de\\\/markt\\\/produkt\\\/perfect-el\\\/\"]}]},{\"@type\":\"ImageObject\",\"inLanguage\":\"de\",\"@id\":\"https:\\\/\\\/marktxxl.de\\\/markt\\\/produkt\\\/perfect-el\\\/#primaryimage\",\"url\":\"https:\\\/\\\/m.media-amazon.com\\\/images\\\/I\\\/41rcuhLs-gL._SL500_.jpg\",\"contentUrl\":\"https:\\\/\\\/m.media-amazon.com\\\/images\\\/I\\\/41rcuhLs-gL._SL500_.jpg\",\"width\":500,\"height\":500},{\"@type\":\"BreadcrumbList\",\"@id\":\"https:\\\/\\\/marktxxl.de\\\/markt\\\/produkt\\\/perfect-el\\\/#breadcrumb\",\"itemListElement\":[{\"@type\":\"ListItem\",\"position\":1,\"name\":\"Startseite\",\"item\":\"https:\\\/\\\/marktxxl.de\\\/markt\\\/\"},{\"@type\":\"ListItem\",\"position\":2,\"name\":\"Markt\",\"item\":\"https:\\\/\\\/marktxxl.de\\\/markt\\\/\"},{\"@type\":\"ListItem\",\"position\":3,\"name\":\"Amope Pedi Perfect &#8211; Electronic Foot File Extra Coarse Diamond Crystals Refills, 2 Count by Amope\"}]},{\"@type\":\"WebSite\",\"@id\":\"https:\\\/\\\/marktxxl.de\\\/markt\\\/#website\",\"url\":\"https:\\\/\\\/marktxxl.de\\\/markt\\\/\",\"name\":\"Markt-XXL\",\"description\":\"Ihr Markt Online\",\"publisher\":{\"@id\":\"https:\\\/\\\/marktxxl.de\\\/markt\\\/#organization\"},\"potentialAction\":[{\"@type\":\"SearchAction\",\"target\":{\"@type\":\"EntryPoint\",\"urlTemplate\":\"https:\\\/\\\/marktxxl.de\\\/markt\\\/?s={search_term_string}\"},\"query-input\":{\"@type\":\"PropertyValueSpecification\",\"valueRequired\":true,\"valueName\":\"search_term_string\"}}],\"inLanguage\":\"de\"},{\"@type\":\"Organization\",\"@id\":\"https:\\\/\\\/marktxxl.de\\\/markt\\\/#organization\",\"name\":\"Markt-XXL\",\"url\":\"https:\\\/\\\/marktxxl.de\\\/markt\\\/\",\"logo\":{\"@type\":\"ImageObject\",\"inLanguage\":\"de\",\"@id\":\"https:\\\/\\\/marktxxl.de\\\/markt\\\/#\\\/schema\\\/logo\\\/image\\\/\",\"url\":\"https:\\\/\\\/marktxxl.de\\\/markt\\\/wp-content\\\/uploads\\\/sites\\\/3\\\/2020\\\/12\\\/logo.png\",\"contentUrl\":\"https:\\\/\\\/marktxxl.de\\\/markt\\\/wp-content\\\/uploads\\\/sites\\\/3\\\/2020\\\/12\\\/logo.png\",\"width\":200,\"height\":70,\"caption\":\"Markt-XXL\"},\"image\":{\"@id\":\"https:\\\/\\\/marktxxl.de\\\/markt\\\/#\\\/schema\\\/logo\\\/image\\\/\"}}]}<\/script>\n<!-- \/ Yoast SEO plugin. -->","yoast_head_json":{"title":"Amope Pedi Perfect - Electronic Foot File Extra Coarse Diamond Crystals Refills, 2 Count by Amope - Markt-XXL","description":"Markt-XXL Amope Pedi Perfect - Electronic Foot File Extra Coarse Diamond Crystals Refills, 2 Count by Amope","robots":{"index":"index","follow":"follow","max-snippet":"max-snippet:-1","max-image-preview":"max-image-preview:large","max-video-preview":"max-video-preview:-1"},"canonical":"https:\/\/marktxxl.de\/markt\/produkt\/perfect-el\/","og_locale":"de_DE","og_type":"article","og_title":"Amope Pedi Perfect - Electronic Foot File Extra Coarse Diamond Crystals Refills, 2 Count by Amope - Markt-XXL","og_description":"Markt-XXL Amope Pedi Perfect - Electronic Foot File Extra Coarse Diamond Crystals Refills, 2 Count by Amope","og_url":"https:\/\/marktxxl.de\/markt\/produkt\/perfect-el\/","og_site_name":"Markt-XXL","article_modified_time":"2023-04-11T03:06:22+00:00","og_image":[{"width":500,"height":500,"url":"https:\/\/m.media-amazon.com\/images\/I\/41rcuhLs-gL._SL500_.jpg","type":"image\/jpeg"}],"twitter_card":"summary_large_image","twitter_misc":{"Gesch\u00e4tzte Lesezeit":"1\u00a0Minute"},"schema":{"@context":"https:\/\/schema.org","@graph":[{"@type":"WebPage","@id":"https:\/\/marktxxl.de\/markt\/produkt\/perfect-el\/","url":"https:\/\/marktxxl.de\/markt\/produkt\/perfect-el\/","name":"Amope Pedi Perfect - Electronic Foot File Extra Coarse Diamond Crystals Refills, 2 Count by Amope - Markt-XXL","isPartOf":{"@id":"https:\/\/marktxxl.de\/markt\/#website"},"primaryImageOfPage":{"@id":"https:\/\/marktxxl.de\/markt\/produkt\/perfect-el\/#primaryimage"},"image":{"@id":"https:\/\/marktxxl.de\/markt\/produkt\/perfect-el\/#primaryimage"},"thumbnailUrl":"https:\/\/m.media-amazon.com\/images\/I\/41rcuhLs-gL._SL500_.jpg","datePublished":"2022-12-11T10:43:49+00:00","dateModified":"2023-04-11T03:06:22+00:00","description":"Markt-XXL Amope Pedi Perfect - Electronic Foot File Extra Coarse Diamond Crystals Refills, 2 Count by Amope","breadcrumb":{"@id":"https:\/\/marktxxl.de\/markt\/produkt\/perfect-el\/#breadcrumb"},"inLanguage":"de","potentialAction":[{"@type":"ReadAction","target":["https:\/\/marktxxl.de\/markt\/produkt\/perfect-el\/"]}]},{"@type":"ImageObject","inLanguage":"de","@id":"https:\/\/marktxxl.de\/markt\/produkt\/perfect-el\/#primaryimage","url":"https:\/\/m.media-amazon.com\/images\/I\/41rcuhLs-gL._SL500_.jpg","contentUrl":"https:\/\/m.media-amazon.com\/images\/I\/41rcuhLs-gL._SL500_.jpg","width":500,"height":500},{"@type":"BreadcrumbList","@id":"https:\/\/marktxxl.de\/markt\/produkt\/perfect-el\/#breadcrumb","itemListElement":[{"@type":"ListItem","position":1,"name":"Startseite","item":"https:\/\/marktxxl.de\/markt\/"},{"@type":"ListItem","position":2,"name":"Markt","item":"https:\/\/marktxxl.de\/markt\/"},{"@type":"ListItem","position":3,"name":"Amope Pedi Perfect &#8211; Electronic Foot File Extra Coarse Diamond Crystals Refills, 2 Count by Amope"}]},{"@type":"WebSite","@id":"https:\/\/marktxxl.de\/markt\/#website","url":"https:\/\/marktxxl.de\/markt\/","name":"Markt-XXL","description":"Ihr Markt Online","publisher":{"@id":"https:\/\/marktxxl.de\/markt\/#organization"},"potentialAction":[{"@type":"SearchAction","target":{"@type":"EntryPoint","urlTemplate":"https:\/\/marktxxl.de\/markt\/?s={search_term_string}"},"query-input":{"@type":"PropertyValueSpecification","valueRequired":true,"valueName":"search_term_string"}}],"inLanguage":"de"},{"@type":"Organization","@id":"https:\/\/marktxxl.de\/markt\/#organization","name":"Markt-XXL","url":"https:\/\/marktxxl.de\/markt\/","logo":{"@type":"ImageObject","inLanguage":"de","@id":"https:\/\/marktxxl.de\/markt\/#\/schema\/logo\/image\/","url":"https:\/\/marktxxl.de\/markt\/wp-content\/uploads\/sites\/3\/2020\/12\/logo.png","contentUrl":"https:\/\/marktxxl.de\/markt\/wp-content\/uploads\/sites\/3\/2020\/12\/logo.png","width":200,"height":70,"caption":"Markt-XXL"},"image":{"@id":"https:\/\/marktxxl.de\/markt\/#\/schema\/logo\/image\/"}}]}},"_links":{"self":[{"href":"https:\/\/marktxxl.de\/markt\/wp-json\/wp\/v2\/product\/176774","targetHints":{"allow":["GET"]}}],"collection":[{"href":"https:\/\/marktxxl.de\/markt\/wp-json\/wp\/v2\/product"}],"about":[{"href":"https:\/\/marktxxl.de\/markt\/wp-json\/wp\/v2\/types\/product"}],"replies":[{"embeddable":true,"href":"https:\/\/marktxxl.de\/markt\/wp-json\/wp\/v2\/comments?post=176774"}],"wp:featuredmedia":[{"embeddable":true,"href":"https:\/\/marktxxl.de\/markt\/wp-json\/wp\/v2\/media\/176775"}],"wp:attachment":[{"href":"https:\/\/marktxxl.de\/markt\/wp-json\/wp\/v2\/media?parent=176774"}],"wp:term":[{"taxonomy":"product_brand","embeddable":true,"href":"https:\/\/marktxxl.de\/markt\/wp-json\/wp\/v2\/product_brand?post=176774"},{"taxonomy":"product_cat","embeddable":true,"href":"https:\/\/marktxxl.de\/markt\/wp-json\/wp\/v2\/product_cat?post=176774"},{"taxonomy":"product_tag","embeddable":true,"href":"https:\/\/marktxxl.de\/markt\/wp-json\/wp\/v2\/product_tag?post=176774"}],"curies":[{"name":"wp","href":"https:\/\/api.w.org\/{rel}","templated":true}]}}