{"id":176668,"date":"2022-12-11T11:38:49","date_gmt":"2022-12-11T10:38:49","guid":{"rendered":"https:\/\/marktxxl.de\/markt\/produkt\/mazejo-schlafmaske2er-pack-augenmasken-eisseide-baumwolle%ef%bc%8c3d-schlafmaske-nur-28-g-augenmaske-traegern-vollstaendige-verdunkelungs-augenmaske-mit-ohrstoepseln-perfekt-fuer-reisen-nickerch\/"},"modified":"2023-04-11T05:05:39","modified_gmt":"2023-04-11T03:05:39","slug":"mazejo-schlafmaske2er-pack-augenmasken-eisseide-baumwolle%ef%bc%8c3d-schlafmaske-nur-28-g-augenmaske-traegern-vollstaendige-verdunkelungs-augenmaske-mit-ohrstoepseln-perfekt-fuer-reisen-nickerch","status":"publish","type":"product","link":"https:\/\/marktxxl.de\/markt\/produkt\/mazejo-schlafmaske2er-pack-augenmasken-eisseide-baumwolle%ef%bc%8c3d-schlafmaske-nur-28-g-augenmaske-traegern-vollstaendige-verdunkelungs-augenmaske-mit-ohrstoepseln-perfekt-fuer-reisen-nickerch\/","title":{"rendered":"MAZEJO Schlafmaske,2er-Pack Augenmasken Eisseide, Baumwolle\uff0c3D-Schlafmaske nur 28 g, Augenmaske Tr\u00e4gern, vollst\u00e4ndige\u2026"},"content":{"rendered":"<p>\u3010Vollst\u00e4ndige Dunkelheit\u3011 Die weichen Fl\u00fcgelpolster f\u00fcllen die L\u00fccke zwischen Nasenr\u00fccken und Augenmaske vollst\u00e4ndig aus, blockieren effektiv das Au\u00dfenlicht und bringen Sie schnell in eine dunkle Schlafumgebung, sodass Sie bequem schlafen k\u00f6nnen.<br \/>\n\u3010Mit Ohrst\u00f6pseln\u3011 &#8211; Als einer der Menschen, die fr\u00fcher unter Schlaflosigkeit litten, wei\u00df der Designer genau, was Ihnen fehlt, die Augenmaske gibt Ihnen die perfekte Dunkelheit und die Ohrst\u00f6psel geben Ihnen eine friedliche Umgebung.<br \/>\n\u3010Komfortabel und hautfreundlich\u3011 2 Schlafaugenmasken, eine Memory-Schaumstoff ist bequem und weich und eine Eisseiden-Baumwolle ist seidig und hautfreundlich. Bequem und atmungsaktiv, die Textur ist leicht, wie die Brise, die Ihr Gesicht streichelt, und gibt Ihnen ein besseres Erlebnis.<br \/>\n\u3010Elastisches verstellbares Gummiband\u3011 Mit dem elastischen Schieber kann das elastische Stirnband je nach Kopfumfang auf die am besten geeignete Position eingestellt werden. Dadurch wird der Druck von Ihrem Hinterkopf genommen und die Maske f\u00fcr einen erholsamen Schlaf an Ihrem Gesicht befestigt.<br \/>\n\u3010Erstklassige Handarbeit\u3011 Diese Schlafmaske ist mit Pr\u00e4zisionsschnitt und Handn\u00e4hfaden hergestellt, der langlebig und nicht verformt ist, und die Randn\u00e4hte sind stark und nicht leicht zu knacken. Dar\u00fcber hinaus ist das Material der Schlafmaske 100 % sicher und umweltfreundlich.<br \/>\n\u3010Warum MAZEJO Markenschlafmaske w\u00e4hlen? ] Wir sind ein Unternehmen, das sich der Verbesserung der Schlafqualit\u00e4t verschrieben hat. Wenn Sie nicht zufrieden sind, versprechen wir, unser Bestes zu tun, um Ihr Problem zu l\u00f6sen. Bitte z\u00f6gern Sie nicht, uns zu kontaktieren, wir werden innerhalb von 24 Stunden antworten.<br \/>\n<div class=\"main-cross-sell\" data-asin=\"B0BG8BG586\">\n\n\t<div class=\"WooZone-cross-sell-loader\">\n\t\t<div>\n\t\t\t<div id=\"floatingBarsG\">\n\t\t\t\t<div class=\"blockG\" id=\"rotateG_01\"><\/div>\n\t\t\t\t<div class=\"blockG\" id=\"rotateG_02\"><\/div>\n\t\t\t\t<div class=\"blockG\" id=\"rotateG_03\"><\/div>\n\t\t\t\t<div class=\"blockG\" id=\"rotateG_04\"><\/div>\n\t\t\t\t<div class=\"blockG\" id=\"rotateG_05\"><\/div>\n\t\t\t\t<div class=\"blockG\" id=\"rotateG_06\"><\/div>\n\t\t\t\t<div class=\"blockG\" id=\"rotateG_07\"><\/div>\n\t\t\t\t<div class=\"blockG\" id=\"rotateG_08\"><\/div>\n\t\t\t<\/div>\n\t\t\t<div class=\"WooZone-cross-sell-loader-text\"><\/div>\n\t\t<\/div>\n\t<\/div>\n\n\t\t\n<\/div>\n<div style=\"clear:both;\"><\/div><\/p>\n","protected":false},"excerpt":{"rendered":"<p>\u3010Vollst\u00e4ndige Dunkelheit\u3011 Die weichen Fl\u00fcgelpolster f\u00fcllen die L\u00fccke zwischen Nasenr\u00fccken und Augenmaske vollst\u00e4ndig aus, blockieren effektiv das Au\u00dfenlicht und bringen Sie schnell in eine dunkle Schlafumgebung, sodass Sie bequem schlafen k\u00f6nnen.<br \/>\n\u3010Mit Ohrst\u00f6pseln\u3011 &#8211; Als einer der Menschen, die fr\u00fcher unter Schlaflosigkeit litten, wei\u00df der Designer genau, was Ihnen fehlt, die Augenmaske gibt Ihnen die perfekte Dunkelheit und die Ohrst\u00f6psel geben Ihnen eine friedliche Umgebung.<br \/>\n\u3010Komfortabel und hautfreundlich\u3011 2 Schlafaugenmasken, eine Memory-Schaumstoff ist bequem und weich und eine Eisseiden-Baumwolle ist seidig und hautfreundlich. Bequem und atmungsaktiv, die Textur ist leicht, wie die Brise, die Ihr Gesicht streichelt, und gibt Ihnen ein besseres Erlebnis.<\/p>\n","protected":false},"featured_media":176669,"comment_status":"open","ping_status":"closed","template":"","meta":[],"product_brand":[],"product_cat":[566],"product_tag":[],"class_list":{"0":"post-176668","1":"product","2":"type-product","3":"status-publish","4":"has-post-thumbnail","6":"product_cat-drogerie-koerperpflege","7":"pa_brand-mazejo","8":"pa_manufacturer-mazejo","10":"first","11":"instock","12":"shipping-taxable","13":"purchasable","14":"product-type-simple","15":"customify-col","16":"product-has-gallery"},"yoast_head":"<!-- This site is optimized with the Yoast SEO plugin v27.4 - https:\/\/yoast.com\/product\/yoast-seo-wordpress\/ -->\n<title>MAZEJO Schlafmaske,2er-Pack Augenmasken Eisseide, Baumwolle\uff0c3D-Schlafmaske nur 28 g, Augenmaske Tr\u00e4gern, vollst\u00e4ndige\u2026 - Markt-XXL<\/title>\n<meta name=\"description\" content=\"Markt-XXL MAZEJO Schlafmaske,2er-Pack Augenmasken Eisseide, Baumwolle\uff0c3D-Schlafmaske nur 28 g, Augenmaske Tr\u00e4gern, vollst\u00e4ndige\u2026\" \/>\n<meta name=\"robots\" content=\"index, follow, max-snippet:-1, max-image-preview:large, max-video-preview:-1\" \/>\n<link rel=\"canonical\" href=\"https:\/\/marktxxl.de\/markt\/produkt\/mazejo-schlafmaske2er-pack-augenmasken-eisseide-baumwolle\uff0c3d-schlafmaske-nur-28-g-augenmaske-traegern-vollstaendige-verdunkelungs-augenmaske-mit-ohrstoepseln-perfekt-fuer-reisen-nickerch\/\" \/>\n<meta property=\"og:locale\" content=\"de_DE\" \/>\n<meta property=\"og:type\" content=\"article\" \/>\n<meta property=\"og:title\" content=\"MAZEJO Schlafmaske,2er-Pack Augenmasken Eisseide, Baumwolle\uff0c3D-Schlafmaske nur 28 g, Augenmaske Tr\u00e4gern, vollst\u00e4ndige\u2026 - Markt-XXL\" \/>\n<meta property=\"og:description\" content=\"Markt-XXL MAZEJO Schlafmaske,2er-Pack Augenmasken Eisseide, Baumwolle\uff0c3D-Schlafmaske nur 28 g, Augenmaske Tr\u00e4gern, vollst\u00e4ndige\u2026\" \/>\n<meta property=\"og:url\" content=\"https:\/\/marktxxl.de\/markt\/produkt\/mazejo-schlafmaske2er-pack-augenmasken-eisseide-baumwolle\uff0c3d-schlafmaske-nur-28-g-augenmaske-traegern-vollstaendige-verdunkelungs-augenmaske-mit-ohrstoepseln-perfekt-fuer-reisen-nickerch\/\" \/>\n<meta property=\"og:site_name\" content=\"Markt-XXL\" \/>\n<meta property=\"article:modified_time\" content=\"2023-04-11T03:05:39+00:00\" \/>\n<meta property=\"og:image\" content=\"https:\/\/m.media-amazon.com\/images\/I\/31LdGZJW9EL._SL500_.jpg\" \/>\n\t<meta property=\"og:image:width\" content=\"333\" \/>\n\t<meta property=\"og:image:height\" content=\"500\" \/>\n\t<meta property=\"og:image:type\" content=\"image\/jpeg\" \/>\n<meta name=\"twitter:card\" content=\"summary_large_image\" \/>\n<meta name=\"twitter:label1\" content=\"Gesch\u00e4tzte Lesezeit\" \/>\n\t<meta name=\"twitter:data1\" content=\"1\u00a0Minute\" \/>\n<script type=\"application\/ld+json\" class=\"yoast-schema-graph\">{\"@context\":\"https:\\\/\\\/schema.org\",\"@graph\":[{\"@type\":\"WebPage\",\"@id\":\"https:\\\/\\\/marktxxl.de\\\/markt\\\/produkt\\\/mazejo-schlafmaske2er-pack-augenmasken-eisseide-baumwolle%ef%bc%8c3d-schlafmaske-nur-28-g-augenmaske-traegern-vollstaendige-verdunkelungs-augenmaske-mit-ohrstoepseln-perfekt-fuer-reisen-nickerch\\\/\",\"url\":\"https:\\\/\\\/marktxxl.de\\\/markt\\\/produkt\\\/mazejo-schlafmaske2er-pack-augenmasken-eisseide-baumwolle%ef%bc%8c3d-schlafmaske-nur-28-g-augenmaske-traegern-vollstaendige-verdunkelungs-augenmaske-mit-ohrstoepseln-perfekt-fuer-reisen-nickerch\\\/\",\"name\":\"MAZEJO Schlafmaske,2er-Pack Augenmasken Eisseide, Baumwolle\uff0c3D-Schlafmaske nur 28 g, Augenmaske Tr\u00e4gern, vollst\u00e4ndige\u2026 - Markt-XXL\",\"isPartOf\":{\"@id\":\"https:\\\/\\\/marktxxl.de\\\/markt\\\/#website\"},\"primaryImageOfPage\":{\"@id\":\"https:\\\/\\\/marktxxl.de\\\/markt\\\/produkt\\\/mazejo-schlafmaske2er-pack-augenmasken-eisseide-baumwolle%ef%bc%8c3d-schlafmaske-nur-28-g-augenmaske-traegern-vollstaendige-verdunkelungs-augenmaske-mit-ohrstoepseln-perfekt-fuer-reisen-nickerch\\\/#primaryimage\"},\"image\":{\"@id\":\"https:\\\/\\\/marktxxl.de\\\/markt\\\/produkt\\\/mazejo-schlafmaske2er-pack-augenmasken-eisseide-baumwolle%ef%bc%8c3d-schlafmaske-nur-28-g-augenmaske-traegern-vollstaendige-verdunkelungs-augenmaske-mit-ohrstoepseln-perfekt-fuer-reisen-nickerch\\\/#primaryimage\"},\"thumbnailUrl\":\"https:\\\/\\\/m.media-amazon.com\\\/images\\\/I\\\/31LdGZJW9EL._SL500_.jpg\",\"datePublished\":\"2022-12-11T10:38:49+00:00\",\"dateModified\":\"2023-04-11T03:05:39+00:00\",\"description\":\"Markt-XXL MAZEJO Schlafmaske,2er-Pack Augenmasken Eisseide, Baumwolle\uff0c3D-Schlafmaske nur 28 g, Augenmaske Tr\u00e4gern, vollst\u00e4ndige\u2026\",\"breadcrumb\":{\"@id\":\"https:\\\/\\\/marktxxl.de\\\/markt\\\/produkt\\\/mazejo-schlafmaske2er-pack-augenmasken-eisseide-baumwolle%ef%bc%8c3d-schlafmaske-nur-28-g-augenmaske-traegern-vollstaendige-verdunkelungs-augenmaske-mit-ohrstoepseln-perfekt-fuer-reisen-nickerch\\\/#breadcrumb\"},\"inLanguage\":\"de\",\"potentialAction\":[{\"@type\":\"ReadAction\",\"target\":[\"https:\\\/\\\/marktxxl.de\\\/markt\\\/produkt\\\/mazejo-schlafmaske2er-pack-augenmasken-eisseide-baumwolle%ef%bc%8c3d-schlafmaske-nur-28-g-augenmaske-traegern-vollstaendige-verdunkelungs-augenmaske-mit-ohrstoepseln-perfekt-fuer-reisen-nickerch\\\/\"]}]},{\"@type\":\"ImageObject\",\"inLanguage\":\"de\",\"@id\":\"https:\\\/\\\/marktxxl.de\\\/markt\\\/produkt\\\/mazejo-schlafmaske2er-pack-augenmasken-eisseide-baumwolle%ef%bc%8c3d-schlafmaske-nur-28-g-augenmaske-traegern-vollstaendige-verdunkelungs-augenmaske-mit-ohrstoepseln-perfekt-fuer-reisen-nickerch\\\/#primaryimage\",\"url\":\"https:\\\/\\\/m.media-amazon.com\\\/images\\\/I\\\/31LdGZJW9EL._SL500_.jpg\",\"contentUrl\":\"https:\\\/\\\/m.media-amazon.com\\\/images\\\/I\\\/31LdGZJW9EL._SL500_.jpg\",\"width\":333,\"height\":500},{\"@type\":\"BreadcrumbList\",\"@id\":\"https:\\\/\\\/marktxxl.de\\\/markt\\\/produkt\\\/mazejo-schlafmaske2er-pack-augenmasken-eisseide-baumwolle%ef%bc%8c3d-schlafmaske-nur-28-g-augenmaske-traegern-vollstaendige-verdunkelungs-augenmaske-mit-ohrstoepseln-perfekt-fuer-reisen-nickerch\\\/#breadcrumb\",\"itemListElement\":[{\"@type\":\"ListItem\",\"position\":1,\"name\":\"Startseite\",\"item\":\"https:\\\/\\\/marktxxl.de\\\/markt\\\/\"},{\"@type\":\"ListItem\",\"position\":2,\"name\":\"Markt\",\"item\":\"https:\\\/\\\/marktxxl.de\\\/markt\\\/\"},{\"@type\":\"ListItem\",\"position\":3,\"name\":\"MAZEJO Schlafmaske,2er-Pack Augenmasken Eisseide, Baumwolle\uff0c3D-Schlafmaske nur 28 g, Augenmaske Tr\u00e4gern, vollst\u00e4ndige\u2026\"}]},{\"@type\":\"WebSite\",\"@id\":\"https:\\\/\\\/marktxxl.de\\\/markt\\\/#website\",\"url\":\"https:\\\/\\\/marktxxl.de\\\/markt\\\/\",\"name\":\"Markt-XXL\",\"description\":\"Ihr Markt Online\",\"publisher\":{\"@id\":\"https:\\\/\\\/marktxxl.de\\\/markt\\\/#organization\"},\"potentialAction\":[{\"@type\":\"SearchAction\",\"target\":{\"@type\":\"EntryPoint\",\"urlTemplate\":\"https:\\\/\\\/marktxxl.de\\\/markt\\\/?s={search_term_string}\"},\"query-input\":{\"@type\":\"PropertyValueSpecification\",\"valueRequired\":true,\"valueName\":\"search_term_string\"}}],\"inLanguage\":\"de\"},{\"@type\":\"Organization\",\"@id\":\"https:\\\/\\\/marktxxl.de\\\/markt\\\/#organization\",\"name\":\"Markt-XXL\",\"url\":\"https:\\\/\\\/marktxxl.de\\\/markt\\\/\",\"logo\":{\"@type\":\"ImageObject\",\"inLanguage\":\"de\",\"@id\":\"https:\\\/\\\/marktxxl.de\\\/markt\\\/#\\\/schema\\\/logo\\\/image\\\/\",\"url\":\"https:\\\/\\\/marktxxl.de\\\/markt\\\/wp-content\\\/uploads\\\/sites\\\/3\\\/2020\\\/12\\\/logo.png\",\"contentUrl\":\"https:\\\/\\\/marktxxl.de\\\/markt\\\/wp-content\\\/uploads\\\/sites\\\/3\\\/2020\\\/12\\\/logo.png\",\"width\":200,\"height\":70,\"caption\":\"Markt-XXL\"},\"image\":{\"@id\":\"https:\\\/\\\/marktxxl.de\\\/markt\\\/#\\\/schema\\\/logo\\\/image\\\/\"}}]}<\/script>\n<!-- \/ Yoast SEO plugin. -->","yoast_head_json":{"title":"MAZEJO Schlafmaske,2er-Pack Augenmasken Eisseide, Baumwolle\uff0c3D-Schlafmaske nur 28 g, Augenmaske Tr\u00e4gern, vollst\u00e4ndige\u2026 - Markt-XXL","description":"Markt-XXL MAZEJO Schlafmaske,2er-Pack Augenmasken Eisseide, Baumwolle\uff0c3D-Schlafmaske nur 28 g, Augenmaske Tr\u00e4gern, vollst\u00e4ndige\u2026","robots":{"index":"index","follow":"follow","max-snippet":"max-snippet:-1","max-image-preview":"max-image-preview:large","max-video-preview":"max-video-preview:-1"},"canonical":"https:\/\/marktxxl.de\/markt\/produkt\/mazejo-schlafmaske2er-pack-augenmasken-eisseide-baumwolle\uff0c3d-schlafmaske-nur-28-g-augenmaske-traegern-vollstaendige-verdunkelungs-augenmaske-mit-ohrstoepseln-perfekt-fuer-reisen-nickerch\/","og_locale":"de_DE","og_type":"article","og_title":"MAZEJO Schlafmaske,2er-Pack Augenmasken Eisseide, Baumwolle\uff0c3D-Schlafmaske nur 28 g, Augenmaske Tr\u00e4gern, vollst\u00e4ndige\u2026 - Markt-XXL","og_description":"Markt-XXL MAZEJO Schlafmaske,2er-Pack Augenmasken Eisseide, Baumwolle\uff0c3D-Schlafmaske nur 28 g, Augenmaske Tr\u00e4gern, vollst\u00e4ndige\u2026","og_url":"https:\/\/marktxxl.de\/markt\/produkt\/mazejo-schlafmaske2er-pack-augenmasken-eisseide-baumwolle\uff0c3d-schlafmaske-nur-28-g-augenmaske-traegern-vollstaendige-verdunkelungs-augenmaske-mit-ohrstoepseln-perfekt-fuer-reisen-nickerch\/","og_site_name":"Markt-XXL","article_modified_time":"2023-04-11T03:05:39+00:00","og_image":[{"width":333,"height":500,"url":"https:\/\/m.media-amazon.com\/images\/I\/31LdGZJW9EL._SL500_.jpg","type":"image\/jpeg"}],"twitter_card":"summary_large_image","twitter_misc":{"Gesch\u00e4tzte Lesezeit":"1\u00a0Minute"},"schema":{"@context":"https:\/\/schema.org","@graph":[{"@type":"WebPage","@id":"https:\/\/marktxxl.de\/markt\/produkt\/mazejo-schlafmaske2er-pack-augenmasken-eisseide-baumwolle%ef%bc%8c3d-schlafmaske-nur-28-g-augenmaske-traegern-vollstaendige-verdunkelungs-augenmaske-mit-ohrstoepseln-perfekt-fuer-reisen-nickerch\/","url":"https:\/\/marktxxl.de\/markt\/produkt\/mazejo-schlafmaske2er-pack-augenmasken-eisseide-baumwolle%ef%bc%8c3d-schlafmaske-nur-28-g-augenmaske-traegern-vollstaendige-verdunkelungs-augenmaske-mit-ohrstoepseln-perfekt-fuer-reisen-nickerch\/","name":"MAZEJO Schlafmaske,2er-Pack Augenmasken Eisseide, Baumwolle\uff0c3D-Schlafmaske nur 28 g, Augenmaske Tr\u00e4gern, vollst\u00e4ndige\u2026 - Markt-XXL","isPartOf":{"@id":"https:\/\/marktxxl.de\/markt\/#website"},"primaryImageOfPage":{"@id":"https:\/\/marktxxl.de\/markt\/produkt\/mazejo-schlafmaske2er-pack-augenmasken-eisseide-baumwolle%ef%bc%8c3d-schlafmaske-nur-28-g-augenmaske-traegern-vollstaendige-verdunkelungs-augenmaske-mit-ohrstoepseln-perfekt-fuer-reisen-nickerch\/#primaryimage"},"image":{"@id":"https:\/\/marktxxl.de\/markt\/produkt\/mazejo-schlafmaske2er-pack-augenmasken-eisseide-baumwolle%ef%bc%8c3d-schlafmaske-nur-28-g-augenmaske-traegern-vollstaendige-verdunkelungs-augenmaske-mit-ohrstoepseln-perfekt-fuer-reisen-nickerch\/#primaryimage"},"thumbnailUrl":"https:\/\/m.media-amazon.com\/images\/I\/31LdGZJW9EL._SL500_.jpg","datePublished":"2022-12-11T10:38:49+00:00","dateModified":"2023-04-11T03:05:39+00:00","description":"Markt-XXL MAZEJO Schlafmaske,2er-Pack Augenmasken Eisseide, Baumwolle\uff0c3D-Schlafmaske nur 28 g, Augenmaske Tr\u00e4gern, vollst\u00e4ndige\u2026","breadcrumb":{"@id":"https:\/\/marktxxl.de\/markt\/produkt\/mazejo-schlafmaske2er-pack-augenmasken-eisseide-baumwolle%ef%bc%8c3d-schlafmaske-nur-28-g-augenmaske-traegern-vollstaendige-verdunkelungs-augenmaske-mit-ohrstoepseln-perfekt-fuer-reisen-nickerch\/#breadcrumb"},"inLanguage":"de","potentialAction":[{"@type":"ReadAction","target":["https:\/\/marktxxl.de\/markt\/produkt\/mazejo-schlafmaske2er-pack-augenmasken-eisseide-baumwolle%ef%bc%8c3d-schlafmaske-nur-28-g-augenmaske-traegern-vollstaendige-verdunkelungs-augenmaske-mit-ohrstoepseln-perfekt-fuer-reisen-nickerch\/"]}]},{"@type":"ImageObject","inLanguage":"de","@id":"https:\/\/marktxxl.de\/markt\/produkt\/mazejo-schlafmaske2er-pack-augenmasken-eisseide-baumwolle%ef%bc%8c3d-schlafmaske-nur-28-g-augenmaske-traegern-vollstaendige-verdunkelungs-augenmaske-mit-ohrstoepseln-perfekt-fuer-reisen-nickerch\/#primaryimage","url":"https:\/\/m.media-amazon.com\/images\/I\/31LdGZJW9EL._SL500_.jpg","contentUrl":"https:\/\/m.media-amazon.com\/images\/I\/31LdGZJW9EL._SL500_.jpg","width":333,"height":500},{"@type":"BreadcrumbList","@id":"https:\/\/marktxxl.de\/markt\/produkt\/mazejo-schlafmaske2er-pack-augenmasken-eisseide-baumwolle%ef%bc%8c3d-schlafmaske-nur-28-g-augenmaske-traegern-vollstaendige-verdunkelungs-augenmaske-mit-ohrstoepseln-perfekt-fuer-reisen-nickerch\/#breadcrumb","itemListElement":[{"@type":"ListItem","position":1,"name":"Startseite","item":"https:\/\/marktxxl.de\/markt\/"},{"@type":"ListItem","position":2,"name":"Markt","item":"https:\/\/marktxxl.de\/markt\/"},{"@type":"ListItem","position":3,"name":"MAZEJO Schlafmaske,2er-Pack Augenmasken Eisseide, Baumwolle\uff0c3D-Schlafmaske nur 28 g, Augenmaske Tr\u00e4gern, vollst\u00e4ndige\u2026"}]},{"@type":"WebSite","@id":"https:\/\/marktxxl.de\/markt\/#website","url":"https:\/\/marktxxl.de\/markt\/","name":"Markt-XXL","description":"Ihr Markt Online","publisher":{"@id":"https:\/\/marktxxl.de\/markt\/#organization"},"potentialAction":[{"@type":"SearchAction","target":{"@type":"EntryPoint","urlTemplate":"https:\/\/marktxxl.de\/markt\/?s={search_term_string}"},"query-input":{"@type":"PropertyValueSpecification","valueRequired":true,"valueName":"search_term_string"}}],"inLanguage":"de"},{"@type":"Organization","@id":"https:\/\/marktxxl.de\/markt\/#organization","name":"Markt-XXL","url":"https:\/\/marktxxl.de\/markt\/","logo":{"@type":"ImageObject","inLanguage":"de","@id":"https:\/\/marktxxl.de\/markt\/#\/schema\/logo\/image\/","url":"https:\/\/marktxxl.de\/markt\/wp-content\/uploads\/sites\/3\/2020\/12\/logo.png","contentUrl":"https:\/\/marktxxl.de\/markt\/wp-content\/uploads\/sites\/3\/2020\/12\/logo.png","width":200,"height":70,"caption":"Markt-XXL"},"image":{"@id":"https:\/\/marktxxl.de\/markt\/#\/schema\/logo\/image\/"}}]}},"_links":{"self":[{"href":"https:\/\/marktxxl.de\/markt\/wp-json\/wp\/v2\/product\/176668","targetHints":{"allow":["GET"]}}],"collection":[{"href":"https:\/\/marktxxl.de\/markt\/wp-json\/wp\/v2\/product"}],"about":[{"href":"https:\/\/marktxxl.de\/markt\/wp-json\/wp\/v2\/types\/product"}],"replies":[{"embeddable":true,"href":"https:\/\/marktxxl.de\/markt\/wp-json\/wp\/v2\/comments?post=176668"}],"wp:featuredmedia":[{"embeddable":true,"href":"https:\/\/marktxxl.de\/markt\/wp-json\/wp\/v2\/media\/176669"}],"wp:attachment":[{"href":"https:\/\/marktxxl.de\/markt\/wp-json\/wp\/v2\/media?parent=176668"}],"wp:term":[{"taxonomy":"product_brand","embeddable":true,"href":"https:\/\/marktxxl.de\/markt\/wp-json\/wp\/v2\/product_brand?post=176668"},{"taxonomy":"product_cat","embeddable":true,"href":"https:\/\/marktxxl.de\/markt\/wp-json\/wp\/v2\/product_cat?post=176668"},{"taxonomy":"product_tag","embeddable":true,"href":"https:\/\/marktxxl.de\/markt\/wp-json\/wp\/v2\/product_tag?post=176668"}],"curies":[{"name":"wp","href":"https:\/\/api.w.org\/{rel}","templated":true}]}}