{"id":176643,"date":"2022-12-11T11:38:03","date_gmt":"2022-12-11T10:38:03","guid":{"rendered":"https:\/\/marktxxl.de\/markt\/produkt\/private-grief-trauerlicht-als-erinnerung-an-verstorbenen-pusteblume-mit-namensgravur\/"},"modified":"2023-04-11T05:05:39","modified_gmt":"2023-04-11T03:05:39","slug":"private-grief-trauerlicht-als-erinnerung-an-verstorbenen-pusteblume-mit-namensgravur","status":"publish","type":"product","link":"https:\/\/marktxxl.de\/markt\/produkt\/private-grief-trauerlicht-als-erinnerung-an-verstorbenen-pusteblume-mit-namensgravur\/","title":{"rendered":"private grief Trauerlicht als Erinnerung an Verstorbenen &#8211; Pusteblume &#8211; mit Namensgravur Schwarz"},"content":{"rendered":"<p>Trauerlicht &#8211; Dieser Teelichthalter besteht aus Glas mit einer matten Oberfl\u00e4che. Das Innere des Kerzenbeckers ist golden. Durch die Gravur gelangt dieser Schimmer nach au\u00dfen bei Kerzenschein. Ein sch\u00f6ner Effekt bei flackernden Licht.<br \/>\nTrauerspruch &#8211; Neben der Pustblume gravieren wir auf das schwarze Glas den Spruch \u201eWas bleibt, wenn alles Verg\u00e4ngliche geht, ist die Liebe\u201c. Denn auch wenn es in den Stunden tiefster Trauer unm\u00f6glich scheint, die Liebe heilt und die Erinnerung bleibt.<br \/>\nPersonalisiert &#8211; Wir gravieren den Namen und ein Datum unter den Gedenkspruch bzw. die Pusteblumen. Nat\u00fcrlich k\u00f6nnen Sie auch die Lebensdaten in Jahreszahlen nehmen. Die Daten geben Sie bitte unter den Personalisierungsbutton ein.<br \/>\nKondolenz &#8211; Wenn man zu einer Beerdigung geht und den Hinterbliebenen statt Blumen oder Karten etwas pers\u00f6nliches \u00fcberreichen m\u00f6chte, dann ist dieses Gedenklicht eine sch\u00f6ne Gabe, die Trost spenden wird.<br \/>\nSchnelle Lieferung &#8211; Damit der Teelichthalter mit Gravur schnell bei Ihnen zu Hause ist, produzieren und liefern wir binnen weniger Tage. Der schwarze Becher ist ca. 12 cm x 8,5 cm x 27 cm ( H \/ \u00d8 \/ U ) gro\u00df und der wei\u00dfe 11 x 9 cm ( H \/ \u00d8 ).<br \/>\n<div class=\"main-cross-sell\" data-asin=\"B08QDVTQ7C\">\n\n\t<div class=\"WooZone-cross-sell-loader\">\n\t\t<div>\n\t\t\t<div id=\"floatingBarsG\">\n\t\t\t\t<div class=\"blockG\" id=\"rotateG_01\"><\/div>\n\t\t\t\t<div class=\"blockG\" id=\"rotateG_02\"><\/div>\n\t\t\t\t<div class=\"blockG\" id=\"rotateG_03\"><\/div>\n\t\t\t\t<div class=\"blockG\" id=\"rotateG_04\"><\/div>\n\t\t\t\t<div class=\"blockG\" id=\"rotateG_05\"><\/div>\n\t\t\t\t<div class=\"blockG\" id=\"rotateG_06\"><\/div>\n\t\t\t\t<div class=\"blockG\" id=\"rotateG_07\"><\/div>\n\t\t\t\t<div class=\"blockG\" id=\"rotateG_08\"><\/div>\n\t\t\t<\/div>\n\t\t\t<div class=\"WooZone-cross-sell-loader-text\"><\/div>\n\t\t<\/div>\n\t<\/div>\n\n\t\t\n<\/div>\n<div style=\"clear:both;\"><\/div><\/p>\n","protected":false},"excerpt":{"rendered":"<p>Trauerlicht &#8211; Dieser Teelichthalter besteht aus Glas mit einer matten Oberfl\u00e4che. Das Innere des Kerzenbeckers ist golden. Durch die Gravur gelangt dieser Schimmer nach au\u00dfen bei Kerzenschein. Ein sch\u00f6ner Effekt bei flackernden Licht.<br \/>\nTrauerspruch &#8211; Neben der Pustblume gravieren wir auf das schwarze Glas den Spruch \u201eWas bleibt, wenn alles Verg\u00e4ngliche geht, ist die Liebe\u201c. Denn auch wenn es in den Stunden tiefster Trauer unm\u00f6glich scheint, die Liebe heilt und die Erinnerung bleibt.<br \/>\nPersonalisiert &#8211; Wir gravieren den Namen und ein Datum unter den Gedenkspruch bzw. die Pusteblumen. Nat\u00fcrlich k\u00f6nnen Sie auch die Lebensdaten in Jahreszahlen nehmen. Die Daten geben Sie bitte unter den Personalisierungsbutton ein.<\/p>\n","protected":false},"featured_media":176644,"comment_status":"open","ping_status":"closed","template":"","meta":[],"product_brand":[],"product_cat":[566],"product_tag":[],"class_list":{"0":"post-176643","1":"product","2":"type-product","3":"status-publish","4":"has-post-thumbnail","6":"product_cat-drogerie-koerperpflege","7":"pa_brand-private-grief","8":"pa_manufacturer-private-grief","10":"first","11":"instock","12":"shipping-taxable","13":"purchasable","14":"product-type-simple","15":"customify-col","16":"product-has-gallery"},"yoast_head":"<!-- This site is optimized with the Yoast SEO plugin v27.4 - https:\/\/yoast.com\/product\/yoast-seo-wordpress\/ -->\n<title>private grief Trauerlicht als Erinnerung an Verstorbenen - Pusteblume - mit Namensgravur Schwarz - Markt-XXL<\/title>\n<meta name=\"description\" content=\"Markt-XXL private grief Trauerlicht als Erinnerung an Verstorbenen - Pusteblume - mit Namensgravur Schwarz\" \/>\n<meta name=\"robots\" content=\"index, follow, max-snippet:-1, max-image-preview:large, max-video-preview:-1\" \/>\n<link rel=\"canonical\" href=\"https:\/\/marktxxl.de\/markt\/produkt\/private-grief-trauerlicht-als-erinnerung-an-verstorbenen-pusteblume-mit-namensgravur\/\" \/>\n<meta property=\"og:locale\" content=\"de_DE\" \/>\n<meta property=\"og:type\" content=\"article\" \/>\n<meta property=\"og:title\" content=\"private grief Trauerlicht als Erinnerung an Verstorbenen - Pusteblume - mit Namensgravur Schwarz - Markt-XXL\" \/>\n<meta property=\"og:description\" content=\"Markt-XXL private grief Trauerlicht als Erinnerung an Verstorbenen - Pusteblume - mit Namensgravur Schwarz\" \/>\n<meta property=\"og:url\" content=\"https:\/\/marktxxl.de\/markt\/produkt\/private-grief-trauerlicht-als-erinnerung-an-verstorbenen-pusteblume-mit-namensgravur\/\" \/>\n<meta property=\"og:site_name\" content=\"Markt-XXL\" \/>\n<meta property=\"article:modified_time\" content=\"2023-04-11T03:05:39+00:00\" \/>\n<meta property=\"og:image\" content=\"https:\/\/m.media-amazon.com\/images\/I\/41K+-r9zHeL._SL500_.jpg\" \/>\n\t<meta property=\"og:image:width\" content=\"500\" \/>\n\t<meta property=\"og:image:height\" content=\"500\" \/>\n\t<meta property=\"og:image:type\" content=\"image\/jpeg\" \/>\n<meta name=\"twitter:card\" content=\"summary_large_image\" \/>\n<meta name=\"twitter:label1\" content=\"Gesch\u00e4tzte Lesezeit\" \/>\n\t<meta name=\"twitter:data1\" content=\"1\u00a0Minute\" \/>\n<script type=\"application\/ld+json\" class=\"yoast-schema-graph\">{\"@context\":\"https:\\\/\\\/schema.org\",\"@graph\":[{\"@type\":\"WebPage\",\"@id\":\"https:\\\/\\\/marktxxl.de\\\/markt\\\/produkt\\\/private-grief-trauerlicht-als-erinnerung-an-verstorbenen-pusteblume-mit-namensgravur\\\/\",\"url\":\"https:\\\/\\\/marktxxl.de\\\/markt\\\/produkt\\\/private-grief-trauerlicht-als-erinnerung-an-verstorbenen-pusteblume-mit-namensgravur\\\/\",\"name\":\"private grief Trauerlicht als Erinnerung an Verstorbenen - Pusteblume - mit Namensgravur Schwarz - Markt-XXL\",\"isPartOf\":{\"@id\":\"https:\\\/\\\/marktxxl.de\\\/markt\\\/#website\"},\"primaryImageOfPage\":{\"@id\":\"https:\\\/\\\/marktxxl.de\\\/markt\\\/produkt\\\/private-grief-trauerlicht-als-erinnerung-an-verstorbenen-pusteblume-mit-namensgravur\\\/#primaryimage\"},\"image\":{\"@id\":\"https:\\\/\\\/marktxxl.de\\\/markt\\\/produkt\\\/private-grief-trauerlicht-als-erinnerung-an-verstorbenen-pusteblume-mit-namensgravur\\\/#primaryimage\"},\"thumbnailUrl\":\"https:\\\/\\\/m.media-amazon.com\\\/images\\\/I\\\/41K+-r9zHeL._SL500_.jpg\",\"datePublished\":\"2022-12-11T10:38:03+00:00\",\"dateModified\":\"2023-04-11T03:05:39+00:00\",\"description\":\"Markt-XXL private grief Trauerlicht als Erinnerung an Verstorbenen - Pusteblume - mit Namensgravur Schwarz\",\"breadcrumb\":{\"@id\":\"https:\\\/\\\/marktxxl.de\\\/markt\\\/produkt\\\/private-grief-trauerlicht-als-erinnerung-an-verstorbenen-pusteblume-mit-namensgravur\\\/#breadcrumb\"},\"inLanguage\":\"de\",\"potentialAction\":[{\"@type\":\"ReadAction\",\"target\":[\"https:\\\/\\\/marktxxl.de\\\/markt\\\/produkt\\\/private-grief-trauerlicht-als-erinnerung-an-verstorbenen-pusteblume-mit-namensgravur\\\/\"]}]},{\"@type\":\"ImageObject\",\"inLanguage\":\"de\",\"@id\":\"https:\\\/\\\/marktxxl.de\\\/markt\\\/produkt\\\/private-grief-trauerlicht-als-erinnerung-an-verstorbenen-pusteblume-mit-namensgravur\\\/#primaryimage\",\"url\":\"https:\\\/\\\/m.media-amazon.com\\\/images\\\/I\\\/41K+-r9zHeL._SL500_.jpg\",\"contentUrl\":\"https:\\\/\\\/m.media-amazon.com\\\/images\\\/I\\\/41K+-r9zHeL._SL500_.jpg\",\"width\":500,\"height\":500},{\"@type\":\"BreadcrumbList\",\"@id\":\"https:\\\/\\\/marktxxl.de\\\/markt\\\/produkt\\\/private-grief-trauerlicht-als-erinnerung-an-verstorbenen-pusteblume-mit-namensgravur\\\/#breadcrumb\",\"itemListElement\":[{\"@type\":\"ListItem\",\"position\":1,\"name\":\"Startseite\",\"item\":\"https:\\\/\\\/marktxxl.de\\\/markt\\\/\"},{\"@type\":\"ListItem\",\"position\":2,\"name\":\"Markt\",\"item\":\"https:\\\/\\\/marktxxl.de\\\/markt\\\/\"},{\"@type\":\"ListItem\",\"position\":3,\"name\":\"private grief Trauerlicht als Erinnerung an Verstorbenen &#8211; Pusteblume &#8211; mit Namensgravur Schwarz\"}]},{\"@type\":\"WebSite\",\"@id\":\"https:\\\/\\\/marktxxl.de\\\/markt\\\/#website\",\"url\":\"https:\\\/\\\/marktxxl.de\\\/markt\\\/\",\"name\":\"Markt-XXL\",\"description\":\"Ihr Markt Online\",\"publisher\":{\"@id\":\"https:\\\/\\\/marktxxl.de\\\/markt\\\/#organization\"},\"potentialAction\":[{\"@type\":\"SearchAction\",\"target\":{\"@type\":\"EntryPoint\",\"urlTemplate\":\"https:\\\/\\\/marktxxl.de\\\/markt\\\/?s={search_term_string}\"},\"query-input\":{\"@type\":\"PropertyValueSpecification\",\"valueRequired\":true,\"valueName\":\"search_term_string\"}}],\"inLanguage\":\"de\"},{\"@type\":\"Organization\",\"@id\":\"https:\\\/\\\/marktxxl.de\\\/markt\\\/#organization\",\"name\":\"Markt-XXL\",\"url\":\"https:\\\/\\\/marktxxl.de\\\/markt\\\/\",\"logo\":{\"@type\":\"ImageObject\",\"inLanguage\":\"de\",\"@id\":\"https:\\\/\\\/marktxxl.de\\\/markt\\\/#\\\/schema\\\/logo\\\/image\\\/\",\"url\":\"https:\\\/\\\/marktxxl.de\\\/markt\\\/wp-content\\\/uploads\\\/sites\\\/3\\\/2020\\\/12\\\/logo.png\",\"contentUrl\":\"https:\\\/\\\/marktxxl.de\\\/markt\\\/wp-content\\\/uploads\\\/sites\\\/3\\\/2020\\\/12\\\/logo.png\",\"width\":200,\"height\":70,\"caption\":\"Markt-XXL\"},\"image\":{\"@id\":\"https:\\\/\\\/marktxxl.de\\\/markt\\\/#\\\/schema\\\/logo\\\/image\\\/\"}}]}<\/script>\n<!-- \/ Yoast SEO plugin. -->","yoast_head_json":{"title":"private grief Trauerlicht als Erinnerung an Verstorbenen - Pusteblume - mit Namensgravur Schwarz - Markt-XXL","description":"Markt-XXL private grief Trauerlicht als Erinnerung an Verstorbenen - Pusteblume - mit Namensgravur Schwarz","robots":{"index":"index","follow":"follow","max-snippet":"max-snippet:-1","max-image-preview":"max-image-preview:large","max-video-preview":"max-video-preview:-1"},"canonical":"https:\/\/marktxxl.de\/markt\/produkt\/private-grief-trauerlicht-als-erinnerung-an-verstorbenen-pusteblume-mit-namensgravur\/","og_locale":"de_DE","og_type":"article","og_title":"private grief Trauerlicht als Erinnerung an Verstorbenen - Pusteblume - mit Namensgravur Schwarz - Markt-XXL","og_description":"Markt-XXL private grief Trauerlicht als Erinnerung an Verstorbenen - Pusteblume - mit Namensgravur Schwarz","og_url":"https:\/\/marktxxl.de\/markt\/produkt\/private-grief-trauerlicht-als-erinnerung-an-verstorbenen-pusteblume-mit-namensgravur\/","og_site_name":"Markt-XXL","article_modified_time":"2023-04-11T03:05:39+00:00","og_image":[{"width":500,"height":500,"url":"https:\/\/m.media-amazon.com\/images\/I\/41K+-r9zHeL._SL500_.jpg","type":"image\/jpeg"}],"twitter_card":"summary_large_image","twitter_misc":{"Gesch\u00e4tzte Lesezeit":"1\u00a0Minute"},"schema":{"@context":"https:\/\/schema.org","@graph":[{"@type":"WebPage","@id":"https:\/\/marktxxl.de\/markt\/produkt\/private-grief-trauerlicht-als-erinnerung-an-verstorbenen-pusteblume-mit-namensgravur\/","url":"https:\/\/marktxxl.de\/markt\/produkt\/private-grief-trauerlicht-als-erinnerung-an-verstorbenen-pusteblume-mit-namensgravur\/","name":"private grief Trauerlicht als Erinnerung an Verstorbenen - Pusteblume - mit Namensgravur Schwarz - Markt-XXL","isPartOf":{"@id":"https:\/\/marktxxl.de\/markt\/#website"},"primaryImageOfPage":{"@id":"https:\/\/marktxxl.de\/markt\/produkt\/private-grief-trauerlicht-als-erinnerung-an-verstorbenen-pusteblume-mit-namensgravur\/#primaryimage"},"image":{"@id":"https:\/\/marktxxl.de\/markt\/produkt\/private-grief-trauerlicht-als-erinnerung-an-verstorbenen-pusteblume-mit-namensgravur\/#primaryimage"},"thumbnailUrl":"https:\/\/m.media-amazon.com\/images\/I\/41K+-r9zHeL._SL500_.jpg","datePublished":"2022-12-11T10:38:03+00:00","dateModified":"2023-04-11T03:05:39+00:00","description":"Markt-XXL private grief Trauerlicht als Erinnerung an Verstorbenen - Pusteblume - mit Namensgravur Schwarz","breadcrumb":{"@id":"https:\/\/marktxxl.de\/markt\/produkt\/private-grief-trauerlicht-als-erinnerung-an-verstorbenen-pusteblume-mit-namensgravur\/#breadcrumb"},"inLanguage":"de","potentialAction":[{"@type":"ReadAction","target":["https:\/\/marktxxl.de\/markt\/produkt\/private-grief-trauerlicht-als-erinnerung-an-verstorbenen-pusteblume-mit-namensgravur\/"]}]},{"@type":"ImageObject","inLanguage":"de","@id":"https:\/\/marktxxl.de\/markt\/produkt\/private-grief-trauerlicht-als-erinnerung-an-verstorbenen-pusteblume-mit-namensgravur\/#primaryimage","url":"https:\/\/m.media-amazon.com\/images\/I\/41K+-r9zHeL._SL500_.jpg","contentUrl":"https:\/\/m.media-amazon.com\/images\/I\/41K+-r9zHeL._SL500_.jpg","width":500,"height":500},{"@type":"BreadcrumbList","@id":"https:\/\/marktxxl.de\/markt\/produkt\/private-grief-trauerlicht-als-erinnerung-an-verstorbenen-pusteblume-mit-namensgravur\/#breadcrumb","itemListElement":[{"@type":"ListItem","position":1,"name":"Startseite","item":"https:\/\/marktxxl.de\/markt\/"},{"@type":"ListItem","position":2,"name":"Markt","item":"https:\/\/marktxxl.de\/markt\/"},{"@type":"ListItem","position":3,"name":"private grief Trauerlicht als Erinnerung an Verstorbenen &#8211; Pusteblume &#8211; mit Namensgravur Schwarz"}]},{"@type":"WebSite","@id":"https:\/\/marktxxl.de\/markt\/#website","url":"https:\/\/marktxxl.de\/markt\/","name":"Markt-XXL","description":"Ihr Markt Online","publisher":{"@id":"https:\/\/marktxxl.de\/markt\/#organization"},"potentialAction":[{"@type":"SearchAction","target":{"@type":"EntryPoint","urlTemplate":"https:\/\/marktxxl.de\/markt\/?s={search_term_string}"},"query-input":{"@type":"PropertyValueSpecification","valueRequired":true,"valueName":"search_term_string"}}],"inLanguage":"de"},{"@type":"Organization","@id":"https:\/\/marktxxl.de\/markt\/#organization","name":"Markt-XXL","url":"https:\/\/marktxxl.de\/markt\/","logo":{"@type":"ImageObject","inLanguage":"de","@id":"https:\/\/marktxxl.de\/markt\/#\/schema\/logo\/image\/","url":"https:\/\/marktxxl.de\/markt\/wp-content\/uploads\/sites\/3\/2020\/12\/logo.png","contentUrl":"https:\/\/marktxxl.de\/markt\/wp-content\/uploads\/sites\/3\/2020\/12\/logo.png","width":200,"height":70,"caption":"Markt-XXL"},"image":{"@id":"https:\/\/marktxxl.de\/markt\/#\/schema\/logo\/image\/"}}]}},"_links":{"self":[{"href":"https:\/\/marktxxl.de\/markt\/wp-json\/wp\/v2\/product\/176643","targetHints":{"allow":["GET"]}}],"collection":[{"href":"https:\/\/marktxxl.de\/markt\/wp-json\/wp\/v2\/product"}],"about":[{"href":"https:\/\/marktxxl.de\/markt\/wp-json\/wp\/v2\/types\/product"}],"replies":[{"embeddable":true,"href":"https:\/\/marktxxl.de\/markt\/wp-json\/wp\/v2\/comments?post=176643"}],"wp:featuredmedia":[{"embeddable":true,"href":"https:\/\/marktxxl.de\/markt\/wp-json\/wp\/v2\/media\/176644"}],"wp:attachment":[{"href":"https:\/\/marktxxl.de\/markt\/wp-json\/wp\/v2\/media?parent=176643"}],"wp:term":[{"taxonomy":"product_brand","embeddable":true,"href":"https:\/\/marktxxl.de\/markt\/wp-json\/wp\/v2\/product_brand?post=176643"},{"taxonomy":"product_cat","embeddable":true,"href":"https:\/\/marktxxl.de\/markt\/wp-json\/wp\/v2\/product_cat?post=176643"},{"taxonomy":"product_tag","embeddable":true,"href":"https:\/\/marktxxl.de\/markt\/wp-json\/wp\/v2\/product_tag?post=176643"}],"curies":[{"name":"wp","href":"https:\/\/api.w.org\/{rel}","templated":true}]}}