{"id":176601,"date":"2022-12-11T11:36:19","date_gmt":"2022-12-11T10:36:19","guid":{"rendered":"https:\/\/marktxxl.de\/markt\/produkt\/ugreen-100w-usb-c-auf-usb-c-kabel-2-stueck-pd3-0-qc-4-0-4-0-usb-c-ladekabel-5a-20v-kompatibel-mit-2022-macbook-pro-m2-2022-macbook-air-m2-ipad-pro-2021-galaxy-s22-s21-s20-steam-deck-usw\/"},"modified":"2023-04-11T05:05:39","modified_gmt":"2023-04-11T03:05:39","slug":"ugreen-100w-usb-c-auf-usb-c-kabel-2-stueck-pd3-0-qc-4-0-4-0-usb-c-ladekabel-5a-20v-kompatibel-mit-2022-macbook-pro-m2-2022-macbook-air-m2-ipad-pro-2021-galaxy-s22-s21-s20-steam-deck-usw","status":"publish","type":"product","link":"https:\/\/marktxxl.de\/markt\/produkt\/ugreen-100w-usb-c-auf-usb-c-kabel-2-stueck-pd3-0-qc-4-0-4-0-usb-c-ladekabel-5a-20v-kompatibel-mit-2022-macbook-pro-m2-2022-macbook-air-m2-ipad-pro-2021-galaxy-s22-s21-s20-steam-deck-usw\/","title":{"rendered":"UGREEN 100W USB C auf USB C Kabel 2 St\u00fcck PD3.0 QC 4.0\/4.0+ PPS USB-C Ladekabel 5A\/20V kompatibel mit 2023 MacBook Pro\u2026"},"content":{"rendered":"<p>100W Ultra Schnellladen: UGREEN USB C auf USB C Kabel unterst\u00fctzt Power Delivery 3.0 und Quick Charge 4.0\/4.0+. MacBook Pro 16 (2021) kann mit diesem USB C Ladekabel und entsprechendem USB C Netzteil in 90 Min. v\u00f6llig aufgeladen werden, etwa eine halbe Stunde schneller als mit 60W USB C Ladekabel. Neben der Ladefunktion ist 480 Mbps Daten\u00fcbertragung auch problemlos. Hinweis: Bildschirm\u00fcbertragung wird nicht unterst\u00fctzt.<br \/>\nEnorme Kompatibilit\u00e4t: UGREEN USB-C auf USB-C Ladekabel 100W zeigt so m\u00e4chtig, dass es geeignet f\u00fcr allen USB-C Ger\u00e4ten ist, wie z.B. kompatibel mit MacBook Pro 16 (2021\/2019), MacBook Pro 14 (2021), MacBook Pro 13 (2021), MacBook Air 13 (2020), Surface Pro 8, XPS13, ThinkPad X1, Yoga 720, EliteBook, Acer Swift 5, Aspire E 15, iPad Pro 2021, iPad Mini 6, iPad Air 5, Galaxy S22 S21 S20 Serie, Note 20 Serie, A53 A52s A33, Pixel 7, Redmi Note 11 Pro, Pixel 7, Steam Deck, Switch Konsolen usw.<br \/>\nZwei St\u00fcck f\u00fcr simultanes Schnellladen: Mit diesen 2 St\u00fcck 100W USB-C auf USB-C Ladekabel k\u00f6nnen Sie Ihre USB-C Ger\u00e4te wie Laptop, Tablet und Smartphone zugleich blitzschnell laden. Dar\u00fcber hinaus ist es auch leicht, f\u00fcr Sie zu Hause sowie beim B\u00fcro und im Auto schnell zu laden. Damit machen Sie sich keine Sorge f\u00fcr leere Batterie im Not.<br \/>\nRobust und haltbar: Von innen und au\u00dfen durch hochwertige Materialien wie Nylon Ummantelung, Aluminiumgeh\u00e4use und Knickschutz kann das USB C Kabel USB C100W mehr als 20000 Biegungen vertragen, somit wird der Lebensdauer verl\u00e4ngert.<br \/>\nSicher und stabil: Das USB-C Schnellladekabel 100W verf\u00fcgt \u00fcber E-Marker Chip, damit die Spannung und der Strom automatisch an die angeschlossenen Ger\u00e4te angepasst werden k\u00f6nnen, wodurch Ihr Ger\u00e4t vor \u00dcberspannungs- und \u00dcberstromproblem gesch\u00fctzt wird.<br \/>\n<div class=\"main-cross-sell\" data-asin=\"B09VDKH7ZK\">\n\n\t<div class=\"WooZone-cross-sell-loader\">\n\t\t<div>\n\t\t\t<div id=\"floatingBarsG\">\n\t\t\t\t<div class=\"blockG\" id=\"rotateG_01\"><\/div>\n\t\t\t\t<div class=\"blockG\" id=\"rotateG_02\"><\/div>\n\t\t\t\t<div class=\"blockG\" id=\"rotateG_03\"><\/div>\n\t\t\t\t<div class=\"blockG\" id=\"rotateG_04\"><\/div>\n\t\t\t\t<div class=\"blockG\" id=\"rotateG_05\"><\/div>\n\t\t\t\t<div class=\"blockG\" id=\"rotateG_06\"><\/div>\n\t\t\t\t<div class=\"blockG\" id=\"rotateG_07\"><\/div>\n\t\t\t\t<div class=\"blockG\" id=\"rotateG_08\"><\/div>\n\t\t\t<\/div>\n\t\t\t<div class=\"WooZone-cross-sell-loader-text\"><\/div>\n\t\t<\/div>\n\t<\/div>\n\n\t\t\n<\/div>\n<div style=\"clear:both;\"><\/div><\/p>\n","protected":false},"excerpt":{"rendered":"<p>100W Ultra Schnellladen: UGREEN USB C auf USB C Kabel unterst\u00fctzt Power Delivery 3.0 und Quick Charge 4.0\/4.0+. MacBook Pro 16 (2021) kann mit diesem USB C Ladekabel und entsprechendem USB C Netzteil in 90 Min. v\u00f6llig aufgeladen werden, etwa eine halbe Stunde schneller als mit 60W USB C Ladekabel. Neben der Ladefunktion ist 480 Mbps Daten\u00fcbertragung auch problemlos. Hinweis: Bildschirm\u00fcbertragung wird nicht unterst\u00fctzt.<br \/>\nEnorme Kompatibilit\u00e4t: UGREEN USB-C auf USB-C Ladekabel 100W zeigt so m\u00e4chtig, dass es geeignet f\u00fcr allen USB-C Ger\u00e4ten ist, wie z.B. kompatibel mit MacBook Pro 16 (2021\/2019), MacBook Pro 14 (2021), MacBook Pro 13 (2021), MacBook Air 13 (2020), Surface Pro 8, XPS13, ThinkPad X1, Yoga 720, EliteBook, Acer Swift 5, Aspire E 15, iPad Pro 2021, iPad Mini 6, iPad Air 5, Galaxy S22 S21 S20 Serie, Note 20 Serie, A53 A52s A33, Pixel 7, Redmi Note 11 Pro, Pixel 7, Steam Deck, Switch Konsolen usw.<br \/>\nZwei St\u00fcck f\u00fcr simultanes Schnellladen: Mit diesen 2 St\u00fcck 100W USB-C auf USB-C Ladekabel k\u00f6nnen Sie Ihre USB-C Ger\u00e4te wie Laptop, Tablet und Smartphone zugleich blitzschnell laden. Dar\u00fcber hinaus ist es auch leicht, f\u00fcr Sie zu Hause sowie beim B\u00fcro und im Auto schnell zu laden. Damit machen Sie sich keine Sorge f\u00fcr leere Batterie im Not.<\/p>\n","protected":false},"featured_media":176602,"comment_status":"open","ping_status":"closed","template":"","meta":[],"product_brand":[],"product_cat":[863],"product_tag":[],"class_list":{"0":"post-176601","1":"product","2":"type-product","3":"status-publish","4":"has-post-thumbnail","6":"product_cat-computer-zubehoer","7":"pa_brand-ugreen","8":"pa_manufacturer-ugreen-group-limited","9":"pa_model-10232-vater","11":"first","12":"instock","13":"shipping-taxable","14":"purchasable","15":"product-type-simple","16":"customify-col","17":"product-has-gallery"},"yoast_head":"<!-- This site is optimized with the Yoast SEO plugin v27.4 - https:\/\/yoast.com\/product\/yoast-seo-wordpress\/ -->\n<title>UGREEN 100W USB C auf USB C Kabel 2 St\u00fcck PD3.0 QC 4.0\/4.0+ PPS USB-C Ladekabel 5A\/20V kompatibel mit 2023 MacBook Pro\u2026 - Markt-XXL<\/title>\n<meta name=\"description\" content=\"Markt-XXL UGREEN 100W USB C auf USB C Kabel 2 St\u00fcck PD3.0 QC 4.0\/4.0+ PPS USB-C Ladekabel 5A\/20V kompatibel mit 2023 MacBook Pro\u2026\" \/>\n<meta name=\"robots\" content=\"index, follow, max-snippet:-1, max-image-preview:large, max-video-preview:-1\" \/>\n<link rel=\"canonical\" href=\"https:\/\/marktxxl.de\/markt\/produkt\/ugreen-100w-usb-c-auf-usb-c-kabel-2-stueck-pd3-0-qc-4-0-4-0-usb-c-ladekabel-5a-20v-kompatibel-mit-2022-macbook-pro-m2-2022-macbook-air-m2-ipad-pro-2021-galaxy-s22-s21-s20-steam-deck-usw\/\" \/>\n<meta property=\"og:locale\" content=\"de_DE\" \/>\n<meta property=\"og:type\" content=\"article\" \/>\n<meta property=\"og:title\" content=\"UGREEN 100W USB C auf USB C Kabel 2 St\u00fcck PD3.0 QC 4.0\/4.0+ PPS USB-C Ladekabel 5A\/20V kompatibel mit 2023 MacBook Pro\u2026 - Markt-XXL\" \/>\n<meta property=\"og:description\" content=\"Markt-XXL UGREEN 100W USB C auf USB C Kabel 2 St\u00fcck PD3.0 QC 4.0\/4.0+ PPS USB-C Ladekabel 5A\/20V kompatibel mit 2023 MacBook Pro\u2026\" \/>\n<meta property=\"og:url\" content=\"https:\/\/marktxxl.de\/markt\/produkt\/ugreen-100w-usb-c-auf-usb-c-kabel-2-stueck-pd3-0-qc-4-0-4-0-usb-c-ladekabel-5a-20v-kompatibel-mit-2022-macbook-pro-m2-2022-macbook-air-m2-ipad-pro-2021-galaxy-s22-s21-s20-steam-deck-usw\/\" \/>\n<meta property=\"og:site_name\" content=\"Markt-XXL\" \/>\n<meta property=\"article:modified_time\" content=\"2023-04-11T03:05:39+00:00\" \/>\n<meta property=\"og:image\" content=\"https:\/\/m.media-amazon.com\/images\/I\/41SyWFAvGwL._SL500_.jpg\" \/>\n\t<meta property=\"og:image:width\" content=\"375\" \/>\n\t<meta property=\"og:image:height\" content=\"500\" \/>\n\t<meta property=\"og:image:type\" content=\"image\/jpeg\" \/>\n<meta name=\"twitter:card\" content=\"summary_large_image\" \/>\n<meta name=\"twitter:label1\" content=\"Gesch\u00e4tzte Lesezeit\" \/>\n\t<meta name=\"twitter:data1\" content=\"1\u00a0Minute\" \/>\n<script type=\"application\/ld+json\" class=\"yoast-schema-graph\">{\"@context\":\"https:\\\/\\\/schema.org\",\"@graph\":[{\"@type\":\"WebPage\",\"@id\":\"https:\\\/\\\/marktxxl.de\\\/markt\\\/produkt\\\/ugreen-100w-usb-c-auf-usb-c-kabel-2-stueck-pd3-0-qc-4-0-4-0-usb-c-ladekabel-5a-20v-kompatibel-mit-2022-macbook-pro-m2-2022-macbook-air-m2-ipad-pro-2021-galaxy-s22-s21-s20-steam-deck-usw\\\/\",\"url\":\"https:\\\/\\\/marktxxl.de\\\/markt\\\/produkt\\\/ugreen-100w-usb-c-auf-usb-c-kabel-2-stueck-pd3-0-qc-4-0-4-0-usb-c-ladekabel-5a-20v-kompatibel-mit-2022-macbook-pro-m2-2022-macbook-air-m2-ipad-pro-2021-galaxy-s22-s21-s20-steam-deck-usw\\\/\",\"name\":\"UGREEN 100W USB C auf USB C Kabel 2 St\u00fcck PD3.0 QC 4.0\\\/4.0+ PPS USB-C Ladekabel 5A\\\/20V kompatibel mit 2023 MacBook Pro\u2026 - Markt-XXL\",\"isPartOf\":{\"@id\":\"https:\\\/\\\/marktxxl.de\\\/markt\\\/#website\"},\"primaryImageOfPage\":{\"@id\":\"https:\\\/\\\/marktxxl.de\\\/markt\\\/produkt\\\/ugreen-100w-usb-c-auf-usb-c-kabel-2-stueck-pd3-0-qc-4-0-4-0-usb-c-ladekabel-5a-20v-kompatibel-mit-2022-macbook-pro-m2-2022-macbook-air-m2-ipad-pro-2021-galaxy-s22-s21-s20-steam-deck-usw\\\/#primaryimage\"},\"image\":{\"@id\":\"https:\\\/\\\/marktxxl.de\\\/markt\\\/produkt\\\/ugreen-100w-usb-c-auf-usb-c-kabel-2-stueck-pd3-0-qc-4-0-4-0-usb-c-ladekabel-5a-20v-kompatibel-mit-2022-macbook-pro-m2-2022-macbook-air-m2-ipad-pro-2021-galaxy-s22-s21-s20-steam-deck-usw\\\/#primaryimage\"},\"thumbnailUrl\":\"https:\\\/\\\/m.media-amazon.com\\\/images\\\/I\\\/41SyWFAvGwL._SL500_.jpg\",\"datePublished\":\"2022-12-11T10:36:19+00:00\",\"dateModified\":\"2023-04-11T03:05:39+00:00\",\"description\":\"Markt-XXL UGREEN 100W USB C auf USB C Kabel 2 St\u00fcck PD3.0 QC 4.0\\\/4.0+ PPS USB-C Ladekabel 5A\\\/20V kompatibel mit 2023 MacBook Pro\u2026\",\"breadcrumb\":{\"@id\":\"https:\\\/\\\/marktxxl.de\\\/markt\\\/produkt\\\/ugreen-100w-usb-c-auf-usb-c-kabel-2-stueck-pd3-0-qc-4-0-4-0-usb-c-ladekabel-5a-20v-kompatibel-mit-2022-macbook-pro-m2-2022-macbook-air-m2-ipad-pro-2021-galaxy-s22-s21-s20-steam-deck-usw\\\/#breadcrumb\"},\"inLanguage\":\"de\",\"potentialAction\":[{\"@type\":\"ReadAction\",\"target\":[\"https:\\\/\\\/marktxxl.de\\\/markt\\\/produkt\\\/ugreen-100w-usb-c-auf-usb-c-kabel-2-stueck-pd3-0-qc-4-0-4-0-usb-c-ladekabel-5a-20v-kompatibel-mit-2022-macbook-pro-m2-2022-macbook-air-m2-ipad-pro-2021-galaxy-s22-s21-s20-steam-deck-usw\\\/\"]}]},{\"@type\":\"ImageObject\",\"inLanguage\":\"de\",\"@id\":\"https:\\\/\\\/marktxxl.de\\\/markt\\\/produkt\\\/ugreen-100w-usb-c-auf-usb-c-kabel-2-stueck-pd3-0-qc-4-0-4-0-usb-c-ladekabel-5a-20v-kompatibel-mit-2022-macbook-pro-m2-2022-macbook-air-m2-ipad-pro-2021-galaxy-s22-s21-s20-steam-deck-usw\\\/#primaryimage\",\"url\":\"https:\\\/\\\/m.media-amazon.com\\\/images\\\/I\\\/41SyWFAvGwL._SL500_.jpg\",\"contentUrl\":\"https:\\\/\\\/m.media-amazon.com\\\/images\\\/I\\\/41SyWFAvGwL._SL500_.jpg\",\"width\":375,\"height\":500},{\"@type\":\"BreadcrumbList\",\"@id\":\"https:\\\/\\\/marktxxl.de\\\/markt\\\/produkt\\\/ugreen-100w-usb-c-auf-usb-c-kabel-2-stueck-pd3-0-qc-4-0-4-0-usb-c-ladekabel-5a-20v-kompatibel-mit-2022-macbook-pro-m2-2022-macbook-air-m2-ipad-pro-2021-galaxy-s22-s21-s20-steam-deck-usw\\\/#breadcrumb\",\"itemListElement\":[{\"@type\":\"ListItem\",\"position\":1,\"name\":\"Startseite\",\"item\":\"https:\\\/\\\/marktxxl.de\\\/markt\\\/\"},{\"@type\":\"ListItem\",\"position\":2,\"name\":\"Markt\",\"item\":\"https:\\\/\\\/marktxxl.de\\\/markt\\\/\"},{\"@type\":\"ListItem\",\"position\":3,\"name\":\"UGREEN 100W USB C auf USB C Kabel 2 St\u00fcck PD3.0 QC 4.0\\\/4.0+ PPS USB-C Ladekabel 5A\\\/20V kompatibel mit 2023 MacBook Pro\u2026\"}]},{\"@type\":\"WebSite\",\"@id\":\"https:\\\/\\\/marktxxl.de\\\/markt\\\/#website\",\"url\":\"https:\\\/\\\/marktxxl.de\\\/markt\\\/\",\"name\":\"Markt-XXL\",\"description\":\"Ihr Markt Online\",\"publisher\":{\"@id\":\"https:\\\/\\\/marktxxl.de\\\/markt\\\/#organization\"},\"potentialAction\":[{\"@type\":\"SearchAction\",\"target\":{\"@type\":\"EntryPoint\",\"urlTemplate\":\"https:\\\/\\\/marktxxl.de\\\/markt\\\/?s={search_term_string}\"},\"query-input\":{\"@type\":\"PropertyValueSpecification\",\"valueRequired\":true,\"valueName\":\"search_term_string\"}}],\"inLanguage\":\"de\"},{\"@type\":\"Organization\",\"@id\":\"https:\\\/\\\/marktxxl.de\\\/markt\\\/#organization\",\"name\":\"Markt-XXL\",\"url\":\"https:\\\/\\\/marktxxl.de\\\/markt\\\/\",\"logo\":{\"@type\":\"ImageObject\",\"inLanguage\":\"de\",\"@id\":\"https:\\\/\\\/marktxxl.de\\\/markt\\\/#\\\/schema\\\/logo\\\/image\\\/\",\"url\":\"https:\\\/\\\/marktxxl.de\\\/markt\\\/wp-content\\\/uploads\\\/sites\\\/3\\\/2020\\\/12\\\/logo.png\",\"contentUrl\":\"https:\\\/\\\/marktxxl.de\\\/markt\\\/wp-content\\\/uploads\\\/sites\\\/3\\\/2020\\\/12\\\/logo.png\",\"width\":200,\"height\":70,\"caption\":\"Markt-XXL\"},\"image\":{\"@id\":\"https:\\\/\\\/marktxxl.de\\\/markt\\\/#\\\/schema\\\/logo\\\/image\\\/\"}}]}<\/script>\n<!-- \/ Yoast SEO plugin. -->","yoast_head_json":{"title":"UGREEN 100W USB C auf USB C Kabel 2 St\u00fcck PD3.0 QC 4.0\/4.0+ PPS USB-C Ladekabel 5A\/20V kompatibel mit 2023 MacBook Pro\u2026 - Markt-XXL","description":"Markt-XXL UGREEN 100W USB C auf USB C Kabel 2 St\u00fcck PD3.0 QC 4.0\/4.0+ PPS USB-C Ladekabel 5A\/20V kompatibel mit 2023 MacBook Pro\u2026","robots":{"index":"index","follow":"follow","max-snippet":"max-snippet:-1","max-image-preview":"max-image-preview:large","max-video-preview":"max-video-preview:-1"},"canonical":"https:\/\/marktxxl.de\/markt\/produkt\/ugreen-100w-usb-c-auf-usb-c-kabel-2-stueck-pd3-0-qc-4-0-4-0-usb-c-ladekabel-5a-20v-kompatibel-mit-2022-macbook-pro-m2-2022-macbook-air-m2-ipad-pro-2021-galaxy-s22-s21-s20-steam-deck-usw\/","og_locale":"de_DE","og_type":"article","og_title":"UGREEN 100W USB C auf USB C Kabel 2 St\u00fcck PD3.0 QC 4.0\/4.0+ PPS USB-C Ladekabel 5A\/20V kompatibel mit 2023 MacBook Pro\u2026 - Markt-XXL","og_description":"Markt-XXL UGREEN 100W USB C auf USB C Kabel 2 St\u00fcck PD3.0 QC 4.0\/4.0+ PPS USB-C Ladekabel 5A\/20V kompatibel mit 2023 MacBook Pro\u2026","og_url":"https:\/\/marktxxl.de\/markt\/produkt\/ugreen-100w-usb-c-auf-usb-c-kabel-2-stueck-pd3-0-qc-4-0-4-0-usb-c-ladekabel-5a-20v-kompatibel-mit-2022-macbook-pro-m2-2022-macbook-air-m2-ipad-pro-2021-galaxy-s22-s21-s20-steam-deck-usw\/","og_site_name":"Markt-XXL","article_modified_time":"2023-04-11T03:05:39+00:00","og_image":[{"width":375,"height":500,"url":"https:\/\/m.media-amazon.com\/images\/I\/41SyWFAvGwL._SL500_.jpg","type":"image\/jpeg"}],"twitter_card":"summary_large_image","twitter_misc":{"Gesch\u00e4tzte Lesezeit":"1\u00a0Minute"},"schema":{"@context":"https:\/\/schema.org","@graph":[{"@type":"WebPage","@id":"https:\/\/marktxxl.de\/markt\/produkt\/ugreen-100w-usb-c-auf-usb-c-kabel-2-stueck-pd3-0-qc-4-0-4-0-usb-c-ladekabel-5a-20v-kompatibel-mit-2022-macbook-pro-m2-2022-macbook-air-m2-ipad-pro-2021-galaxy-s22-s21-s20-steam-deck-usw\/","url":"https:\/\/marktxxl.de\/markt\/produkt\/ugreen-100w-usb-c-auf-usb-c-kabel-2-stueck-pd3-0-qc-4-0-4-0-usb-c-ladekabel-5a-20v-kompatibel-mit-2022-macbook-pro-m2-2022-macbook-air-m2-ipad-pro-2021-galaxy-s22-s21-s20-steam-deck-usw\/","name":"UGREEN 100W USB C auf USB C Kabel 2 St\u00fcck PD3.0 QC 4.0\/4.0+ PPS USB-C Ladekabel 5A\/20V kompatibel mit 2023 MacBook Pro\u2026 - Markt-XXL","isPartOf":{"@id":"https:\/\/marktxxl.de\/markt\/#website"},"primaryImageOfPage":{"@id":"https:\/\/marktxxl.de\/markt\/produkt\/ugreen-100w-usb-c-auf-usb-c-kabel-2-stueck-pd3-0-qc-4-0-4-0-usb-c-ladekabel-5a-20v-kompatibel-mit-2022-macbook-pro-m2-2022-macbook-air-m2-ipad-pro-2021-galaxy-s22-s21-s20-steam-deck-usw\/#primaryimage"},"image":{"@id":"https:\/\/marktxxl.de\/markt\/produkt\/ugreen-100w-usb-c-auf-usb-c-kabel-2-stueck-pd3-0-qc-4-0-4-0-usb-c-ladekabel-5a-20v-kompatibel-mit-2022-macbook-pro-m2-2022-macbook-air-m2-ipad-pro-2021-galaxy-s22-s21-s20-steam-deck-usw\/#primaryimage"},"thumbnailUrl":"https:\/\/m.media-amazon.com\/images\/I\/41SyWFAvGwL._SL500_.jpg","datePublished":"2022-12-11T10:36:19+00:00","dateModified":"2023-04-11T03:05:39+00:00","description":"Markt-XXL UGREEN 100W USB C auf USB C Kabel 2 St\u00fcck PD3.0 QC 4.0\/4.0+ PPS USB-C Ladekabel 5A\/20V kompatibel mit 2023 MacBook Pro\u2026","breadcrumb":{"@id":"https:\/\/marktxxl.de\/markt\/produkt\/ugreen-100w-usb-c-auf-usb-c-kabel-2-stueck-pd3-0-qc-4-0-4-0-usb-c-ladekabel-5a-20v-kompatibel-mit-2022-macbook-pro-m2-2022-macbook-air-m2-ipad-pro-2021-galaxy-s22-s21-s20-steam-deck-usw\/#breadcrumb"},"inLanguage":"de","potentialAction":[{"@type":"ReadAction","target":["https:\/\/marktxxl.de\/markt\/produkt\/ugreen-100w-usb-c-auf-usb-c-kabel-2-stueck-pd3-0-qc-4-0-4-0-usb-c-ladekabel-5a-20v-kompatibel-mit-2022-macbook-pro-m2-2022-macbook-air-m2-ipad-pro-2021-galaxy-s22-s21-s20-steam-deck-usw\/"]}]},{"@type":"ImageObject","inLanguage":"de","@id":"https:\/\/marktxxl.de\/markt\/produkt\/ugreen-100w-usb-c-auf-usb-c-kabel-2-stueck-pd3-0-qc-4-0-4-0-usb-c-ladekabel-5a-20v-kompatibel-mit-2022-macbook-pro-m2-2022-macbook-air-m2-ipad-pro-2021-galaxy-s22-s21-s20-steam-deck-usw\/#primaryimage","url":"https:\/\/m.media-amazon.com\/images\/I\/41SyWFAvGwL._SL500_.jpg","contentUrl":"https:\/\/m.media-amazon.com\/images\/I\/41SyWFAvGwL._SL500_.jpg","width":375,"height":500},{"@type":"BreadcrumbList","@id":"https:\/\/marktxxl.de\/markt\/produkt\/ugreen-100w-usb-c-auf-usb-c-kabel-2-stueck-pd3-0-qc-4-0-4-0-usb-c-ladekabel-5a-20v-kompatibel-mit-2022-macbook-pro-m2-2022-macbook-air-m2-ipad-pro-2021-galaxy-s22-s21-s20-steam-deck-usw\/#breadcrumb","itemListElement":[{"@type":"ListItem","position":1,"name":"Startseite","item":"https:\/\/marktxxl.de\/markt\/"},{"@type":"ListItem","position":2,"name":"Markt","item":"https:\/\/marktxxl.de\/markt\/"},{"@type":"ListItem","position":3,"name":"UGREEN 100W USB C auf USB C Kabel 2 St\u00fcck PD3.0 QC 4.0\/4.0+ PPS USB-C Ladekabel 5A\/20V kompatibel mit 2023 MacBook Pro\u2026"}]},{"@type":"WebSite","@id":"https:\/\/marktxxl.de\/markt\/#website","url":"https:\/\/marktxxl.de\/markt\/","name":"Markt-XXL","description":"Ihr Markt Online","publisher":{"@id":"https:\/\/marktxxl.de\/markt\/#organization"},"potentialAction":[{"@type":"SearchAction","target":{"@type":"EntryPoint","urlTemplate":"https:\/\/marktxxl.de\/markt\/?s={search_term_string}"},"query-input":{"@type":"PropertyValueSpecification","valueRequired":true,"valueName":"search_term_string"}}],"inLanguage":"de"},{"@type":"Organization","@id":"https:\/\/marktxxl.de\/markt\/#organization","name":"Markt-XXL","url":"https:\/\/marktxxl.de\/markt\/","logo":{"@type":"ImageObject","inLanguage":"de","@id":"https:\/\/marktxxl.de\/markt\/#\/schema\/logo\/image\/","url":"https:\/\/marktxxl.de\/markt\/wp-content\/uploads\/sites\/3\/2020\/12\/logo.png","contentUrl":"https:\/\/marktxxl.de\/markt\/wp-content\/uploads\/sites\/3\/2020\/12\/logo.png","width":200,"height":70,"caption":"Markt-XXL"},"image":{"@id":"https:\/\/marktxxl.de\/markt\/#\/schema\/logo\/image\/"}}]}},"_links":{"self":[{"href":"https:\/\/marktxxl.de\/markt\/wp-json\/wp\/v2\/product\/176601","targetHints":{"allow":["GET"]}}],"collection":[{"href":"https:\/\/marktxxl.de\/markt\/wp-json\/wp\/v2\/product"}],"about":[{"href":"https:\/\/marktxxl.de\/markt\/wp-json\/wp\/v2\/types\/product"}],"replies":[{"embeddable":true,"href":"https:\/\/marktxxl.de\/markt\/wp-json\/wp\/v2\/comments?post=176601"}],"wp:featuredmedia":[{"embeddable":true,"href":"https:\/\/marktxxl.de\/markt\/wp-json\/wp\/v2\/media\/176602"}],"wp:attachment":[{"href":"https:\/\/marktxxl.de\/markt\/wp-json\/wp\/v2\/media?parent=176601"}],"wp:term":[{"taxonomy":"product_brand","embeddable":true,"href":"https:\/\/marktxxl.de\/markt\/wp-json\/wp\/v2\/product_brand?post=176601"},{"taxonomy":"product_cat","embeddable":true,"href":"https:\/\/marktxxl.de\/markt\/wp-json\/wp\/v2\/product_cat?post=176601"},{"taxonomy":"product_tag","embeddable":true,"href":"https:\/\/marktxxl.de\/markt\/wp-json\/wp\/v2\/product_tag?post=176601"}],"curies":[{"name":"wp","href":"https:\/\/api.w.org\/{rel}","templated":true}]}}