{"id":176484,"date":"2022-12-11T11:32:07","date_gmt":"2022-12-11T10:32:07","guid":{"rendered":"https:\/\/marktxxl.de\/markt\/produkt\/sma-antenne-4g-lte-antenne-dual-mimo-bis-zu-35dbi-signalverstaerkung-netzwerk-antenna-sma-fuer-3g-4g-mobile-hotspots-aircards-und-lte-router-huawei-b525-lte-antenne-kabel-2m-und-2x-sma-anschluessen\/"},"modified":"2023-04-11T05:05:38","modified_gmt":"2023-04-11T03:05:38","slug":"sma-antenne-4g-lte-antenne-dual-mimo-bis-zu-35dbi-signalverstaerkung-netzwerk-antenna-sma-fuer-3g-4g-mobile-hotspots-aircards-und-lte-router-huawei-b525-lte-antenne-kabel-2m-und-2x-sma-anschluessen","status":"publish","type":"product","link":"https:\/\/marktxxl.de\/markt\/produkt\/sma-antenne-4g-lte-antenne-dual-mimo-bis-zu-35dbi-signalverstaerkung-netzwerk-antenna-sma-fuer-3g-4g-mobile-hotspots-aircards-und-lte-router-huawei-b525-lte-antenne-kabel-2m-und-2x-sma-anschluessen\/","title":{"rendered":"SMA Antenne, 4G LTE Antenne Dual Mimo Bis zu 35dBi Signalverst\u00e4rkung Netzwerk Antenna SMA f\u00fcr 3G\/4G Mobile Hotspots\u2026"},"content":{"rendered":"<p>SMA 4G Antenne-Diese Antenne 4G SMA mimo Richtantenne verbessert die Signale empfangen, wird Ihnen eine bessere Leistung und Stabilit\u00e4t der Verbindung, um die Geschwindigkeit f\u00fcr zu Hause oder in Ihrem Hauptb\u00fcro zu maximieren.<br \/>\nFrequenzbereich: 698-960 MHz, 1710-2170 MHz, 2300-2700 MHz; Gain: 35 dBi; Feature: leistungsstarke Saugn\u00e4pfe; Richtung: Omnidirektionale; Kabell\u00e4nge: 2 meter; Anschluss: SMA-Stecker.<br \/>\nEinfache Installation: Dank der Saugnapf-Basis und des langen Kabels mit SMA-Stecker k\u00f6nnen Sie diese antenne \u00fcberall platzieren, wo Sie m\u00f6chten. Kann installiert werden innen auf Schreibtisch oder Fenster oder Wand.Einfach zu installieren, keine Software erforderlich.<br \/>\nKompatibles Carrier-Netzwerk: Orange, SFR, Bouygues Telecom, Free Mobile, Vodafone ee O2 Three und etc. kompatibel mit: 4G LTE USB modem Dongle; 4G LTE mobile WiFi Hotspot MiFi Router; 4G LTE Wireless mobile Router Modem.<br \/>\nPaketliste: 1 x SMA antenne mit 2m Kabel ; 1 Bedienungsanleitung ; 2 * Befestigung. Es ist tragbar und einfach, \u00fcberall mitzunehmen<br \/>\n<div class=\"main-cross-sell\" data-asin=\"B0BJPKVCMN\">\n\n\t<div class=\"WooZone-cross-sell-loader\">\n\t\t<div>\n\t\t\t<div id=\"floatingBarsG\">\n\t\t\t\t<div class=\"blockG\" id=\"rotateG_01\"><\/div>\n\t\t\t\t<div class=\"blockG\" id=\"rotateG_02\"><\/div>\n\t\t\t\t<div class=\"blockG\" id=\"rotateG_03\"><\/div>\n\t\t\t\t<div class=\"blockG\" id=\"rotateG_04\"><\/div>\n\t\t\t\t<div class=\"blockG\" id=\"rotateG_05\"><\/div>\n\t\t\t\t<div class=\"blockG\" id=\"rotateG_06\"><\/div>\n\t\t\t\t<div class=\"blockG\" id=\"rotateG_07\"><\/div>\n\t\t\t\t<div class=\"blockG\" id=\"rotateG_08\"><\/div>\n\t\t\t<\/div>\n\t\t\t<div class=\"WooZone-cross-sell-loader-text\"><\/div>\n\t\t<\/div>\n\t<\/div>\n\n\t\t\n<\/div>\n<div style=\"clear:both;\"><\/div><\/p>\n","protected":false},"excerpt":{"rendered":"<p>SMA 4G Antenne-Diese Antenne 4G SMA mimo Richtantenne verbessert die Signale empfangen, wird Ihnen eine bessere Leistung und Stabilit\u00e4t der Verbindung, um die Geschwindigkeit f\u00fcr zu Hause oder in Ihrem Hauptb\u00fcro zu maximieren.<br \/>\nFrequenzbereich: 698-960 MHz, 1710-2170 MHz, 2300-2700 MHz; Gain: 35 dBi; Feature: leistungsstarke Saugn\u00e4pfe; Richtung: Omnidirektionale; Kabell\u00e4nge: 2 meter; Anschluss: SMA-Stecker.<br \/>\nEinfache Installation: Dank der Saugnapf-Basis und des langen Kabels mit SMA-Stecker k\u00f6nnen Sie diese antenne \u00fcberall platzieren, wo Sie m\u00f6chten. Kann installiert werden innen auf Schreibtisch oder Fenster oder Wand.Einfach zu installieren, keine Software erforderlich.<\/p>\n","protected":false},"featured_media":176485,"comment_status":"open","ping_status":"closed","template":"","meta":[],"product_brand":[],"product_cat":[863],"product_tag":[],"class_list":{"0":"post-176484","1":"product","2":"type-product","3":"status-publish","4":"has-post-thumbnail","6":"product_cat-computer-zubehoer","7":"pa_binding-elektronik","8":"pa_brand-wodgreat","9":"pa_manufacturer-wodgreat","10":"pa_warranty-2-years","12":"first","13":"instock","14":"shipping-taxable","15":"purchasable","16":"product-type-simple","17":"customify-col","18":"product-has-gallery"},"yoast_head":"<!-- This site is optimized with the Yoast SEO plugin v27.3 - https:\/\/yoast.com\/product\/yoast-seo-wordpress\/ -->\n<title>SMA Antenne, 4G LTE Antenne Dual Mimo Bis zu 35dBi Signalverst\u00e4rkung Netzwerk Antenna SMA f\u00fcr 3G\/4G Mobile Hotspots\u2026 - Markt-XXL<\/title>\n<meta name=\"description\" content=\"Markt-XXL SMA Antenne, 4G LTE Antenne Dual Mimo Bis zu 35dBi Signalverst\u00e4rkung Netzwerk Antenna SMA f\u00fcr 3G\/4G Mobile Hotspots\u2026\" \/>\n<meta name=\"robots\" content=\"index, follow, max-snippet:-1, max-image-preview:large, max-video-preview:-1\" \/>\n<link rel=\"canonical\" href=\"https:\/\/marktxxl.de\/markt\/produkt\/sma-antenne-4g-lte-antenne-dual-mimo-bis-zu-35dbi-signalverstaerkung-netzwerk-antenna-sma-fuer-3g-4g-mobile-hotspots-aircards-und-lte-router-huawei-b525-lte-antenne-kabel-2m-und-2x-sma-anschluessen\/\" \/>\n<meta property=\"og:locale\" content=\"de_DE\" \/>\n<meta property=\"og:type\" content=\"article\" \/>\n<meta property=\"og:title\" content=\"SMA Antenne, 4G LTE Antenne Dual Mimo Bis zu 35dBi Signalverst\u00e4rkung Netzwerk Antenna SMA f\u00fcr 3G\/4G Mobile Hotspots\u2026 - Markt-XXL\" \/>\n<meta property=\"og:description\" content=\"Markt-XXL SMA Antenne, 4G LTE Antenne Dual Mimo Bis zu 35dBi Signalverst\u00e4rkung Netzwerk Antenna SMA f\u00fcr 3G\/4G Mobile Hotspots\u2026\" \/>\n<meta property=\"og:url\" content=\"https:\/\/marktxxl.de\/markt\/produkt\/sma-antenne-4g-lte-antenne-dual-mimo-bis-zu-35dbi-signalverstaerkung-netzwerk-antenna-sma-fuer-3g-4g-mobile-hotspots-aircards-und-lte-router-huawei-b525-lte-antenne-kabel-2m-und-2x-sma-anschluessen\/\" \/>\n<meta property=\"og:site_name\" content=\"Markt-XXL\" \/>\n<meta property=\"article:modified_time\" content=\"2023-04-11T03:05:38+00:00\" \/>\n<meta property=\"og:image\" content=\"https:\/\/m.media-amazon.com\/images\/I\/21mb+4q19yL._SL500_.jpg\" \/>\n\t<meta property=\"og:image:width\" content=\"500\" \/>\n\t<meta property=\"og:image:height\" content=\"500\" \/>\n\t<meta property=\"og:image:type\" content=\"image\/jpeg\" \/>\n<meta name=\"twitter:card\" content=\"summary_large_image\" \/>\n<meta name=\"twitter:label1\" content=\"Gesch\u00e4tzte Lesezeit\" \/>\n\t<meta name=\"twitter:data1\" content=\"1\u00a0Minute\" \/>\n<script type=\"application\/ld+json\" class=\"yoast-schema-graph\">{\"@context\":\"https:\\\/\\\/schema.org\",\"@graph\":[{\"@type\":\"WebPage\",\"@id\":\"https:\\\/\\\/marktxxl.de\\\/markt\\\/produkt\\\/sma-antenne-4g-lte-antenne-dual-mimo-bis-zu-35dbi-signalverstaerkung-netzwerk-antenna-sma-fuer-3g-4g-mobile-hotspots-aircards-und-lte-router-huawei-b525-lte-antenne-kabel-2m-und-2x-sma-anschluessen\\\/\",\"url\":\"https:\\\/\\\/marktxxl.de\\\/markt\\\/produkt\\\/sma-antenne-4g-lte-antenne-dual-mimo-bis-zu-35dbi-signalverstaerkung-netzwerk-antenna-sma-fuer-3g-4g-mobile-hotspots-aircards-und-lte-router-huawei-b525-lte-antenne-kabel-2m-und-2x-sma-anschluessen\\\/\",\"name\":\"SMA Antenne, 4G LTE Antenne Dual Mimo Bis zu 35dBi Signalverst\u00e4rkung Netzwerk Antenna SMA f\u00fcr 3G\\\/4G Mobile Hotspots\u2026 - Markt-XXL\",\"isPartOf\":{\"@id\":\"https:\\\/\\\/marktxxl.de\\\/markt\\\/#website\"},\"primaryImageOfPage\":{\"@id\":\"https:\\\/\\\/marktxxl.de\\\/markt\\\/produkt\\\/sma-antenne-4g-lte-antenne-dual-mimo-bis-zu-35dbi-signalverstaerkung-netzwerk-antenna-sma-fuer-3g-4g-mobile-hotspots-aircards-und-lte-router-huawei-b525-lte-antenne-kabel-2m-und-2x-sma-anschluessen\\\/#primaryimage\"},\"image\":{\"@id\":\"https:\\\/\\\/marktxxl.de\\\/markt\\\/produkt\\\/sma-antenne-4g-lte-antenne-dual-mimo-bis-zu-35dbi-signalverstaerkung-netzwerk-antenna-sma-fuer-3g-4g-mobile-hotspots-aircards-und-lte-router-huawei-b525-lte-antenne-kabel-2m-und-2x-sma-anschluessen\\\/#primaryimage\"},\"thumbnailUrl\":\"https:\\\/\\\/m.media-amazon.com\\\/images\\\/I\\\/21mb+4q19yL._SL500_.jpg\",\"datePublished\":\"2022-12-11T10:32:07+00:00\",\"dateModified\":\"2023-04-11T03:05:38+00:00\",\"description\":\"Markt-XXL SMA Antenne, 4G LTE Antenne Dual Mimo Bis zu 35dBi Signalverst\u00e4rkung Netzwerk Antenna SMA f\u00fcr 3G\\\/4G Mobile Hotspots\u2026\",\"breadcrumb\":{\"@id\":\"https:\\\/\\\/marktxxl.de\\\/markt\\\/produkt\\\/sma-antenne-4g-lte-antenne-dual-mimo-bis-zu-35dbi-signalverstaerkung-netzwerk-antenna-sma-fuer-3g-4g-mobile-hotspots-aircards-und-lte-router-huawei-b525-lte-antenne-kabel-2m-und-2x-sma-anschluessen\\\/#breadcrumb\"},\"inLanguage\":\"de\",\"potentialAction\":[{\"@type\":\"ReadAction\",\"target\":[\"https:\\\/\\\/marktxxl.de\\\/markt\\\/produkt\\\/sma-antenne-4g-lte-antenne-dual-mimo-bis-zu-35dbi-signalverstaerkung-netzwerk-antenna-sma-fuer-3g-4g-mobile-hotspots-aircards-und-lte-router-huawei-b525-lte-antenne-kabel-2m-und-2x-sma-anschluessen\\\/\"]}]},{\"@type\":\"ImageObject\",\"inLanguage\":\"de\",\"@id\":\"https:\\\/\\\/marktxxl.de\\\/markt\\\/produkt\\\/sma-antenne-4g-lte-antenne-dual-mimo-bis-zu-35dbi-signalverstaerkung-netzwerk-antenna-sma-fuer-3g-4g-mobile-hotspots-aircards-und-lte-router-huawei-b525-lte-antenne-kabel-2m-und-2x-sma-anschluessen\\\/#primaryimage\",\"url\":\"https:\\\/\\\/m.media-amazon.com\\\/images\\\/I\\\/21mb+4q19yL._SL500_.jpg\",\"contentUrl\":\"https:\\\/\\\/m.media-amazon.com\\\/images\\\/I\\\/21mb+4q19yL._SL500_.jpg\",\"width\":500,\"height\":500},{\"@type\":\"BreadcrumbList\",\"@id\":\"https:\\\/\\\/marktxxl.de\\\/markt\\\/produkt\\\/sma-antenne-4g-lte-antenne-dual-mimo-bis-zu-35dbi-signalverstaerkung-netzwerk-antenna-sma-fuer-3g-4g-mobile-hotspots-aircards-und-lte-router-huawei-b525-lte-antenne-kabel-2m-und-2x-sma-anschluessen\\\/#breadcrumb\",\"itemListElement\":[{\"@type\":\"ListItem\",\"position\":1,\"name\":\"Startseite\",\"item\":\"https:\\\/\\\/marktxxl.de\\\/markt\\\/\"},{\"@type\":\"ListItem\",\"position\":2,\"name\":\"Markt\",\"item\":\"https:\\\/\\\/marktxxl.de\\\/markt\\\/\"},{\"@type\":\"ListItem\",\"position\":3,\"name\":\"SMA Antenne, 4G LTE Antenne Dual Mimo Bis zu 35dBi Signalverst\u00e4rkung Netzwerk Antenna SMA f\u00fcr 3G\\\/4G Mobile Hotspots\u2026\"}]},{\"@type\":\"WebSite\",\"@id\":\"https:\\\/\\\/marktxxl.de\\\/markt\\\/#website\",\"url\":\"https:\\\/\\\/marktxxl.de\\\/markt\\\/\",\"name\":\"Markt-XXL\",\"description\":\"Ihr Markt Online\",\"publisher\":{\"@id\":\"https:\\\/\\\/marktxxl.de\\\/markt\\\/#organization\"},\"potentialAction\":[{\"@type\":\"SearchAction\",\"target\":{\"@type\":\"EntryPoint\",\"urlTemplate\":\"https:\\\/\\\/marktxxl.de\\\/markt\\\/?s={search_term_string}\"},\"query-input\":{\"@type\":\"PropertyValueSpecification\",\"valueRequired\":true,\"valueName\":\"search_term_string\"}}],\"inLanguage\":\"de\"},{\"@type\":\"Organization\",\"@id\":\"https:\\\/\\\/marktxxl.de\\\/markt\\\/#organization\",\"name\":\"Markt-XXL\",\"url\":\"https:\\\/\\\/marktxxl.de\\\/markt\\\/\",\"logo\":{\"@type\":\"ImageObject\",\"inLanguage\":\"de\",\"@id\":\"https:\\\/\\\/marktxxl.de\\\/markt\\\/#\\\/schema\\\/logo\\\/image\\\/\",\"url\":\"https:\\\/\\\/marktxxl.de\\\/markt\\\/wp-content\\\/uploads\\\/sites\\\/3\\\/2020\\\/12\\\/logo.png\",\"contentUrl\":\"https:\\\/\\\/marktxxl.de\\\/markt\\\/wp-content\\\/uploads\\\/sites\\\/3\\\/2020\\\/12\\\/logo.png\",\"width\":200,\"height\":70,\"caption\":\"Markt-XXL\"},\"image\":{\"@id\":\"https:\\\/\\\/marktxxl.de\\\/markt\\\/#\\\/schema\\\/logo\\\/image\\\/\"}}]}<\/script>\n<!-- \/ Yoast SEO plugin. -->","yoast_head_json":{"title":"SMA Antenne, 4G LTE Antenne Dual Mimo Bis zu 35dBi Signalverst\u00e4rkung Netzwerk Antenna SMA f\u00fcr 3G\/4G Mobile Hotspots\u2026 - Markt-XXL","description":"Markt-XXL SMA Antenne, 4G LTE Antenne Dual Mimo Bis zu 35dBi Signalverst\u00e4rkung Netzwerk Antenna SMA f\u00fcr 3G\/4G Mobile Hotspots\u2026","robots":{"index":"index","follow":"follow","max-snippet":"max-snippet:-1","max-image-preview":"max-image-preview:large","max-video-preview":"max-video-preview:-1"},"canonical":"https:\/\/marktxxl.de\/markt\/produkt\/sma-antenne-4g-lte-antenne-dual-mimo-bis-zu-35dbi-signalverstaerkung-netzwerk-antenna-sma-fuer-3g-4g-mobile-hotspots-aircards-und-lte-router-huawei-b525-lte-antenne-kabel-2m-und-2x-sma-anschluessen\/","og_locale":"de_DE","og_type":"article","og_title":"SMA Antenne, 4G LTE Antenne Dual Mimo Bis zu 35dBi Signalverst\u00e4rkung Netzwerk Antenna SMA f\u00fcr 3G\/4G Mobile Hotspots\u2026 - Markt-XXL","og_description":"Markt-XXL SMA Antenne, 4G LTE Antenne Dual Mimo Bis zu 35dBi Signalverst\u00e4rkung Netzwerk Antenna SMA f\u00fcr 3G\/4G Mobile Hotspots\u2026","og_url":"https:\/\/marktxxl.de\/markt\/produkt\/sma-antenne-4g-lte-antenne-dual-mimo-bis-zu-35dbi-signalverstaerkung-netzwerk-antenna-sma-fuer-3g-4g-mobile-hotspots-aircards-und-lte-router-huawei-b525-lte-antenne-kabel-2m-und-2x-sma-anschluessen\/","og_site_name":"Markt-XXL","article_modified_time":"2023-04-11T03:05:38+00:00","og_image":[{"width":500,"height":500,"url":"https:\/\/m.media-amazon.com\/images\/I\/21mb+4q19yL._SL500_.jpg","type":"image\/jpeg"}],"twitter_card":"summary_large_image","twitter_misc":{"Gesch\u00e4tzte Lesezeit":"1\u00a0Minute"},"schema":{"@context":"https:\/\/schema.org","@graph":[{"@type":"WebPage","@id":"https:\/\/marktxxl.de\/markt\/produkt\/sma-antenne-4g-lte-antenne-dual-mimo-bis-zu-35dbi-signalverstaerkung-netzwerk-antenna-sma-fuer-3g-4g-mobile-hotspots-aircards-und-lte-router-huawei-b525-lte-antenne-kabel-2m-und-2x-sma-anschluessen\/","url":"https:\/\/marktxxl.de\/markt\/produkt\/sma-antenne-4g-lte-antenne-dual-mimo-bis-zu-35dbi-signalverstaerkung-netzwerk-antenna-sma-fuer-3g-4g-mobile-hotspots-aircards-und-lte-router-huawei-b525-lte-antenne-kabel-2m-und-2x-sma-anschluessen\/","name":"SMA Antenne, 4G LTE Antenne Dual Mimo Bis zu 35dBi Signalverst\u00e4rkung Netzwerk Antenna SMA f\u00fcr 3G\/4G Mobile Hotspots\u2026 - Markt-XXL","isPartOf":{"@id":"https:\/\/marktxxl.de\/markt\/#website"},"primaryImageOfPage":{"@id":"https:\/\/marktxxl.de\/markt\/produkt\/sma-antenne-4g-lte-antenne-dual-mimo-bis-zu-35dbi-signalverstaerkung-netzwerk-antenna-sma-fuer-3g-4g-mobile-hotspots-aircards-und-lte-router-huawei-b525-lte-antenne-kabel-2m-und-2x-sma-anschluessen\/#primaryimage"},"image":{"@id":"https:\/\/marktxxl.de\/markt\/produkt\/sma-antenne-4g-lte-antenne-dual-mimo-bis-zu-35dbi-signalverstaerkung-netzwerk-antenna-sma-fuer-3g-4g-mobile-hotspots-aircards-und-lte-router-huawei-b525-lte-antenne-kabel-2m-und-2x-sma-anschluessen\/#primaryimage"},"thumbnailUrl":"https:\/\/m.media-amazon.com\/images\/I\/21mb+4q19yL._SL500_.jpg","datePublished":"2022-12-11T10:32:07+00:00","dateModified":"2023-04-11T03:05:38+00:00","description":"Markt-XXL SMA Antenne, 4G LTE Antenne Dual Mimo Bis zu 35dBi Signalverst\u00e4rkung Netzwerk Antenna SMA f\u00fcr 3G\/4G Mobile Hotspots\u2026","breadcrumb":{"@id":"https:\/\/marktxxl.de\/markt\/produkt\/sma-antenne-4g-lte-antenne-dual-mimo-bis-zu-35dbi-signalverstaerkung-netzwerk-antenna-sma-fuer-3g-4g-mobile-hotspots-aircards-und-lte-router-huawei-b525-lte-antenne-kabel-2m-und-2x-sma-anschluessen\/#breadcrumb"},"inLanguage":"de","potentialAction":[{"@type":"ReadAction","target":["https:\/\/marktxxl.de\/markt\/produkt\/sma-antenne-4g-lte-antenne-dual-mimo-bis-zu-35dbi-signalverstaerkung-netzwerk-antenna-sma-fuer-3g-4g-mobile-hotspots-aircards-und-lte-router-huawei-b525-lte-antenne-kabel-2m-und-2x-sma-anschluessen\/"]}]},{"@type":"ImageObject","inLanguage":"de","@id":"https:\/\/marktxxl.de\/markt\/produkt\/sma-antenne-4g-lte-antenne-dual-mimo-bis-zu-35dbi-signalverstaerkung-netzwerk-antenna-sma-fuer-3g-4g-mobile-hotspots-aircards-und-lte-router-huawei-b525-lte-antenne-kabel-2m-und-2x-sma-anschluessen\/#primaryimage","url":"https:\/\/m.media-amazon.com\/images\/I\/21mb+4q19yL._SL500_.jpg","contentUrl":"https:\/\/m.media-amazon.com\/images\/I\/21mb+4q19yL._SL500_.jpg","width":500,"height":500},{"@type":"BreadcrumbList","@id":"https:\/\/marktxxl.de\/markt\/produkt\/sma-antenne-4g-lte-antenne-dual-mimo-bis-zu-35dbi-signalverstaerkung-netzwerk-antenna-sma-fuer-3g-4g-mobile-hotspots-aircards-und-lte-router-huawei-b525-lte-antenne-kabel-2m-und-2x-sma-anschluessen\/#breadcrumb","itemListElement":[{"@type":"ListItem","position":1,"name":"Startseite","item":"https:\/\/marktxxl.de\/markt\/"},{"@type":"ListItem","position":2,"name":"Markt","item":"https:\/\/marktxxl.de\/markt\/"},{"@type":"ListItem","position":3,"name":"SMA Antenne, 4G LTE Antenne Dual Mimo Bis zu 35dBi Signalverst\u00e4rkung Netzwerk Antenna SMA f\u00fcr 3G\/4G Mobile Hotspots\u2026"}]},{"@type":"WebSite","@id":"https:\/\/marktxxl.de\/markt\/#website","url":"https:\/\/marktxxl.de\/markt\/","name":"Markt-XXL","description":"Ihr Markt Online","publisher":{"@id":"https:\/\/marktxxl.de\/markt\/#organization"},"potentialAction":[{"@type":"SearchAction","target":{"@type":"EntryPoint","urlTemplate":"https:\/\/marktxxl.de\/markt\/?s={search_term_string}"},"query-input":{"@type":"PropertyValueSpecification","valueRequired":true,"valueName":"search_term_string"}}],"inLanguage":"de"},{"@type":"Organization","@id":"https:\/\/marktxxl.de\/markt\/#organization","name":"Markt-XXL","url":"https:\/\/marktxxl.de\/markt\/","logo":{"@type":"ImageObject","inLanguage":"de","@id":"https:\/\/marktxxl.de\/markt\/#\/schema\/logo\/image\/","url":"https:\/\/marktxxl.de\/markt\/wp-content\/uploads\/sites\/3\/2020\/12\/logo.png","contentUrl":"https:\/\/marktxxl.de\/markt\/wp-content\/uploads\/sites\/3\/2020\/12\/logo.png","width":200,"height":70,"caption":"Markt-XXL"},"image":{"@id":"https:\/\/marktxxl.de\/markt\/#\/schema\/logo\/image\/"}}]}},"_links":{"self":[{"href":"https:\/\/marktxxl.de\/markt\/wp-json\/wp\/v2\/product\/176484","targetHints":{"allow":["GET"]}}],"collection":[{"href":"https:\/\/marktxxl.de\/markt\/wp-json\/wp\/v2\/product"}],"about":[{"href":"https:\/\/marktxxl.de\/markt\/wp-json\/wp\/v2\/types\/product"}],"replies":[{"embeddable":true,"href":"https:\/\/marktxxl.de\/markt\/wp-json\/wp\/v2\/comments?post=176484"}],"wp:featuredmedia":[{"embeddable":true,"href":"https:\/\/marktxxl.de\/markt\/wp-json\/wp\/v2\/media\/176485"}],"wp:attachment":[{"href":"https:\/\/marktxxl.de\/markt\/wp-json\/wp\/v2\/media?parent=176484"}],"wp:term":[{"taxonomy":"product_brand","embeddable":true,"href":"https:\/\/marktxxl.de\/markt\/wp-json\/wp\/v2\/product_brand?post=176484"},{"taxonomy":"product_cat","embeddable":true,"href":"https:\/\/marktxxl.de\/markt\/wp-json\/wp\/v2\/product_cat?post=176484"},{"taxonomy":"product_tag","embeddable":true,"href":"https:\/\/marktxxl.de\/markt\/wp-json\/wp\/v2\/product_tag?post=176484"}],"curies":[{"name":"wp","href":"https:\/\/api.w.org\/{rel}","templated":true}]}}