{"id":176470,"date":"2022-12-11T11:31:44","date_gmt":"2022-12-11T10:31:44","guid":{"rendered":"https:\/\/marktxxl.de\/markt\/produkt\/1200mbit-s-wlan-verstaerker-wlan-repeater-ewifi-5ghz-867mbit-s-24ghz-300mbit-s-wifi-repeater-wifi-extender-mit-lan-wan-port-wifi-verstaerker-mit-4-modus-kompatibel-allen-wlan-geraeten\/"},"modified":"2023-04-11T05:05:38","modified_gmt":"2023-04-11T03:05:38","slug":"1200mbit-s-wlan-verstaerker-wlan-repeater-ewifi-5ghz-867mbit-s-24ghz-300mbit-s-wifi-repeater-wifi-extender-mit-lan-wan-port-wifi-verstaerker-mit-4-modus-kompatibel-allen-wlan-geraeten","status":"publish","type":"product","link":"https:\/\/marktxxl.de\/markt\/produkt\/1200mbit-s-wlan-verstaerker-wlan-repeater-ewifi-5ghz-867mbit-s-24ghz-300mbit-s-wifi-repeater-wifi-extender-mit-lan-wan-port-wifi-verstaerker-mit-4-modus-kompatibel-allen-wlan-geraeten\/","title":{"rendered":"1200Mbit\/s WLAN Verst\u00e4rker WLAN Repeater (EWIFI) 5GHz\/867Mbit\/s 2,4GHz\/300Mbit\/s, WiFi Repeater WiFi Extender Mit LAN\u2026"},"content":{"rendered":"<p>\u3010Vollst\u00e4ndige 360\u00b0 Abdeckung\u3011Wlan repeater mit 4 High Gain Antennen, bietet eine bessere Abdeckung Ihres wlan Netzwerks. Es gibt keine Verz\u00f6gerung bei der Arbeit und HD Video, wodurch sichergestellt wird, dass starke Signale durch die Wand dringen und eine ultraweite und stabile Umgebung f\u00fcr den drahtlosen Internetzugang entsteht.<br \/>\n\u30101200Mbit\/s Dualband WLAN Verst\u00e4rker\u3011 Dieser wlan verst\u00e4rker mit Geschwindigkeiten von bis zu 1200Mbit\/s (867Mbit\/s\/5 GHz, 2,4 GHz\/300Mbit\/s), stabilem und erweitertem WiFi Repeater f\u00fcr Online-Spiele, Arbeit und HD Videos ohne Verz\u00f6gerung, um starke Signale durch die Wand zu gew\u00e4hrleisten und ein Ultra Wide zu schaffen und eine stabile drahtlose Internetumgebung wurde geschaffen.<br \/>\n\u30104 in 1 Arbeitsmodus\u3011 Dieser WLAN Verst\u00e4rker unterst\u00fctzt vier Modi f\u00fcr AP\/Repeater\/Router\/Bridge, um unterschiedliche Benutzeranforderungen zu erf\u00fcllen.<br \/>\n\u3010Einfache Installation\u3011 Der WLAN Verst\u00e4rker erf\u00fcllt die Sicherheitsstandards WPA PSK WPA2 PSK und WPA\/WPA2, sch\u00fctzt Ihre Netzwerksicherheit in h\u00f6chstem Ma\u00dfe und unterst\u00fctzt SSID-Ausblenden und Blacklisting. Sie k\u00f6nnen den WLAN-Repeater in 3 Minuten einrichten, indem Sie sich einfach auf das Handbuch oder das Video beziehen.<br \/>\n\u3010WLAN Repeater Universelle Kompatibilit\u00e4t\u3011 Der WLAN Verst\u00e4rker entspricht dem WLAN-Standard IEEE 802.11 ac\/a\/b\/g\/n, kompatibel mit den meisten Internetboxen und WLAN-Routern auf dem Markt, ideal zum Erweitern von WLAN auf Echo\/Alexa-Ger\u00e4te. Smartphones, Tablets, Freebox, Livebox.<br \/>\n<div class=\"main-cross-sell\" data-asin=\"B0BL6LQD4Z\">\n\n\t<div class=\"WooZone-cross-sell-loader\">\n\t\t<div>\n\t\t\t<div id=\"floatingBarsG\">\n\t\t\t\t<div class=\"blockG\" id=\"rotateG_01\"><\/div>\n\t\t\t\t<div class=\"blockG\" id=\"rotateG_02\"><\/div>\n\t\t\t\t<div class=\"blockG\" id=\"rotateG_03\"><\/div>\n\t\t\t\t<div class=\"blockG\" id=\"rotateG_04\"><\/div>\n\t\t\t\t<div class=\"blockG\" id=\"rotateG_05\"><\/div>\n\t\t\t\t<div class=\"blockG\" id=\"rotateG_06\"><\/div>\n\t\t\t\t<div class=\"blockG\" id=\"rotateG_07\"><\/div>\n\t\t\t\t<div class=\"blockG\" id=\"rotateG_08\"><\/div>\n\t\t\t<\/div>\n\t\t\t<div class=\"WooZone-cross-sell-loader-text\"><\/div>\n\t\t<\/div>\n\t<\/div>\n\n\t\t\n<\/div>\n<div style=\"clear:both;\"><\/div><\/p>\n","protected":false},"excerpt":{"rendered":"<p>\u3010Vollst\u00e4ndige 360\u00b0 Abdeckung\u3011Wlan repeater mit 4 High Gain Antennen, bietet eine bessere Abdeckung Ihres wlan Netzwerks. Es gibt keine Verz\u00f6gerung bei der Arbeit und HD Video, wodurch sichergestellt wird, dass starke Signale durch die Wand dringen und eine ultraweite und stabile Umgebung f\u00fcr den drahtlosen Internetzugang entsteht.<br \/>\n\u30101200Mbit\/s Dualband WLAN Verst\u00e4rker\u3011 Dieser wlan verst\u00e4rker mit Geschwindigkeiten von bis zu 1200Mbit\/s (867Mbit\/s\/5 GHz, 2,4 GHz\/300Mbit\/s), stabilem und erweitertem WiFi Repeater f\u00fcr Online-Spiele, Arbeit und HD Videos ohne Verz\u00f6gerung, um starke Signale durch die Wand zu gew\u00e4hrleisten und ein Ultra Wide zu schaffen und eine stabile drahtlose Internetumgebung wurde geschaffen.<br \/>\n\u30104 in 1 Arbeitsmodus\u3011 Dieser WLAN Verst\u00e4rker unterst\u00fctzt vier Modi f\u00fcr AP\/Repeater\/Router\/Bridge, um unterschiedliche Benutzeranforderungen zu erf\u00fcllen.<\/p>\n","protected":false},"featured_media":176471,"comment_status":"open","ping_status":"closed","template":"","meta":[],"product_brand":[],"product_cat":[863],"product_tag":[],"class_list":{"0":"post-176470","1":"product","2":"type-product","3":"status-publish","4":"has-post-thumbnail","6":"product_cat-computer-zubehoer","7":"pa_brand-getue","8":"pa_color-white","9":"pa_manufacturer-getue","10":"pa_model-lf","11":"pa_size-1200mbps","12":"pa_warranty-60-day-warranty-against-manufacturer-defects","14":"first","15":"instock","16":"shipping-taxable","17":"purchasable","18":"product-type-simple","19":"customify-col","20":"product-has-gallery"},"yoast_head":"<!-- This site is optimized with the Yoast SEO plugin v27.4 - https:\/\/yoast.com\/product\/yoast-seo-wordpress\/ -->\n<title>1200Mbit\/s WLAN Verst\u00e4rker WLAN Repeater (EWIFI) 5GHz\/867Mbit\/s 2,4GHz\/300Mbit\/s, WiFi Repeater WiFi Extender Mit LAN\u2026 - Markt-XXL<\/title>\n<meta name=\"description\" content=\"Markt-XXL 1200Mbit\/s WLAN Verst\u00e4rker WLAN Repeater (EWIFI) 5GHz\/867Mbit\/s 2,4GHz\/300Mbit\/s, WiFi Repeater WiFi Extender Mit LAN\u2026\" \/>\n<meta name=\"robots\" content=\"index, follow, max-snippet:-1, max-image-preview:large, max-video-preview:-1\" \/>\n<link rel=\"canonical\" href=\"https:\/\/marktxxl.de\/markt\/produkt\/1200mbit-s-wlan-verstaerker-wlan-repeater-ewifi-5ghz-867mbit-s-24ghz-300mbit-s-wifi-repeater-wifi-extender-mit-lan-wan-port-wifi-verstaerker-mit-4-modus-kompatibel-allen-wlan-geraeten\/\" \/>\n<meta property=\"og:locale\" content=\"de_DE\" \/>\n<meta property=\"og:type\" content=\"article\" \/>\n<meta property=\"og:title\" content=\"1200Mbit\/s WLAN Verst\u00e4rker WLAN Repeater (EWIFI) 5GHz\/867Mbit\/s 2,4GHz\/300Mbit\/s, WiFi Repeater WiFi Extender Mit LAN\u2026 - Markt-XXL\" \/>\n<meta property=\"og:description\" content=\"Markt-XXL 1200Mbit\/s WLAN Verst\u00e4rker WLAN Repeater (EWIFI) 5GHz\/867Mbit\/s 2,4GHz\/300Mbit\/s, WiFi Repeater WiFi Extender Mit LAN\u2026\" \/>\n<meta property=\"og:url\" content=\"https:\/\/marktxxl.de\/markt\/produkt\/1200mbit-s-wlan-verstaerker-wlan-repeater-ewifi-5ghz-867mbit-s-24ghz-300mbit-s-wifi-repeater-wifi-extender-mit-lan-wan-port-wifi-verstaerker-mit-4-modus-kompatibel-allen-wlan-geraeten\/\" \/>\n<meta property=\"og:site_name\" content=\"Markt-XXL\" \/>\n<meta property=\"article:modified_time\" content=\"2023-04-11T03:05:38+00:00\" \/>\n<meta property=\"og:image\" content=\"https:\/\/m.media-amazon.com\/images\/I\/31CK9PsXyNL._SL500_.jpg\" \/>\n\t<meta property=\"og:image:width\" content=\"500\" \/>\n\t<meta property=\"og:image:height\" content=\"500\" \/>\n\t<meta property=\"og:image:type\" content=\"image\/jpeg\" \/>\n<meta name=\"twitter:card\" content=\"summary_large_image\" \/>\n<meta name=\"twitter:label1\" content=\"Gesch\u00e4tzte Lesezeit\" \/>\n\t<meta name=\"twitter:data1\" content=\"1\u00a0Minute\" \/>\n<script type=\"application\/ld+json\" class=\"yoast-schema-graph\">{\"@context\":\"https:\\\/\\\/schema.org\",\"@graph\":[{\"@type\":\"WebPage\",\"@id\":\"https:\\\/\\\/marktxxl.de\\\/markt\\\/produkt\\\/1200mbit-s-wlan-verstaerker-wlan-repeater-ewifi-5ghz-867mbit-s-24ghz-300mbit-s-wifi-repeater-wifi-extender-mit-lan-wan-port-wifi-verstaerker-mit-4-modus-kompatibel-allen-wlan-geraeten\\\/\",\"url\":\"https:\\\/\\\/marktxxl.de\\\/markt\\\/produkt\\\/1200mbit-s-wlan-verstaerker-wlan-repeater-ewifi-5ghz-867mbit-s-24ghz-300mbit-s-wifi-repeater-wifi-extender-mit-lan-wan-port-wifi-verstaerker-mit-4-modus-kompatibel-allen-wlan-geraeten\\\/\",\"name\":\"1200Mbit\\\/s WLAN Verst\u00e4rker WLAN Repeater (EWIFI) 5GHz\\\/867Mbit\\\/s 2,4GHz\\\/300Mbit\\\/s, WiFi Repeater WiFi Extender Mit LAN\u2026 - Markt-XXL\",\"isPartOf\":{\"@id\":\"https:\\\/\\\/marktxxl.de\\\/markt\\\/#website\"},\"primaryImageOfPage\":{\"@id\":\"https:\\\/\\\/marktxxl.de\\\/markt\\\/produkt\\\/1200mbit-s-wlan-verstaerker-wlan-repeater-ewifi-5ghz-867mbit-s-24ghz-300mbit-s-wifi-repeater-wifi-extender-mit-lan-wan-port-wifi-verstaerker-mit-4-modus-kompatibel-allen-wlan-geraeten\\\/#primaryimage\"},\"image\":{\"@id\":\"https:\\\/\\\/marktxxl.de\\\/markt\\\/produkt\\\/1200mbit-s-wlan-verstaerker-wlan-repeater-ewifi-5ghz-867mbit-s-24ghz-300mbit-s-wifi-repeater-wifi-extender-mit-lan-wan-port-wifi-verstaerker-mit-4-modus-kompatibel-allen-wlan-geraeten\\\/#primaryimage\"},\"thumbnailUrl\":\"https:\\\/\\\/m.media-amazon.com\\\/images\\\/I\\\/31CK9PsXyNL._SL500_.jpg\",\"datePublished\":\"2022-12-11T10:31:44+00:00\",\"dateModified\":\"2023-04-11T03:05:38+00:00\",\"description\":\"Markt-XXL 1200Mbit\\\/s WLAN Verst\u00e4rker WLAN Repeater (EWIFI) 5GHz\\\/867Mbit\\\/s 2,4GHz\\\/300Mbit\\\/s, WiFi Repeater WiFi Extender Mit LAN\u2026\",\"breadcrumb\":{\"@id\":\"https:\\\/\\\/marktxxl.de\\\/markt\\\/produkt\\\/1200mbit-s-wlan-verstaerker-wlan-repeater-ewifi-5ghz-867mbit-s-24ghz-300mbit-s-wifi-repeater-wifi-extender-mit-lan-wan-port-wifi-verstaerker-mit-4-modus-kompatibel-allen-wlan-geraeten\\\/#breadcrumb\"},\"inLanguage\":\"de\",\"potentialAction\":[{\"@type\":\"ReadAction\",\"target\":[\"https:\\\/\\\/marktxxl.de\\\/markt\\\/produkt\\\/1200mbit-s-wlan-verstaerker-wlan-repeater-ewifi-5ghz-867mbit-s-24ghz-300mbit-s-wifi-repeater-wifi-extender-mit-lan-wan-port-wifi-verstaerker-mit-4-modus-kompatibel-allen-wlan-geraeten\\\/\"]}]},{\"@type\":\"ImageObject\",\"inLanguage\":\"de\",\"@id\":\"https:\\\/\\\/marktxxl.de\\\/markt\\\/produkt\\\/1200mbit-s-wlan-verstaerker-wlan-repeater-ewifi-5ghz-867mbit-s-24ghz-300mbit-s-wifi-repeater-wifi-extender-mit-lan-wan-port-wifi-verstaerker-mit-4-modus-kompatibel-allen-wlan-geraeten\\\/#primaryimage\",\"url\":\"https:\\\/\\\/m.media-amazon.com\\\/images\\\/I\\\/31CK9PsXyNL._SL500_.jpg\",\"contentUrl\":\"https:\\\/\\\/m.media-amazon.com\\\/images\\\/I\\\/31CK9PsXyNL._SL500_.jpg\",\"width\":500,\"height\":500},{\"@type\":\"BreadcrumbList\",\"@id\":\"https:\\\/\\\/marktxxl.de\\\/markt\\\/produkt\\\/1200mbit-s-wlan-verstaerker-wlan-repeater-ewifi-5ghz-867mbit-s-24ghz-300mbit-s-wifi-repeater-wifi-extender-mit-lan-wan-port-wifi-verstaerker-mit-4-modus-kompatibel-allen-wlan-geraeten\\\/#breadcrumb\",\"itemListElement\":[{\"@type\":\"ListItem\",\"position\":1,\"name\":\"Startseite\",\"item\":\"https:\\\/\\\/marktxxl.de\\\/markt\\\/\"},{\"@type\":\"ListItem\",\"position\":2,\"name\":\"Markt\",\"item\":\"https:\\\/\\\/marktxxl.de\\\/markt\\\/\"},{\"@type\":\"ListItem\",\"position\":3,\"name\":\"1200Mbit\\\/s WLAN Verst\u00e4rker WLAN Repeater (EWIFI) 5GHz\\\/867Mbit\\\/s 2,4GHz\\\/300Mbit\\\/s, WiFi Repeater WiFi Extender Mit LAN\u2026\"}]},{\"@type\":\"WebSite\",\"@id\":\"https:\\\/\\\/marktxxl.de\\\/markt\\\/#website\",\"url\":\"https:\\\/\\\/marktxxl.de\\\/markt\\\/\",\"name\":\"Markt-XXL\",\"description\":\"Ihr Markt Online\",\"publisher\":{\"@id\":\"https:\\\/\\\/marktxxl.de\\\/markt\\\/#organization\"},\"potentialAction\":[{\"@type\":\"SearchAction\",\"target\":{\"@type\":\"EntryPoint\",\"urlTemplate\":\"https:\\\/\\\/marktxxl.de\\\/markt\\\/?s={search_term_string}\"},\"query-input\":{\"@type\":\"PropertyValueSpecification\",\"valueRequired\":true,\"valueName\":\"search_term_string\"}}],\"inLanguage\":\"de\"},{\"@type\":\"Organization\",\"@id\":\"https:\\\/\\\/marktxxl.de\\\/markt\\\/#organization\",\"name\":\"Markt-XXL\",\"url\":\"https:\\\/\\\/marktxxl.de\\\/markt\\\/\",\"logo\":{\"@type\":\"ImageObject\",\"inLanguage\":\"de\",\"@id\":\"https:\\\/\\\/marktxxl.de\\\/markt\\\/#\\\/schema\\\/logo\\\/image\\\/\",\"url\":\"https:\\\/\\\/marktxxl.de\\\/markt\\\/wp-content\\\/uploads\\\/sites\\\/3\\\/2020\\\/12\\\/logo.png\",\"contentUrl\":\"https:\\\/\\\/marktxxl.de\\\/markt\\\/wp-content\\\/uploads\\\/sites\\\/3\\\/2020\\\/12\\\/logo.png\",\"width\":200,\"height\":70,\"caption\":\"Markt-XXL\"},\"image\":{\"@id\":\"https:\\\/\\\/marktxxl.de\\\/markt\\\/#\\\/schema\\\/logo\\\/image\\\/\"}}]}<\/script>\n<!-- \/ Yoast SEO plugin. -->","yoast_head_json":{"title":"1200Mbit\/s WLAN Verst\u00e4rker WLAN Repeater (EWIFI) 5GHz\/867Mbit\/s 2,4GHz\/300Mbit\/s, WiFi Repeater WiFi Extender Mit LAN\u2026 - Markt-XXL","description":"Markt-XXL 1200Mbit\/s WLAN Verst\u00e4rker WLAN Repeater (EWIFI) 5GHz\/867Mbit\/s 2,4GHz\/300Mbit\/s, WiFi Repeater WiFi Extender Mit LAN\u2026","robots":{"index":"index","follow":"follow","max-snippet":"max-snippet:-1","max-image-preview":"max-image-preview:large","max-video-preview":"max-video-preview:-1"},"canonical":"https:\/\/marktxxl.de\/markt\/produkt\/1200mbit-s-wlan-verstaerker-wlan-repeater-ewifi-5ghz-867mbit-s-24ghz-300mbit-s-wifi-repeater-wifi-extender-mit-lan-wan-port-wifi-verstaerker-mit-4-modus-kompatibel-allen-wlan-geraeten\/","og_locale":"de_DE","og_type":"article","og_title":"1200Mbit\/s WLAN Verst\u00e4rker WLAN Repeater (EWIFI) 5GHz\/867Mbit\/s 2,4GHz\/300Mbit\/s, WiFi Repeater WiFi Extender Mit LAN\u2026 - Markt-XXL","og_description":"Markt-XXL 1200Mbit\/s WLAN Verst\u00e4rker WLAN Repeater (EWIFI) 5GHz\/867Mbit\/s 2,4GHz\/300Mbit\/s, WiFi Repeater WiFi Extender Mit LAN\u2026","og_url":"https:\/\/marktxxl.de\/markt\/produkt\/1200mbit-s-wlan-verstaerker-wlan-repeater-ewifi-5ghz-867mbit-s-24ghz-300mbit-s-wifi-repeater-wifi-extender-mit-lan-wan-port-wifi-verstaerker-mit-4-modus-kompatibel-allen-wlan-geraeten\/","og_site_name":"Markt-XXL","article_modified_time":"2023-04-11T03:05:38+00:00","og_image":[{"width":500,"height":500,"url":"https:\/\/m.media-amazon.com\/images\/I\/31CK9PsXyNL._SL500_.jpg","type":"image\/jpeg"}],"twitter_card":"summary_large_image","twitter_misc":{"Gesch\u00e4tzte Lesezeit":"1\u00a0Minute"},"schema":{"@context":"https:\/\/schema.org","@graph":[{"@type":"WebPage","@id":"https:\/\/marktxxl.de\/markt\/produkt\/1200mbit-s-wlan-verstaerker-wlan-repeater-ewifi-5ghz-867mbit-s-24ghz-300mbit-s-wifi-repeater-wifi-extender-mit-lan-wan-port-wifi-verstaerker-mit-4-modus-kompatibel-allen-wlan-geraeten\/","url":"https:\/\/marktxxl.de\/markt\/produkt\/1200mbit-s-wlan-verstaerker-wlan-repeater-ewifi-5ghz-867mbit-s-24ghz-300mbit-s-wifi-repeater-wifi-extender-mit-lan-wan-port-wifi-verstaerker-mit-4-modus-kompatibel-allen-wlan-geraeten\/","name":"1200Mbit\/s WLAN Verst\u00e4rker WLAN Repeater (EWIFI) 5GHz\/867Mbit\/s 2,4GHz\/300Mbit\/s, WiFi Repeater WiFi Extender Mit LAN\u2026 - Markt-XXL","isPartOf":{"@id":"https:\/\/marktxxl.de\/markt\/#website"},"primaryImageOfPage":{"@id":"https:\/\/marktxxl.de\/markt\/produkt\/1200mbit-s-wlan-verstaerker-wlan-repeater-ewifi-5ghz-867mbit-s-24ghz-300mbit-s-wifi-repeater-wifi-extender-mit-lan-wan-port-wifi-verstaerker-mit-4-modus-kompatibel-allen-wlan-geraeten\/#primaryimage"},"image":{"@id":"https:\/\/marktxxl.de\/markt\/produkt\/1200mbit-s-wlan-verstaerker-wlan-repeater-ewifi-5ghz-867mbit-s-24ghz-300mbit-s-wifi-repeater-wifi-extender-mit-lan-wan-port-wifi-verstaerker-mit-4-modus-kompatibel-allen-wlan-geraeten\/#primaryimage"},"thumbnailUrl":"https:\/\/m.media-amazon.com\/images\/I\/31CK9PsXyNL._SL500_.jpg","datePublished":"2022-12-11T10:31:44+00:00","dateModified":"2023-04-11T03:05:38+00:00","description":"Markt-XXL 1200Mbit\/s WLAN Verst\u00e4rker WLAN Repeater (EWIFI) 5GHz\/867Mbit\/s 2,4GHz\/300Mbit\/s, WiFi Repeater WiFi Extender Mit LAN\u2026","breadcrumb":{"@id":"https:\/\/marktxxl.de\/markt\/produkt\/1200mbit-s-wlan-verstaerker-wlan-repeater-ewifi-5ghz-867mbit-s-24ghz-300mbit-s-wifi-repeater-wifi-extender-mit-lan-wan-port-wifi-verstaerker-mit-4-modus-kompatibel-allen-wlan-geraeten\/#breadcrumb"},"inLanguage":"de","potentialAction":[{"@type":"ReadAction","target":["https:\/\/marktxxl.de\/markt\/produkt\/1200mbit-s-wlan-verstaerker-wlan-repeater-ewifi-5ghz-867mbit-s-24ghz-300mbit-s-wifi-repeater-wifi-extender-mit-lan-wan-port-wifi-verstaerker-mit-4-modus-kompatibel-allen-wlan-geraeten\/"]}]},{"@type":"ImageObject","inLanguage":"de","@id":"https:\/\/marktxxl.de\/markt\/produkt\/1200mbit-s-wlan-verstaerker-wlan-repeater-ewifi-5ghz-867mbit-s-24ghz-300mbit-s-wifi-repeater-wifi-extender-mit-lan-wan-port-wifi-verstaerker-mit-4-modus-kompatibel-allen-wlan-geraeten\/#primaryimage","url":"https:\/\/m.media-amazon.com\/images\/I\/31CK9PsXyNL._SL500_.jpg","contentUrl":"https:\/\/m.media-amazon.com\/images\/I\/31CK9PsXyNL._SL500_.jpg","width":500,"height":500},{"@type":"BreadcrumbList","@id":"https:\/\/marktxxl.de\/markt\/produkt\/1200mbit-s-wlan-verstaerker-wlan-repeater-ewifi-5ghz-867mbit-s-24ghz-300mbit-s-wifi-repeater-wifi-extender-mit-lan-wan-port-wifi-verstaerker-mit-4-modus-kompatibel-allen-wlan-geraeten\/#breadcrumb","itemListElement":[{"@type":"ListItem","position":1,"name":"Startseite","item":"https:\/\/marktxxl.de\/markt\/"},{"@type":"ListItem","position":2,"name":"Markt","item":"https:\/\/marktxxl.de\/markt\/"},{"@type":"ListItem","position":3,"name":"1200Mbit\/s WLAN Verst\u00e4rker WLAN Repeater (EWIFI) 5GHz\/867Mbit\/s 2,4GHz\/300Mbit\/s, WiFi Repeater WiFi Extender Mit LAN\u2026"}]},{"@type":"WebSite","@id":"https:\/\/marktxxl.de\/markt\/#website","url":"https:\/\/marktxxl.de\/markt\/","name":"Markt-XXL","description":"Ihr Markt Online","publisher":{"@id":"https:\/\/marktxxl.de\/markt\/#organization"},"potentialAction":[{"@type":"SearchAction","target":{"@type":"EntryPoint","urlTemplate":"https:\/\/marktxxl.de\/markt\/?s={search_term_string}"},"query-input":{"@type":"PropertyValueSpecification","valueRequired":true,"valueName":"search_term_string"}}],"inLanguage":"de"},{"@type":"Organization","@id":"https:\/\/marktxxl.de\/markt\/#organization","name":"Markt-XXL","url":"https:\/\/marktxxl.de\/markt\/","logo":{"@type":"ImageObject","inLanguage":"de","@id":"https:\/\/marktxxl.de\/markt\/#\/schema\/logo\/image\/","url":"https:\/\/marktxxl.de\/markt\/wp-content\/uploads\/sites\/3\/2020\/12\/logo.png","contentUrl":"https:\/\/marktxxl.de\/markt\/wp-content\/uploads\/sites\/3\/2020\/12\/logo.png","width":200,"height":70,"caption":"Markt-XXL"},"image":{"@id":"https:\/\/marktxxl.de\/markt\/#\/schema\/logo\/image\/"}}]}},"_links":{"self":[{"href":"https:\/\/marktxxl.de\/markt\/wp-json\/wp\/v2\/product\/176470","targetHints":{"allow":["GET"]}}],"collection":[{"href":"https:\/\/marktxxl.de\/markt\/wp-json\/wp\/v2\/product"}],"about":[{"href":"https:\/\/marktxxl.de\/markt\/wp-json\/wp\/v2\/types\/product"}],"replies":[{"embeddable":true,"href":"https:\/\/marktxxl.de\/markt\/wp-json\/wp\/v2\/comments?post=176470"}],"wp:featuredmedia":[{"embeddable":true,"href":"https:\/\/marktxxl.de\/markt\/wp-json\/wp\/v2\/media\/176471"}],"wp:attachment":[{"href":"https:\/\/marktxxl.de\/markt\/wp-json\/wp\/v2\/media?parent=176470"}],"wp:term":[{"taxonomy":"product_brand","embeddable":true,"href":"https:\/\/marktxxl.de\/markt\/wp-json\/wp\/v2\/product_brand?post=176470"},{"taxonomy":"product_cat","embeddable":true,"href":"https:\/\/marktxxl.de\/markt\/wp-json\/wp\/v2\/product_cat?post=176470"},{"taxonomy":"product_tag","embeddable":true,"href":"https:\/\/marktxxl.de\/markt\/wp-json\/wp\/v2\/product_tag?post=176470"}],"curies":[{"name":"wp","href":"https:\/\/api.w.org\/{rel}","templated":true}]}}