{"id":176350,"date":"2022-12-11T11:26:35","date_gmt":"2022-12-11T10:26:35","guid":{"rendered":"https:\/\/marktxxl.de\/markt\/produkt\/mini-beamer-projektor-full-hd-1080p-unterstuetzt-yoton-y3-beamer-handy-fuer-telefon-pc-ps4-ps5-xbox-projector-kompatibel-mit-usb-hdmi-av-geschenk-fuer-kinder\/"},"modified":"2023-04-11T05:05:38","modified_gmt":"2023-04-11T03:05:38","slug":"mini-beamer-projektor-full-hd-1080p-unterstuetzt-yoton-y3-beamer-handy-fuer-telefon-pc-ps4-ps5-xbox-projector-kompatibel-mit-usb-hdmi-av-geschenk-fuer-kinder","status":"publish","type":"product","link":"https:\/\/marktxxl.de\/markt\/produkt\/mini-beamer-projektor-full-hd-1080p-unterstuetzt-yoton-y3-beamer-handy-fuer-telefon-pc-ps4-ps5-xbox-projector-kompatibel-mit-usb-hdmi-av-geschenk-fuer-kinder\/","title":{"rendered":"Mini Beamer \u2013 Beamer Full HD 1080P unterst\u00fctzt, Yoton Y3 Mini Projecktor f\u00fcr Handy Phone\/PC\/PS4\/PS5\/Xbox\/Firestick\u2026"},"content":{"rendered":"<p>\ud83c\udf85Verbesserte Bildqualit\u00e4t &#8211; Y3 Mini-Beamer mit kleinem Geh\u00e4use hat eine native Aufl\u00f6sung von 1280*720. Im Vergleich zu den meisten 720P-Projektoren mit sperrigen Abmessungen auf dem Markt werden Sie sein Gewicht und seine Gr\u00f6\u00dfe (420 g\/13,6 x 11 x 5,8 cm) \u00fcberraschen. Kontrastverh\u00e4ltnis von 5000: 1, stellen Sie die farbenfrohsten Zeichentrickfilme wieder her.<br \/>\n\ud83c\udf81Geschenk f\u00fcr Kinder &#8211; Der Y3 Mini projector ist einfach zu bedienen. Der kompakte K\u00f6rper l\u00e4sst sich leicht in der Hand halten und das farbenfrohe Design ist bei Kindern sehr beliebt, was es zu einem idealen Weihnachtsgeschenk f\u00fcr Ihre Kinder macht. Der Videobeamer ist der beste Begleiter f\u00fcr Kinder, um Zeichentrickfilme und Lehrvideos anzusehen, die Kinder lieben.<br \/>\n\ud83c\udf84Mehrere Schnittstellen &#8211; \u00dcber die HDMI-, USB-, Audio- und AV-Schnittstellen von Y3 Beamer handy k\u00f6nnen Sie einen PC, ein Tablet, ein Smartphone, eine TV-Box, einen Fire Stick, eine PS4, eine PS5, eine Xbox, eine U-Disk, eine DVD usw. anschlie\u00dfen sch\u00f6ne Eltern-Kind-Betrachtungszeit. F\u00fcr die Telefonverbindung ist ein drahtloser HDMI-Dongle erforderlich (nicht im Lieferumfang enthalten).<br \/>\n\ud83e\udd8cEinfach zu bedienen und ger\u00e4uscharm &#8211; Der Y3-Miniprojektor verf\u00fcgt \u00fcber eine Trapezkorrektur von \u00b115\u00b0 und ein Fokusrad, und Kinder k\u00f6nnen die Einstellung auch einfach drehen und schnell ein klares Bild erhalten. Unterst\u00fctzt 30&#8243;-120&#8243; Projektion (40&#8243;-80&#8243; empfohlen). Projektoren mit hoher Helligkeit werden oft von viel L\u00e4rm begleitet, aber die Low-Noise-Technologie (&lt;30 dB) des Y3-Projektors erm\u00f6glicht es Ihnen und Ihren Kindern, zu sehen, ohne von L\u00e4rm gest\u00f6rt zu werden.<br \/>\n\ud83d\udd14\u3010Breite Kompatibilit\u00e4t &amp; Tragetasche\u3011Der native 1080p-Projektor verf\u00fcgt \u00fcber HDMI-, USB- und AV-Eing\u00e4nge sowie Wi-Fi-Funktion. Sie k\u00f6nnen ihn an Ihr Smartphone, Laptop, PC, TV-Box, TV-Stick, Spielkonsole, DVD usw. anschlie\u00dfen. Au\u00dferdem wird der verbesserte Projektor mit einer Tragetasche geliefert, in der Sie den Projektor bequem verstauen und transportieren k\u00f6nnen.<br \/>\n<div class=\"main-cross-sell\" data-asin=\"&quot;B09SL7XNRX&quot;\">\n\n\t<div class=\"WooZone-cross-sell-loader\">\n\t\t<div>\n\t\t\t<div id=\"floatingBarsG\">\n\t\t\t\t<div class=\"blockG\" id=\"rotateG_01\"><\/div>\n\t\t\t\t<div class=\"blockG\" id=\"rotateG_02\"><\/div>\n\t\t\t\t<div class=\"blockG\" id=\"rotateG_03\"><\/div>\n\t\t\t\t<div class=\"blockG\" id=\"rotateG_04\"><\/div>\n\t\t\t\t<div class=\"blockG\" id=\"rotateG_05\"><\/div>\n\t\t\t\t<div class=\"blockG\" id=\"rotateG_06\"><\/div>\n\t\t\t\t<div class=\"blockG\" id=\"rotateG_07\"><\/div>\n\t\t\t\t<div class=\"blockG\" id=\"rotateG_08\"><\/div>\n\t\t\t<\/div>\n\t\t\t<div class=\"WooZone-cross-sell-loader-text\"><\/div>\n\t\t<\/div>\n\t<\/div>\n\n\t\t\n<\/div>\n<div style=\"clear:both;\"><\/div><\/p>\n","protected":false},"excerpt":{"rendered":"<p>\ud83c\udf85Verbesserte Bildqualit\u00e4t &#8211; Y3 Mini-Beamer mit kleinem Geh\u00e4use hat eine native Aufl\u00f6sung von 1280*720. Im Vergleich zu den meisten 720P-Projektoren mit sperrigen Abmessungen auf dem Markt werden Sie sein Gewicht und seine Gr\u00f6\u00dfe (420 g\/13,6 x 11 x 5,8 cm) \u00fcberraschen. Kontrastverh\u00e4ltnis von 5000: 1, stellen Sie die farbenfrohsten Zeichentrickfilme wieder her.<br \/>\n\ud83c\udf81Geschenk f\u00fcr Kinder &#8211; Der Y3 Mini projector ist einfach zu bedienen. Der kompakte K\u00f6rper l\u00e4sst sich leicht in der Hand halten und das farbenfrohe Design ist bei Kindern sehr beliebt, was es zu einem idealen Weihnachtsgeschenk f\u00fcr Ihre Kinder macht. Der Videobeamer ist der beste Begleiter f\u00fcr Kinder, um Zeichentrickfilme und Lehrvideos anzusehen, die Kinder lieben.<br \/>\n\ud83c\udf84Mehrere Schnittstellen &#8211; \u00dcber die HDMI-, USB-, Audio- und AV-Schnittstellen von Y3 Beamer handy k\u00f6nnen Sie einen PC, ein Tablet, ein Smartphone, eine TV-Box, einen Fire Stick, eine PS4, eine PS5, eine Xbox, eine U-Disk, eine DVD usw. anschlie\u00dfen sch\u00f6ne Eltern-Kind-Betrachtungszeit. F\u00fcr die Telefonverbindung ist ein drahtloser HDMI-Dongle erforderlich (nicht im Lieferumfang enthalten).<\/p>\n","protected":false},"featured_media":176351,"comment_status":"open","ping_status":"closed","template":"","meta":[],"product_brand":[],"product_cat":[863],"product_tag":[],"class_list":{"0":"post-176350","1":"product","2":"type-product","3":"status-publish","4":"has-post-thumbnail","6":"product_cat-computer-zubehoer","7":"pa_binding-elektronik","8":"pa_brand-yoton","9":"pa_height-2-3-zoll","10":"pa_length-5-4-zoll","11":"pa_manufacturer-yoton","12":"pa_model-y3","13":"pa_weight-0-9259415004-pfund","14":"pa_width-4-3-zoll","16":"first","17":"instock","18":"shipping-taxable","19":"purchasable","20":"product-type-simple","21":"customify-col","22":"product-has-gallery"},"yoast_head":"<!-- This site is optimized with the Yoast SEO plugin v27.4 - https:\/\/yoast.com\/product\/yoast-seo-wordpress\/ -->\n<title>Mini Beamer \u2013 Beamer Full HD 1080P unterst\u00fctzt, Yoton Y3 Mini Projecktor f\u00fcr Handy Phone\/PC\/PS4\/PS5\/Xbox\/Firestick\u2026 - Markt-XXL<\/title>\n<meta name=\"description\" content=\"Markt-XXL Mini Beamer \u2013 Beamer Full HD 1080P unterst\u00fctzt, Yoton Y3 Mini Projecktor f\u00fcr Handy Phone\/PC\/PS4\/PS5\/Xbox\/Firestick\u2026\" \/>\n<meta name=\"robots\" content=\"index, follow, max-snippet:-1, max-image-preview:large, max-video-preview:-1\" \/>\n<link rel=\"canonical\" href=\"https:\/\/marktxxl.de\/markt\/produkt\/mini-beamer-projektor-full-hd-1080p-unterstuetzt-yoton-y3-beamer-handy-fuer-telefon-pc-ps4-ps5-xbox-projector-kompatibel-mit-usb-hdmi-av-geschenk-fuer-kinder\/\" \/>\n<meta property=\"og:locale\" content=\"de_DE\" \/>\n<meta property=\"og:type\" content=\"article\" \/>\n<meta property=\"og:title\" content=\"Mini Beamer \u2013 Beamer Full HD 1080P unterst\u00fctzt, Yoton Y3 Mini Projecktor f\u00fcr Handy Phone\/PC\/PS4\/PS5\/Xbox\/Firestick\u2026 - Markt-XXL\" \/>\n<meta property=\"og:description\" content=\"Markt-XXL Mini Beamer \u2013 Beamer Full HD 1080P unterst\u00fctzt, Yoton Y3 Mini Projecktor f\u00fcr Handy Phone\/PC\/PS4\/PS5\/Xbox\/Firestick\u2026\" \/>\n<meta property=\"og:url\" content=\"https:\/\/marktxxl.de\/markt\/produkt\/mini-beamer-projektor-full-hd-1080p-unterstuetzt-yoton-y3-beamer-handy-fuer-telefon-pc-ps4-ps5-xbox-projector-kompatibel-mit-usb-hdmi-av-geschenk-fuer-kinder\/\" \/>\n<meta property=\"og:site_name\" content=\"Markt-XXL\" \/>\n<meta property=\"article:modified_time\" content=\"2023-04-11T03:05:38+00:00\" \/>\n<meta property=\"og:image\" content=\"https:\/\/m.media-amazon.com\/images\/I\/515zlAG+YnL._SL500_.jpg\" \/>\n\t<meta property=\"og:image:width\" content=\"500\" \/>\n\t<meta property=\"og:image:height\" content=\"500\" \/>\n\t<meta property=\"og:image:type\" content=\"image\/jpeg\" \/>\n<meta name=\"twitter:card\" content=\"summary_large_image\" \/>\n<meta name=\"twitter:label1\" content=\"Gesch\u00e4tzte Lesezeit\" \/>\n\t<meta name=\"twitter:data1\" content=\"2\u00a0Minuten\" \/>\n<script type=\"application\/ld+json\" class=\"yoast-schema-graph\">{\"@context\":\"https:\\\/\\\/schema.org\",\"@graph\":[{\"@type\":\"WebPage\",\"@id\":\"https:\\\/\\\/marktxxl.de\\\/markt\\\/produkt\\\/mini-beamer-projektor-full-hd-1080p-unterstuetzt-yoton-y3-beamer-handy-fuer-telefon-pc-ps4-ps5-xbox-projector-kompatibel-mit-usb-hdmi-av-geschenk-fuer-kinder\\\/\",\"url\":\"https:\\\/\\\/marktxxl.de\\\/markt\\\/produkt\\\/mini-beamer-projektor-full-hd-1080p-unterstuetzt-yoton-y3-beamer-handy-fuer-telefon-pc-ps4-ps5-xbox-projector-kompatibel-mit-usb-hdmi-av-geschenk-fuer-kinder\\\/\",\"name\":\"Mini Beamer \u2013 Beamer Full HD 1080P unterst\u00fctzt, Yoton Y3 Mini Projecktor f\u00fcr Handy Phone\\\/PC\\\/PS4\\\/PS5\\\/Xbox\\\/Firestick\u2026 - Markt-XXL\",\"isPartOf\":{\"@id\":\"https:\\\/\\\/marktxxl.de\\\/markt\\\/#website\"},\"primaryImageOfPage\":{\"@id\":\"https:\\\/\\\/marktxxl.de\\\/markt\\\/produkt\\\/mini-beamer-projektor-full-hd-1080p-unterstuetzt-yoton-y3-beamer-handy-fuer-telefon-pc-ps4-ps5-xbox-projector-kompatibel-mit-usb-hdmi-av-geschenk-fuer-kinder\\\/#primaryimage\"},\"image\":{\"@id\":\"https:\\\/\\\/marktxxl.de\\\/markt\\\/produkt\\\/mini-beamer-projektor-full-hd-1080p-unterstuetzt-yoton-y3-beamer-handy-fuer-telefon-pc-ps4-ps5-xbox-projector-kompatibel-mit-usb-hdmi-av-geschenk-fuer-kinder\\\/#primaryimage\"},\"thumbnailUrl\":\"https:\\\/\\\/m.media-amazon.com\\\/images\\\/I\\\/515zlAG+YnL._SL500_.jpg\",\"datePublished\":\"2022-12-11T10:26:35+00:00\",\"dateModified\":\"2023-04-11T03:05:38+00:00\",\"description\":\"Markt-XXL Mini Beamer \u2013 Beamer Full HD 1080P unterst\u00fctzt, Yoton Y3 Mini Projecktor f\u00fcr Handy Phone\\\/PC\\\/PS4\\\/PS5\\\/Xbox\\\/Firestick\u2026\",\"breadcrumb\":{\"@id\":\"https:\\\/\\\/marktxxl.de\\\/markt\\\/produkt\\\/mini-beamer-projektor-full-hd-1080p-unterstuetzt-yoton-y3-beamer-handy-fuer-telefon-pc-ps4-ps5-xbox-projector-kompatibel-mit-usb-hdmi-av-geschenk-fuer-kinder\\\/#breadcrumb\"},\"inLanguage\":\"de\",\"potentialAction\":[{\"@type\":\"ReadAction\",\"target\":[\"https:\\\/\\\/marktxxl.de\\\/markt\\\/produkt\\\/mini-beamer-projektor-full-hd-1080p-unterstuetzt-yoton-y3-beamer-handy-fuer-telefon-pc-ps4-ps5-xbox-projector-kompatibel-mit-usb-hdmi-av-geschenk-fuer-kinder\\\/\"]}]},{\"@type\":\"ImageObject\",\"inLanguage\":\"de\",\"@id\":\"https:\\\/\\\/marktxxl.de\\\/markt\\\/produkt\\\/mini-beamer-projektor-full-hd-1080p-unterstuetzt-yoton-y3-beamer-handy-fuer-telefon-pc-ps4-ps5-xbox-projector-kompatibel-mit-usb-hdmi-av-geschenk-fuer-kinder\\\/#primaryimage\",\"url\":\"https:\\\/\\\/m.media-amazon.com\\\/images\\\/I\\\/515zlAG+YnL._SL500_.jpg\",\"contentUrl\":\"https:\\\/\\\/m.media-amazon.com\\\/images\\\/I\\\/515zlAG+YnL._SL500_.jpg\",\"width\":500,\"height\":500},{\"@type\":\"BreadcrumbList\",\"@id\":\"https:\\\/\\\/marktxxl.de\\\/markt\\\/produkt\\\/mini-beamer-projektor-full-hd-1080p-unterstuetzt-yoton-y3-beamer-handy-fuer-telefon-pc-ps4-ps5-xbox-projector-kompatibel-mit-usb-hdmi-av-geschenk-fuer-kinder\\\/#breadcrumb\",\"itemListElement\":[{\"@type\":\"ListItem\",\"position\":1,\"name\":\"Startseite\",\"item\":\"https:\\\/\\\/marktxxl.de\\\/markt\\\/\"},{\"@type\":\"ListItem\",\"position\":2,\"name\":\"Markt\",\"item\":\"https:\\\/\\\/marktxxl.de\\\/markt\\\/\"},{\"@type\":\"ListItem\",\"position\":3,\"name\":\"Mini Beamer \u2013 Beamer Full HD 1080P unterst\u00fctzt, Yoton Y3 Mini Projecktor f\u00fcr Handy Phone\\\/PC\\\/PS4\\\/PS5\\\/Xbox\\\/Firestick\u2026\"}]},{\"@type\":\"WebSite\",\"@id\":\"https:\\\/\\\/marktxxl.de\\\/markt\\\/#website\",\"url\":\"https:\\\/\\\/marktxxl.de\\\/markt\\\/\",\"name\":\"Markt-XXL\",\"description\":\"Ihr Markt Online\",\"publisher\":{\"@id\":\"https:\\\/\\\/marktxxl.de\\\/markt\\\/#organization\"},\"potentialAction\":[{\"@type\":\"SearchAction\",\"target\":{\"@type\":\"EntryPoint\",\"urlTemplate\":\"https:\\\/\\\/marktxxl.de\\\/markt\\\/?s={search_term_string}\"},\"query-input\":{\"@type\":\"PropertyValueSpecification\",\"valueRequired\":true,\"valueName\":\"search_term_string\"}}],\"inLanguage\":\"de\"},{\"@type\":\"Organization\",\"@id\":\"https:\\\/\\\/marktxxl.de\\\/markt\\\/#organization\",\"name\":\"Markt-XXL\",\"url\":\"https:\\\/\\\/marktxxl.de\\\/markt\\\/\",\"logo\":{\"@type\":\"ImageObject\",\"inLanguage\":\"de\",\"@id\":\"https:\\\/\\\/marktxxl.de\\\/markt\\\/#\\\/schema\\\/logo\\\/image\\\/\",\"url\":\"https:\\\/\\\/marktxxl.de\\\/markt\\\/wp-content\\\/uploads\\\/sites\\\/3\\\/2020\\\/12\\\/logo.png\",\"contentUrl\":\"https:\\\/\\\/marktxxl.de\\\/markt\\\/wp-content\\\/uploads\\\/sites\\\/3\\\/2020\\\/12\\\/logo.png\",\"width\":200,\"height\":70,\"caption\":\"Markt-XXL\"},\"image\":{\"@id\":\"https:\\\/\\\/marktxxl.de\\\/markt\\\/#\\\/schema\\\/logo\\\/image\\\/\"}}]}<\/script>\n<!-- \/ Yoast SEO plugin. -->","yoast_head_json":{"title":"Mini Beamer \u2013 Beamer Full HD 1080P unterst\u00fctzt, Yoton Y3 Mini Projecktor f\u00fcr Handy Phone\/PC\/PS4\/PS5\/Xbox\/Firestick\u2026 - Markt-XXL","description":"Markt-XXL Mini Beamer \u2013 Beamer Full HD 1080P unterst\u00fctzt, Yoton Y3 Mini Projecktor f\u00fcr Handy Phone\/PC\/PS4\/PS5\/Xbox\/Firestick\u2026","robots":{"index":"index","follow":"follow","max-snippet":"max-snippet:-1","max-image-preview":"max-image-preview:large","max-video-preview":"max-video-preview:-1"},"canonical":"https:\/\/marktxxl.de\/markt\/produkt\/mini-beamer-projektor-full-hd-1080p-unterstuetzt-yoton-y3-beamer-handy-fuer-telefon-pc-ps4-ps5-xbox-projector-kompatibel-mit-usb-hdmi-av-geschenk-fuer-kinder\/","og_locale":"de_DE","og_type":"article","og_title":"Mini Beamer \u2013 Beamer Full HD 1080P unterst\u00fctzt, Yoton Y3 Mini Projecktor f\u00fcr Handy Phone\/PC\/PS4\/PS5\/Xbox\/Firestick\u2026 - Markt-XXL","og_description":"Markt-XXL Mini Beamer \u2013 Beamer Full HD 1080P unterst\u00fctzt, Yoton Y3 Mini Projecktor f\u00fcr Handy Phone\/PC\/PS4\/PS5\/Xbox\/Firestick\u2026","og_url":"https:\/\/marktxxl.de\/markt\/produkt\/mini-beamer-projektor-full-hd-1080p-unterstuetzt-yoton-y3-beamer-handy-fuer-telefon-pc-ps4-ps5-xbox-projector-kompatibel-mit-usb-hdmi-av-geschenk-fuer-kinder\/","og_site_name":"Markt-XXL","article_modified_time":"2023-04-11T03:05:38+00:00","og_image":[{"width":500,"height":500,"url":"https:\/\/m.media-amazon.com\/images\/I\/515zlAG+YnL._SL500_.jpg","type":"image\/jpeg"}],"twitter_card":"summary_large_image","twitter_misc":{"Gesch\u00e4tzte Lesezeit":"2\u00a0Minuten"},"schema":{"@context":"https:\/\/schema.org","@graph":[{"@type":"WebPage","@id":"https:\/\/marktxxl.de\/markt\/produkt\/mini-beamer-projektor-full-hd-1080p-unterstuetzt-yoton-y3-beamer-handy-fuer-telefon-pc-ps4-ps5-xbox-projector-kompatibel-mit-usb-hdmi-av-geschenk-fuer-kinder\/","url":"https:\/\/marktxxl.de\/markt\/produkt\/mini-beamer-projektor-full-hd-1080p-unterstuetzt-yoton-y3-beamer-handy-fuer-telefon-pc-ps4-ps5-xbox-projector-kompatibel-mit-usb-hdmi-av-geschenk-fuer-kinder\/","name":"Mini Beamer \u2013 Beamer Full HD 1080P unterst\u00fctzt, Yoton Y3 Mini Projecktor f\u00fcr Handy Phone\/PC\/PS4\/PS5\/Xbox\/Firestick\u2026 - Markt-XXL","isPartOf":{"@id":"https:\/\/marktxxl.de\/markt\/#website"},"primaryImageOfPage":{"@id":"https:\/\/marktxxl.de\/markt\/produkt\/mini-beamer-projektor-full-hd-1080p-unterstuetzt-yoton-y3-beamer-handy-fuer-telefon-pc-ps4-ps5-xbox-projector-kompatibel-mit-usb-hdmi-av-geschenk-fuer-kinder\/#primaryimage"},"image":{"@id":"https:\/\/marktxxl.de\/markt\/produkt\/mini-beamer-projektor-full-hd-1080p-unterstuetzt-yoton-y3-beamer-handy-fuer-telefon-pc-ps4-ps5-xbox-projector-kompatibel-mit-usb-hdmi-av-geschenk-fuer-kinder\/#primaryimage"},"thumbnailUrl":"https:\/\/m.media-amazon.com\/images\/I\/515zlAG+YnL._SL500_.jpg","datePublished":"2022-12-11T10:26:35+00:00","dateModified":"2023-04-11T03:05:38+00:00","description":"Markt-XXL Mini Beamer \u2013 Beamer Full HD 1080P unterst\u00fctzt, Yoton Y3 Mini Projecktor f\u00fcr Handy Phone\/PC\/PS4\/PS5\/Xbox\/Firestick\u2026","breadcrumb":{"@id":"https:\/\/marktxxl.de\/markt\/produkt\/mini-beamer-projektor-full-hd-1080p-unterstuetzt-yoton-y3-beamer-handy-fuer-telefon-pc-ps4-ps5-xbox-projector-kompatibel-mit-usb-hdmi-av-geschenk-fuer-kinder\/#breadcrumb"},"inLanguage":"de","potentialAction":[{"@type":"ReadAction","target":["https:\/\/marktxxl.de\/markt\/produkt\/mini-beamer-projektor-full-hd-1080p-unterstuetzt-yoton-y3-beamer-handy-fuer-telefon-pc-ps4-ps5-xbox-projector-kompatibel-mit-usb-hdmi-av-geschenk-fuer-kinder\/"]}]},{"@type":"ImageObject","inLanguage":"de","@id":"https:\/\/marktxxl.de\/markt\/produkt\/mini-beamer-projektor-full-hd-1080p-unterstuetzt-yoton-y3-beamer-handy-fuer-telefon-pc-ps4-ps5-xbox-projector-kompatibel-mit-usb-hdmi-av-geschenk-fuer-kinder\/#primaryimage","url":"https:\/\/m.media-amazon.com\/images\/I\/515zlAG+YnL._SL500_.jpg","contentUrl":"https:\/\/m.media-amazon.com\/images\/I\/515zlAG+YnL._SL500_.jpg","width":500,"height":500},{"@type":"BreadcrumbList","@id":"https:\/\/marktxxl.de\/markt\/produkt\/mini-beamer-projektor-full-hd-1080p-unterstuetzt-yoton-y3-beamer-handy-fuer-telefon-pc-ps4-ps5-xbox-projector-kompatibel-mit-usb-hdmi-av-geschenk-fuer-kinder\/#breadcrumb","itemListElement":[{"@type":"ListItem","position":1,"name":"Startseite","item":"https:\/\/marktxxl.de\/markt\/"},{"@type":"ListItem","position":2,"name":"Markt","item":"https:\/\/marktxxl.de\/markt\/"},{"@type":"ListItem","position":3,"name":"Mini Beamer \u2013 Beamer Full HD 1080P unterst\u00fctzt, Yoton Y3 Mini Projecktor f\u00fcr Handy Phone\/PC\/PS4\/PS5\/Xbox\/Firestick\u2026"}]},{"@type":"WebSite","@id":"https:\/\/marktxxl.de\/markt\/#website","url":"https:\/\/marktxxl.de\/markt\/","name":"Markt-XXL","description":"Ihr Markt Online","publisher":{"@id":"https:\/\/marktxxl.de\/markt\/#organization"},"potentialAction":[{"@type":"SearchAction","target":{"@type":"EntryPoint","urlTemplate":"https:\/\/marktxxl.de\/markt\/?s={search_term_string}"},"query-input":{"@type":"PropertyValueSpecification","valueRequired":true,"valueName":"search_term_string"}}],"inLanguage":"de"},{"@type":"Organization","@id":"https:\/\/marktxxl.de\/markt\/#organization","name":"Markt-XXL","url":"https:\/\/marktxxl.de\/markt\/","logo":{"@type":"ImageObject","inLanguage":"de","@id":"https:\/\/marktxxl.de\/markt\/#\/schema\/logo\/image\/","url":"https:\/\/marktxxl.de\/markt\/wp-content\/uploads\/sites\/3\/2020\/12\/logo.png","contentUrl":"https:\/\/marktxxl.de\/markt\/wp-content\/uploads\/sites\/3\/2020\/12\/logo.png","width":200,"height":70,"caption":"Markt-XXL"},"image":{"@id":"https:\/\/marktxxl.de\/markt\/#\/schema\/logo\/image\/"}}]}},"_links":{"self":[{"href":"https:\/\/marktxxl.de\/markt\/wp-json\/wp\/v2\/product\/176350","targetHints":{"allow":["GET"]}}],"collection":[{"href":"https:\/\/marktxxl.de\/markt\/wp-json\/wp\/v2\/product"}],"about":[{"href":"https:\/\/marktxxl.de\/markt\/wp-json\/wp\/v2\/types\/product"}],"replies":[{"embeddable":true,"href":"https:\/\/marktxxl.de\/markt\/wp-json\/wp\/v2\/comments?post=176350"}],"wp:featuredmedia":[{"embeddable":true,"href":"https:\/\/marktxxl.de\/markt\/wp-json\/wp\/v2\/media\/176351"}],"wp:attachment":[{"href":"https:\/\/marktxxl.de\/markt\/wp-json\/wp\/v2\/media?parent=176350"}],"wp:term":[{"taxonomy":"product_brand","embeddable":true,"href":"https:\/\/marktxxl.de\/markt\/wp-json\/wp\/v2\/product_brand?post=176350"},{"taxonomy":"product_cat","embeddable":true,"href":"https:\/\/marktxxl.de\/markt\/wp-json\/wp\/v2\/product_cat?post=176350"},{"taxonomy":"product_tag","embeddable":true,"href":"https:\/\/marktxxl.de\/markt\/wp-json\/wp\/v2\/product_tag?post=176350"}],"curies":[{"name":"wp","href":"https:\/\/api.w.org\/{rel}","templated":true}]}}