{"id":176342,"date":"2022-12-11T11:26:24","date_gmt":"2022-12-11T10:26:24","guid":{"rendered":"https:\/\/marktxxl.de\/markt\/produkt\/kugelschreiber-mit-touchpen-12-stueck-stylus-eingabestift-stift-2-in-1-kapazitive-stylus-stifte-druckkugelschreiber-fuer-universelle-touchscreen-geraete-1-0-mm-schwarze-tinte-12-farben\/"},"modified":"2023-04-11T05:05:37","modified_gmt":"2023-04-11T03:05:37","slug":"kugelschreiber-mit-touchpen-12-stueck-stylus-eingabestift-stift-2-in-1-kapazitive-stylus-stifte-druckkugelschreiber-fuer-universelle-touchscreen-geraete-1-0-mm-schwarze-tinte-12-farben","status":"publish","type":"product","link":"https:\/\/marktxxl.de\/markt\/produkt\/kugelschreiber-mit-touchpen-12-stueck-stylus-eingabestift-stift-2-in-1-kapazitive-stylus-stifte-druckkugelschreiber-fuer-universelle-touchscreen-geraete-1-0-mm-schwarze-tinte-12-farben\/","title":{"rendered":"Kugelschreiber mit Touchpen 12 St\u00fcck Stylus Eingabestift Stift 2 in 1 Kapazitive Stylus Stifte Druckkugelschreiber f\u00fcr\u2026"},"content":{"rendered":"<p>Paket Inhalt: Es gibt 12 St\u00fcck Kugelschreiber mit Stylus-Spitze, Metallstifte mit schwarzer Tinte mittlerer Kugelschreiber; Die Gr\u00f6\u00dfe eines einzelnen Kugelschreibers mit Stylus-Spitze ist 5,5 x 0,4 Zoll \/ 14 x 1 cm, die die richtige Gr\u00f6\u00dfe f\u00fcr einen Stift ist; Hinweis: Die Tinte auf der Mine ist schwarz.<br \/>\nHochwertiges Material: Das Geh\u00e4use der schlanken, stilvollen Stifte besteht aus robustem Aluminium, das bequem und langlebig ist und St\u00f6\u00dfen und Verformungen standh\u00e4lt. Die Ministifte sind leicht und die schwarzen 1 mm-Minen k\u00f6nnen auf den meisten Oberfl\u00e4chen ungehindert zum Schreiben verwendet werden.<br \/>\nPraktisches Design: Das 2-in-1-Design verleiht diesem Kugelschreiber mehr Funktionen; Sie k\u00f6nnen ihn verwenden, um Notizen nicht nur auf Papier, sondern auch auf Ihrem Telefon oder Tablet-Bildschirm zu machen; Noch wichtiger ist, dass er nicht aufgeladen werden muss, was Ihnen eine Menge \u00c4rger erspart; Das Doppelring-Design im Griff kann die Reibungskraft erh\u00f6hen und verhindern, dass Sie leicht herunterfallen, wenn Sie ihn greifen.<br \/>\nHelle Farbe Set: Stylus Stifte kommt in 12 Farbe, Diese 12 Arten von hellen und sch\u00f6nen Farbkombination k\u00f6nnen Sie bequemer aussehen und f\u00fchlen, ideal f\u00fcr den t\u00e4glichen Gebrauch und Ersatz, auch Sie k\u00f6nnen sie mit Ihrem Familienmitglied, Freunde, Kollegen, Klassenkameraden teilen.<br \/>\nGeeignet als Geschenk: Diese schicken Schreibger\u00e4te sind perfekte Geschenke f\u00fcr den G\u00e4stebuch-Tisch bei Kongressen, Messen, Partys und vielem mehr. Perfekt f\u00fcr Schule, B\u00fcro, Familie.<br \/>\n<div class=\"main-cross-sell\" data-asin=\"B0BGN8V4J5\">\n\n\t<div class=\"WooZone-cross-sell-loader\">\n\t\t<div>\n\t\t\t<div id=\"floatingBarsG\">\n\t\t\t\t<div class=\"blockG\" id=\"rotateG_01\"><\/div>\n\t\t\t\t<div class=\"blockG\" id=\"rotateG_02\"><\/div>\n\t\t\t\t<div class=\"blockG\" id=\"rotateG_03\"><\/div>\n\t\t\t\t<div class=\"blockG\" id=\"rotateG_04\"><\/div>\n\t\t\t\t<div class=\"blockG\" id=\"rotateG_05\"><\/div>\n\t\t\t\t<div class=\"blockG\" id=\"rotateG_06\"><\/div>\n\t\t\t\t<div class=\"blockG\" id=\"rotateG_07\"><\/div>\n\t\t\t\t<div class=\"blockG\" id=\"rotateG_08\"><\/div>\n\t\t\t<\/div>\n\t\t\t<div class=\"WooZone-cross-sell-loader-text\"><\/div>\n\t\t<\/div>\n\t<\/div>\n\n\t\t\n<\/div>\n<div style=\"clear:both;\"><\/div><\/p>\n","protected":false},"excerpt":{"rendered":"<p>Paket Inhalt: Es gibt 12 St\u00fcck Kugelschreiber mit Stylus-Spitze, Metallstifte mit schwarzer Tinte mittlerer Kugelschreiber; Die Gr\u00f6\u00dfe eines einzelnen Kugelschreibers mit Stylus-Spitze ist 5,5 x 0,4 Zoll \/ 14 x 1 cm, die die richtige Gr\u00f6\u00dfe f\u00fcr einen Stift ist; Hinweis: Die Tinte auf der Mine ist schwarz.<br \/>\nHochwertiges Material: Das Geh\u00e4use der schlanken, stilvollen Stifte besteht aus robustem Aluminium, das bequem und langlebig ist und St\u00f6\u00dfen und Verformungen standh\u00e4lt. Die Ministifte sind leicht und die schwarzen 1 mm-Minen k\u00f6nnen auf den meisten Oberfl\u00e4chen ungehindert zum Schreiben verwendet werden.<br \/>\nPraktisches Design: Das 2-in-1-Design verleiht diesem Kugelschreiber mehr Funktionen; Sie k\u00f6nnen ihn verwenden, um Notizen nicht nur auf Papier, sondern auch auf Ihrem Telefon oder Tablet-Bildschirm zu machen; Noch wichtiger ist, dass er nicht aufgeladen werden muss, was Ihnen eine Menge \u00c4rger erspart; Das Doppelring-Design im Griff kann die Reibungskraft erh\u00f6hen und verhindern, dass Sie leicht herunterfallen, wenn Sie ihn greifen.<\/p>\n","protected":false},"featured_media":176343,"comment_status":"open","ping_status":"closed","template":"","meta":[],"product_brand":[],"product_cat":[863],"product_tag":[],"class_list":{"0":"post-176342","1":"product","2":"type-product","3":"status-publish","4":"has-post-thumbnail","6":"product_cat-computer-zubehoer","7":"pa_binding-personal-computers","8":"pa_brand-berkelen","9":"pa_manufacturer-lucky-lili","10":"pa_model-ckyzb01_cs_1201","11":"pa_warranty-1-jahr-produktgarantieservice","13":"first","14":"instock","15":"shipping-taxable","16":"purchasable","17":"product-type-simple","18":"customify-col","19":"product-has-gallery"},"yoast_head":"<!-- This site is optimized with the Yoast SEO plugin v27.4 - https:\/\/yoast.com\/product\/yoast-seo-wordpress\/ -->\n<title>Kugelschreiber mit Touchpen 12 St\u00fcck Stylus Eingabestift Stift 2 in 1 Kapazitive Stylus Stifte Druckkugelschreiber f\u00fcr\u2026 - Markt-XXL<\/title>\n<meta name=\"description\" content=\"Markt-XXL Kugelschreiber mit Touchpen 12 St\u00fcck Stylus Eingabestift Stift 2 in 1 Kapazitive Stylus Stifte Druckkugelschreiber f\u00fcr\u2026\" \/>\n<meta name=\"robots\" content=\"index, follow, max-snippet:-1, max-image-preview:large, max-video-preview:-1\" \/>\n<link rel=\"canonical\" href=\"https:\/\/marktxxl.de\/markt\/produkt\/kugelschreiber-mit-touchpen-12-stueck-stylus-eingabestift-stift-2-in-1-kapazitive-stylus-stifte-druckkugelschreiber-fuer-universelle-touchscreen-geraete-1-0-mm-schwarze-tinte-12-farben\/\" \/>\n<meta property=\"og:locale\" content=\"de_DE\" \/>\n<meta property=\"og:type\" content=\"article\" \/>\n<meta property=\"og:title\" content=\"Kugelschreiber mit Touchpen 12 St\u00fcck Stylus Eingabestift Stift 2 in 1 Kapazitive Stylus Stifte Druckkugelschreiber f\u00fcr\u2026 - Markt-XXL\" \/>\n<meta property=\"og:description\" content=\"Markt-XXL Kugelschreiber mit Touchpen 12 St\u00fcck Stylus Eingabestift Stift 2 in 1 Kapazitive Stylus Stifte Druckkugelschreiber f\u00fcr\u2026\" \/>\n<meta property=\"og:url\" content=\"https:\/\/marktxxl.de\/markt\/produkt\/kugelschreiber-mit-touchpen-12-stueck-stylus-eingabestift-stift-2-in-1-kapazitive-stylus-stifte-druckkugelschreiber-fuer-universelle-touchscreen-geraete-1-0-mm-schwarze-tinte-12-farben\/\" \/>\n<meta property=\"og:site_name\" content=\"Markt-XXL\" \/>\n<meta property=\"article:modified_time\" content=\"2023-04-11T03:05:37+00:00\" \/>\n<meta property=\"og:image\" content=\"https:\/\/m.media-amazon.com\/images\/I\/51ypWfXMlrL._SL500_.jpg\" \/>\n\t<meta property=\"og:image:width\" content=\"500\" \/>\n\t<meta property=\"og:image:height\" content=\"500\" \/>\n\t<meta property=\"og:image:type\" content=\"image\/jpeg\" \/>\n<meta name=\"twitter:card\" content=\"summary_large_image\" \/>\n<meta name=\"twitter:label1\" content=\"Gesch\u00e4tzte Lesezeit\" \/>\n\t<meta name=\"twitter:data1\" content=\"1\u00a0Minute\" \/>\n<script type=\"application\/ld+json\" class=\"yoast-schema-graph\">{\"@context\":\"https:\\\/\\\/schema.org\",\"@graph\":[{\"@type\":\"WebPage\",\"@id\":\"https:\\\/\\\/marktxxl.de\\\/markt\\\/produkt\\\/kugelschreiber-mit-touchpen-12-stueck-stylus-eingabestift-stift-2-in-1-kapazitive-stylus-stifte-druckkugelschreiber-fuer-universelle-touchscreen-geraete-1-0-mm-schwarze-tinte-12-farben\\\/\",\"url\":\"https:\\\/\\\/marktxxl.de\\\/markt\\\/produkt\\\/kugelschreiber-mit-touchpen-12-stueck-stylus-eingabestift-stift-2-in-1-kapazitive-stylus-stifte-druckkugelschreiber-fuer-universelle-touchscreen-geraete-1-0-mm-schwarze-tinte-12-farben\\\/\",\"name\":\"Kugelschreiber mit Touchpen 12 St\u00fcck Stylus Eingabestift Stift 2 in 1 Kapazitive Stylus Stifte Druckkugelschreiber f\u00fcr\u2026 - Markt-XXL\",\"isPartOf\":{\"@id\":\"https:\\\/\\\/marktxxl.de\\\/markt\\\/#website\"},\"primaryImageOfPage\":{\"@id\":\"https:\\\/\\\/marktxxl.de\\\/markt\\\/produkt\\\/kugelschreiber-mit-touchpen-12-stueck-stylus-eingabestift-stift-2-in-1-kapazitive-stylus-stifte-druckkugelschreiber-fuer-universelle-touchscreen-geraete-1-0-mm-schwarze-tinte-12-farben\\\/#primaryimage\"},\"image\":{\"@id\":\"https:\\\/\\\/marktxxl.de\\\/markt\\\/produkt\\\/kugelschreiber-mit-touchpen-12-stueck-stylus-eingabestift-stift-2-in-1-kapazitive-stylus-stifte-druckkugelschreiber-fuer-universelle-touchscreen-geraete-1-0-mm-schwarze-tinte-12-farben\\\/#primaryimage\"},\"thumbnailUrl\":\"https:\\\/\\\/m.media-amazon.com\\\/images\\\/I\\\/51ypWfXMlrL._SL500_.jpg\",\"datePublished\":\"2022-12-11T10:26:24+00:00\",\"dateModified\":\"2023-04-11T03:05:37+00:00\",\"description\":\"Markt-XXL Kugelschreiber mit Touchpen 12 St\u00fcck Stylus Eingabestift Stift 2 in 1 Kapazitive Stylus Stifte Druckkugelschreiber f\u00fcr\u2026\",\"breadcrumb\":{\"@id\":\"https:\\\/\\\/marktxxl.de\\\/markt\\\/produkt\\\/kugelschreiber-mit-touchpen-12-stueck-stylus-eingabestift-stift-2-in-1-kapazitive-stylus-stifte-druckkugelschreiber-fuer-universelle-touchscreen-geraete-1-0-mm-schwarze-tinte-12-farben\\\/#breadcrumb\"},\"inLanguage\":\"de\",\"potentialAction\":[{\"@type\":\"ReadAction\",\"target\":[\"https:\\\/\\\/marktxxl.de\\\/markt\\\/produkt\\\/kugelschreiber-mit-touchpen-12-stueck-stylus-eingabestift-stift-2-in-1-kapazitive-stylus-stifte-druckkugelschreiber-fuer-universelle-touchscreen-geraete-1-0-mm-schwarze-tinte-12-farben\\\/\"]}]},{\"@type\":\"ImageObject\",\"inLanguage\":\"de\",\"@id\":\"https:\\\/\\\/marktxxl.de\\\/markt\\\/produkt\\\/kugelschreiber-mit-touchpen-12-stueck-stylus-eingabestift-stift-2-in-1-kapazitive-stylus-stifte-druckkugelschreiber-fuer-universelle-touchscreen-geraete-1-0-mm-schwarze-tinte-12-farben\\\/#primaryimage\",\"url\":\"https:\\\/\\\/m.media-amazon.com\\\/images\\\/I\\\/51ypWfXMlrL._SL500_.jpg\",\"contentUrl\":\"https:\\\/\\\/m.media-amazon.com\\\/images\\\/I\\\/51ypWfXMlrL._SL500_.jpg\",\"width\":500,\"height\":500},{\"@type\":\"BreadcrumbList\",\"@id\":\"https:\\\/\\\/marktxxl.de\\\/markt\\\/produkt\\\/kugelschreiber-mit-touchpen-12-stueck-stylus-eingabestift-stift-2-in-1-kapazitive-stylus-stifte-druckkugelschreiber-fuer-universelle-touchscreen-geraete-1-0-mm-schwarze-tinte-12-farben\\\/#breadcrumb\",\"itemListElement\":[{\"@type\":\"ListItem\",\"position\":1,\"name\":\"Startseite\",\"item\":\"https:\\\/\\\/marktxxl.de\\\/markt\\\/\"},{\"@type\":\"ListItem\",\"position\":2,\"name\":\"Markt\",\"item\":\"https:\\\/\\\/marktxxl.de\\\/markt\\\/\"},{\"@type\":\"ListItem\",\"position\":3,\"name\":\"Kugelschreiber mit Touchpen 12 St\u00fcck Stylus Eingabestift Stift 2 in 1 Kapazitive Stylus Stifte Druckkugelschreiber f\u00fcr\u2026\"}]},{\"@type\":\"WebSite\",\"@id\":\"https:\\\/\\\/marktxxl.de\\\/markt\\\/#website\",\"url\":\"https:\\\/\\\/marktxxl.de\\\/markt\\\/\",\"name\":\"Markt-XXL\",\"description\":\"Ihr Markt Online\",\"publisher\":{\"@id\":\"https:\\\/\\\/marktxxl.de\\\/markt\\\/#organization\"},\"potentialAction\":[{\"@type\":\"SearchAction\",\"target\":{\"@type\":\"EntryPoint\",\"urlTemplate\":\"https:\\\/\\\/marktxxl.de\\\/markt\\\/?s={search_term_string}\"},\"query-input\":{\"@type\":\"PropertyValueSpecification\",\"valueRequired\":true,\"valueName\":\"search_term_string\"}}],\"inLanguage\":\"de\"},{\"@type\":\"Organization\",\"@id\":\"https:\\\/\\\/marktxxl.de\\\/markt\\\/#organization\",\"name\":\"Markt-XXL\",\"url\":\"https:\\\/\\\/marktxxl.de\\\/markt\\\/\",\"logo\":{\"@type\":\"ImageObject\",\"inLanguage\":\"de\",\"@id\":\"https:\\\/\\\/marktxxl.de\\\/markt\\\/#\\\/schema\\\/logo\\\/image\\\/\",\"url\":\"https:\\\/\\\/marktxxl.de\\\/markt\\\/wp-content\\\/uploads\\\/sites\\\/3\\\/2020\\\/12\\\/logo.png\",\"contentUrl\":\"https:\\\/\\\/marktxxl.de\\\/markt\\\/wp-content\\\/uploads\\\/sites\\\/3\\\/2020\\\/12\\\/logo.png\",\"width\":200,\"height\":70,\"caption\":\"Markt-XXL\"},\"image\":{\"@id\":\"https:\\\/\\\/marktxxl.de\\\/markt\\\/#\\\/schema\\\/logo\\\/image\\\/\"}}]}<\/script>\n<!-- \/ Yoast SEO plugin. -->","yoast_head_json":{"title":"Kugelschreiber mit Touchpen 12 St\u00fcck Stylus Eingabestift Stift 2 in 1 Kapazitive Stylus Stifte Druckkugelschreiber f\u00fcr\u2026 - Markt-XXL","description":"Markt-XXL Kugelschreiber mit Touchpen 12 St\u00fcck Stylus Eingabestift Stift 2 in 1 Kapazitive Stylus Stifte Druckkugelschreiber f\u00fcr\u2026","robots":{"index":"index","follow":"follow","max-snippet":"max-snippet:-1","max-image-preview":"max-image-preview:large","max-video-preview":"max-video-preview:-1"},"canonical":"https:\/\/marktxxl.de\/markt\/produkt\/kugelschreiber-mit-touchpen-12-stueck-stylus-eingabestift-stift-2-in-1-kapazitive-stylus-stifte-druckkugelschreiber-fuer-universelle-touchscreen-geraete-1-0-mm-schwarze-tinte-12-farben\/","og_locale":"de_DE","og_type":"article","og_title":"Kugelschreiber mit Touchpen 12 St\u00fcck Stylus Eingabestift Stift 2 in 1 Kapazitive Stylus Stifte Druckkugelschreiber f\u00fcr\u2026 - Markt-XXL","og_description":"Markt-XXL Kugelschreiber mit Touchpen 12 St\u00fcck Stylus Eingabestift Stift 2 in 1 Kapazitive Stylus Stifte Druckkugelschreiber f\u00fcr\u2026","og_url":"https:\/\/marktxxl.de\/markt\/produkt\/kugelschreiber-mit-touchpen-12-stueck-stylus-eingabestift-stift-2-in-1-kapazitive-stylus-stifte-druckkugelschreiber-fuer-universelle-touchscreen-geraete-1-0-mm-schwarze-tinte-12-farben\/","og_site_name":"Markt-XXL","article_modified_time":"2023-04-11T03:05:37+00:00","og_image":[{"width":500,"height":500,"url":"https:\/\/m.media-amazon.com\/images\/I\/51ypWfXMlrL._SL500_.jpg","type":"image\/jpeg"}],"twitter_card":"summary_large_image","twitter_misc":{"Gesch\u00e4tzte Lesezeit":"1\u00a0Minute"},"schema":{"@context":"https:\/\/schema.org","@graph":[{"@type":"WebPage","@id":"https:\/\/marktxxl.de\/markt\/produkt\/kugelschreiber-mit-touchpen-12-stueck-stylus-eingabestift-stift-2-in-1-kapazitive-stylus-stifte-druckkugelschreiber-fuer-universelle-touchscreen-geraete-1-0-mm-schwarze-tinte-12-farben\/","url":"https:\/\/marktxxl.de\/markt\/produkt\/kugelschreiber-mit-touchpen-12-stueck-stylus-eingabestift-stift-2-in-1-kapazitive-stylus-stifte-druckkugelschreiber-fuer-universelle-touchscreen-geraete-1-0-mm-schwarze-tinte-12-farben\/","name":"Kugelschreiber mit Touchpen 12 St\u00fcck Stylus Eingabestift Stift 2 in 1 Kapazitive Stylus Stifte Druckkugelschreiber f\u00fcr\u2026 - Markt-XXL","isPartOf":{"@id":"https:\/\/marktxxl.de\/markt\/#website"},"primaryImageOfPage":{"@id":"https:\/\/marktxxl.de\/markt\/produkt\/kugelschreiber-mit-touchpen-12-stueck-stylus-eingabestift-stift-2-in-1-kapazitive-stylus-stifte-druckkugelschreiber-fuer-universelle-touchscreen-geraete-1-0-mm-schwarze-tinte-12-farben\/#primaryimage"},"image":{"@id":"https:\/\/marktxxl.de\/markt\/produkt\/kugelschreiber-mit-touchpen-12-stueck-stylus-eingabestift-stift-2-in-1-kapazitive-stylus-stifte-druckkugelschreiber-fuer-universelle-touchscreen-geraete-1-0-mm-schwarze-tinte-12-farben\/#primaryimage"},"thumbnailUrl":"https:\/\/m.media-amazon.com\/images\/I\/51ypWfXMlrL._SL500_.jpg","datePublished":"2022-12-11T10:26:24+00:00","dateModified":"2023-04-11T03:05:37+00:00","description":"Markt-XXL Kugelschreiber mit Touchpen 12 St\u00fcck Stylus Eingabestift Stift 2 in 1 Kapazitive Stylus Stifte Druckkugelschreiber f\u00fcr\u2026","breadcrumb":{"@id":"https:\/\/marktxxl.de\/markt\/produkt\/kugelschreiber-mit-touchpen-12-stueck-stylus-eingabestift-stift-2-in-1-kapazitive-stylus-stifte-druckkugelschreiber-fuer-universelle-touchscreen-geraete-1-0-mm-schwarze-tinte-12-farben\/#breadcrumb"},"inLanguage":"de","potentialAction":[{"@type":"ReadAction","target":["https:\/\/marktxxl.de\/markt\/produkt\/kugelschreiber-mit-touchpen-12-stueck-stylus-eingabestift-stift-2-in-1-kapazitive-stylus-stifte-druckkugelschreiber-fuer-universelle-touchscreen-geraete-1-0-mm-schwarze-tinte-12-farben\/"]}]},{"@type":"ImageObject","inLanguage":"de","@id":"https:\/\/marktxxl.de\/markt\/produkt\/kugelschreiber-mit-touchpen-12-stueck-stylus-eingabestift-stift-2-in-1-kapazitive-stylus-stifte-druckkugelschreiber-fuer-universelle-touchscreen-geraete-1-0-mm-schwarze-tinte-12-farben\/#primaryimage","url":"https:\/\/m.media-amazon.com\/images\/I\/51ypWfXMlrL._SL500_.jpg","contentUrl":"https:\/\/m.media-amazon.com\/images\/I\/51ypWfXMlrL._SL500_.jpg","width":500,"height":500},{"@type":"BreadcrumbList","@id":"https:\/\/marktxxl.de\/markt\/produkt\/kugelschreiber-mit-touchpen-12-stueck-stylus-eingabestift-stift-2-in-1-kapazitive-stylus-stifte-druckkugelschreiber-fuer-universelle-touchscreen-geraete-1-0-mm-schwarze-tinte-12-farben\/#breadcrumb","itemListElement":[{"@type":"ListItem","position":1,"name":"Startseite","item":"https:\/\/marktxxl.de\/markt\/"},{"@type":"ListItem","position":2,"name":"Markt","item":"https:\/\/marktxxl.de\/markt\/"},{"@type":"ListItem","position":3,"name":"Kugelschreiber mit Touchpen 12 St\u00fcck Stylus Eingabestift Stift 2 in 1 Kapazitive Stylus Stifte Druckkugelschreiber f\u00fcr\u2026"}]},{"@type":"WebSite","@id":"https:\/\/marktxxl.de\/markt\/#website","url":"https:\/\/marktxxl.de\/markt\/","name":"Markt-XXL","description":"Ihr Markt Online","publisher":{"@id":"https:\/\/marktxxl.de\/markt\/#organization"},"potentialAction":[{"@type":"SearchAction","target":{"@type":"EntryPoint","urlTemplate":"https:\/\/marktxxl.de\/markt\/?s={search_term_string}"},"query-input":{"@type":"PropertyValueSpecification","valueRequired":true,"valueName":"search_term_string"}}],"inLanguage":"de"},{"@type":"Organization","@id":"https:\/\/marktxxl.de\/markt\/#organization","name":"Markt-XXL","url":"https:\/\/marktxxl.de\/markt\/","logo":{"@type":"ImageObject","inLanguage":"de","@id":"https:\/\/marktxxl.de\/markt\/#\/schema\/logo\/image\/","url":"https:\/\/marktxxl.de\/markt\/wp-content\/uploads\/sites\/3\/2020\/12\/logo.png","contentUrl":"https:\/\/marktxxl.de\/markt\/wp-content\/uploads\/sites\/3\/2020\/12\/logo.png","width":200,"height":70,"caption":"Markt-XXL"},"image":{"@id":"https:\/\/marktxxl.de\/markt\/#\/schema\/logo\/image\/"}}]}},"_links":{"self":[{"href":"https:\/\/marktxxl.de\/markt\/wp-json\/wp\/v2\/product\/176342","targetHints":{"allow":["GET"]}}],"collection":[{"href":"https:\/\/marktxxl.de\/markt\/wp-json\/wp\/v2\/product"}],"about":[{"href":"https:\/\/marktxxl.de\/markt\/wp-json\/wp\/v2\/types\/product"}],"replies":[{"embeddable":true,"href":"https:\/\/marktxxl.de\/markt\/wp-json\/wp\/v2\/comments?post=176342"}],"wp:featuredmedia":[{"embeddable":true,"href":"https:\/\/marktxxl.de\/markt\/wp-json\/wp\/v2\/media\/176343"}],"wp:attachment":[{"href":"https:\/\/marktxxl.de\/markt\/wp-json\/wp\/v2\/media?parent=176342"}],"wp:term":[{"taxonomy":"product_brand","embeddable":true,"href":"https:\/\/marktxxl.de\/markt\/wp-json\/wp\/v2\/product_brand?post=176342"},{"taxonomy":"product_cat","embeddable":true,"href":"https:\/\/marktxxl.de\/markt\/wp-json\/wp\/v2\/product_cat?post=176342"},{"taxonomy":"product_tag","embeddable":true,"href":"https:\/\/marktxxl.de\/markt\/wp-json\/wp\/v2\/product_tag?post=176342"}],"curies":[{"name":"wp","href":"https:\/\/api.w.org\/{rel}","templated":true}]}}