{"id":176143,"date":"2022-12-11T11:19:25","date_gmt":"2022-12-11T10:19:25","guid":{"rendered":"https:\/\/marktxxl.de\/markt\/produkt\/256-gb-micro-sd-speicherkarte-256-gb-class-10-256-gb-high-speed-tf-t-flash-speicherkarte-fuer-android-pc-computer\/"},"modified":"2023-04-11T05:05:35","modified_gmt":"2023-04-11T03:05:35","slug":"256-gb-micro-sd-speicherkarte-256-gb-class-10-256-gb-high-speed-tf-t-flash-speicherkarte-fuer-android-pc-computer","status":"publish","type":"product","link":"https:\/\/marktxxl.de\/markt\/produkt\/256-gb-micro-sd-speicherkarte-256-gb-class-10-256-gb-high-speed-tf-t-flash-speicherkarte-fuer-android-pc-computer\/","title":{"rendered":"256 GB Micro SD Speicherkarte 256 GB Class 10 256 GB High Speed TF \/ T Flash Speicherkarte f\u00fcr Android PC\/Computer"},"content":{"rendered":"<p>\ud83d\udc4d\ud83d\udc4d \u3010Micro SD Karte mit SD Kartenadapter\u3011 Diese Micro SD Karte wird mit einem SD Kartenadapter geliefert. Sie k\u00f6nnen die Micro-SD-Karte in den Adapter einlegen und dann auf jeder SD-Kartenschnittstelle verwenden.<br \/>\n\ud83d\udc4d\ud83d\udc4d \u3010Stabil und machen Sie sich keine Sorgen \u00fcber Datenverlust\u3011 Die Micro-SD-Karte enth\u00e4lt einen SD-Adapter. Die SD Karte besteht aus hochwertigen Chips, bietet zuverl\u00e4ssige Leistung, ist ideal f\u00fcr Schreibger te und garantiert eine klare Aufzeichnung von Evidence HD ohne Bildverlust.<br \/>\n\ud83d\udc4d\ud83d\udc4d \u3010SCHUTZ\u3011 F\u00fcr optimale Leistung und Stabilit\u00e4t wurde die Speicherkarte der Micro SD Karte der Kamera getestet und kann extremen Bedingungen standhalten. Sie sind hochtemperaturbest\u00e4ndig, wasserdicht, sto\u00dffest, R\u00f6ntgenstrahlen und antistatisch.<br \/>\n\ud83d\udc4d\ud83d\udc4d \u3010Schnelle Wiedergaberate und gro\u00dfe Kapazit\u00e4t\u3011Schnelle Wiedergaberate der Micro-SD-Karte, kann sofort angezeigt und \u00fcbertragen werden. Es gibt gen\u00fcgend Platz f\u00fcr Tausende von Schnappsch\u00fcssen und Stunden von Full HD Video, damit Sie sich keine Sorgen machen m\u00fcssen, dass Platz fehlt.<br \/>\n\ud83d\udc4d\ud83d\udc4d \u3010Ein Jahr Garantie \u3011 Kundenzufriedenheit ist die gr\u00f6\u00dfte Motivation f\u00fcr hohe Qualit\u00e4t. Die Produktqualit\u00e4t ist sehr hoch. Wir sind bestrebt, unseren wertvollen Kunden die besten Produkte und Dienstleistungen anzubieten, und wir haben eine branchenf\u00fchrende 1-j\u00e4hrige Garantie. Wenn Sie Fragen zu unseren Produkten haben, k\u00f6nnen Sie sich gerne an uns wenden!<br \/>\n<div class=\"main-cross-sell\" data-asin=\"B0BCJVPDNY\">\n\n\t<div class=\"WooZone-cross-sell-loader\">\n\t\t<div>\n\t\t\t<div id=\"floatingBarsG\">\n\t\t\t\t<div class=\"blockG\" id=\"rotateG_01\"><\/div>\n\t\t\t\t<div class=\"blockG\" id=\"rotateG_02\"><\/div>\n\t\t\t\t<div class=\"blockG\" id=\"rotateG_03\"><\/div>\n\t\t\t\t<div class=\"blockG\" id=\"rotateG_04\"><\/div>\n\t\t\t\t<div class=\"blockG\" id=\"rotateG_05\"><\/div>\n\t\t\t\t<div class=\"blockG\" id=\"rotateG_06\"><\/div>\n\t\t\t\t<div class=\"blockG\" id=\"rotateG_07\"><\/div>\n\t\t\t\t<div class=\"blockG\" id=\"rotateG_08\"><\/div>\n\t\t\t<\/div>\n\t\t\t<div class=\"WooZone-cross-sell-loader-text\"><\/div>\n\t\t<\/div>\n\t<\/div>\n\n\t\t\n<\/div>\n<div style=\"clear:both;\"><\/div><\/p>\n","protected":false},"excerpt":{"rendered":"<p>\ud83d\udc4d\ud83d\udc4d \u3010Micro SD Karte mit SD Kartenadapter\u3011 Diese Micro SD Karte wird mit einem SD Kartenadapter geliefert. Sie k\u00f6nnen die Micro-SD-Karte in den Adapter einlegen und dann auf jeder SD-Kartenschnittstelle verwenden.<br \/>\n\ud83d\udc4d\ud83d\udc4d \u3010Stabil und machen Sie sich keine Sorgen \u00fcber Datenverlust\u3011 Die Micro-SD-Karte enth\u00e4lt einen SD-Adapter. Die SD Karte besteht aus hochwertigen Chips, bietet zuverl\u00e4ssige Leistung, ist ideal f\u00fcr Schreibger te und garantiert eine klare Aufzeichnung von Evidence HD ohne Bildverlust.<br \/>\n\ud83d\udc4d\ud83d\udc4d \u3010SCHUTZ\u3011 F\u00fcr optimale Leistung und Stabilit\u00e4t wurde die Speicherkarte der Micro SD Karte der Kamera getestet und kann extremen Bedingungen standhalten. Sie sind hochtemperaturbest\u00e4ndig, wasserdicht, sto\u00dffest, R\u00f6ntgenstrahlen und antistatisch.<\/p>\n","protected":false},"featured_media":176144,"comment_status":"open","ping_status":"closed","template":"","meta":[],"product_brand":[],"product_cat":[863],"product_tag":[],"class_list":{"0":"post-176143","1":"product","2":"type-product","3":"status-publish","4":"has-post-thumbnail","6":"product_cat-computer-zubehoer","7":"pa_brand-nuiflash","8":"pa_height-0-1968503935-zoll","9":"pa_length-1-574803148-zoll","10":"pa_manufacturer-nuiflash","11":"pa_width-1-181102361-zoll","13":"first","14":"instock","15":"shipping-taxable","16":"purchasable","17":"product-type-simple","18":"customify-col","19":"product-has-gallery"},"yoast_head":"<!-- This site is optimized with the Yoast SEO plugin v27.3 - https:\/\/yoast.com\/product\/yoast-seo-wordpress\/ -->\n<title>256 GB Micro SD Speicherkarte 256 GB Class 10 256 GB High Speed TF \/ T Flash Speicherkarte f\u00fcr Android PC\/Computer - Markt-XXL<\/title>\n<meta name=\"description\" content=\"Markt-XXL 256 GB Micro SD Speicherkarte 256 GB Class 10 256 GB High Speed TF \/ T Flash Speicherkarte f\u00fcr Android PC\/Computer\" \/>\n<meta name=\"robots\" content=\"index, follow, max-snippet:-1, max-image-preview:large, max-video-preview:-1\" \/>\n<link rel=\"canonical\" href=\"https:\/\/marktxxl.de\/markt\/produkt\/256-gb-micro-sd-speicherkarte-256-gb-class-10-256-gb-high-speed-tf-t-flash-speicherkarte-fuer-android-pc-computer\/\" \/>\n<meta property=\"og:locale\" content=\"de_DE\" \/>\n<meta property=\"og:type\" content=\"article\" \/>\n<meta property=\"og:title\" content=\"256 GB Micro SD Speicherkarte 256 GB Class 10 256 GB High Speed TF \/ T Flash Speicherkarte f\u00fcr Android PC\/Computer - Markt-XXL\" \/>\n<meta property=\"og:description\" content=\"Markt-XXL 256 GB Micro SD Speicherkarte 256 GB Class 10 256 GB High Speed TF \/ T Flash Speicherkarte f\u00fcr Android PC\/Computer\" \/>\n<meta property=\"og:url\" content=\"https:\/\/marktxxl.de\/markt\/produkt\/256-gb-micro-sd-speicherkarte-256-gb-class-10-256-gb-high-speed-tf-t-flash-speicherkarte-fuer-android-pc-computer\/\" \/>\n<meta property=\"og:site_name\" content=\"Markt-XXL\" \/>\n<meta property=\"article:modified_time\" content=\"2023-04-11T03:05:35+00:00\" \/>\n<meta property=\"og:image\" content=\"https:\/\/m.media-amazon.com\/images\/I\/41vAMOh0dLL._SL500_.jpg\" \/>\n\t<meta property=\"og:image:width\" content=\"500\" \/>\n\t<meta property=\"og:image:height\" content=\"500\" \/>\n\t<meta property=\"og:image:type\" content=\"image\/jpeg\" \/>\n<meta name=\"twitter:card\" content=\"summary_large_image\" \/>\n<meta name=\"twitter:label1\" content=\"Gesch\u00e4tzte Lesezeit\" \/>\n\t<meta name=\"twitter:data1\" content=\"1\u00a0Minute\" \/>\n<script type=\"application\/ld+json\" class=\"yoast-schema-graph\">{\"@context\":\"https:\\\/\\\/schema.org\",\"@graph\":[{\"@type\":\"WebPage\",\"@id\":\"https:\\\/\\\/marktxxl.de\\\/markt\\\/produkt\\\/256-gb-micro-sd-speicherkarte-256-gb-class-10-256-gb-high-speed-tf-t-flash-speicherkarte-fuer-android-pc-computer\\\/\",\"url\":\"https:\\\/\\\/marktxxl.de\\\/markt\\\/produkt\\\/256-gb-micro-sd-speicherkarte-256-gb-class-10-256-gb-high-speed-tf-t-flash-speicherkarte-fuer-android-pc-computer\\\/\",\"name\":\"256 GB Micro SD Speicherkarte 256 GB Class 10 256 GB High Speed TF \\\/ T Flash Speicherkarte f\u00fcr Android PC\\\/Computer - Markt-XXL\",\"isPartOf\":{\"@id\":\"https:\\\/\\\/marktxxl.de\\\/markt\\\/#website\"},\"primaryImageOfPage\":{\"@id\":\"https:\\\/\\\/marktxxl.de\\\/markt\\\/produkt\\\/256-gb-micro-sd-speicherkarte-256-gb-class-10-256-gb-high-speed-tf-t-flash-speicherkarte-fuer-android-pc-computer\\\/#primaryimage\"},\"image\":{\"@id\":\"https:\\\/\\\/marktxxl.de\\\/markt\\\/produkt\\\/256-gb-micro-sd-speicherkarte-256-gb-class-10-256-gb-high-speed-tf-t-flash-speicherkarte-fuer-android-pc-computer\\\/#primaryimage\"},\"thumbnailUrl\":\"https:\\\/\\\/m.media-amazon.com\\\/images\\\/I\\\/41vAMOh0dLL._SL500_.jpg\",\"datePublished\":\"2022-12-11T10:19:25+00:00\",\"dateModified\":\"2023-04-11T03:05:35+00:00\",\"description\":\"Markt-XXL 256 GB Micro SD Speicherkarte 256 GB Class 10 256 GB High Speed TF \\\/ T Flash Speicherkarte f\u00fcr Android PC\\\/Computer\",\"breadcrumb\":{\"@id\":\"https:\\\/\\\/marktxxl.de\\\/markt\\\/produkt\\\/256-gb-micro-sd-speicherkarte-256-gb-class-10-256-gb-high-speed-tf-t-flash-speicherkarte-fuer-android-pc-computer\\\/#breadcrumb\"},\"inLanguage\":\"de\",\"potentialAction\":[{\"@type\":\"ReadAction\",\"target\":[\"https:\\\/\\\/marktxxl.de\\\/markt\\\/produkt\\\/256-gb-micro-sd-speicherkarte-256-gb-class-10-256-gb-high-speed-tf-t-flash-speicherkarte-fuer-android-pc-computer\\\/\"]}]},{\"@type\":\"ImageObject\",\"inLanguage\":\"de\",\"@id\":\"https:\\\/\\\/marktxxl.de\\\/markt\\\/produkt\\\/256-gb-micro-sd-speicherkarte-256-gb-class-10-256-gb-high-speed-tf-t-flash-speicherkarte-fuer-android-pc-computer\\\/#primaryimage\",\"url\":\"https:\\\/\\\/m.media-amazon.com\\\/images\\\/I\\\/41vAMOh0dLL._SL500_.jpg\",\"contentUrl\":\"https:\\\/\\\/m.media-amazon.com\\\/images\\\/I\\\/41vAMOh0dLL._SL500_.jpg\",\"width\":500,\"height\":500},{\"@type\":\"BreadcrumbList\",\"@id\":\"https:\\\/\\\/marktxxl.de\\\/markt\\\/produkt\\\/256-gb-micro-sd-speicherkarte-256-gb-class-10-256-gb-high-speed-tf-t-flash-speicherkarte-fuer-android-pc-computer\\\/#breadcrumb\",\"itemListElement\":[{\"@type\":\"ListItem\",\"position\":1,\"name\":\"Startseite\",\"item\":\"https:\\\/\\\/marktxxl.de\\\/markt\\\/\"},{\"@type\":\"ListItem\",\"position\":2,\"name\":\"Markt\",\"item\":\"https:\\\/\\\/marktxxl.de\\\/markt\\\/\"},{\"@type\":\"ListItem\",\"position\":3,\"name\":\"256 GB Micro SD Speicherkarte 256 GB Class 10 256 GB High Speed TF \\\/ T Flash Speicherkarte f\u00fcr Android PC\\\/Computer\"}]},{\"@type\":\"WebSite\",\"@id\":\"https:\\\/\\\/marktxxl.de\\\/markt\\\/#website\",\"url\":\"https:\\\/\\\/marktxxl.de\\\/markt\\\/\",\"name\":\"Markt-XXL\",\"description\":\"Ihr Markt Online\",\"publisher\":{\"@id\":\"https:\\\/\\\/marktxxl.de\\\/markt\\\/#organization\"},\"potentialAction\":[{\"@type\":\"SearchAction\",\"target\":{\"@type\":\"EntryPoint\",\"urlTemplate\":\"https:\\\/\\\/marktxxl.de\\\/markt\\\/?s={search_term_string}\"},\"query-input\":{\"@type\":\"PropertyValueSpecification\",\"valueRequired\":true,\"valueName\":\"search_term_string\"}}],\"inLanguage\":\"de\"},{\"@type\":\"Organization\",\"@id\":\"https:\\\/\\\/marktxxl.de\\\/markt\\\/#organization\",\"name\":\"Markt-XXL\",\"url\":\"https:\\\/\\\/marktxxl.de\\\/markt\\\/\",\"logo\":{\"@type\":\"ImageObject\",\"inLanguage\":\"de\",\"@id\":\"https:\\\/\\\/marktxxl.de\\\/markt\\\/#\\\/schema\\\/logo\\\/image\\\/\",\"url\":\"https:\\\/\\\/marktxxl.de\\\/markt\\\/wp-content\\\/uploads\\\/sites\\\/3\\\/2020\\\/12\\\/logo.png\",\"contentUrl\":\"https:\\\/\\\/marktxxl.de\\\/markt\\\/wp-content\\\/uploads\\\/sites\\\/3\\\/2020\\\/12\\\/logo.png\",\"width\":200,\"height\":70,\"caption\":\"Markt-XXL\"},\"image\":{\"@id\":\"https:\\\/\\\/marktxxl.de\\\/markt\\\/#\\\/schema\\\/logo\\\/image\\\/\"}}]}<\/script>\n<!-- \/ Yoast SEO plugin. -->","yoast_head_json":{"title":"256 GB Micro SD Speicherkarte 256 GB Class 10 256 GB High Speed TF \/ T Flash Speicherkarte f\u00fcr Android PC\/Computer - Markt-XXL","description":"Markt-XXL 256 GB Micro SD Speicherkarte 256 GB Class 10 256 GB High Speed TF \/ T Flash Speicherkarte f\u00fcr Android PC\/Computer","robots":{"index":"index","follow":"follow","max-snippet":"max-snippet:-1","max-image-preview":"max-image-preview:large","max-video-preview":"max-video-preview:-1"},"canonical":"https:\/\/marktxxl.de\/markt\/produkt\/256-gb-micro-sd-speicherkarte-256-gb-class-10-256-gb-high-speed-tf-t-flash-speicherkarte-fuer-android-pc-computer\/","og_locale":"de_DE","og_type":"article","og_title":"256 GB Micro SD Speicherkarte 256 GB Class 10 256 GB High Speed TF \/ T Flash Speicherkarte f\u00fcr Android PC\/Computer - Markt-XXL","og_description":"Markt-XXL 256 GB Micro SD Speicherkarte 256 GB Class 10 256 GB High Speed TF \/ T Flash Speicherkarte f\u00fcr Android PC\/Computer","og_url":"https:\/\/marktxxl.de\/markt\/produkt\/256-gb-micro-sd-speicherkarte-256-gb-class-10-256-gb-high-speed-tf-t-flash-speicherkarte-fuer-android-pc-computer\/","og_site_name":"Markt-XXL","article_modified_time":"2023-04-11T03:05:35+00:00","og_image":[{"width":500,"height":500,"url":"https:\/\/m.media-amazon.com\/images\/I\/41vAMOh0dLL._SL500_.jpg","type":"image\/jpeg"}],"twitter_card":"summary_large_image","twitter_misc":{"Gesch\u00e4tzte Lesezeit":"1\u00a0Minute"},"schema":{"@context":"https:\/\/schema.org","@graph":[{"@type":"WebPage","@id":"https:\/\/marktxxl.de\/markt\/produkt\/256-gb-micro-sd-speicherkarte-256-gb-class-10-256-gb-high-speed-tf-t-flash-speicherkarte-fuer-android-pc-computer\/","url":"https:\/\/marktxxl.de\/markt\/produkt\/256-gb-micro-sd-speicherkarte-256-gb-class-10-256-gb-high-speed-tf-t-flash-speicherkarte-fuer-android-pc-computer\/","name":"256 GB Micro SD Speicherkarte 256 GB Class 10 256 GB High Speed TF \/ T Flash Speicherkarte f\u00fcr Android PC\/Computer - Markt-XXL","isPartOf":{"@id":"https:\/\/marktxxl.de\/markt\/#website"},"primaryImageOfPage":{"@id":"https:\/\/marktxxl.de\/markt\/produkt\/256-gb-micro-sd-speicherkarte-256-gb-class-10-256-gb-high-speed-tf-t-flash-speicherkarte-fuer-android-pc-computer\/#primaryimage"},"image":{"@id":"https:\/\/marktxxl.de\/markt\/produkt\/256-gb-micro-sd-speicherkarte-256-gb-class-10-256-gb-high-speed-tf-t-flash-speicherkarte-fuer-android-pc-computer\/#primaryimage"},"thumbnailUrl":"https:\/\/m.media-amazon.com\/images\/I\/41vAMOh0dLL._SL500_.jpg","datePublished":"2022-12-11T10:19:25+00:00","dateModified":"2023-04-11T03:05:35+00:00","description":"Markt-XXL 256 GB Micro SD Speicherkarte 256 GB Class 10 256 GB High Speed TF \/ T Flash Speicherkarte f\u00fcr Android PC\/Computer","breadcrumb":{"@id":"https:\/\/marktxxl.de\/markt\/produkt\/256-gb-micro-sd-speicherkarte-256-gb-class-10-256-gb-high-speed-tf-t-flash-speicherkarte-fuer-android-pc-computer\/#breadcrumb"},"inLanguage":"de","potentialAction":[{"@type":"ReadAction","target":["https:\/\/marktxxl.de\/markt\/produkt\/256-gb-micro-sd-speicherkarte-256-gb-class-10-256-gb-high-speed-tf-t-flash-speicherkarte-fuer-android-pc-computer\/"]}]},{"@type":"ImageObject","inLanguage":"de","@id":"https:\/\/marktxxl.de\/markt\/produkt\/256-gb-micro-sd-speicherkarte-256-gb-class-10-256-gb-high-speed-tf-t-flash-speicherkarte-fuer-android-pc-computer\/#primaryimage","url":"https:\/\/m.media-amazon.com\/images\/I\/41vAMOh0dLL._SL500_.jpg","contentUrl":"https:\/\/m.media-amazon.com\/images\/I\/41vAMOh0dLL._SL500_.jpg","width":500,"height":500},{"@type":"BreadcrumbList","@id":"https:\/\/marktxxl.de\/markt\/produkt\/256-gb-micro-sd-speicherkarte-256-gb-class-10-256-gb-high-speed-tf-t-flash-speicherkarte-fuer-android-pc-computer\/#breadcrumb","itemListElement":[{"@type":"ListItem","position":1,"name":"Startseite","item":"https:\/\/marktxxl.de\/markt\/"},{"@type":"ListItem","position":2,"name":"Markt","item":"https:\/\/marktxxl.de\/markt\/"},{"@type":"ListItem","position":3,"name":"256 GB Micro SD Speicherkarte 256 GB Class 10 256 GB High Speed TF \/ T Flash Speicherkarte f\u00fcr Android PC\/Computer"}]},{"@type":"WebSite","@id":"https:\/\/marktxxl.de\/markt\/#website","url":"https:\/\/marktxxl.de\/markt\/","name":"Markt-XXL","description":"Ihr Markt Online","publisher":{"@id":"https:\/\/marktxxl.de\/markt\/#organization"},"potentialAction":[{"@type":"SearchAction","target":{"@type":"EntryPoint","urlTemplate":"https:\/\/marktxxl.de\/markt\/?s={search_term_string}"},"query-input":{"@type":"PropertyValueSpecification","valueRequired":true,"valueName":"search_term_string"}}],"inLanguage":"de"},{"@type":"Organization","@id":"https:\/\/marktxxl.de\/markt\/#organization","name":"Markt-XXL","url":"https:\/\/marktxxl.de\/markt\/","logo":{"@type":"ImageObject","inLanguage":"de","@id":"https:\/\/marktxxl.de\/markt\/#\/schema\/logo\/image\/","url":"https:\/\/marktxxl.de\/markt\/wp-content\/uploads\/sites\/3\/2020\/12\/logo.png","contentUrl":"https:\/\/marktxxl.de\/markt\/wp-content\/uploads\/sites\/3\/2020\/12\/logo.png","width":200,"height":70,"caption":"Markt-XXL"},"image":{"@id":"https:\/\/marktxxl.de\/markt\/#\/schema\/logo\/image\/"}}]}},"_links":{"self":[{"href":"https:\/\/marktxxl.de\/markt\/wp-json\/wp\/v2\/product\/176143","targetHints":{"allow":["GET"]}}],"collection":[{"href":"https:\/\/marktxxl.de\/markt\/wp-json\/wp\/v2\/product"}],"about":[{"href":"https:\/\/marktxxl.de\/markt\/wp-json\/wp\/v2\/types\/product"}],"replies":[{"embeddable":true,"href":"https:\/\/marktxxl.de\/markt\/wp-json\/wp\/v2\/comments?post=176143"}],"wp:featuredmedia":[{"embeddable":true,"href":"https:\/\/marktxxl.de\/markt\/wp-json\/wp\/v2\/media\/176144"}],"wp:attachment":[{"href":"https:\/\/marktxxl.de\/markt\/wp-json\/wp\/v2\/media?parent=176143"}],"wp:term":[{"taxonomy":"product_brand","embeddable":true,"href":"https:\/\/marktxxl.de\/markt\/wp-json\/wp\/v2\/product_brand?post=176143"},{"taxonomy":"product_cat","embeddable":true,"href":"https:\/\/marktxxl.de\/markt\/wp-json\/wp\/v2\/product_cat?post=176143"},{"taxonomy":"product_tag","embeddable":true,"href":"https:\/\/marktxxl.de\/markt\/wp-json\/wp\/v2\/product_tag?post=176143"}],"curies":[{"name":"wp","href":"https:\/\/api.w.org\/{rel}","templated":true}]}}