{"id":175996,"date":"2022-12-11T11:13:54","date_gmt":"2022-12-11T10:13:54","guid":{"rendered":"https:\/\/marktxxl.de\/markt\/produkt\/quality-park-37890-briefumschlaege-mit-tiefen-gummierten-klappen-ideal-zum-abheften-aufbewahren-oder-versenden-von-dokumenten-127-kg-braun-100-stueck\/"},"modified":"2023-04-11T05:05:32","modified_gmt":"2023-04-11T03:05:32","slug":"quality-park-37890-briefumschlaege-mit-tiefen-gummierten-klappen-ideal-zum-abheften-aufbewahren-oder-versenden-von-dokumenten-127-kg-braun-100-stueck","status":"publish","type":"product","link":"https:\/\/marktxxl.de\/markt\/produkt\/quality-park-37890-briefumschlaege-mit-tiefen-gummierten-klappen-ideal-zum-abheften-aufbewahren-oder-versenden-von-dokumenten-127-kg-braun-100-stueck\/","title":{"rendered":"Quality Park 9 x 12 Verschluss-Umschl\u00e4ge mit tief gummierten Klappen, ideal zum Abheften, Aufbewahren oder Versenden von\u2026"},"content":{"rendered":"<p>Wiederverwendbarer Verschluss: Konzipiert f\u00fcr wiederholten Gebrauch, Doppelzinken-Metallverschluss ist langlebig und \u00d6sen sind verst\u00e4rkt. Ideal f\u00fcr Zuhause, B\u00fcro, Schule, Interoffice oder Versand.<br \/>\nBraunes Kraftpapier, 12,7 kg: Ideal f\u00fcr den t\u00e4glichen Gebrauch zu Hause und im B\u00fcro. Die Briefumschl\u00e4ge von Quality Park sind aus schwerem 12,7 kg hergestellt. Braunes Kraftpapier f\u00fcr zus\u00e4tzlichen Schutz beim Versand, Lagerung und Handhabung.<br \/>\nGummierte Klappe: Zus\u00e4tzlich zu dem Verschlussverschluss verf\u00fcgen diese Qualit\u00e4ts-Umschl\u00e4ge \u00fcber eine feuchtigkeitsaktivierte sichere Versiegelung mit tiefer Gummierung auf der Lasche, um eine dauerhafte Versiegelung zu schaffen. Die Laschen schlie\u00dfen mit vollst\u00e4ndiger Klappe aus Gummi, um feuchtem Klima zu widerstehen, um sicherzustellen, dass der Umschlag versiegelt bleibt, damit Ihr Inhalt nicht herausf\u00e4llt<br \/>\nGr\u00f6\u00dfe: 22,9 x 30,5 cm. Perfekte Gr\u00f6\u00dfe f\u00fcr den Versand und die Aufbewahrung von Dokumenten im Format 21,6 x 28,9 cm.<br \/>\n100 St\u00fcck: So viele Verwendungsm\u00f6glichkeiten bedeutet, dass der Vorrat schnell entleert ist. Praktisch verpackt in 100 St\u00fcck, um die H\u00e4ufigkeit des Kaufs zu reduzieren.<br \/>\n<div class=\"main-cross-sell\" data-asin=\"B000DLBX1G\">\n\n\t<div class=\"WooZone-cross-sell-loader\">\n\t\t<div>\n\t\t\t<div id=\"floatingBarsG\">\n\t\t\t\t<div class=\"blockG\" id=\"rotateG_01\"><\/div>\n\t\t\t\t<div class=\"blockG\" id=\"rotateG_02\"><\/div>\n\t\t\t\t<div class=\"blockG\" id=\"rotateG_03\"><\/div>\n\t\t\t\t<div class=\"blockG\" id=\"rotateG_04\"><\/div>\n\t\t\t\t<div class=\"blockG\" id=\"rotateG_05\"><\/div>\n\t\t\t\t<div class=\"blockG\" id=\"rotateG_06\"><\/div>\n\t\t\t\t<div class=\"blockG\" id=\"rotateG_07\"><\/div>\n\t\t\t\t<div class=\"blockG\" id=\"rotateG_08\"><\/div>\n\t\t\t<\/div>\n\t\t\t<div class=\"WooZone-cross-sell-loader-text\"><\/div>\n\t\t<\/div>\n\t<\/div>\n\n\t\t\n<\/div>\n<div style=\"clear:both;\"><\/div><\/p>\n","protected":false},"excerpt":{"rendered":"<p>Wiederverwendbarer Verschluss: Konzipiert f\u00fcr wiederholten Gebrauch, Doppelzinken-Metallverschluss ist langlebig und \u00d6sen sind verst\u00e4rkt. Ideal f\u00fcr Zuhause, B\u00fcro, Schule, Interoffice oder Versand.<br \/>\nBraunes Kraftpapier, 12,7 kg: Ideal f\u00fcr den t\u00e4glichen Gebrauch zu Hause und im B\u00fcro. Die Briefumschl\u00e4ge von Quality Park sind aus schwerem 12,7 kg hergestellt. Braunes Kraftpapier f\u00fcr zus\u00e4tzlichen Schutz beim Versand, Lagerung und Handhabung.<br \/>\nGummierte Klappe: Zus\u00e4tzlich zu dem Verschlussverschluss verf\u00fcgen diese Qualit\u00e4ts-Umschl\u00e4ge \u00fcber eine feuchtigkeitsaktivierte sichere Versiegelung mit tiefer Gummierung auf der Lasche, um eine dauerhafte Versiegelung zu schaffen. Die Laschen schlie\u00dfen mit vollst\u00e4ndiger Klappe aus Gummi, um feuchtem Klima zu widerstehen, um sicherzustellen, dass der Umschlag versiegelt bleibt, damit Ihr Inhalt nicht herausf\u00e4llt<\/p>\n","protected":false},"featured_media":175997,"comment_status":"open","ping_status":"closed","template":"","meta":[],"product_brand":[],"product_cat":[504,8703],"product_tag":[],"class_list":{"0":"post-175996","1":"product","2":"type-product","3":"status-publish","4":"has-post-thumbnail","6":"product_cat-buerobedarf-schreibwaren","7":"product_cat-umschlaege-versandzubehoer","8":"pa_binding-buerobedarf-schreibwaren","9":"pa_brand-quality-park","10":"pa_color-hellbraun","11":"pa_height-3-75-zoll","12":"pa_length-14-zoll","13":"pa_manufacturer-quality-park","14":"pa_model-8740","15":"pa_size-9-x-12-inches","16":"pa_weight-4-pfund","17":"pa_width-9-1-zoll","19":"first","20":"instock","21":"shipping-taxable","22":"purchasable","23":"product-type-simple","24":"customify-col","25":"product-has-gallery"},"yoast_head":"<!-- This site is optimized with the Yoast SEO plugin v27.3 - https:\/\/yoast.com\/product\/yoast-seo-wordpress\/ -->\n<title>Quality Park 9 x 12 Verschluss-Umschl\u00e4ge mit tief gummierten Klappen, ideal zum Abheften, Aufbewahren oder Versenden von\u2026 - Markt-XXL<\/title>\n<meta name=\"description\" content=\"Markt-XXL Quality Park 9 x 12 Verschluss-Umschl\u00e4ge mit tief gummierten Klappen, ideal zum Abheften, Aufbewahren oder Versenden von\u2026\" \/>\n<meta name=\"robots\" content=\"index, follow, max-snippet:-1, max-image-preview:large, max-video-preview:-1\" \/>\n<link rel=\"canonical\" href=\"https:\/\/marktxxl.de\/markt\/produkt\/quality-park-37890-briefumschlaege-mit-tiefen-gummierten-klappen-ideal-zum-abheften-aufbewahren-oder-versenden-von-dokumenten-127-kg-braun-100-stueck\/\" \/>\n<meta property=\"og:locale\" content=\"de_DE\" \/>\n<meta property=\"og:type\" content=\"article\" \/>\n<meta property=\"og:title\" content=\"Quality Park 9 x 12 Verschluss-Umschl\u00e4ge mit tief gummierten Klappen, ideal zum Abheften, Aufbewahren oder Versenden von\u2026 - Markt-XXL\" \/>\n<meta property=\"og:description\" content=\"Markt-XXL Quality Park 9 x 12 Verschluss-Umschl\u00e4ge mit tief gummierten Klappen, ideal zum Abheften, Aufbewahren oder Versenden von\u2026\" \/>\n<meta property=\"og:url\" content=\"https:\/\/marktxxl.de\/markt\/produkt\/quality-park-37890-briefumschlaege-mit-tiefen-gummierten-klappen-ideal-zum-abheften-aufbewahren-oder-versenden-von-dokumenten-127-kg-braun-100-stueck\/\" \/>\n<meta property=\"og:site_name\" content=\"Markt-XXL\" \/>\n<meta property=\"article:modified_time\" content=\"2023-04-11T03:05:32+00:00\" \/>\n<meta property=\"og:image\" content=\"https:\/\/m.media-amazon.com\/images\/I\/41EOqIqhBRL._SL500_.jpg\" \/>\n\t<meta property=\"og:image:width\" content=\"500\" \/>\n\t<meta property=\"og:image:height\" content=\"500\" \/>\n\t<meta property=\"og:image:type\" content=\"image\/jpeg\" \/>\n<meta name=\"twitter:card\" content=\"summary_large_image\" \/>\n<meta name=\"twitter:label1\" content=\"Gesch\u00e4tzte Lesezeit\" \/>\n\t<meta name=\"twitter:data1\" content=\"1\u00a0Minute\" \/>\n<script type=\"application\/ld+json\" class=\"yoast-schema-graph\">{\"@context\":\"https:\\\/\\\/schema.org\",\"@graph\":[{\"@type\":\"WebPage\",\"@id\":\"https:\\\/\\\/marktxxl.de\\\/markt\\\/produkt\\\/quality-park-37890-briefumschlaege-mit-tiefen-gummierten-klappen-ideal-zum-abheften-aufbewahren-oder-versenden-von-dokumenten-127-kg-braun-100-stueck\\\/\",\"url\":\"https:\\\/\\\/marktxxl.de\\\/markt\\\/produkt\\\/quality-park-37890-briefumschlaege-mit-tiefen-gummierten-klappen-ideal-zum-abheften-aufbewahren-oder-versenden-von-dokumenten-127-kg-braun-100-stueck\\\/\",\"name\":\"Quality Park 9 x 12 Verschluss-Umschl\u00e4ge mit tief gummierten Klappen, ideal zum Abheften, Aufbewahren oder Versenden von\u2026 - Markt-XXL\",\"isPartOf\":{\"@id\":\"https:\\\/\\\/marktxxl.de\\\/markt\\\/#website\"},\"primaryImageOfPage\":{\"@id\":\"https:\\\/\\\/marktxxl.de\\\/markt\\\/produkt\\\/quality-park-37890-briefumschlaege-mit-tiefen-gummierten-klappen-ideal-zum-abheften-aufbewahren-oder-versenden-von-dokumenten-127-kg-braun-100-stueck\\\/#primaryimage\"},\"image\":{\"@id\":\"https:\\\/\\\/marktxxl.de\\\/markt\\\/produkt\\\/quality-park-37890-briefumschlaege-mit-tiefen-gummierten-klappen-ideal-zum-abheften-aufbewahren-oder-versenden-von-dokumenten-127-kg-braun-100-stueck\\\/#primaryimage\"},\"thumbnailUrl\":\"https:\\\/\\\/m.media-amazon.com\\\/images\\\/I\\\/41EOqIqhBRL._SL500_.jpg\",\"datePublished\":\"2022-12-11T10:13:54+00:00\",\"dateModified\":\"2023-04-11T03:05:32+00:00\",\"description\":\"Markt-XXL Quality Park 9 x 12 Verschluss-Umschl\u00e4ge mit tief gummierten Klappen, ideal zum Abheften, Aufbewahren oder Versenden von\u2026\",\"breadcrumb\":{\"@id\":\"https:\\\/\\\/marktxxl.de\\\/markt\\\/produkt\\\/quality-park-37890-briefumschlaege-mit-tiefen-gummierten-klappen-ideal-zum-abheften-aufbewahren-oder-versenden-von-dokumenten-127-kg-braun-100-stueck\\\/#breadcrumb\"},\"inLanguage\":\"de\",\"potentialAction\":[{\"@type\":\"ReadAction\",\"target\":[\"https:\\\/\\\/marktxxl.de\\\/markt\\\/produkt\\\/quality-park-37890-briefumschlaege-mit-tiefen-gummierten-klappen-ideal-zum-abheften-aufbewahren-oder-versenden-von-dokumenten-127-kg-braun-100-stueck\\\/\"]}]},{\"@type\":\"ImageObject\",\"inLanguage\":\"de\",\"@id\":\"https:\\\/\\\/marktxxl.de\\\/markt\\\/produkt\\\/quality-park-37890-briefumschlaege-mit-tiefen-gummierten-klappen-ideal-zum-abheften-aufbewahren-oder-versenden-von-dokumenten-127-kg-braun-100-stueck\\\/#primaryimage\",\"url\":\"https:\\\/\\\/m.media-amazon.com\\\/images\\\/I\\\/41EOqIqhBRL._SL500_.jpg\",\"contentUrl\":\"https:\\\/\\\/m.media-amazon.com\\\/images\\\/I\\\/41EOqIqhBRL._SL500_.jpg\",\"width\":500,\"height\":500},{\"@type\":\"BreadcrumbList\",\"@id\":\"https:\\\/\\\/marktxxl.de\\\/markt\\\/produkt\\\/quality-park-37890-briefumschlaege-mit-tiefen-gummierten-klappen-ideal-zum-abheften-aufbewahren-oder-versenden-von-dokumenten-127-kg-braun-100-stueck\\\/#breadcrumb\",\"itemListElement\":[{\"@type\":\"ListItem\",\"position\":1,\"name\":\"Startseite\",\"item\":\"https:\\\/\\\/marktxxl.de\\\/markt\\\/\"},{\"@type\":\"ListItem\",\"position\":2,\"name\":\"Markt\",\"item\":\"https:\\\/\\\/marktxxl.de\\\/markt\\\/\"},{\"@type\":\"ListItem\",\"position\":3,\"name\":\"Quality Park 9 x 12 Verschluss-Umschl\u00e4ge mit tief gummierten Klappen, ideal zum Abheften, Aufbewahren oder Versenden von\u2026\"}]},{\"@type\":\"WebSite\",\"@id\":\"https:\\\/\\\/marktxxl.de\\\/markt\\\/#website\",\"url\":\"https:\\\/\\\/marktxxl.de\\\/markt\\\/\",\"name\":\"Markt-XXL\",\"description\":\"Ihr Markt Online\",\"publisher\":{\"@id\":\"https:\\\/\\\/marktxxl.de\\\/markt\\\/#organization\"},\"potentialAction\":[{\"@type\":\"SearchAction\",\"target\":{\"@type\":\"EntryPoint\",\"urlTemplate\":\"https:\\\/\\\/marktxxl.de\\\/markt\\\/?s={search_term_string}\"},\"query-input\":{\"@type\":\"PropertyValueSpecification\",\"valueRequired\":true,\"valueName\":\"search_term_string\"}}],\"inLanguage\":\"de\"},{\"@type\":\"Organization\",\"@id\":\"https:\\\/\\\/marktxxl.de\\\/markt\\\/#organization\",\"name\":\"Markt-XXL\",\"url\":\"https:\\\/\\\/marktxxl.de\\\/markt\\\/\",\"logo\":{\"@type\":\"ImageObject\",\"inLanguage\":\"de\",\"@id\":\"https:\\\/\\\/marktxxl.de\\\/markt\\\/#\\\/schema\\\/logo\\\/image\\\/\",\"url\":\"https:\\\/\\\/marktxxl.de\\\/markt\\\/wp-content\\\/uploads\\\/sites\\\/3\\\/2020\\\/12\\\/logo.png\",\"contentUrl\":\"https:\\\/\\\/marktxxl.de\\\/markt\\\/wp-content\\\/uploads\\\/sites\\\/3\\\/2020\\\/12\\\/logo.png\",\"width\":200,\"height\":70,\"caption\":\"Markt-XXL\"},\"image\":{\"@id\":\"https:\\\/\\\/marktxxl.de\\\/markt\\\/#\\\/schema\\\/logo\\\/image\\\/\"}}]}<\/script>\n<!-- \/ Yoast SEO plugin. -->","yoast_head_json":{"title":"Quality Park 9 x 12 Verschluss-Umschl\u00e4ge mit tief gummierten Klappen, ideal zum Abheften, Aufbewahren oder Versenden von\u2026 - Markt-XXL","description":"Markt-XXL Quality Park 9 x 12 Verschluss-Umschl\u00e4ge mit tief gummierten Klappen, ideal zum Abheften, Aufbewahren oder Versenden von\u2026","robots":{"index":"index","follow":"follow","max-snippet":"max-snippet:-1","max-image-preview":"max-image-preview:large","max-video-preview":"max-video-preview:-1"},"canonical":"https:\/\/marktxxl.de\/markt\/produkt\/quality-park-37890-briefumschlaege-mit-tiefen-gummierten-klappen-ideal-zum-abheften-aufbewahren-oder-versenden-von-dokumenten-127-kg-braun-100-stueck\/","og_locale":"de_DE","og_type":"article","og_title":"Quality Park 9 x 12 Verschluss-Umschl\u00e4ge mit tief gummierten Klappen, ideal zum Abheften, Aufbewahren oder Versenden von\u2026 - Markt-XXL","og_description":"Markt-XXL Quality Park 9 x 12 Verschluss-Umschl\u00e4ge mit tief gummierten Klappen, ideal zum Abheften, Aufbewahren oder Versenden von\u2026","og_url":"https:\/\/marktxxl.de\/markt\/produkt\/quality-park-37890-briefumschlaege-mit-tiefen-gummierten-klappen-ideal-zum-abheften-aufbewahren-oder-versenden-von-dokumenten-127-kg-braun-100-stueck\/","og_site_name":"Markt-XXL","article_modified_time":"2023-04-11T03:05:32+00:00","og_image":[{"width":500,"height":500,"url":"https:\/\/m.media-amazon.com\/images\/I\/41EOqIqhBRL._SL500_.jpg","type":"image\/jpeg"}],"twitter_card":"summary_large_image","twitter_misc":{"Gesch\u00e4tzte Lesezeit":"1\u00a0Minute"},"schema":{"@context":"https:\/\/schema.org","@graph":[{"@type":"WebPage","@id":"https:\/\/marktxxl.de\/markt\/produkt\/quality-park-37890-briefumschlaege-mit-tiefen-gummierten-klappen-ideal-zum-abheften-aufbewahren-oder-versenden-von-dokumenten-127-kg-braun-100-stueck\/","url":"https:\/\/marktxxl.de\/markt\/produkt\/quality-park-37890-briefumschlaege-mit-tiefen-gummierten-klappen-ideal-zum-abheften-aufbewahren-oder-versenden-von-dokumenten-127-kg-braun-100-stueck\/","name":"Quality Park 9 x 12 Verschluss-Umschl\u00e4ge mit tief gummierten Klappen, ideal zum Abheften, Aufbewahren oder Versenden von\u2026 - Markt-XXL","isPartOf":{"@id":"https:\/\/marktxxl.de\/markt\/#website"},"primaryImageOfPage":{"@id":"https:\/\/marktxxl.de\/markt\/produkt\/quality-park-37890-briefumschlaege-mit-tiefen-gummierten-klappen-ideal-zum-abheften-aufbewahren-oder-versenden-von-dokumenten-127-kg-braun-100-stueck\/#primaryimage"},"image":{"@id":"https:\/\/marktxxl.de\/markt\/produkt\/quality-park-37890-briefumschlaege-mit-tiefen-gummierten-klappen-ideal-zum-abheften-aufbewahren-oder-versenden-von-dokumenten-127-kg-braun-100-stueck\/#primaryimage"},"thumbnailUrl":"https:\/\/m.media-amazon.com\/images\/I\/41EOqIqhBRL._SL500_.jpg","datePublished":"2022-12-11T10:13:54+00:00","dateModified":"2023-04-11T03:05:32+00:00","description":"Markt-XXL Quality Park 9 x 12 Verschluss-Umschl\u00e4ge mit tief gummierten Klappen, ideal zum Abheften, Aufbewahren oder Versenden von\u2026","breadcrumb":{"@id":"https:\/\/marktxxl.de\/markt\/produkt\/quality-park-37890-briefumschlaege-mit-tiefen-gummierten-klappen-ideal-zum-abheften-aufbewahren-oder-versenden-von-dokumenten-127-kg-braun-100-stueck\/#breadcrumb"},"inLanguage":"de","potentialAction":[{"@type":"ReadAction","target":["https:\/\/marktxxl.de\/markt\/produkt\/quality-park-37890-briefumschlaege-mit-tiefen-gummierten-klappen-ideal-zum-abheften-aufbewahren-oder-versenden-von-dokumenten-127-kg-braun-100-stueck\/"]}]},{"@type":"ImageObject","inLanguage":"de","@id":"https:\/\/marktxxl.de\/markt\/produkt\/quality-park-37890-briefumschlaege-mit-tiefen-gummierten-klappen-ideal-zum-abheften-aufbewahren-oder-versenden-von-dokumenten-127-kg-braun-100-stueck\/#primaryimage","url":"https:\/\/m.media-amazon.com\/images\/I\/41EOqIqhBRL._SL500_.jpg","contentUrl":"https:\/\/m.media-amazon.com\/images\/I\/41EOqIqhBRL._SL500_.jpg","width":500,"height":500},{"@type":"BreadcrumbList","@id":"https:\/\/marktxxl.de\/markt\/produkt\/quality-park-37890-briefumschlaege-mit-tiefen-gummierten-klappen-ideal-zum-abheften-aufbewahren-oder-versenden-von-dokumenten-127-kg-braun-100-stueck\/#breadcrumb","itemListElement":[{"@type":"ListItem","position":1,"name":"Startseite","item":"https:\/\/marktxxl.de\/markt\/"},{"@type":"ListItem","position":2,"name":"Markt","item":"https:\/\/marktxxl.de\/markt\/"},{"@type":"ListItem","position":3,"name":"Quality Park 9 x 12 Verschluss-Umschl\u00e4ge mit tief gummierten Klappen, ideal zum Abheften, Aufbewahren oder Versenden von\u2026"}]},{"@type":"WebSite","@id":"https:\/\/marktxxl.de\/markt\/#website","url":"https:\/\/marktxxl.de\/markt\/","name":"Markt-XXL","description":"Ihr Markt Online","publisher":{"@id":"https:\/\/marktxxl.de\/markt\/#organization"},"potentialAction":[{"@type":"SearchAction","target":{"@type":"EntryPoint","urlTemplate":"https:\/\/marktxxl.de\/markt\/?s={search_term_string}"},"query-input":{"@type":"PropertyValueSpecification","valueRequired":true,"valueName":"search_term_string"}}],"inLanguage":"de"},{"@type":"Organization","@id":"https:\/\/marktxxl.de\/markt\/#organization","name":"Markt-XXL","url":"https:\/\/marktxxl.de\/markt\/","logo":{"@type":"ImageObject","inLanguage":"de","@id":"https:\/\/marktxxl.de\/markt\/#\/schema\/logo\/image\/","url":"https:\/\/marktxxl.de\/markt\/wp-content\/uploads\/sites\/3\/2020\/12\/logo.png","contentUrl":"https:\/\/marktxxl.de\/markt\/wp-content\/uploads\/sites\/3\/2020\/12\/logo.png","width":200,"height":70,"caption":"Markt-XXL"},"image":{"@id":"https:\/\/marktxxl.de\/markt\/#\/schema\/logo\/image\/"}}]}},"_links":{"self":[{"href":"https:\/\/marktxxl.de\/markt\/wp-json\/wp\/v2\/product\/175996","targetHints":{"allow":["GET"]}}],"collection":[{"href":"https:\/\/marktxxl.de\/markt\/wp-json\/wp\/v2\/product"}],"about":[{"href":"https:\/\/marktxxl.de\/markt\/wp-json\/wp\/v2\/types\/product"}],"replies":[{"embeddable":true,"href":"https:\/\/marktxxl.de\/markt\/wp-json\/wp\/v2\/comments?post=175996"}],"wp:featuredmedia":[{"embeddable":true,"href":"https:\/\/marktxxl.de\/markt\/wp-json\/wp\/v2\/media\/175997"}],"wp:attachment":[{"href":"https:\/\/marktxxl.de\/markt\/wp-json\/wp\/v2\/media?parent=175996"}],"wp:term":[{"taxonomy":"product_brand","embeddable":true,"href":"https:\/\/marktxxl.de\/markt\/wp-json\/wp\/v2\/product_brand?post=175996"},{"taxonomy":"product_cat","embeddable":true,"href":"https:\/\/marktxxl.de\/markt\/wp-json\/wp\/v2\/product_cat?post=175996"},{"taxonomy":"product_tag","embeddable":true,"href":"https:\/\/marktxxl.de\/markt\/wp-json\/wp\/v2\/product_tag?post=175996"}],"curies":[{"name":"wp","href":"https:\/\/api.w.org\/{rel}","templated":true}]}}