{"id":175886,"date":"2022-12-11T11:09:12","date_gmt":"2022-12-11T10:09:12","guid":{"rendered":"https:\/\/marktxxl.de\/markt\/produkt\/yumbox-original-m-lunchbox-orange-monsters-brotdose-6-faecher-mittelgross-bento-box-fuer-kindergarten-kinder-schule-erwachsene\/"},"modified":"2023-04-11T05:05:29","modified_gmt":"2023-04-11T03:05:29","slug":"yumbox-original-m-lunchbox-orange-monsters-brotdose-6-faecher-mittelgross-bento-box-fuer-kindergarten-kinder-schule-erwachsene","status":"publish","type":"product","link":"https:\/\/marktxxl.de\/markt\/produkt\/yumbox-original-m-lunchbox-orange-monsters-brotdose-6-faecher-mittelgross-bento-box-fuer-kindergarten-kinder-schule-erwachsene\/","title":{"rendered":"yumbox Original M Lunchbox &#8211; Brotdose 6 F\u00e4cher, mittelgro\u00df | Bento Box f\u00fcr Kindergarten Kinder, Schule, Erwachsene (Roar\u2026"},"content":{"rendered":"<p>\u2764 YUMBOX ORIGINAL CLASSIC: Bento Box f\u00fcr Kinder und Erwachsene &#8211; mittlere Gr\u00f6\u00dfe mit 6 abgedichteten F\u00e4chern. Diese Brotzeitbox ist geeignet f\u00fcr Kinder, Teens und Erwachsene. Die kleinen Unterteilungen der Yumbox Brotdosen sind sehr praktisch und laden dazu ein, die Vesper in der Schule oder im Kindergarten abwechslungsreich zu gestalten.<br \/>\n\u2764 UNTERTEILTE VESPERBOX: Separate, untereinander dichte F\u00e4cher &#8211; kein l\u00e4stiges Vermischen der Lebensmittel in der Butterbrotdose mehr. Endlich muss nichts mehr in tausend T\u00fcten und Folien eingepackt werden. Alles bleibt frisch, knackig &amp; beh\u00e4lt seinen eigenen Geschmack und Geruch.<br \/>\n\u2764 AUSLAUFSICHERE VESPERDOSE: Brotdose mit Silikondichtung &#8211; Yumbox sind auslaufsicher jedoch NICHT wasserdicht. Es k\u00f6nnen dickfl\u00fcssige Lebensmittel wie z.B. Hummus oder Quark Dip aufbewahrt werden, jedoch keine Fl\u00fcssigkeiten wie Suppe oder Melone.<br \/>\n\u2764 FREI VON SCHADSTOFFEN: BPA frei aus hochwertingen Materialien. Yumbox Original Lunchbox ist nicht Mikrowellen-geeignet. Der transparente Einsatz der Brotb\u00fcchse ist herausnehmbar und sp\u00fclmaschinenfest. F\u00fcr die \u00e4u\u00dfere Box ist Handw\u00e4sche empfehlenswert, da sich bei zu hei\u00dfem Sp\u00fclen die Verschl\u00fcsse verziehen und die Dichtung nachl\u00e4sst.<br \/>\n\u2764 GR\u00d6SSE: 21,5 cm x 16 cm, 4,5 cm hoch, Gewicht: ca. 484 g. Sie ist zwar etwas schwerer als normale Brotboxen, aber daf\u00fcr sind die vielen dichten F\u00e4cher genau richtig, um Mahlzeiten unterwegs sch\u00f6n und abwechslungsreich zu gestalten.<br \/>\n<div class=\"main-cross-sell\" data-asin=\"B09PRGB782\">\n\n\t<div class=\"WooZone-cross-sell-loader\">\n\t\t<div>\n\t\t\t<div id=\"floatingBarsG\">\n\t\t\t\t<div class=\"blockG\" id=\"rotateG_01\"><\/div>\n\t\t\t\t<div class=\"blockG\" id=\"rotateG_02\"><\/div>\n\t\t\t\t<div class=\"blockG\" id=\"rotateG_03\"><\/div>\n\t\t\t\t<div class=\"blockG\" id=\"rotateG_04\"><\/div>\n\t\t\t\t<div class=\"blockG\" id=\"rotateG_05\"><\/div>\n\t\t\t\t<div class=\"blockG\" id=\"rotateG_06\"><\/div>\n\t\t\t\t<div class=\"blockG\" id=\"rotateG_07\"><\/div>\n\t\t\t\t<div class=\"blockG\" id=\"rotateG_08\"><\/div>\n\t\t\t<\/div>\n\t\t\t<div class=\"WooZone-cross-sell-loader-text\"><\/div>\n\t\t<\/div>\n\t<\/div>\n\n\t\t\n<\/div>\n<div style=\"clear:both;\"><\/div><\/p>\n","protected":false},"excerpt":{"rendered":"<p>\u2764 YUMBOX ORIGINAL CLASSIC: Bento Box f\u00fcr Kinder und Erwachsene &#8211; mittlere Gr\u00f6\u00dfe mit 6 abgedichteten F\u00e4chern. Diese Brotzeitbox ist geeignet f\u00fcr Kinder, Teens und Erwachsene. Die kleinen Unterteilungen der Yumbox Brotdosen sind sehr praktisch und laden dazu ein, die Vesper in der Schule oder im Kindergarten abwechslungsreich zu gestalten.<br \/>\n\u2764 UNTERTEILTE VESPERBOX: Separate, untereinander dichte F\u00e4cher &#8211; kein l\u00e4stiges Vermischen der Lebensmittel in der Butterbrotdose mehr. Endlich muss nichts mehr in tausend T\u00fcten und Folien eingepackt werden. Alles bleibt frisch, knackig &amp; beh\u00e4lt seinen eigenen Geschmack und Geruch.<br \/>\n\u2764 AUSLAUFSICHERE VESPERDOSE: Brotdose mit Silikondichtung &#8211; Yumbox sind auslaufsicher jedoch NICHT wasserdicht. Es k\u00f6nnen dickfl\u00fcssige Lebensmittel wie z.B. Hummus oder Quark Dip aufbewahrt werden, jedoch keine Fl\u00fcssigkeiten wie Suppe oder Melone.<\/p>\n","protected":false},"featured_media":175887,"comment_status":"open","ping_status":"closed","template":"","meta":[],"product_brand":[],"product_cat":[504,8631],"product_tag":[],"class_list":{"0":"post-175886","1":"product","2":"type-product","3":"status-publish","4":"has-post-thumbnail","6":"product_cat-buerobedarf-schreibwaren","7":"product_cat-schul-unibedarf","8":"pa_brand-yumbox","9":"pa_height-1-8-zoll","10":"pa_length-8-5-zoll","11":"pa_manufacturer-yumbox","12":"pa_model-original","13":"pa_width-6-zoll","15":"first","16":"instock","17":"shipping-taxable","18":"purchasable","19":"product-type-simple","20":"customify-col","21":"product-has-gallery"},"yoast_head":"<!-- This site is optimized with the Yoast SEO plugin v27.4 - https:\/\/yoast.com\/product\/yoast-seo-wordpress\/ -->\n<title>yumbox Original M Lunchbox - Brotdose 6 F\u00e4cher, mittelgro\u00df | Bento Box f\u00fcr Kindergarten Kinder, Schule, Erwachsene (Roar\u2026 - Markt-XXL<\/title>\n<meta name=\"description\" content=\"Markt-XXL yumbox Original M Lunchbox - Brotdose 6 F\u00e4cher, mittelgro\u00df | Bento Box f\u00fcr Kindergarten Kinder, Schule, Erwachsene (Roar\u2026\" \/>\n<meta name=\"robots\" content=\"index, follow, max-snippet:-1, max-image-preview:large, max-video-preview:-1\" \/>\n<link rel=\"canonical\" href=\"https:\/\/marktxxl.de\/markt\/produkt\/yumbox-original-m-lunchbox-orange-monsters-brotdose-6-faecher-mittelgross-bento-box-fuer-kindergarten-kinder-schule-erwachsene\/\" \/>\n<meta property=\"og:locale\" content=\"de_DE\" \/>\n<meta property=\"og:type\" content=\"article\" \/>\n<meta property=\"og:title\" content=\"yumbox Original M Lunchbox - Brotdose 6 F\u00e4cher, mittelgro\u00df | Bento Box f\u00fcr Kindergarten Kinder, Schule, Erwachsene (Roar\u2026 - Markt-XXL\" \/>\n<meta property=\"og:description\" content=\"Markt-XXL yumbox Original M Lunchbox - Brotdose 6 F\u00e4cher, mittelgro\u00df | Bento Box f\u00fcr Kindergarten Kinder, Schule, Erwachsene (Roar\u2026\" \/>\n<meta property=\"og:url\" content=\"https:\/\/marktxxl.de\/markt\/produkt\/yumbox-original-m-lunchbox-orange-monsters-brotdose-6-faecher-mittelgross-bento-box-fuer-kindergarten-kinder-schule-erwachsene\/\" \/>\n<meta property=\"og:site_name\" content=\"Markt-XXL\" \/>\n<meta property=\"article:modified_time\" content=\"2023-04-11T03:05:29+00:00\" \/>\n<meta property=\"og:image\" content=\"https:\/\/m.media-amazon.com\/images\/I\/41cEFnSFnDL._SL500_.jpg\" \/>\n\t<meta property=\"og:image:width\" content=\"500\" \/>\n\t<meta property=\"og:image:height\" content=\"500\" \/>\n\t<meta property=\"og:image:type\" content=\"image\/jpeg\" \/>\n<meta name=\"twitter:card\" content=\"summary_large_image\" \/>\n<meta name=\"twitter:label1\" content=\"Gesch\u00e4tzte Lesezeit\" \/>\n\t<meta name=\"twitter:data1\" content=\"1\u00a0Minute\" \/>\n<script type=\"application\/ld+json\" class=\"yoast-schema-graph\">{\"@context\":\"https:\\\/\\\/schema.org\",\"@graph\":[{\"@type\":\"WebPage\",\"@id\":\"https:\\\/\\\/marktxxl.de\\\/markt\\\/produkt\\\/yumbox-original-m-lunchbox-orange-monsters-brotdose-6-faecher-mittelgross-bento-box-fuer-kindergarten-kinder-schule-erwachsene\\\/\",\"url\":\"https:\\\/\\\/marktxxl.de\\\/markt\\\/produkt\\\/yumbox-original-m-lunchbox-orange-monsters-brotdose-6-faecher-mittelgross-bento-box-fuer-kindergarten-kinder-schule-erwachsene\\\/\",\"name\":\"yumbox Original M Lunchbox - Brotdose 6 F\u00e4cher, mittelgro\u00df | Bento Box f\u00fcr Kindergarten Kinder, Schule, Erwachsene (Roar\u2026 - Markt-XXL\",\"isPartOf\":{\"@id\":\"https:\\\/\\\/marktxxl.de\\\/markt\\\/#website\"},\"primaryImageOfPage\":{\"@id\":\"https:\\\/\\\/marktxxl.de\\\/markt\\\/produkt\\\/yumbox-original-m-lunchbox-orange-monsters-brotdose-6-faecher-mittelgross-bento-box-fuer-kindergarten-kinder-schule-erwachsene\\\/#primaryimage\"},\"image\":{\"@id\":\"https:\\\/\\\/marktxxl.de\\\/markt\\\/produkt\\\/yumbox-original-m-lunchbox-orange-monsters-brotdose-6-faecher-mittelgross-bento-box-fuer-kindergarten-kinder-schule-erwachsene\\\/#primaryimage\"},\"thumbnailUrl\":\"https:\\\/\\\/m.media-amazon.com\\\/images\\\/I\\\/41cEFnSFnDL._SL500_.jpg\",\"datePublished\":\"2022-12-11T10:09:12+00:00\",\"dateModified\":\"2023-04-11T03:05:29+00:00\",\"description\":\"Markt-XXL yumbox Original M Lunchbox - Brotdose 6 F\u00e4cher, mittelgro\u00df | Bento Box f\u00fcr Kindergarten Kinder, Schule, Erwachsene (Roar\u2026\",\"breadcrumb\":{\"@id\":\"https:\\\/\\\/marktxxl.de\\\/markt\\\/produkt\\\/yumbox-original-m-lunchbox-orange-monsters-brotdose-6-faecher-mittelgross-bento-box-fuer-kindergarten-kinder-schule-erwachsene\\\/#breadcrumb\"},\"inLanguage\":\"de\",\"potentialAction\":[{\"@type\":\"ReadAction\",\"target\":[\"https:\\\/\\\/marktxxl.de\\\/markt\\\/produkt\\\/yumbox-original-m-lunchbox-orange-monsters-brotdose-6-faecher-mittelgross-bento-box-fuer-kindergarten-kinder-schule-erwachsene\\\/\"]}]},{\"@type\":\"ImageObject\",\"inLanguage\":\"de\",\"@id\":\"https:\\\/\\\/marktxxl.de\\\/markt\\\/produkt\\\/yumbox-original-m-lunchbox-orange-monsters-brotdose-6-faecher-mittelgross-bento-box-fuer-kindergarten-kinder-schule-erwachsene\\\/#primaryimage\",\"url\":\"https:\\\/\\\/m.media-amazon.com\\\/images\\\/I\\\/41cEFnSFnDL._SL500_.jpg\",\"contentUrl\":\"https:\\\/\\\/m.media-amazon.com\\\/images\\\/I\\\/41cEFnSFnDL._SL500_.jpg\",\"width\":500,\"height\":500},{\"@type\":\"BreadcrumbList\",\"@id\":\"https:\\\/\\\/marktxxl.de\\\/markt\\\/produkt\\\/yumbox-original-m-lunchbox-orange-monsters-brotdose-6-faecher-mittelgross-bento-box-fuer-kindergarten-kinder-schule-erwachsene\\\/#breadcrumb\",\"itemListElement\":[{\"@type\":\"ListItem\",\"position\":1,\"name\":\"Startseite\",\"item\":\"https:\\\/\\\/marktxxl.de\\\/markt\\\/\"},{\"@type\":\"ListItem\",\"position\":2,\"name\":\"Markt\",\"item\":\"https:\\\/\\\/marktxxl.de\\\/markt\\\/\"},{\"@type\":\"ListItem\",\"position\":3,\"name\":\"yumbox Original M Lunchbox &#8211; Brotdose 6 F\u00e4cher, mittelgro\u00df | Bento Box f\u00fcr Kindergarten Kinder, Schule, Erwachsene (Roar\u2026\"}]},{\"@type\":\"WebSite\",\"@id\":\"https:\\\/\\\/marktxxl.de\\\/markt\\\/#website\",\"url\":\"https:\\\/\\\/marktxxl.de\\\/markt\\\/\",\"name\":\"Markt-XXL\",\"description\":\"Ihr Markt Online\",\"publisher\":{\"@id\":\"https:\\\/\\\/marktxxl.de\\\/markt\\\/#organization\"},\"potentialAction\":[{\"@type\":\"SearchAction\",\"target\":{\"@type\":\"EntryPoint\",\"urlTemplate\":\"https:\\\/\\\/marktxxl.de\\\/markt\\\/?s={search_term_string}\"},\"query-input\":{\"@type\":\"PropertyValueSpecification\",\"valueRequired\":true,\"valueName\":\"search_term_string\"}}],\"inLanguage\":\"de\"},{\"@type\":\"Organization\",\"@id\":\"https:\\\/\\\/marktxxl.de\\\/markt\\\/#organization\",\"name\":\"Markt-XXL\",\"url\":\"https:\\\/\\\/marktxxl.de\\\/markt\\\/\",\"logo\":{\"@type\":\"ImageObject\",\"inLanguage\":\"de\",\"@id\":\"https:\\\/\\\/marktxxl.de\\\/markt\\\/#\\\/schema\\\/logo\\\/image\\\/\",\"url\":\"https:\\\/\\\/marktxxl.de\\\/markt\\\/wp-content\\\/uploads\\\/sites\\\/3\\\/2020\\\/12\\\/logo.png\",\"contentUrl\":\"https:\\\/\\\/marktxxl.de\\\/markt\\\/wp-content\\\/uploads\\\/sites\\\/3\\\/2020\\\/12\\\/logo.png\",\"width\":200,\"height\":70,\"caption\":\"Markt-XXL\"},\"image\":{\"@id\":\"https:\\\/\\\/marktxxl.de\\\/markt\\\/#\\\/schema\\\/logo\\\/image\\\/\"}}]}<\/script>\n<!-- \/ Yoast SEO plugin. -->","yoast_head_json":{"title":"yumbox Original M Lunchbox - Brotdose 6 F\u00e4cher, mittelgro\u00df | Bento Box f\u00fcr Kindergarten Kinder, Schule, Erwachsene (Roar\u2026 - Markt-XXL","description":"Markt-XXL yumbox Original M Lunchbox - Brotdose 6 F\u00e4cher, mittelgro\u00df | Bento Box f\u00fcr Kindergarten Kinder, Schule, Erwachsene (Roar\u2026","robots":{"index":"index","follow":"follow","max-snippet":"max-snippet:-1","max-image-preview":"max-image-preview:large","max-video-preview":"max-video-preview:-1"},"canonical":"https:\/\/marktxxl.de\/markt\/produkt\/yumbox-original-m-lunchbox-orange-monsters-brotdose-6-faecher-mittelgross-bento-box-fuer-kindergarten-kinder-schule-erwachsene\/","og_locale":"de_DE","og_type":"article","og_title":"yumbox Original M Lunchbox - Brotdose 6 F\u00e4cher, mittelgro\u00df | Bento Box f\u00fcr Kindergarten Kinder, Schule, Erwachsene (Roar\u2026 - Markt-XXL","og_description":"Markt-XXL yumbox Original M Lunchbox - Brotdose 6 F\u00e4cher, mittelgro\u00df | Bento Box f\u00fcr Kindergarten Kinder, Schule, Erwachsene (Roar\u2026","og_url":"https:\/\/marktxxl.de\/markt\/produkt\/yumbox-original-m-lunchbox-orange-monsters-brotdose-6-faecher-mittelgross-bento-box-fuer-kindergarten-kinder-schule-erwachsene\/","og_site_name":"Markt-XXL","article_modified_time":"2023-04-11T03:05:29+00:00","og_image":[{"width":500,"height":500,"url":"https:\/\/m.media-amazon.com\/images\/I\/41cEFnSFnDL._SL500_.jpg","type":"image\/jpeg"}],"twitter_card":"summary_large_image","twitter_misc":{"Gesch\u00e4tzte Lesezeit":"1\u00a0Minute"},"schema":{"@context":"https:\/\/schema.org","@graph":[{"@type":"WebPage","@id":"https:\/\/marktxxl.de\/markt\/produkt\/yumbox-original-m-lunchbox-orange-monsters-brotdose-6-faecher-mittelgross-bento-box-fuer-kindergarten-kinder-schule-erwachsene\/","url":"https:\/\/marktxxl.de\/markt\/produkt\/yumbox-original-m-lunchbox-orange-monsters-brotdose-6-faecher-mittelgross-bento-box-fuer-kindergarten-kinder-schule-erwachsene\/","name":"yumbox Original M Lunchbox - Brotdose 6 F\u00e4cher, mittelgro\u00df | Bento Box f\u00fcr Kindergarten Kinder, Schule, Erwachsene (Roar\u2026 - Markt-XXL","isPartOf":{"@id":"https:\/\/marktxxl.de\/markt\/#website"},"primaryImageOfPage":{"@id":"https:\/\/marktxxl.de\/markt\/produkt\/yumbox-original-m-lunchbox-orange-monsters-brotdose-6-faecher-mittelgross-bento-box-fuer-kindergarten-kinder-schule-erwachsene\/#primaryimage"},"image":{"@id":"https:\/\/marktxxl.de\/markt\/produkt\/yumbox-original-m-lunchbox-orange-monsters-brotdose-6-faecher-mittelgross-bento-box-fuer-kindergarten-kinder-schule-erwachsene\/#primaryimage"},"thumbnailUrl":"https:\/\/m.media-amazon.com\/images\/I\/41cEFnSFnDL._SL500_.jpg","datePublished":"2022-12-11T10:09:12+00:00","dateModified":"2023-04-11T03:05:29+00:00","description":"Markt-XXL yumbox Original M Lunchbox - Brotdose 6 F\u00e4cher, mittelgro\u00df | Bento Box f\u00fcr Kindergarten Kinder, Schule, Erwachsene (Roar\u2026","breadcrumb":{"@id":"https:\/\/marktxxl.de\/markt\/produkt\/yumbox-original-m-lunchbox-orange-monsters-brotdose-6-faecher-mittelgross-bento-box-fuer-kindergarten-kinder-schule-erwachsene\/#breadcrumb"},"inLanguage":"de","potentialAction":[{"@type":"ReadAction","target":["https:\/\/marktxxl.de\/markt\/produkt\/yumbox-original-m-lunchbox-orange-monsters-brotdose-6-faecher-mittelgross-bento-box-fuer-kindergarten-kinder-schule-erwachsene\/"]}]},{"@type":"ImageObject","inLanguage":"de","@id":"https:\/\/marktxxl.de\/markt\/produkt\/yumbox-original-m-lunchbox-orange-monsters-brotdose-6-faecher-mittelgross-bento-box-fuer-kindergarten-kinder-schule-erwachsene\/#primaryimage","url":"https:\/\/m.media-amazon.com\/images\/I\/41cEFnSFnDL._SL500_.jpg","contentUrl":"https:\/\/m.media-amazon.com\/images\/I\/41cEFnSFnDL._SL500_.jpg","width":500,"height":500},{"@type":"BreadcrumbList","@id":"https:\/\/marktxxl.de\/markt\/produkt\/yumbox-original-m-lunchbox-orange-monsters-brotdose-6-faecher-mittelgross-bento-box-fuer-kindergarten-kinder-schule-erwachsene\/#breadcrumb","itemListElement":[{"@type":"ListItem","position":1,"name":"Startseite","item":"https:\/\/marktxxl.de\/markt\/"},{"@type":"ListItem","position":2,"name":"Markt","item":"https:\/\/marktxxl.de\/markt\/"},{"@type":"ListItem","position":3,"name":"yumbox Original M Lunchbox &#8211; Brotdose 6 F\u00e4cher, mittelgro\u00df | Bento Box f\u00fcr Kindergarten Kinder, Schule, Erwachsene (Roar\u2026"}]},{"@type":"WebSite","@id":"https:\/\/marktxxl.de\/markt\/#website","url":"https:\/\/marktxxl.de\/markt\/","name":"Markt-XXL","description":"Ihr Markt Online","publisher":{"@id":"https:\/\/marktxxl.de\/markt\/#organization"},"potentialAction":[{"@type":"SearchAction","target":{"@type":"EntryPoint","urlTemplate":"https:\/\/marktxxl.de\/markt\/?s={search_term_string}"},"query-input":{"@type":"PropertyValueSpecification","valueRequired":true,"valueName":"search_term_string"}}],"inLanguage":"de"},{"@type":"Organization","@id":"https:\/\/marktxxl.de\/markt\/#organization","name":"Markt-XXL","url":"https:\/\/marktxxl.de\/markt\/","logo":{"@type":"ImageObject","inLanguage":"de","@id":"https:\/\/marktxxl.de\/markt\/#\/schema\/logo\/image\/","url":"https:\/\/marktxxl.de\/markt\/wp-content\/uploads\/sites\/3\/2020\/12\/logo.png","contentUrl":"https:\/\/marktxxl.de\/markt\/wp-content\/uploads\/sites\/3\/2020\/12\/logo.png","width":200,"height":70,"caption":"Markt-XXL"},"image":{"@id":"https:\/\/marktxxl.de\/markt\/#\/schema\/logo\/image\/"}}]}},"_links":{"self":[{"href":"https:\/\/marktxxl.de\/markt\/wp-json\/wp\/v2\/product\/175886","targetHints":{"allow":["GET"]}}],"collection":[{"href":"https:\/\/marktxxl.de\/markt\/wp-json\/wp\/v2\/product"}],"about":[{"href":"https:\/\/marktxxl.de\/markt\/wp-json\/wp\/v2\/types\/product"}],"replies":[{"embeddable":true,"href":"https:\/\/marktxxl.de\/markt\/wp-json\/wp\/v2\/comments?post=175886"}],"wp:featuredmedia":[{"embeddable":true,"href":"https:\/\/marktxxl.de\/markt\/wp-json\/wp\/v2\/media\/175887"}],"wp:attachment":[{"href":"https:\/\/marktxxl.de\/markt\/wp-json\/wp\/v2\/media?parent=175886"}],"wp:term":[{"taxonomy":"product_brand","embeddable":true,"href":"https:\/\/marktxxl.de\/markt\/wp-json\/wp\/v2\/product_brand?post=175886"},{"taxonomy":"product_cat","embeddable":true,"href":"https:\/\/marktxxl.de\/markt\/wp-json\/wp\/v2\/product_cat?post=175886"},{"taxonomy":"product_tag","embeddable":true,"href":"https:\/\/marktxxl.de\/markt\/wp-json\/wp\/v2\/product_tag?post=175886"}],"curies":[{"name":"wp","href":"https:\/\/api.w.org\/{rel}","templated":true}]}}