{"id":175878,"date":"2022-12-11T11:09:00","date_gmt":"2022-12-11T10:09:00","guid":{"rendered":"https:\/\/marktxxl.de\/markt\/produkt\/dundie-award-trophaee-the-office-merchandise-dunder-mifflin-memorabilia-inspiriert-vom-buero\/"},"modified":"2023-04-11T05:05:29","modified_gmt":"2023-04-11T03:05:29","slug":"dundie-award-trophaee-the-office-merchandise-dunder-mifflin-memorabilia-inspiriert-vom-buero","status":"publish","type":"product","link":"https:\/\/marktxxl.de\/markt\/produkt\/dundie-award-trophaee-the-office-merchandise-dunder-mifflin-memorabilia-inspiriert-vom-buero\/","title":{"rendered":"Dundie Award Troph\u00e4e \u2013 The Office Merchandise \u2013 Dunder Mifflin Memorabilia inspiriert vom B\u00fcro"},"content":{"rendered":"<p>DIE B\u00dcRO &#8211; Michael Scott hat diese Troph\u00e4en jedes Jahr in Chilis ausgegeben. Jetzt sind Sie an der Reihe f\u00fcr Office-Spa\u00df! Verschenken Sie diese Auszeichnung an Ihre hart arbeitenden Kollegen oder kaufen Sie eine f\u00fcr sich selbst. Michael w\u00fcrde in beiden F\u00e4llen zustimmen.<br \/>\nHohe Farm-Qualit\u00e4t \u2013 dies ist kein falscher Oscar oder Gag Grammy, es ist eine hochwertige, robuste Business-Mann-Statue, die auf einem sch\u00f6nen schwarzen Marmorsockel liegt. Hol dir eine Troph\u00e4e, die gut genug ist, um Dwight zum L\u00e4cheln zu bringen.<br \/>\nVON DER BESTEN BOSS DER WELT &#8211; Zum besten Mitarbeiter der Welt! Oder zumindest zum hei\u00dfesten im B\u00fcro, schlechtesten Verk\u00e4ufer des Jahres oder buschigsten Biber.<br \/>\nPerfektes Geschenk \u2013 Geben Sie das Beste zum Besten. Ob von einem Jim Halpert zu einem Pam Beesly oder von einem Fan zum anderen, dieses lustige Geschenk ist ideal f\u00fcr Weihnachten, einen Geburtstag, Hanukkah, einen Arbeitsjubil\u00e4um oder den besten Dundies-Gastgeber.<br \/>\nOFF THE SHOW &#8211; F\u00fcr die besten Souvenirs aus den besten Shows, schauen Sie Off The Show. Die Office US TV-Show zu sehen war eine wunderbare Erfahrung; jetzt k\u00f6nnen Sie sie leben! (Oder Teil, wo Leute Dundies bekommen, zumindest)<br \/>\n<div class=\"main-cross-sell\" data-asin=\"B07WQYV9VF\">\n\n\t<div class=\"WooZone-cross-sell-loader\">\n\t\t<div>\n\t\t\t<div id=\"floatingBarsG\">\n\t\t\t\t<div class=\"blockG\" id=\"rotateG_01\"><\/div>\n\t\t\t\t<div class=\"blockG\" id=\"rotateG_02\"><\/div>\n\t\t\t\t<div class=\"blockG\" id=\"rotateG_03\"><\/div>\n\t\t\t\t<div class=\"blockG\" id=\"rotateG_04\"><\/div>\n\t\t\t\t<div class=\"blockG\" id=\"rotateG_05\"><\/div>\n\t\t\t\t<div class=\"blockG\" id=\"rotateG_06\"><\/div>\n\t\t\t\t<div class=\"blockG\" id=\"rotateG_07\"><\/div>\n\t\t\t\t<div class=\"blockG\" id=\"rotateG_08\"><\/div>\n\t\t\t<\/div>\n\t\t\t<div class=\"WooZone-cross-sell-loader-text\"><\/div>\n\t\t<\/div>\n\t<\/div>\n\n\t\t\n<\/div>\n<div style=\"clear:both;\"><\/div><\/p>\n","protected":false},"excerpt":{"rendered":"<p>DIE B\u00dcRO &#8211; Michael Scott hat diese Troph\u00e4en jedes Jahr in Chilis ausgegeben. Jetzt sind Sie an der Reihe f\u00fcr Office-Spa\u00df! Verschenken Sie diese Auszeichnung an Ihre hart arbeitenden Kollegen oder kaufen Sie eine f\u00fcr sich selbst. Michael w\u00fcrde in beiden F\u00e4llen zustimmen.<br \/>\nHohe Farm-Qualit\u00e4t \u2013 dies ist kein falscher Oscar oder Gag Grammy, es ist eine hochwertige, robuste Business-Mann-Statue, die auf einem sch\u00f6nen schwarzen Marmorsockel liegt. Hol dir eine Troph\u00e4e, die gut genug ist, um Dwight zum L\u00e4cheln zu bringen.<br \/>\nVON DER BESTEN BOSS DER WELT &#8211; Zum besten Mitarbeiter der Welt! Oder zumindest zum hei\u00dfesten im B\u00fcro, schlechtesten Verk\u00e4ufer des Jahres oder buschigsten Biber.<\/p>\n","protected":false},"featured_media":175879,"comment_status":"open","ping_status":"closed","template":"","meta":[],"product_brand":[],"product_cat":[504,8631],"product_tag":[],"class_list":{"0":"post-175878","1":"product","2":"type-product","3":"status-publish","4":"has-post-thumbnail","6":"product_cat-buerobedarf-schreibwaren","7":"product_cat-schul-unibedarf","8":"pa_binding-buerobedarf-schreibwaren","9":"pa_brand-off-the-show","10":"pa_height-7-99999999184-zoll","11":"pa_length-5-00393700277-zoll","12":"pa_manufacturer-off-the-show","13":"pa_weight-0-6-pfund","14":"pa_width-5-99606298601-zoll","16":"first","17":"instock","18":"shipping-taxable","19":"purchasable","20":"product-type-simple","21":"customify-col","22":"product-has-gallery"},"yoast_head":"<!-- This site is optimized with the Yoast SEO plugin v27.4 - https:\/\/yoast.com\/product\/yoast-seo-wordpress\/ -->\n<title>Dundie Award Troph\u00e4e \u2013 The Office Merchandise \u2013 Dunder Mifflin Memorabilia inspiriert vom B\u00fcro - Markt-XXL<\/title>\n<meta name=\"description\" content=\"Markt-XXL Dundie Award Troph\u00e4e \u2013 The Office Merchandise \u2013 Dunder Mifflin Memorabilia inspiriert vom B\u00fcro\" \/>\n<meta name=\"robots\" content=\"index, follow, max-snippet:-1, max-image-preview:large, max-video-preview:-1\" \/>\n<link rel=\"canonical\" href=\"https:\/\/marktxxl.de\/markt\/produkt\/dundie-award-trophaee-the-office-merchandise-dunder-mifflin-memorabilia-inspiriert-vom-buero\/\" \/>\n<meta property=\"og:locale\" content=\"de_DE\" \/>\n<meta property=\"og:type\" content=\"article\" \/>\n<meta property=\"og:title\" content=\"Dundie Award Troph\u00e4e \u2013 The Office Merchandise \u2013 Dunder Mifflin Memorabilia inspiriert vom B\u00fcro - Markt-XXL\" \/>\n<meta property=\"og:description\" content=\"Markt-XXL Dundie Award Troph\u00e4e \u2013 The Office Merchandise \u2013 Dunder Mifflin Memorabilia inspiriert vom B\u00fcro\" \/>\n<meta property=\"og:url\" content=\"https:\/\/marktxxl.de\/markt\/produkt\/dundie-award-trophaee-the-office-merchandise-dunder-mifflin-memorabilia-inspiriert-vom-buero\/\" \/>\n<meta property=\"og:site_name\" content=\"Markt-XXL\" \/>\n<meta property=\"article:modified_time\" content=\"2023-04-11T03:05:29+00:00\" \/>\n<meta property=\"og:image\" content=\"https:\/\/m.media-amazon.com\/images\/I\/41kGFvprgLL._SL500_.jpg\" \/>\n\t<meta property=\"og:image:width\" content=\"417\" \/>\n\t<meta property=\"og:image:height\" content=\"500\" \/>\n\t<meta property=\"og:image:type\" content=\"image\/jpeg\" \/>\n<meta name=\"twitter:card\" content=\"summary_large_image\" \/>\n<meta name=\"twitter:label1\" content=\"Gesch\u00e4tzte Lesezeit\" \/>\n\t<meta name=\"twitter:data1\" content=\"1\u00a0Minute\" \/>\n<script type=\"application\/ld+json\" class=\"yoast-schema-graph\">{\"@context\":\"https:\\\/\\\/schema.org\",\"@graph\":[{\"@type\":\"WebPage\",\"@id\":\"https:\\\/\\\/marktxxl.de\\\/markt\\\/produkt\\\/dundie-award-trophaee-the-office-merchandise-dunder-mifflin-memorabilia-inspiriert-vom-buero\\\/\",\"url\":\"https:\\\/\\\/marktxxl.de\\\/markt\\\/produkt\\\/dundie-award-trophaee-the-office-merchandise-dunder-mifflin-memorabilia-inspiriert-vom-buero\\\/\",\"name\":\"Dundie Award Troph\u00e4e \u2013 The Office Merchandise \u2013 Dunder Mifflin Memorabilia inspiriert vom B\u00fcro - Markt-XXL\",\"isPartOf\":{\"@id\":\"https:\\\/\\\/marktxxl.de\\\/markt\\\/#website\"},\"primaryImageOfPage\":{\"@id\":\"https:\\\/\\\/marktxxl.de\\\/markt\\\/produkt\\\/dundie-award-trophaee-the-office-merchandise-dunder-mifflin-memorabilia-inspiriert-vom-buero\\\/#primaryimage\"},\"image\":{\"@id\":\"https:\\\/\\\/marktxxl.de\\\/markt\\\/produkt\\\/dundie-award-trophaee-the-office-merchandise-dunder-mifflin-memorabilia-inspiriert-vom-buero\\\/#primaryimage\"},\"thumbnailUrl\":\"https:\\\/\\\/m.media-amazon.com\\\/images\\\/I\\\/41kGFvprgLL._SL500_.jpg\",\"datePublished\":\"2022-12-11T10:09:00+00:00\",\"dateModified\":\"2023-04-11T03:05:29+00:00\",\"description\":\"Markt-XXL Dundie Award Troph\u00e4e \u2013 The Office Merchandise \u2013 Dunder Mifflin Memorabilia inspiriert vom B\u00fcro\",\"breadcrumb\":{\"@id\":\"https:\\\/\\\/marktxxl.de\\\/markt\\\/produkt\\\/dundie-award-trophaee-the-office-merchandise-dunder-mifflin-memorabilia-inspiriert-vom-buero\\\/#breadcrumb\"},\"inLanguage\":\"de\",\"potentialAction\":[{\"@type\":\"ReadAction\",\"target\":[\"https:\\\/\\\/marktxxl.de\\\/markt\\\/produkt\\\/dundie-award-trophaee-the-office-merchandise-dunder-mifflin-memorabilia-inspiriert-vom-buero\\\/\"]}]},{\"@type\":\"ImageObject\",\"inLanguage\":\"de\",\"@id\":\"https:\\\/\\\/marktxxl.de\\\/markt\\\/produkt\\\/dundie-award-trophaee-the-office-merchandise-dunder-mifflin-memorabilia-inspiriert-vom-buero\\\/#primaryimage\",\"url\":\"https:\\\/\\\/m.media-amazon.com\\\/images\\\/I\\\/41kGFvprgLL._SL500_.jpg\",\"contentUrl\":\"https:\\\/\\\/m.media-amazon.com\\\/images\\\/I\\\/41kGFvprgLL._SL500_.jpg\",\"width\":417,\"height\":500},{\"@type\":\"BreadcrumbList\",\"@id\":\"https:\\\/\\\/marktxxl.de\\\/markt\\\/produkt\\\/dundie-award-trophaee-the-office-merchandise-dunder-mifflin-memorabilia-inspiriert-vom-buero\\\/#breadcrumb\",\"itemListElement\":[{\"@type\":\"ListItem\",\"position\":1,\"name\":\"Startseite\",\"item\":\"https:\\\/\\\/marktxxl.de\\\/markt\\\/\"},{\"@type\":\"ListItem\",\"position\":2,\"name\":\"Markt\",\"item\":\"https:\\\/\\\/marktxxl.de\\\/markt\\\/\"},{\"@type\":\"ListItem\",\"position\":3,\"name\":\"Dundie Award Troph\u00e4e \u2013 The Office Merchandise \u2013 Dunder Mifflin Memorabilia inspiriert vom B\u00fcro\"}]},{\"@type\":\"WebSite\",\"@id\":\"https:\\\/\\\/marktxxl.de\\\/markt\\\/#website\",\"url\":\"https:\\\/\\\/marktxxl.de\\\/markt\\\/\",\"name\":\"Markt-XXL\",\"description\":\"Ihr Markt Online\",\"publisher\":{\"@id\":\"https:\\\/\\\/marktxxl.de\\\/markt\\\/#organization\"},\"potentialAction\":[{\"@type\":\"SearchAction\",\"target\":{\"@type\":\"EntryPoint\",\"urlTemplate\":\"https:\\\/\\\/marktxxl.de\\\/markt\\\/?s={search_term_string}\"},\"query-input\":{\"@type\":\"PropertyValueSpecification\",\"valueRequired\":true,\"valueName\":\"search_term_string\"}}],\"inLanguage\":\"de\"},{\"@type\":\"Organization\",\"@id\":\"https:\\\/\\\/marktxxl.de\\\/markt\\\/#organization\",\"name\":\"Markt-XXL\",\"url\":\"https:\\\/\\\/marktxxl.de\\\/markt\\\/\",\"logo\":{\"@type\":\"ImageObject\",\"inLanguage\":\"de\",\"@id\":\"https:\\\/\\\/marktxxl.de\\\/markt\\\/#\\\/schema\\\/logo\\\/image\\\/\",\"url\":\"https:\\\/\\\/marktxxl.de\\\/markt\\\/wp-content\\\/uploads\\\/sites\\\/3\\\/2020\\\/12\\\/logo.png\",\"contentUrl\":\"https:\\\/\\\/marktxxl.de\\\/markt\\\/wp-content\\\/uploads\\\/sites\\\/3\\\/2020\\\/12\\\/logo.png\",\"width\":200,\"height\":70,\"caption\":\"Markt-XXL\"},\"image\":{\"@id\":\"https:\\\/\\\/marktxxl.de\\\/markt\\\/#\\\/schema\\\/logo\\\/image\\\/\"}}]}<\/script>\n<!-- \/ Yoast SEO plugin. -->","yoast_head_json":{"title":"Dundie Award Troph\u00e4e \u2013 The Office Merchandise \u2013 Dunder Mifflin Memorabilia inspiriert vom B\u00fcro - Markt-XXL","description":"Markt-XXL Dundie Award Troph\u00e4e \u2013 The Office Merchandise \u2013 Dunder Mifflin Memorabilia inspiriert vom B\u00fcro","robots":{"index":"index","follow":"follow","max-snippet":"max-snippet:-1","max-image-preview":"max-image-preview:large","max-video-preview":"max-video-preview:-1"},"canonical":"https:\/\/marktxxl.de\/markt\/produkt\/dundie-award-trophaee-the-office-merchandise-dunder-mifflin-memorabilia-inspiriert-vom-buero\/","og_locale":"de_DE","og_type":"article","og_title":"Dundie Award Troph\u00e4e \u2013 The Office Merchandise \u2013 Dunder Mifflin Memorabilia inspiriert vom B\u00fcro - Markt-XXL","og_description":"Markt-XXL Dundie Award Troph\u00e4e \u2013 The Office Merchandise \u2013 Dunder Mifflin Memorabilia inspiriert vom B\u00fcro","og_url":"https:\/\/marktxxl.de\/markt\/produkt\/dundie-award-trophaee-the-office-merchandise-dunder-mifflin-memorabilia-inspiriert-vom-buero\/","og_site_name":"Markt-XXL","article_modified_time":"2023-04-11T03:05:29+00:00","og_image":[{"width":417,"height":500,"url":"https:\/\/m.media-amazon.com\/images\/I\/41kGFvprgLL._SL500_.jpg","type":"image\/jpeg"}],"twitter_card":"summary_large_image","twitter_misc":{"Gesch\u00e4tzte Lesezeit":"1\u00a0Minute"},"schema":{"@context":"https:\/\/schema.org","@graph":[{"@type":"WebPage","@id":"https:\/\/marktxxl.de\/markt\/produkt\/dundie-award-trophaee-the-office-merchandise-dunder-mifflin-memorabilia-inspiriert-vom-buero\/","url":"https:\/\/marktxxl.de\/markt\/produkt\/dundie-award-trophaee-the-office-merchandise-dunder-mifflin-memorabilia-inspiriert-vom-buero\/","name":"Dundie Award Troph\u00e4e \u2013 The Office Merchandise \u2013 Dunder Mifflin Memorabilia inspiriert vom B\u00fcro - Markt-XXL","isPartOf":{"@id":"https:\/\/marktxxl.de\/markt\/#website"},"primaryImageOfPage":{"@id":"https:\/\/marktxxl.de\/markt\/produkt\/dundie-award-trophaee-the-office-merchandise-dunder-mifflin-memorabilia-inspiriert-vom-buero\/#primaryimage"},"image":{"@id":"https:\/\/marktxxl.de\/markt\/produkt\/dundie-award-trophaee-the-office-merchandise-dunder-mifflin-memorabilia-inspiriert-vom-buero\/#primaryimage"},"thumbnailUrl":"https:\/\/m.media-amazon.com\/images\/I\/41kGFvprgLL._SL500_.jpg","datePublished":"2022-12-11T10:09:00+00:00","dateModified":"2023-04-11T03:05:29+00:00","description":"Markt-XXL Dundie Award Troph\u00e4e \u2013 The Office Merchandise \u2013 Dunder Mifflin Memorabilia inspiriert vom B\u00fcro","breadcrumb":{"@id":"https:\/\/marktxxl.de\/markt\/produkt\/dundie-award-trophaee-the-office-merchandise-dunder-mifflin-memorabilia-inspiriert-vom-buero\/#breadcrumb"},"inLanguage":"de","potentialAction":[{"@type":"ReadAction","target":["https:\/\/marktxxl.de\/markt\/produkt\/dundie-award-trophaee-the-office-merchandise-dunder-mifflin-memorabilia-inspiriert-vom-buero\/"]}]},{"@type":"ImageObject","inLanguage":"de","@id":"https:\/\/marktxxl.de\/markt\/produkt\/dundie-award-trophaee-the-office-merchandise-dunder-mifflin-memorabilia-inspiriert-vom-buero\/#primaryimage","url":"https:\/\/m.media-amazon.com\/images\/I\/41kGFvprgLL._SL500_.jpg","contentUrl":"https:\/\/m.media-amazon.com\/images\/I\/41kGFvprgLL._SL500_.jpg","width":417,"height":500},{"@type":"BreadcrumbList","@id":"https:\/\/marktxxl.de\/markt\/produkt\/dundie-award-trophaee-the-office-merchandise-dunder-mifflin-memorabilia-inspiriert-vom-buero\/#breadcrumb","itemListElement":[{"@type":"ListItem","position":1,"name":"Startseite","item":"https:\/\/marktxxl.de\/markt\/"},{"@type":"ListItem","position":2,"name":"Markt","item":"https:\/\/marktxxl.de\/markt\/"},{"@type":"ListItem","position":3,"name":"Dundie Award Troph\u00e4e \u2013 The Office Merchandise \u2013 Dunder Mifflin Memorabilia inspiriert vom B\u00fcro"}]},{"@type":"WebSite","@id":"https:\/\/marktxxl.de\/markt\/#website","url":"https:\/\/marktxxl.de\/markt\/","name":"Markt-XXL","description":"Ihr Markt Online","publisher":{"@id":"https:\/\/marktxxl.de\/markt\/#organization"},"potentialAction":[{"@type":"SearchAction","target":{"@type":"EntryPoint","urlTemplate":"https:\/\/marktxxl.de\/markt\/?s={search_term_string}"},"query-input":{"@type":"PropertyValueSpecification","valueRequired":true,"valueName":"search_term_string"}}],"inLanguage":"de"},{"@type":"Organization","@id":"https:\/\/marktxxl.de\/markt\/#organization","name":"Markt-XXL","url":"https:\/\/marktxxl.de\/markt\/","logo":{"@type":"ImageObject","inLanguage":"de","@id":"https:\/\/marktxxl.de\/markt\/#\/schema\/logo\/image\/","url":"https:\/\/marktxxl.de\/markt\/wp-content\/uploads\/sites\/3\/2020\/12\/logo.png","contentUrl":"https:\/\/marktxxl.de\/markt\/wp-content\/uploads\/sites\/3\/2020\/12\/logo.png","width":200,"height":70,"caption":"Markt-XXL"},"image":{"@id":"https:\/\/marktxxl.de\/markt\/#\/schema\/logo\/image\/"}}]}},"_links":{"self":[{"href":"https:\/\/marktxxl.de\/markt\/wp-json\/wp\/v2\/product\/175878","targetHints":{"allow":["GET"]}}],"collection":[{"href":"https:\/\/marktxxl.de\/markt\/wp-json\/wp\/v2\/product"}],"about":[{"href":"https:\/\/marktxxl.de\/markt\/wp-json\/wp\/v2\/types\/product"}],"replies":[{"embeddable":true,"href":"https:\/\/marktxxl.de\/markt\/wp-json\/wp\/v2\/comments?post=175878"}],"wp:featuredmedia":[{"embeddable":true,"href":"https:\/\/marktxxl.de\/markt\/wp-json\/wp\/v2\/media\/175879"}],"wp:attachment":[{"href":"https:\/\/marktxxl.de\/markt\/wp-json\/wp\/v2\/media?parent=175878"}],"wp:term":[{"taxonomy":"product_brand","embeddable":true,"href":"https:\/\/marktxxl.de\/markt\/wp-json\/wp\/v2\/product_brand?post=175878"},{"taxonomy":"product_cat","embeddable":true,"href":"https:\/\/marktxxl.de\/markt\/wp-json\/wp\/v2\/product_cat?post=175878"},{"taxonomy":"product_tag","embeddable":true,"href":"https:\/\/marktxxl.de\/markt\/wp-json\/wp\/v2\/product_tag?post=175878"}],"curies":[{"name":"wp","href":"https:\/\/api.w.org\/{rel}","templated":true}]}}