{"id":175379,"date":"2022-12-11T09:17:14","date_gmt":"2022-12-11T08:17:14","guid":{"rendered":"https:\/\/marktxxl.de\/markt\/produkt\/soundance-laptop-staender-fuer-schreibtisch-mit-stabiler-schwerer-basis-verstellbare-hoehe-multi-winkel-ergonomischer-metall-riser-halter-faltbarer-mount-aufzug-kompatibel-mit-10-bis-156-zoll-pc\/"},"modified":"2023-04-09T04:47:11","modified_gmt":"2023-04-09T02:47:11","slug":"soundance-laptop-staender-fuer-schreibtisch-mit-stabiler-schwerer-basis-verstellbare-hoehe-multi-winkel-ergonomischer-metall-riser-halter-faltbarer-mount-aufzug-kompatibel-mit-10-bis-156-zoll-pc","status":"publish","type":"product","link":"https:\/\/marktxxl.de\/markt\/produkt\/soundance-laptop-staender-fuer-schreibtisch-mit-stabiler-schwerer-basis-verstellbare-hoehe-multi-winkel-ergonomischer-metall-riser-halter-faltbarer-mount-aufzug-kompatibel-mit-10-bis-156-zoll-pc\/","title":{"rendered":"SOUNDANCE Laptop-St\u00e4nder f\u00fcr Schreibtisch mit Stabiler Schwerer Basis, verstellbare H\u00f6he Multi-Winkel, ergonomischer\u2026"},"content":{"rendered":"<p>Stabiler &amp; Weniger Wackeln &#8211; Hergestellt aus hochwertigem Metallmaterial, ist die Basis des Laptopst\u00e4nders schwerer. Stabiler und stabiler als normaler Laptop Riser, der aus leichter Aluminiumlegierung besteht.<br \/>\nFestere Schrauben ohne Lockerung &#8211; Upgrade Gelenkschrauben helfen dem Laptop-St\u00e4nder stabil auf der H\u00f6he und dem Winkel zu halten, den Sie w\u00fcnschen.<br \/>\nEinstellbar &amp; Faltbar &#8211; Flexibel genug, um Anpassungen vorzunehmen, die \u00fcberall halten k\u00f6nnen, wo Sie es einstellen. Augenh\u00f6he Ihres Laptops sch\u00fctzt Ihren Nacken vor Schmerzen. Und Sie k\u00f6nnen es zusammenklappen, wenn Sie es nicht brauchen. Einfach zu speichern und Ihren B\u00fcrodesktop sauber zu machen.<br \/>\nAndere gut gemachte Details &#8211; Anti-Rutsch-Pad und Protektiv-Pad. W\u00e4rmeableitungsplatte mit Hohl. Runde Ecke Schneiden Design. Glatte Oberfl\u00e4chenpoliertechnik, etc..<br \/>\nAnzug f\u00fcr Laptops 10 bis 15,6 Zoll &#8211; Kompatibel mit allen Laptop-Computern 10-15,6 Zoll, wie Mac, MacBook Air, MacBook Pro, Microsoft Surface, HP, Google PixelBook, Dell XPS, ASUS, Lenovo, Acer, Chromebook usw. Tolles Laptop-Zubeh\u00f6r, wenn Sie zu Hause oder im B\u00fcro arbeiten, Zoom-Anrufe usw.<br \/>\n<div class=\"main-cross-sell\" data-asin=\"B0BJL1KDNP\">\n\n\t<div class=\"WooZone-cross-sell-loader\">\n\t\t<div>\n\t\t\t<div id=\"floatingBarsG\">\n\t\t\t\t<div class=\"blockG\" id=\"rotateG_01\"><\/div>\n\t\t\t\t<div class=\"blockG\" id=\"rotateG_02\"><\/div>\n\t\t\t\t<div class=\"blockG\" id=\"rotateG_03\"><\/div>\n\t\t\t\t<div class=\"blockG\" id=\"rotateG_04\"><\/div>\n\t\t\t\t<div class=\"blockG\" id=\"rotateG_05\"><\/div>\n\t\t\t\t<div class=\"blockG\" id=\"rotateG_06\"><\/div>\n\t\t\t\t<div class=\"blockG\" id=\"rotateG_07\"><\/div>\n\t\t\t\t<div class=\"blockG\" id=\"rotateG_08\"><\/div>\n\t\t\t<\/div>\n\t\t\t<div class=\"WooZone-cross-sell-loader-text\"><\/div>\n\t\t<\/div>\n\t<\/div>\n\n\t\t\n<\/div>\n<div style=\"clear:both;\"><\/div><\/p>\n","protected":false},"excerpt":{"rendered":"<p>Stabiler &amp; Weniger Wackeln &#8211; Hergestellt aus hochwertigem Metallmaterial, ist die Basis des Laptopst\u00e4nders schwerer. Stabiler und stabiler als normaler Laptop Riser, der aus leichter Aluminiumlegierung besteht.<br \/>\nFestere Schrauben ohne Lockerung &#8211; Upgrade Gelenkschrauben helfen dem Laptop-St\u00e4nder stabil auf der H\u00f6he und dem Winkel zu halten, den Sie w\u00fcnschen.<br \/>\nEinstellbar &amp; Faltbar &#8211; Flexibel genug, um Anpassungen vorzunehmen, die \u00fcberall halten k\u00f6nnen, wo Sie es einstellen. Augenh\u00f6he Ihres Laptops sch\u00fctzt Ihren Nacken vor Schmerzen. Und Sie k\u00f6nnen es zusammenklappen, wenn Sie es nicht brauchen. Einfach zu speichern und Ihren B\u00fcrodesktop sauber zu machen.<\/p>\n","protected":false},"featured_media":175380,"comment_status":"open","ping_status":"closed","template":"","meta":[],"product_brand":[],"product_cat":[504,8312],"product_tag":[],"class_list":{"0":"post-175379","1":"product","2":"type-product","3":"status-publish","4":"has-post-thumbnail","6":"product_cat-buerobedarf-schreibwaren","7":"product_cat-bueromoebel-beleuchtung","8":"pa_brand-soundance","9":"pa_manufacturer-soundance","11":"first","12":"instock","13":"shipping-taxable","14":"purchasable","15":"product-type-simple","16":"customify-col","17":"product-has-gallery"},"yoast_head":"<!-- This site is optimized with the Yoast SEO plugin v27.4 - https:\/\/yoast.com\/product\/yoast-seo-wordpress\/ -->\n<title>SOUNDANCE Laptop-St\u00e4nder f\u00fcr Schreibtisch mit Stabiler Schwerer Basis, verstellbare H\u00f6he Multi-Winkel, ergonomischer\u2026 - Markt-XXL<\/title>\n<meta name=\"description\" content=\"Markt-XXL SOUNDANCE Laptop-St\u00e4nder f\u00fcr Schreibtisch mit Stabiler Schwerer Basis, verstellbare H\u00f6he Multi-Winkel, ergonomischer\u2026\" \/>\n<meta name=\"robots\" content=\"index, follow, max-snippet:-1, max-image-preview:large, max-video-preview:-1\" \/>\n<link rel=\"canonical\" href=\"https:\/\/marktxxl.de\/markt\/produkt\/soundance-laptop-staender-fuer-schreibtisch-mit-stabiler-schwerer-basis-verstellbare-hoehe-multi-winkel-ergonomischer-metall-riser-halter-faltbarer-mount-aufzug-kompatibel-mit-10-bis-156-zoll-pc\/\" \/>\n<meta property=\"og:locale\" content=\"de_DE\" \/>\n<meta property=\"og:type\" content=\"article\" \/>\n<meta property=\"og:title\" content=\"SOUNDANCE Laptop-St\u00e4nder f\u00fcr Schreibtisch mit Stabiler Schwerer Basis, verstellbare H\u00f6he Multi-Winkel, ergonomischer\u2026 - Markt-XXL\" \/>\n<meta property=\"og:description\" content=\"Markt-XXL SOUNDANCE Laptop-St\u00e4nder f\u00fcr Schreibtisch mit Stabiler Schwerer Basis, verstellbare H\u00f6he Multi-Winkel, ergonomischer\u2026\" \/>\n<meta property=\"og:url\" content=\"https:\/\/marktxxl.de\/markt\/produkt\/soundance-laptop-staender-fuer-schreibtisch-mit-stabiler-schwerer-basis-verstellbare-hoehe-multi-winkel-ergonomischer-metall-riser-halter-faltbarer-mount-aufzug-kompatibel-mit-10-bis-156-zoll-pc\/\" \/>\n<meta property=\"og:site_name\" content=\"Markt-XXL\" \/>\n<meta property=\"article:modified_time\" content=\"2023-04-09T02:47:11+00:00\" \/>\n<meta property=\"og:image\" content=\"https:\/\/m.media-amazon.com\/images\/I\/31L7fhwYngL._SL500_.jpg\" \/>\n\t<meta property=\"og:image:width\" content=\"385\" \/>\n\t<meta property=\"og:image:height\" content=\"500\" \/>\n\t<meta property=\"og:image:type\" content=\"image\/jpeg\" \/>\n<meta name=\"twitter:card\" content=\"summary_large_image\" \/>\n<meta name=\"twitter:label1\" content=\"Gesch\u00e4tzte Lesezeit\" \/>\n\t<meta name=\"twitter:data1\" content=\"1\u00a0Minute\" \/>\n<script type=\"application\/ld+json\" class=\"yoast-schema-graph\">{\"@context\":\"https:\\\/\\\/schema.org\",\"@graph\":[{\"@type\":\"WebPage\",\"@id\":\"https:\\\/\\\/marktxxl.de\\\/markt\\\/produkt\\\/soundance-laptop-staender-fuer-schreibtisch-mit-stabiler-schwerer-basis-verstellbare-hoehe-multi-winkel-ergonomischer-metall-riser-halter-faltbarer-mount-aufzug-kompatibel-mit-10-bis-156-zoll-pc\\\/\",\"url\":\"https:\\\/\\\/marktxxl.de\\\/markt\\\/produkt\\\/soundance-laptop-staender-fuer-schreibtisch-mit-stabiler-schwerer-basis-verstellbare-hoehe-multi-winkel-ergonomischer-metall-riser-halter-faltbarer-mount-aufzug-kompatibel-mit-10-bis-156-zoll-pc\\\/\",\"name\":\"SOUNDANCE Laptop-St\u00e4nder f\u00fcr Schreibtisch mit Stabiler Schwerer Basis, verstellbare H\u00f6he Multi-Winkel, ergonomischer\u2026 - Markt-XXL\",\"isPartOf\":{\"@id\":\"https:\\\/\\\/marktxxl.de\\\/markt\\\/#website\"},\"primaryImageOfPage\":{\"@id\":\"https:\\\/\\\/marktxxl.de\\\/markt\\\/produkt\\\/soundance-laptop-staender-fuer-schreibtisch-mit-stabiler-schwerer-basis-verstellbare-hoehe-multi-winkel-ergonomischer-metall-riser-halter-faltbarer-mount-aufzug-kompatibel-mit-10-bis-156-zoll-pc\\\/#primaryimage\"},\"image\":{\"@id\":\"https:\\\/\\\/marktxxl.de\\\/markt\\\/produkt\\\/soundance-laptop-staender-fuer-schreibtisch-mit-stabiler-schwerer-basis-verstellbare-hoehe-multi-winkel-ergonomischer-metall-riser-halter-faltbarer-mount-aufzug-kompatibel-mit-10-bis-156-zoll-pc\\\/#primaryimage\"},\"thumbnailUrl\":\"https:\\\/\\\/m.media-amazon.com\\\/images\\\/I\\\/31L7fhwYngL._SL500_.jpg\",\"datePublished\":\"2022-12-11T08:17:14+00:00\",\"dateModified\":\"2023-04-09T02:47:11+00:00\",\"description\":\"Markt-XXL SOUNDANCE Laptop-St\u00e4nder f\u00fcr Schreibtisch mit Stabiler Schwerer Basis, verstellbare H\u00f6he Multi-Winkel, ergonomischer\u2026\",\"breadcrumb\":{\"@id\":\"https:\\\/\\\/marktxxl.de\\\/markt\\\/produkt\\\/soundance-laptop-staender-fuer-schreibtisch-mit-stabiler-schwerer-basis-verstellbare-hoehe-multi-winkel-ergonomischer-metall-riser-halter-faltbarer-mount-aufzug-kompatibel-mit-10-bis-156-zoll-pc\\\/#breadcrumb\"},\"inLanguage\":\"de\",\"potentialAction\":[{\"@type\":\"ReadAction\",\"target\":[\"https:\\\/\\\/marktxxl.de\\\/markt\\\/produkt\\\/soundance-laptop-staender-fuer-schreibtisch-mit-stabiler-schwerer-basis-verstellbare-hoehe-multi-winkel-ergonomischer-metall-riser-halter-faltbarer-mount-aufzug-kompatibel-mit-10-bis-156-zoll-pc\\\/\"]}]},{\"@type\":\"ImageObject\",\"inLanguage\":\"de\",\"@id\":\"https:\\\/\\\/marktxxl.de\\\/markt\\\/produkt\\\/soundance-laptop-staender-fuer-schreibtisch-mit-stabiler-schwerer-basis-verstellbare-hoehe-multi-winkel-ergonomischer-metall-riser-halter-faltbarer-mount-aufzug-kompatibel-mit-10-bis-156-zoll-pc\\\/#primaryimage\",\"url\":\"https:\\\/\\\/m.media-amazon.com\\\/images\\\/I\\\/31L7fhwYngL._SL500_.jpg\",\"contentUrl\":\"https:\\\/\\\/m.media-amazon.com\\\/images\\\/I\\\/31L7fhwYngL._SL500_.jpg\",\"width\":385,\"height\":500},{\"@type\":\"BreadcrumbList\",\"@id\":\"https:\\\/\\\/marktxxl.de\\\/markt\\\/produkt\\\/soundance-laptop-staender-fuer-schreibtisch-mit-stabiler-schwerer-basis-verstellbare-hoehe-multi-winkel-ergonomischer-metall-riser-halter-faltbarer-mount-aufzug-kompatibel-mit-10-bis-156-zoll-pc\\\/#breadcrumb\",\"itemListElement\":[{\"@type\":\"ListItem\",\"position\":1,\"name\":\"Startseite\",\"item\":\"https:\\\/\\\/marktxxl.de\\\/markt\\\/\"},{\"@type\":\"ListItem\",\"position\":2,\"name\":\"Markt\",\"item\":\"https:\\\/\\\/marktxxl.de\\\/markt\\\/\"},{\"@type\":\"ListItem\",\"position\":3,\"name\":\"SOUNDANCE Laptop-St\u00e4nder f\u00fcr Schreibtisch mit Stabiler Schwerer Basis, verstellbare H\u00f6he Multi-Winkel, ergonomischer\u2026\"}]},{\"@type\":\"WebSite\",\"@id\":\"https:\\\/\\\/marktxxl.de\\\/markt\\\/#website\",\"url\":\"https:\\\/\\\/marktxxl.de\\\/markt\\\/\",\"name\":\"Markt-XXL\",\"description\":\"Ihr Markt Online\",\"publisher\":{\"@id\":\"https:\\\/\\\/marktxxl.de\\\/markt\\\/#organization\"},\"potentialAction\":[{\"@type\":\"SearchAction\",\"target\":{\"@type\":\"EntryPoint\",\"urlTemplate\":\"https:\\\/\\\/marktxxl.de\\\/markt\\\/?s={search_term_string}\"},\"query-input\":{\"@type\":\"PropertyValueSpecification\",\"valueRequired\":true,\"valueName\":\"search_term_string\"}}],\"inLanguage\":\"de\"},{\"@type\":\"Organization\",\"@id\":\"https:\\\/\\\/marktxxl.de\\\/markt\\\/#organization\",\"name\":\"Markt-XXL\",\"url\":\"https:\\\/\\\/marktxxl.de\\\/markt\\\/\",\"logo\":{\"@type\":\"ImageObject\",\"inLanguage\":\"de\",\"@id\":\"https:\\\/\\\/marktxxl.de\\\/markt\\\/#\\\/schema\\\/logo\\\/image\\\/\",\"url\":\"https:\\\/\\\/marktxxl.de\\\/markt\\\/wp-content\\\/uploads\\\/sites\\\/3\\\/2020\\\/12\\\/logo.png\",\"contentUrl\":\"https:\\\/\\\/marktxxl.de\\\/markt\\\/wp-content\\\/uploads\\\/sites\\\/3\\\/2020\\\/12\\\/logo.png\",\"width\":200,\"height\":70,\"caption\":\"Markt-XXL\"},\"image\":{\"@id\":\"https:\\\/\\\/marktxxl.de\\\/markt\\\/#\\\/schema\\\/logo\\\/image\\\/\"}}]}<\/script>\n<!-- \/ Yoast SEO plugin. -->","yoast_head_json":{"title":"SOUNDANCE Laptop-St\u00e4nder f\u00fcr Schreibtisch mit Stabiler Schwerer Basis, verstellbare H\u00f6he Multi-Winkel, ergonomischer\u2026 - Markt-XXL","description":"Markt-XXL SOUNDANCE Laptop-St\u00e4nder f\u00fcr Schreibtisch mit Stabiler Schwerer Basis, verstellbare H\u00f6he Multi-Winkel, ergonomischer\u2026","robots":{"index":"index","follow":"follow","max-snippet":"max-snippet:-1","max-image-preview":"max-image-preview:large","max-video-preview":"max-video-preview:-1"},"canonical":"https:\/\/marktxxl.de\/markt\/produkt\/soundance-laptop-staender-fuer-schreibtisch-mit-stabiler-schwerer-basis-verstellbare-hoehe-multi-winkel-ergonomischer-metall-riser-halter-faltbarer-mount-aufzug-kompatibel-mit-10-bis-156-zoll-pc\/","og_locale":"de_DE","og_type":"article","og_title":"SOUNDANCE Laptop-St\u00e4nder f\u00fcr Schreibtisch mit Stabiler Schwerer Basis, verstellbare H\u00f6he Multi-Winkel, ergonomischer\u2026 - Markt-XXL","og_description":"Markt-XXL SOUNDANCE Laptop-St\u00e4nder f\u00fcr Schreibtisch mit Stabiler Schwerer Basis, verstellbare H\u00f6he Multi-Winkel, ergonomischer\u2026","og_url":"https:\/\/marktxxl.de\/markt\/produkt\/soundance-laptop-staender-fuer-schreibtisch-mit-stabiler-schwerer-basis-verstellbare-hoehe-multi-winkel-ergonomischer-metall-riser-halter-faltbarer-mount-aufzug-kompatibel-mit-10-bis-156-zoll-pc\/","og_site_name":"Markt-XXL","article_modified_time":"2023-04-09T02:47:11+00:00","og_image":[{"width":385,"height":500,"url":"https:\/\/m.media-amazon.com\/images\/I\/31L7fhwYngL._SL500_.jpg","type":"image\/jpeg"}],"twitter_card":"summary_large_image","twitter_misc":{"Gesch\u00e4tzte Lesezeit":"1\u00a0Minute"},"schema":{"@context":"https:\/\/schema.org","@graph":[{"@type":"WebPage","@id":"https:\/\/marktxxl.de\/markt\/produkt\/soundance-laptop-staender-fuer-schreibtisch-mit-stabiler-schwerer-basis-verstellbare-hoehe-multi-winkel-ergonomischer-metall-riser-halter-faltbarer-mount-aufzug-kompatibel-mit-10-bis-156-zoll-pc\/","url":"https:\/\/marktxxl.de\/markt\/produkt\/soundance-laptop-staender-fuer-schreibtisch-mit-stabiler-schwerer-basis-verstellbare-hoehe-multi-winkel-ergonomischer-metall-riser-halter-faltbarer-mount-aufzug-kompatibel-mit-10-bis-156-zoll-pc\/","name":"SOUNDANCE Laptop-St\u00e4nder f\u00fcr Schreibtisch mit Stabiler Schwerer Basis, verstellbare H\u00f6he Multi-Winkel, ergonomischer\u2026 - Markt-XXL","isPartOf":{"@id":"https:\/\/marktxxl.de\/markt\/#website"},"primaryImageOfPage":{"@id":"https:\/\/marktxxl.de\/markt\/produkt\/soundance-laptop-staender-fuer-schreibtisch-mit-stabiler-schwerer-basis-verstellbare-hoehe-multi-winkel-ergonomischer-metall-riser-halter-faltbarer-mount-aufzug-kompatibel-mit-10-bis-156-zoll-pc\/#primaryimage"},"image":{"@id":"https:\/\/marktxxl.de\/markt\/produkt\/soundance-laptop-staender-fuer-schreibtisch-mit-stabiler-schwerer-basis-verstellbare-hoehe-multi-winkel-ergonomischer-metall-riser-halter-faltbarer-mount-aufzug-kompatibel-mit-10-bis-156-zoll-pc\/#primaryimage"},"thumbnailUrl":"https:\/\/m.media-amazon.com\/images\/I\/31L7fhwYngL._SL500_.jpg","datePublished":"2022-12-11T08:17:14+00:00","dateModified":"2023-04-09T02:47:11+00:00","description":"Markt-XXL SOUNDANCE Laptop-St\u00e4nder f\u00fcr Schreibtisch mit Stabiler Schwerer Basis, verstellbare H\u00f6he Multi-Winkel, ergonomischer\u2026","breadcrumb":{"@id":"https:\/\/marktxxl.de\/markt\/produkt\/soundance-laptop-staender-fuer-schreibtisch-mit-stabiler-schwerer-basis-verstellbare-hoehe-multi-winkel-ergonomischer-metall-riser-halter-faltbarer-mount-aufzug-kompatibel-mit-10-bis-156-zoll-pc\/#breadcrumb"},"inLanguage":"de","potentialAction":[{"@type":"ReadAction","target":["https:\/\/marktxxl.de\/markt\/produkt\/soundance-laptop-staender-fuer-schreibtisch-mit-stabiler-schwerer-basis-verstellbare-hoehe-multi-winkel-ergonomischer-metall-riser-halter-faltbarer-mount-aufzug-kompatibel-mit-10-bis-156-zoll-pc\/"]}]},{"@type":"ImageObject","inLanguage":"de","@id":"https:\/\/marktxxl.de\/markt\/produkt\/soundance-laptop-staender-fuer-schreibtisch-mit-stabiler-schwerer-basis-verstellbare-hoehe-multi-winkel-ergonomischer-metall-riser-halter-faltbarer-mount-aufzug-kompatibel-mit-10-bis-156-zoll-pc\/#primaryimage","url":"https:\/\/m.media-amazon.com\/images\/I\/31L7fhwYngL._SL500_.jpg","contentUrl":"https:\/\/m.media-amazon.com\/images\/I\/31L7fhwYngL._SL500_.jpg","width":385,"height":500},{"@type":"BreadcrumbList","@id":"https:\/\/marktxxl.de\/markt\/produkt\/soundance-laptop-staender-fuer-schreibtisch-mit-stabiler-schwerer-basis-verstellbare-hoehe-multi-winkel-ergonomischer-metall-riser-halter-faltbarer-mount-aufzug-kompatibel-mit-10-bis-156-zoll-pc\/#breadcrumb","itemListElement":[{"@type":"ListItem","position":1,"name":"Startseite","item":"https:\/\/marktxxl.de\/markt\/"},{"@type":"ListItem","position":2,"name":"Markt","item":"https:\/\/marktxxl.de\/markt\/"},{"@type":"ListItem","position":3,"name":"SOUNDANCE Laptop-St\u00e4nder f\u00fcr Schreibtisch mit Stabiler Schwerer Basis, verstellbare H\u00f6he Multi-Winkel, ergonomischer\u2026"}]},{"@type":"WebSite","@id":"https:\/\/marktxxl.de\/markt\/#website","url":"https:\/\/marktxxl.de\/markt\/","name":"Markt-XXL","description":"Ihr Markt Online","publisher":{"@id":"https:\/\/marktxxl.de\/markt\/#organization"},"potentialAction":[{"@type":"SearchAction","target":{"@type":"EntryPoint","urlTemplate":"https:\/\/marktxxl.de\/markt\/?s={search_term_string}"},"query-input":{"@type":"PropertyValueSpecification","valueRequired":true,"valueName":"search_term_string"}}],"inLanguage":"de"},{"@type":"Organization","@id":"https:\/\/marktxxl.de\/markt\/#organization","name":"Markt-XXL","url":"https:\/\/marktxxl.de\/markt\/","logo":{"@type":"ImageObject","inLanguage":"de","@id":"https:\/\/marktxxl.de\/markt\/#\/schema\/logo\/image\/","url":"https:\/\/marktxxl.de\/markt\/wp-content\/uploads\/sites\/3\/2020\/12\/logo.png","contentUrl":"https:\/\/marktxxl.de\/markt\/wp-content\/uploads\/sites\/3\/2020\/12\/logo.png","width":200,"height":70,"caption":"Markt-XXL"},"image":{"@id":"https:\/\/marktxxl.de\/markt\/#\/schema\/logo\/image\/"}}]}},"_links":{"self":[{"href":"https:\/\/marktxxl.de\/markt\/wp-json\/wp\/v2\/product\/175379","targetHints":{"allow":["GET"]}}],"collection":[{"href":"https:\/\/marktxxl.de\/markt\/wp-json\/wp\/v2\/product"}],"about":[{"href":"https:\/\/marktxxl.de\/markt\/wp-json\/wp\/v2\/types\/product"}],"replies":[{"embeddable":true,"href":"https:\/\/marktxxl.de\/markt\/wp-json\/wp\/v2\/comments?post=175379"}],"wp:featuredmedia":[{"embeddable":true,"href":"https:\/\/marktxxl.de\/markt\/wp-json\/wp\/v2\/media\/175380"}],"wp:attachment":[{"href":"https:\/\/marktxxl.de\/markt\/wp-json\/wp\/v2\/media?parent=175379"}],"wp:term":[{"taxonomy":"product_brand","embeddable":true,"href":"https:\/\/marktxxl.de\/markt\/wp-json\/wp\/v2\/product_brand?post=175379"},{"taxonomy":"product_cat","embeddable":true,"href":"https:\/\/marktxxl.de\/markt\/wp-json\/wp\/v2\/product_cat?post=175379"},{"taxonomy":"product_tag","embeddable":true,"href":"https:\/\/marktxxl.de\/markt\/wp-json\/wp\/v2\/product_tag?post=175379"}],"curies":[{"name":"wp","href":"https:\/\/api.w.org\/{rel}","templated":true}]}}