{"id":175355,"date":"2022-12-11T09:16:39","date_gmt":"2022-12-11T08:16:39","guid":{"rendered":"https:\/\/marktxxl.de\/markt\/produkt\/acryl-betttablett-mit-griffen-53-3x30-5x22-9-cm-transparenter-laptop-staender-fuer-home-office-leichter-lesen-oder-schreiben-mobiler-tisch-fuer-bett-couch-sofa\/"},"modified":"2023-04-09T04:47:10","modified_gmt":"2023-04-09T02:47:10","slug":"acryl-betttablett-mit-griffen-53-3x30-5x22-9-cm-transparenter-laptop-staender-fuer-home-office-leichter-lesen-oder-schreiben-mobiler-tisch-fuer-bett-couch-sofa","status":"publish","type":"product","link":"https:\/\/marktxxl.de\/markt\/produkt\/acryl-betttablett-mit-griffen-53-3x30-5x22-9-cm-transparenter-laptop-staender-fuer-home-office-leichter-lesen-oder-schreiben-mobiler-tisch-fuer-bett-couch-sofa\/","title":{"rendered":"Acryl-Betttablett mit Griffen (53.3&#215;30.5&#215;22.9 cm) \u2013 transparenter Laptop-St\u00e4nder f\u00fcr Home Office, leichter, Lesen oder\u2026"},"content":{"rendered":"<p>\u2728 \u3010Langlebiges, hochwertiges Acryl\u3011- Hergestellt aus hochwertigem Acryl, h\u00e4lt unser robuster Betttisch die W\u00e4rme vom Weg zu Ihrem Scho\u00df ab, so dass Ihre Beine w\u00e4hrend der Arbeit am Abend vor hei\u00dfen Laptops und Mikrowellen gesch\u00fctzt bleiben<br \/>\n\u2728 \u3010Ein Muss f\u00fcr die Arbeit von zu Hause\u3011- Bleiben Sie bequem und gem\u00fctlich, w\u00e4hrend Sie von zu Hause in Ihrer Lieblings-Marmelade arbeiten. Mit diesem Laptop-Schreibtisch k\u00f6nnen Sie Gesch\u00e4fte auf Ihrem Bett oder von der Couch erledigen. Sie werden sich wohl f\u00fchlen, wo immer Sie sich beruhigen m\u00f6chten<br \/>\n\u2728 \u3010Ultraleicht und tragbar\u3011- Tragen Sie Ihr Tablett m\u00fchelos vom Bett auf den Tisch oder vom Boden zur Couch mit integrierten Griffen, die den Transport zum Kinderspiel machen. Mit nur 1,8 kg ist unser Acryl-Schreibtisch bequem leicht, um Ihren Arbeitsplatz von Raum zu Raum zu tragen oder das Fr\u00fchst\u00fcck im Bett mit allen Befestigungsteilen zu genie\u00dfen.<br \/>\n\u2728 \u3010Schlankes, platzsparendes Design\u3011- Lassen Sie die Masse hinter sich: Unser transparenter Laptop-St\u00e4nder ist schlank und dezent f\u00fcr einfache Lagerung und minimalistisches Leben. Wenn Sie mit dem Tablett fertig sind, verstauen Sie es einfach weg oder bewahren Sie es als dauerhafte Befestigung auf Schreibtischen oder Tischen auf. Das klare, transparente Design passt zu jedem Thema und lenkt nicht von Ihrer sorgf\u00e4ltig arrangierten Einrichtung ab<br \/>\n\u2728 \u3010Vielseitig und vielseitig einsetzbar\u3011- Von kranken Tagen bis zum Fernseher im Bett, unser Acryl-Bett-Tablett macht alles. Heben Sie Ihren Laptop von der Matratze, damit Sie Ihren Hals nicht kran und essen Sie k\u00f6stliche, dampfende Mahlzeiten, ohne sich Ihre Oberschenkel zu verbrennen. Verwenden Sie es im B\u00fcro, Schlafzimmer, Wohnzimmer, Terrasse, Hof oder \u00fcberall dort, wo Sie etwas Schub ben\u00f6tigen. Es ist auch perfekt f\u00fcr das Lernen in engen Schlafs\u00e4ulen<br \/>\n<div class=\"main-cross-sell\" data-asin=\"B08GHHKL6S\">\n\n\t<div class=\"WooZone-cross-sell-loader\">\n\t\t<div>\n\t\t\t<div id=\"floatingBarsG\">\n\t\t\t\t<div class=\"blockG\" id=\"rotateG_01\"><\/div>\n\t\t\t\t<div class=\"blockG\" id=\"rotateG_02\"><\/div>\n\t\t\t\t<div class=\"blockG\" id=\"rotateG_03\"><\/div>\n\t\t\t\t<div class=\"blockG\" id=\"rotateG_04\"><\/div>\n\t\t\t\t<div class=\"blockG\" id=\"rotateG_05\"><\/div>\n\t\t\t\t<div class=\"blockG\" id=\"rotateG_06\"><\/div>\n\t\t\t\t<div class=\"blockG\" id=\"rotateG_07\"><\/div>\n\t\t\t\t<div class=\"blockG\" id=\"rotateG_08\"><\/div>\n\t\t\t<\/div>\n\t\t\t<div class=\"WooZone-cross-sell-loader-text\"><\/div>\n\t\t<\/div>\n\t<\/div>\n\n\t\t\n<\/div>\n<div style=\"clear:both;\"><\/div><\/p>\n","protected":false},"excerpt":{"rendered":"<p>\u2728 \u3010Langlebiges, hochwertiges Acryl\u3011- Hergestellt aus hochwertigem Acryl, h\u00e4lt unser robuster Betttisch die W\u00e4rme vom Weg zu Ihrem Scho\u00df ab, so dass Ihre Beine w\u00e4hrend der Arbeit am Abend vor hei\u00dfen Laptops und Mikrowellen gesch\u00fctzt bleiben<br \/>\n\u2728 \u3010Ein Muss f\u00fcr die Arbeit von zu Hause\u3011- Bleiben Sie bequem und gem\u00fctlich, w\u00e4hrend Sie von zu Hause in Ihrer Lieblings-Marmelade arbeiten. Mit diesem Laptop-Schreibtisch k\u00f6nnen Sie Gesch\u00e4fte auf Ihrem Bett oder von der Couch erledigen. Sie werden sich wohl f\u00fchlen, wo immer Sie sich beruhigen m\u00f6chten<br \/>\n\u2728 \u3010Ultraleicht und tragbar\u3011- Tragen Sie Ihr Tablett m\u00fchelos vom Bett auf den Tisch oder vom Boden zur Couch mit integrierten Griffen, die den Transport zum Kinderspiel machen. Mit nur 1,8 kg ist unser Acryl-Schreibtisch bequem leicht, um Ihren Arbeitsplatz von Raum zu Raum zu tragen oder das Fr\u00fchst\u00fcck im Bett mit allen Befestigungsteilen zu genie\u00dfen.<\/p>\n","protected":false},"featured_media":175356,"comment_status":"open","ping_status":"closed","template":"","meta":[],"product_brand":[],"product_cat":[504,8312],"product_tag":[],"class_list":{"0":"post-175355","1":"product","2":"type-product","3":"status-publish","4":"has-post-thumbnail","6":"product_cat-buerobedarf-schreibwaren","7":"product_cat-bueromoebel-beleuchtung","8":"pa_brand-the-simple-housewife","9":"pa_color-farblos","10":"pa_height-9-zoll","11":"pa_length-21-zoll","12":"pa_manufacturer-the-simple-housewife","13":"pa_weight-5-pfund","14":"pa_width-12-zoll","16":"first","17":"instock","18":"shipping-taxable","19":"purchasable","20":"product-type-simple","21":"customify-col","22":"product-has-gallery"},"yoast_head":"<!-- This site is optimized with the Yoast SEO plugin v27.4 - https:\/\/yoast.com\/product\/yoast-seo-wordpress\/ -->\n<title>Acryl-Betttablett mit Griffen (53.3x30.5x22.9 cm) \u2013 transparenter Laptop-St\u00e4nder f\u00fcr Home Office, leichter, Lesen oder\u2026 - Markt-XXL<\/title>\n<meta name=\"description\" content=\"Markt-XXL Acryl-Betttablett mit Griffen (53.3x30.5x22.9 cm) \u2013 transparenter Laptop-St\u00e4nder f\u00fcr Home Office, leichter, Lesen oder\u2026\" \/>\n<meta name=\"robots\" content=\"index, follow, max-snippet:-1, max-image-preview:large, max-video-preview:-1\" \/>\n<link rel=\"canonical\" href=\"https:\/\/marktxxl.de\/markt\/produkt\/acryl-betttablett-mit-griffen-53-3x30-5x22-9-cm-transparenter-laptop-staender-fuer-home-office-leichter-lesen-oder-schreiben-mobiler-tisch-fuer-bett-couch-sofa\/\" \/>\n<meta property=\"og:locale\" content=\"de_DE\" \/>\n<meta property=\"og:type\" content=\"article\" \/>\n<meta property=\"og:title\" content=\"Acryl-Betttablett mit Griffen (53.3x30.5x22.9 cm) \u2013 transparenter Laptop-St\u00e4nder f\u00fcr Home Office, leichter, Lesen oder\u2026 - Markt-XXL\" \/>\n<meta property=\"og:description\" content=\"Markt-XXL Acryl-Betttablett mit Griffen (53.3x30.5x22.9 cm) \u2013 transparenter Laptop-St\u00e4nder f\u00fcr Home Office, leichter, Lesen oder\u2026\" \/>\n<meta property=\"og:url\" content=\"https:\/\/marktxxl.de\/markt\/produkt\/acryl-betttablett-mit-griffen-53-3x30-5x22-9-cm-transparenter-laptop-staender-fuer-home-office-leichter-lesen-oder-schreiben-mobiler-tisch-fuer-bett-couch-sofa\/\" \/>\n<meta property=\"og:site_name\" content=\"Markt-XXL\" \/>\n<meta property=\"article:modified_time\" content=\"2023-04-09T02:47:10+00:00\" \/>\n<meta property=\"og:image\" content=\"https:\/\/m.media-amazon.com\/images\/I\/31QjKY-135L._SL500_.jpg\" \/>\n\t<meta property=\"og:image:width\" content=\"500\" \/>\n\t<meta property=\"og:image:height\" content=\"500\" \/>\n\t<meta property=\"og:image:type\" content=\"image\/jpeg\" \/>\n<meta name=\"twitter:card\" content=\"summary_large_image\" \/>\n<meta name=\"twitter:label1\" content=\"Gesch\u00e4tzte Lesezeit\" \/>\n\t<meta name=\"twitter:data1\" content=\"2\u00a0Minuten\" \/>\n<script type=\"application\/ld+json\" class=\"yoast-schema-graph\">{\"@context\":\"https:\\\/\\\/schema.org\",\"@graph\":[{\"@type\":\"WebPage\",\"@id\":\"https:\\\/\\\/marktxxl.de\\\/markt\\\/produkt\\\/acryl-betttablett-mit-griffen-53-3x30-5x22-9-cm-transparenter-laptop-staender-fuer-home-office-leichter-lesen-oder-schreiben-mobiler-tisch-fuer-bett-couch-sofa\\\/\",\"url\":\"https:\\\/\\\/marktxxl.de\\\/markt\\\/produkt\\\/acryl-betttablett-mit-griffen-53-3x30-5x22-9-cm-transparenter-laptop-staender-fuer-home-office-leichter-lesen-oder-schreiben-mobiler-tisch-fuer-bett-couch-sofa\\\/\",\"name\":\"Acryl-Betttablett mit Griffen (53.3x30.5x22.9 cm) \u2013 transparenter Laptop-St\u00e4nder f\u00fcr Home Office, leichter, Lesen oder\u2026 - Markt-XXL\",\"isPartOf\":{\"@id\":\"https:\\\/\\\/marktxxl.de\\\/markt\\\/#website\"},\"primaryImageOfPage\":{\"@id\":\"https:\\\/\\\/marktxxl.de\\\/markt\\\/produkt\\\/acryl-betttablett-mit-griffen-53-3x30-5x22-9-cm-transparenter-laptop-staender-fuer-home-office-leichter-lesen-oder-schreiben-mobiler-tisch-fuer-bett-couch-sofa\\\/#primaryimage\"},\"image\":{\"@id\":\"https:\\\/\\\/marktxxl.de\\\/markt\\\/produkt\\\/acryl-betttablett-mit-griffen-53-3x30-5x22-9-cm-transparenter-laptop-staender-fuer-home-office-leichter-lesen-oder-schreiben-mobiler-tisch-fuer-bett-couch-sofa\\\/#primaryimage\"},\"thumbnailUrl\":\"https:\\\/\\\/m.media-amazon.com\\\/images\\\/I\\\/31QjKY-135L._SL500_.jpg\",\"datePublished\":\"2022-12-11T08:16:39+00:00\",\"dateModified\":\"2023-04-09T02:47:10+00:00\",\"description\":\"Markt-XXL Acryl-Betttablett mit Griffen (53.3x30.5x22.9 cm) \u2013 transparenter Laptop-St\u00e4nder f\u00fcr Home Office, leichter, Lesen oder\u2026\",\"breadcrumb\":{\"@id\":\"https:\\\/\\\/marktxxl.de\\\/markt\\\/produkt\\\/acryl-betttablett-mit-griffen-53-3x30-5x22-9-cm-transparenter-laptop-staender-fuer-home-office-leichter-lesen-oder-schreiben-mobiler-tisch-fuer-bett-couch-sofa\\\/#breadcrumb\"},\"inLanguage\":\"de\",\"potentialAction\":[{\"@type\":\"ReadAction\",\"target\":[\"https:\\\/\\\/marktxxl.de\\\/markt\\\/produkt\\\/acryl-betttablett-mit-griffen-53-3x30-5x22-9-cm-transparenter-laptop-staender-fuer-home-office-leichter-lesen-oder-schreiben-mobiler-tisch-fuer-bett-couch-sofa\\\/\"]}]},{\"@type\":\"ImageObject\",\"inLanguage\":\"de\",\"@id\":\"https:\\\/\\\/marktxxl.de\\\/markt\\\/produkt\\\/acryl-betttablett-mit-griffen-53-3x30-5x22-9-cm-transparenter-laptop-staender-fuer-home-office-leichter-lesen-oder-schreiben-mobiler-tisch-fuer-bett-couch-sofa\\\/#primaryimage\",\"url\":\"https:\\\/\\\/m.media-amazon.com\\\/images\\\/I\\\/31QjKY-135L._SL500_.jpg\",\"contentUrl\":\"https:\\\/\\\/m.media-amazon.com\\\/images\\\/I\\\/31QjKY-135L._SL500_.jpg\",\"width\":500,\"height\":500},{\"@type\":\"BreadcrumbList\",\"@id\":\"https:\\\/\\\/marktxxl.de\\\/markt\\\/produkt\\\/acryl-betttablett-mit-griffen-53-3x30-5x22-9-cm-transparenter-laptop-staender-fuer-home-office-leichter-lesen-oder-schreiben-mobiler-tisch-fuer-bett-couch-sofa\\\/#breadcrumb\",\"itemListElement\":[{\"@type\":\"ListItem\",\"position\":1,\"name\":\"Startseite\",\"item\":\"https:\\\/\\\/marktxxl.de\\\/markt\\\/\"},{\"@type\":\"ListItem\",\"position\":2,\"name\":\"Markt\",\"item\":\"https:\\\/\\\/marktxxl.de\\\/markt\\\/\"},{\"@type\":\"ListItem\",\"position\":3,\"name\":\"Acryl-Betttablett mit Griffen (53.3&#215;30.5&#215;22.9 cm) \u2013 transparenter Laptop-St\u00e4nder f\u00fcr Home Office, leichter, Lesen oder\u2026\"}]},{\"@type\":\"WebSite\",\"@id\":\"https:\\\/\\\/marktxxl.de\\\/markt\\\/#website\",\"url\":\"https:\\\/\\\/marktxxl.de\\\/markt\\\/\",\"name\":\"Markt-XXL\",\"description\":\"Ihr Markt Online\",\"publisher\":{\"@id\":\"https:\\\/\\\/marktxxl.de\\\/markt\\\/#organization\"},\"potentialAction\":[{\"@type\":\"SearchAction\",\"target\":{\"@type\":\"EntryPoint\",\"urlTemplate\":\"https:\\\/\\\/marktxxl.de\\\/markt\\\/?s={search_term_string}\"},\"query-input\":{\"@type\":\"PropertyValueSpecification\",\"valueRequired\":true,\"valueName\":\"search_term_string\"}}],\"inLanguage\":\"de\"},{\"@type\":\"Organization\",\"@id\":\"https:\\\/\\\/marktxxl.de\\\/markt\\\/#organization\",\"name\":\"Markt-XXL\",\"url\":\"https:\\\/\\\/marktxxl.de\\\/markt\\\/\",\"logo\":{\"@type\":\"ImageObject\",\"inLanguage\":\"de\",\"@id\":\"https:\\\/\\\/marktxxl.de\\\/markt\\\/#\\\/schema\\\/logo\\\/image\\\/\",\"url\":\"https:\\\/\\\/marktxxl.de\\\/markt\\\/wp-content\\\/uploads\\\/sites\\\/3\\\/2020\\\/12\\\/logo.png\",\"contentUrl\":\"https:\\\/\\\/marktxxl.de\\\/markt\\\/wp-content\\\/uploads\\\/sites\\\/3\\\/2020\\\/12\\\/logo.png\",\"width\":200,\"height\":70,\"caption\":\"Markt-XXL\"},\"image\":{\"@id\":\"https:\\\/\\\/marktxxl.de\\\/markt\\\/#\\\/schema\\\/logo\\\/image\\\/\"}}]}<\/script>\n<!-- \/ Yoast SEO plugin. -->","yoast_head_json":{"title":"Acryl-Betttablett mit Griffen (53.3x30.5x22.9 cm) \u2013 transparenter Laptop-St\u00e4nder f\u00fcr Home Office, leichter, Lesen oder\u2026 - Markt-XXL","description":"Markt-XXL Acryl-Betttablett mit Griffen (53.3x30.5x22.9 cm) \u2013 transparenter Laptop-St\u00e4nder f\u00fcr Home Office, leichter, Lesen oder\u2026","robots":{"index":"index","follow":"follow","max-snippet":"max-snippet:-1","max-image-preview":"max-image-preview:large","max-video-preview":"max-video-preview:-1"},"canonical":"https:\/\/marktxxl.de\/markt\/produkt\/acryl-betttablett-mit-griffen-53-3x30-5x22-9-cm-transparenter-laptop-staender-fuer-home-office-leichter-lesen-oder-schreiben-mobiler-tisch-fuer-bett-couch-sofa\/","og_locale":"de_DE","og_type":"article","og_title":"Acryl-Betttablett mit Griffen (53.3x30.5x22.9 cm) \u2013 transparenter Laptop-St\u00e4nder f\u00fcr Home Office, leichter, Lesen oder\u2026 - Markt-XXL","og_description":"Markt-XXL Acryl-Betttablett mit Griffen (53.3x30.5x22.9 cm) \u2013 transparenter Laptop-St\u00e4nder f\u00fcr Home Office, leichter, Lesen oder\u2026","og_url":"https:\/\/marktxxl.de\/markt\/produkt\/acryl-betttablett-mit-griffen-53-3x30-5x22-9-cm-transparenter-laptop-staender-fuer-home-office-leichter-lesen-oder-schreiben-mobiler-tisch-fuer-bett-couch-sofa\/","og_site_name":"Markt-XXL","article_modified_time":"2023-04-09T02:47:10+00:00","og_image":[{"width":500,"height":500,"url":"https:\/\/m.media-amazon.com\/images\/I\/31QjKY-135L._SL500_.jpg","type":"image\/jpeg"}],"twitter_card":"summary_large_image","twitter_misc":{"Gesch\u00e4tzte Lesezeit":"2\u00a0Minuten"},"schema":{"@context":"https:\/\/schema.org","@graph":[{"@type":"WebPage","@id":"https:\/\/marktxxl.de\/markt\/produkt\/acryl-betttablett-mit-griffen-53-3x30-5x22-9-cm-transparenter-laptop-staender-fuer-home-office-leichter-lesen-oder-schreiben-mobiler-tisch-fuer-bett-couch-sofa\/","url":"https:\/\/marktxxl.de\/markt\/produkt\/acryl-betttablett-mit-griffen-53-3x30-5x22-9-cm-transparenter-laptop-staender-fuer-home-office-leichter-lesen-oder-schreiben-mobiler-tisch-fuer-bett-couch-sofa\/","name":"Acryl-Betttablett mit Griffen (53.3x30.5x22.9 cm) \u2013 transparenter Laptop-St\u00e4nder f\u00fcr Home Office, leichter, Lesen oder\u2026 - Markt-XXL","isPartOf":{"@id":"https:\/\/marktxxl.de\/markt\/#website"},"primaryImageOfPage":{"@id":"https:\/\/marktxxl.de\/markt\/produkt\/acryl-betttablett-mit-griffen-53-3x30-5x22-9-cm-transparenter-laptop-staender-fuer-home-office-leichter-lesen-oder-schreiben-mobiler-tisch-fuer-bett-couch-sofa\/#primaryimage"},"image":{"@id":"https:\/\/marktxxl.de\/markt\/produkt\/acryl-betttablett-mit-griffen-53-3x30-5x22-9-cm-transparenter-laptop-staender-fuer-home-office-leichter-lesen-oder-schreiben-mobiler-tisch-fuer-bett-couch-sofa\/#primaryimage"},"thumbnailUrl":"https:\/\/m.media-amazon.com\/images\/I\/31QjKY-135L._SL500_.jpg","datePublished":"2022-12-11T08:16:39+00:00","dateModified":"2023-04-09T02:47:10+00:00","description":"Markt-XXL Acryl-Betttablett mit Griffen (53.3x30.5x22.9 cm) \u2013 transparenter Laptop-St\u00e4nder f\u00fcr Home Office, leichter, Lesen oder\u2026","breadcrumb":{"@id":"https:\/\/marktxxl.de\/markt\/produkt\/acryl-betttablett-mit-griffen-53-3x30-5x22-9-cm-transparenter-laptop-staender-fuer-home-office-leichter-lesen-oder-schreiben-mobiler-tisch-fuer-bett-couch-sofa\/#breadcrumb"},"inLanguage":"de","potentialAction":[{"@type":"ReadAction","target":["https:\/\/marktxxl.de\/markt\/produkt\/acryl-betttablett-mit-griffen-53-3x30-5x22-9-cm-transparenter-laptop-staender-fuer-home-office-leichter-lesen-oder-schreiben-mobiler-tisch-fuer-bett-couch-sofa\/"]}]},{"@type":"ImageObject","inLanguage":"de","@id":"https:\/\/marktxxl.de\/markt\/produkt\/acryl-betttablett-mit-griffen-53-3x30-5x22-9-cm-transparenter-laptop-staender-fuer-home-office-leichter-lesen-oder-schreiben-mobiler-tisch-fuer-bett-couch-sofa\/#primaryimage","url":"https:\/\/m.media-amazon.com\/images\/I\/31QjKY-135L._SL500_.jpg","contentUrl":"https:\/\/m.media-amazon.com\/images\/I\/31QjKY-135L._SL500_.jpg","width":500,"height":500},{"@type":"BreadcrumbList","@id":"https:\/\/marktxxl.de\/markt\/produkt\/acryl-betttablett-mit-griffen-53-3x30-5x22-9-cm-transparenter-laptop-staender-fuer-home-office-leichter-lesen-oder-schreiben-mobiler-tisch-fuer-bett-couch-sofa\/#breadcrumb","itemListElement":[{"@type":"ListItem","position":1,"name":"Startseite","item":"https:\/\/marktxxl.de\/markt\/"},{"@type":"ListItem","position":2,"name":"Markt","item":"https:\/\/marktxxl.de\/markt\/"},{"@type":"ListItem","position":3,"name":"Acryl-Betttablett mit Griffen (53.3&#215;30.5&#215;22.9 cm) \u2013 transparenter Laptop-St\u00e4nder f\u00fcr Home Office, leichter, Lesen oder\u2026"}]},{"@type":"WebSite","@id":"https:\/\/marktxxl.de\/markt\/#website","url":"https:\/\/marktxxl.de\/markt\/","name":"Markt-XXL","description":"Ihr Markt Online","publisher":{"@id":"https:\/\/marktxxl.de\/markt\/#organization"},"potentialAction":[{"@type":"SearchAction","target":{"@type":"EntryPoint","urlTemplate":"https:\/\/marktxxl.de\/markt\/?s={search_term_string}"},"query-input":{"@type":"PropertyValueSpecification","valueRequired":true,"valueName":"search_term_string"}}],"inLanguage":"de"},{"@type":"Organization","@id":"https:\/\/marktxxl.de\/markt\/#organization","name":"Markt-XXL","url":"https:\/\/marktxxl.de\/markt\/","logo":{"@type":"ImageObject","inLanguage":"de","@id":"https:\/\/marktxxl.de\/markt\/#\/schema\/logo\/image\/","url":"https:\/\/marktxxl.de\/markt\/wp-content\/uploads\/sites\/3\/2020\/12\/logo.png","contentUrl":"https:\/\/marktxxl.de\/markt\/wp-content\/uploads\/sites\/3\/2020\/12\/logo.png","width":200,"height":70,"caption":"Markt-XXL"},"image":{"@id":"https:\/\/marktxxl.de\/markt\/#\/schema\/logo\/image\/"}}]}},"_links":{"self":[{"href":"https:\/\/marktxxl.de\/markt\/wp-json\/wp\/v2\/product\/175355","targetHints":{"allow":["GET"]}}],"collection":[{"href":"https:\/\/marktxxl.de\/markt\/wp-json\/wp\/v2\/product"}],"about":[{"href":"https:\/\/marktxxl.de\/markt\/wp-json\/wp\/v2\/types\/product"}],"replies":[{"embeddable":true,"href":"https:\/\/marktxxl.de\/markt\/wp-json\/wp\/v2\/comments?post=175355"}],"wp:featuredmedia":[{"embeddable":true,"href":"https:\/\/marktxxl.de\/markt\/wp-json\/wp\/v2\/media\/175356"}],"wp:attachment":[{"href":"https:\/\/marktxxl.de\/markt\/wp-json\/wp\/v2\/media?parent=175355"}],"wp:term":[{"taxonomy":"product_brand","embeddable":true,"href":"https:\/\/marktxxl.de\/markt\/wp-json\/wp\/v2\/product_brand?post=175355"},{"taxonomy":"product_cat","embeddable":true,"href":"https:\/\/marktxxl.de\/markt\/wp-json\/wp\/v2\/product_cat?post=175355"},{"taxonomy":"product_tag","embeddable":true,"href":"https:\/\/marktxxl.de\/markt\/wp-json\/wp\/v2\/product_tag?post=175355"}],"curies":[{"name":"wp","href":"https:\/\/api.w.org\/{rel}","templated":true}]}}