{"id":175159,"date":"2022-12-11T08:47:13","date_gmt":"2022-12-11T07:47:13","guid":{"rendered":"https:\/\/marktxxl.de\/markt\/produkt\/freerider-co-babytragetuch-dehnbar-fuer-neugeborene-136-kg-hochwertiges-superweiches-tencelgewebe-zertifizierte-hueftgesunde-preisgekroente-ergonomische-tragetasche\/"},"modified":"2023-04-09T04:47:07","modified_gmt":"2023-04-09T02:47:07","slug":"freerider-co-babytragetuch-dehnbar-fuer-neugeborene-136-kg-hochwertiges-superweiches-tencelgewebe-zertifizierte-hueftgesunde-preisgekroente-ergonomische-tragetasche","status":"publish","type":"product","link":"https:\/\/marktxxl.de\/markt\/produkt\/freerider-co-babytragetuch-dehnbar-fuer-neugeborene-136-kg-hochwertiges-superweiches-tencelgewebe-zertifizierte-hueftgesunde-preisgekroente-ergonomische-tragetasche\/","title":{"rendered":"Freerider Co. Babytragetuch, dehnbar, f\u00fcr Neugeborene, 13,6 kg, hochwertiges superweiches Tencelgewebe, zertifizierte\u2026"},"content":{"rendered":"<p>\u2705 Preisgekr\u00f6ntes Design \u2013 2 x Gewinner der Mother &amp; Baby Awards &#8220;Best Baby Carrier&#8221;. Freerider Baby Slings wurden von Eltern als die beste Babytrage gew\u00e4hlt, die in 2019 und 2020 erh\u00e4ltlich ist.<br \/>\n\u2705 Nicht aus billiger Baumwolle\/Spandex hergestellt \u2013 Im Gegensatz zu anderen Tr\u00e4gern sind die dehnbaren Wraps von Freerider Co. aus 100% Tencel. Der hochwertigste Stoff f\u00fcr Babykleidung. Es ist super weich, leicht, atmungsaktiv und perfekt f\u00fcr empfindliche Neugeborenenenhaut. Nur das Beste f\u00fcr Sie und Ihr Baby. Au\u00dferdem ist es au\u00dfergew\u00f6hnlich nachhaltig.<br \/>\n\u2705 ZERTIFIZIERT &#8216;Hip Healthy&#8217; &#8211; Das internationale Hip Dysplasia Institut zertifizierte Freerider Baby Traget\u00fccher als Hip-Healthy Produkte f\u00fcr Ihr Neugeborenes. Sorgt f\u00fcr eine sichere Entwicklung der H\u00fcftgelenke. Sie sind auch sicherheitsgepr\u00fcft nach UK\/EU-Sicherheitsstandard BS EN. 13209-2:2005, damit Sie wissen, dass Ihr Baby sicher in einem Freerider Sling ist.<br \/>\n\u2705 H\u00c4NDE FREI &#8211; Haben Sie Ihre H\u00e4nde frei, um die Dinge wieder mit Ihrem Neugeborenen zu erledigen. Haushaltsarbeiten, Kaffee mit Freunden oder sogar Spazierg\u00e4nge mit dem Hund, alles ohne Ihr Kind abzulegen. Au\u00dferdem weinen getragene Babys 43% weniger.<br \/>\n\u2705 Wie getragen von Prominenten wie dem Body Coach, Sarah&#8217;s Tag und mehr. Freerider ist die erste Wahl f\u00fcr Ihr Baby-Tragetuch. Erh\u00e4ltlich in Drucken und neutralen Farben. Qualit\u00e4t von Freerider Co.<br \/>\n<div class=\"main-cross-sell\" data-asin=\"B09W9XFS3W\">\n\n\t<div class=\"WooZone-cross-sell-loader\">\n\t\t<div>\n\t\t\t<div id=\"floatingBarsG\">\n\t\t\t\t<div class=\"blockG\" id=\"rotateG_01\"><\/div>\n\t\t\t\t<div class=\"blockG\" id=\"rotateG_02\"><\/div>\n\t\t\t\t<div class=\"blockG\" id=\"rotateG_03\"><\/div>\n\t\t\t\t<div class=\"blockG\" id=\"rotateG_04\"><\/div>\n\t\t\t\t<div class=\"blockG\" id=\"rotateG_05\"><\/div>\n\t\t\t\t<div class=\"blockG\" id=\"rotateG_06\"><\/div>\n\t\t\t\t<div class=\"blockG\" id=\"rotateG_07\"><\/div>\n\t\t\t\t<div class=\"blockG\" id=\"rotateG_08\"><\/div>\n\t\t\t<\/div>\n\t\t\t<div class=\"WooZone-cross-sell-loader-text\"><\/div>\n\t\t<\/div>\n\t<\/div>\n\n\t\t\n<\/div>\n<div style=\"clear:both;\"><\/div><\/p>\n","protected":false},"excerpt":{"rendered":"<p>\u2705 Preisgekr\u00f6ntes Design \u2013 2 x Gewinner der Mother &amp; Baby Awards &#8220;Best Baby Carrier&#8221;. Freerider Baby Slings wurden von Eltern als die beste Babytrage gew\u00e4hlt, die in 2019 und 2020 erh\u00e4ltlich ist.<br \/>\n\u2705 Nicht aus billiger Baumwolle\/Spandex hergestellt \u2013 Im Gegensatz zu anderen Tr\u00e4gern sind die dehnbaren Wraps von Freerider Co. aus 100% Tencel. Der hochwertigste Stoff f\u00fcr Babykleidung. Es ist super weich, leicht, atmungsaktiv und perfekt f\u00fcr empfindliche Neugeborenenenhaut. Nur das Beste f\u00fcr Sie und Ihr Baby. Au\u00dferdem ist es au\u00dfergew\u00f6hnlich nachhaltig.<br \/>\n\u2705 ZERTIFIZIERT &#8216;Hip Healthy&#8217; &#8211; Das internationale Hip Dysplasia Institut zertifizierte Freerider Baby Traget\u00fccher als Hip-Healthy Produkte f\u00fcr Ihr Neugeborenes. Sorgt f\u00fcr eine sichere Entwicklung der H\u00fcftgelenke. Sie sind auch sicherheitsgepr\u00fcft nach UK\/EU-Sicherheitsstandard BS EN. 13209-2:2005, damit Sie wissen, dass Ihr Baby sicher in einem Freerider Sling ist.<\/p>\n","protected":false},"featured_media":175160,"comment_status":"open","ping_status":"closed","template":"","meta":[],"product_brand":[],"product_cat":[21,9074],"product_tag":[],"class_list":{"0":"post-175159","1":"product","2":"type-product","3":"status-publish","4":"has-post-thumbnail","6":"product_cat-baby","7":"product_cat-babytragen-baby","8":"pa_brand-freerider-co","9":"pa_manufacturer-freerider-co","11":"first","12":"instock","13":"shipping-taxable","14":"purchasable","15":"product-type-simple","16":"customify-col","17":"product-has-gallery"},"yoast_head":"<!-- This site is optimized with the Yoast SEO plugin v27.4 - https:\/\/yoast.com\/product\/yoast-seo-wordpress\/ -->\n<title>Freerider Co. Babytragetuch, dehnbar, f\u00fcr Neugeborene, 13,6 kg, hochwertiges superweiches Tencelgewebe, zertifizierte\u2026 - Markt-XXL<\/title>\n<meta name=\"description\" content=\"Markt-XXL Freerider Co. Babytragetuch, dehnbar, f\u00fcr Neugeborene, 13,6 kg, hochwertiges superweiches Tencelgewebe, zertifizierte\u2026\" \/>\n<meta name=\"robots\" content=\"index, follow, max-snippet:-1, max-image-preview:large, max-video-preview:-1\" \/>\n<link rel=\"canonical\" href=\"https:\/\/marktxxl.de\/markt\/produkt\/freerider-co-babytragetuch-dehnbar-fuer-neugeborene-136-kg-hochwertiges-superweiches-tencelgewebe-zertifizierte-hueftgesunde-preisgekroente-ergonomische-tragetasche\/\" \/>\n<meta property=\"og:locale\" content=\"de_DE\" \/>\n<meta property=\"og:type\" content=\"article\" \/>\n<meta property=\"og:title\" content=\"Freerider Co. Babytragetuch, dehnbar, f\u00fcr Neugeborene, 13,6 kg, hochwertiges superweiches Tencelgewebe, zertifizierte\u2026 - Markt-XXL\" \/>\n<meta property=\"og:description\" content=\"Markt-XXL Freerider Co. Babytragetuch, dehnbar, f\u00fcr Neugeborene, 13,6 kg, hochwertiges superweiches Tencelgewebe, zertifizierte\u2026\" \/>\n<meta property=\"og:url\" content=\"https:\/\/marktxxl.de\/markt\/produkt\/freerider-co-babytragetuch-dehnbar-fuer-neugeborene-136-kg-hochwertiges-superweiches-tencelgewebe-zertifizierte-hueftgesunde-preisgekroente-ergonomische-tragetasche\/\" \/>\n<meta property=\"og:site_name\" content=\"Markt-XXL\" \/>\n<meta property=\"article:modified_time\" content=\"2023-04-09T02:47:07+00:00\" \/>\n<meta property=\"og:image\" content=\"https:\/\/m.media-amazon.com\/images\/I\/41M6uxUWplL._SL500_.jpg\" \/>\n\t<meta property=\"og:image:width\" content=\"500\" \/>\n\t<meta property=\"og:image:height\" content=\"500\" \/>\n\t<meta property=\"og:image:type\" content=\"image\/jpeg\" \/>\n<meta name=\"twitter:card\" content=\"summary_large_image\" \/>\n<meta name=\"twitter:label1\" content=\"Gesch\u00e4tzte Lesezeit\" \/>\n\t<meta name=\"twitter:data1\" content=\"1\u00a0Minute\" \/>\n<script type=\"application\/ld+json\" class=\"yoast-schema-graph\">{\"@context\":\"https:\\\/\\\/schema.org\",\"@graph\":[{\"@type\":\"WebPage\",\"@id\":\"https:\\\/\\\/marktxxl.de\\\/markt\\\/produkt\\\/freerider-co-babytragetuch-dehnbar-fuer-neugeborene-136-kg-hochwertiges-superweiches-tencelgewebe-zertifizierte-hueftgesunde-preisgekroente-ergonomische-tragetasche\\\/\",\"url\":\"https:\\\/\\\/marktxxl.de\\\/markt\\\/produkt\\\/freerider-co-babytragetuch-dehnbar-fuer-neugeborene-136-kg-hochwertiges-superweiches-tencelgewebe-zertifizierte-hueftgesunde-preisgekroente-ergonomische-tragetasche\\\/\",\"name\":\"Freerider Co. Babytragetuch, dehnbar, f\u00fcr Neugeborene, 13,6 kg, hochwertiges superweiches Tencelgewebe, zertifizierte\u2026 - Markt-XXL\",\"isPartOf\":{\"@id\":\"https:\\\/\\\/marktxxl.de\\\/markt\\\/#website\"},\"primaryImageOfPage\":{\"@id\":\"https:\\\/\\\/marktxxl.de\\\/markt\\\/produkt\\\/freerider-co-babytragetuch-dehnbar-fuer-neugeborene-136-kg-hochwertiges-superweiches-tencelgewebe-zertifizierte-hueftgesunde-preisgekroente-ergonomische-tragetasche\\\/#primaryimage\"},\"image\":{\"@id\":\"https:\\\/\\\/marktxxl.de\\\/markt\\\/produkt\\\/freerider-co-babytragetuch-dehnbar-fuer-neugeborene-136-kg-hochwertiges-superweiches-tencelgewebe-zertifizierte-hueftgesunde-preisgekroente-ergonomische-tragetasche\\\/#primaryimage\"},\"thumbnailUrl\":\"https:\\\/\\\/m.media-amazon.com\\\/images\\\/I\\\/41M6uxUWplL._SL500_.jpg\",\"datePublished\":\"2022-12-11T07:47:13+00:00\",\"dateModified\":\"2023-04-09T02:47:07+00:00\",\"description\":\"Markt-XXL Freerider Co. Babytragetuch, dehnbar, f\u00fcr Neugeborene, 13,6 kg, hochwertiges superweiches Tencelgewebe, zertifizierte\u2026\",\"breadcrumb\":{\"@id\":\"https:\\\/\\\/marktxxl.de\\\/markt\\\/produkt\\\/freerider-co-babytragetuch-dehnbar-fuer-neugeborene-136-kg-hochwertiges-superweiches-tencelgewebe-zertifizierte-hueftgesunde-preisgekroente-ergonomische-tragetasche\\\/#breadcrumb\"},\"inLanguage\":\"de\",\"potentialAction\":[{\"@type\":\"ReadAction\",\"target\":[\"https:\\\/\\\/marktxxl.de\\\/markt\\\/produkt\\\/freerider-co-babytragetuch-dehnbar-fuer-neugeborene-136-kg-hochwertiges-superweiches-tencelgewebe-zertifizierte-hueftgesunde-preisgekroente-ergonomische-tragetasche\\\/\"]}]},{\"@type\":\"ImageObject\",\"inLanguage\":\"de\",\"@id\":\"https:\\\/\\\/marktxxl.de\\\/markt\\\/produkt\\\/freerider-co-babytragetuch-dehnbar-fuer-neugeborene-136-kg-hochwertiges-superweiches-tencelgewebe-zertifizierte-hueftgesunde-preisgekroente-ergonomische-tragetasche\\\/#primaryimage\",\"url\":\"https:\\\/\\\/m.media-amazon.com\\\/images\\\/I\\\/41M6uxUWplL._SL500_.jpg\",\"contentUrl\":\"https:\\\/\\\/m.media-amazon.com\\\/images\\\/I\\\/41M6uxUWplL._SL500_.jpg\",\"width\":500,\"height\":500},{\"@type\":\"BreadcrumbList\",\"@id\":\"https:\\\/\\\/marktxxl.de\\\/markt\\\/produkt\\\/freerider-co-babytragetuch-dehnbar-fuer-neugeborene-136-kg-hochwertiges-superweiches-tencelgewebe-zertifizierte-hueftgesunde-preisgekroente-ergonomische-tragetasche\\\/#breadcrumb\",\"itemListElement\":[{\"@type\":\"ListItem\",\"position\":1,\"name\":\"Startseite\",\"item\":\"https:\\\/\\\/marktxxl.de\\\/markt\\\/\"},{\"@type\":\"ListItem\",\"position\":2,\"name\":\"Markt\",\"item\":\"https:\\\/\\\/marktxxl.de\\\/markt\\\/\"},{\"@type\":\"ListItem\",\"position\":3,\"name\":\"Freerider Co. Babytragetuch, dehnbar, f\u00fcr Neugeborene, 13,6 kg, hochwertiges superweiches Tencelgewebe, zertifizierte\u2026\"}]},{\"@type\":\"WebSite\",\"@id\":\"https:\\\/\\\/marktxxl.de\\\/markt\\\/#website\",\"url\":\"https:\\\/\\\/marktxxl.de\\\/markt\\\/\",\"name\":\"Markt-XXL\",\"description\":\"Ihr Markt Online\",\"publisher\":{\"@id\":\"https:\\\/\\\/marktxxl.de\\\/markt\\\/#organization\"},\"potentialAction\":[{\"@type\":\"SearchAction\",\"target\":{\"@type\":\"EntryPoint\",\"urlTemplate\":\"https:\\\/\\\/marktxxl.de\\\/markt\\\/?s={search_term_string}\"},\"query-input\":{\"@type\":\"PropertyValueSpecification\",\"valueRequired\":true,\"valueName\":\"search_term_string\"}}],\"inLanguage\":\"de\"},{\"@type\":\"Organization\",\"@id\":\"https:\\\/\\\/marktxxl.de\\\/markt\\\/#organization\",\"name\":\"Markt-XXL\",\"url\":\"https:\\\/\\\/marktxxl.de\\\/markt\\\/\",\"logo\":{\"@type\":\"ImageObject\",\"inLanguage\":\"de\",\"@id\":\"https:\\\/\\\/marktxxl.de\\\/markt\\\/#\\\/schema\\\/logo\\\/image\\\/\",\"url\":\"https:\\\/\\\/marktxxl.de\\\/markt\\\/wp-content\\\/uploads\\\/sites\\\/3\\\/2020\\\/12\\\/logo.png\",\"contentUrl\":\"https:\\\/\\\/marktxxl.de\\\/markt\\\/wp-content\\\/uploads\\\/sites\\\/3\\\/2020\\\/12\\\/logo.png\",\"width\":200,\"height\":70,\"caption\":\"Markt-XXL\"},\"image\":{\"@id\":\"https:\\\/\\\/marktxxl.de\\\/markt\\\/#\\\/schema\\\/logo\\\/image\\\/\"}}]}<\/script>\n<!-- \/ Yoast SEO plugin. -->","yoast_head_json":{"title":"Freerider Co. Babytragetuch, dehnbar, f\u00fcr Neugeborene, 13,6 kg, hochwertiges superweiches Tencelgewebe, zertifizierte\u2026 - Markt-XXL","description":"Markt-XXL Freerider Co. Babytragetuch, dehnbar, f\u00fcr Neugeborene, 13,6 kg, hochwertiges superweiches Tencelgewebe, zertifizierte\u2026","robots":{"index":"index","follow":"follow","max-snippet":"max-snippet:-1","max-image-preview":"max-image-preview:large","max-video-preview":"max-video-preview:-1"},"canonical":"https:\/\/marktxxl.de\/markt\/produkt\/freerider-co-babytragetuch-dehnbar-fuer-neugeborene-136-kg-hochwertiges-superweiches-tencelgewebe-zertifizierte-hueftgesunde-preisgekroente-ergonomische-tragetasche\/","og_locale":"de_DE","og_type":"article","og_title":"Freerider Co. Babytragetuch, dehnbar, f\u00fcr Neugeborene, 13,6 kg, hochwertiges superweiches Tencelgewebe, zertifizierte\u2026 - Markt-XXL","og_description":"Markt-XXL Freerider Co. Babytragetuch, dehnbar, f\u00fcr Neugeborene, 13,6 kg, hochwertiges superweiches Tencelgewebe, zertifizierte\u2026","og_url":"https:\/\/marktxxl.de\/markt\/produkt\/freerider-co-babytragetuch-dehnbar-fuer-neugeborene-136-kg-hochwertiges-superweiches-tencelgewebe-zertifizierte-hueftgesunde-preisgekroente-ergonomische-tragetasche\/","og_site_name":"Markt-XXL","article_modified_time":"2023-04-09T02:47:07+00:00","og_image":[{"width":500,"height":500,"url":"https:\/\/m.media-amazon.com\/images\/I\/41M6uxUWplL._SL500_.jpg","type":"image\/jpeg"}],"twitter_card":"summary_large_image","twitter_misc":{"Gesch\u00e4tzte Lesezeit":"1\u00a0Minute"},"schema":{"@context":"https:\/\/schema.org","@graph":[{"@type":"WebPage","@id":"https:\/\/marktxxl.de\/markt\/produkt\/freerider-co-babytragetuch-dehnbar-fuer-neugeborene-136-kg-hochwertiges-superweiches-tencelgewebe-zertifizierte-hueftgesunde-preisgekroente-ergonomische-tragetasche\/","url":"https:\/\/marktxxl.de\/markt\/produkt\/freerider-co-babytragetuch-dehnbar-fuer-neugeborene-136-kg-hochwertiges-superweiches-tencelgewebe-zertifizierte-hueftgesunde-preisgekroente-ergonomische-tragetasche\/","name":"Freerider Co. Babytragetuch, dehnbar, f\u00fcr Neugeborene, 13,6 kg, hochwertiges superweiches Tencelgewebe, zertifizierte\u2026 - Markt-XXL","isPartOf":{"@id":"https:\/\/marktxxl.de\/markt\/#website"},"primaryImageOfPage":{"@id":"https:\/\/marktxxl.de\/markt\/produkt\/freerider-co-babytragetuch-dehnbar-fuer-neugeborene-136-kg-hochwertiges-superweiches-tencelgewebe-zertifizierte-hueftgesunde-preisgekroente-ergonomische-tragetasche\/#primaryimage"},"image":{"@id":"https:\/\/marktxxl.de\/markt\/produkt\/freerider-co-babytragetuch-dehnbar-fuer-neugeborene-136-kg-hochwertiges-superweiches-tencelgewebe-zertifizierte-hueftgesunde-preisgekroente-ergonomische-tragetasche\/#primaryimage"},"thumbnailUrl":"https:\/\/m.media-amazon.com\/images\/I\/41M6uxUWplL._SL500_.jpg","datePublished":"2022-12-11T07:47:13+00:00","dateModified":"2023-04-09T02:47:07+00:00","description":"Markt-XXL Freerider Co. Babytragetuch, dehnbar, f\u00fcr Neugeborene, 13,6 kg, hochwertiges superweiches Tencelgewebe, zertifizierte\u2026","breadcrumb":{"@id":"https:\/\/marktxxl.de\/markt\/produkt\/freerider-co-babytragetuch-dehnbar-fuer-neugeborene-136-kg-hochwertiges-superweiches-tencelgewebe-zertifizierte-hueftgesunde-preisgekroente-ergonomische-tragetasche\/#breadcrumb"},"inLanguage":"de","potentialAction":[{"@type":"ReadAction","target":["https:\/\/marktxxl.de\/markt\/produkt\/freerider-co-babytragetuch-dehnbar-fuer-neugeborene-136-kg-hochwertiges-superweiches-tencelgewebe-zertifizierte-hueftgesunde-preisgekroente-ergonomische-tragetasche\/"]}]},{"@type":"ImageObject","inLanguage":"de","@id":"https:\/\/marktxxl.de\/markt\/produkt\/freerider-co-babytragetuch-dehnbar-fuer-neugeborene-136-kg-hochwertiges-superweiches-tencelgewebe-zertifizierte-hueftgesunde-preisgekroente-ergonomische-tragetasche\/#primaryimage","url":"https:\/\/m.media-amazon.com\/images\/I\/41M6uxUWplL._SL500_.jpg","contentUrl":"https:\/\/m.media-amazon.com\/images\/I\/41M6uxUWplL._SL500_.jpg","width":500,"height":500},{"@type":"BreadcrumbList","@id":"https:\/\/marktxxl.de\/markt\/produkt\/freerider-co-babytragetuch-dehnbar-fuer-neugeborene-136-kg-hochwertiges-superweiches-tencelgewebe-zertifizierte-hueftgesunde-preisgekroente-ergonomische-tragetasche\/#breadcrumb","itemListElement":[{"@type":"ListItem","position":1,"name":"Startseite","item":"https:\/\/marktxxl.de\/markt\/"},{"@type":"ListItem","position":2,"name":"Markt","item":"https:\/\/marktxxl.de\/markt\/"},{"@type":"ListItem","position":3,"name":"Freerider Co. Babytragetuch, dehnbar, f\u00fcr Neugeborene, 13,6 kg, hochwertiges superweiches Tencelgewebe, zertifizierte\u2026"}]},{"@type":"WebSite","@id":"https:\/\/marktxxl.de\/markt\/#website","url":"https:\/\/marktxxl.de\/markt\/","name":"Markt-XXL","description":"Ihr Markt Online","publisher":{"@id":"https:\/\/marktxxl.de\/markt\/#organization"},"potentialAction":[{"@type":"SearchAction","target":{"@type":"EntryPoint","urlTemplate":"https:\/\/marktxxl.de\/markt\/?s={search_term_string}"},"query-input":{"@type":"PropertyValueSpecification","valueRequired":true,"valueName":"search_term_string"}}],"inLanguage":"de"},{"@type":"Organization","@id":"https:\/\/marktxxl.de\/markt\/#organization","name":"Markt-XXL","url":"https:\/\/marktxxl.de\/markt\/","logo":{"@type":"ImageObject","inLanguage":"de","@id":"https:\/\/marktxxl.de\/markt\/#\/schema\/logo\/image\/","url":"https:\/\/marktxxl.de\/markt\/wp-content\/uploads\/sites\/3\/2020\/12\/logo.png","contentUrl":"https:\/\/marktxxl.de\/markt\/wp-content\/uploads\/sites\/3\/2020\/12\/logo.png","width":200,"height":70,"caption":"Markt-XXL"},"image":{"@id":"https:\/\/marktxxl.de\/markt\/#\/schema\/logo\/image\/"}}]}},"_links":{"self":[{"href":"https:\/\/marktxxl.de\/markt\/wp-json\/wp\/v2\/product\/175159","targetHints":{"allow":["GET"]}}],"collection":[{"href":"https:\/\/marktxxl.de\/markt\/wp-json\/wp\/v2\/product"}],"about":[{"href":"https:\/\/marktxxl.de\/markt\/wp-json\/wp\/v2\/types\/product"}],"replies":[{"embeddable":true,"href":"https:\/\/marktxxl.de\/markt\/wp-json\/wp\/v2\/comments?post=175159"}],"wp:featuredmedia":[{"embeddable":true,"href":"https:\/\/marktxxl.de\/markt\/wp-json\/wp\/v2\/media\/175160"}],"wp:attachment":[{"href":"https:\/\/marktxxl.de\/markt\/wp-json\/wp\/v2\/media?parent=175159"}],"wp:term":[{"taxonomy":"product_brand","embeddable":true,"href":"https:\/\/marktxxl.de\/markt\/wp-json\/wp\/v2\/product_brand?post=175159"},{"taxonomy":"product_cat","embeddable":true,"href":"https:\/\/marktxxl.de\/markt\/wp-json\/wp\/v2\/product_cat?post=175159"},{"taxonomy":"product_tag","embeddable":true,"href":"https:\/\/marktxxl.de\/markt\/wp-json\/wp\/v2\/product_tag?post=175159"}],"curies":[{"name":"wp","href":"https:\/\/api.w.org\/{rel}","templated":true}]}}